{"id":169570,"date":"2024-08-13T16:31:28","date_gmt":"2024-08-13T14:31:28","guid":{"rendered":"https:\/\/ueberlebenskunst.at\/survivalshop\/?post_type=product&#038;p=169570"},"modified":"2026-04-17T22:21:06","modified_gmt":"2026-04-17T20:21:06","slug":"pfeilhalter-fuer-einzelschuss-armbrust","status":"publish","type":"product","link":"https:\/\/ueberlebenskunst.at\/survivalshop\/shop\/pfeilhalter-fuer-einzelschuss-armbrust\/","title":{"rendered":"Pfeilhalter f\u00fcr Einzelschuss Armbrust"},"content":{"rendered":"<p>Optimiere deine Schussfolge mit unserem speziell entwickelten Pfeilhalter f\u00fcr Einzelschuss-Armbr\u00fcste. Dieser Halter wurde so konzipiert, dass du deine Pfeile schnell und unkompliziert greifen und nachladen kannst.<\/p>\n<p>Unser Pfeilhalter bietet Platz f\u00fcr bis zu 8 Pfeile mit einem Schaftdurchmesser von 6,2 mm. Das clevere Design erm\u00f6glicht es dir, Pfeile blitzschnell zu greifen und sofort nachzuladen. So bleibt keine Zeit f\u00fcr unn\u00f6tige Unterbrechungen. Dank der beidseitigen Montagem\u00f6glichkeit ist der Halter sowohl f\u00fcr Links- als auch f\u00fcr Rechtsh\u00e4nder perfekt geeignet.<\/p>\n<h3><strong>In diesen Varianten erh\u00e4ltlich:<\/strong><\/h3>\n<ul>\n<li>horizontal<\/li>\n<li>vertikal<\/li>\n<\/ul>\n<h3><strong>Eigenschaften:<\/strong><\/h3>\n<ul>\n<li><strong>Kapazit\u00e4t:<\/strong> H\u00e4lt bis zu 8 Pfeile sicher und griffbereit.<\/li>\n<li><strong>Kompatibilit\u00e4t:<\/strong> Geeignet f\u00fcr Pfeile mit einem Schaftdurchmesser von 6,2 mm.<\/li>\n<li><strong>Schnelles Nachladen:<\/strong> Die Pfeile sind optimal positioniert, um den Nachladevorgang zu beschleunigen.<\/li>\n<li><strong>Vielseitige Montage:<\/strong> Kann auf beiden Seiten der Armbrust montiert werden \u2013 ideal f\u00fcr Links- und Rechtsh\u00e4nder.<\/li>\n<\/ul>\n<h3><strong>Passend f\u00fcr alle g\u00e4ngigen Pfeile wie:<\/strong><\/h3>\n<ul>\n<li><a href=\"https:\/\/ueberlebenskunst.at\/survivalshop\/produkt-schlagwort\/boltzmaster\/\" target=\"_blank\" rel=\"noopener\">Boltzmaster Bolzen<\/a><\/li>\n<li><a href=\"https:\/\/ueberlebenskunst.at\/survivalshop\/shop\/aluminiumpfeile-6-fuer-pistolenarmbrust\/\" target=\"_blank\" rel=\"noopener\">\u00dcbungsbolzen f\u00fcr Pistolenarmbr\u00fcste<\/a><\/li>\n<li><a href=\"https:\/\/ueberlebenskunst.at\/survivalshop\/shop\/ek-armbrust-bolzen-fuer-pistolenarmbrueste\/\" target=\"_blank\" rel=\"noopener\">EK Armbrust Bolzen f\u00fcr Pistolenarmbr\u00fcst<\/a><\/li>\n<li><a href=\"https:\/\/ueberlebenskunst.at\/survivalshop\/shop\/ek-vlad-bolzen\/\" target=\"_blank\" rel=\"noopener\">EK Vlad Bolzen<\/a><\/li>\n<li><a href=\"https:\/\/ueberlebenskunst.at\/survivalshop\/kategorie\/pfeil-kugel\/pfeile-bolzen\/steambow-pfeile-bolzen\/\" target=\"_blank\" rel=\"noopener\">Alle Steambow Stinger Bolzen<\/a><\/li>\n<\/ul>\n<p>Achtung! Dieser Pfeilhalter bietet keinen Schutz vor den scharfen Klingen bei Broadheads!<\/p>\n<h3><strong>Passt auf:<\/strong><\/h3>\n<ul>\n<li>21 mm Picatinny Schienen<\/li>\n<li><a href=\"https:\/\/ueberlebenskunst.at\/survivalshop\/shop\/steambow-stinger2-ar6-survival\/\" target=\"_blank\" rel=\"noopener\">Steambow Stinger Armbust<\/a><\/li>\n<li><a href=\"https:\/\/ueberlebenskunst.at\/survivalshop\/shop\/man-kung-alligator-recurve-pistol-crossbow\/\" target=\"_blank\" rel=\"noopener\">Alligator Pistolen-Armbrust mit Anschlagschaft<\/a><\/li>\n<li>Redback Pistolenarmbrust<\/li>\n<\/ul>\n<h3><strong>Produktdaten:<\/strong><\/h3>\n<ul>\n<li>Gewicht: 40 g<\/li>\n<li>Abmessungen: 28 x 32 x 83 mm<\/li>\n<\/ul>\n<h3><strong>Lieferumfang:<\/strong><\/h3>\n<ul>\n<li>Pfeilhalter 2teilig<\/li>\n<li>Montagematerial<\/li>\n<li><strong>ACHTUNG:<\/strong> auf den Produktbildern befindet sich optionales Zubeh\u00f6r, das im Lieferumfang NICHT enthalten ist.<\/li>\n<\/ul>\n<h3>Bedienungs- &amp; Pflegeanleitung:<\/h3>\n<ul>\n<li>Die Reinigung mit Wasser\u00a0 ist m\u00f6glich.<\/li>\n<li>Du solltest das Produkt nicht direkt in die N\u00e4he von Feuer oder anderen Hitzequellen legen!<\/li>\n<li>Wird dieses Produkt \u00fcber l\u00e4ngere Zeit sehr kalten Temperaturen unter 0 \u00b0C ausgesetzt, solltest du<br \/>\nin dem Moment darauf achten, dass keine starken Belastungen darauf einwirken.<\/li>\n<\/ul>\n<p><strong>Unsere Produkte sind nicht f\u00fcr Kinder unter 3 Jahren geeignet. Es besteht Verschluckungsgefahr.<\/strong><\/p>\n<p><strong><a href=\"https:\/\/ueberlebenskunst.at\/survivalshop\/wp-content\/uploads\/2021\/11\/Logo_Kinder.png\"><img decoding=\"async\" class=\"alignnone wp-image-179571\" src=\"https:\/\/ueberlebenskunst.at\/survivalshop\/wp-content\/uploads\/2021\/11\/Logo_Kinder-300x126.png\" alt=\"\" width=\"191\" height=\"80\" srcset=\"https:\/\/ueberlebenskunst.at\/survivalshop\/wp-content\/uploads\/2021\/11\/Logo_Kinder-300x126.png 300w, https:\/\/ueberlebenskunst.at\/survivalshop\/wp-content\/uploads\/2021\/11\/Logo_Kinder-64x27.png 64w, https:\/\/ueberlebenskunst.at\/survivalshop\/wp-content\/uploads\/2021\/11\/Logo_Kinder.png 401w\" sizes=\"(max-width: 191px) 100vw, 191px\" \/><\/a><\/strong><\/p>\n","protected":false},"excerpt":{"rendered":"<p>Optimiere deine Schussfolge mit unserem speziell entwickelten Pfeilhalter f\u00fcr Einzelschuss-Armbr\u00fcste. Dieser Halter wurde so konzipiert, dass du deine Pfeile schnell und unkompliziert greifen und nachladen kannst. Unser Pfeilhalter bietet Platz f\u00fcr bis zu 8 Pfeile mit einem Schaftdurchmesser von 6,2 mm. Das clevere Design erm\u00f6glicht es dir, Pfeile blitzschnell zu greifen und sofort nachzuladen. So [&hellip;]<\/p>\n","protected":false},"featured_media":171240,"comment_status":"open","ping_status":"closed","template":"","meta":{"_acf_changed":false},"product_brand":[],"product_cat":[1920,1898,1897,1772,1919,1768,1893],"product_tag":[1746,851,1464,1230,826],"class_list":{"0":"post-169570","1":"product","2":"type-product","3":"status-publish","4":"has-post-thumbnail","6":"product_cat-boltzmaster","7":"product_cat-hori-zone","8":"product_cat-man-kung-alligator-bogensport-pfeil-kugel","9":"product_cat-man-kung-alligator","10":"product_cat-steambow-pfeile-bolzen","11":"product_cat-steambow-stinger","12":"product_cat-steambow-stinger-bogensport-pfeil-kugel","13":"product_tag-alligator","14":"product_tag-alligator-armbrust","15":"product_tag-pfeilhalter","16":"product_tag-pfeilkoecher","17":"product_tag-steambow-stinger","19":"first","20":"instock","21":"taxable","22":"shipping-taxable","23":"purchasable","24":"product-type-variable","25":"has-default-attributes"},"acf":[],"yoast_head":"<!-- This site is optimized with the Yoast SEO plugin v27.1.1 - https:\/\/yoast.com\/product\/yoast-seo-wordpress\/ -->\n<title>Pfeilhalter f\u00fcr Einzelschuss Armbrust - Reini Rossmann - Survival Shop<\/title>\n<meta name=\"robots\" content=\"index, follow, max-snippet:-1, max-image-preview:large, max-video-preview:-1\" \/>\n<link rel=\"canonical\" href=\"https:\/\/ueberlebenskunst.at\/survivalshop\/shop\/pfeilhalter-fuer-einzelschuss-armbrust\/\" \/>\n<meta property=\"og:locale\" content=\"de_DE\" \/>\n<meta property=\"og:type\" content=\"article\" \/>\n<meta property=\"og:title\" content=\"Pfeilhalter f\u00fcr Einzelschuss Armbrust - Reini Rossmann - Survival Shop\" \/>\n<meta property=\"og:description\" content=\"Optimiere deine Schussfolge mit unserem speziell entwickelten Pfeilhalter f\u00fcr Einzelschuss-Armbr\u00fcste. Dieser Halter wurde so konzipiert, dass du deine Pfeile schnell und unkompliziert greifen und nachladen kannst. Unser Pfeilhalter bietet Platz f\u00fcr bis zu 8 Pfeile mit einem Schaftdurchmesser von 6,2 mm. Das clevere Design erm\u00f6glicht es dir, Pfeile blitzschnell zu greifen und sofort nachzuladen. So [&hellip;]\" \/>\n<meta property=\"og:url\" content=\"https:\/\/ueberlebenskunst.at\/survivalshop\/shop\/pfeilhalter-fuer-einzelschuss-armbrust\/\" \/>\n<meta property=\"og:site_name\" content=\"Reini Rossmann - Survival Shop\" \/>\n<meta property=\"article:publisher\" content=\"https:\/\/www.facebook.com\/survival24.org\/\" \/>\n<meta property=\"article:modified_time\" content=\"2026-04-17T20:21:06+00:00\" \/>\n<meta property=\"og:image\" content=\"https:\/\/ueberlebenskunst.at\/survivalshop\/wp-content\/uploads\/2024\/08\/Pfeilhalter_Einzelschuss_Armbrust_PFH8FS_front_sk.jpg\" \/>\n\t<meta property=\"og:image:width\" content=\"400\" \/>\n\t<meta property=\"og:image:height\" content=\"400\" \/>\n\t<meta property=\"og:image:type\" content=\"image\/jpeg\" \/>\n<meta name=\"twitter:card\" content=\"summary_large_image\" \/>\n<meta name=\"twitter:label1\" content=\"Gesch\u00e4tzte Lesezeit\" \/>\n\t<meta name=\"twitter:data1\" content=\"2\u00a0Minuten\" \/>\n<script type=\"application\/ld+json\" class=\"yoast-schema-graph\">{\"@context\":\"https:\/\/schema.org\",\"@graph\":[{\"@type\":\"WebPage\",\"@id\":\"https:\/\/ueberlebenskunst.at\/survivalshop\/shop\/pfeilhalter-fuer-einzelschuss-armbrust\/\",\"url\":\"https:\/\/ueberlebenskunst.at\/survivalshop\/shop\/pfeilhalter-fuer-einzelschuss-armbrust\/\",\"name\":\"Pfeilhalter f\u00fcr Einzelschuss Armbrust - Reini Rossmann - Survival Shop\",\"isPartOf\":{\"@id\":\"https:\/\/ueberlebenskunst.at\/survivalshop\/#website\"},\"primaryImageOfPage\":{\"@id\":\"https:\/\/ueberlebenskunst.at\/survivalshop\/shop\/pfeilhalter-fuer-einzelschuss-armbrust\/#primaryimage\"},\"image\":{\"@id\":\"https:\/\/ueberlebenskunst.at\/survivalshop\/shop\/pfeilhalter-fuer-einzelschuss-armbrust\/#primaryimage\"},\"thumbnailUrl\":\"https:\/\/ueberlebenskunst.at\/survivalshop\/wp-content\/uploads\/2024\/08\/Pfeilhalter_Einzelschuss_Armbrust_PFH8FS_front_sk.jpg\",\"datePublished\":\"2024-08-13T14:31:28+00:00\",\"dateModified\":\"2026-04-17T20:21:06+00:00\",\"breadcrumb\":{\"@id\":\"https:\/\/ueberlebenskunst.at\/survivalshop\/shop\/pfeilhalter-fuer-einzelschuss-armbrust\/#breadcrumb\"},\"inLanguage\":\"de\",\"potentialAction\":[{\"@type\":\"ReadAction\",\"target\":[\"https:\/\/ueberlebenskunst.at\/survivalshop\/shop\/pfeilhalter-fuer-einzelschuss-armbrust\/\"]}]},{\"@type\":\"ImageObject\",\"inLanguage\":\"de\",\"@id\":\"https:\/\/ueberlebenskunst.at\/survivalshop\/shop\/pfeilhalter-fuer-einzelschuss-armbrust\/#primaryimage\",\"url\":\"https:\/\/ueberlebenskunst.at\/survivalshop\/wp-content\/uploads\/2024\/08\/Pfeilhalter_Einzelschuss_Armbrust_PFH8FS_front_sk.jpg\",\"contentUrl\":\"https:\/\/ueberlebenskunst.at\/survivalshop\/wp-content\/uploads\/2024\/08\/Pfeilhalter_Einzelschuss_Armbrust_PFH8FS_front_sk.jpg\",\"width\":400,\"height\":400},{\"@type\":\"BreadcrumbList\",\"@id\":\"https:\/\/ueberlebenskunst.at\/survivalshop\/shop\/pfeilhalter-fuer-einzelschuss-armbrust\/#breadcrumb\",\"itemListElement\":[{\"@type\":\"ListItem\",\"position\":1,\"name\":\"Startseite\",\"item\":\"https:\/\/ueberlebenskunst.at\/survivalshop\/\"},{\"@type\":\"ListItem\",\"position\":2,\"name\":\"Shop\",\"item\":\"https:\/\/ueberlebenskunst.at\/survivalshop\/shop\/\"},{\"@type\":\"ListItem\",\"position\":3,\"name\":\"Pfeilhalter f\u00fcr Einzelschuss Armbrust\"}]},{\"@type\":\"WebSite\",\"@id\":\"https:\/\/ueberlebenskunst.at\/survivalshop\/#website\",\"url\":\"https:\/\/ueberlebenskunst.at\/survivalshop\/\",\"name\":\"Reini Rossmann - Survival Shop\",\"description\":\"Survival Shop f\u00fcr Survival, Bushcraft und Prepper\",\"potentialAction\":[{\"@type\":\"SearchAction\",\"target\":{\"@type\":\"EntryPoint\",\"urlTemplate\":\"https:\/\/ueberlebenskunst.at\/survivalshop\/?s={search_term_string}\"},\"query-input\":{\"@type\":\"PropertyValueSpecification\",\"valueRequired\":true,\"valueName\":\"search_term_string\"}}],\"inLanguage\":\"de\"}]}<\/script>\n<!-- \/ Yoast SEO plugin. -->","yoast_head_json":{"title":"Pfeilhalter f\u00fcr Einzelschuss Armbrust - Reini Rossmann - Survival Shop","robots":{"index":"index","follow":"follow","max-snippet":"max-snippet:-1","max-image-preview":"max-image-preview:large","max-video-preview":"max-video-preview:-1"},"canonical":"https:\/\/ueberlebenskunst.at\/survivalshop\/shop\/pfeilhalter-fuer-einzelschuss-armbrust\/","og_locale":"de_DE","og_type":"article","og_title":"Pfeilhalter f\u00fcr Einzelschuss Armbrust - Reini Rossmann - Survival Shop","og_description":"Optimiere deine Schussfolge mit unserem speziell entwickelten Pfeilhalter f\u00fcr Einzelschuss-Armbr\u00fcste. Dieser Halter wurde so konzipiert, dass du deine Pfeile schnell und unkompliziert greifen und nachladen kannst. Unser Pfeilhalter bietet Platz f\u00fcr bis zu 8 Pfeile mit einem Schaftdurchmesser von 6,2 mm. Das clevere Design erm\u00f6glicht es dir, Pfeile blitzschnell zu greifen und sofort nachzuladen. So [&hellip;]","og_url":"https:\/\/ueberlebenskunst.at\/survivalshop\/shop\/pfeilhalter-fuer-einzelschuss-armbrust\/","og_site_name":"Reini Rossmann - Survival Shop","article_publisher":"https:\/\/www.facebook.com\/survival24.org\/","article_modified_time":"2026-04-17T20:21:06+00:00","og_image":[{"width":400,"height":400,"url":"https:\/\/ueberlebenskunst.at\/survivalshop\/wp-content\/uploads\/2024\/08\/Pfeilhalter_Einzelschuss_Armbrust_PFH8FS_front_sk.jpg","type":"image\/jpeg"}],"twitter_card":"summary_large_image","twitter_misc":{"Gesch\u00e4tzte Lesezeit":"2\u00a0Minuten"},"schema":{"@context":"https:\/\/schema.org","@graph":[{"@type":"WebPage","@id":"https:\/\/ueberlebenskunst.at\/survivalshop\/shop\/pfeilhalter-fuer-einzelschuss-armbrust\/","url":"https:\/\/ueberlebenskunst.at\/survivalshop\/shop\/pfeilhalter-fuer-einzelschuss-armbrust\/","name":"Pfeilhalter f\u00fcr Einzelschuss Armbrust - Reini Rossmann - Survival Shop","isPartOf":{"@id":"https:\/\/ueberlebenskunst.at\/survivalshop\/#website"},"primaryImageOfPage":{"@id":"https:\/\/ueberlebenskunst.at\/survivalshop\/shop\/pfeilhalter-fuer-einzelschuss-armbrust\/#primaryimage"},"image":{"@id":"https:\/\/ueberlebenskunst.at\/survivalshop\/shop\/pfeilhalter-fuer-einzelschuss-armbrust\/#primaryimage"},"thumbnailUrl":"https:\/\/ueberlebenskunst.at\/survivalshop\/wp-content\/uploads\/2024\/08\/Pfeilhalter_Einzelschuss_Armbrust_PFH8FS_front_sk.jpg","datePublished":"2024-08-13T14:31:28+00:00","dateModified":"2026-04-17T20:21:06+00:00","breadcrumb":{"@id":"https:\/\/ueberlebenskunst.at\/survivalshop\/shop\/pfeilhalter-fuer-einzelschuss-armbrust\/#breadcrumb"},"inLanguage":"de","potentialAction":[{"@type":"ReadAction","target":["https:\/\/ueberlebenskunst.at\/survivalshop\/shop\/pfeilhalter-fuer-einzelschuss-armbrust\/"]}]},{"@type":"ImageObject","inLanguage":"de","@id":"https:\/\/ueberlebenskunst.at\/survivalshop\/shop\/pfeilhalter-fuer-einzelschuss-armbrust\/#primaryimage","url":"https:\/\/ueberlebenskunst.at\/survivalshop\/wp-content\/uploads\/2024\/08\/Pfeilhalter_Einzelschuss_Armbrust_PFH8FS_front_sk.jpg","contentUrl":"https:\/\/ueberlebenskunst.at\/survivalshop\/wp-content\/uploads\/2024\/08\/Pfeilhalter_Einzelschuss_Armbrust_PFH8FS_front_sk.jpg","width":400,"height":400},{"@type":"BreadcrumbList","@id":"https:\/\/ueberlebenskunst.at\/survivalshop\/shop\/pfeilhalter-fuer-einzelschuss-armbrust\/#breadcrumb","itemListElement":[{"@type":"ListItem","position":1,"name":"Startseite","item":"https:\/\/ueberlebenskunst.at\/survivalshop\/"},{"@type":"ListItem","position":2,"name":"Shop","item":"https:\/\/ueberlebenskunst.at\/survivalshop\/shop\/"},{"@type":"ListItem","position":3,"name":"Pfeilhalter f\u00fcr Einzelschuss Armbrust"}]},{"@type":"WebSite","@id":"https:\/\/ueberlebenskunst.at\/survivalshop\/#website","url":"https:\/\/ueberlebenskunst.at\/survivalshop\/","name":"Reini Rossmann - Survival Shop","description":"Survival Shop f\u00fcr Survival, Bushcraft und Prepper","potentialAction":[{"@type":"SearchAction","target":{"@type":"EntryPoint","urlTemplate":"https:\/\/ueberlebenskunst.at\/survivalshop\/?s={search_term_string}"},"query-input":{"@type":"PropertyValueSpecification","valueRequired":true,"valueName":"search_term_string"}}],"inLanguage":"de"}]}},"_links":{"self":[{"href":"https:\/\/ueberlebenskunst.at\/survivalshop\/wp-json\/wp\/v2\/product\/169570","targetHints":{"allow":["GET"]}}],"collection":[{"href":"https:\/\/ueberlebenskunst.at\/survivalshop\/wp-json\/wp\/v2\/product"}],"about":[{"href":"https:\/\/ueberlebenskunst.at\/survivalshop\/wp-json\/wp\/v2\/types\/product"}],"replies":[{"embeddable":true,"href":"https:\/\/ueberlebenskunst.at\/survivalshop\/wp-json\/wp\/v2\/comments?post=169570"}],"wp:featuredmedia":[{"embeddable":true,"href":"https:\/\/ueberlebenskunst.at\/survivalshop\/wp-json\/wp\/v2\/media\/171240"}],"wp:attachment":[{"href":"https:\/\/ueberlebenskunst.at\/survivalshop\/wp-json\/wp\/v2\/media?parent=169570"}],"wp:term":[{"taxonomy":"product_brand","embeddable":true,"href":"https:\/\/ueberlebenskunst.at\/survivalshop\/wp-json\/wp\/v2\/product_brand?post=169570"},{"taxonomy":"product_cat","embeddable":true,"href":"https:\/\/ueberlebenskunst.at\/survivalshop\/wp-json\/wp\/v2\/product_cat?post=169570"},{"taxonomy":"product_tag","embeddable":true,"href":"https:\/\/ueberlebenskunst.at\/survivalshop\/wp-json\/wp\/v2\/product_tag?post=169570"}],"curies":[{"name":"wp","href":"https:\/\/api.w.org\/{rel}","templated":true}]}}