{"id":169252,"date":"2024-08-08T08:43:16","date_gmt":"2024-08-08T06:43:16","guid":{"rendered":"https:\/\/ueberlebenskunst.at\/survivalshop\/?post_type=product&#038;p=169252"},"modified":"2026-03-06T09:13:14","modified_gmt":"2026-03-06T08:13:14","slug":"reinis-survival-signal-pfeife","status":"publish","type":"product","link":"https:\/\/ueberlebenskunst.at\/survivalshop\/shop\/reinis-survival-signal-pfeife\/","title":{"rendered":"Reinis Survival Signal Pfeife"},"content":{"rendered":"<p>Sei immer auf der sicheren Seite mit deiner extra stabilen Reinis Survival Signal Pfeife. Diese Signal Pfeife wurde extra stabil ausgef\u00fchrt und daf\u00fcr entwickelt, dich in Notfallsituationen zuverl\u00e4ssig zu unterst\u00fctzen und auf dich aufmerksam zu machen. Egal, ob du dich in einer Notsituation befindest oder jemand abschrecken m\u00f6chtest \u2013 der\u00a0 laute und schrille Ton sorgt daf\u00fcr, dass du definitiv geh\u00f6rt wirst.<\/p>\n<p>Deine Survival Pfeife ist nicht nur unglaublich robust, sondern auch super praktisch. Mit der integrierten \u00d6se und dem Loch zur Befestigung kannst du sie jederzeit an deinem\u00a0 Rucksack oder deiner Ausr\u00fcstung befestigen. So hast du sie immer griffbereit, wenn es darauf ankommt. Perfekt f\u00fcr alle, die gerne drau\u00dfen unterwegs sind \u2013 ob beim Wandern, Campen oder auf Abenteuertour.<\/p>\n<p><strong>Deine Vorteile:<\/strong><\/p>\n<ul>\n<li>Extra stabil und langlebig, damit sie dich nicht im Stich l\u00e4sst<\/li>\n<li>Laut und schrill, um in jeder Situation auf dich aufmerksam zu machen<\/li>\n<li>Mit \u00d6se und Loch zur einfachen Befestigung, immer dabei<\/li>\n<li>Ideal f\u00fcr Notf\u00e4lle oder zur Abschreckung<\/li>\n<li>Dein unverzichtbarer Begleiter f\u00fcr alle Outdoor-Abenteuer<\/li>\n<\/ul>\n<h3>Abmessungen:<\/h3>\n<p>L\u00e4nge \/ H\u00f6he \/ Breite: 48 x 28 x 16 mm<br \/>\nGewicht: 8 g<\/p>\n<h3>Erh\u00e4ltlich in 2 verschiedenen Farben:<\/h3>\n<ul>\n<li>Schwarz<\/li>\n<li>Survival Orange<\/li>\n<\/ul>\n<h3>Lieferumfang:<\/h3>\n<ul>\n<li>1 Stk. Survivalpfeife<\/li>\n<\/ul>\n<h3>Passendes, extra erh\u00e4ltliches Zubeh\u00f6r:<\/h3>\n<ul>\n<li><a href=\"https:\/\/ueberlebenskunst.at\/survivalshop\/shop\/5stk-lenyard-beads\/\" target=\"_blank\" rel=\"noopener\">5 Stk. Lenyard Bead\u00b4s<\/a><\/li>\n<li><a href=\"https:\/\/ueberlebenskunst.at\/survivalshop\/shop\/ranger-ligter-designed-by-reini-rossmann\/\" target=\"_blank\" rel=\"noopener\">Ranger Lighter designed by Reini Rossmann<\/a><\/li>\n<\/ul>\n<h3>Bedienungs- &amp; Pflegeanleitung:<\/h3>\n<ul>\n<li>Die Reinigung mit Wasser\u00a0 ist m\u00f6glich.<\/li>\n<li>Du solltest das Produkt nicht direkt in die N\u00e4he von Feuer oder anderen Hitzequellen legen!<\/li>\n<li>Wird dieses Produkt \u00fcber l\u00e4ngere Zeit sehr kalten Temperaturen unter 0 \u00b0C ausgesetzt, solltest du<br \/>\nin dem Moment darauf achten, dass keine starken Belastungen darauf einwirken.<\/li>\n<\/ul>\n<p><span style=\"color: #ff0000;\"><strong>Unsere Produkte sind nicht f\u00fcr Kinder unter 3 Jahren geeignet. Es besteht Verschluckungsgefahr.<\/strong><\/span><br \/>\n<span style=\"color: #ff0000;\"><strong>Es handelt sich bei diesem Produkt um ein Notfallwerkzeug und nicht um eine Pfeife, die f\u00fcr Sport \/ Spiel gedacht ist.<\/strong><\/span><\/p>\n<p><a href=\"https:\/\/ueberlebenskunst.at\/survivalshop\/wp-content\/uploads\/2021\/11\/Logo_Kinder.png\"><img decoding=\"async\" class=\"alignnone size-medium wp-image-179571\" src=\"https:\/\/ueberlebenskunst.at\/survivalshop\/wp-content\/uploads\/2021\/11\/Logo_Kinder-300x126.png\" alt=\"\" width=\"300\" height=\"126\" srcset=\"https:\/\/ueberlebenskunst.at\/survivalshop\/wp-content\/uploads\/2021\/11\/Logo_Kinder-300x126.png 300w, https:\/\/ueberlebenskunst.at\/survivalshop\/wp-content\/uploads\/2021\/11\/Logo_Kinder-64x27.png 64w, https:\/\/ueberlebenskunst.at\/survivalshop\/wp-content\/uploads\/2021\/11\/Logo_Kinder.png 401w\" sizes=\"(max-width: 300px) 100vw, 300px\" \/><\/a><\/p>\n<p>&nbsp;<\/p>\n","protected":false},"excerpt":{"rendered":"<p>Sei immer auf der sicheren Seite mit deiner extra stabilen Reinis Survival Signal Pfeife. Diese Signal Pfeife wurde extra stabil ausgef\u00fchrt und daf\u00fcr entwickelt, dich in Notfallsituationen zuverl\u00e4ssig zu unterst\u00fctzen und auf dich aufmerksam zu machen. Egal, ob du dich in einer Notsituation befindest oder jemand abschrecken m\u00f6chtest \u2013 der\u00a0 laute und schrille Ton sorgt [&hellip;]<\/p>\n","protected":false},"featured_media":169340,"comment_status":"open","ping_status":"closed","template":"","meta":{"_acf_changed":false},"product_brand":[],"product_cat":[1945],"product_tag":[],"class_list":{"0":"post-169252","1":"product","2":"type-product","3":"status-publish","4":"has-post-thumbnail","6":"product_cat-survivalausruestung","7":"pa_farbe-glow-in-the-dark","8":"pa_farbe-schwarz","9":"pa_farbe-survival-orange","11":"first","12":"instock","13":"taxable","14":"shipping-taxable","15":"purchasable","16":"product-type-variable","17":"has-default-attributes"},"acf":[],"yoast_head":"<!-- This site is optimized with the Yoast SEO plugin v27.1.1 - https:\/\/yoast.com\/product\/yoast-seo-wordpress\/ -->\n<title>Reinis Survival Signal Pfeife<\/title>\n<meta name=\"description\" content=\"Mit Reini\u00b4s Survival Signal Pfeife kannst du in Notsituationen auf dich Aufmerksam machen oder sie auch zum Abschrecken einsetzen.\" \/>\n<meta name=\"robots\" content=\"index, follow, max-snippet:-1, max-image-preview:large, max-video-preview:-1\" \/>\n<link rel=\"canonical\" href=\"https:\/\/ueberlebenskunst.at\/survivalshop\/shop\/reinis-survival-signal-pfeife\/\" \/>\n<meta property=\"og:locale\" content=\"de_DE\" \/>\n<meta property=\"og:type\" content=\"article\" \/>\n<meta property=\"og:title\" content=\"Reinis Survival Signal Pfeife\" \/>\n<meta property=\"og:description\" content=\"Mit Reini\u00b4s Survival Signal Pfeife kannst du in Notsituationen auf dich Aufmerksam machen oder sie auch zum Abschrecken einsetzen.\" \/>\n<meta property=\"og:url\" content=\"https:\/\/ueberlebenskunst.at\/survivalshop\/shop\/reinis-survival-signal-pfeife\/\" \/>\n<meta property=\"og:site_name\" content=\"Reini Rossmann - Survival Shop\" \/>\n<meta property=\"article:publisher\" content=\"https:\/\/www.facebook.com\/survival24.org\/\" \/>\n<meta property=\"article:modified_time\" content=\"2026-03-06T08:13:14+00:00\" \/>\n<meta property=\"og:image\" content=\"https:\/\/ueberlebenskunst.at\/survivalshop\/wp-content\/uploads\/2024\/08\/D3FB0E20-2035-420C-A4F1-06A4AEF3D2C8.png\" \/>\n\t<meta property=\"og:image:width\" content=\"400\" \/>\n\t<meta property=\"og:image:height\" content=\"400\" \/>\n\t<meta property=\"og:image:type\" content=\"image\/png\" \/>\n<meta name=\"twitter:card\" content=\"summary_large_image\" \/>\n<meta name=\"twitter:label1\" content=\"Gesch\u00e4tzte Lesezeit\" \/>\n\t<meta name=\"twitter:data1\" content=\"3\u00a0Minuten\" \/>\n<script type=\"application\/ld+json\" class=\"yoast-schema-graph\">{\"@context\":\"https:\/\/schema.org\",\"@graph\":[{\"@type\":\"WebPage\",\"@id\":\"https:\/\/ueberlebenskunst.at\/survivalshop\/shop\/reinis-survival-signal-pfeife\/\",\"url\":\"https:\/\/ueberlebenskunst.at\/survivalshop\/shop\/reinis-survival-signal-pfeife\/\",\"name\":\"Reinis Survival Signal Pfeife\",\"isPartOf\":{\"@id\":\"https:\/\/ueberlebenskunst.at\/survivalshop\/#website\"},\"primaryImageOfPage\":{\"@id\":\"https:\/\/ueberlebenskunst.at\/survivalshop\/shop\/reinis-survival-signal-pfeife\/#primaryimage\"},\"image\":{\"@id\":\"https:\/\/ueberlebenskunst.at\/survivalshop\/shop\/reinis-survival-signal-pfeife\/#primaryimage\"},\"thumbnailUrl\":\"https:\/\/ueberlebenskunst.at\/survivalshop\/wp-content\/uploads\/2024\/08\/D3FB0E20-2035-420C-A4F1-06A4AEF3D2C8.png\",\"datePublished\":\"2024-08-08T06:43:16+00:00\",\"dateModified\":\"2026-03-06T08:13:14+00:00\",\"description\":\"Mit Reini\u00b4s Survival Signal Pfeife kannst du in Notsituationen auf dich Aufmerksam machen oder sie auch zum Abschrecken einsetzen.\",\"breadcrumb\":{\"@id\":\"https:\/\/ueberlebenskunst.at\/survivalshop\/shop\/reinis-survival-signal-pfeife\/#breadcrumb\"},\"inLanguage\":\"de\",\"potentialAction\":[{\"@type\":\"ReadAction\",\"target\":[\"https:\/\/ueberlebenskunst.at\/survivalshop\/shop\/reinis-survival-signal-pfeife\/\"]}]},{\"@type\":\"ImageObject\",\"inLanguage\":\"de\",\"@id\":\"https:\/\/ueberlebenskunst.at\/survivalshop\/shop\/reinis-survival-signal-pfeife\/#primaryimage\",\"url\":\"https:\/\/ueberlebenskunst.at\/survivalshop\/wp-content\/uploads\/2024\/08\/D3FB0E20-2035-420C-A4F1-06A4AEF3D2C8.png\",\"contentUrl\":\"https:\/\/ueberlebenskunst.at\/survivalshop\/wp-content\/uploads\/2024\/08\/D3FB0E20-2035-420C-A4F1-06A4AEF3D2C8.png\",\"width\":400,\"height\":400},{\"@type\":\"BreadcrumbList\",\"@id\":\"https:\/\/ueberlebenskunst.at\/survivalshop\/shop\/reinis-survival-signal-pfeife\/#breadcrumb\",\"itemListElement\":[{\"@type\":\"ListItem\",\"position\":1,\"name\":\"Startseite\",\"item\":\"https:\/\/ueberlebenskunst.at\/survivalshop\/\"},{\"@type\":\"ListItem\",\"position\":2,\"name\":\"Shop\",\"item\":\"https:\/\/ueberlebenskunst.at\/survivalshop\/shop\/\"},{\"@type\":\"ListItem\",\"position\":3,\"name\":\"Reinis Survival Signal Pfeife\"}]},{\"@type\":\"WebSite\",\"@id\":\"https:\/\/ueberlebenskunst.at\/survivalshop\/#website\",\"url\":\"https:\/\/ueberlebenskunst.at\/survivalshop\/\",\"name\":\"Reini Rossmann - Survival Shop\",\"description\":\"Survival Shop f\u00fcr Survival, Bushcraft und Prepper\",\"potentialAction\":[{\"@type\":\"SearchAction\",\"target\":{\"@type\":\"EntryPoint\",\"urlTemplate\":\"https:\/\/ueberlebenskunst.at\/survivalshop\/?s={search_term_string}\"},\"query-input\":{\"@type\":\"PropertyValueSpecification\",\"valueRequired\":true,\"valueName\":\"search_term_string\"}}],\"inLanguage\":\"de\"}]}<\/script>\n<!-- \/ Yoast SEO plugin. -->","yoast_head_json":{"title":"Reinis Survival Signal Pfeife","description":"Mit Reini\u00b4s Survival Signal Pfeife kannst du in Notsituationen auf dich Aufmerksam machen oder sie auch zum Abschrecken einsetzen.","robots":{"index":"index","follow":"follow","max-snippet":"max-snippet:-1","max-image-preview":"max-image-preview:large","max-video-preview":"max-video-preview:-1"},"canonical":"https:\/\/ueberlebenskunst.at\/survivalshop\/shop\/reinis-survival-signal-pfeife\/","og_locale":"de_DE","og_type":"article","og_title":"Reinis Survival Signal Pfeife","og_description":"Mit Reini\u00b4s Survival Signal Pfeife kannst du in Notsituationen auf dich Aufmerksam machen oder sie auch zum Abschrecken einsetzen.","og_url":"https:\/\/ueberlebenskunst.at\/survivalshop\/shop\/reinis-survival-signal-pfeife\/","og_site_name":"Reini Rossmann - Survival Shop","article_publisher":"https:\/\/www.facebook.com\/survival24.org\/","article_modified_time":"2026-03-06T08:13:14+00:00","og_image":[{"width":400,"height":400,"url":"https:\/\/ueberlebenskunst.at\/survivalshop\/wp-content\/uploads\/2024\/08\/D3FB0E20-2035-420C-A4F1-06A4AEF3D2C8.png","type":"image\/png"}],"twitter_card":"summary_large_image","twitter_misc":{"Gesch\u00e4tzte Lesezeit":"3\u00a0Minuten"},"schema":{"@context":"https:\/\/schema.org","@graph":[{"@type":"WebPage","@id":"https:\/\/ueberlebenskunst.at\/survivalshop\/shop\/reinis-survival-signal-pfeife\/","url":"https:\/\/ueberlebenskunst.at\/survivalshop\/shop\/reinis-survival-signal-pfeife\/","name":"Reinis Survival Signal Pfeife","isPartOf":{"@id":"https:\/\/ueberlebenskunst.at\/survivalshop\/#website"},"primaryImageOfPage":{"@id":"https:\/\/ueberlebenskunst.at\/survivalshop\/shop\/reinis-survival-signal-pfeife\/#primaryimage"},"image":{"@id":"https:\/\/ueberlebenskunst.at\/survivalshop\/shop\/reinis-survival-signal-pfeife\/#primaryimage"},"thumbnailUrl":"https:\/\/ueberlebenskunst.at\/survivalshop\/wp-content\/uploads\/2024\/08\/D3FB0E20-2035-420C-A4F1-06A4AEF3D2C8.png","datePublished":"2024-08-08T06:43:16+00:00","dateModified":"2026-03-06T08:13:14+00:00","description":"Mit Reini\u00b4s Survival Signal Pfeife kannst du in Notsituationen auf dich Aufmerksam machen oder sie auch zum Abschrecken einsetzen.","breadcrumb":{"@id":"https:\/\/ueberlebenskunst.at\/survivalshop\/shop\/reinis-survival-signal-pfeife\/#breadcrumb"},"inLanguage":"de","potentialAction":[{"@type":"ReadAction","target":["https:\/\/ueberlebenskunst.at\/survivalshop\/shop\/reinis-survival-signal-pfeife\/"]}]},{"@type":"ImageObject","inLanguage":"de","@id":"https:\/\/ueberlebenskunst.at\/survivalshop\/shop\/reinis-survival-signal-pfeife\/#primaryimage","url":"https:\/\/ueberlebenskunst.at\/survivalshop\/wp-content\/uploads\/2024\/08\/D3FB0E20-2035-420C-A4F1-06A4AEF3D2C8.png","contentUrl":"https:\/\/ueberlebenskunst.at\/survivalshop\/wp-content\/uploads\/2024\/08\/D3FB0E20-2035-420C-A4F1-06A4AEF3D2C8.png","width":400,"height":400},{"@type":"BreadcrumbList","@id":"https:\/\/ueberlebenskunst.at\/survivalshop\/shop\/reinis-survival-signal-pfeife\/#breadcrumb","itemListElement":[{"@type":"ListItem","position":1,"name":"Startseite","item":"https:\/\/ueberlebenskunst.at\/survivalshop\/"},{"@type":"ListItem","position":2,"name":"Shop","item":"https:\/\/ueberlebenskunst.at\/survivalshop\/shop\/"},{"@type":"ListItem","position":3,"name":"Reinis Survival Signal Pfeife"}]},{"@type":"WebSite","@id":"https:\/\/ueberlebenskunst.at\/survivalshop\/#website","url":"https:\/\/ueberlebenskunst.at\/survivalshop\/","name":"Reini Rossmann - Survival Shop","description":"Survival Shop f\u00fcr Survival, Bushcraft und Prepper","potentialAction":[{"@type":"SearchAction","target":{"@type":"EntryPoint","urlTemplate":"https:\/\/ueberlebenskunst.at\/survivalshop\/?s={search_term_string}"},"query-input":{"@type":"PropertyValueSpecification","valueRequired":true,"valueName":"search_term_string"}}],"inLanguage":"de"}]}},"_links":{"self":[{"href":"https:\/\/ueberlebenskunst.at\/survivalshop\/wp-json\/wp\/v2\/product\/169252","targetHints":{"allow":["GET"]}}],"collection":[{"href":"https:\/\/ueberlebenskunst.at\/survivalshop\/wp-json\/wp\/v2\/product"}],"about":[{"href":"https:\/\/ueberlebenskunst.at\/survivalshop\/wp-json\/wp\/v2\/types\/product"}],"replies":[{"embeddable":true,"href":"https:\/\/ueberlebenskunst.at\/survivalshop\/wp-json\/wp\/v2\/comments?post=169252"}],"wp:featuredmedia":[{"embeddable":true,"href":"https:\/\/ueberlebenskunst.at\/survivalshop\/wp-json\/wp\/v2\/media\/169340"}],"wp:attachment":[{"href":"https:\/\/ueberlebenskunst.at\/survivalshop\/wp-json\/wp\/v2\/media?parent=169252"}],"wp:term":[{"taxonomy":"product_brand","embeddable":true,"href":"https:\/\/ueberlebenskunst.at\/survivalshop\/wp-json\/wp\/v2\/product_brand?post=169252"},{"taxonomy":"product_cat","embeddable":true,"href":"https:\/\/ueberlebenskunst.at\/survivalshop\/wp-json\/wp\/v2\/product_cat?post=169252"},{"taxonomy":"product_tag","embeddable":true,"href":"https:\/\/ueberlebenskunst.at\/survivalshop\/wp-json\/wp\/v2\/product_tag?post=169252"}],"curies":[{"name":"wp","href":"https:\/\/api.w.org\/{rel}","templated":true}]}}