{"id":168799,"date":"2024-07-29T09:20:16","date_gmt":"2024-07-29T07:20:16","guid":{"rendered":"https:\/\/ueberlebenskunst.at\/survivalshop\/?post_type=product&#038;p=168799"},"modified":"2025-12-22T06:36:30","modified_gmt":"2025-12-22T05:36:30","slug":"crkt-bear-claw-grn-all-black","status":"publish","type":"product","link":"https:\/\/ueberlebenskunst.at\/survivalshop\/shop\/crkt-bear-claw-grn-all-black\/","title":{"rendered":"CRKT Bear Claw GRN All Black"},"content":{"rendered":"<p>Das handliche, komplett schwarze CRKT Bear Claw wurde von Russ Kommer entworfen, der viele Jahre in Alaska lebte. Dieses au\u00dfergew\u00f6hnliche Outdoormesser, das an die Kralle einer B\u00e4rentatze erinnert, ist perfekt f\u00fcr raue Bedingungen geeignet und daher der ideale Begleiter f\u00fcr Outdoor-Aktivit\u00e4ten und Jagd. Das feststehende Messer mit Vollerl und GRN-Griffschalen liegt gut in der Hand, ist schwer zu verlieren und wirkt dank des gro\u00dfz\u00fcgig dimensionierten Grifflochs wie eine Verl\u00e4ngerung der Hand. Die AUS-8 Klinge mit Veff-Wellenschliff macht das Bear Claw zum perfekten Notfall-Schneidwerkzeug f\u00fcr alle, die schnell ein Seil, eine Befestigung oder ein Netz durchtrennen m\u00fcssen. Es wird mit einer praktischen Nylon-Scheide geliefert, die verschiedene Tragepositionen erm\u00f6glicht.<\/p>\n<h3>Produktdaten:<\/h3>\n<ul>\n<li>Gesamtl\u00e4nge: 14,4 cm<\/li>\n<li>Klingenl\u00e4nge: 6 cm<\/li>\n<li>Gewicht: 87 g<\/li>\n<li>Klingenst\u00e4rke: 3,4 mm<\/li>\n<li>Klingenmaterial: AUS-8<\/li>\n<li>Griffmaterial: GRN<\/li>\n<\/ul>\n","protected":false},"excerpt":{"rendered":"<p>Das handliche, komplett schwarze CRKT Bear Claw wurde von Russ Kommer entworfen, der viele Jahre in Alaska lebte. Dieses au\u00dfergew\u00f6hnliche Outdoormesser, das an die Kralle einer B\u00e4rentatze erinnert, ist perfekt f\u00fcr raue Bedingungen geeignet und daher der ideale Begleiter f\u00fcr Outdoor-Aktivit\u00e4ten und Jagd. Das feststehende Messer mit Vollerl und GRN-Griffschalen liegt gut in der Hand, [&hellip;]<\/p>\n","protected":false},"featured_media":168801,"comment_status":"open","ping_status":"closed","template":"","meta":{"_acf_changed":false},"product_brand":[],"product_cat":[1805],"product_tag":[762],"class_list":{"0":"post-168799","1":"product","2":"type-product","3":"status-publish","4":"has-post-thumbnail","6":"product_cat-messer-messer-tools","7":"product_tag-crkt","9":"first","10":"instock","11":"taxable","12":"shipping-taxable","13":"purchasable","14":"product-type-simple"},"acf":[],"yoast_head":"<!-- This site is optimized with the Yoast SEO plugin v27.1.1 - https:\/\/yoast.com\/product\/yoast-seo-wordpress\/ -->\n<title>CRKT Bear Claw GRN All Black - Reini Rossmann - Survival Shop<\/title>\n<meta name=\"robots\" content=\"index, follow, max-snippet:-1, max-image-preview:large, max-video-preview:-1\" \/>\n<link rel=\"canonical\" href=\"https:\/\/ueberlebenskunst.at\/survivalshop\/shop\/crkt-bear-claw-grn-all-black\/\" \/>\n<meta property=\"og:locale\" content=\"de_DE\" \/>\n<meta property=\"og:type\" content=\"article\" \/>\n<meta property=\"og:title\" content=\"CRKT Bear Claw GRN All Black - Reini Rossmann - Survival Shop\" \/>\n<meta property=\"og:description\" content=\"Das handliche, komplett schwarze CRKT Bear Claw wurde von Russ Kommer entworfen, der viele Jahre in Alaska lebte. Dieses au\u00dfergew\u00f6hnliche Outdoormesser, das an die Kralle einer B\u00e4rentatze erinnert, ist perfekt f\u00fcr raue Bedingungen geeignet und daher der ideale Begleiter f\u00fcr Outdoor-Aktivit\u00e4ten und Jagd. Das feststehende Messer mit Vollerl und GRN-Griffschalen liegt gut in der Hand, [&hellip;]\" \/>\n<meta property=\"og:url\" content=\"https:\/\/ueberlebenskunst.at\/survivalshop\/shop\/crkt-bear-claw-grn-all-black\/\" \/>\n<meta property=\"og:site_name\" content=\"Reini Rossmann - Survival Shop\" \/>\n<meta property=\"article:publisher\" content=\"https:\/\/www.facebook.com\/survival24.org\/\" \/>\n<meta property=\"article:modified_time\" content=\"2025-12-22T05:36:30+00:00\" \/>\n<meta property=\"og:image\" content=\"https:\/\/ueberlebenskunst.at\/survivalshop\/wp-content\/uploads\/2024\/07\/02CR2516K.jpg\" \/>\n\t<meta property=\"og:image:width\" content=\"400\" \/>\n\t<meta property=\"og:image:height\" content=\"398\" \/>\n\t<meta property=\"og:image:type\" content=\"image\/jpeg\" \/>\n<meta name=\"twitter:card\" content=\"summary_large_image\" \/>\n<meta name=\"twitter:label1\" content=\"Gesch\u00e4tzte Lesezeit\" \/>\n\t<meta name=\"twitter:data1\" content=\"1\u00a0Minute\" \/>\n<script type=\"application\/ld+json\" class=\"yoast-schema-graph\">{\"@context\":\"https:\/\/schema.org\",\"@graph\":[{\"@type\":\"WebPage\",\"@id\":\"https:\/\/ueberlebenskunst.at\/survivalshop\/shop\/crkt-bear-claw-grn-all-black\/\",\"url\":\"https:\/\/ueberlebenskunst.at\/survivalshop\/shop\/crkt-bear-claw-grn-all-black\/\",\"name\":\"CRKT Bear Claw GRN All Black - Reini Rossmann - Survival Shop\",\"isPartOf\":{\"@id\":\"https:\/\/ueberlebenskunst.at\/survivalshop\/#website\"},\"primaryImageOfPage\":{\"@id\":\"https:\/\/ueberlebenskunst.at\/survivalshop\/shop\/crkt-bear-claw-grn-all-black\/#primaryimage\"},\"image\":{\"@id\":\"https:\/\/ueberlebenskunst.at\/survivalshop\/shop\/crkt-bear-claw-grn-all-black\/#primaryimage\"},\"thumbnailUrl\":\"https:\/\/ueberlebenskunst.at\/survivalshop\/wp-content\/uploads\/2024\/07\/02CR2516K.jpg\",\"datePublished\":\"2024-07-29T07:20:16+00:00\",\"dateModified\":\"2025-12-22T05:36:30+00:00\",\"breadcrumb\":{\"@id\":\"https:\/\/ueberlebenskunst.at\/survivalshop\/shop\/crkt-bear-claw-grn-all-black\/#breadcrumb\"},\"inLanguage\":\"de\",\"potentialAction\":[{\"@type\":\"ReadAction\",\"target\":[\"https:\/\/ueberlebenskunst.at\/survivalshop\/shop\/crkt-bear-claw-grn-all-black\/\"]}]},{\"@type\":\"ImageObject\",\"inLanguage\":\"de\",\"@id\":\"https:\/\/ueberlebenskunst.at\/survivalshop\/shop\/crkt-bear-claw-grn-all-black\/#primaryimage\",\"url\":\"https:\/\/ueberlebenskunst.at\/survivalshop\/wp-content\/uploads\/2024\/07\/02CR2516K.jpg\",\"contentUrl\":\"https:\/\/ueberlebenskunst.at\/survivalshop\/wp-content\/uploads\/2024\/07\/02CR2516K.jpg\",\"width\":400,\"height\":398},{\"@type\":\"BreadcrumbList\",\"@id\":\"https:\/\/ueberlebenskunst.at\/survivalshop\/shop\/crkt-bear-claw-grn-all-black\/#breadcrumb\",\"itemListElement\":[{\"@type\":\"ListItem\",\"position\":1,\"name\":\"Startseite\",\"item\":\"https:\/\/ueberlebenskunst.at\/survivalshop\/\"},{\"@type\":\"ListItem\",\"position\":2,\"name\":\"Shop\",\"item\":\"https:\/\/ueberlebenskunst.at\/survivalshop\/shop\/\"},{\"@type\":\"ListItem\",\"position\":3,\"name\":\"CRKT Bear Claw GRN All Black\"}]},{\"@type\":\"WebSite\",\"@id\":\"https:\/\/ueberlebenskunst.at\/survivalshop\/#website\",\"url\":\"https:\/\/ueberlebenskunst.at\/survivalshop\/\",\"name\":\"Reini Rossmann - Survival Shop\",\"description\":\"Survival Shop f\u00fcr Survival, Bushcraft und Prepper\",\"potentialAction\":[{\"@type\":\"SearchAction\",\"target\":{\"@type\":\"EntryPoint\",\"urlTemplate\":\"https:\/\/ueberlebenskunst.at\/survivalshop\/?s={search_term_string}\"},\"query-input\":{\"@type\":\"PropertyValueSpecification\",\"valueRequired\":true,\"valueName\":\"search_term_string\"}}],\"inLanguage\":\"de\"}]}<\/script>\n<!-- \/ Yoast SEO plugin. -->","yoast_head_json":{"title":"CRKT Bear Claw GRN All Black - Reini Rossmann - Survival Shop","robots":{"index":"index","follow":"follow","max-snippet":"max-snippet:-1","max-image-preview":"max-image-preview:large","max-video-preview":"max-video-preview:-1"},"canonical":"https:\/\/ueberlebenskunst.at\/survivalshop\/shop\/crkt-bear-claw-grn-all-black\/","og_locale":"de_DE","og_type":"article","og_title":"CRKT Bear Claw GRN All Black - Reini Rossmann - Survival Shop","og_description":"Das handliche, komplett schwarze CRKT Bear Claw wurde von Russ Kommer entworfen, der viele Jahre in Alaska lebte. Dieses au\u00dfergew\u00f6hnliche Outdoormesser, das an die Kralle einer B\u00e4rentatze erinnert, ist perfekt f\u00fcr raue Bedingungen geeignet und daher der ideale Begleiter f\u00fcr Outdoor-Aktivit\u00e4ten und Jagd. Das feststehende Messer mit Vollerl und GRN-Griffschalen liegt gut in der Hand, [&hellip;]","og_url":"https:\/\/ueberlebenskunst.at\/survivalshop\/shop\/crkt-bear-claw-grn-all-black\/","og_site_name":"Reini Rossmann - Survival Shop","article_publisher":"https:\/\/www.facebook.com\/survival24.org\/","article_modified_time":"2025-12-22T05:36:30+00:00","og_image":[{"width":400,"height":398,"url":"https:\/\/ueberlebenskunst.at\/survivalshop\/wp-content\/uploads\/2024\/07\/02CR2516K.jpg","type":"image\/jpeg"}],"twitter_card":"summary_large_image","twitter_misc":{"Gesch\u00e4tzte Lesezeit":"1\u00a0Minute"},"schema":{"@context":"https:\/\/schema.org","@graph":[{"@type":"WebPage","@id":"https:\/\/ueberlebenskunst.at\/survivalshop\/shop\/crkt-bear-claw-grn-all-black\/","url":"https:\/\/ueberlebenskunst.at\/survivalshop\/shop\/crkt-bear-claw-grn-all-black\/","name":"CRKT Bear Claw GRN All Black - Reini Rossmann - Survival Shop","isPartOf":{"@id":"https:\/\/ueberlebenskunst.at\/survivalshop\/#website"},"primaryImageOfPage":{"@id":"https:\/\/ueberlebenskunst.at\/survivalshop\/shop\/crkt-bear-claw-grn-all-black\/#primaryimage"},"image":{"@id":"https:\/\/ueberlebenskunst.at\/survivalshop\/shop\/crkt-bear-claw-grn-all-black\/#primaryimage"},"thumbnailUrl":"https:\/\/ueberlebenskunst.at\/survivalshop\/wp-content\/uploads\/2024\/07\/02CR2516K.jpg","datePublished":"2024-07-29T07:20:16+00:00","dateModified":"2025-12-22T05:36:30+00:00","breadcrumb":{"@id":"https:\/\/ueberlebenskunst.at\/survivalshop\/shop\/crkt-bear-claw-grn-all-black\/#breadcrumb"},"inLanguage":"de","potentialAction":[{"@type":"ReadAction","target":["https:\/\/ueberlebenskunst.at\/survivalshop\/shop\/crkt-bear-claw-grn-all-black\/"]}]},{"@type":"ImageObject","inLanguage":"de","@id":"https:\/\/ueberlebenskunst.at\/survivalshop\/shop\/crkt-bear-claw-grn-all-black\/#primaryimage","url":"https:\/\/ueberlebenskunst.at\/survivalshop\/wp-content\/uploads\/2024\/07\/02CR2516K.jpg","contentUrl":"https:\/\/ueberlebenskunst.at\/survivalshop\/wp-content\/uploads\/2024\/07\/02CR2516K.jpg","width":400,"height":398},{"@type":"BreadcrumbList","@id":"https:\/\/ueberlebenskunst.at\/survivalshop\/shop\/crkt-bear-claw-grn-all-black\/#breadcrumb","itemListElement":[{"@type":"ListItem","position":1,"name":"Startseite","item":"https:\/\/ueberlebenskunst.at\/survivalshop\/"},{"@type":"ListItem","position":2,"name":"Shop","item":"https:\/\/ueberlebenskunst.at\/survivalshop\/shop\/"},{"@type":"ListItem","position":3,"name":"CRKT Bear Claw GRN All Black"}]},{"@type":"WebSite","@id":"https:\/\/ueberlebenskunst.at\/survivalshop\/#website","url":"https:\/\/ueberlebenskunst.at\/survivalshop\/","name":"Reini Rossmann - Survival Shop","description":"Survival Shop f\u00fcr Survival, Bushcraft und Prepper","potentialAction":[{"@type":"SearchAction","target":{"@type":"EntryPoint","urlTemplate":"https:\/\/ueberlebenskunst.at\/survivalshop\/?s={search_term_string}"},"query-input":{"@type":"PropertyValueSpecification","valueRequired":true,"valueName":"search_term_string"}}],"inLanguage":"de"}]}},"_links":{"self":[{"href":"https:\/\/ueberlebenskunst.at\/survivalshop\/wp-json\/wp\/v2\/product\/168799","targetHints":{"allow":["GET"]}}],"collection":[{"href":"https:\/\/ueberlebenskunst.at\/survivalshop\/wp-json\/wp\/v2\/product"}],"about":[{"href":"https:\/\/ueberlebenskunst.at\/survivalshop\/wp-json\/wp\/v2\/types\/product"}],"replies":[{"embeddable":true,"href":"https:\/\/ueberlebenskunst.at\/survivalshop\/wp-json\/wp\/v2\/comments?post=168799"}],"wp:featuredmedia":[{"embeddable":true,"href":"https:\/\/ueberlebenskunst.at\/survivalshop\/wp-json\/wp\/v2\/media\/168801"}],"wp:attachment":[{"href":"https:\/\/ueberlebenskunst.at\/survivalshop\/wp-json\/wp\/v2\/media?parent=168799"}],"wp:term":[{"taxonomy":"product_brand","embeddable":true,"href":"https:\/\/ueberlebenskunst.at\/survivalshop\/wp-json\/wp\/v2\/product_brand?post=168799"},{"taxonomy":"product_cat","embeddable":true,"href":"https:\/\/ueberlebenskunst.at\/survivalshop\/wp-json\/wp\/v2\/product_cat?post=168799"},{"taxonomy":"product_tag","embeddable":true,"href":"https:\/\/ueberlebenskunst.at\/survivalshop\/wp-json\/wp\/v2\/product_tag?post=168799"}],"curies":[{"name":"wp","href":"https:\/\/api.w.org\/{rel}","templated":true}]}}