{"id":168700,"date":"2024-08-13T16:15:15","date_gmt":"2024-08-13T14:15:15","guid":{"rendered":"https:\/\/ueberlebenskunst.at\/survivalshop\/?post_type=product&#038;p=168700"},"modified":"2026-03-20T23:53:15","modified_gmt":"2026-03-20T22:53:15","slug":"meinungsverstaerker-variante-kurz","status":"publish","type":"product","link":"https:\/\/ueberlebenskunst.at\/survivalshop\/shop\/meinungsverstaerker-variante-kurz\/","title":{"rendered":"Meinungsverst\u00e4rker &#8211; Variante kurz"},"content":{"rendered":"<p>Mit einem Meinungsverst\u00e4rker hast du ein kompaktes und vielseitiges Selbstverteidigungswerkzeug immer zur Hand. Er ist speziell daf\u00fcr gemacht, dir in kritischen Situationen schnell und effektiv zu helfen. Dank seiner handlichen Gr\u00f6\u00dfe liegt er bequem in deiner Hand und dient als verl\u00e4ngerter Arm, um Druckpunkte gezielt zu treffen oder empfindliche Stellen zu stimulieren. Der Meinungsverst\u00e4rker ist ideal, wenn du dich im Alltag sicherer f\u00fchlen m\u00f6chtest, ohne auff\u00e4llige oder sperrige Ausr\u00fcstung mit dir herumzutragen. Du kannst ihn auch als Schl\u00fcsselanh\u00e4nger verwenden, sodass er immer griffbereit ist, wenn du ihn brauchst.<\/p>\n<p>Schau dir hier noch unsere anderen <a href=\"https:\/\/ueberlebenskunst.at\/survivalshop\/produkt-schlagwort\/meinungsverstaerker\/\" target=\"_blank\" rel=\"noopener\">Meinungsverst\u00e4rker<\/a> an.<\/p>\n<h3><strong>Produktdaten:<\/strong><\/h3>\n<ul>\n<li>Gewicht: ca. 25 g<\/li>\n<li>Abmessungen: 125 x 23 x 8 mm<\/li>\n<\/ul>\n<h3><strong>Lieferumfang:<\/strong><\/h3>\n<ul>\n<li>Kubotan<\/li>\n<li>Elastisches Band<\/li>\n<\/ul>\n<p><strong>ACHTUNG:<\/strong> auf den Produktbildern befindet sich optionales Zubeh\u00f6r, das im Lieferumfang NICHT enthalten ist.<\/p>\n<h3>Bedienungs- &amp; Pflegeanleitung:<\/h3>\n<ul>\n<li>Die Reinigung mit Wasser\u00a0 ist m\u00f6glich.<\/li>\n<li>Du solltest das Produkt nicht direkt in die N\u00e4he von Feuer oder anderen Hitzequellen legen!<\/li>\n<li>Wird dieses Produkt \u00fcber l\u00e4ngere Zeit sehr kalten Temperaturen unter 0 \u00b0C ausgesetzt, solltest du<br \/>\nin dem Moment darauf achten, dass keine starken Belastungen darauf einwirken.<\/li>\n<\/ul>\n<p><strong>Unsere Produkte sind nicht f\u00fcr Kinder unter 3 Jahren geeignet. Es besteht Verschluckungsgefahr.<\/strong><\/p>\n<p><a href=\"https:\/\/ueberlebenskunst.at\/survivalshop\/wp-content\/uploads\/2024\/12\/Beipackzettel_Kubotan111224.pdf\" target=\"_blank\" rel=\"noopener\">&gt;&gt;Download Sicherheitsdatenblatt&lt;&lt; <\/a><\/p>\n<p><a href=\"https:\/\/ueberlebenskunst.at\/survivalshop\/wp-content\/uploads\/2021\/11\/Logo_Kubotan.png\"><img decoding=\"async\" class=\"alignnone size-medium wp-image-179572\" src=\"https:\/\/ueberlebenskunst.at\/survivalshop\/wp-content\/uploads\/2021\/11\/Logo_Kubotan-300x94.png\" alt=\"\" width=\"300\" height=\"94\" srcset=\"https:\/\/ueberlebenskunst.at\/survivalshop\/wp-content\/uploads\/2021\/11\/Logo_Kubotan-300x94.png 300w, https:\/\/ueberlebenskunst.at\/survivalshop\/wp-content\/uploads\/2021\/11\/Logo_Kubotan-64x20.png 64w, https:\/\/ueberlebenskunst.at\/survivalshop\/wp-content\/uploads\/2021\/11\/Logo_Kubotan.png 537w\" sizes=\"(max-width: 300px) 100vw, 300px\" \/><\/a><\/p>\n","protected":false},"excerpt":{"rendered":"<p>Mit einem Meinungsverst\u00e4rker hast du ein kompaktes und vielseitiges Selbstverteidigungswerkzeug immer zur Hand. Er ist speziell daf\u00fcr gemacht, dir in kritischen Situationen schnell und effektiv zu helfen. Dank seiner handlichen Gr\u00f6\u00dfe liegt er bequem in deiner Hand und dient als verl\u00e4ngerter Arm, um Druckpunkte gezielt zu treffen oder empfindliche Stellen zu stimulieren. Der Meinungsverst\u00e4rker ist [&hellip;]<\/p>\n","protected":false},"featured_media":171301,"comment_status":"open","ping_status":"closed","template":"","meta":{"_acf_changed":false},"product_brand":[],"product_cat":[1101,1945],"product_tag":[2325],"class_list":{"0":"post-168700","1":"product","2":"type-product","3":"status-publish","4":"has-post-thumbnail","6":"product_cat-ausruestung","7":"product_cat-survivalausruestung","8":"product_tag-meinungsverstaerker","9":"pa_farbe-schwarz","10":"pa_farbe-survival-orange","11":"pa_farbe-violett","13":"first","14":"instock","15":"taxable","16":"shipping-taxable","17":"purchasable","18":"product-type-variable","19":"has-default-attributes"},"acf":[],"yoast_head":"<!-- This site is optimized with the Yoast SEO plugin v27.1.1 - https:\/\/yoast.com\/product\/yoast-seo-wordpress\/ -->\n<title>Meinungsverst\u00e4rker - Variante kurz - Reini Rossmann - Survival Shop<\/title>\n<meta name=\"robots\" content=\"index, follow, max-snippet:-1, max-image-preview:large, max-video-preview:-1\" \/>\n<link rel=\"canonical\" href=\"https:\/\/ueberlebenskunst.at\/survivalshop\/shop\/meinungsverstaerker-variante-kurz\/\" \/>\n<meta property=\"og:locale\" content=\"de_DE\" \/>\n<meta property=\"og:type\" content=\"article\" \/>\n<meta property=\"og:title\" content=\"Meinungsverst\u00e4rker - Variante kurz - Reini Rossmann - Survival Shop\" \/>\n<meta property=\"og:description\" content=\"Mit einem Meinungsverst\u00e4rker hast du ein kompaktes und vielseitiges Selbstverteidigungswerkzeug immer zur Hand. Er ist speziell daf\u00fcr gemacht, dir in kritischen Situationen schnell und effektiv zu helfen. Dank seiner handlichen Gr\u00f6\u00dfe liegt er bequem in deiner Hand und dient als verl\u00e4ngerter Arm, um Druckpunkte gezielt zu treffen oder empfindliche Stellen zu stimulieren. Der Meinungsverst\u00e4rker ist [&hellip;]\" \/>\n<meta property=\"og:url\" content=\"https:\/\/ueberlebenskunst.at\/survivalshop\/shop\/meinungsverstaerker-variante-kurz\/\" \/>\n<meta property=\"og:site_name\" content=\"Reini Rossmann - Survival Shop\" \/>\n<meta property=\"article:publisher\" content=\"https:\/\/www.facebook.com\/survival24.org\/\" \/>\n<meta property=\"article:modified_time\" content=\"2026-03-20T22:53:15+00:00\" \/>\n<meta property=\"og:image\" content=\"https:\/\/ueberlebenskunst.at\/survivalshop\/wp-content\/uploads\/2024\/08\/Meinungsverstaerker_Variante_kurz_KUBFS_sk.jpg\" \/>\n\t<meta property=\"og:image:width\" content=\"400\" \/>\n\t<meta property=\"og:image:height\" content=\"400\" \/>\n\t<meta property=\"og:image:type\" content=\"image\/jpeg\" \/>\n<meta name=\"twitter:card\" content=\"summary_large_image\" \/>\n<meta name=\"twitter:label1\" content=\"Gesch\u00e4tzte Lesezeit\" \/>\n\t<meta name=\"twitter:data1\" content=\"2\u00a0Minuten\" \/>\n<script type=\"application\/ld+json\" class=\"yoast-schema-graph\">{\"@context\":\"https:\/\/schema.org\",\"@graph\":[{\"@type\":\"WebPage\",\"@id\":\"https:\/\/ueberlebenskunst.at\/survivalshop\/shop\/meinungsverstaerker-variante-kurz\/\",\"url\":\"https:\/\/ueberlebenskunst.at\/survivalshop\/shop\/meinungsverstaerker-variante-kurz\/\",\"name\":\"Meinungsverst\u00e4rker - Variante kurz - Reini Rossmann - Survival Shop\",\"isPartOf\":{\"@id\":\"https:\/\/ueberlebenskunst.at\/survivalshop\/#website\"},\"primaryImageOfPage\":{\"@id\":\"https:\/\/ueberlebenskunst.at\/survivalshop\/shop\/meinungsverstaerker-variante-kurz\/#primaryimage\"},\"image\":{\"@id\":\"https:\/\/ueberlebenskunst.at\/survivalshop\/shop\/meinungsverstaerker-variante-kurz\/#primaryimage\"},\"thumbnailUrl\":\"https:\/\/ueberlebenskunst.at\/survivalshop\/wp-content\/uploads\/2024\/08\/Meinungsverstaerker_Variante_kurz_KUBFS_sk.jpg\",\"datePublished\":\"2024-08-13T14:15:15+00:00\",\"dateModified\":\"2026-03-20T22:53:15+00:00\",\"breadcrumb\":{\"@id\":\"https:\/\/ueberlebenskunst.at\/survivalshop\/shop\/meinungsverstaerker-variante-kurz\/#breadcrumb\"},\"inLanguage\":\"de\",\"potentialAction\":[{\"@type\":\"ReadAction\",\"target\":[\"https:\/\/ueberlebenskunst.at\/survivalshop\/shop\/meinungsverstaerker-variante-kurz\/\"]}]},{\"@type\":\"ImageObject\",\"inLanguage\":\"de\",\"@id\":\"https:\/\/ueberlebenskunst.at\/survivalshop\/shop\/meinungsverstaerker-variante-kurz\/#primaryimage\",\"url\":\"https:\/\/ueberlebenskunst.at\/survivalshop\/wp-content\/uploads\/2024\/08\/Meinungsverstaerker_Variante_kurz_KUBFS_sk.jpg\",\"contentUrl\":\"https:\/\/ueberlebenskunst.at\/survivalshop\/wp-content\/uploads\/2024\/08\/Meinungsverstaerker_Variante_kurz_KUBFS_sk.jpg\",\"width\":400,\"height\":400},{\"@type\":\"BreadcrumbList\",\"@id\":\"https:\/\/ueberlebenskunst.at\/survivalshop\/shop\/meinungsverstaerker-variante-kurz\/#breadcrumb\",\"itemListElement\":[{\"@type\":\"ListItem\",\"position\":1,\"name\":\"Startseite\",\"item\":\"https:\/\/ueberlebenskunst.at\/survivalshop\/\"},{\"@type\":\"ListItem\",\"position\":2,\"name\":\"Shop\",\"item\":\"https:\/\/ueberlebenskunst.at\/survivalshop\/shop\/\"},{\"@type\":\"ListItem\",\"position\":3,\"name\":\"Meinungsverst\u00e4rker &#8211; Variante kurz\"}]},{\"@type\":\"WebSite\",\"@id\":\"https:\/\/ueberlebenskunst.at\/survivalshop\/#website\",\"url\":\"https:\/\/ueberlebenskunst.at\/survivalshop\/\",\"name\":\"Reini Rossmann - Survival Shop\",\"description\":\"Survival Shop f\u00fcr Survival, Bushcraft und Prepper\",\"potentialAction\":[{\"@type\":\"SearchAction\",\"target\":{\"@type\":\"EntryPoint\",\"urlTemplate\":\"https:\/\/ueberlebenskunst.at\/survivalshop\/?s={search_term_string}\"},\"query-input\":{\"@type\":\"PropertyValueSpecification\",\"valueRequired\":true,\"valueName\":\"search_term_string\"}}],\"inLanguage\":\"de\"}]}<\/script>\n<!-- \/ Yoast SEO plugin. -->","yoast_head_json":{"title":"Meinungsverst\u00e4rker - Variante kurz - Reini Rossmann - Survival Shop","robots":{"index":"index","follow":"follow","max-snippet":"max-snippet:-1","max-image-preview":"max-image-preview:large","max-video-preview":"max-video-preview:-1"},"canonical":"https:\/\/ueberlebenskunst.at\/survivalshop\/shop\/meinungsverstaerker-variante-kurz\/","og_locale":"de_DE","og_type":"article","og_title":"Meinungsverst\u00e4rker - Variante kurz - Reini Rossmann - Survival Shop","og_description":"Mit einem Meinungsverst\u00e4rker hast du ein kompaktes und vielseitiges Selbstverteidigungswerkzeug immer zur Hand. Er ist speziell daf\u00fcr gemacht, dir in kritischen Situationen schnell und effektiv zu helfen. Dank seiner handlichen Gr\u00f6\u00dfe liegt er bequem in deiner Hand und dient als verl\u00e4ngerter Arm, um Druckpunkte gezielt zu treffen oder empfindliche Stellen zu stimulieren. Der Meinungsverst\u00e4rker ist [&hellip;]","og_url":"https:\/\/ueberlebenskunst.at\/survivalshop\/shop\/meinungsverstaerker-variante-kurz\/","og_site_name":"Reini Rossmann - Survival Shop","article_publisher":"https:\/\/www.facebook.com\/survival24.org\/","article_modified_time":"2026-03-20T22:53:15+00:00","og_image":[{"width":400,"height":400,"url":"https:\/\/ueberlebenskunst.at\/survivalshop\/wp-content\/uploads\/2024\/08\/Meinungsverstaerker_Variante_kurz_KUBFS_sk.jpg","type":"image\/jpeg"}],"twitter_card":"summary_large_image","twitter_misc":{"Gesch\u00e4tzte Lesezeit":"2\u00a0Minuten"},"schema":{"@context":"https:\/\/schema.org","@graph":[{"@type":"WebPage","@id":"https:\/\/ueberlebenskunst.at\/survivalshop\/shop\/meinungsverstaerker-variante-kurz\/","url":"https:\/\/ueberlebenskunst.at\/survivalshop\/shop\/meinungsverstaerker-variante-kurz\/","name":"Meinungsverst\u00e4rker - Variante kurz - Reini Rossmann - Survival Shop","isPartOf":{"@id":"https:\/\/ueberlebenskunst.at\/survivalshop\/#website"},"primaryImageOfPage":{"@id":"https:\/\/ueberlebenskunst.at\/survivalshop\/shop\/meinungsverstaerker-variante-kurz\/#primaryimage"},"image":{"@id":"https:\/\/ueberlebenskunst.at\/survivalshop\/shop\/meinungsverstaerker-variante-kurz\/#primaryimage"},"thumbnailUrl":"https:\/\/ueberlebenskunst.at\/survivalshop\/wp-content\/uploads\/2024\/08\/Meinungsverstaerker_Variante_kurz_KUBFS_sk.jpg","datePublished":"2024-08-13T14:15:15+00:00","dateModified":"2026-03-20T22:53:15+00:00","breadcrumb":{"@id":"https:\/\/ueberlebenskunst.at\/survivalshop\/shop\/meinungsverstaerker-variante-kurz\/#breadcrumb"},"inLanguage":"de","potentialAction":[{"@type":"ReadAction","target":["https:\/\/ueberlebenskunst.at\/survivalshop\/shop\/meinungsverstaerker-variante-kurz\/"]}]},{"@type":"ImageObject","inLanguage":"de","@id":"https:\/\/ueberlebenskunst.at\/survivalshop\/shop\/meinungsverstaerker-variante-kurz\/#primaryimage","url":"https:\/\/ueberlebenskunst.at\/survivalshop\/wp-content\/uploads\/2024\/08\/Meinungsverstaerker_Variante_kurz_KUBFS_sk.jpg","contentUrl":"https:\/\/ueberlebenskunst.at\/survivalshop\/wp-content\/uploads\/2024\/08\/Meinungsverstaerker_Variante_kurz_KUBFS_sk.jpg","width":400,"height":400},{"@type":"BreadcrumbList","@id":"https:\/\/ueberlebenskunst.at\/survivalshop\/shop\/meinungsverstaerker-variante-kurz\/#breadcrumb","itemListElement":[{"@type":"ListItem","position":1,"name":"Startseite","item":"https:\/\/ueberlebenskunst.at\/survivalshop\/"},{"@type":"ListItem","position":2,"name":"Shop","item":"https:\/\/ueberlebenskunst.at\/survivalshop\/shop\/"},{"@type":"ListItem","position":3,"name":"Meinungsverst\u00e4rker &#8211; Variante kurz"}]},{"@type":"WebSite","@id":"https:\/\/ueberlebenskunst.at\/survivalshop\/#website","url":"https:\/\/ueberlebenskunst.at\/survivalshop\/","name":"Reini Rossmann - Survival Shop","description":"Survival Shop f\u00fcr Survival, Bushcraft und Prepper","potentialAction":[{"@type":"SearchAction","target":{"@type":"EntryPoint","urlTemplate":"https:\/\/ueberlebenskunst.at\/survivalshop\/?s={search_term_string}"},"query-input":{"@type":"PropertyValueSpecification","valueRequired":true,"valueName":"search_term_string"}}],"inLanguage":"de"}]}},"_links":{"self":[{"href":"https:\/\/ueberlebenskunst.at\/survivalshop\/wp-json\/wp\/v2\/product\/168700","targetHints":{"allow":["GET"]}}],"collection":[{"href":"https:\/\/ueberlebenskunst.at\/survivalshop\/wp-json\/wp\/v2\/product"}],"about":[{"href":"https:\/\/ueberlebenskunst.at\/survivalshop\/wp-json\/wp\/v2\/types\/product"}],"replies":[{"embeddable":true,"href":"https:\/\/ueberlebenskunst.at\/survivalshop\/wp-json\/wp\/v2\/comments?post=168700"}],"wp:featuredmedia":[{"embeddable":true,"href":"https:\/\/ueberlebenskunst.at\/survivalshop\/wp-json\/wp\/v2\/media\/171301"}],"wp:attachment":[{"href":"https:\/\/ueberlebenskunst.at\/survivalshop\/wp-json\/wp\/v2\/media?parent=168700"}],"wp:term":[{"taxonomy":"product_brand","embeddable":true,"href":"https:\/\/ueberlebenskunst.at\/survivalshop\/wp-json\/wp\/v2\/product_brand?post=168700"},{"taxonomy":"product_cat","embeddable":true,"href":"https:\/\/ueberlebenskunst.at\/survivalshop\/wp-json\/wp\/v2\/product_cat?post=168700"},{"taxonomy":"product_tag","embeddable":true,"href":"https:\/\/ueberlebenskunst.at\/survivalshop\/wp-json\/wp\/v2\/product_tag?post=168700"}],"curies":[{"name":"wp","href":"https:\/\/api.w.org\/{rel}","templated":true}]}}