{"id":167392,"date":"2024-06-28T09:29:25","date_gmt":"2024-06-28T07:29:25","guid":{"rendered":"https:\/\/ueberlebenskunst.at\/survivalshop\/?post_type=product&#038;p=167392"},"modified":"2026-03-07T13:16:07","modified_gmt":"2026-03-07T12:16:07","slug":"m10-front-montage-kit-19-19","status":"publish","type":"product","link":"https:\/\/ueberlebenskunst.at\/survivalshop\/shop\/m10-front-montage-kit-19-19\/","title":{"rendered":"M10 Front Montage Kit 19\/19"},"content":{"rendered":"<p>Die perfekte Erg\u00e4nzung f\u00fcr deinen <a href=\"https:\/\/ueberlebenskunst.at\/survivalshop\/shop\/steambow-m10-upper\/\" target=\"_blank\" rel=\"noopener\">M10 Upper<\/a> oder deine M10 Armbrust, um an der von Steambow gelieferten Fronteinheit eine Lampe, einen Laser oder einen Wachscontainer montieren zu k\u00f6nnen.<\/p>\n<p>Dieses Produkt wird in \u00d6sterreich bei Reini Rossmann produziert. Im Lieferumfang sind zwei Montageeinheiten enthalten, eine f\u00fcr die linke und eine f\u00fcr die rechte Seite. Der Klemmdurchmesser der Montageeinheit betr\u00e4gt jeweils 19 mm. Das bedeutet, dass eine Montage des <a href=\"https:\/\/ueberlebenskunst.at\/survivalshop\/shop\/gruener-laser\/\" target=\"_blank\" rel=\"noopener\">gr\u00fcnen Lasers<\/a>, der <a href=\"https:\/\/ueberlebenskunst.at\/survivalshop\/shop\/stinger-ar-6-lampe-einzeln-ohne-montage\/\" target=\"_blank\" rel=\"noopener\">taktischen Steambow Lampe<\/a> sowie des <a href=\"https:\/\/ueberlebenskunst.at\/survivalshop\/shop\/container-fuer-universalhalterung\/\" target=\"_blank\" rel=\"noopener\">Wachscontainers<\/a> m\u00f6glich ist.<\/p>\n<p>Montiert werden beide Montageeinheiten am Upper mit dem im <a href=\"https:\/\/ueberlebenskunst.at\/survivalshop\/shop\/steambow-m10-upper\/\" target=\"_blank\" rel=\"noopener\">M10 Upper<\/a> mitgelieferten original Schrauben.<\/p>\n<h3>Lieferumfang:<\/h3>\n<ul>\n<li>1 Stk. Montageeinheit 19 mm links<\/li>\n<li>1 Stk. Montageeinheit 19 mm rechts<\/li>\n<li>Schrauben f\u00fcr Klemmring<\/li>\n<\/ul>\n<h3>Passendes Zubeh\u00f6r:<\/h3>\n<ul>\n<li>Stinger <a href=\"https:\/\/ueberlebenskunst.at\/survivalshop\/shop\/stinger-ar-6-lampe-einzeln-ohne-montage\/\" target=\"_blank\" rel=\"noopener\">Lampe<\/a><\/li>\n<li>Taktischer <a href=\"https:\/\/ueberlebenskunst.at\/survivalshop\/shop\/taktischer-clip-fuer-steambow-lampe\/\" target=\"_blank\" rel=\"noopener\">Clip f\u00fcr Lampe<\/a><\/li>\n<li><a href=\"https:\/\/ueberlebenskunst.at\/survivalshop\/shop\/gruener-laser\/\" target=\"_blank\" rel=\"noopener\">Laser<\/a><\/li>\n<li><a href=\"https:\/\/ueberlebenskunst.at\/survivalshop\/shop\/wachs-container-fuer-universal-picatinnyhalterung\/\" target=\"_blank\" rel=\"noopener\">Wachs-Container f\u00fcr Universalhalterung 19 mm<\/a><\/li>\n<\/ul>\n<h3>Bedienungs- &amp; Pflegeanleitung:<\/h3>\n<ul>\n<li>Die Reinigung mit Wasser und Seife ist m\u00f6glich.<\/li>\n<li>Du solltest die Steckscheide nicht direkt in die N\u00e4he von Feuer oder anderen Hitzequellen legen!<\/li>\n<li>Wird deine Steckscheide \u00fcber l\u00e4ngere Zeit sehr kalten Temperaturen unter 0 \u00b0C ausgesetzt, solltest du<br \/>\nin dem Moment darauf achten, dass keine starken Belastungen darauf einwirken.<\/li>\n<\/ul>\n<p>Unsere Produkte sind nicht f\u00fcr Kinder unter 3 Jahren geeignet. Es besteht Verschluckungsgefahr.<\/p>\n<p><a href=\"https:\/\/ueberlebenskunst.at\/survivalshop\/wp-content\/uploads\/2021\/11\/Logo_Kinder.png\"><img decoding=\"async\" class=\"alignnone size-medium wp-image-179571\" src=\"https:\/\/ueberlebenskunst.at\/survivalshop\/wp-content\/uploads\/2021\/11\/Logo_Kinder-300x126.png\" alt=\"\" width=\"300\" height=\"126\" srcset=\"https:\/\/ueberlebenskunst.at\/survivalshop\/wp-content\/uploads\/2021\/11\/Logo_Kinder-300x126.png 300w, https:\/\/ueberlebenskunst.at\/survivalshop\/wp-content\/uploads\/2021\/11\/Logo_Kinder-64x27.png 64w, https:\/\/ueberlebenskunst.at\/survivalshop\/wp-content\/uploads\/2021\/11\/Logo_Kinder.png 401w\" sizes=\"(max-width: 300px) 100vw, 300px\" \/><\/a><\/p>\n<p>Du willst das Produkt in einer anderen Farbe? Schick uns eine E-Mail an shop@ueberlebenskunst.at und wir pr\u00fcfen, ob dein Farbwunsch m\u00f6glich ist.<\/p>\n","protected":false},"excerpt":{"rendered":"<p>Die perfekte Erg\u00e4nzung f\u00fcr deinen M10 Upper oder deine M10 Armbrust, um an der von Steambow gelieferten Fronteinheit eine Lampe, einen Laser oder einen Wachscontainer montieren zu k\u00f6nnen. Dieses Produkt wird in \u00d6sterreich bei Reini Rossmann produziert. Im Lieferumfang sind zwei Montageeinheiten enthalten, eine f\u00fcr die linke und eine f\u00fcr die rechte Seite. Der Klemmdurchmesser [&hellip;]<\/p>\n","protected":false},"featured_media":167949,"comment_status":"open","ping_status":"closed","template":"","meta":{"_acf_changed":false},"product_brand":[],"product_cat":[1893],"product_tag":[2196,2305],"class_list":{"0":"post-167392","1":"product","2":"type-product","3":"status-publish","4":"has-post-thumbnail","6":"product_cat-steambow-stinger-bogensport-pfeil-kugel","7":"product_tag-m10","8":"product_tag-m10-upgrade-kit","10":"first","11":"instock","12":"taxable","13":"shipping-taxable","14":"purchasable","15":"product-type-simple"},"acf":[],"yoast_head":"<!-- This site is optimized with the Yoast SEO plugin v27.1.1 - https:\/\/yoast.com\/product\/yoast-seo-wordpress\/ -->\n<title>M10 Front Montage Kit 19\/19 - Reini Rossmann - Survival Shop<\/title>\n<meta name=\"robots\" content=\"index, follow, max-snippet:-1, max-image-preview:large, max-video-preview:-1\" \/>\n<link rel=\"canonical\" href=\"https:\/\/ueberlebenskunst.at\/survivalshop\/shop\/m10-front-montage-kit-19-19\/\" \/>\n<meta property=\"og:locale\" content=\"de_DE\" \/>\n<meta property=\"og:type\" content=\"article\" \/>\n<meta property=\"og:title\" content=\"M10 Front Montage Kit 19\/19 - Reini Rossmann - Survival Shop\" \/>\n<meta property=\"og:description\" content=\"Die perfekte Erg\u00e4nzung f\u00fcr deinen M10 Upper oder deine M10 Armbrust, um an der von Steambow gelieferten Fronteinheit eine Lampe, einen Laser oder einen Wachscontainer montieren zu k\u00f6nnen. Dieses Produkt wird in \u00d6sterreich bei Reini Rossmann produziert. Im Lieferumfang sind zwei Montageeinheiten enthalten, eine f\u00fcr die linke und eine f\u00fcr die rechte Seite. Der Klemmdurchmesser [&hellip;]\" \/>\n<meta property=\"og:url\" content=\"https:\/\/ueberlebenskunst.at\/survivalshop\/shop\/m10-front-montage-kit-19-19\/\" \/>\n<meta property=\"og:site_name\" content=\"Reini Rossmann - Survival Shop\" \/>\n<meta property=\"article:publisher\" content=\"https:\/\/www.facebook.com\/survival24.org\/\" \/>\n<meta property=\"article:modified_time\" content=\"2026-03-07T12:16:07+00:00\" \/>\n<meta property=\"og:image\" content=\"https:\/\/ueberlebenskunst.at\/survivalshop\/wp-content\/uploads\/2024\/06\/M10_Front_Montage_Kit_19-19_M10MK19_montiert_sk.jpg\" \/>\n\t<meta property=\"og:image:width\" content=\"400\" \/>\n\t<meta property=\"og:image:height\" content=\"400\" \/>\n\t<meta property=\"og:image:type\" content=\"image\/jpeg\" \/>\n<meta name=\"twitter:card\" content=\"summary_large_image\" \/>\n<meta name=\"twitter:label1\" content=\"Gesch\u00e4tzte Lesezeit\" \/>\n\t<meta name=\"twitter:data1\" content=\"2\u00a0Minuten\" \/>\n<script type=\"application\/ld+json\" class=\"yoast-schema-graph\">{\"@context\":\"https:\/\/schema.org\",\"@graph\":[{\"@type\":\"WebPage\",\"@id\":\"https:\/\/ueberlebenskunst.at\/survivalshop\/shop\/m10-front-montage-kit-19-19\/\",\"url\":\"https:\/\/ueberlebenskunst.at\/survivalshop\/shop\/m10-front-montage-kit-19-19\/\",\"name\":\"M10 Front Montage Kit 19\/19 - Reini Rossmann - Survival Shop\",\"isPartOf\":{\"@id\":\"https:\/\/ueberlebenskunst.at\/survivalshop\/#website\"},\"primaryImageOfPage\":{\"@id\":\"https:\/\/ueberlebenskunst.at\/survivalshop\/shop\/m10-front-montage-kit-19-19\/#primaryimage\"},\"image\":{\"@id\":\"https:\/\/ueberlebenskunst.at\/survivalshop\/shop\/m10-front-montage-kit-19-19\/#primaryimage\"},\"thumbnailUrl\":\"https:\/\/ueberlebenskunst.at\/survivalshop\/wp-content\/uploads\/2024\/06\/M10_Front_Montage_Kit_19-19_M10MK19_montiert_sk.jpg\",\"datePublished\":\"2024-06-28T07:29:25+00:00\",\"dateModified\":\"2026-03-07T12:16:07+00:00\",\"breadcrumb\":{\"@id\":\"https:\/\/ueberlebenskunst.at\/survivalshop\/shop\/m10-front-montage-kit-19-19\/#breadcrumb\"},\"inLanguage\":\"de\",\"potentialAction\":[{\"@type\":\"ReadAction\",\"target\":[\"https:\/\/ueberlebenskunst.at\/survivalshop\/shop\/m10-front-montage-kit-19-19\/\"]}]},{\"@type\":\"ImageObject\",\"inLanguage\":\"de\",\"@id\":\"https:\/\/ueberlebenskunst.at\/survivalshop\/shop\/m10-front-montage-kit-19-19\/#primaryimage\",\"url\":\"https:\/\/ueberlebenskunst.at\/survivalshop\/wp-content\/uploads\/2024\/06\/M10_Front_Montage_Kit_19-19_M10MK19_montiert_sk.jpg\",\"contentUrl\":\"https:\/\/ueberlebenskunst.at\/survivalshop\/wp-content\/uploads\/2024\/06\/M10_Front_Montage_Kit_19-19_M10MK19_montiert_sk.jpg\",\"width\":400,\"height\":400},{\"@type\":\"BreadcrumbList\",\"@id\":\"https:\/\/ueberlebenskunst.at\/survivalshop\/shop\/m10-front-montage-kit-19-19\/#breadcrumb\",\"itemListElement\":[{\"@type\":\"ListItem\",\"position\":1,\"name\":\"Startseite\",\"item\":\"https:\/\/ueberlebenskunst.at\/survivalshop\/\"},{\"@type\":\"ListItem\",\"position\":2,\"name\":\"Shop\",\"item\":\"https:\/\/ueberlebenskunst.at\/survivalshop\/shop\/\"},{\"@type\":\"ListItem\",\"position\":3,\"name\":\"M10 Front Montage Kit 19\/19\"}]},{\"@type\":\"WebSite\",\"@id\":\"https:\/\/ueberlebenskunst.at\/survivalshop\/#website\",\"url\":\"https:\/\/ueberlebenskunst.at\/survivalshop\/\",\"name\":\"Reini Rossmann - Survival Shop\",\"description\":\"Survival Shop f\u00fcr Survival, Bushcraft und Prepper\",\"potentialAction\":[{\"@type\":\"SearchAction\",\"target\":{\"@type\":\"EntryPoint\",\"urlTemplate\":\"https:\/\/ueberlebenskunst.at\/survivalshop\/?s={search_term_string}\"},\"query-input\":{\"@type\":\"PropertyValueSpecification\",\"valueRequired\":true,\"valueName\":\"search_term_string\"}}],\"inLanguage\":\"de\"}]}<\/script>\n<!-- \/ Yoast SEO plugin. -->","yoast_head_json":{"title":"M10 Front Montage Kit 19\/19 - Reini Rossmann - Survival Shop","robots":{"index":"index","follow":"follow","max-snippet":"max-snippet:-1","max-image-preview":"max-image-preview:large","max-video-preview":"max-video-preview:-1"},"canonical":"https:\/\/ueberlebenskunst.at\/survivalshop\/shop\/m10-front-montage-kit-19-19\/","og_locale":"de_DE","og_type":"article","og_title":"M10 Front Montage Kit 19\/19 - Reini Rossmann - Survival Shop","og_description":"Die perfekte Erg\u00e4nzung f\u00fcr deinen M10 Upper oder deine M10 Armbrust, um an der von Steambow gelieferten Fronteinheit eine Lampe, einen Laser oder einen Wachscontainer montieren zu k\u00f6nnen. Dieses Produkt wird in \u00d6sterreich bei Reini Rossmann produziert. Im Lieferumfang sind zwei Montageeinheiten enthalten, eine f\u00fcr die linke und eine f\u00fcr die rechte Seite. Der Klemmdurchmesser [&hellip;]","og_url":"https:\/\/ueberlebenskunst.at\/survivalshop\/shop\/m10-front-montage-kit-19-19\/","og_site_name":"Reini Rossmann - Survival Shop","article_publisher":"https:\/\/www.facebook.com\/survival24.org\/","article_modified_time":"2026-03-07T12:16:07+00:00","og_image":[{"width":400,"height":400,"url":"https:\/\/ueberlebenskunst.at\/survivalshop\/wp-content\/uploads\/2024\/06\/M10_Front_Montage_Kit_19-19_M10MK19_montiert_sk.jpg","type":"image\/jpeg"}],"twitter_card":"summary_large_image","twitter_misc":{"Gesch\u00e4tzte Lesezeit":"2\u00a0Minuten"},"schema":{"@context":"https:\/\/schema.org","@graph":[{"@type":"WebPage","@id":"https:\/\/ueberlebenskunst.at\/survivalshop\/shop\/m10-front-montage-kit-19-19\/","url":"https:\/\/ueberlebenskunst.at\/survivalshop\/shop\/m10-front-montage-kit-19-19\/","name":"M10 Front Montage Kit 19\/19 - Reini Rossmann - Survival Shop","isPartOf":{"@id":"https:\/\/ueberlebenskunst.at\/survivalshop\/#website"},"primaryImageOfPage":{"@id":"https:\/\/ueberlebenskunst.at\/survivalshop\/shop\/m10-front-montage-kit-19-19\/#primaryimage"},"image":{"@id":"https:\/\/ueberlebenskunst.at\/survivalshop\/shop\/m10-front-montage-kit-19-19\/#primaryimage"},"thumbnailUrl":"https:\/\/ueberlebenskunst.at\/survivalshop\/wp-content\/uploads\/2024\/06\/M10_Front_Montage_Kit_19-19_M10MK19_montiert_sk.jpg","datePublished":"2024-06-28T07:29:25+00:00","dateModified":"2026-03-07T12:16:07+00:00","breadcrumb":{"@id":"https:\/\/ueberlebenskunst.at\/survivalshop\/shop\/m10-front-montage-kit-19-19\/#breadcrumb"},"inLanguage":"de","potentialAction":[{"@type":"ReadAction","target":["https:\/\/ueberlebenskunst.at\/survivalshop\/shop\/m10-front-montage-kit-19-19\/"]}]},{"@type":"ImageObject","inLanguage":"de","@id":"https:\/\/ueberlebenskunst.at\/survivalshop\/shop\/m10-front-montage-kit-19-19\/#primaryimage","url":"https:\/\/ueberlebenskunst.at\/survivalshop\/wp-content\/uploads\/2024\/06\/M10_Front_Montage_Kit_19-19_M10MK19_montiert_sk.jpg","contentUrl":"https:\/\/ueberlebenskunst.at\/survivalshop\/wp-content\/uploads\/2024\/06\/M10_Front_Montage_Kit_19-19_M10MK19_montiert_sk.jpg","width":400,"height":400},{"@type":"BreadcrumbList","@id":"https:\/\/ueberlebenskunst.at\/survivalshop\/shop\/m10-front-montage-kit-19-19\/#breadcrumb","itemListElement":[{"@type":"ListItem","position":1,"name":"Startseite","item":"https:\/\/ueberlebenskunst.at\/survivalshop\/"},{"@type":"ListItem","position":2,"name":"Shop","item":"https:\/\/ueberlebenskunst.at\/survivalshop\/shop\/"},{"@type":"ListItem","position":3,"name":"M10 Front Montage Kit 19\/19"}]},{"@type":"WebSite","@id":"https:\/\/ueberlebenskunst.at\/survivalshop\/#website","url":"https:\/\/ueberlebenskunst.at\/survivalshop\/","name":"Reini Rossmann - Survival Shop","description":"Survival Shop f\u00fcr Survival, Bushcraft und Prepper","potentialAction":[{"@type":"SearchAction","target":{"@type":"EntryPoint","urlTemplate":"https:\/\/ueberlebenskunst.at\/survivalshop\/?s={search_term_string}"},"query-input":{"@type":"PropertyValueSpecification","valueRequired":true,"valueName":"search_term_string"}}],"inLanguage":"de"}]}},"_links":{"self":[{"href":"https:\/\/ueberlebenskunst.at\/survivalshop\/wp-json\/wp\/v2\/product\/167392","targetHints":{"allow":["GET"]}}],"collection":[{"href":"https:\/\/ueberlebenskunst.at\/survivalshop\/wp-json\/wp\/v2\/product"}],"about":[{"href":"https:\/\/ueberlebenskunst.at\/survivalshop\/wp-json\/wp\/v2\/types\/product"}],"replies":[{"embeddable":true,"href":"https:\/\/ueberlebenskunst.at\/survivalshop\/wp-json\/wp\/v2\/comments?post=167392"}],"wp:featuredmedia":[{"embeddable":true,"href":"https:\/\/ueberlebenskunst.at\/survivalshop\/wp-json\/wp\/v2\/media\/167949"}],"wp:attachment":[{"href":"https:\/\/ueberlebenskunst.at\/survivalshop\/wp-json\/wp\/v2\/media?parent=167392"}],"wp:term":[{"taxonomy":"product_brand","embeddable":true,"href":"https:\/\/ueberlebenskunst.at\/survivalshop\/wp-json\/wp\/v2\/product_brand?post=167392"},{"taxonomy":"product_cat","embeddable":true,"href":"https:\/\/ueberlebenskunst.at\/survivalshop\/wp-json\/wp\/v2\/product_cat?post=167392"},{"taxonomy":"product_tag","embeddable":true,"href":"https:\/\/ueberlebenskunst.at\/survivalshop\/wp-json\/wp\/v2\/product_tag?post=167392"}],"curies":[{"name":"wp","href":"https:\/\/api.w.org\/{rel}","templated":true}]}}