{"id":167376,"date":"2024-06-28T07:41:08","date_gmt":"2024-06-28T05:41:08","guid":{"rendered":"https:\/\/ueberlebenskunst.at\/survivalshop\/?post_type=product&#038;p=167376"},"modified":"2026-04-13T22:08:52","modified_gmt":"2026-04-13T20:08:52","slug":"ar-series-m10-tactical-armbrust","status":"publish","type":"product","link":"https:\/\/ueberlebenskunst.at\/survivalshop\/shop\/ar-series-m10-tactical-armbrust\/","title":{"rendered":"AR-Series &#8211; M10 Tactical Armbrust mit wechselbarem Magazin"},"content":{"rendered":"<p><strong>Leicht &amp; robust:<\/strong> Die M10 besteht aus hochfestem Polymer mit hohem Glasfaseranteil, was sie extrem stabil und leicht macht. Dadurch ist sie sehr handlich und schnell einsatzbereit. Ihr geringes Gewicht erleichtert den Transport, und sie kann zerlegt und in wenigen Sekunden wieder zusammengesetzt werden.<\/p>\n<div class=\"flex flex-grow flex-col max-w-full\">\n<div class=\"min-h-[20px] text-message flex flex-col items-start whitespace-pre-wrap break-words [.text-message+&amp;]:mt-5 juice:w-full juice:items-end overflow-x-auto gap-2\" dir=\"auto\" data-message-author-role=\"assistant\" data-message-id=\"11b25fce-3863-4b32-9dea-7158de13c92e\">\n<div class=\"flex w-full flex-col gap-1 juice:empty:hidden juice:first:pt-[3px]\">\n<div class=\"markdown prose w-full break-words dark:prose-invert light\">\n<p><strong>Schnell &amp; pr\u00e4zise:<\/strong> Die M10 bietet schnelle Zielerfassung, hohe Pr\u00e4zision und Zuverl\u00e4ssigkeit, ideal f\u00fcr Personenschutz, Schie\u00dfsport oder Jagd (in allen L\u00e4ndern, in denen die Bogenjagd erlaubt ist).<br \/>\nDas Schnellspannsystem erm\u00f6glicht schnelles Nachladen und hohe Feuerrate. Das Visier hat ein gut sichtbares Leuchtkorn, und der Hinterschaft ist l\u00e4ngen- und h\u00f6henverstellbar.<\/p>\n<p><strong>Maximale Feuerkraft:<\/strong> Die Magazine fassen 10 Pfeile und sind kompatibel mit allen 6,2 x 162 mm Pfeilen. Sie haben die Gr\u00f6\u00dfe von STANAG-Magazinen und passen in g\u00e4ngige Magazintaschen.<\/p>\n<p><strong>Sicherheit &amp; Praxistauglichkeit:<\/strong> Eine manuelle Sicherung deaktiviert die Armbrust bei Bedarf. Vier Picatinny-Schienen erm\u00f6glichen Zubeh\u00f6rmontage, und QD-Befestigungspunkte erlauben schnelle Anbringung eines Gewehrriemens.<\/p>\n<\/div>\n<\/div>\n<\/div>\n<\/div>\n<h3>Technische Daten:<\/h3>\n<ul>\n<li>L\u00e4nge: 556 \u2013 632 mm<\/li>\n<li>Breite: 445 mm<\/li>\n<li>H\u00f6he: 219 mm<\/li>\n<li>Gewicht: 1,16 kg<\/li>\n<li>L\u00e4ngenverstellbarer Hinterschaft<\/li>\n<li>Material: schlagfestes, UV-best\u00e4ndiges Polymer<\/li>\n<li>Made in Taiwan<\/li>\n<\/ul>\n<h3>Lieferumfang:<\/h3>\n<ul>\n<li>1 AR-Series \u2013 M10 Upper, Polymer<\/li>\n<li>1 AR-Series \u2013 Lower Tactical, Gen2 (inkl. vertikaler Vordergriff mit Innenfach sowie Hinterschaft mit h\u00f6henverstellbarer Wangenauflage)<\/li>\n<li>1 AR-Series \u2013 Modul Wurfarm 75 lbs<\/li>\n<li>1 zus\u00e4tzliches <a href=\"https:\/\/ueberlebenskunst.at\/survivalshop\/shop\/steambow-m10-wechselmagazin\/\" target=\"_blank\" rel=\"noopener\">M10 Magazin<\/a> (in Summe also insgesamt 2 Magazine)<\/li>\n<li>20 Aluminium \u00dcbungspfeile<\/li>\n<li>1 Spannhilfe<\/li>\n<li>Tuning Trigger in schwarz (bereits verbaut)<\/li>\n<li>1 Sehnenwachs<\/li>\n<li>Es liegt KEIN Handbuch bei.<\/li>\n<\/ul>\n<h3>Empfohlenes, optionales Zubeh\u00f6r (separat erh\u00e4ltlich):<\/h3>\n<ul>\n<li><a href=\"https:\/\/ueberlebenskunst.at\/survivalshop\/shop\/m10-upper-ersatzvisier\/\" target=\"_blank\" rel=\"noopener\">Reinis M10 Kimme<\/a><\/li>\n<li><a href=\"https:\/\/ueberlebenskunst.at\/survivalshop\/shop\/steambow-m10-wechselmagazin\/\" target=\"_blank\" rel=\"noopener\">M10 Wechselmagazin<\/a><\/li>\n<li><a href=\"https:\/\/ueberlebenskunst.at\/survivalshop\/shop\/universal-halterung-fuer-m10-tactical\/\" target=\"_blank\" rel=\"noopener\">Universal Halterung f\u00fcr M10 Tactical Armbrust<\/a><\/li>\n<li><a href=\"https:\/\/ueberlebenskunst.at\/survivalshop\/shop\/m10-front-picatinny-kit\/\" target=\"_blank\" rel=\"noopener\">M10 Front Picatinny Kit<\/a><\/li>\n<li><a href=\"https:\/\/ueberlebenskunst.at\/survivalshop\/shop\/universal-halterung-fuer-steambow-m10-upper\/\" target=\"_blank\" rel=\"noopener\">Fronteinheit 19\/19 f\u00fcr M10 Upper<\/a><\/li>\n<li><a href=\"https:\/\/ueberlebenskunst.at\/survivalshop\/shop\/m10-front-montage-kit-19-19\/\" target=\"_blank\" rel=\"noopener\">M10 Front Montage Kit 19\/19<\/a><\/li>\n<li><a href=\"https:\/\/ueberlebenskunst.at\/survivalshop\/shop\/m10-picatinny-verlaengerung\/\" target=\"_blank\" rel=\"noopener\">M10 Picatinny Verl\u00e4ngerung<\/a><\/li>\n<li><a href=\"https:\/\/ueberlebenskunst.at\/survivalshop\/shop\/steambow-armbrust-rucksack\/\" target=\"_blank\" rel=\"noopener\">AR-6 Steambow Stinger 2 Armbrust Survival-Tasche oliv<\/a><\/li>\n<\/ul>\n<p><strong>Achtung: Die Armbrust kann nur an Personen \u00fcber 18 Jahre abgegeben werden. <\/strong><strong>Bitte lade deine Ausweiskopie beim Bestellabschluss hoch.<\/strong><\/p>\n","protected":false},"excerpt":{"rendered":"<p>Leicht &amp; robust: Die M10 besteht aus hochfestem Polymer mit hohem Glasfaseranteil, was sie extrem stabil und leicht macht. Dadurch ist sie sehr handlich und schnell einsatzbereit. Ihr geringes Gewicht erleichtert den Transport, und sie kann zerlegt und in wenigen Sekunden wieder zusammengesetzt werden. Schnell &amp; pr\u00e4zise: Die M10 bietet schnelle Zielerfassung, hohe Pr\u00e4zision und [&hellip;]<\/p>\n","protected":false},"featured_media":167434,"comment_status":"open","ping_status":"closed","template":"","meta":{"_acf_changed":false},"product_brand":[],"product_cat":[1893],"product_tag":[2196,490],"class_list":{"0":"post-167376","1":"product","2":"type-product","3":"status-publish","4":"has-post-thumbnail","6":"product_cat-steambow-stinger-bogensport-pfeil-kugel","7":"product_tag-m10","8":"product_tag-steambow","10":"first","11":"instock","12":"taxable","13":"shipping-taxable","14":"purchasable","15":"product-type-simple"},"acf":[],"yoast_head":"<!-- This site is optimized with the Yoast SEO plugin v27.1.1 - https:\/\/yoast.com\/product\/yoast-seo-wordpress\/ -->\n<title>AR-Series - M10 Tactical Armbrust mit wechselbarem Magazin - Reini Rossmann - Survival Shop<\/title>\n<meta name=\"robots\" content=\"index, follow, max-snippet:-1, max-image-preview:large, max-video-preview:-1\" \/>\n<link rel=\"canonical\" href=\"https:\/\/ueberlebenskunst.at\/survivalshop\/shop\/ar-series-m10-tactical-armbrust\/\" \/>\n<meta property=\"og:locale\" content=\"de_DE\" \/>\n<meta property=\"og:type\" content=\"article\" \/>\n<meta property=\"og:title\" content=\"AR-Series - M10 Tactical Armbrust mit wechselbarem Magazin - Reini Rossmann - Survival Shop\" \/>\n<meta property=\"og:description\" content=\"Leicht &amp; robust: Die M10 besteht aus hochfestem Polymer mit hohem Glasfaseranteil, was sie extrem stabil und leicht macht. Dadurch ist sie sehr handlich und schnell einsatzbereit. Ihr geringes Gewicht erleichtert den Transport, und sie kann zerlegt und in wenigen Sekunden wieder zusammengesetzt werden. Schnell &amp; pr\u00e4zise: Die M10 bietet schnelle Zielerfassung, hohe Pr\u00e4zision und [&hellip;]\" \/>\n<meta property=\"og:url\" content=\"https:\/\/ueberlebenskunst.at\/survivalshop\/shop\/ar-series-m10-tactical-armbrust\/\" \/>\n<meta property=\"og:site_name\" content=\"Reini Rossmann - Survival Shop\" \/>\n<meta property=\"article:publisher\" content=\"https:\/\/www.facebook.com\/survival24.org\/\" \/>\n<meta property=\"article:modified_time\" content=\"2026-04-13T20:08:52+00:00\" \/>\n<meta property=\"og:image\" content=\"https:\/\/ueberlebenskunst.at\/survivalshop\/wp-content\/uploads\/2024\/06\/Steambow-M10-Armbrust.webp\" \/>\n\t<meta property=\"og:image:width\" content=\"1200\" \/>\n\t<meta property=\"og:image:height\" content=\"1200\" \/>\n\t<meta property=\"og:image:type\" content=\"image\/webp\" \/>\n<meta name=\"twitter:card\" content=\"summary_large_image\" \/>\n<meta name=\"twitter:label1\" content=\"Gesch\u00e4tzte Lesezeit\" \/>\n\t<meta name=\"twitter:data1\" content=\"2\u00a0Minuten\" \/>\n<script type=\"application\/ld+json\" class=\"yoast-schema-graph\">{\"@context\":\"https:\/\/schema.org\",\"@graph\":[{\"@type\":\"WebPage\",\"@id\":\"https:\/\/ueberlebenskunst.at\/survivalshop\/shop\/ar-series-m10-tactical-armbrust\/\",\"url\":\"https:\/\/ueberlebenskunst.at\/survivalshop\/shop\/ar-series-m10-tactical-armbrust\/\",\"name\":\"AR-Series - M10 Tactical Armbrust mit wechselbarem Magazin - Reini Rossmann - Survival Shop\",\"isPartOf\":{\"@id\":\"https:\/\/ueberlebenskunst.at\/survivalshop\/#website\"},\"primaryImageOfPage\":{\"@id\":\"https:\/\/ueberlebenskunst.at\/survivalshop\/shop\/ar-series-m10-tactical-armbrust\/#primaryimage\"},\"image\":{\"@id\":\"https:\/\/ueberlebenskunst.at\/survivalshop\/shop\/ar-series-m10-tactical-armbrust\/#primaryimage\"},\"thumbnailUrl\":\"https:\/\/ueberlebenskunst.at\/survivalshop\/wp-content\/uploads\/2024\/06\/Steambow-M10-Armbrust.webp\",\"datePublished\":\"2024-06-28T05:41:08+00:00\",\"dateModified\":\"2026-04-13T20:08:52+00:00\",\"breadcrumb\":{\"@id\":\"https:\/\/ueberlebenskunst.at\/survivalshop\/shop\/ar-series-m10-tactical-armbrust\/#breadcrumb\"},\"inLanguage\":\"de\",\"potentialAction\":[{\"@type\":\"ReadAction\",\"target\":[\"https:\/\/ueberlebenskunst.at\/survivalshop\/shop\/ar-series-m10-tactical-armbrust\/\"]}]},{\"@type\":\"ImageObject\",\"inLanguage\":\"de\",\"@id\":\"https:\/\/ueberlebenskunst.at\/survivalshop\/shop\/ar-series-m10-tactical-armbrust\/#primaryimage\",\"url\":\"https:\/\/ueberlebenskunst.at\/survivalshop\/wp-content\/uploads\/2024\/06\/Steambow-M10-Armbrust.webp\",\"contentUrl\":\"https:\/\/ueberlebenskunst.at\/survivalshop\/wp-content\/uploads\/2024\/06\/Steambow-M10-Armbrust.webp\",\"width\":1200,\"height\":1200},{\"@type\":\"BreadcrumbList\",\"@id\":\"https:\/\/ueberlebenskunst.at\/survivalshop\/shop\/ar-series-m10-tactical-armbrust\/#breadcrumb\",\"itemListElement\":[{\"@type\":\"ListItem\",\"position\":1,\"name\":\"Startseite\",\"item\":\"https:\/\/ueberlebenskunst.at\/survivalshop\/\"},{\"@type\":\"ListItem\",\"position\":2,\"name\":\"Shop\",\"item\":\"https:\/\/ueberlebenskunst.at\/survivalshop\/shop\/\"},{\"@type\":\"ListItem\",\"position\":3,\"name\":\"AR-Series &#8211; M10 Tactical Armbrust mit wechselbarem Magazin\"}]},{\"@type\":\"WebSite\",\"@id\":\"https:\/\/ueberlebenskunst.at\/survivalshop\/#website\",\"url\":\"https:\/\/ueberlebenskunst.at\/survivalshop\/\",\"name\":\"Reini Rossmann - Survival Shop\",\"description\":\"Survival Shop f\u00fcr Survival, Bushcraft und Prepper\",\"potentialAction\":[{\"@type\":\"SearchAction\",\"target\":{\"@type\":\"EntryPoint\",\"urlTemplate\":\"https:\/\/ueberlebenskunst.at\/survivalshop\/?s={search_term_string}\"},\"query-input\":{\"@type\":\"PropertyValueSpecification\",\"valueRequired\":true,\"valueName\":\"search_term_string\"}}],\"inLanguage\":\"de\"}]}<\/script>\n<!-- \/ Yoast SEO plugin. -->","yoast_head_json":{"title":"AR-Series - M10 Tactical Armbrust mit wechselbarem Magazin - Reini Rossmann - Survival Shop","robots":{"index":"index","follow":"follow","max-snippet":"max-snippet:-1","max-image-preview":"max-image-preview:large","max-video-preview":"max-video-preview:-1"},"canonical":"https:\/\/ueberlebenskunst.at\/survivalshop\/shop\/ar-series-m10-tactical-armbrust\/","og_locale":"de_DE","og_type":"article","og_title":"AR-Series - M10 Tactical Armbrust mit wechselbarem Magazin - Reini Rossmann - Survival Shop","og_description":"Leicht &amp; robust: Die M10 besteht aus hochfestem Polymer mit hohem Glasfaseranteil, was sie extrem stabil und leicht macht. Dadurch ist sie sehr handlich und schnell einsatzbereit. Ihr geringes Gewicht erleichtert den Transport, und sie kann zerlegt und in wenigen Sekunden wieder zusammengesetzt werden. Schnell &amp; pr\u00e4zise: Die M10 bietet schnelle Zielerfassung, hohe Pr\u00e4zision und [&hellip;]","og_url":"https:\/\/ueberlebenskunst.at\/survivalshop\/shop\/ar-series-m10-tactical-armbrust\/","og_site_name":"Reini Rossmann - Survival Shop","article_publisher":"https:\/\/www.facebook.com\/survival24.org\/","article_modified_time":"2026-04-13T20:08:52+00:00","og_image":[{"width":1200,"height":1200,"url":"https:\/\/ueberlebenskunst.at\/survivalshop\/wp-content\/uploads\/2024\/06\/Steambow-M10-Armbrust.webp","type":"image\/webp"}],"twitter_card":"summary_large_image","twitter_misc":{"Gesch\u00e4tzte Lesezeit":"2\u00a0Minuten"},"schema":{"@context":"https:\/\/schema.org","@graph":[{"@type":"WebPage","@id":"https:\/\/ueberlebenskunst.at\/survivalshop\/shop\/ar-series-m10-tactical-armbrust\/","url":"https:\/\/ueberlebenskunst.at\/survivalshop\/shop\/ar-series-m10-tactical-armbrust\/","name":"AR-Series - M10 Tactical Armbrust mit wechselbarem Magazin - Reini Rossmann - Survival Shop","isPartOf":{"@id":"https:\/\/ueberlebenskunst.at\/survivalshop\/#website"},"primaryImageOfPage":{"@id":"https:\/\/ueberlebenskunst.at\/survivalshop\/shop\/ar-series-m10-tactical-armbrust\/#primaryimage"},"image":{"@id":"https:\/\/ueberlebenskunst.at\/survivalshop\/shop\/ar-series-m10-tactical-armbrust\/#primaryimage"},"thumbnailUrl":"https:\/\/ueberlebenskunst.at\/survivalshop\/wp-content\/uploads\/2024\/06\/Steambow-M10-Armbrust.webp","datePublished":"2024-06-28T05:41:08+00:00","dateModified":"2026-04-13T20:08:52+00:00","breadcrumb":{"@id":"https:\/\/ueberlebenskunst.at\/survivalshop\/shop\/ar-series-m10-tactical-armbrust\/#breadcrumb"},"inLanguage":"de","potentialAction":[{"@type":"ReadAction","target":["https:\/\/ueberlebenskunst.at\/survivalshop\/shop\/ar-series-m10-tactical-armbrust\/"]}]},{"@type":"ImageObject","inLanguage":"de","@id":"https:\/\/ueberlebenskunst.at\/survivalshop\/shop\/ar-series-m10-tactical-armbrust\/#primaryimage","url":"https:\/\/ueberlebenskunst.at\/survivalshop\/wp-content\/uploads\/2024\/06\/Steambow-M10-Armbrust.webp","contentUrl":"https:\/\/ueberlebenskunst.at\/survivalshop\/wp-content\/uploads\/2024\/06\/Steambow-M10-Armbrust.webp","width":1200,"height":1200},{"@type":"BreadcrumbList","@id":"https:\/\/ueberlebenskunst.at\/survivalshop\/shop\/ar-series-m10-tactical-armbrust\/#breadcrumb","itemListElement":[{"@type":"ListItem","position":1,"name":"Startseite","item":"https:\/\/ueberlebenskunst.at\/survivalshop\/"},{"@type":"ListItem","position":2,"name":"Shop","item":"https:\/\/ueberlebenskunst.at\/survivalshop\/shop\/"},{"@type":"ListItem","position":3,"name":"AR-Series &#8211; M10 Tactical Armbrust mit wechselbarem Magazin"}]},{"@type":"WebSite","@id":"https:\/\/ueberlebenskunst.at\/survivalshop\/#website","url":"https:\/\/ueberlebenskunst.at\/survivalshop\/","name":"Reini Rossmann - Survival Shop","description":"Survival Shop f\u00fcr Survival, Bushcraft und Prepper","potentialAction":[{"@type":"SearchAction","target":{"@type":"EntryPoint","urlTemplate":"https:\/\/ueberlebenskunst.at\/survivalshop\/?s={search_term_string}"},"query-input":{"@type":"PropertyValueSpecification","valueRequired":true,"valueName":"search_term_string"}}],"inLanguage":"de"}]}},"_links":{"self":[{"href":"https:\/\/ueberlebenskunst.at\/survivalshop\/wp-json\/wp\/v2\/product\/167376","targetHints":{"allow":["GET"]}}],"collection":[{"href":"https:\/\/ueberlebenskunst.at\/survivalshop\/wp-json\/wp\/v2\/product"}],"about":[{"href":"https:\/\/ueberlebenskunst.at\/survivalshop\/wp-json\/wp\/v2\/types\/product"}],"replies":[{"embeddable":true,"href":"https:\/\/ueberlebenskunst.at\/survivalshop\/wp-json\/wp\/v2\/comments?post=167376"}],"wp:featuredmedia":[{"embeddable":true,"href":"https:\/\/ueberlebenskunst.at\/survivalshop\/wp-json\/wp\/v2\/media\/167434"}],"wp:attachment":[{"href":"https:\/\/ueberlebenskunst.at\/survivalshop\/wp-json\/wp\/v2\/media?parent=167376"}],"wp:term":[{"taxonomy":"product_brand","embeddable":true,"href":"https:\/\/ueberlebenskunst.at\/survivalshop\/wp-json\/wp\/v2\/product_brand?post=167376"},{"taxonomy":"product_cat","embeddable":true,"href":"https:\/\/ueberlebenskunst.at\/survivalshop\/wp-json\/wp\/v2\/product_cat?post=167376"},{"taxonomy":"product_tag","embeddable":true,"href":"https:\/\/ueberlebenskunst.at\/survivalshop\/wp-json\/wp\/v2\/product_tag?post=167376"}],"curies":[{"name":"wp","href":"https:\/\/api.w.org\/{rel}","templated":true}]}}