{"id":166604,"date":"2024-06-20T17:26:02","date_gmt":"2024-06-20T15:26:02","guid":{"rendered":"https:\/\/ueberlebenskunst.at\/survivalshop\/?post_type=product&#038;p=166604"},"modified":"2025-09-11T12:16:57","modified_gmt":"2025-09-11T10:16:57","slug":"universal-halterung-fuer-m10-frontgriff","status":"seo-produkt","type":"product","link":"https:\/\/ueberlebenskunst.at\/survivalshop\/shop\/universal-halterung-fuer-m10-frontgriff\/","title":{"rendered":"Universal Halterung f\u00fcr M10 Frontgriff"},"content":{"rendered":"<p>Die Universal Halterung f\u00fcr den neuen M10 Frontgriff wird in \u00d6sterreich hergestellt und stammt direkt aus der Werkstatt von Reini Rossmann. Sie ist speziell f\u00fcr den M10 Frontgriff\u00a0 in Kombination mit der Steambow Stinger 2 konzipiert und daher nicht mit anderen taktischen Frontgriffen oder Armbr\u00fcsten kompatibel. Im Lieferumfang ist nur die Halterung f\u00fcr die untere Picatinnyschiene deiner Steambow Stinger enthalten \u2013 den Rest \u00fcberl\u00e4sst du deiner Kreativit\u00e4t.<\/p>\n<p><span style=\"color: #ff0000;\">Wichtig!<\/span> Diese Universalhalterung passt nur f\u00fcr die Kombination <a href=\"https:\/\/ueberlebenskunst.at\/survivalshop\/shop\/steambow-stinger2\/\" target=\"_blank\" rel=\"noopener\">Steambow Stinger 2<\/a> mit neuem <a href=\"https:\/\/ueberlebenskunst.at\/survivalshop\/shop\/steambow-m10-frontgriff\/\" target=\"_blank\" rel=\"noopener\">M10 Frontgriff.<\/a><\/p>\n<p>Was bedeutet das konkret? Mit der universellen Halterung kannst du beispielsweise eine <a href=\"https:\/\/ueberlebenskunst.at\/survivalshop\/shop\/stinger-ar-6-lampe-einzeln-ohne-montage\/\" target=\"_blank\" rel=\"noopener\">Lampe<\/a> oder einen <a href=\"https:\/\/ueberlebenskunst.at\/survivalshop\/shop\/gruener-laser\/\" target=\"_blank\" rel=\"noopener\">Laser<\/a> montieren. Nat\u00fcrlich kannst du seitlich auch noch andere Ausr\u00fcstungsgegenst\u00e4nde wie z. B. einen<a href=\"https:\/\/ueberlebenskunst.at\/survivalshop\/shop\/container-fuer-universalhalterung\/\" target=\"_blank\" rel=\"noopener\"> Container<\/a> montieren.<\/p>\n<p>Diese Halterung wird ausschlie\u00dflich als eigenst\u00e4ndige L\u00f6sung angeboten.<\/p>\n<h3>Passendes, extra erh\u00e4ltliches Zubeh\u00f6r:<\/h3>\n<ul>\n<li><a href=\"https:\/\/ueberlebenskunst.at\/survivalshop\/shop\/steambow-m10-frontgriff\/\" target=\"_blank\" rel=\"noopener\">M10 Frontgriff<\/a><\/li>\n<li>Stinger <a href=\"https:\/\/ueberlebenskunst.at\/survivalshop\/shop\/stinger-ar-6-lampe-einzeln-ohne-montage\/\" target=\"_blank\" rel=\"noopener\">Lampe<\/a><\/li>\n<li>Taktischer <a href=\"https:\/\/ueberlebenskunst.at\/survivalshop\/shop\/taktischer-clip-fuer-steambow-lampe\/\" target=\"_blank\" rel=\"noopener\">Clip f\u00fcr Lampe<\/a><\/li>\n<li><a href=\"https:\/\/ueberlebenskunst.at\/survivalshop\/shop\/gruener-laser\/\" target=\"_blank\" rel=\"noopener\">Laser<\/a><\/li>\n<li><a href=\"https:\/\/ueberlebenskunst.at\/survivalshop\/shop\/wachs-container-fuer-universal-picatinnyhalterung\/\" target=\"_blank\" rel=\"noopener\">Wachs-Container f\u00fcr Universalhalterung 19 mm<\/a><\/li>\n<\/ul>\n<h3>Lieferumfang:<\/h3>\n<ul>\n<li>1 Stk. Universal Halterung<\/li>\n<li>Passendes Montagematerial<\/li>\n<li><strong>ACHTUNG: auf den Produktbildern befindet sich optionales Zubeh\u00f6r, das im Lieferumfang NICHT enthalten ist.<\/strong><\/li>\n<\/ul>\n<h3>Varianten:<\/h3>\n<ul>\n<li>19\/19: 2 Klemmen mit je einem Durchmesser von 19 mm ausgef\u00fchrt als 1 Teil zum Aufschieben<\/li>\n<\/ul>\n<h3>Abmessungen:<\/h3>\n<ul>\n<li>Klemmdurchmesser D1: 19\u201320 mm<\/li>\n<\/ul>\n<h3>Bedienungs- &amp; Pflegeanleitung:<\/h3>\n<ul>\n<li>Die Reinigung mit Wasser ist m\u00f6glich.<\/li>\n<li>Du solltest das Produkt nicht direkt in die N\u00e4he von Feuer oder anderen Hitzequellen legen!<\/li>\n<\/ul>\n<p><a href=\"https:\/\/ueberlebenskunst.at\/survivalshop\/wp-content\/uploads\/2021\/11\/Logo_Kinder.png\"><img decoding=\"async\" class=\"alignnone size-medium wp-image-179571\" src=\"https:\/\/ueberlebenskunst.at\/survivalshop\/wp-content\/uploads\/2021\/11\/Logo_Kinder-300x126.png\" alt=\"\" width=\"300\" height=\"126\" srcset=\"https:\/\/ueberlebenskunst.at\/survivalshop\/wp-content\/uploads\/2021\/11\/Logo_Kinder-300x126.png 300w, https:\/\/ueberlebenskunst.at\/survivalshop\/wp-content\/uploads\/2021\/11\/Logo_Kinder-64x27.png 64w, https:\/\/ueberlebenskunst.at\/survivalshop\/wp-content\/uploads\/2021\/11\/Logo_Kinder.png 401w\" sizes=\"(max-width: 300px) 100vw, 300px\" \/><\/a><\/p>\n<p>Du willst das Produkt in einer anderen Farbe? Schick uns eine E-Mail an shop@ueberlebenskunst.at und wir pr\u00fcfen, ob dein Farbwunsch\u00a0m\u00f6glich\u00a0ist.<\/p>\n","protected":false},"excerpt":{"rendered":"<p>Die Universal Halterung f\u00fcr den neuen M10 Frontgriff wird in \u00d6sterreich hergestellt und stammt direkt aus der Werkstatt von Reini Rossmann. Sie ist speziell f\u00fcr den M10 Frontgriff\u00a0 in Kombination mit der Steambow Stinger 2 konzipiert und daher nicht mit anderen taktischen Frontgriffen oder Armbr\u00fcsten kompatibel. Im Lieferumfang ist nur die Halterung f\u00fcr die untere [&hellip;]<\/p>\n","protected":false},"featured_media":167956,"comment_status":"open","ping_status":"closed","template":"","meta":{"_acf_changed":false},"product_brand":[],"product_cat":[1768],"product_tag":[2196,2305],"class_list":{"0":"post-166604","1":"product","2":"type-product","3":"status-seo-produkt","4":"has-post-thumbnail","6":"product_cat-steambow-stinger","7":"product_tag-m10","8":"product_tag-m10-upgrade-kit","10":"first","11":"outofstock","12":"taxable","13":"shipping-taxable","14":"product-type-variable","15":"has-default-attributes"},"acf":[],"yoast_head":"<!-- This site is optimized with the Yoast SEO plugin v27.1.1 - https:\/\/yoast.com\/product\/yoast-seo-wordpress\/ -->\n<title>Universal Halterung f\u00fcr M10 Frontgriff<\/title>\n<meta name=\"description\" content=\"In \u00d6sterreich hergestellte Halterung von Reini Rossmann passt perfekt zum M10 Frontgriff der Steambow Stinger. Sie erm\u00f6glicht die Montage von Zubeh\u00f6r.\" \/>\n<meta name=\"robots\" content=\"index, follow, max-snippet:-1, max-image-preview:large, max-video-preview:-1\" \/>\n<link rel=\"canonical\" href=\"https:\/\/ueberlebenskunst.at\/survivalshop\/shop\/universal-halterung-fuer-m10-frontgriff\/\" \/>\n<meta property=\"og:locale\" content=\"de_DE\" \/>\n<meta property=\"og:type\" content=\"article\" \/>\n<meta property=\"og:title\" content=\"Universal Halterung f\u00fcr M10 Frontgriff\" \/>\n<meta property=\"og:description\" content=\"In \u00d6sterreich hergestellte Halterung von Reini Rossmann passt perfekt zum M10 Frontgriff der Steambow Stinger. Sie erm\u00f6glicht die Montage von Zubeh\u00f6r.\" \/>\n<meta property=\"og:url\" content=\"https:\/\/ueberlebenskunst.at\/survivalshop\/shop\/universal-halterung-fuer-m10-frontgriff\/\" \/>\n<meta property=\"og:site_name\" content=\"Reini Rossmann - Survival Shop\" \/>\n<meta property=\"article:publisher\" content=\"https:\/\/www.facebook.com\/survival24.org\/\" \/>\n<meta property=\"article:modified_time\" content=\"2025-09-11T10:16:57+00:00\" \/>\n<meta property=\"og:image\" content=\"https:\/\/ueberlebenskunst.at\/survivalshop\/wp-content\/uploads\/2024\/06\/Universal_Halterung_M10_Frontgriff_M10LLH19SU_montiert_seitlich_sk.jpg\" \/>\n\t<meta property=\"og:image:width\" content=\"400\" \/>\n\t<meta property=\"og:image:height\" content=\"400\" \/>\n\t<meta property=\"og:image:type\" content=\"image\/jpeg\" \/>\n<meta name=\"twitter:card\" content=\"summary_large_image\" \/>\n<meta name=\"twitter:label1\" content=\"Gesch\u00e4tzte Lesezeit\" \/>\n\t<meta name=\"twitter:data1\" content=\"2\u00a0Minuten\" \/>\n<script type=\"application\/ld+json\" class=\"yoast-schema-graph\">{\"@context\":\"https:\/\/schema.org\",\"@graph\":[{\"@type\":\"WebPage\",\"@id\":\"https:\/\/ueberlebenskunst.at\/survivalshop\/shop\/universal-halterung-fuer-m10-frontgriff\/\",\"url\":\"https:\/\/ueberlebenskunst.at\/survivalshop\/shop\/universal-halterung-fuer-m10-frontgriff\/\",\"name\":\"Universal Halterung f\u00fcr M10 Frontgriff\",\"isPartOf\":{\"@id\":\"https:\/\/ueberlebenskunst.at\/survivalshop\/#website\"},\"primaryImageOfPage\":{\"@id\":\"https:\/\/ueberlebenskunst.at\/survivalshop\/shop\/universal-halterung-fuer-m10-frontgriff\/#primaryimage\"},\"image\":{\"@id\":\"https:\/\/ueberlebenskunst.at\/survivalshop\/shop\/universal-halterung-fuer-m10-frontgriff\/#primaryimage\"},\"thumbnailUrl\":\"https:\/\/ueberlebenskunst.at\/survivalshop\/wp-content\/uploads\/2024\/06\/Universal_Halterung_M10_Frontgriff_M10LLH19SU_montiert_seitlich_sk.jpg\",\"datePublished\":\"2024-06-20T15:26:02+00:00\",\"dateModified\":\"2025-09-11T10:16:57+00:00\",\"description\":\"In \u00d6sterreich hergestellte Halterung von Reini Rossmann passt perfekt zum M10 Frontgriff der Steambow Stinger. Sie erm\u00f6glicht die Montage von Zubeh\u00f6r.\",\"breadcrumb\":{\"@id\":\"https:\/\/ueberlebenskunst.at\/survivalshop\/shop\/universal-halterung-fuer-m10-frontgriff\/#breadcrumb\"},\"inLanguage\":\"de\",\"potentialAction\":[{\"@type\":\"ReadAction\",\"target\":[\"https:\/\/ueberlebenskunst.at\/survivalshop\/shop\/universal-halterung-fuer-m10-frontgriff\/\"]}]},{\"@type\":\"ImageObject\",\"inLanguage\":\"de\",\"@id\":\"https:\/\/ueberlebenskunst.at\/survivalshop\/shop\/universal-halterung-fuer-m10-frontgriff\/#primaryimage\",\"url\":\"https:\/\/ueberlebenskunst.at\/survivalshop\/wp-content\/uploads\/2024\/06\/Universal_Halterung_M10_Frontgriff_M10LLH19SU_montiert_seitlich_sk.jpg\",\"contentUrl\":\"https:\/\/ueberlebenskunst.at\/survivalshop\/wp-content\/uploads\/2024\/06\/Universal_Halterung_M10_Frontgriff_M10LLH19SU_montiert_seitlich_sk.jpg\",\"width\":400,\"height\":400},{\"@type\":\"BreadcrumbList\",\"@id\":\"https:\/\/ueberlebenskunst.at\/survivalshop\/shop\/universal-halterung-fuer-m10-frontgriff\/#breadcrumb\",\"itemListElement\":[{\"@type\":\"ListItem\",\"position\":1,\"name\":\"Startseite\",\"item\":\"https:\/\/ueberlebenskunst.at\/survivalshop\/\"},{\"@type\":\"ListItem\",\"position\":2,\"name\":\"Shop\",\"item\":\"https:\/\/ueberlebenskunst.at\/survivalshop\/shop\/\"},{\"@type\":\"ListItem\",\"position\":3,\"name\":\"Universal Halterung f\u00fcr M10 Frontgriff\"}]},{\"@type\":\"WebSite\",\"@id\":\"https:\/\/ueberlebenskunst.at\/survivalshop\/#website\",\"url\":\"https:\/\/ueberlebenskunst.at\/survivalshop\/\",\"name\":\"Reini Rossmann - Survival Shop\",\"description\":\"Survival Shop f\u00fcr Survival, Bushcraft und Prepper\",\"potentialAction\":[{\"@type\":\"SearchAction\",\"target\":{\"@type\":\"EntryPoint\",\"urlTemplate\":\"https:\/\/ueberlebenskunst.at\/survivalshop\/?s={search_term_string}\"},\"query-input\":{\"@type\":\"PropertyValueSpecification\",\"valueRequired\":true,\"valueName\":\"search_term_string\"}}],\"inLanguage\":\"de\"}]}<\/script>\n<!-- \/ Yoast SEO plugin. -->","yoast_head_json":{"title":"Universal Halterung f\u00fcr M10 Frontgriff","description":"In \u00d6sterreich hergestellte Halterung von Reini Rossmann passt perfekt zum M10 Frontgriff der Steambow Stinger. Sie erm\u00f6glicht die Montage von Zubeh\u00f6r.","robots":{"index":"index","follow":"follow","max-snippet":"max-snippet:-1","max-image-preview":"max-image-preview:large","max-video-preview":"max-video-preview:-1"},"canonical":"https:\/\/ueberlebenskunst.at\/survivalshop\/shop\/universal-halterung-fuer-m10-frontgriff\/","og_locale":"de_DE","og_type":"article","og_title":"Universal Halterung f\u00fcr M10 Frontgriff","og_description":"In \u00d6sterreich hergestellte Halterung von Reini Rossmann passt perfekt zum M10 Frontgriff der Steambow Stinger. Sie erm\u00f6glicht die Montage von Zubeh\u00f6r.","og_url":"https:\/\/ueberlebenskunst.at\/survivalshop\/shop\/universal-halterung-fuer-m10-frontgriff\/","og_site_name":"Reini Rossmann - Survival Shop","article_publisher":"https:\/\/www.facebook.com\/survival24.org\/","article_modified_time":"2025-09-11T10:16:57+00:00","og_image":[{"width":400,"height":400,"url":"https:\/\/ueberlebenskunst.at\/survivalshop\/wp-content\/uploads\/2024\/06\/Universal_Halterung_M10_Frontgriff_M10LLH19SU_montiert_seitlich_sk.jpg","type":"image\/jpeg"}],"twitter_card":"summary_large_image","twitter_misc":{"Gesch\u00e4tzte Lesezeit":"2\u00a0Minuten"},"schema":{"@context":"https:\/\/schema.org","@graph":[{"@type":"WebPage","@id":"https:\/\/ueberlebenskunst.at\/survivalshop\/shop\/universal-halterung-fuer-m10-frontgriff\/","url":"https:\/\/ueberlebenskunst.at\/survivalshop\/shop\/universal-halterung-fuer-m10-frontgriff\/","name":"Universal Halterung f\u00fcr M10 Frontgriff","isPartOf":{"@id":"https:\/\/ueberlebenskunst.at\/survivalshop\/#website"},"primaryImageOfPage":{"@id":"https:\/\/ueberlebenskunst.at\/survivalshop\/shop\/universal-halterung-fuer-m10-frontgriff\/#primaryimage"},"image":{"@id":"https:\/\/ueberlebenskunst.at\/survivalshop\/shop\/universal-halterung-fuer-m10-frontgriff\/#primaryimage"},"thumbnailUrl":"https:\/\/ueberlebenskunst.at\/survivalshop\/wp-content\/uploads\/2024\/06\/Universal_Halterung_M10_Frontgriff_M10LLH19SU_montiert_seitlich_sk.jpg","datePublished":"2024-06-20T15:26:02+00:00","dateModified":"2025-09-11T10:16:57+00:00","description":"In \u00d6sterreich hergestellte Halterung von Reini Rossmann passt perfekt zum M10 Frontgriff der Steambow Stinger. Sie erm\u00f6glicht die Montage von Zubeh\u00f6r.","breadcrumb":{"@id":"https:\/\/ueberlebenskunst.at\/survivalshop\/shop\/universal-halterung-fuer-m10-frontgriff\/#breadcrumb"},"inLanguage":"de","potentialAction":[{"@type":"ReadAction","target":["https:\/\/ueberlebenskunst.at\/survivalshop\/shop\/universal-halterung-fuer-m10-frontgriff\/"]}]},{"@type":"ImageObject","inLanguage":"de","@id":"https:\/\/ueberlebenskunst.at\/survivalshop\/shop\/universal-halterung-fuer-m10-frontgriff\/#primaryimage","url":"https:\/\/ueberlebenskunst.at\/survivalshop\/wp-content\/uploads\/2024\/06\/Universal_Halterung_M10_Frontgriff_M10LLH19SU_montiert_seitlich_sk.jpg","contentUrl":"https:\/\/ueberlebenskunst.at\/survivalshop\/wp-content\/uploads\/2024\/06\/Universal_Halterung_M10_Frontgriff_M10LLH19SU_montiert_seitlich_sk.jpg","width":400,"height":400},{"@type":"BreadcrumbList","@id":"https:\/\/ueberlebenskunst.at\/survivalshop\/shop\/universal-halterung-fuer-m10-frontgriff\/#breadcrumb","itemListElement":[{"@type":"ListItem","position":1,"name":"Startseite","item":"https:\/\/ueberlebenskunst.at\/survivalshop\/"},{"@type":"ListItem","position":2,"name":"Shop","item":"https:\/\/ueberlebenskunst.at\/survivalshop\/shop\/"},{"@type":"ListItem","position":3,"name":"Universal Halterung f\u00fcr M10 Frontgriff"}]},{"@type":"WebSite","@id":"https:\/\/ueberlebenskunst.at\/survivalshop\/#website","url":"https:\/\/ueberlebenskunst.at\/survivalshop\/","name":"Reini Rossmann - Survival Shop","description":"Survival Shop f\u00fcr Survival, Bushcraft und Prepper","potentialAction":[{"@type":"SearchAction","target":{"@type":"EntryPoint","urlTemplate":"https:\/\/ueberlebenskunst.at\/survivalshop\/?s={search_term_string}"},"query-input":{"@type":"PropertyValueSpecification","valueRequired":true,"valueName":"search_term_string"}}],"inLanguage":"de"}]}},"_links":{"self":[{"href":"https:\/\/ueberlebenskunst.at\/survivalshop\/wp-json\/wp\/v2\/product\/166604","targetHints":{"allow":["GET"]}}],"collection":[{"href":"https:\/\/ueberlebenskunst.at\/survivalshop\/wp-json\/wp\/v2\/product"}],"about":[{"href":"https:\/\/ueberlebenskunst.at\/survivalshop\/wp-json\/wp\/v2\/types\/product"}],"replies":[{"embeddable":true,"href":"https:\/\/ueberlebenskunst.at\/survivalshop\/wp-json\/wp\/v2\/comments?post=166604"}],"wp:featuredmedia":[{"embeddable":true,"href":"https:\/\/ueberlebenskunst.at\/survivalshop\/wp-json\/wp\/v2\/media\/167956"}],"wp:attachment":[{"href":"https:\/\/ueberlebenskunst.at\/survivalshop\/wp-json\/wp\/v2\/media?parent=166604"}],"wp:term":[{"taxonomy":"product_brand","embeddable":true,"href":"https:\/\/ueberlebenskunst.at\/survivalshop\/wp-json\/wp\/v2\/product_brand?post=166604"},{"taxonomy":"product_cat","embeddable":true,"href":"https:\/\/ueberlebenskunst.at\/survivalshop\/wp-json\/wp\/v2\/product_cat?post=166604"},{"taxonomy":"product_tag","embeddable":true,"href":"https:\/\/ueberlebenskunst.at\/survivalshop\/wp-json\/wp\/v2\/product_tag?post=166604"}],"curies":[{"name":"wp","href":"https:\/\/api.w.org\/{rel}","templated":true}]}}