{"id":166603,"date":"2024-06-20T17:28:36","date_gmt":"2024-06-20T15:28:36","guid":{"rendered":"https:\/\/ueberlebenskunst.at\/survivalshop\/?post_type=product&#038;p=166603"},"modified":"2026-04-21T15:56:54","modified_gmt":"2026-04-21T13:56:54","slug":"steambow-m10-frontgriff","status":"publish","type":"product","link":"https:\/\/ueberlebenskunst.at\/survivalshop\/shop\/steambow-m10-frontgriff\/","title":{"rendered":"Steambow M10 Frontgriff"},"content":{"rendered":"<p>Der M10 Upgrade Frontgriff ist eine Neuentwicklung aus dem Hause Steambow. Der Griff ist deutlich k\u00fcrzer als der altbew\u00e4hrte Standardgriff. Jedoch ist der Frontgriff mit einem h\u00f6heren Durchmesser deutlich griffiger. Zus\u00e4tzlich ist ein verstecktes Innenfach gegeben, um zum Beispiel eine Ersatzsehne zu transportieren.<\/p>\n<p>Die Montage erfolgt \u00fcber zwei Schrauben, die mit einem Inbus Nr. 3 ge\u00f6ffnet werden k\u00f6nnen. Der Griff passt auf so gut wie alle herk\u00f6mmlichen Picatinnyschienen-Systeme und ist deswegen nicht nur f\u00fcr den Einsatz auf der Steambow Stinger erdacht, sondern auch mit anderen Systemen kompatibel. Solltest du dich f\u00fcr eines unserer Halterungssysteme interessieren, dann bedenke, dass wir eine eigene <a href=\"https:\/\/ueberlebenskunst.at\/survivalshop\/shop\/universal-halterung-fuer-m10-frontgriff\/\" target=\"_blank\" rel=\"noopener\">Universalhalterung<\/a> f\u00fcr <a href=\"https:\/\/ueberlebenskunst.at\/survivalshop\/shop\/stinger-ar-6-lampe-einzeln-ohne-montage\/\" target=\"_blank\" rel=\"noopener\">Lampe<\/a>, <a href=\"https:\/\/ueberlebenskunst.at\/survivalshop\/shop\/gruener-laser\/\" target=\"_blank\" rel=\"noopener\">Laser<\/a> oder <a href=\"https:\/\/ueberlebenskunst.at\/survivalshop\/shop\/container-fuer-universalhalterung\/\" target=\"_blank\" rel=\"noopener\">Wachscontainer<\/a> im Zusammenhang mit diesem Griff entwickelt haben.<\/p>\n<h3>Passende Produkte (separat erh\u00e4ltlich):<\/h3>\n<p><a href=\"https:\/\/ueberlebenskunst.at\/survivalshop\/shop\/universal-halterung-fuer-m10-frontgriff\/\" target=\"_blank\" rel=\"noopener\">Universal Halterung f\u00fcr M10 Frontgriff \u00a0<\/a><\/p>\n","protected":false},"excerpt":{"rendered":"<p>Der M10 Upgrade Frontgriff ist eine Neuentwicklung aus dem Hause Steambow. Der Griff ist deutlich k\u00fcrzer als der altbew\u00e4hrte Standardgriff. Jedoch ist der Frontgriff mit einem h\u00f6heren Durchmesser deutlich griffiger. Zus\u00e4tzlich ist ein verstecktes Innenfach gegeben, um zum Beispiel eine Ersatzsehne zu transportieren. Die Montage erfolgt \u00fcber zwei Schrauben, die mit einem Inbus Nr. 3 [&hellip;]<\/p>\n","protected":false},"featured_media":166599,"comment_status":"open","ping_status":"closed","template":"","meta":{"_acf_changed":false},"product_brand":[],"product_cat":[1893],"product_tag":[2196,2305],"class_list":{"0":"post-166603","1":"product","2":"type-product","3":"status-publish","4":"has-post-thumbnail","6":"product_cat-steambow-stinger-bogensport-pfeil-kugel","7":"product_tag-m10","8":"product_tag-m10-upgrade-kit","10":"first","11":"instock","12":"taxable","13":"shipping-taxable","14":"purchasable","15":"product-type-simple"},"acf":[],"yoast_head":"<!-- This site is optimized with the Yoast SEO plugin v27.1.1 - https:\/\/yoast.com\/product\/yoast-seo-wordpress\/ -->\n<title>Steambow M10 Frontgriff - Reini Rossmann - Survival Shop<\/title>\n<meta name=\"robots\" content=\"index, follow, max-snippet:-1, max-image-preview:large, max-video-preview:-1\" \/>\n<link rel=\"canonical\" href=\"https:\/\/ueberlebenskunst.at\/survivalshop\/shop\/steambow-m10-frontgriff\/\" \/>\n<meta property=\"og:locale\" content=\"de_DE\" \/>\n<meta property=\"og:type\" content=\"article\" \/>\n<meta property=\"og:title\" content=\"Steambow M10 Frontgriff - Reini Rossmann - Survival Shop\" \/>\n<meta property=\"og:description\" content=\"Der M10 Upgrade Frontgriff ist eine Neuentwicklung aus dem Hause Steambow. Der Griff ist deutlich k\u00fcrzer als der altbew\u00e4hrte Standardgriff. Jedoch ist der Frontgriff mit einem h\u00f6heren Durchmesser deutlich griffiger. Zus\u00e4tzlich ist ein verstecktes Innenfach gegeben, um zum Beispiel eine Ersatzsehne zu transportieren. Die Montage erfolgt \u00fcber zwei Schrauben, die mit einem Inbus Nr. 3 [&hellip;]\" \/>\n<meta property=\"og:url\" content=\"https:\/\/ueberlebenskunst.at\/survivalshop\/shop\/steambow-m10-frontgriff\/\" \/>\n<meta property=\"og:site_name\" content=\"Reini Rossmann - Survival Shop\" \/>\n<meta property=\"article:publisher\" content=\"https:\/\/www.facebook.com\/survival24.org\/\" \/>\n<meta property=\"article:modified_time\" content=\"2026-04-21T13:56:54+00:00\" \/>\n<meta property=\"og:image\" content=\"https:\/\/ueberlebenskunst.at\/survivalshop\/wp-content\/uploads\/2024\/06\/M10-Upgrade-Frontgriff.png\" \/>\n\t<meta property=\"og:image:width\" content=\"1600\" \/>\n\t<meta property=\"og:image:height\" content=\"1600\" \/>\n\t<meta property=\"og:image:type\" content=\"image\/png\" \/>\n<meta name=\"twitter:card\" content=\"summary_large_image\" \/>\n<meta name=\"twitter:label1\" content=\"Gesch\u00e4tzte Lesezeit\" \/>\n\t<meta name=\"twitter:data1\" content=\"1\u00a0Minute\" \/>\n<script type=\"application\/ld+json\" class=\"yoast-schema-graph\">{\"@context\":\"https:\/\/schema.org\",\"@graph\":[{\"@type\":\"WebPage\",\"@id\":\"https:\/\/ueberlebenskunst.at\/survivalshop\/shop\/steambow-m10-frontgriff\/\",\"url\":\"https:\/\/ueberlebenskunst.at\/survivalshop\/shop\/steambow-m10-frontgriff\/\",\"name\":\"Steambow M10 Frontgriff - Reini Rossmann - Survival Shop\",\"isPartOf\":{\"@id\":\"https:\/\/ueberlebenskunst.at\/survivalshop\/#website\"},\"primaryImageOfPage\":{\"@id\":\"https:\/\/ueberlebenskunst.at\/survivalshop\/shop\/steambow-m10-frontgriff\/#primaryimage\"},\"image\":{\"@id\":\"https:\/\/ueberlebenskunst.at\/survivalshop\/shop\/steambow-m10-frontgriff\/#primaryimage\"},\"thumbnailUrl\":\"https:\/\/ueberlebenskunst.at\/survivalshop\/wp-content\/uploads\/2024\/06\/M10-Upgrade-Frontgriff.png\",\"datePublished\":\"2024-06-20T15:28:36+00:00\",\"dateModified\":\"2026-04-21T13:56:54+00:00\",\"breadcrumb\":{\"@id\":\"https:\/\/ueberlebenskunst.at\/survivalshop\/shop\/steambow-m10-frontgriff\/#breadcrumb\"},\"inLanguage\":\"de\",\"potentialAction\":[{\"@type\":\"ReadAction\",\"target\":[\"https:\/\/ueberlebenskunst.at\/survivalshop\/shop\/steambow-m10-frontgriff\/\"]}]},{\"@type\":\"ImageObject\",\"inLanguage\":\"de\",\"@id\":\"https:\/\/ueberlebenskunst.at\/survivalshop\/shop\/steambow-m10-frontgriff\/#primaryimage\",\"url\":\"https:\/\/ueberlebenskunst.at\/survivalshop\/wp-content\/uploads\/2024\/06\/M10-Upgrade-Frontgriff.png\",\"contentUrl\":\"https:\/\/ueberlebenskunst.at\/survivalshop\/wp-content\/uploads\/2024\/06\/M10-Upgrade-Frontgriff.png\",\"width\":1600,\"height\":1600},{\"@type\":\"BreadcrumbList\",\"@id\":\"https:\/\/ueberlebenskunst.at\/survivalshop\/shop\/steambow-m10-frontgriff\/#breadcrumb\",\"itemListElement\":[{\"@type\":\"ListItem\",\"position\":1,\"name\":\"Startseite\",\"item\":\"https:\/\/ueberlebenskunst.at\/survivalshop\/\"},{\"@type\":\"ListItem\",\"position\":2,\"name\":\"Shop\",\"item\":\"https:\/\/ueberlebenskunst.at\/survivalshop\/shop\/\"},{\"@type\":\"ListItem\",\"position\":3,\"name\":\"Steambow M10 Frontgriff\"}]},{\"@type\":\"WebSite\",\"@id\":\"https:\/\/ueberlebenskunst.at\/survivalshop\/#website\",\"url\":\"https:\/\/ueberlebenskunst.at\/survivalshop\/\",\"name\":\"Reini Rossmann - Survival Shop\",\"description\":\"Survival Shop f\u00fcr Survival, Bushcraft und Prepper\",\"potentialAction\":[{\"@type\":\"SearchAction\",\"target\":{\"@type\":\"EntryPoint\",\"urlTemplate\":\"https:\/\/ueberlebenskunst.at\/survivalshop\/?s={search_term_string}\"},\"query-input\":{\"@type\":\"PropertyValueSpecification\",\"valueRequired\":true,\"valueName\":\"search_term_string\"}}],\"inLanguage\":\"de\"}]}<\/script>\n<!-- \/ Yoast SEO plugin. -->","yoast_head_json":{"title":"Steambow M10 Frontgriff - Reini Rossmann - Survival Shop","robots":{"index":"index","follow":"follow","max-snippet":"max-snippet:-1","max-image-preview":"max-image-preview:large","max-video-preview":"max-video-preview:-1"},"canonical":"https:\/\/ueberlebenskunst.at\/survivalshop\/shop\/steambow-m10-frontgriff\/","og_locale":"de_DE","og_type":"article","og_title":"Steambow M10 Frontgriff - Reini Rossmann - Survival Shop","og_description":"Der M10 Upgrade Frontgriff ist eine Neuentwicklung aus dem Hause Steambow. Der Griff ist deutlich k\u00fcrzer als der altbew\u00e4hrte Standardgriff. Jedoch ist der Frontgriff mit einem h\u00f6heren Durchmesser deutlich griffiger. Zus\u00e4tzlich ist ein verstecktes Innenfach gegeben, um zum Beispiel eine Ersatzsehne zu transportieren. Die Montage erfolgt \u00fcber zwei Schrauben, die mit einem Inbus Nr. 3 [&hellip;]","og_url":"https:\/\/ueberlebenskunst.at\/survivalshop\/shop\/steambow-m10-frontgriff\/","og_site_name":"Reini Rossmann - Survival Shop","article_publisher":"https:\/\/www.facebook.com\/survival24.org\/","article_modified_time":"2026-04-21T13:56:54+00:00","og_image":[{"width":1600,"height":1600,"url":"https:\/\/ueberlebenskunst.at\/survivalshop\/wp-content\/uploads\/2024\/06\/M10-Upgrade-Frontgriff.png","type":"image\/png"}],"twitter_card":"summary_large_image","twitter_misc":{"Gesch\u00e4tzte Lesezeit":"1\u00a0Minute"},"schema":{"@context":"https:\/\/schema.org","@graph":[{"@type":"WebPage","@id":"https:\/\/ueberlebenskunst.at\/survivalshop\/shop\/steambow-m10-frontgriff\/","url":"https:\/\/ueberlebenskunst.at\/survivalshop\/shop\/steambow-m10-frontgriff\/","name":"Steambow M10 Frontgriff - Reini Rossmann - Survival Shop","isPartOf":{"@id":"https:\/\/ueberlebenskunst.at\/survivalshop\/#website"},"primaryImageOfPage":{"@id":"https:\/\/ueberlebenskunst.at\/survivalshop\/shop\/steambow-m10-frontgriff\/#primaryimage"},"image":{"@id":"https:\/\/ueberlebenskunst.at\/survivalshop\/shop\/steambow-m10-frontgriff\/#primaryimage"},"thumbnailUrl":"https:\/\/ueberlebenskunst.at\/survivalshop\/wp-content\/uploads\/2024\/06\/M10-Upgrade-Frontgriff.png","datePublished":"2024-06-20T15:28:36+00:00","dateModified":"2026-04-21T13:56:54+00:00","breadcrumb":{"@id":"https:\/\/ueberlebenskunst.at\/survivalshop\/shop\/steambow-m10-frontgriff\/#breadcrumb"},"inLanguage":"de","potentialAction":[{"@type":"ReadAction","target":["https:\/\/ueberlebenskunst.at\/survivalshop\/shop\/steambow-m10-frontgriff\/"]}]},{"@type":"ImageObject","inLanguage":"de","@id":"https:\/\/ueberlebenskunst.at\/survivalshop\/shop\/steambow-m10-frontgriff\/#primaryimage","url":"https:\/\/ueberlebenskunst.at\/survivalshop\/wp-content\/uploads\/2024\/06\/M10-Upgrade-Frontgriff.png","contentUrl":"https:\/\/ueberlebenskunst.at\/survivalshop\/wp-content\/uploads\/2024\/06\/M10-Upgrade-Frontgriff.png","width":1600,"height":1600},{"@type":"BreadcrumbList","@id":"https:\/\/ueberlebenskunst.at\/survivalshop\/shop\/steambow-m10-frontgriff\/#breadcrumb","itemListElement":[{"@type":"ListItem","position":1,"name":"Startseite","item":"https:\/\/ueberlebenskunst.at\/survivalshop\/"},{"@type":"ListItem","position":2,"name":"Shop","item":"https:\/\/ueberlebenskunst.at\/survivalshop\/shop\/"},{"@type":"ListItem","position":3,"name":"Steambow M10 Frontgriff"}]},{"@type":"WebSite","@id":"https:\/\/ueberlebenskunst.at\/survivalshop\/#website","url":"https:\/\/ueberlebenskunst.at\/survivalshop\/","name":"Reini Rossmann - Survival Shop","description":"Survival Shop f\u00fcr Survival, Bushcraft und Prepper","potentialAction":[{"@type":"SearchAction","target":{"@type":"EntryPoint","urlTemplate":"https:\/\/ueberlebenskunst.at\/survivalshop\/?s={search_term_string}"},"query-input":{"@type":"PropertyValueSpecification","valueRequired":true,"valueName":"search_term_string"}}],"inLanguage":"de"}]}},"_links":{"self":[{"href":"https:\/\/ueberlebenskunst.at\/survivalshop\/wp-json\/wp\/v2\/product\/166603","targetHints":{"allow":["GET"]}}],"collection":[{"href":"https:\/\/ueberlebenskunst.at\/survivalshop\/wp-json\/wp\/v2\/product"}],"about":[{"href":"https:\/\/ueberlebenskunst.at\/survivalshop\/wp-json\/wp\/v2\/types\/product"}],"replies":[{"embeddable":true,"href":"https:\/\/ueberlebenskunst.at\/survivalshop\/wp-json\/wp\/v2\/comments?post=166603"}],"wp:featuredmedia":[{"embeddable":true,"href":"https:\/\/ueberlebenskunst.at\/survivalshop\/wp-json\/wp\/v2\/media\/166599"}],"wp:attachment":[{"href":"https:\/\/ueberlebenskunst.at\/survivalshop\/wp-json\/wp\/v2\/media?parent=166603"}],"wp:term":[{"taxonomy":"product_brand","embeddable":true,"href":"https:\/\/ueberlebenskunst.at\/survivalshop\/wp-json\/wp\/v2\/product_brand?post=166603"},{"taxonomy":"product_cat","embeddable":true,"href":"https:\/\/ueberlebenskunst.at\/survivalshop\/wp-json\/wp\/v2\/product_cat?post=166603"},{"taxonomy":"product_tag","embeddable":true,"href":"https:\/\/ueberlebenskunst.at\/survivalshop\/wp-json\/wp\/v2\/product_tag?post=166603"}],"curies":[{"name":"wp","href":"https:\/\/api.w.org\/{rel}","templated":true}]}}