{"id":166602,"date":"2024-06-20T17:30:56","date_gmt":"2024-06-20T15:30:56","guid":{"rendered":"https:\/\/ueberlebenskunst.at\/survivalshop\/?post_type=product&#038;p=166602"},"modified":"2026-04-25T10:01:35","modified_gmt":"2026-04-25T08:01:35","slug":"steambow-m10-upgrade-shaft","status":"publish","type":"product","link":"https:\/\/ueberlebenskunst.at\/survivalshop\/shop\/steambow-m10-upgrade-shaft\/","title":{"rendered":"Steambow M10 Upgrade Schaft"},"content":{"rendered":"<p>Der M10 Upgrade Schubschaft ist eine gro\u00dfartige Erg\u00e4nzung, wenn du auf deine <a href=\"https:\/\/ueberlebenskunst.at\/survivalshop\/shop\/steambow-stinger2\/\" target=\"_blank\" rel=\"noopener\">Steambow Stinger Tactical<\/a> den M10 <a href=\"https:\/\/ueberlebenskunst.at\/survivalshop\/shop\/steambow-m10-upper\/\" target=\"_blank\" rel=\"noopener\">Upper<\/a> mit <a href=\"https:\/\/ueberlebenskunst.at\/survivalshop\/shop\/steambow-m10-wechselmagazin\/\" target=\"_blank\" rel=\"noopener\">Wechselmagazin<\/a> installiert hast. Warum? Da der Aufbau der M10 mit dem Magazin etwas h\u00f6her ist als das fix verbaute Magazin, ist es sehr angenehm durch die verstellbare Wangenauflage des Upgrade-Schafts schneller und effektiver im Ziel zu sein. Zus\u00e4tzlich kann die Wangenauflage so montiert werden, dass das Spannen der Armbrust auch mit hohen Zuggewichten nicht behindert wird. Was bedeutet das? Es gibt viele andere Nachr\u00fcst-Sch\u00e4fte aus der AR-15 Serie. Auch diese verf\u00fcgen \u00fcber eine verstellbare Wangenauflage. Der gro\u00dfe Vorteil des M10 Upgrade-Schafts ist aber, dass die Wangenauflage in einander verkeilt ist und auch durch das Spannen von h\u00f6heren Zuggewichten nicht aus der Position kommt. Dies ist bei vielen anderen Nachr\u00fcst-Sch\u00e4ften nicht der Fall.<\/p>\n<p>Auch die Montage ist sehr einfach m\u00f6glich und braucht keine Werkzeuge.<\/p>\n<p>Nat\u00fcrlich kannst du den M10 Upgrade-Schaft auch auf eine klassische Steambow Stinger Tactical mit fix verbauten Magazin einsetzen.<\/p>\n","protected":false},"excerpt":{"rendered":"<p>Der M10 Upgrade Schubschaft ist eine gro\u00dfartige Erg\u00e4nzung, wenn du auf deine Steambow Stinger Tactical den M10 Upper mit Wechselmagazin installiert hast. Warum? Da der Aufbau der M10 mit dem Magazin etwas h\u00f6her ist als das fix verbaute Magazin, ist es sehr angenehm durch die verstellbare Wangenauflage des Upgrade-Schafts schneller und effektiver im Ziel zu [&hellip;]<\/p>\n","protected":false},"featured_media":166600,"comment_status":"open","ping_status":"closed","template":"","meta":{"_acf_changed":false},"product_brand":[],"product_cat":[1893],"product_tag":[2305],"class_list":{"0":"post-166602","1":"product","2":"type-product","3":"status-publish","4":"has-post-thumbnail","6":"product_cat-steambow-stinger-bogensport-pfeil-kugel","7":"product_tag-m10-upgrade-kit","9":"first","10":"instock","11":"taxable","12":"shipping-taxable","13":"purchasable","14":"product-type-simple"},"acf":[],"yoast_head":"<!-- This site is optimized with the Yoast SEO plugin v27.1.1 - https:\/\/yoast.com\/product\/yoast-seo-wordpress\/ -->\n<title>Steambow M10 Upgrade Schaft - Reini Rossmann - Survival Shop<\/title>\n<meta name=\"robots\" content=\"index, follow, max-snippet:-1, max-image-preview:large, max-video-preview:-1\" \/>\n<link rel=\"canonical\" href=\"https:\/\/ueberlebenskunst.at\/survivalshop\/shop\/steambow-m10-upgrade-shaft\/\" \/>\n<meta property=\"og:locale\" content=\"de_DE\" \/>\n<meta property=\"og:type\" content=\"article\" \/>\n<meta property=\"og:title\" content=\"Steambow M10 Upgrade Schaft - Reini Rossmann - Survival Shop\" \/>\n<meta property=\"og:description\" content=\"Der M10 Upgrade Schubschaft ist eine gro\u00dfartige Erg\u00e4nzung, wenn du auf deine Steambow Stinger Tactical den M10 Upper mit Wechselmagazin installiert hast. Warum? Da der Aufbau der M10 mit dem Magazin etwas h\u00f6her ist als das fix verbaute Magazin, ist es sehr angenehm durch die verstellbare Wangenauflage des Upgrade-Schafts schneller und effektiver im Ziel zu [&hellip;]\" \/>\n<meta property=\"og:url\" content=\"https:\/\/ueberlebenskunst.at\/survivalshop\/shop\/steambow-m10-upgrade-shaft\/\" \/>\n<meta property=\"og:site_name\" content=\"Reini Rossmann - Survival Shop\" \/>\n<meta property=\"article:publisher\" content=\"https:\/\/www.facebook.com\/survival24.org\/\" \/>\n<meta property=\"article:modified_time\" content=\"2026-04-25T08:01:35+00:00\" \/>\n<meta property=\"og:image\" content=\"https:\/\/ueberlebenskunst.at\/survivalshop\/wp-content\/uploads\/2024\/06\/M10-Upgrade-Schaft.png\" \/>\n\t<meta property=\"og:image:width\" content=\"1600\" \/>\n\t<meta property=\"og:image:height\" content=\"1600\" \/>\n\t<meta property=\"og:image:type\" content=\"image\/png\" \/>\n<meta name=\"twitter:card\" content=\"summary_large_image\" \/>\n<meta name=\"twitter:label1\" content=\"Gesch\u00e4tzte Lesezeit\" \/>\n\t<meta name=\"twitter:data1\" content=\"2\u00a0Minuten\" \/>\n<script type=\"application\/ld+json\" class=\"yoast-schema-graph\">{\"@context\":\"https:\/\/schema.org\",\"@graph\":[{\"@type\":\"WebPage\",\"@id\":\"https:\/\/ueberlebenskunst.at\/survivalshop\/shop\/steambow-m10-upgrade-shaft\/\",\"url\":\"https:\/\/ueberlebenskunst.at\/survivalshop\/shop\/steambow-m10-upgrade-shaft\/\",\"name\":\"Steambow M10 Upgrade Schaft - Reini Rossmann - Survival Shop\",\"isPartOf\":{\"@id\":\"https:\/\/ueberlebenskunst.at\/survivalshop\/#website\"},\"primaryImageOfPage\":{\"@id\":\"https:\/\/ueberlebenskunst.at\/survivalshop\/shop\/steambow-m10-upgrade-shaft\/#primaryimage\"},\"image\":{\"@id\":\"https:\/\/ueberlebenskunst.at\/survivalshop\/shop\/steambow-m10-upgrade-shaft\/#primaryimage\"},\"thumbnailUrl\":\"https:\/\/ueberlebenskunst.at\/survivalshop\/wp-content\/uploads\/2024\/06\/M10-Upgrade-Schaft.png\",\"datePublished\":\"2024-06-20T15:30:56+00:00\",\"dateModified\":\"2026-04-25T08:01:35+00:00\",\"breadcrumb\":{\"@id\":\"https:\/\/ueberlebenskunst.at\/survivalshop\/shop\/steambow-m10-upgrade-shaft\/#breadcrumb\"},\"inLanguage\":\"de\",\"potentialAction\":[{\"@type\":\"ReadAction\",\"target\":[\"https:\/\/ueberlebenskunst.at\/survivalshop\/shop\/steambow-m10-upgrade-shaft\/\"]}]},{\"@type\":\"ImageObject\",\"inLanguage\":\"de\",\"@id\":\"https:\/\/ueberlebenskunst.at\/survivalshop\/shop\/steambow-m10-upgrade-shaft\/#primaryimage\",\"url\":\"https:\/\/ueberlebenskunst.at\/survivalshop\/wp-content\/uploads\/2024\/06\/M10-Upgrade-Schaft.png\",\"contentUrl\":\"https:\/\/ueberlebenskunst.at\/survivalshop\/wp-content\/uploads\/2024\/06\/M10-Upgrade-Schaft.png\",\"width\":1600,\"height\":1600},{\"@type\":\"BreadcrumbList\",\"@id\":\"https:\/\/ueberlebenskunst.at\/survivalshop\/shop\/steambow-m10-upgrade-shaft\/#breadcrumb\",\"itemListElement\":[{\"@type\":\"ListItem\",\"position\":1,\"name\":\"Startseite\",\"item\":\"https:\/\/ueberlebenskunst.at\/survivalshop\/\"},{\"@type\":\"ListItem\",\"position\":2,\"name\":\"Shop\",\"item\":\"https:\/\/ueberlebenskunst.at\/survivalshop\/shop\/\"},{\"@type\":\"ListItem\",\"position\":3,\"name\":\"Steambow M10 Upgrade Schaft\"}]},{\"@type\":\"WebSite\",\"@id\":\"https:\/\/ueberlebenskunst.at\/survivalshop\/#website\",\"url\":\"https:\/\/ueberlebenskunst.at\/survivalshop\/\",\"name\":\"Reini Rossmann - Survival Shop\",\"description\":\"Survival Shop f\u00fcr Survival, Bushcraft und Prepper\",\"potentialAction\":[{\"@type\":\"SearchAction\",\"target\":{\"@type\":\"EntryPoint\",\"urlTemplate\":\"https:\/\/ueberlebenskunst.at\/survivalshop\/?s={search_term_string}\"},\"query-input\":{\"@type\":\"PropertyValueSpecification\",\"valueRequired\":true,\"valueName\":\"search_term_string\"}}],\"inLanguage\":\"de\"}]}<\/script>\n<!-- \/ Yoast SEO plugin. -->","yoast_head_json":{"title":"Steambow M10 Upgrade Schaft - Reini Rossmann - Survival Shop","robots":{"index":"index","follow":"follow","max-snippet":"max-snippet:-1","max-image-preview":"max-image-preview:large","max-video-preview":"max-video-preview:-1"},"canonical":"https:\/\/ueberlebenskunst.at\/survivalshop\/shop\/steambow-m10-upgrade-shaft\/","og_locale":"de_DE","og_type":"article","og_title":"Steambow M10 Upgrade Schaft - Reini Rossmann - Survival Shop","og_description":"Der M10 Upgrade Schubschaft ist eine gro\u00dfartige Erg\u00e4nzung, wenn du auf deine Steambow Stinger Tactical den M10 Upper mit Wechselmagazin installiert hast. Warum? Da der Aufbau der M10 mit dem Magazin etwas h\u00f6her ist als das fix verbaute Magazin, ist es sehr angenehm durch die verstellbare Wangenauflage des Upgrade-Schafts schneller und effektiver im Ziel zu [&hellip;]","og_url":"https:\/\/ueberlebenskunst.at\/survivalshop\/shop\/steambow-m10-upgrade-shaft\/","og_site_name":"Reini Rossmann - Survival Shop","article_publisher":"https:\/\/www.facebook.com\/survival24.org\/","article_modified_time":"2026-04-25T08:01:35+00:00","og_image":[{"width":1600,"height":1600,"url":"https:\/\/ueberlebenskunst.at\/survivalshop\/wp-content\/uploads\/2024\/06\/M10-Upgrade-Schaft.png","type":"image\/png"}],"twitter_card":"summary_large_image","twitter_misc":{"Gesch\u00e4tzte Lesezeit":"2\u00a0Minuten"},"schema":{"@context":"https:\/\/schema.org","@graph":[{"@type":"WebPage","@id":"https:\/\/ueberlebenskunst.at\/survivalshop\/shop\/steambow-m10-upgrade-shaft\/","url":"https:\/\/ueberlebenskunst.at\/survivalshop\/shop\/steambow-m10-upgrade-shaft\/","name":"Steambow M10 Upgrade Schaft - Reini Rossmann - Survival Shop","isPartOf":{"@id":"https:\/\/ueberlebenskunst.at\/survivalshop\/#website"},"primaryImageOfPage":{"@id":"https:\/\/ueberlebenskunst.at\/survivalshop\/shop\/steambow-m10-upgrade-shaft\/#primaryimage"},"image":{"@id":"https:\/\/ueberlebenskunst.at\/survivalshop\/shop\/steambow-m10-upgrade-shaft\/#primaryimage"},"thumbnailUrl":"https:\/\/ueberlebenskunst.at\/survivalshop\/wp-content\/uploads\/2024\/06\/M10-Upgrade-Schaft.png","datePublished":"2024-06-20T15:30:56+00:00","dateModified":"2026-04-25T08:01:35+00:00","breadcrumb":{"@id":"https:\/\/ueberlebenskunst.at\/survivalshop\/shop\/steambow-m10-upgrade-shaft\/#breadcrumb"},"inLanguage":"de","potentialAction":[{"@type":"ReadAction","target":["https:\/\/ueberlebenskunst.at\/survivalshop\/shop\/steambow-m10-upgrade-shaft\/"]}]},{"@type":"ImageObject","inLanguage":"de","@id":"https:\/\/ueberlebenskunst.at\/survivalshop\/shop\/steambow-m10-upgrade-shaft\/#primaryimage","url":"https:\/\/ueberlebenskunst.at\/survivalshop\/wp-content\/uploads\/2024\/06\/M10-Upgrade-Schaft.png","contentUrl":"https:\/\/ueberlebenskunst.at\/survivalshop\/wp-content\/uploads\/2024\/06\/M10-Upgrade-Schaft.png","width":1600,"height":1600},{"@type":"BreadcrumbList","@id":"https:\/\/ueberlebenskunst.at\/survivalshop\/shop\/steambow-m10-upgrade-shaft\/#breadcrumb","itemListElement":[{"@type":"ListItem","position":1,"name":"Startseite","item":"https:\/\/ueberlebenskunst.at\/survivalshop\/"},{"@type":"ListItem","position":2,"name":"Shop","item":"https:\/\/ueberlebenskunst.at\/survivalshop\/shop\/"},{"@type":"ListItem","position":3,"name":"Steambow M10 Upgrade Schaft"}]},{"@type":"WebSite","@id":"https:\/\/ueberlebenskunst.at\/survivalshop\/#website","url":"https:\/\/ueberlebenskunst.at\/survivalshop\/","name":"Reini Rossmann - Survival Shop","description":"Survival Shop f\u00fcr Survival, Bushcraft und Prepper","potentialAction":[{"@type":"SearchAction","target":{"@type":"EntryPoint","urlTemplate":"https:\/\/ueberlebenskunst.at\/survivalshop\/?s={search_term_string}"},"query-input":{"@type":"PropertyValueSpecification","valueRequired":true,"valueName":"search_term_string"}}],"inLanguage":"de"}]}},"_links":{"self":[{"href":"https:\/\/ueberlebenskunst.at\/survivalshop\/wp-json\/wp\/v2\/product\/166602","targetHints":{"allow":["GET"]}}],"collection":[{"href":"https:\/\/ueberlebenskunst.at\/survivalshop\/wp-json\/wp\/v2\/product"}],"about":[{"href":"https:\/\/ueberlebenskunst.at\/survivalshop\/wp-json\/wp\/v2\/types\/product"}],"replies":[{"embeddable":true,"href":"https:\/\/ueberlebenskunst.at\/survivalshop\/wp-json\/wp\/v2\/comments?post=166602"}],"wp:featuredmedia":[{"embeddable":true,"href":"https:\/\/ueberlebenskunst.at\/survivalshop\/wp-json\/wp\/v2\/media\/166600"}],"wp:attachment":[{"href":"https:\/\/ueberlebenskunst.at\/survivalshop\/wp-json\/wp\/v2\/media?parent=166602"}],"wp:term":[{"taxonomy":"product_brand","embeddable":true,"href":"https:\/\/ueberlebenskunst.at\/survivalshop\/wp-json\/wp\/v2\/product_brand?post=166602"},{"taxonomy":"product_cat","embeddable":true,"href":"https:\/\/ueberlebenskunst.at\/survivalshop\/wp-json\/wp\/v2\/product_cat?post=166602"},{"taxonomy":"product_tag","embeddable":true,"href":"https:\/\/ueberlebenskunst.at\/survivalshop\/wp-json\/wp\/v2\/product_tag?post=166602"}],"curies":[{"name":"wp","href":"https:\/\/api.w.org\/{rel}","templated":true}]}}