{"id":166598,"date":"2024-06-20T17:28:48","date_gmt":"2024-06-20T15:28:48","guid":{"rendered":"https:\/\/ueberlebenskunst.at\/survivalshop\/?post_type=product&#038;p=166598"},"modified":"2026-04-25T10:01:34","modified_gmt":"2026-04-25T08:01:34","slug":"steambow-m10-sehnendaempfer","status":"publish","type":"product","link":"https:\/\/ueberlebenskunst.at\/survivalshop\/shop\/steambow-m10-sehnendaempfer\/","title":{"rendered":"Steambow M10 Sehnend\u00e4mpfer"},"content":{"rendered":"<p>Die Sehnend\u00e4mpfer, die im Zuge der Ver\u00f6ffentlichung der Steambow Stinger M10 nun auch als Einzelteile erwerbbar sind, sind und bleiben ein echter Geheimtipp! F\u00fcr jeden, der mit Zuggewichten \u00fcber 75 lbs schie\u00dft, sind diese Sehnend\u00e4mpfer ein wahrer Segen. Warum? Die Sehnend\u00e4mpfer sind mit wenigen Handgriffen mittels Demontage der bestehenden Seitenteile montierbar und schonen Sehne, Pfeile und Material. Die Sehnend\u00e4mpfer verhindern, dass bei h\u00f6heren Zuggewichten und zu leichten Bolzen die Sehne auf die Spannkrallen katapultiert wird und helfen somit die Lebensdauer der Sehne deutlich zu erh\u00f6hen. F\u00fcr Zuggewichte unter 75 lbs ist der Sehnend\u00e4mpfer ein nice to have, aber keine wirkliche Notwendigkeit. Um so h\u00f6her die Zuggewichte sind, die du verwendest, desto mehr ist dieses Teil Pflicht. Achte bei der Montage darauf, die Schrauben der Seitenplatten nicht mehr als handfest anzuziehen und keinesfalls zu \u00fcberdrehen. Material: Hochfestes Nylonpolymer<\/p>\n<h3>Lieferumfang:<\/h3>\n<ul>\n<li>Set bestehend aus linker und rechter Seitenplatte<\/li>\n<\/ul>\n<p>&nbsp;<\/p>\n<p>&nbsp;<\/p>\n","protected":false},"excerpt":{"rendered":"<p>Die Sehnend\u00e4mpfer, die im Zuge der Ver\u00f6ffentlichung der Steambow Stinger M10 nun auch als Einzelteile erwerbbar sind, sind und bleiben ein echter Geheimtipp! F\u00fcr jeden, der mit Zuggewichten \u00fcber 75 lbs schie\u00dft, sind diese Sehnend\u00e4mpfer ein wahrer Segen. Warum? Die Sehnend\u00e4mpfer sind mit wenigen Handgriffen mittels Demontage der bestehenden Seitenteile montierbar und schonen Sehne, Pfeile [&hellip;]<\/p>\n","protected":false},"featured_media":166601,"comment_status":"open","ping_status":"closed","template":"","meta":{"_acf_changed":false},"product_brand":[],"product_cat":[1893],"product_tag":[2305],"class_list":{"0":"post-166598","1":"product","2":"type-product","3":"status-publish","4":"has-post-thumbnail","6":"product_cat-steambow-stinger-bogensport-pfeil-kugel","7":"product_tag-m10-upgrade-kit","9":"first","10":"instock","11":"taxable","12":"shipping-taxable","13":"purchasable","14":"product-type-simple"},"acf":[],"yoast_head":"<!-- This site is optimized with the Yoast SEO plugin v27.1.1 - https:\/\/yoast.com\/product\/yoast-seo-wordpress\/ -->\n<title>Steambow M10 Sehnend\u00e4mpfer - Reini Rossmann - Survival Shop<\/title>\n<meta name=\"robots\" content=\"index, follow, max-snippet:-1, max-image-preview:large, max-video-preview:-1\" \/>\n<link rel=\"canonical\" href=\"https:\/\/ueberlebenskunst.at\/survivalshop\/shop\/steambow-m10-sehnendaempfer\/\" \/>\n<meta property=\"og:locale\" content=\"de_DE\" \/>\n<meta property=\"og:type\" content=\"article\" \/>\n<meta property=\"og:title\" content=\"Steambow M10 Sehnend\u00e4mpfer - Reini Rossmann - Survival Shop\" \/>\n<meta property=\"og:description\" content=\"Die Sehnend\u00e4mpfer, die im Zuge der Ver\u00f6ffentlichung der Steambow Stinger M10 nun auch als Einzelteile erwerbbar sind, sind und bleiben ein echter Geheimtipp! F\u00fcr jeden, der mit Zuggewichten \u00fcber 75 lbs schie\u00dft, sind diese Sehnend\u00e4mpfer ein wahrer Segen. Warum? Die Sehnend\u00e4mpfer sind mit wenigen Handgriffen mittels Demontage der bestehenden Seitenteile montierbar und schonen Sehne, Pfeile [&hellip;]\" \/>\n<meta property=\"og:url\" content=\"https:\/\/ueberlebenskunst.at\/survivalshop\/shop\/steambow-m10-sehnendaempfer\/\" \/>\n<meta property=\"og:site_name\" content=\"Reini Rossmann - Survival Shop\" \/>\n<meta property=\"article:publisher\" content=\"https:\/\/www.facebook.com\/survival24.org\/\" \/>\n<meta property=\"article:modified_time\" content=\"2026-04-25T08:01:34+00:00\" \/>\n<meta property=\"og:image\" content=\"https:\/\/ueberlebenskunst.at\/survivalshop\/wp-content\/uploads\/2024\/06\/Steambow-Sehnendaempfer-M10-Upgrade.png\" \/>\n\t<meta property=\"og:image:width\" content=\"1600\" \/>\n\t<meta property=\"og:image:height\" content=\"1600\" \/>\n\t<meta property=\"og:image:type\" content=\"image\/png\" \/>\n<meta name=\"twitter:card\" content=\"summary_large_image\" \/>\n<meta name=\"twitter:label1\" content=\"Gesch\u00e4tzte Lesezeit\" \/>\n\t<meta name=\"twitter:data1\" content=\"2\u00a0Minuten\" \/>\n<script type=\"application\/ld+json\" class=\"yoast-schema-graph\">{\"@context\":\"https:\/\/schema.org\",\"@graph\":[{\"@type\":\"WebPage\",\"@id\":\"https:\/\/ueberlebenskunst.at\/survivalshop\/shop\/steambow-m10-sehnendaempfer\/\",\"url\":\"https:\/\/ueberlebenskunst.at\/survivalshop\/shop\/steambow-m10-sehnendaempfer\/\",\"name\":\"Steambow M10 Sehnend\u00e4mpfer - Reini Rossmann - Survival Shop\",\"isPartOf\":{\"@id\":\"https:\/\/ueberlebenskunst.at\/survivalshop\/#website\"},\"primaryImageOfPage\":{\"@id\":\"https:\/\/ueberlebenskunst.at\/survivalshop\/shop\/steambow-m10-sehnendaempfer\/#primaryimage\"},\"image\":{\"@id\":\"https:\/\/ueberlebenskunst.at\/survivalshop\/shop\/steambow-m10-sehnendaempfer\/#primaryimage\"},\"thumbnailUrl\":\"https:\/\/ueberlebenskunst.at\/survivalshop\/wp-content\/uploads\/2024\/06\/Steambow-Sehnendaempfer-M10-Upgrade.png\",\"datePublished\":\"2024-06-20T15:28:48+00:00\",\"dateModified\":\"2026-04-25T08:01:34+00:00\",\"breadcrumb\":{\"@id\":\"https:\/\/ueberlebenskunst.at\/survivalshop\/shop\/steambow-m10-sehnendaempfer\/#breadcrumb\"},\"inLanguage\":\"de\",\"potentialAction\":[{\"@type\":\"ReadAction\",\"target\":[\"https:\/\/ueberlebenskunst.at\/survivalshop\/shop\/steambow-m10-sehnendaempfer\/\"]}]},{\"@type\":\"ImageObject\",\"inLanguage\":\"de\",\"@id\":\"https:\/\/ueberlebenskunst.at\/survivalshop\/shop\/steambow-m10-sehnendaempfer\/#primaryimage\",\"url\":\"https:\/\/ueberlebenskunst.at\/survivalshop\/wp-content\/uploads\/2024\/06\/Steambow-Sehnendaempfer-M10-Upgrade.png\",\"contentUrl\":\"https:\/\/ueberlebenskunst.at\/survivalshop\/wp-content\/uploads\/2024\/06\/Steambow-Sehnendaempfer-M10-Upgrade.png\",\"width\":1600,\"height\":1600},{\"@type\":\"BreadcrumbList\",\"@id\":\"https:\/\/ueberlebenskunst.at\/survivalshop\/shop\/steambow-m10-sehnendaempfer\/#breadcrumb\",\"itemListElement\":[{\"@type\":\"ListItem\",\"position\":1,\"name\":\"Startseite\",\"item\":\"https:\/\/ueberlebenskunst.at\/survivalshop\/\"},{\"@type\":\"ListItem\",\"position\":2,\"name\":\"Shop\",\"item\":\"https:\/\/ueberlebenskunst.at\/survivalshop\/shop\/\"},{\"@type\":\"ListItem\",\"position\":3,\"name\":\"Steambow M10 Sehnend\u00e4mpfer\"}]},{\"@type\":\"WebSite\",\"@id\":\"https:\/\/ueberlebenskunst.at\/survivalshop\/#website\",\"url\":\"https:\/\/ueberlebenskunst.at\/survivalshop\/\",\"name\":\"Reini Rossmann - Survival Shop\",\"description\":\"Survival Shop f\u00fcr Survival, Bushcraft und Prepper\",\"potentialAction\":[{\"@type\":\"SearchAction\",\"target\":{\"@type\":\"EntryPoint\",\"urlTemplate\":\"https:\/\/ueberlebenskunst.at\/survivalshop\/?s={search_term_string}\"},\"query-input\":{\"@type\":\"PropertyValueSpecification\",\"valueRequired\":true,\"valueName\":\"search_term_string\"}}],\"inLanguage\":\"de\"}]}<\/script>\n<!-- \/ Yoast SEO plugin. -->","yoast_head_json":{"title":"Steambow M10 Sehnend\u00e4mpfer - Reini Rossmann - Survival Shop","robots":{"index":"index","follow":"follow","max-snippet":"max-snippet:-1","max-image-preview":"max-image-preview:large","max-video-preview":"max-video-preview:-1"},"canonical":"https:\/\/ueberlebenskunst.at\/survivalshop\/shop\/steambow-m10-sehnendaempfer\/","og_locale":"de_DE","og_type":"article","og_title":"Steambow M10 Sehnend\u00e4mpfer - Reini Rossmann - Survival Shop","og_description":"Die Sehnend\u00e4mpfer, die im Zuge der Ver\u00f6ffentlichung der Steambow Stinger M10 nun auch als Einzelteile erwerbbar sind, sind und bleiben ein echter Geheimtipp! F\u00fcr jeden, der mit Zuggewichten \u00fcber 75 lbs schie\u00dft, sind diese Sehnend\u00e4mpfer ein wahrer Segen. Warum? Die Sehnend\u00e4mpfer sind mit wenigen Handgriffen mittels Demontage der bestehenden Seitenteile montierbar und schonen Sehne, Pfeile [&hellip;]","og_url":"https:\/\/ueberlebenskunst.at\/survivalshop\/shop\/steambow-m10-sehnendaempfer\/","og_site_name":"Reini Rossmann - Survival Shop","article_publisher":"https:\/\/www.facebook.com\/survival24.org\/","article_modified_time":"2026-04-25T08:01:34+00:00","og_image":[{"width":1600,"height":1600,"url":"https:\/\/ueberlebenskunst.at\/survivalshop\/wp-content\/uploads\/2024\/06\/Steambow-Sehnendaempfer-M10-Upgrade.png","type":"image\/png"}],"twitter_card":"summary_large_image","twitter_misc":{"Gesch\u00e4tzte Lesezeit":"2\u00a0Minuten"},"schema":{"@context":"https:\/\/schema.org","@graph":[{"@type":"WebPage","@id":"https:\/\/ueberlebenskunst.at\/survivalshop\/shop\/steambow-m10-sehnendaempfer\/","url":"https:\/\/ueberlebenskunst.at\/survivalshop\/shop\/steambow-m10-sehnendaempfer\/","name":"Steambow M10 Sehnend\u00e4mpfer - Reini Rossmann - Survival Shop","isPartOf":{"@id":"https:\/\/ueberlebenskunst.at\/survivalshop\/#website"},"primaryImageOfPage":{"@id":"https:\/\/ueberlebenskunst.at\/survivalshop\/shop\/steambow-m10-sehnendaempfer\/#primaryimage"},"image":{"@id":"https:\/\/ueberlebenskunst.at\/survivalshop\/shop\/steambow-m10-sehnendaempfer\/#primaryimage"},"thumbnailUrl":"https:\/\/ueberlebenskunst.at\/survivalshop\/wp-content\/uploads\/2024\/06\/Steambow-Sehnendaempfer-M10-Upgrade.png","datePublished":"2024-06-20T15:28:48+00:00","dateModified":"2026-04-25T08:01:34+00:00","breadcrumb":{"@id":"https:\/\/ueberlebenskunst.at\/survivalshop\/shop\/steambow-m10-sehnendaempfer\/#breadcrumb"},"inLanguage":"de","potentialAction":[{"@type":"ReadAction","target":["https:\/\/ueberlebenskunst.at\/survivalshop\/shop\/steambow-m10-sehnendaempfer\/"]}]},{"@type":"ImageObject","inLanguage":"de","@id":"https:\/\/ueberlebenskunst.at\/survivalshop\/shop\/steambow-m10-sehnendaempfer\/#primaryimage","url":"https:\/\/ueberlebenskunst.at\/survivalshop\/wp-content\/uploads\/2024\/06\/Steambow-Sehnendaempfer-M10-Upgrade.png","contentUrl":"https:\/\/ueberlebenskunst.at\/survivalshop\/wp-content\/uploads\/2024\/06\/Steambow-Sehnendaempfer-M10-Upgrade.png","width":1600,"height":1600},{"@type":"BreadcrumbList","@id":"https:\/\/ueberlebenskunst.at\/survivalshop\/shop\/steambow-m10-sehnendaempfer\/#breadcrumb","itemListElement":[{"@type":"ListItem","position":1,"name":"Startseite","item":"https:\/\/ueberlebenskunst.at\/survivalshop\/"},{"@type":"ListItem","position":2,"name":"Shop","item":"https:\/\/ueberlebenskunst.at\/survivalshop\/shop\/"},{"@type":"ListItem","position":3,"name":"Steambow M10 Sehnend\u00e4mpfer"}]},{"@type":"WebSite","@id":"https:\/\/ueberlebenskunst.at\/survivalshop\/#website","url":"https:\/\/ueberlebenskunst.at\/survivalshop\/","name":"Reini Rossmann - Survival Shop","description":"Survival Shop f\u00fcr Survival, Bushcraft und Prepper","potentialAction":[{"@type":"SearchAction","target":{"@type":"EntryPoint","urlTemplate":"https:\/\/ueberlebenskunst.at\/survivalshop\/?s={search_term_string}"},"query-input":{"@type":"PropertyValueSpecification","valueRequired":true,"valueName":"search_term_string"}}],"inLanguage":"de"}]}},"_links":{"self":[{"href":"https:\/\/ueberlebenskunst.at\/survivalshop\/wp-json\/wp\/v2\/product\/166598","targetHints":{"allow":["GET"]}}],"collection":[{"href":"https:\/\/ueberlebenskunst.at\/survivalshop\/wp-json\/wp\/v2\/product"}],"about":[{"href":"https:\/\/ueberlebenskunst.at\/survivalshop\/wp-json\/wp\/v2\/types\/product"}],"replies":[{"embeddable":true,"href":"https:\/\/ueberlebenskunst.at\/survivalshop\/wp-json\/wp\/v2\/comments?post=166598"}],"wp:featuredmedia":[{"embeddable":true,"href":"https:\/\/ueberlebenskunst.at\/survivalshop\/wp-json\/wp\/v2\/media\/166601"}],"wp:attachment":[{"href":"https:\/\/ueberlebenskunst.at\/survivalshop\/wp-json\/wp\/v2\/media?parent=166598"}],"wp:term":[{"taxonomy":"product_brand","embeddable":true,"href":"https:\/\/ueberlebenskunst.at\/survivalshop\/wp-json\/wp\/v2\/product_brand?post=166598"},{"taxonomy":"product_cat","embeddable":true,"href":"https:\/\/ueberlebenskunst.at\/survivalshop\/wp-json\/wp\/v2\/product_cat?post=166598"},{"taxonomy":"product_tag","embeddable":true,"href":"https:\/\/ueberlebenskunst.at\/survivalshop\/wp-json\/wp\/v2\/product_tag?post=166598"}],"curies":[{"name":"wp","href":"https:\/\/api.w.org\/{rel}","templated":true}]}}