{"id":166531,"date":"2024-06-19T11:51:36","date_gmt":"2024-06-19T09:51:36","guid":{"rendered":"https:\/\/ueberlebenskunst.at\/survivalshop\/?post_type=product&#038;p=166531"},"modified":"2026-04-19T19:13:42","modified_gmt":"2026-04-19T17:13:42","slug":"universal-halterung-fuer-steambow-m10-upper","status":"publish","type":"product","link":"https:\/\/ueberlebenskunst.at\/survivalshop\/shop\/universal-halterung-fuer-steambow-m10-upper\/","title":{"rendered":"Fronteinheit 19\/19 f\u00fcr M10 Upper"},"content":{"rendered":"<p>Die universelle Halterung f\u00fcr den Steambow M10 Upper wird in \u00d6sterreich direkt in der Werkstatt von Reini Rossmann hergestellt. Diese Halterung verf\u00fcgt wie gewohnt \u00fcber zwei Klemmen mit einem Klemmdurchmesser von jeweils 19 mm. Damit kannst du <a href=\"https:\/\/ueberlebenskunst.at\/survivalshop\/shop\/stinger-ar-6-lampe-einzeln-ohne-montage\/\" target=\"_blank\" rel=\"noopener\">Lampe<\/a>, <a href=\"https:\/\/ueberlebenskunst.at\/survivalshop\/shop\/gruener-laser\/\" target=\"_blank\" rel=\"noopener\">Laser<\/a> oder z. B. <a href=\"https:\/\/ueberlebenskunst.at\/survivalshop\/shop\/wachs-container-fuer-universal-picatinnyhalterung\/\" target=\"_blank\" rel=\"noopener\">Container<\/a> problemlos am M10 Upper montieren.<\/p>\n<p>Zus\u00e4tzlich haben wir vorne eine Visiereinrichtung angebracht, die ein Zielen auch ohne Laser erm\u00f6glicht.<\/p>\n<p>Im Lieferumfang ist lediglich die Halterung zum Aufschieben auf den M10 Upper enthalten.<\/p>\n<h3>Passendes, extra erh\u00e4ltliches Zubeh\u00f6r:<\/h3>\n<ul>\n<li>Stinger <a href=\"https:\/\/ueberlebenskunst.at\/survivalshop\/shop\/stinger-ar-6-lampe-einzeln-ohne-montage\/\" target=\"_blank\" rel=\"noopener\">Lampe<\/a><\/li>\n<li>Taktischer <a href=\"https:\/\/ueberlebenskunst.at\/survivalshop\/shop\/taktischer-clip-fuer-steambow-lampe\/\" target=\"_blank\" rel=\"noopener\">Clip f\u00fcr Lampe<\/a><\/li>\n<li><a href=\"https:\/\/ueberlebenskunst.at\/survivalshop\/shop\/gruener-laser\/\" target=\"_blank\" rel=\"noopener\">Laser<\/a><\/li>\n<li><a href=\"https:\/\/ueberlebenskunst.at\/survivalshop\/shop\/wachs-container-fuer-universal-picatinnyhalterung\/\" target=\"_blank\" rel=\"noopener\">Wachs-Container f\u00fcr Universalhalterung 19 mm<\/a><\/li>\n<\/ul>\n<h3>Lieferumfang:<\/h3>\n<ul>\n<li>1 Stk. Universal Halterung f\u00fcr Steambow M10 Upper<\/li>\n<li>Passendes Montagematerial<\/li>\n<li><strong>ACHTUNG: auf den Produktbildern befindet sich optionales Zubeh\u00f6r, das im Lieferumfang NICHT enthalten ist.<\/strong><\/li>\n<\/ul>\n<h3>Variante:<\/h3>\n<ul>\n<li>19\/19: 2 Klemmen mit je einem Durchmesser von 19 mm ausgef\u00fchrt als 1 Teil zum Aufschieben<\/li>\n<\/ul>\n<h3>Abmessungen:<\/h3>\n<ul>\n<li>Klemmdurchmesser D1: 19-20 mm<\/li>\n<\/ul>\n<h3>Bedienungs- &amp; Pflegeanleitung:<\/h3>\n<ul>\n<li>Die Reinigung mit Wasser ist m\u00f6glich.<\/li>\n<li>Du solltest das Produkt nicht direkt in die N\u00e4he von Feuer oder anderen Hitzequellen legen!<\/li>\n<\/ul>\n<p><a href=\"https:\/\/ueberlebenskunst.at\/survivalshop\/wp-content\/uploads\/2021\/11\/Logo_Kinder.png\"><img decoding=\"async\" class=\"alignnone size-medium wp-image-179571\" src=\"https:\/\/ueberlebenskunst.at\/survivalshop\/wp-content\/uploads\/2021\/11\/Logo_Kinder-300x126.png\" alt=\"\" width=\"300\" height=\"126\" srcset=\"https:\/\/ueberlebenskunst.at\/survivalshop\/wp-content\/uploads\/2021\/11\/Logo_Kinder-300x126.png 300w, https:\/\/ueberlebenskunst.at\/survivalshop\/wp-content\/uploads\/2021\/11\/Logo_Kinder-64x27.png 64w, https:\/\/ueberlebenskunst.at\/survivalshop\/wp-content\/uploads\/2021\/11\/Logo_Kinder.png 401w\" sizes=\"(max-width: 300px) 100vw, 300px\" \/><\/a><\/p>\n<p>Du willst das Produkt in einer anderen Farbe? Schick uns eine E-Mail an shop@ueberlebenskunst.at und wir pr\u00fcfen, ob dein Farbwunsch\u00a0m\u00f6glich\u00a0ist.<\/p>\n","protected":false},"excerpt":{"rendered":"<p>Die universelle Halterung f\u00fcr den Steambow M10 Upper wird in \u00d6sterreich direkt in der Werkstatt von Reini Rossmann hergestellt. Diese Halterung verf\u00fcgt wie gewohnt \u00fcber zwei Klemmen mit einem Klemmdurchmesser von jeweils 19 mm. Damit kannst du Lampe, Laser oder z. B. Container problemlos am M10 Upper montieren. Zus\u00e4tzlich haben wir vorne eine Visiereinrichtung angebracht, [&hellip;]<\/p>\n","protected":false},"featured_media":167952,"comment_status":"open","ping_status":"closed","template":"","meta":{"_acf_changed":false},"product_brand":[],"product_cat":[1768],"product_tag":[],"class_list":{"0":"post-166531","1":"product","2":"type-product","3":"status-publish","4":"has-post-thumbnail","6":"product_cat-steambow-stinger","8":"first","9":"instock","10":"taxable","11":"shipping-taxable","12":"purchasable","13":"product-type-variable","14":"has-default-attributes"},"acf":[],"yoast_head":"<!-- This site is optimized with the Yoast SEO plugin v27.1.1 - https:\/\/yoast.com\/product\/yoast-seo-wordpress\/ -->\n<title>Fronteinheit 19\/19 f\u00fcr M10 Upper<\/title>\n<meta name=\"description\" content=\"Die universelle Halterung f\u00fcr den Steambow M10 Upper aus \u00d6sterreich hat zwei 19 mm Klemmen und eine Visiereinrichtung. F\u00fcr Lampe, Laser oder Container.\" \/>\n<meta name=\"robots\" content=\"index, follow, max-snippet:-1, max-image-preview:large, max-video-preview:-1\" \/>\n<link rel=\"canonical\" href=\"https:\/\/ueberlebenskunst.at\/survivalshop\/shop\/universal-halterung-fuer-steambow-m10-upper\/\" \/>\n<meta property=\"og:locale\" content=\"de_DE\" \/>\n<meta property=\"og:type\" content=\"article\" \/>\n<meta property=\"og:title\" content=\"Fronteinheit 19\/19 f\u00fcr M10 Upper\" \/>\n<meta property=\"og:description\" content=\"Die universelle Halterung f\u00fcr den Steambow M10 Upper aus \u00d6sterreich hat zwei 19 mm Klemmen und eine Visiereinrichtung. F\u00fcr Lampe, Laser oder Container.\" \/>\n<meta property=\"og:url\" content=\"https:\/\/ueberlebenskunst.at\/survivalshop\/shop\/universal-halterung-fuer-steambow-m10-upper\/\" \/>\n<meta property=\"og:site_name\" content=\"Reini Rossmann - Survival Shop\" \/>\n<meta property=\"article:publisher\" content=\"https:\/\/www.facebook.com\/survival24.org\/\" \/>\n<meta property=\"article:modified_time\" content=\"2026-04-19T17:13:42+00:00\" \/>\n<meta property=\"og:image\" content=\"https:\/\/ueberlebenskunst.at\/survivalshop\/wp-content\/uploads\/2024\/06\/Fronteinheit_19-19_M10_Upper_M10LLH19_montiert_sk.jpg\" \/>\n\t<meta property=\"og:image:width\" content=\"400\" \/>\n\t<meta property=\"og:image:height\" content=\"400\" \/>\n\t<meta property=\"og:image:type\" content=\"image\/jpeg\" \/>\n<meta name=\"twitter:card\" content=\"summary_large_image\" \/>\n<meta name=\"twitter:label1\" content=\"Gesch\u00e4tzte Lesezeit\" \/>\n\t<meta name=\"twitter:data1\" content=\"2\u00a0Minuten\" \/>\n<script type=\"application\/ld+json\" class=\"yoast-schema-graph\">{\"@context\":\"https:\/\/schema.org\",\"@graph\":[{\"@type\":\"WebPage\",\"@id\":\"https:\/\/ueberlebenskunst.at\/survivalshop\/shop\/universal-halterung-fuer-steambow-m10-upper\/\",\"url\":\"https:\/\/ueberlebenskunst.at\/survivalshop\/shop\/universal-halterung-fuer-steambow-m10-upper\/\",\"name\":\"Fronteinheit 19\/19 f\u00fcr M10 Upper\",\"isPartOf\":{\"@id\":\"https:\/\/ueberlebenskunst.at\/survivalshop\/#website\"},\"primaryImageOfPage\":{\"@id\":\"https:\/\/ueberlebenskunst.at\/survivalshop\/shop\/universal-halterung-fuer-steambow-m10-upper\/#primaryimage\"},\"image\":{\"@id\":\"https:\/\/ueberlebenskunst.at\/survivalshop\/shop\/universal-halterung-fuer-steambow-m10-upper\/#primaryimage\"},\"thumbnailUrl\":\"https:\/\/ueberlebenskunst.at\/survivalshop\/wp-content\/uploads\/2024\/06\/Fronteinheit_19-19_M10_Upper_M10LLH19_montiert_sk.jpg\",\"datePublished\":\"2024-06-19T09:51:36+00:00\",\"dateModified\":\"2026-04-19T17:13:42+00:00\",\"description\":\"Die universelle Halterung f\u00fcr den Steambow M10 Upper aus \u00d6sterreich hat zwei 19 mm Klemmen und eine Visiereinrichtung. F\u00fcr Lampe, Laser oder Container.\",\"breadcrumb\":{\"@id\":\"https:\/\/ueberlebenskunst.at\/survivalshop\/shop\/universal-halterung-fuer-steambow-m10-upper\/#breadcrumb\"},\"inLanguage\":\"de\",\"potentialAction\":[{\"@type\":\"ReadAction\",\"target\":[\"https:\/\/ueberlebenskunst.at\/survivalshop\/shop\/universal-halterung-fuer-steambow-m10-upper\/\"]}]},{\"@type\":\"ImageObject\",\"inLanguage\":\"de\",\"@id\":\"https:\/\/ueberlebenskunst.at\/survivalshop\/shop\/universal-halterung-fuer-steambow-m10-upper\/#primaryimage\",\"url\":\"https:\/\/ueberlebenskunst.at\/survivalshop\/wp-content\/uploads\/2024\/06\/Fronteinheit_19-19_M10_Upper_M10LLH19_montiert_sk.jpg\",\"contentUrl\":\"https:\/\/ueberlebenskunst.at\/survivalshop\/wp-content\/uploads\/2024\/06\/Fronteinheit_19-19_M10_Upper_M10LLH19_montiert_sk.jpg\",\"width\":400,\"height\":400},{\"@type\":\"BreadcrumbList\",\"@id\":\"https:\/\/ueberlebenskunst.at\/survivalshop\/shop\/universal-halterung-fuer-steambow-m10-upper\/#breadcrumb\",\"itemListElement\":[{\"@type\":\"ListItem\",\"position\":1,\"name\":\"Startseite\",\"item\":\"https:\/\/ueberlebenskunst.at\/survivalshop\/\"},{\"@type\":\"ListItem\",\"position\":2,\"name\":\"Shop\",\"item\":\"https:\/\/ueberlebenskunst.at\/survivalshop\/shop\/\"},{\"@type\":\"ListItem\",\"position\":3,\"name\":\"Fronteinheit 19\/19 f\u00fcr M10 Upper\"}]},{\"@type\":\"WebSite\",\"@id\":\"https:\/\/ueberlebenskunst.at\/survivalshop\/#website\",\"url\":\"https:\/\/ueberlebenskunst.at\/survivalshop\/\",\"name\":\"Reini Rossmann - Survival Shop\",\"description\":\"Survival Shop f\u00fcr Survival, Bushcraft und Prepper\",\"potentialAction\":[{\"@type\":\"SearchAction\",\"target\":{\"@type\":\"EntryPoint\",\"urlTemplate\":\"https:\/\/ueberlebenskunst.at\/survivalshop\/?s={search_term_string}\"},\"query-input\":{\"@type\":\"PropertyValueSpecification\",\"valueRequired\":true,\"valueName\":\"search_term_string\"}}],\"inLanguage\":\"de\"}]}<\/script>\n<!-- \/ Yoast SEO plugin. -->","yoast_head_json":{"title":"Fronteinheit 19\/19 f\u00fcr M10 Upper","description":"Die universelle Halterung f\u00fcr den Steambow M10 Upper aus \u00d6sterreich hat zwei 19 mm Klemmen und eine Visiereinrichtung. F\u00fcr Lampe, Laser oder Container.","robots":{"index":"index","follow":"follow","max-snippet":"max-snippet:-1","max-image-preview":"max-image-preview:large","max-video-preview":"max-video-preview:-1"},"canonical":"https:\/\/ueberlebenskunst.at\/survivalshop\/shop\/universal-halterung-fuer-steambow-m10-upper\/","og_locale":"de_DE","og_type":"article","og_title":"Fronteinheit 19\/19 f\u00fcr M10 Upper","og_description":"Die universelle Halterung f\u00fcr den Steambow M10 Upper aus \u00d6sterreich hat zwei 19 mm Klemmen und eine Visiereinrichtung. F\u00fcr Lampe, Laser oder Container.","og_url":"https:\/\/ueberlebenskunst.at\/survivalshop\/shop\/universal-halterung-fuer-steambow-m10-upper\/","og_site_name":"Reini Rossmann - Survival Shop","article_publisher":"https:\/\/www.facebook.com\/survival24.org\/","article_modified_time":"2026-04-19T17:13:42+00:00","og_image":[{"width":400,"height":400,"url":"https:\/\/ueberlebenskunst.at\/survivalshop\/wp-content\/uploads\/2024\/06\/Fronteinheit_19-19_M10_Upper_M10LLH19_montiert_sk.jpg","type":"image\/jpeg"}],"twitter_card":"summary_large_image","twitter_misc":{"Gesch\u00e4tzte Lesezeit":"2\u00a0Minuten"},"schema":{"@context":"https:\/\/schema.org","@graph":[{"@type":"WebPage","@id":"https:\/\/ueberlebenskunst.at\/survivalshop\/shop\/universal-halterung-fuer-steambow-m10-upper\/","url":"https:\/\/ueberlebenskunst.at\/survivalshop\/shop\/universal-halterung-fuer-steambow-m10-upper\/","name":"Fronteinheit 19\/19 f\u00fcr M10 Upper","isPartOf":{"@id":"https:\/\/ueberlebenskunst.at\/survivalshop\/#website"},"primaryImageOfPage":{"@id":"https:\/\/ueberlebenskunst.at\/survivalshop\/shop\/universal-halterung-fuer-steambow-m10-upper\/#primaryimage"},"image":{"@id":"https:\/\/ueberlebenskunst.at\/survivalshop\/shop\/universal-halterung-fuer-steambow-m10-upper\/#primaryimage"},"thumbnailUrl":"https:\/\/ueberlebenskunst.at\/survivalshop\/wp-content\/uploads\/2024\/06\/Fronteinheit_19-19_M10_Upper_M10LLH19_montiert_sk.jpg","datePublished":"2024-06-19T09:51:36+00:00","dateModified":"2026-04-19T17:13:42+00:00","description":"Die universelle Halterung f\u00fcr den Steambow M10 Upper aus \u00d6sterreich hat zwei 19 mm Klemmen und eine Visiereinrichtung. F\u00fcr Lampe, Laser oder Container.","breadcrumb":{"@id":"https:\/\/ueberlebenskunst.at\/survivalshop\/shop\/universal-halterung-fuer-steambow-m10-upper\/#breadcrumb"},"inLanguage":"de","potentialAction":[{"@type":"ReadAction","target":["https:\/\/ueberlebenskunst.at\/survivalshop\/shop\/universal-halterung-fuer-steambow-m10-upper\/"]}]},{"@type":"ImageObject","inLanguage":"de","@id":"https:\/\/ueberlebenskunst.at\/survivalshop\/shop\/universal-halterung-fuer-steambow-m10-upper\/#primaryimage","url":"https:\/\/ueberlebenskunst.at\/survivalshop\/wp-content\/uploads\/2024\/06\/Fronteinheit_19-19_M10_Upper_M10LLH19_montiert_sk.jpg","contentUrl":"https:\/\/ueberlebenskunst.at\/survivalshop\/wp-content\/uploads\/2024\/06\/Fronteinheit_19-19_M10_Upper_M10LLH19_montiert_sk.jpg","width":400,"height":400},{"@type":"BreadcrumbList","@id":"https:\/\/ueberlebenskunst.at\/survivalshop\/shop\/universal-halterung-fuer-steambow-m10-upper\/#breadcrumb","itemListElement":[{"@type":"ListItem","position":1,"name":"Startseite","item":"https:\/\/ueberlebenskunst.at\/survivalshop\/"},{"@type":"ListItem","position":2,"name":"Shop","item":"https:\/\/ueberlebenskunst.at\/survivalshop\/shop\/"},{"@type":"ListItem","position":3,"name":"Fronteinheit 19\/19 f\u00fcr M10 Upper"}]},{"@type":"WebSite","@id":"https:\/\/ueberlebenskunst.at\/survivalshop\/#website","url":"https:\/\/ueberlebenskunst.at\/survivalshop\/","name":"Reini Rossmann - Survival Shop","description":"Survival Shop f\u00fcr Survival, Bushcraft und Prepper","potentialAction":[{"@type":"SearchAction","target":{"@type":"EntryPoint","urlTemplate":"https:\/\/ueberlebenskunst.at\/survivalshop\/?s={search_term_string}"},"query-input":{"@type":"PropertyValueSpecification","valueRequired":true,"valueName":"search_term_string"}}],"inLanguage":"de"}]}},"_links":{"self":[{"href":"https:\/\/ueberlebenskunst.at\/survivalshop\/wp-json\/wp\/v2\/product\/166531","targetHints":{"allow":["GET"]}}],"collection":[{"href":"https:\/\/ueberlebenskunst.at\/survivalshop\/wp-json\/wp\/v2\/product"}],"about":[{"href":"https:\/\/ueberlebenskunst.at\/survivalshop\/wp-json\/wp\/v2\/types\/product"}],"replies":[{"embeddable":true,"href":"https:\/\/ueberlebenskunst.at\/survivalshop\/wp-json\/wp\/v2\/comments?post=166531"}],"wp:featuredmedia":[{"embeddable":true,"href":"https:\/\/ueberlebenskunst.at\/survivalshop\/wp-json\/wp\/v2\/media\/167952"}],"wp:attachment":[{"href":"https:\/\/ueberlebenskunst.at\/survivalshop\/wp-json\/wp\/v2\/media?parent=166531"}],"wp:term":[{"taxonomy":"product_brand","embeddable":true,"href":"https:\/\/ueberlebenskunst.at\/survivalshop\/wp-json\/wp\/v2\/product_brand?post=166531"},{"taxonomy":"product_cat","embeddable":true,"href":"https:\/\/ueberlebenskunst.at\/survivalshop\/wp-json\/wp\/v2\/product_cat?post=166531"},{"taxonomy":"product_tag","embeddable":true,"href":"https:\/\/ueberlebenskunst.at\/survivalshop\/wp-json\/wp\/v2\/product_tag?post=166531"}],"curies":[{"name":"wp","href":"https:\/\/api.w.org\/{rel}","templated":true}]}}