{"id":166405,"date":"2024-06-17T14:59:24","date_gmt":"2024-06-17T12:59:24","guid":{"rendered":"https:\/\/ueberlebenskunst.at\/survivalshop\/?post_type=product&#038;p=166405"},"modified":"2025-12-22T06:38:07","modified_gmt":"2025-12-22T05:38:07","slug":"spyderco-delica-4-lightweight-wave","status":"publish","type":"product","link":"https:\/\/ueberlebenskunst.at\/survivalshop\/shop\/spyderco-delica-4-lightweight-wave\/","title":{"rendered":"Spyderco Delica 4 Lightweight Wave"},"content":{"rendered":"<p>Das Spyderco Delica 4 Lightweight Wave ist ein leichtes EDC-Taschenmesser mit Wave-\u00d6ffnungshilfe f\u00fcr extrem schnelles Ziehen aus der Tasche. Die 7,4 cm lange VG-10-Klinge wird per Wave oder Spyderhole ge\u00f6ffnet und sicher per Backlock verriegelt. Der strukturierte Zytel-Griff sorgt bei nur 72 g Gewicht f\u00fcr zuverl\u00e4ssigen Halt \u2013 ein kompakter, robuster Allrounder f\u00fcr den t\u00e4glichen Einsatz.<\/p>\n<h3>Produktdaten:<\/h3>\n<ul>\n<li>Gesamtl\u00e4nge: 18,2 cm<\/li>\n<li>Klingenl\u00e4nge: 7,4 cm<\/li>\n<li>Gewicht: 72 g<\/li>\n<li>Klingenst\u00e4rke: 2,5 mm<\/li>\n<li>Klingenmaterial: VG-10<\/li>\n<li>Griffmaterial: Zytel<\/li>\n<li>Backlock<\/li>\n<\/ul>\n","protected":false},"excerpt":{"rendered":"<p>Das Spyderco Delica 4 Lightweight Wave ist ein leichtes EDC-Taschenmesser mit Wave-\u00d6ffnungshilfe f\u00fcr extrem schnelles Ziehen aus der Tasche. Die 7,4 cm lange VG-10-Klinge wird per Wave oder Spyderhole ge\u00f6ffnet und sicher per Backlock verriegelt. Der strukturierte Zytel-Griff sorgt bei nur 72 g Gewicht f\u00fcr zuverl\u00e4ssigen Halt \u2013 ein kompakter, robuster Allrounder f\u00fcr den t\u00e4glichen [&hellip;]<\/p>\n","protected":false},"featured_media":166406,"comment_status":"open","ping_status":"closed","template":"","meta":{"_acf_changed":false},"product_brand":[],"product_cat":[1805],"product_tag":[336],"class_list":{"0":"post-166405","1":"product","2":"type-product","3":"status-publish","4":"has-post-thumbnail","6":"product_cat-messer-messer-tools","7":"product_tag-spyderco","9":"first","10":"instock","11":"taxable","12":"shipping-taxable","13":"purchasable","14":"product-type-simple"},"acf":[],"yoast_head":"<!-- This site is optimized with the Yoast SEO plugin v27.1.1 - https:\/\/yoast.com\/product\/yoast-seo-wordpress\/ -->\n<title>Spyderco Delica 4 Lightweight Wave - Reini Rossmann - Survival Shop<\/title>\n<meta name=\"robots\" content=\"index, follow, max-snippet:-1, max-image-preview:large, max-video-preview:-1\" \/>\n<link rel=\"canonical\" href=\"https:\/\/ueberlebenskunst.at\/survivalshop\/shop\/spyderco-delica-4-lightweight-wave\/\" \/>\n<meta property=\"og:locale\" content=\"de_DE\" \/>\n<meta property=\"og:type\" content=\"article\" \/>\n<meta property=\"og:title\" content=\"Spyderco Delica 4 Lightweight Wave - Reini Rossmann - Survival Shop\" \/>\n<meta property=\"og:description\" content=\"Das Spyderco Delica 4 Lightweight Wave ist ein leichtes EDC-Taschenmesser mit Wave-\u00d6ffnungshilfe f\u00fcr extrem schnelles Ziehen aus der Tasche. Die 7,4 cm lange VG-10-Klinge wird per Wave oder Spyderhole ge\u00f6ffnet und sicher per Backlock verriegelt. Der strukturierte Zytel-Griff sorgt bei nur 72 g Gewicht f\u00fcr zuverl\u00e4ssigen Halt \u2013 ein kompakter, robuster Allrounder f\u00fcr den t\u00e4glichen [&hellip;]\" \/>\n<meta property=\"og:url\" content=\"https:\/\/ueberlebenskunst.at\/survivalshop\/shop\/spyderco-delica-4-lightweight-wave\/\" \/>\n<meta property=\"og:site_name\" content=\"Reini Rossmann - Survival Shop\" \/>\n<meta property=\"article:publisher\" content=\"https:\/\/www.facebook.com\/survival24.org\/\" \/>\n<meta property=\"article:modified_time\" content=\"2025-12-22T05:38:07+00:00\" \/>\n<meta property=\"og:image\" content=\"https:\/\/ueberlebenskunst.at\/survivalshop\/wp-content\/uploads\/2024\/06\/01SP537.jpg\" \/>\n\t<meta property=\"og:image:width\" content=\"400\" \/>\n\t<meta property=\"og:image:height\" content=\"400\" \/>\n\t<meta property=\"og:image:type\" content=\"image\/jpeg\" \/>\n<meta name=\"twitter:card\" content=\"summary_large_image\" \/>\n<meta name=\"twitter:label1\" content=\"Gesch\u00e4tzte Lesezeit\" \/>\n\t<meta name=\"twitter:data1\" content=\"1\u00a0Minute\" \/>\n<script type=\"application\/ld+json\" class=\"yoast-schema-graph\">{\"@context\":\"https:\/\/schema.org\",\"@graph\":[{\"@type\":\"WebPage\",\"@id\":\"https:\/\/ueberlebenskunst.at\/survivalshop\/shop\/spyderco-delica-4-lightweight-wave\/\",\"url\":\"https:\/\/ueberlebenskunst.at\/survivalshop\/shop\/spyderco-delica-4-lightweight-wave\/\",\"name\":\"Spyderco Delica 4 Lightweight Wave - Reini Rossmann - Survival Shop\",\"isPartOf\":{\"@id\":\"https:\/\/ueberlebenskunst.at\/survivalshop\/#website\"},\"primaryImageOfPage\":{\"@id\":\"https:\/\/ueberlebenskunst.at\/survivalshop\/shop\/spyderco-delica-4-lightweight-wave\/#primaryimage\"},\"image\":{\"@id\":\"https:\/\/ueberlebenskunst.at\/survivalshop\/shop\/spyderco-delica-4-lightweight-wave\/#primaryimage\"},\"thumbnailUrl\":\"https:\/\/ueberlebenskunst.at\/survivalshop\/wp-content\/uploads\/2024\/06\/01SP537.jpg\",\"datePublished\":\"2024-06-17T12:59:24+00:00\",\"dateModified\":\"2025-12-22T05:38:07+00:00\",\"breadcrumb\":{\"@id\":\"https:\/\/ueberlebenskunst.at\/survivalshop\/shop\/spyderco-delica-4-lightweight-wave\/#breadcrumb\"},\"inLanguage\":\"de\",\"potentialAction\":[{\"@type\":\"ReadAction\",\"target\":[\"https:\/\/ueberlebenskunst.at\/survivalshop\/shop\/spyderco-delica-4-lightweight-wave\/\"]}]},{\"@type\":\"ImageObject\",\"inLanguage\":\"de\",\"@id\":\"https:\/\/ueberlebenskunst.at\/survivalshop\/shop\/spyderco-delica-4-lightweight-wave\/#primaryimage\",\"url\":\"https:\/\/ueberlebenskunst.at\/survivalshop\/wp-content\/uploads\/2024\/06\/01SP537.jpg\",\"contentUrl\":\"https:\/\/ueberlebenskunst.at\/survivalshop\/wp-content\/uploads\/2024\/06\/01SP537.jpg\",\"width\":400,\"height\":400},{\"@type\":\"BreadcrumbList\",\"@id\":\"https:\/\/ueberlebenskunst.at\/survivalshop\/shop\/spyderco-delica-4-lightweight-wave\/#breadcrumb\",\"itemListElement\":[{\"@type\":\"ListItem\",\"position\":1,\"name\":\"Startseite\",\"item\":\"https:\/\/ueberlebenskunst.at\/survivalshop\/\"},{\"@type\":\"ListItem\",\"position\":2,\"name\":\"Shop\",\"item\":\"https:\/\/ueberlebenskunst.at\/survivalshop\/shop\/\"},{\"@type\":\"ListItem\",\"position\":3,\"name\":\"Spyderco Delica 4 Lightweight Wave\"}]},{\"@type\":\"WebSite\",\"@id\":\"https:\/\/ueberlebenskunst.at\/survivalshop\/#website\",\"url\":\"https:\/\/ueberlebenskunst.at\/survivalshop\/\",\"name\":\"Reini Rossmann - Survival Shop\",\"description\":\"Survival Shop f\u00fcr Survival, Bushcraft und Prepper\",\"potentialAction\":[{\"@type\":\"SearchAction\",\"target\":{\"@type\":\"EntryPoint\",\"urlTemplate\":\"https:\/\/ueberlebenskunst.at\/survivalshop\/?s={search_term_string}\"},\"query-input\":{\"@type\":\"PropertyValueSpecification\",\"valueRequired\":true,\"valueName\":\"search_term_string\"}}],\"inLanguage\":\"de\"}]}<\/script>\n<!-- \/ Yoast SEO plugin. -->","yoast_head_json":{"title":"Spyderco Delica 4 Lightweight Wave - Reini Rossmann - Survival Shop","robots":{"index":"index","follow":"follow","max-snippet":"max-snippet:-1","max-image-preview":"max-image-preview:large","max-video-preview":"max-video-preview:-1"},"canonical":"https:\/\/ueberlebenskunst.at\/survivalshop\/shop\/spyderco-delica-4-lightweight-wave\/","og_locale":"de_DE","og_type":"article","og_title":"Spyderco Delica 4 Lightweight Wave - Reini Rossmann - Survival Shop","og_description":"Das Spyderco Delica 4 Lightweight Wave ist ein leichtes EDC-Taschenmesser mit Wave-\u00d6ffnungshilfe f\u00fcr extrem schnelles Ziehen aus der Tasche. Die 7,4 cm lange VG-10-Klinge wird per Wave oder Spyderhole ge\u00f6ffnet und sicher per Backlock verriegelt. Der strukturierte Zytel-Griff sorgt bei nur 72 g Gewicht f\u00fcr zuverl\u00e4ssigen Halt \u2013 ein kompakter, robuster Allrounder f\u00fcr den t\u00e4glichen [&hellip;]","og_url":"https:\/\/ueberlebenskunst.at\/survivalshop\/shop\/spyderco-delica-4-lightweight-wave\/","og_site_name":"Reini Rossmann - Survival Shop","article_publisher":"https:\/\/www.facebook.com\/survival24.org\/","article_modified_time":"2025-12-22T05:38:07+00:00","og_image":[{"width":400,"height":400,"url":"https:\/\/ueberlebenskunst.at\/survivalshop\/wp-content\/uploads\/2024\/06\/01SP537.jpg","type":"image\/jpeg"}],"twitter_card":"summary_large_image","twitter_misc":{"Gesch\u00e4tzte Lesezeit":"1\u00a0Minute"},"schema":{"@context":"https:\/\/schema.org","@graph":[{"@type":"WebPage","@id":"https:\/\/ueberlebenskunst.at\/survivalshop\/shop\/spyderco-delica-4-lightweight-wave\/","url":"https:\/\/ueberlebenskunst.at\/survivalshop\/shop\/spyderco-delica-4-lightweight-wave\/","name":"Spyderco Delica 4 Lightweight Wave - Reini Rossmann - Survival Shop","isPartOf":{"@id":"https:\/\/ueberlebenskunst.at\/survivalshop\/#website"},"primaryImageOfPage":{"@id":"https:\/\/ueberlebenskunst.at\/survivalshop\/shop\/spyderco-delica-4-lightweight-wave\/#primaryimage"},"image":{"@id":"https:\/\/ueberlebenskunst.at\/survivalshop\/shop\/spyderco-delica-4-lightweight-wave\/#primaryimage"},"thumbnailUrl":"https:\/\/ueberlebenskunst.at\/survivalshop\/wp-content\/uploads\/2024\/06\/01SP537.jpg","datePublished":"2024-06-17T12:59:24+00:00","dateModified":"2025-12-22T05:38:07+00:00","breadcrumb":{"@id":"https:\/\/ueberlebenskunst.at\/survivalshop\/shop\/spyderco-delica-4-lightweight-wave\/#breadcrumb"},"inLanguage":"de","potentialAction":[{"@type":"ReadAction","target":["https:\/\/ueberlebenskunst.at\/survivalshop\/shop\/spyderco-delica-4-lightweight-wave\/"]}]},{"@type":"ImageObject","inLanguage":"de","@id":"https:\/\/ueberlebenskunst.at\/survivalshop\/shop\/spyderco-delica-4-lightweight-wave\/#primaryimage","url":"https:\/\/ueberlebenskunst.at\/survivalshop\/wp-content\/uploads\/2024\/06\/01SP537.jpg","contentUrl":"https:\/\/ueberlebenskunst.at\/survivalshop\/wp-content\/uploads\/2024\/06\/01SP537.jpg","width":400,"height":400},{"@type":"BreadcrumbList","@id":"https:\/\/ueberlebenskunst.at\/survivalshop\/shop\/spyderco-delica-4-lightweight-wave\/#breadcrumb","itemListElement":[{"@type":"ListItem","position":1,"name":"Startseite","item":"https:\/\/ueberlebenskunst.at\/survivalshop\/"},{"@type":"ListItem","position":2,"name":"Shop","item":"https:\/\/ueberlebenskunst.at\/survivalshop\/shop\/"},{"@type":"ListItem","position":3,"name":"Spyderco Delica 4 Lightweight Wave"}]},{"@type":"WebSite","@id":"https:\/\/ueberlebenskunst.at\/survivalshop\/#website","url":"https:\/\/ueberlebenskunst.at\/survivalshop\/","name":"Reini Rossmann - Survival Shop","description":"Survival Shop f\u00fcr Survival, Bushcraft und Prepper","potentialAction":[{"@type":"SearchAction","target":{"@type":"EntryPoint","urlTemplate":"https:\/\/ueberlebenskunst.at\/survivalshop\/?s={search_term_string}"},"query-input":{"@type":"PropertyValueSpecification","valueRequired":true,"valueName":"search_term_string"}}],"inLanguage":"de"}]}},"_links":{"self":[{"href":"https:\/\/ueberlebenskunst.at\/survivalshop\/wp-json\/wp\/v2\/product\/166405","targetHints":{"allow":["GET"]}}],"collection":[{"href":"https:\/\/ueberlebenskunst.at\/survivalshop\/wp-json\/wp\/v2\/product"}],"about":[{"href":"https:\/\/ueberlebenskunst.at\/survivalshop\/wp-json\/wp\/v2\/types\/product"}],"replies":[{"embeddable":true,"href":"https:\/\/ueberlebenskunst.at\/survivalshop\/wp-json\/wp\/v2\/comments?post=166405"}],"wp:featuredmedia":[{"embeddable":true,"href":"https:\/\/ueberlebenskunst.at\/survivalshop\/wp-json\/wp\/v2\/media\/166406"}],"wp:attachment":[{"href":"https:\/\/ueberlebenskunst.at\/survivalshop\/wp-json\/wp\/v2\/media?parent=166405"}],"wp:term":[{"taxonomy":"product_brand","embeddable":true,"href":"https:\/\/ueberlebenskunst.at\/survivalshop\/wp-json\/wp\/v2\/product_brand?post=166405"},{"taxonomy":"product_cat","embeddable":true,"href":"https:\/\/ueberlebenskunst.at\/survivalshop\/wp-json\/wp\/v2\/product_cat?post=166405"},{"taxonomy":"product_tag","embeddable":true,"href":"https:\/\/ueberlebenskunst.at\/survivalshop\/wp-json\/wp\/v2\/product_tag?post=166405"}],"curies":[{"name":"wp","href":"https:\/\/api.w.org\/{rel}","templated":true}]}}