{"id":166394,"date":"2024-06-17T14:25:50","date_gmt":"2024-06-17T12:25:50","guid":{"rendered":"https:\/\/ueberlebenskunst.at\/survivalshop\/?post_type=product&#038;p=166394"},"modified":"2025-11-17T07:37:45","modified_gmt":"2025-11-17T06:37:45","slug":"crkt-williams-defense-pen-gray","status":"seo-produkt","type":"product","link":"https:\/\/ueberlebenskunst.at\/survivalshop\/shop\/crkt-williams-defense-pen-gray\/","title":{"rendered":"CRKT Williams Defense Pen Gray"},"content":{"rendered":"<p>Im grauen Kugelschreiber aus Grivory steckt weitaus mehr als nur ein herk\u00f6mmliches Schreibger\u00e4t. Form und Struktur sorgen f\u00fcr eine kompromisslose Griffigkeit, so dass der Stift im Notfall auch zur Selbstverteidigung eingesetzt werden kann. Verwendet werden Minen des Typs Schmidt MegaLine 4889M.<\/p>\n<h3>Produktdaten:<\/h3>\n<ul>\n<li>Gesamtl\u00e4nge: 15,2 cm<\/li>\n<li>Gewicht: 22 g<\/li>\n<li>Griffmaterial: Grivory<\/li>\n<li>Designer: James Williams<\/li>\n<\/ul>\n","protected":false},"excerpt":{"rendered":"<p>Im grauen Kugelschreiber aus Grivory steckt weitaus mehr als nur ein herk\u00f6mmliches Schreibger\u00e4t. Form und Struktur sorgen f\u00fcr eine kompromisslose Griffigkeit, so dass der Stift im Notfall auch zur Selbstverteidigung eingesetzt werden kann. Verwendet werden Minen des Typs Schmidt MegaLine 4889M. Produktdaten: Gesamtl\u00e4nge: 15,2 cm Gewicht: 22 g Griffmaterial: Grivory Designer: James Williams<\/p>\n","protected":false},"featured_media":166395,"comment_status":"open","ping_status":"closed","template":"","meta":{"_acf_changed":false},"product_brand":[],"product_cat":[1805],"product_tag":[762,2250],"class_list":{"0":"post-166394","1":"product","2":"type-product","3":"status-seo-produkt","4":"has-post-thumbnail","6":"product_cat-messer-messer-tools","7":"product_tag-crkt","8":"product_tag-tactical-pen","10":"first","11":"outofstock","12":"sale","13":"taxable","14":"shipping-taxable","15":"product-type-simple"},"acf":[],"yoast_head":"<!-- This site is optimized with the Yoast SEO plugin v27.1.1 - https:\/\/yoast.com\/product\/yoast-seo-wordpress\/ -->\n<title>CRKT Williams Defense Pen Gray - Reini Rossmann - Survival Shop<\/title>\n<meta name=\"robots\" content=\"index, follow, max-snippet:-1, max-image-preview:large, max-video-preview:-1\" \/>\n<link rel=\"canonical\" href=\"https:\/\/ueberlebenskunst.at\/survivalshop\/shop\/crkt-williams-defense-pen-gray\/\" \/>\n<meta property=\"og:locale\" content=\"de_DE\" \/>\n<meta property=\"og:type\" content=\"article\" \/>\n<meta property=\"og:title\" content=\"CRKT Williams Defense Pen Gray - Reini Rossmann - Survival Shop\" \/>\n<meta property=\"og:description\" content=\"Im grauen Kugelschreiber aus Grivory steckt weitaus mehr als nur ein herk\u00f6mmliches Schreibger\u00e4t. Form und Struktur sorgen f\u00fcr eine kompromisslose Griffigkeit, so dass der Stift im Notfall auch zur Selbstverteidigung eingesetzt werden kann. Verwendet werden Minen des Typs Schmidt MegaLine 4889M. Produktdaten: Gesamtl\u00e4nge: 15,2 cm Gewicht: 22 g Griffmaterial: Grivory Designer: James Williams\" \/>\n<meta property=\"og:url\" content=\"https:\/\/ueberlebenskunst.at\/survivalshop\/shop\/crkt-williams-defense-pen-gray\/\" \/>\n<meta property=\"og:site_name\" content=\"Reini Rossmann - Survival Shop\" \/>\n<meta property=\"article:publisher\" content=\"https:\/\/www.facebook.com\/survival24.org\/\" \/>\n<meta property=\"article:modified_time\" content=\"2025-11-17T06:37:45+00:00\" \/>\n<meta property=\"og:image\" content=\"https:\/\/ueberlebenskunst.at\/survivalshop\/wp-content\/uploads\/2024\/06\/09CRTPENWBG.jpg\" \/>\n\t<meta property=\"og:image:width\" content=\"400\" \/>\n\t<meta property=\"og:image:height\" content=\"398\" \/>\n\t<meta property=\"og:image:type\" content=\"image\/jpeg\" \/>\n<meta name=\"twitter:card\" content=\"summary_large_image\" \/>\n<meta name=\"twitter:label1\" content=\"Gesch\u00e4tzte Lesezeit\" \/>\n\t<meta name=\"twitter:data1\" content=\"1\u00a0Minute\" \/>\n<script type=\"application\/ld+json\" class=\"yoast-schema-graph\">{\"@context\":\"https:\/\/schema.org\",\"@graph\":[{\"@type\":\"WebPage\",\"@id\":\"https:\/\/ueberlebenskunst.at\/survivalshop\/shop\/crkt-williams-defense-pen-gray\/\",\"url\":\"https:\/\/ueberlebenskunst.at\/survivalshop\/shop\/crkt-williams-defense-pen-gray\/\",\"name\":\"CRKT Williams Defense Pen Gray - Reini Rossmann - Survival Shop\",\"isPartOf\":{\"@id\":\"https:\/\/ueberlebenskunst.at\/survivalshop\/#website\"},\"primaryImageOfPage\":{\"@id\":\"https:\/\/ueberlebenskunst.at\/survivalshop\/shop\/crkt-williams-defense-pen-gray\/#primaryimage\"},\"image\":{\"@id\":\"https:\/\/ueberlebenskunst.at\/survivalshop\/shop\/crkt-williams-defense-pen-gray\/#primaryimage\"},\"thumbnailUrl\":\"https:\/\/ueberlebenskunst.at\/survivalshop\/wp-content\/uploads\/2024\/06\/09CRTPENWBG.jpg\",\"datePublished\":\"2024-06-17T12:25:50+00:00\",\"dateModified\":\"2025-11-17T06:37:45+00:00\",\"breadcrumb\":{\"@id\":\"https:\/\/ueberlebenskunst.at\/survivalshop\/shop\/crkt-williams-defense-pen-gray\/#breadcrumb\"},\"inLanguage\":\"de\",\"potentialAction\":[{\"@type\":\"ReadAction\",\"target\":[\"https:\/\/ueberlebenskunst.at\/survivalshop\/shop\/crkt-williams-defense-pen-gray\/\"]}]},{\"@type\":\"ImageObject\",\"inLanguage\":\"de\",\"@id\":\"https:\/\/ueberlebenskunst.at\/survivalshop\/shop\/crkt-williams-defense-pen-gray\/#primaryimage\",\"url\":\"https:\/\/ueberlebenskunst.at\/survivalshop\/wp-content\/uploads\/2024\/06\/09CRTPENWBG.jpg\",\"contentUrl\":\"https:\/\/ueberlebenskunst.at\/survivalshop\/wp-content\/uploads\/2024\/06\/09CRTPENWBG.jpg\",\"width\":400,\"height\":398},{\"@type\":\"BreadcrumbList\",\"@id\":\"https:\/\/ueberlebenskunst.at\/survivalshop\/shop\/crkt-williams-defense-pen-gray\/#breadcrumb\",\"itemListElement\":[{\"@type\":\"ListItem\",\"position\":1,\"name\":\"Startseite\",\"item\":\"https:\/\/ueberlebenskunst.at\/survivalshop\/\"},{\"@type\":\"ListItem\",\"position\":2,\"name\":\"Shop\",\"item\":\"https:\/\/ueberlebenskunst.at\/survivalshop\/shop\/\"},{\"@type\":\"ListItem\",\"position\":3,\"name\":\"CRKT Williams Defense Pen Gray\"}]},{\"@type\":\"WebSite\",\"@id\":\"https:\/\/ueberlebenskunst.at\/survivalshop\/#website\",\"url\":\"https:\/\/ueberlebenskunst.at\/survivalshop\/\",\"name\":\"Reini Rossmann - Survival Shop\",\"description\":\"Survival Shop f\u00fcr Survival, Bushcraft und Prepper\",\"potentialAction\":[{\"@type\":\"SearchAction\",\"target\":{\"@type\":\"EntryPoint\",\"urlTemplate\":\"https:\/\/ueberlebenskunst.at\/survivalshop\/?s={search_term_string}\"},\"query-input\":{\"@type\":\"PropertyValueSpecification\",\"valueRequired\":true,\"valueName\":\"search_term_string\"}}],\"inLanguage\":\"de\"}]}<\/script>\n<!-- \/ Yoast SEO plugin. -->","yoast_head_json":{"title":"CRKT Williams Defense Pen Gray - Reini Rossmann - Survival Shop","robots":{"index":"index","follow":"follow","max-snippet":"max-snippet:-1","max-image-preview":"max-image-preview:large","max-video-preview":"max-video-preview:-1"},"canonical":"https:\/\/ueberlebenskunst.at\/survivalshop\/shop\/crkt-williams-defense-pen-gray\/","og_locale":"de_DE","og_type":"article","og_title":"CRKT Williams Defense Pen Gray - Reini Rossmann - Survival Shop","og_description":"Im grauen Kugelschreiber aus Grivory steckt weitaus mehr als nur ein herk\u00f6mmliches Schreibger\u00e4t. Form und Struktur sorgen f\u00fcr eine kompromisslose Griffigkeit, so dass der Stift im Notfall auch zur Selbstverteidigung eingesetzt werden kann. Verwendet werden Minen des Typs Schmidt MegaLine 4889M. Produktdaten: Gesamtl\u00e4nge: 15,2 cm Gewicht: 22 g Griffmaterial: Grivory Designer: James Williams","og_url":"https:\/\/ueberlebenskunst.at\/survivalshop\/shop\/crkt-williams-defense-pen-gray\/","og_site_name":"Reini Rossmann - Survival Shop","article_publisher":"https:\/\/www.facebook.com\/survival24.org\/","article_modified_time":"2025-11-17T06:37:45+00:00","og_image":[{"width":400,"height":398,"url":"https:\/\/ueberlebenskunst.at\/survivalshop\/wp-content\/uploads\/2024\/06\/09CRTPENWBG.jpg","type":"image\/jpeg"}],"twitter_card":"summary_large_image","twitter_misc":{"Gesch\u00e4tzte Lesezeit":"1\u00a0Minute"},"schema":{"@context":"https:\/\/schema.org","@graph":[{"@type":"WebPage","@id":"https:\/\/ueberlebenskunst.at\/survivalshop\/shop\/crkt-williams-defense-pen-gray\/","url":"https:\/\/ueberlebenskunst.at\/survivalshop\/shop\/crkt-williams-defense-pen-gray\/","name":"CRKT Williams Defense Pen Gray - Reini Rossmann - Survival Shop","isPartOf":{"@id":"https:\/\/ueberlebenskunst.at\/survivalshop\/#website"},"primaryImageOfPage":{"@id":"https:\/\/ueberlebenskunst.at\/survivalshop\/shop\/crkt-williams-defense-pen-gray\/#primaryimage"},"image":{"@id":"https:\/\/ueberlebenskunst.at\/survivalshop\/shop\/crkt-williams-defense-pen-gray\/#primaryimage"},"thumbnailUrl":"https:\/\/ueberlebenskunst.at\/survivalshop\/wp-content\/uploads\/2024\/06\/09CRTPENWBG.jpg","datePublished":"2024-06-17T12:25:50+00:00","dateModified":"2025-11-17T06:37:45+00:00","breadcrumb":{"@id":"https:\/\/ueberlebenskunst.at\/survivalshop\/shop\/crkt-williams-defense-pen-gray\/#breadcrumb"},"inLanguage":"de","potentialAction":[{"@type":"ReadAction","target":["https:\/\/ueberlebenskunst.at\/survivalshop\/shop\/crkt-williams-defense-pen-gray\/"]}]},{"@type":"ImageObject","inLanguage":"de","@id":"https:\/\/ueberlebenskunst.at\/survivalshop\/shop\/crkt-williams-defense-pen-gray\/#primaryimage","url":"https:\/\/ueberlebenskunst.at\/survivalshop\/wp-content\/uploads\/2024\/06\/09CRTPENWBG.jpg","contentUrl":"https:\/\/ueberlebenskunst.at\/survivalshop\/wp-content\/uploads\/2024\/06\/09CRTPENWBG.jpg","width":400,"height":398},{"@type":"BreadcrumbList","@id":"https:\/\/ueberlebenskunst.at\/survivalshop\/shop\/crkt-williams-defense-pen-gray\/#breadcrumb","itemListElement":[{"@type":"ListItem","position":1,"name":"Startseite","item":"https:\/\/ueberlebenskunst.at\/survivalshop\/"},{"@type":"ListItem","position":2,"name":"Shop","item":"https:\/\/ueberlebenskunst.at\/survivalshop\/shop\/"},{"@type":"ListItem","position":3,"name":"CRKT Williams Defense Pen Gray"}]},{"@type":"WebSite","@id":"https:\/\/ueberlebenskunst.at\/survivalshop\/#website","url":"https:\/\/ueberlebenskunst.at\/survivalshop\/","name":"Reini Rossmann - Survival Shop","description":"Survival Shop f\u00fcr Survival, Bushcraft und Prepper","potentialAction":[{"@type":"SearchAction","target":{"@type":"EntryPoint","urlTemplate":"https:\/\/ueberlebenskunst.at\/survivalshop\/?s={search_term_string}"},"query-input":{"@type":"PropertyValueSpecification","valueRequired":true,"valueName":"search_term_string"}}],"inLanguage":"de"}]}},"_links":{"self":[{"href":"https:\/\/ueberlebenskunst.at\/survivalshop\/wp-json\/wp\/v2\/product\/166394","targetHints":{"allow":["GET"]}}],"collection":[{"href":"https:\/\/ueberlebenskunst.at\/survivalshop\/wp-json\/wp\/v2\/product"}],"about":[{"href":"https:\/\/ueberlebenskunst.at\/survivalshop\/wp-json\/wp\/v2\/types\/product"}],"replies":[{"embeddable":true,"href":"https:\/\/ueberlebenskunst.at\/survivalshop\/wp-json\/wp\/v2\/comments?post=166394"}],"wp:featuredmedia":[{"embeddable":true,"href":"https:\/\/ueberlebenskunst.at\/survivalshop\/wp-json\/wp\/v2\/media\/166395"}],"wp:attachment":[{"href":"https:\/\/ueberlebenskunst.at\/survivalshop\/wp-json\/wp\/v2\/media?parent=166394"}],"wp:term":[{"taxonomy":"product_brand","embeddable":true,"href":"https:\/\/ueberlebenskunst.at\/survivalshop\/wp-json\/wp\/v2\/product_brand?post=166394"},{"taxonomy":"product_cat","embeddable":true,"href":"https:\/\/ueberlebenskunst.at\/survivalshop\/wp-json\/wp\/v2\/product_cat?post=166394"},{"taxonomy":"product_tag","embeddable":true,"href":"https:\/\/ueberlebenskunst.at\/survivalshop\/wp-json\/wp\/v2\/product_tag?post=166394"}],"curies":[{"name":"wp","href":"https:\/\/api.w.org\/{rel}","templated":true}]}}