{"id":166254,"date":"2024-06-17T07:46:24","date_gmt":"2024-06-17T05:46:24","guid":{"rendered":"https:\/\/ueberlebenskunst.at\/survivalshop\/?post_type=product&#038;p=166254"},"modified":"2025-10-09T13:23:51","modified_gmt":"2025-10-09T11:23:51","slug":"reate-exo-u-gravity-knife-black-aluminum","status":"seo-produkt","type":"product","link":"https:\/\/ueberlebenskunst.at\/survivalshop\/shop\/reate-exo-u-gravity-knife-black-aluminum\/","title":{"rendered":"Reate Exo-U Gravity Knife Black Aluminum"},"content":{"rendered":"<p>Es handelt sich beim Produkt, um ein Produkt f\u00fcr die Warteliste. Farben und Variationen werden nach Verf\u00fcgbarkeit und Ver\u00f6ffentlichung des Messers auf dieser Seite bekanntgegeben. Trag dich in die Warteliste ein, um als einer der ersten informiert zu werden, wenn das Messer wirklich verf\u00fcgbar ist.<\/p>\n<p>Die perfekte Mischung aus robuster Funktionalit\u00e4t und t\u00e4glicher Handlichkeit. Der Exo-U baut auf dem erfolgreichen Gravity Knife Design von Reate auf und setzt mit seinen austauschbaren Universalklingen neue Ma\u00dfst\u00e4be. Er ist das ideale Werkzeug f\u00fcr alle, die Vielseitigkeit in ihrer Ausr\u00fcstung sch\u00e4tzen.<\/p>\n<p>F\u00fcr diejenigen, die Liebe zum Detail haben, bietet der Exo-U einen nach vorne gerichteten, schwenkbaren Rahmen, der ein nahtloses Ausfahren der Klinge erm\u00f6glicht. Mit einem kurzen Druck auf die Griffschalen und einer leichten Neigung gleitet die Klinge m\u00fchelos ein und aus und ist bereit, jede Aufgabe pr\u00e4zise und leicht zu bew\u00e4ltigen. Das herausragende Merkmal sind die austauschbaren Klingen. Das m\u00fchsame Hantieren mit stumpfen Klingen geh\u00f6rt der Vergangenheit an. Mit dem Exo-U kannst du die Klingen schnell und einfach wechseln und sicherstellen, dass du immer eine scharfe Schneide zur Hand hast. Egal ob du durch harte Materialien schneidest oder feine Details bearbeitest \u2013 dieses Messer ist f\u00fcr jede Aufgabe geeignet.<\/p>\n<p>Auch das Design \u00fcberzeugt. Der Exo-U besitzt Griffe aus strapazierf\u00e4higem, schwarzem Aluminium, die eine robuste \u00c4sthetik bieten, die genauso widerstandsf\u00e4hig ist, wie sie aussieht. Die &#8220;Speedhole&#8221;-Aussparungen im Griff verleihen nicht nur Stil, sondern reduzieren auch das Gewicht, ohne die St\u00e4rke zu beeintr\u00e4chtigen. Die Bequemlichkeit endet hier nicht. Der Exo-U ist mit einem Taschenclip aus rostfreiem Stahl ausgestattet, sodass du dein Messer stets griffbereit hast. Egal ob auf der Baustelle, in der Werkstatt oder in der freien Natur, du wirst die Sicherheit zu sch\u00e4tzen wissen. Achtung: Es ist keine Teppichmesserklinge im Lieferumfang enthalten!<\/p>\n<h3>Produktdetails:<\/h3>\n<ul>\n<li>Klinge: Edelstahl<\/li>\n<li>Rahmen: Aluminum<\/li>\n<li>Griff: Aluminium<\/li>\n<li>Gewicht: 72 g<\/li>\n<li>Gesamtl\u00e4nge: 147 mm<\/li>\n<li>Klingenl\u00e4nge: 61 mm<\/li>\n<li>L\u00e4nge geschlossen: 89 mm<\/li>\n<li>Klingenst\u00e4rke: 1 mm<\/li>\n<\/ul>\n<p><strong>Wichtig:<\/strong> Der Versand erfolgt nur innerhalb \u00d6sterreichs und an Personen ab 18 Jahren. Bitte lade deine Ausweiskopie beim Bestellabschluss hoch.<\/p>\n","protected":false},"excerpt":{"rendered":"<p>Es handelt sich beim Produkt, um ein Produkt f\u00fcr die Warteliste. Farben und Variationen werden nach Verf\u00fcgbarkeit und Ver\u00f6ffentlichung des Messers auf dieser Seite bekanntgegeben. Trag dich in die Warteliste ein, um als einer der ersten informiert zu werden, wenn das Messer wirklich verf\u00fcgbar ist. Die perfekte Mischung aus robuster Funktionalit\u00e4t und t\u00e4glicher Handlichkeit. Der [&hellip;]<\/p>\n","protected":false},"featured_media":166255,"comment_status":"open","ping_status":"closed","template":"","meta":{"_acf_changed":false},"product_brand":[],"product_cat":[426],"product_tag":[2300,1610,1611,2257,2298,2299],"class_list":{"0":"post-166254","1":"product","2":"type-product","3":"status-seo-produkt","4":"has-post-thumbnail","6":"product_cat-unkategorisiert","7":"product_tag-gravity-knife","8":"product_tag-otf","9":"product_tag-outofthefront","10":"product_tag-reate","11":"product_tag-teppichmesser","12":"product_tag-utility-blade","14":"first","15":"outofstock","16":"taxable","17":"shipping-taxable","18":"product-type-simple"},"acf":[],"yoast_head":"<!-- This site is optimized with the Yoast SEO plugin v27.1.1 - https:\/\/yoast.com\/product\/yoast-seo-wordpress\/ -->\n<title>Reate Exo-U Gravity Knife Black Aluminum - Reini Rossmann - Survival Shop<\/title>\n<meta name=\"robots\" content=\"index, follow, max-snippet:-1, max-image-preview:large, max-video-preview:-1\" \/>\n<link rel=\"canonical\" href=\"https:\/\/ueberlebenskunst.at\/survivalshop\/shop\/reate-exo-u-gravity-knife-black-aluminum\/\" \/>\n<meta property=\"og:locale\" content=\"de_DE\" \/>\n<meta property=\"og:type\" content=\"article\" \/>\n<meta property=\"og:title\" content=\"Reate Exo-U Gravity Knife Black Aluminum - Reini Rossmann - Survival Shop\" \/>\n<meta property=\"og:description\" content=\"Es handelt sich beim Produkt, um ein Produkt f\u00fcr die Warteliste. Farben und Variationen werden nach Verf\u00fcgbarkeit und Ver\u00f6ffentlichung des Messers auf dieser Seite bekanntgegeben. Trag dich in die Warteliste ein, um als einer der ersten informiert zu werden, wenn das Messer wirklich verf\u00fcgbar ist. Die perfekte Mischung aus robuster Funktionalit\u00e4t und t\u00e4glicher Handlichkeit. Der [&hellip;]\" \/>\n<meta property=\"og:url\" content=\"https:\/\/ueberlebenskunst.at\/survivalshop\/shop\/reate-exo-u-gravity-knife-black-aluminum\/\" \/>\n<meta property=\"og:site_name\" content=\"Reini Rossmann - Survival Shop\" \/>\n<meta property=\"article:publisher\" content=\"https:\/\/www.facebook.com\/survival24.org\/\" \/>\n<meta property=\"article:modified_time\" content=\"2025-10-09T11:23:51+00:00\" \/>\n<meta property=\"og:image\" content=\"https:\/\/ueberlebenskunst.at\/survivalshop\/wp-content\/uploads\/2024\/06\/Reate-Exo-U-Gravity.jpg\" \/>\n\t<meta property=\"og:image:width\" content=\"400\" \/>\n\t<meta property=\"og:image:height\" content=\"400\" \/>\n\t<meta property=\"og:image:type\" content=\"image\/jpeg\" \/>\n<meta name=\"twitter:card\" content=\"summary_large_image\" \/>\n<meta name=\"twitter:label1\" content=\"Gesch\u00e4tzte Lesezeit\" \/>\n\t<meta name=\"twitter:data1\" content=\"3\u00a0Minuten\" \/>\n<script type=\"application\/ld+json\" class=\"yoast-schema-graph\">{\"@context\":\"https:\/\/schema.org\",\"@graph\":[{\"@type\":\"WebPage\",\"@id\":\"https:\/\/ueberlebenskunst.at\/survivalshop\/shop\/reate-exo-u-gravity-knife-black-aluminum\/\",\"url\":\"https:\/\/ueberlebenskunst.at\/survivalshop\/shop\/reate-exo-u-gravity-knife-black-aluminum\/\",\"name\":\"Reate Exo-U Gravity Knife Black Aluminum - Reini Rossmann - Survival Shop\",\"isPartOf\":{\"@id\":\"https:\/\/ueberlebenskunst.at\/survivalshop\/#website\"},\"primaryImageOfPage\":{\"@id\":\"https:\/\/ueberlebenskunst.at\/survivalshop\/shop\/reate-exo-u-gravity-knife-black-aluminum\/#primaryimage\"},\"image\":{\"@id\":\"https:\/\/ueberlebenskunst.at\/survivalshop\/shop\/reate-exo-u-gravity-knife-black-aluminum\/#primaryimage\"},\"thumbnailUrl\":\"https:\/\/ueberlebenskunst.at\/survivalshop\/wp-content\/uploads\/2024\/06\/Reate-Exo-U-Gravity.jpg\",\"datePublished\":\"2024-06-17T05:46:24+00:00\",\"dateModified\":\"2025-10-09T11:23:51+00:00\",\"breadcrumb\":{\"@id\":\"https:\/\/ueberlebenskunst.at\/survivalshop\/shop\/reate-exo-u-gravity-knife-black-aluminum\/#breadcrumb\"},\"inLanguage\":\"de\",\"potentialAction\":[{\"@type\":\"ReadAction\",\"target\":[\"https:\/\/ueberlebenskunst.at\/survivalshop\/shop\/reate-exo-u-gravity-knife-black-aluminum\/\"]}]},{\"@type\":\"ImageObject\",\"inLanguage\":\"de\",\"@id\":\"https:\/\/ueberlebenskunst.at\/survivalshop\/shop\/reate-exo-u-gravity-knife-black-aluminum\/#primaryimage\",\"url\":\"https:\/\/ueberlebenskunst.at\/survivalshop\/wp-content\/uploads\/2024\/06\/Reate-Exo-U-Gravity.jpg\",\"contentUrl\":\"https:\/\/ueberlebenskunst.at\/survivalshop\/wp-content\/uploads\/2024\/06\/Reate-Exo-U-Gravity.jpg\",\"width\":400,\"height\":400},{\"@type\":\"BreadcrumbList\",\"@id\":\"https:\/\/ueberlebenskunst.at\/survivalshop\/shop\/reate-exo-u-gravity-knife-black-aluminum\/#breadcrumb\",\"itemListElement\":[{\"@type\":\"ListItem\",\"position\":1,\"name\":\"Startseite\",\"item\":\"https:\/\/ueberlebenskunst.at\/survivalshop\/\"},{\"@type\":\"ListItem\",\"position\":2,\"name\":\"Shop\",\"item\":\"https:\/\/ueberlebenskunst.at\/survivalshop\/shop\/\"},{\"@type\":\"ListItem\",\"position\":3,\"name\":\"Reate Exo-U Gravity Knife Black Aluminum\"}]},{\"@type\":\"WebSite\",\"@id\":\"https:\/\/ueberlebenskunst.at\/survivalshop\/#website\",\"url\":\"https:\/\/ueberlebenskunst.at\/survivalshop\/\",\"name\":\"Reini Rossmann - Survival Shop\",\"description\":\"Survival Shop f\u00fcr Survival, Bushcraft und Prepper\",\"potentialAction\":[{\"@type\":\"SearchAction\",\"target\":{\"@type\":\"EntryPoint\",\"urlTemplate\":\"https:\/\/ueberlebenskunst.at\/survivalshop\/?s={search_term_string}\"},\"query-input\":{\"@type\":\"PropertyValueSpecification\",\"valueRequired\":true,\"valueName\":\"search_term_string\"}}],\"inLanguage\":\"de\"}]}<\/script>\n<!-- \/ Yoast SEO plugin. -->","yoast_head_json":{"title":"Reate Exo-U Gravity Knife Black Aluminum - Reini Rossmann - Survival Shop","robots":{"index":"index","follow":"follow","max-snippet":"max-snippet:-1","max-image-preview":"max-image-preview:large","max-video-preview":"max-video-preview:-1"},"canonical":"https:\/\/ueberlebenskunst.at\/survivalshop\/shop\/reate-exo-u-gravity-knife-black-aluminum\/","og_locale":"de_DE","og_type":"article","og_title":"Reate Exo-U Gravity Knife Black Aluminum - Reini Rossmann - Survival Shop","og_description":"Es handelt sich beim Produkt, um ein Produkt f\u00fcr die Warteliste. Farben und Variationen werden nach Verf\u00fcgbarkeit und Ver\u00f6ffentlichung des Messers auf dieser Seite bekanntgegeben. Trag dich in die Warteliste ein, um als einer der ersten informiert zu werden, wenn das Messer wirklich verf\u00fcgbar ist. Die perfekte Mischung aus robuster Funktionalit\u00e4t und t\u00e4glicher Handlichkeit. Der [&hellip;]","og_url":"https:\/\/ueberlebenskunst.at\/survivalshop\/shop\/reate-exo-u-gravity-knife-black-aluminum\/","og_site_name":"Reini Rossmann - Survival Shop","article_publisher":"https:\/\/www.facebook.com\/survival24.org\/","article_modified_time":"2025-10-09T11:23:51+00:00","og_image":[{"width":400,"height":400,"url":"https:\/\/ueberlebenskunst.at\/survivalshop\/wp-content\/uploads\/2024\/06\/Reate-Exo-U-Gravity.jpg","type":"image\/jpeg"}],"twitter_card":"summary_large_image","twitter_misc":{"Gesch\u00e4tzte Lesezeit":"3\u00a0Minuten"},"schema":{"@context":"https:\/\/schema.org","@graph":[{"@type":"WebPage","@id":"https:\/\/ueberlebenskunst.at\/survivalshop\/shop\/reate-exo-u-gravity-knife-black-aluminum\/","url":"https:\/\/ueberlebenskunst.at\/survivalshop\/shop\/reate-exo-u-gravity-knife-black-aluminum\/","name":"Reate Exo-U Gravity Knife Black Aluminum - Reini Rossmann - Survival Shop","isPartOf":{"@id":"https:\/\/ueberlebenskunst.at\/survivalshop\/#website"},"primaryImageOfPage":{"@id":"https:\/\/ueberlebenskunst.at\/survivalshop\/shop\/reate-exo-u-gravity-knife-black-aluminum\/#primaryimage"},"image":{"@id":"https:\/\/ueberlebenskunst.at\/survivalshop\/shop\/reate-exo-u-gravity-knife-black-aluminum\/#primaryimage"},"thumbnailUrl":"https:\/\/ueberlebenskunst.at\/survivalshop\/wp-content\/uploads\/2024\/06\/Reate-Exo-U-Gravity.jpg","datePublished":"2024-06-17T05:46:24+00:00","dateModified":"2025-10-09T11:23:51+00:00","breadcrumb":{"@id":"https:\/\/ueberlebenskunst.at\/survivalshop\/shop\/reate-exo-u-gravity-knife-black-aluminum\/#breadcrumb"},"inLanguage":"de","potentialAction":[{"@type":"ReadAction","target":["https:\/\/ueberlebenskunst.at\/survivalshop\/shop\/reate-exo-u-gravity-knife-black-aluminum\/"]}]},{"@type":"ImageObject","inLanguage":"de","@id":"https:\/\/ueberlebenskunst.at\/survivalshop\/shop\/reate-exo-u-gravity-knife-black-aluminum\/#primaryimage","url":"https:\/\/ueberlebenskunst.at\/survivalshop\/wp-content\/uploads\/2024\/06\/Reate-Exo-U-Gravity.jpg","contentUrl":"https:\/\/ueberlebenskunst.at\/survivalshop\/wp-content\/uploads\/2024\/06\/Reate-Exo-U-Gravity.jpg","width":400,"height":400},{"@type":"BreadcrumbList","@id":"https:\/\/ueberlebenskunst.at\/survivalshop\/shop\/reate-exo-u-gravity-knife-black-aluminum\/#breadcrumb","itemListElement":[{"@type":"ListItem","position":1,"name":"Startseite","item":"https:\/\/ueberlebenskunst.at\/survivalshop\/"},{"@type":"ListItem","position":2,"name":"Shop","item":"https:\/\/ueberlebenskunst.at\/survivalshop\/shop\/"},{"@type":"ListItem","position":3,"name":"Reate Exo-U Gravity Knife Black Aluminum"}]},{"@type":"WebSite","@id":"https:\/\/ueberlebenskunst.at\/survivalshop\/#website","url":"https:\/\/ueberlebenskunst.at\/survivalshop\/","name":"Reini Rossmann - Survival Shop","description":"Survival Shop f\u00fcr Survival, Bushcraft und Prepper","potentialAction":[{"@type":"SearchAction","target":{"@type":"EntryPoint","urlTemplate":"https:\/\/ueberlebenskunst.at\/survivalshop\/?s={search_term_string}"},"query-input":{"@type":"PropertyValueSpecification","valueRequired":true,"valueName":"search_term_string"}}],"inLanguage":"de"}]}},"_links":{"self":[{"href":"https:\/\/ueberlebenskunst.at\/survivalshop\/wp-json\/wp\/v2\/product\/166254","targetHints":{"allow":["GET"]}}],"collection":[{"href":"https:\/\/ueberlebenskunst.at\/survivalshop\/wp-json\/wp\/v2\/product"}],"about":[{"href":"https:\/\/ueberlebenskunst.at\/survivalshop\/wp-json\/wp\/v2\/types\/product"}],"replies":[{"embeddable":true,"href":"https:\/\/ueberlebenskunst.at\/survivalshop\/wp-json\/wp\/v2\/comments?post=166254"}],"wp:featuredmedia":[{"embeddable":true,"href":"https:\/\/ueberlebenskunst.at\/survivalshop\/wp-json\/wp\/v2\/media\/166255"}],"wp:attachment":[{"href":"https:\/\/ueberlebenskunst.at\/survivalshop\/wp-json\/wp\/v2\/media?parent=166254"}],"wp:term":[{"taxonomy":"product_brand","embeddable":true,"href":"https:\/\/ueberlebenskunst.at\/survivalshop\/wp-json\/wp\/v2\/product_brand?post=166254"},{"taxonomy":"product_cat","embeddable":true,"href":"https:\/\/ueberlebenskunst.at\/survivalshop\/wp-json\/wp\/v2\/product_cat?post=166254"},{"taxonomy":"product_tag","embeddable":true,"href":"https:\/\/ueberlebenskunst.at\/survivalshop\/wp-json\/wp\/v2\/product_tag?post=166254"}],"curies":[{"name":"wp","href":"https:\/\/api.w.org\/{rel}","templated":true}]}}