{"id":165674,"date":"2024-06-05T14:41:34","date_gmt":"2024-06-05T12:41:34","guid":{"rendered":"https:\/\/ueberlebenskunst.at\/survivalshop\/?post_type=product&#038;p=165674"},"modified":"2025-07-28T10:58:36","modified_gmt":"2025-07-28T08:58:36","slug":"brennmeister-xxl-feuerstahl","status":"seo-produkt","type":"product","link":"https:\/\/ueberlebenskunst.at\/survivalshop\/shop\/brennmeister-xxl-feuerstahl\/","title":{"rendered":"Brennmeister XXL Feuerstahl"},"content":{"rendered":"<p>Unser Brennmeister XXL Feuerstahl ist speziell orange lackiert, sodass er selbst auf dem Waldboden leicht zu finden ist. Das leuchtende Orange macht das Suchen in der Natur zum Kinderspiel. Auch f\u00fcr kurze Zeit in rot, blau oder gr\u00fcn erh\u00e4ltlich.<\/p>\n<p>Der Lack des Feuerstahls kann mit dem mitgelieferten Striker oder dem Klingenr\u00fccken deines Messers abgeschabt werden. Dies dient nicht nur zur Freilegung des Feuerstahls f\u00fcr den Gebrauch, sondern der abgeschabte Lack kann auch als zus\u00e4tzliches Zundermaterial verwendet werden, was vor allem durch die verl\u00e4ngerte Brenndauer in Survival Situationen einen klaren Vorteil bringt.<\/p>\n<h3>Abmessungen:<\/h3>\n<ul>\n<li>L\u00e4nge: 127 mm<\/li>\n<li>Durchmesser: 12,8 mm<\/li>\n<li>Loch f\u00fcr Band: 5 mm<\/li>\n<\/ul>\n<h3>Lieferumfang:<\/h3>\n<ul>\n<li>XXL Feuerstahl beschichtet<\/li>\n<li>Elastisches Cord<\/li>\n<li><a href=\"https:\/\/ueberlebenskunst.at\/survivalshop\/shop\/5stk-lenyard-beads\/\" target=\"_blank\" rel=\"noopener\">Schwarzes Bead<\/a><\/li>\n<li><a href=\"https:\/\/ueberlebenskunst.at\/survivalshop\/shop\/feuerstahl-schaber-striker\/\" target=\"_blank\" rel=\"noopener\">Multifunktions Striker<\/a><\/li>\n<\/ul>\n<h3>Passende Erg\u00e4nzungen:<\/h3>\n<ul>\n<li><a href=\"https:\/\/ueberlebenskunst.at\/survivalshop\/shop\/5stk-lenyard-beads\/\" target=\"_blank\" rel=\"noopener\">Farbige Bead\u00b4s<\/a><\/li>\n<li>Kennst du schon unseren <a href=\"https:\/\/ueberlebenskunst.at\/survivalshop\/shop\/ranger-ligter-designed-by-reini-rossmann\/\" target=\"_blank\" rel=\"noopener\">Ranger Lighter?<\/a><\/li>\n<li><a href=\"https:\/\/ueberlebenskunst.at\/survivalshop\/shop\/wasserfestes-zunderfach-designed-by-reini-rossmann\/\" target=\"_blank\" rel=\"noopener\">Wasserfestes Zunderfach<\/a><\/li>\n<\/ul>\n","protected":false},"excerpt":{"rendered":"<p>Unser Brennmeister XXL Feuerstahl ist speziell orange lackiert, sodass er selbst auf dem Waldboden leicht zu finden ist. Das leuchtende Orange macht das Suchen in der Natur zum Kinderspiel. Auch f\u00fcr kurze Zeit in rot, blau oder gr\u00fcn erh\u00e4ltlich. Der Lack des Feuerstahls kann mit dem mitgelieferten Striker oder dem Klingenr\u00fccken deines Messers abgeschabt werden. [&hellip;]<\/p>\n","protected":false},"featured_media":165676,"comment_status":"open","ping_status":"closed","template":"","meta":{"_acf_changed":false},"product_brand":[],"product_cat":[1101,1945],"product_tag":[236,881],"class_list":{"0":"post-165674","1":"product","2":"type-product","3":"status-seo-produkt","4":"has-post-thumbnail","6":"product_cat-ausruestung","7":"product_cat-survivalausruestung","8":"product_tag-feuerstahl","9":"product_tag-feuerstarter","10":"pa_farbe-blau","11":"pa_farbe-gruen","12":"pa_farbe-orange","13":"pa_farbe-rot","15":"first","16":"outofstock","17":"taxable","18":"shipping-taxable","19":"product-type-variable"},"acf":[],"yoast_head":"<!-- This site is optimized with the Yoast SEO plugin v27.1.1 - https:\/\/yoast.com\/product\/yoast-seo-wordpress\/ -->\n<title>Brennmeister XXL Feuerstahl - Reini Rossmann - Survival Shop<\/title>\n<meta name=\"robots\" content=\"index, follow, max-snippet:-1, max-image-preview:large, max-video-preview:-1\" \/>\n<link rel=\"canonical\" href=\"https:\/\/ueberlebenskunst.at\/survivalshop\/shop\/brennmeister-xxl-feuerstahl\/\" \/>\n<meta property=\"og:locale\" content=\"de_DE\" \/>\n<meta property=\"og:type\" content=\"article\" \/>\n<meta property=\"og:title\" content=\"Brennmeister XXL Feuerstahl - Reini Rossmann - Survival Shop\" \/>\n<meta property=\"og:description\" content=\"Unser Brennmeister XXL Feuerstahl ist speziell orange lackiert, sodass er selbst auf dem Waldboden leicht zu finden ist. Das leuchtende Orange macht das Suchen in der Natur zum Kinderspiel. Auch f\u00fcr kurze Zeit in rot, blau oder gr\u00fcn erh\u00e4ltlich. Der Lack des Feuerstahls kann mit dem mitgelieferten Striker oder dem Klingenr\u00fccken deines Messers abgeschabt werden. [&hellip;]\" \/>\n<meta property=\"og:url\" content=\"https:\/\/ueberlebenskunst.at\/survivalshop\/shop\/brennmeister-xxl-feuerstahl\/\" \/>\n<meta property=\"og:site_name\" content=\"Reini Rossmann - Survival Shop\" \/>\n<meta property=\"article:publisher\" content=\"https:\/\/www.facebook.com\/survival24.org\/\" \/>\n<meta property=\"article:modified_time\" content=\"2025-07-28T08:58:36+00:00\" \/>\n<meta property=\"og:image\" content=\"https:\/\/ueberlebenskunst.at\/survivalshop\/wp-content\/uploads\/2024\/06\/XXL_Feuerstahl_lose_orange_sk.jpg\" \/>\n\t<meta property=\"og:image:width\" content=\"400\" \/>\n\t<meta property=\"og:image:height\" content=\"400\" \/>\n\t<meta property=\"og:image:type\" content=\"image\/jpeg\" \/>\n<meta name=\"twitter:card\" content=\"summary_large_image\" \/>\n<meta name=\"twitter:label1\" content=\"Gesch\u00e4tzte Lesezeit\" \/>\n\t<meta name=\"twitter:data1\" content=\"1\u00a0Minute\" \/>\n<script type=\"application\/ld+json\" class=\"yoast-schema-graph\">{\"@context\":\"https:\/\/schema.org\",\"@graph\":[{\"@type\":\"WebPage\",\"@id\":\"https:\/\/ueberlebenskunst.at\/survivalshop\/shop\/brennmeister-xxl-feuerstahl\/\",\"url\":\"https:\/\/ueberlebenskunst.at\/survivalshop\/shop\/brennmeister-xxl-feuerstahl\/\",\"name\":\"Brennmeister XXL Feuerstahl - Reini Rossmann - Survival Shop\",\"isPartOf\":{\"@id\":\"https:\/\/ueberlebenskunst.at\/survivalshop\/#website\"},\"primaryImageOfPage\":{\"@id\":\"https:\/\/ueberlebenskunst.at\/survivalshop\/shop\/brennmeister-xxl-feuerstahl\/#primaryimage\"},\"image\":{\"@id\":\"https:\/\/ueberlebenskunst.at\/survivalshop\/shop\/brennmeister-xxl-feuerstahl\/#primaryimage\"},\"thumbnailUrl\":\"https:\/\/ueberlebenskunst.at\/survivalshop\/wp-content\/uploads\/2024\/06\/XXL_Feuerstahl_lose_orange_sk.jpg\",\"datePublished\":\"2024-06-05T12:41:34+00:00\",\"dateModified\":\"2025-07-28T08:58:36+00:00\",\"breadcrumb\":{\"@id\":\"https:\/\/ueberlebenskunst.at\/survivalshop\/shop\/brennmeister-xxl-feuerstahl\/#breadcrumb\"},\"inLanguage\":\"de\",\"potentialAction\":[{\"@type\":\"ReadAction\",\"target\":[\"https:\/\/ueberlebenskunst.at\/survivalshop\/shop\/brennmeister-xxl-feuerstahl\/\"]}]},{\"@type\":\"ImageObject\",\"inLanguage\":\"de\",\"@id\":\"https:\/\/ueberlebenskunst.at\/survivalshop\/shop\/brennmeister-xxl-feuerstahl\/#primaryimage\",\"url\":\"https:\/\/ueberlebenskunst.at\/survivalshop\/wp-content\/uploads\/2024\/06\/XXL_Feuerstahl_lose_orange_sk.jpg\",\"contentUrl\":\"https:\/\/ueberlebenskunst.at\/survivalshop\/wp-content\/uploads\/2024\/06\/XXL_Feuerstahl_lose_orange_sk.jpg\",\"width\":400,\"height\":400},{\"@type\":\"BreadcrumbList\",\"@id\":\"https:\/\/ueberlebenskunst.at\/survivalshop\/shop\/brennmeister-xxl-feuerstahl\/#breadcrumb\",\"itemListElement\":[{\"@type\":\"ListItem\",\"position\":1,\"name\":\"Startseite\",\"item\":\"https:\/\/ueberlebenskunst.at\/survivalshop\/\"},{\"@type\":\"ListItem\",\"position\":2,\"name\":\"Shop\",\"item\":\"https:\/\/ueberlebenskunst.at\/survivalshop\/shop\/\"},{\"@type\":\"ListItem\",\"position\":3,\"name\":\"Brennmeister XXL Feuerstahl\"}]},{\"@type\":\"WebSite\",\"@id\":\"https:\/\/ueberlebenskunst.at\/survivalshop\/#website\",\"url\":\"https:\/\/ueberlebenskunst.at\/survivalshop\/\",\"name\":\"Reini Rossmann - Survival Shop\",\"description\":\"Survival Shop f\u00fcr Survival, Bushcraft und Prepper\",\"potentialAction\":[{\"@type\":\"SearchAction\",\"target\":{\"@type\":\"EntryPoint\",\"urlTemplate\":\"https:\/\/ueberlebenskunst.at\/survivalshop\/?s={search_term_string}\"},\"query-input\":{\"@type\":\"PropertyValueSpecification\",\"valueRequired\":true,\"valueName\":\"search_term_string\"}}],\"inLanguage\":\"de\"}]}<\/script>\n<!-- \/ Yoast SEO plugin. -->","yoast_head_json":{"title":"Brennmeister XXL Feuerstahl - Reini Rossmann - Survival Shop","robots":{"index":"index","follow":"follow","max-snippet":"max-snippet:-1","max-image-preview":"max-image-preview:large","max-video-preview":"max-video-preview:-1"},"canonical":"https:\/\/ueberlebenskunst.at\/survivalshop\/shop\/brennmeister-xxl-feuerstahl\/","og_locale":"de_DE","og_type":"article","og_title":"Brennmeister XXL Feuerstahl - Reini Rossmann - Survival Shop","og_description":"Unser Brennmeister XXL Feuerstahl ist speziell orange lackiert, sodass er selbst auf dem Waldboden leicht zu finden ist. Das leuchtende Orange macht das Suchen in der Natur zum Kinderspiel. Auch f\u00fcr kurze Zeit in rot, blau oder gr\u00fcn erh\u00e4ltlich. Der Lack des Feuerstahls kann mit dem mitgelieferten Striker oder dem Klingenr\u00fccken deines Messers abgeschabt werden. [&hellip;]","og_url":"https:\/\/ueberlebenskunst.at\/survivalshop\/shop\/brennmeister-xxl-feuerstahl\/","og_site_name":"Reini Rossmann - Survival Shop","article_publisher":"https:\/\/www.facebook.com\/survival24.org\/","article_modified_time":"2025-07-28T08:58:36+00:00","og_image":[{"width":400,"height":400,"url":"https:\/\/ueberlebenskunst.at\/survivalshop\/wp-content\/uploads\/2024\/06\/XXL_Feuerstahl_lose_orange_sk.jpg","type":"image\/jpeg"}],"twitter_card":"summary_large_image","twitter_misc":{"Gesch\u00e4tzte Lesezeit":"1\u00a0Minute"},"schema":{"@context":"https:\/\/schema.org","@graph":[{"@type":"WebPage","@id":"https:\/\/ueberlebenskunst.at\/survivalshop\/shop\/brennmeister-xxl-feuerstahl\/","url":"https:\/\/ueberlebenskunst.at\/survivalshop\/shop\/brennmeister-xxl-feuerstahl\/","name":"Brennmeister XXL Feuerstahl - Reini Rossmann - Survival Shop","isPartOf":{"@id":"https:\/\/ueberlebenskunst.at\/survivalshop\/#website"},"primaryImageOfPage":{"@id":"https:\/\/ueberlebenskunst.at\/survivalshop\/shop\/brennmeister-xxl-feuerstahl\/#primaryimage"},"image":{"@id":"https:\/\/ueberlebenskunst.at\/survivalshop\/shop\/brennmeister-xxl-feuerstahl\/#primaryimage"},"thumbnailUrl":"https:\/\/ueberlebenskunst.at\/survivalshop\/wp-content\/uploads\/2024\/06\/XXL_Feuerstahl_lose_orange_sk.jpg","datePublished":"2024-06-05T12:41:34+00:00","dateModified":"2025-07-28T08:58:36+00:00","breadcrumb":{"@id":"https:\/\/ueberlebenskunst.at\/survivalshop\/shop\/brennmeister-xxl-feuerstahl\/#breadcrumb"},"inLanguage":"de","potentialAction":[{"@type":"ReadAction","target":["https:\/\/ueberlebenskunst.at\/survivalshop\/shop\/brennmeister-xxl-feuerstahl\/"]}]},{"@type":"ImageObject","inLanguage":"de","@id":"https:\/\/ueberlebenskunst.at\/survivalshop\/shop\/brennmeister-xxl-feuerstahl\/#primaryimage","url":"https:\/\/ueberlebenskunst.at\/survivalshop\/wp-content\/uploads\/2024\/06\/XXL_Feuerstahl_lose_orange_sk.jpg","contentUrl":"https:\/\/ueberlebenskunst.at\/survivalshop\/wp-content\/uploads\/2024\/06\/XXL_Feuerstahl_lose_orange_sk.jpg","width":400,"height":400},{"@type":"BreadcrumbList","@id":"https:\/\/ueberlebenskunst.at\/survivalshop\/shop\/brennmeister-xxl-feuerstahl\/#breadcrumb","itemListElement":[{"@type":"ListItem","position":1,"name":"Startseite","item":"https:\/\/ueberlebenskunst.at\/survivalshop\/"},{"@type":"ListItem","position":2,"name":"Shop","item":"https:\/\/ueberlebenskunst.at\/survivalshop\/shop\/"},{"@type":"ListItem","position":3,"name":"Brennmeister XXL Feuerstahl"}]},{"@type":"WebSite","@id":"https:\/\/ueberlebenskunst.at\/survivalshop\/#website","url":"https:\/\/ueberlebenskunst.at\/survivalshop\/","name":"Reini Rossmann - Survival Shop","description":"Survival Shop f\u00fcr Survival, Bushcraft und Prepper","potentialAction":[{"@type":"SearchAction","target":{"@type":"EntryPoint","urlTemplate":"https:\/\/ueberlebenskunst.at\/survivalshop\/?s={search_term_string}"},"query-input":{"@type":"PropertyValueSpecification","valueRequired":true,"valueName":"search_term_string"}}],"inLanguage":"de"}]}},"_links":{"self":[{"href":"https:\/\/ueberlebenskunst.at\/survivalshop\/wp-json\/wp\/v2\/product\/165674","targetHints":{"allow":["GET"]}}],"collection":[{"href":"https:\/\/ueberlebenskunst.at\/survivalshop\/wp-json\/wp\/v2\/product"}],"about":[{"href":"https:\/\/ueberlebenskunst.at\/survivalshop\/wp-json\/wp\/v2\/types\/product"}],"replies":[{"embeddable":true,"href":"https:\/\/ueberlebenskunst.at\/survivalshop\/wp-json\/wp\/v2\/comments?post=165674"}],"wp:featuredmedia":[{"embeddable":true,"href":"https:\/\/ueberlebenskunst.at\/survivalshop\/wp-json\/wp\/v2\/media\/165676"}],"wp:attachment":[{"href":"https:\/\/ueberlebenskunst.at\/survivalshop\/wp-json\/wp\/v2\/media?parent=165674"}],"wp:term":[{"taxonomy":"product_brand","embeddable":true,"href":"https:\/\/ueberlebenskunst.at\/survivalshop\/wp-json\/wp\/v2\/product_brand?post=165674"},{"taxonomy":"product_cat","embeddable":true,"href":"https:\/\/ueberlebenskunst.at\/survivalshop\/wp-json\/wp\/v2\/product_cat?post=165674"},{"taxonomy":"product_tag","embeddable":true,"href":"https:\/\/ueberlebenskunst.at\/survivalshop\/wp-json\/wp\/v2\/product_tag?post=165674"}],"curies":[{"name":"wp","href":"https:\/\/api.w.org\/{rel}","templated":true}]}}