{"id":165546,"date":"2024-06-10T10:26:37","date_gmt":"2024-06-10T08:26:37","guid":{"rendered":"https:\/\/ueberlebenskunst.at\/survivalshop\/?post_type=product&#038;p=165546"},"modified":"2026-04-04T17:39:45","modified_gmt":"2026-04-04T15:39:45","slug":"schulterriemen-mit-karabiner","status":"publish","type":"product","link":"https:\/\/ueberlebenskunst.at\/survivalshop\/shop\/schulterriemen-mit-karabiner\/","title":{"rendered":"Schulterriemen f\u00fcr Macheten, Kukris und lange Messer"},"content":{"rendered":"<p>Dieser Schulterriemen ist nicht nur ein praktisches, sondern auch ein Zeichen von Qualit\u00e4t und Langlebigkeit. Er ist nicht nur ideal f\u00fcr den Transport deines <a href=\"https:\/\/ueberlebenskunst.at\/survivalshop\/shop\/big-beaver-das-reini-rossmann-skrama\/\" target=\"_blank\" rel=\"noopener\">Big Beavers,<\/a> von Macheten oder Kukris, sondern kann auch zum Tragen von <a href=\"https:\/\/ueberlebenskunst.at\/survivalshop\/shop\/steambow-stinger2\/\" target=\"_blank\" rel=\"noopener\">Armbr\u00fcsten<\/a> zum Einsatz kommen.<\/p>\n<p>Der Riemen ist l\u00e4ngenverstellbar, sodass er individuell an deine Bed\u00fcrfnisse angepasst werden kann. Dank des gro\u00dfz\u00fcgigen Schulterpolsters bietet er maximalen Tragekomfort, selbst bei l\u00e4ngerem Gebrauch. Das hochwertige Nylon-Material sorgt f\u00fcr eine lange Lebensdauer und Zuverl\u00e4ssigkeit.<\/p>\n<h3><strong>Eigenschaften:<\/strong><\/h3>\n<ul>\n<li><strong>Farbe:<\/strong> Schwarz<\/li>\n<li><strong>Gewicht:<\/strong><\/li>\n<li><strong>Karabiner:<\/strong> Robuste Befestigung<\/li>\n<li><strong>L\u00e4ngenverstellbar:<\/strong> Perfekt anpassbar<\/li>\n<li><strong>Schulterpolster:<\/strong> F\u00fcr hohen Tragekomfort<\/li>\n<li><strong>Ma\u00dfe:<\/strong> 38 mm Breite, 120 cm L\u00e4nge<\/li>\n<li><strong>Material:<\/strong> Hochwertiges Nylon<\/li>\n<li><strong>Hohe Qualit\u00e4t:<\/strong> Langlebig und zuverl\u00e4ssig<\/li>\n<\/ul>\n<h3>Abmessungen:<\/h3>\n<p>Der Karabiner ben\u00f6tigt zum Einhaken eine \u00d6ffnung von mindesten 6 x 9 mm und hat einen Innendurchmesser von ca. 10 mm.<\/p>\n<p>&nbsp;<\/p>\n<p><strong>Unsere Produkte sind nicht f\u00fcr Kinder unter 3 Jahren geeignet.<br \/>\n<\/strong><strong>Es besteht Erstickungsgefahr.<br \/>\n<\/strong><a href=\"https:\/\/ueberlebenskunst.at\/survivalshop\/wp-content\/uploads\/2021\/11\/Logo_Kinder.png\"><img decoding=\"async\" class=\"alignnone wp-image-179571\" src=\"https:\/\/ueberlebenskunst.at\/survivalshop\/wp-content\/uploads\/2021\/11\/Logo_Kinder-300x126.png\" alt=\"\" width=\"191\" height=\"80\" srcset=\"https:\/\/ueberlebenskunst.at\/survivalshop\/wp-content\/uploads\/2021\/11\/Logo_Kinder-300x126.png 300w, https:\/\/ueberlebenskunst.at\/survivalshop\/wp-content\/uploads\/2021\/11\/Logo_Kinder-64x27.png 64w, https:\/\/ueberlebenskunst.at\/survivalshop\/wp-content\/uploads\/2021\/11\/Logo_Kinder.png 401w\" sizes=\"(max-width: 191px) 100vw, 191px\" \/><\/a><\/p>\n<p>&nbsp;<\/p>\n","protected":false},"excerpt":{"rendered":"<p>Dieser Schulterriemen ist nicht nur ein praktisches, sondern auch ein Zeichen von Qualit\u00e4t und Langlebigkeit. Er ist nicht nur ideal f\u00fcr den Transport deines Big Beavers, von Macheten oder Kukris, sondern kann auch zum Tragen von Armbr\u00fcsten zum Einsatz kommen. Der Riemen ist l\u00e4ngenverstellbar, sodass er individuell an deine Bed\u00fcrfnisse angepasst werden kann. Dank des [&hellip;]<\/p>\n","protected":false},"featured_media":165862,"comment_status":"open","ping_status":"closed","template":"","meta":{"_acf_changed":false},"product_brand":[],"product_cat":[1949],"product_tag":[],"class_list":{"0":"post-165546","1":"product","2":"type-product","3":"status-publish","4":"has-post-thumbnail","6":"product_cat-zubehoer","8":"first","9":"instock","10":"taxable","11":"shipping-taxable","12":"purchasable","13":"product-type-simple"},"acf":[],"yoast_head":"<!-- This site is optimized with the Yoast SEO plugin v27.1.1 - https:\/\/yoast.com\/product\/yoast-seo-wordpress\/ -->\n<title>Schulterriemen f\u00fcr Macheten, Kukris und lange Messer<\/title>\n<meta name=\"description\" content=\"Schwarzer, l\u00e4ngenverstellbarer Schulterriemen mit Karabiner. Gro\u00dfz\u00fcgiges Schulterpolster, Ma\u00dfe 38mm x 120cm, hochwertiges Nylon.\" \/>\n<meta name=\"robots\" content=\"index, follow, max-snippet:-1, max-image-preview:large, max-video-preview:-1\" \/>\n<link rel=\"canonical\" href=\"https:\/\/ueberlebenskunst.at\/survivalshop\/shop\/schulterriemen-mit-karabiner\/\" \/>\n<meta property=\"og:locale\" content=\"de_DE\" \/>\n<meta property=\"og:type\" content=\"article\" \/>\n<meta property=\"og:title\" content=\"Schulterriemen f\u00fcr Macheten, Kukris und lange Messer\" \/>\n<meta property=\"og:description\" content=\"Schwarzer, l\u00e4ngenverstellbarer Schulterriemen mit Karabiner. Gro\u00dfz\u00fcgiges Schulterpolster, Ma\u00dfe 38mm x 120cm, hochwertiges Nylon.\" \/>\n<meta property=\"og:url\" content=\"https:\/\/ueberlebenskunst.at\/survivalshop\/shop\/schulterriemen-mit-karabiner\/\" \/>\n<meta property=\"og:site_name\" content=\"Reini Rossmann - Survival Shop\" \/>\n<meta property=\"article:publisher\" content=\"https:\/\/www.facebook.com\/survival24.org\/\" \/>\n<meta property=\"article:modified_time\" content=\"2026-04-04T15:39:45+00:00\" \/>\n<meta property=\"og:image\" content=\"https:\/\/ueberlebenskunst.at\/survivalshop\/wp-content\/uploads\/2024\/06\/Schulterriemen_sk.jpg\" \/>\n\t<meta property=\"og:image:width\" content=\"400\" \/>\n\t<meta property=\"og:image:height\" content=\"400\" \/>\n\t<meta property=\"og:image:type\" content=\"image\/jpeg\" \/>\n<meta name=\"twitter:card\" content=\"summary_large_image\" \/>\n<meta name=\"twitter:label1\" content=\"Gesch\u00e4tzte Lesezeit\" \/>\n\t<meta name=\"twitter:data1\" content=\"2\u00a0Minuten\" \/>\n<script type=\"application\/ld+json\" class=\"yoast-schema-graph\">{\"@context\":\"https:\/\/schema.org\",\"@graph\":[{\"@type\":\"WebPage\",\"@id\":\"https:\/\/ueberlebenskunst.at\/survivalshop\/shop\/schulterriemen-mit-karabiner\/\",\"url\":\"https:\/\/ueberlebenskunst.at\/survivalshop\/shop\/schulterriemen-mit-karabiner\/\",\"name\":\"Schulterriemen f\u00fcr Macheten, Kukris und lange Messer\",\"isPartOf\":{\"@id\":\"https:\/\/ueberlebenskunst.at\/survivalshop\/#website\"},\"primaryImageOfPage\":{\"@id\":\"https:\/\/ueberlebenskunst.at\/survivalshop\/shop\/schulterriemen-mit-karabiner\/#primaryimage\"},\"image\":{\"@id\":\"https:\/\/ueberlebenskunst.at\/survivalshop\/shop\/schulterriemen-mit-karabiner\/#primaryimage\"},\"thumbnailUrl\":\"https:\/\/ueberlebenskunst.at\/survivalshop\/wp-content\/uploads\/2024\/06\/Schulterriemen_sk.jpg\",\"datePublished\":\"2024-06-10T08:26:37+00:00\",\"dateModified\":\"2026-04-04T15:39:45+00:00\",\"description\":\"Schwarzer, l\u00e4ngenverstellbarer Schulterriemen mit Karabiner. Gro\u00dfz\u00fcgiges Schulterpolster, Ma\u00dfe 38mm x 120cm, hochwertiges Nylon.\",\"breadcrumb\":{\"@id\":\"https:\/\/ueberlebenskunst.at\/survivalshop\/shop\/schulterriemen-mit-karabiner\/#breadcrumb\"},\"inLanguage\":\"de\",\"potentialAction\":[{\"@type\":\"ReadAction\",\"target\":[\"https:\/\/ueberlebenskunst.at\/survivalshop\/shop\/schulterriemen-mit-karabiner\/\"]}]},{\"@type\":\"ImageObject\",\"inLanguage\":\"de\",\"@id\":\"https:\/\/ueberlebenskunst.at\/survivalshop\/shop\/schulterriemen-mit-karabiner\/#primaryimage\",\"url\":\"https:\/\/ueberlebenskunst.at\/survivalshop\/wp-content\/uploads\/2024\/06\/Schulterriemen_sk.jpg\",\"contentUrl\":\"https:\/\/ueberlebenskunst.at\/survivalshop\/wp-content\/uploads\/2024\/06\/Schulterriemen_sk.jpg\",\"width\":400,\"height\":400},{\"@type\":\"BreadcrumbList\",\"@id\":\"https:\/\/ueberlebenskunst.at\/survivalshop\/shop\/schulterriemen-mit-karabiner\/#breadcrumb\",\"itemListElement\":[{\"@type\":\"ListItem\",\"position\":1,\"name\":\"Startseite\",\"item\":\"https:\/\/ueberlebenskunst.at\/survivalshop\/\"},{\"@type\":\"ListItem\",\"position\":2,\"name\":\"Shop\",\"item\":\"https:\/\/ueberlebenskunst.at\/survivalshop\/shop\/\"},{\"@type\":\"ListItem\",\"position\":3,\"name\":\"Schulterriemen f\u00fcr Macheten, Kukris und lange Messer\"}]},{\"@type\":\"WebSite\",\"@id\":\"https:\/\/ueberlebenskunst.at\/survivalshop\/#website\",\"url\":\"https:\/\/ueberlebenskunst.at\/survivalshop\/\",\"name\":\"Reini Rossmann - Survival Shop\",\"description\":\"Survival Shop f\u00fcr Survival, Bushcraft und Prepper\",\"potentialAction\":[{\"@type\":\"SearchAction\",\"target\":{\"@type\":\"EntryPoint\",\"urlTemplate\":\"https:\/\/ueberlebenskunst.at\/survivalshop\/?s={search_term_string}\"},\"query-input\":{\"@type\":\"PropertyValueSpecification\",\"valueRequired\":true,\"valueName\":\"search_term_string\"}}],\"inLanguage\":\"de\"}]}<\/script>\n<!-- \/ Yoast SEO plugin. -->","yoast_head_json":{"title":"Schulterriemen f\u00fcr Macheten, Kukris und lange Messer","description":"Schwarzer, l\u00e4ngenverstellbarer Schulterriemen mit Karabiner. Gro\u00dfz\u00fcgiges Schulterpolster, Ma\u00dfe 38mm x 120cm, hochwertiges Nylon.","robots":{"index":"index","follow":"follow","max-snippet":"max-snippet:-1","max-image-preview":"max-image-preview:large","max-video-preview":"max-video-preview:-1"},"canonical":"https:\/\/ueberlebenskunst.at\/survivalshop\/shop\/schulterriemen-mit-karabiner\/","og_locale":"de_DE","og_type":"article","og_title":"Schulterriemen f\u00fcr Macheten, Kukris und lange Messer","og_description":"Schwarzer, l\u00e4ngenverstellbarer Schulterriemen mit Karabiner. Gro\u00dfz\u00fcgiges Schulterpolster, Ma\u00dfe 38mm x 120cm, hochwertiges Nylon.","og_url":"https:\/\/ueberlebenskunst.at\/survivalshop\/shop\/schulterriemen-mit-karabiner\/","og_site_name":"Reini Rossmann - Survival Shop","article_publisher":"https:\/\/www.facebook.com\/survival24.org\/","article_modified_time":"2026-04-04T15:39:45+00:00","og_image":[{"width":400,"height":400,"url":"https:\/\/ueberlebenskunst.at\/survivalshop\/wp-content\/uploads\/2024\/06\/Schulterriemen_sk.jpg","type":"image\/jpeg"}],"twitter_card":"summary_large_image","twitter_misc":{"Gesch\u00e4tzte Lesezeit":"2\u00a0Minuten"},"schema":{"@context":"https:\/\/schema.org","@graph":[{"@type":"WebPage","@id":"https:\/\/ueberlebenskunst.at\/survivalshop\/shop\/schulterriemen-mit-karabiner\/","url":"https:\/\/ueberlebenskunst.at\/survivalshop\/shop\/schulterriemen-mit-karabiner\/","name":"Schulterriemen f\u00fcr Macheten, Kukris und lange Messer","isPartOf":{"@id":"https:\/\/ueberlebenskunst.at\/survivalshop\/#website"},"primaryImageOfPage":{"@id":"https:\/\/ueberlebenskunst.at\/survivalshop\/shop\/schulterriemen-mit-karabiner\/#primaryimage"},"image":{"@id":"https:\/\/ueberlebenskunst.at\/survivalshop\/shop\/schulterriemen-mit-karabiner\/#primaryimage"},"thumbnailUrl":"https:\/\/ueberlebenskunst.at\/survivalshop\/wp-content\/uploads\/2024\/06\/Schulterriemen_sk.jpg","datePublished":"2024-06-10T08:26:37+00:00","dateModified":"2026-04-04T15:39:45+00:00","description":"Schwarzer, l\u00e4ngenverstellbarer Schulterriemen mit Karabiner. Gro\u00dfz\u00fcgiges Schulterpolster, Ma\u00dfe 38mm x 120cm, hochwertiges Nylon.","breadcrumb":{"@id":"https:\/\/ueberlebenskunst.at\/survivalshop\/shop\/schulterriemen-mit-karabiner\/#breadcrumb"},"inLanguage":"de","potentialAction":[{"@type":"ReadAction","target":["https:\/\/ueberlebenskunst.at\/survivalshop\/shop\/schulterriemen-mit-karabiner\/"]}]},{"@type":"ImageObject","inLanguage":"de","@id":"https:\/\/ueberlebenskunst.at\/survivalshop\/shop\/schulterriemen-mit-karabiner\/#primaryimage","url":"https:\/\/ueberlebenskunst.at\/survivalshop\/wp-content\/uploads\/2024\/06\/Schulterriemen_sk.jpg","contentUrl":"https:\/\/ueberlebenskunst.at\/survivalshop\/wp-content\/uploads\/2024\/06\/Schulterriemen_sk.jpg","width":400,"height":400},{"@type":"BreadcrumbList","@id":"https:\/\/ueberlebenskunst.at\/survivalshop\/shop\/schulterriemen-mit-karabiner\/#breadcrumb","itemListElement":[{"@type":"ListItem","position":1,"name":"Startseite","item":"https:\/\/ueberlebenskunst.at\/survivalshop\/"},{"@type":"ListItem","position":2,"name":"Shop","item":"https:\/\/ueberlebenskunst.at\/survivalshop\/shop\/"},{"@type":"ListItem","position":3,"name":"Schulterriemen f\u00fcr Macheten, Kukris und lange Messer"}]},{"@type":"WebSite","@id":"https:\/\/ueberlebenskunst.at\/survivalshop\/#website","url":"https:\/\/ueberlebenskunst.at\/survivalshop\/","name":"Reini Rossmann - Survival Shop","description":"Survival Shop f\u00fcr Survival, Bushcraft und Prepper","potentialAction":[{"@type":"SearchAction","target":{"@type":"EntryPoint","urlTemplate":"https:\/\/ueberlebenskunst.at\/survivalshop\/?s={search_term_string}"},"query-input":{"@type":"PropertyValueSpecification","valueRequired":true,"valueName":"search_term_string"}}],"inLanguage":"de"}]}},"_links":{"self":[{"href":"https:\/\/ueberlebenskunst.at\/survivalshop\/wp-json\/wp\/v2\/product\/165546","targetHints":{"allow":["GET"]}}],"collection":[{"href":"https:\/\/ueberlebenskunst.at\/survivalshop\/wp-json\/wp\/v2\/product"}],"about":[{"href":"https:\/\/ueberlebenskunst.at\/survivalshop\/wp-json\/wp\/v2\/types\/product"}],"replies":[{"embeddable":true,"href":"https:\/\/ueberlebenskunst.at\/survivalshop\/wp-json\/wp\/v2\/comments?post=165546"}],"wp:featuredmedia":[{"embeddable":true,"href":"https:\/\/ueberlebenskunst.at\/survivalshop\/wp-json\/wp\/v2\/media\/165862"}],"wp:attachment":[{"href":"https:\/\/ueberlebenskunst.at\/survivalshop\/wp-json\/wp\/v2\/media?parent=165546"}],"wp:term":[{"taxonomy":"product_brand","embeddable":true,"href":"https:\/\/ueberlebenskunst.at\/survivalshop\/wp-json\/wp\/v2\/product_brand?post=165546"},{"taxonomy":"product_cat","embeddable":true,"href":"https:\/\/ueberlebenskunst.at\/survivalshop\/wp-json\/wp\/v2\/product_cat?post=165546"},{"taxonomy":"product_tag","embeddable":true,"href":"https:\/\/ueberlebenskunst.at\/survivalshop\/wp-json\/wp\/v2\/product_tag?post=165546"}],"curies":[{"name":"wp","href":"https:\/\/api.w.org\/{rel}","templated":true}]}}