{"id":165023,"date":"2024-05-21T16:05:29","date_gmt":"2024-05-21T14:05:29","guid":{"rendered":"https:\/\/ueberlebenskunst.at\/survivalshop\/?post_type=product&#038;p=165023"},"modified":"2025-12-22T09:00:36","modified_gmt":"2025-12-22T08:00:36","slug":"demko-knives-ad20-5-shark-foot-3v-g10-coyote","status":"publish","type":"product","link":"https:\/\/ueberlebenskunst.at\/survivalshop\/shop\/demko-knives-ad20-5-shark-foot-3v-g10-coyote\/","title":{"rendered":"Demko Knives AD20.5 Shark Foot 3V G10 Coyote"},"content":{"rendered":"<p>Erhaben, scharf und aufmerksam \u2013 das Demko AD20.5 ist stets bereit und erkennt widerspenstige Schneidarbeiten schon aus der Ferne. Die kugelgelagerte Shark Foot-Klinge aus pulvermetallurgischem CPM-3V ist ebenso bereit wie die gesch\u00e4rften Sinne. Der ergonomische Griff aus braunem G10 strahlt kraftvolle Ruhe aus. Das Taschenmesser l\u00e4sst sich wahlweise per Daumenpin oder Daumen\u00f6ffnung \u00f6ffnen, w\u00e4hrend der Shark Lock die Klinge zuverl\u00e4ssig sichert. Ausgestattet mit einem Tip-Up Clip (r) und einer Fangriemen\u00f6se.<\/p>\n<h3>Produktdaten:<\/h3>\n<ul>\n<li>Gesamtl\u00e4nge: 19,1 cm<\/li>\n<li>Klingenl\u00e4nge: 7,3 cm<\/li>\n<li>Gewicht: 110 g<\/li>\n<li>Klingenmaterial: CPM-3V<\/li>\n<li>Griffmaterial: G10<\/li>\n<li>Shark-Lock<\/li>\n<\/ul>\n","protected":false},"excerpt":{"rendered":"<p>Erhaben, scharf und aufmerksam \u2013 das Demko AD20.5 ist stets bereit und erkennt widerspenstige Schneidarbeiten schon aus der Ferne. Die kugelgelagerte Shark Foot-Klinge aus pulvermetallurgischem CPM-3V ist ebenso bereit wie die gesch\u00e4rften Sinne. Der ergonomische Griff aus braunem G10 strahlt kraftvolle Ruhe aus. Das Taschenmesser l\u00e4sst sich wahlweise per Daumenpin oder Daumen\u00f6ffnung \u00f6ffnen, w\u00e4hrend der [&hellip;]<\/p>\n","protected":false},"featured_media":165025,"comment_status":"open","ping_status":"closed","template":"","meta":{"_acf_changed":false},"product_brand":[],"product_cat":[1805],"product_tag":[2254,769],"class_list":{"0":"post-165023","1":"product","2":"type-product","3":"status-publish","4":"has-post-thumbnail","6":"product_cat-messer-messer-tools","7":"product_tag-demko-knives","8":"product_tag-g10","10":"first","11":"instock","12":"taxable","13":"shipping-taxable","14":"purchasable","15":"product-type-simple"},"acf":[],"yoast_head":"<!-- This site is optimized with the Yoast SEO plugin v27.1.1 - https:\/\/yoast.com\/product\/yoast-seo-wordpress\/ -->\n<title>Demko Knives AD20.5 Shark Foot 3V G10 Coyote - Reini Rossmann - Survival Shop<\/title>\n<meta name=\"robots\" content=\"index, follow, max-snippet:-1, max-image-preview:large, max-video-preview:-1\" \/>\n<link rel=\"canonical\" href=\"https:\/\/ueberlebenskunst.at\/survivalshop\/shop\/demko-knives-ad20-5-shark-foot-3v-g10-coyote\/\" \/>\n<meta property=\"og:locale\" content=\"de_DE\" \/>\n<meta property=\"og:type\" content=\"article\" \/>\n<meta property=\"og:title\" content=\"Demko Knives AD20.5 Shark Foot 3V G10 Coyote - Reini Rossmann - Survival Shop\" \/>\n<meta property=\"og:description\" content=\"Erhaben, scharf und aufmerksam \u2013 das Demko AD20.5 ist stets bereit und erkennt widerspenstige Schneidarbeiten schon aus der Ferne. Die kugelgelagerte Shark Foot-Klinge aus pulvermetallurgischem CPM-3V ist ebenso bereit wie die gesch\u00e4rften Sinne. Der ergonomische Griff aus braunem G10 strahlt kraftvolle Ruhe aus. Das Taschenmesser l\u00e4sst sich wahlweise per Daumenpin oder Daumen\u00f6ffnung \u00f6ffnen, w\u00e4hrend der [&hellip;]\" \/>\n<meta property=\"og:url\" content=\"https:\/\/ueberlebenskunst.at\/survivalshop\/shop\/demko-knives-ad20-5-shark-foot-3v-g10-coyote\/\" \/>\n<meta property=\"og:site_name\" content=\"Reini Rossmann - Survival Shop\" \/>\n<meta property=\"article:publisher\" content=\"https:\/\/www.facebook.com\/survival24.org\/\" \/>\n<meta property=\"article:modified_time\" content=\"2025-12-22T08:00:36+00:00\" \/>\n<meta property=\"og:image\" content=\"https:\/\/ueberlebenskunst.at\/survivalshop\/wp-content\/uploads\/2024\/05\/01DK026.jpg\" \/>\n\t<meta property=\"og:image:width\" content=\"400\" \/>\n\t<meta property=\"og:image:height\" content=\"401\" \/>\n\t<meta property=\"og:image:type\" content=\"image\/jpeg\" \/>\n<meta name=\"twitter:card\" content=\"summary_large_image\" \/>\n<meta name=\"twitter:label1\" content=\"Gesch\u00e4tzte Lesezeit\" \/>\n\t<meta name=\"twitter:data1\" content=\"1\u00a0Minute\" \/>\n<script type=\"application\/ld+json\" class=\"yoast-schema-graph\">{\"@context\":\"https:\/\/schema.org\",\"@graph\":[{\"@type\":\"WebPage\",\"@id\":\"https:\/\/ueberlebenskunst.at\/survivalshop\/shop\/demko-knives-ad20-5-shark-foot-3v-g10-coyote\/\",\"url\":\"https:\/\/ueberlebenskunst.at\/survivalshop\/shop\/demko-knives-ad20-5-shark-foot-3v-g10-coyote\/\",\"name\":\"Demko Knives AD20.5 Shark Foot 3V G10 Coyote - Reini Rossmann - Survival Shop\",\"isPartOf\":{\"@id\":\"https:\/\/ueberlebenskunst.at\/survivalshop\/#website\"},\"primaryImageOfPage\":{\"@id\":\"https:\/\/ueberlebenskunst.at\/survivalshop\/shop\/demko-knives-ad20-5-shark-foot-3v-g10-coyote\/#primaryimage\"},\"image\":{\"@id\":\"https:\/\/ueberlebenskunst.at\/survivalshop\/shop\/demko-knives-ad20-5-shark-foot-3v-g10-coyote\/#primaryimage\"},\"thumbnailUrl\":\"https:\/\/ueberlebenskunst.at\/survivalshop\/wp-content\/uploads\/2024\/05\/01DK026.jpg\",\"datePublished\":\"2024-05-21T14:05:29+00:00\",\"dateModified\":\"2025-12-22T08:00:36+00:00\",\"breadcrumb\":{\"@id\":\"https:\/\/ueberlebenskunst.at\/survivalshop\/shop\/demko-knives-ad20-5-shark-foot-3v-g10-coyote\/#breadcrumb\"},\"inLanguage\":\"de\",\"potentialAction\":[{\"@type\":\"ReadAction\",\"target\":[\"https:\/\/ueberlebenskunst.at\/survivalshop\/shop\/demko-knives-ad20-5-shark-foot-3v-g10-coyote\/\"]}]},{\"@type\":\"ImageObject\",\"inLanguage\":\"de\",\"@id\":\"https:\/\/ueberlebenskunst.at\/survivalshop\/shop\/demko-knives-ad20-5-shark-foot-3v-g10-coyote\/#primaryimage\",\"url\":\"https:\/\/ueberlebenskunst.at\/survivalshop\/wp-content\/uploads\/2024\/05\/01DK026.jpg\",\"contentUrl\":\"https:\/\/ueberlebenskunst.at\/survivalshop\/wp-content\/uploads\/2024\/05\/01DK026.jpg\",\"width\":400,\"height\":401},{\"@type\":\"BreadcrumbList\",\"@id\":\"https:\/\/ueberlebenskunst.at\/survivalshop\/shop\/demko-knives-ad20-5-shark-foot-3v-g10-coyote\/#breadcrumb\",\"itemListElement\":[{\"@type\":\"ListItem\",\"position\":1,\"name\":\"Startseite\",\"item\":\"https:\/\/ueberlebenskunst.at\/survivalshop\/\"},{\"@type\":\"ListItem\",\"position\":2,\"name\":\"Shop\",\"item\":\"https:\/\/ueberlebenskunst.at\/survivalshop\/shop\/\"},{\"@type\":\"ListItem\",\"position\":3,\"name\":\"Demko Knives AD20.5 Shark Foot 3V G10 Coyote\"}]},{\"@type\":\"WebSite\",\"@id\":\"https:\/\/ueberlebenskunst.at\/survivalshop\/#website\",\"url\":\"https:\/\/ueberlebenskunst.at\/survivalshop\/\",\"name\":\"Reini Rossmann - Survival Shop\",\"description\":\"Survival Shop f\u00fcr Survival, Bushcraft und Prepper\",\"potentialAction\":[{\"@type\":\"SearchAction\",\"target\":{\"@type\":\"EntryPoint\",\"urlTemplate\":\"https:\/\/ueberlebenskunst.at\/survivalshop\/?s={search_term_string}\"},\"query-input\":{\"@type\":\"PropertyValueSpecification\",\"valueRequired\":true,\"valueName\":\"search_term_string\"}}],\"inLanguage\":\"de\"}]}<\/script>\n<!-- \/ Yoast SEO plugin. -->","yoast_head_json":{"title":"Demko Knives AD20.5 Shark Foot 3V G10 Coyote - Reini Rossmann - Survival Shop","robots":{"index":"index","follow":"follow","max-snippet":"max-snippet:-1","max-image-preview":"max-image-preview:large","max-video-preview":"max-video-preview:-1"},"canonical":"https:\/\/ueberlebenskunst.at\/survivalshop\/shop\/demko-knives-ad20-5-shark-foot-3v-g10-coyote\/","og_locale":"de_DE","og_type":"article","og_title":"Demko Knives AD20.5 Shark Foot 3V G10 Coyote - Reini Rossmann - Survival Shop","og_description":"Erhaben, scharf und aufmerksam \u2013 das Demko AD20.5 ist stets bereit und erkennt widerspenstige Schneidarbeiten schon aus der Ferne. Die kugelgelagerte Shark Foot-Klinge aus pulvermetallurgischem CPM-3V ist ebenso bereit wie die gesch\u00e4rften Sinne. Der ergonomische Griff aus braunem G10 strahlt kraftvolle Ruhe aus. Das Taschenmesser l\u00e4sst sich wahlweise per Daumenpin oder Daumen\u00f6ffnung \u00f6ffnen, w\u00e4hrend der [&hellip;]","og_url":"https:\/\/ueberlebenskunst.at\/survivalshop\/shop\/demko-knives-ad20-5-shark-foot-3v-g10-coyote\/","og_site_name":"Reini Rossmann - Survival Shop","article_publisher":"https:\/\/www.facebook.com\/survival24.org\/","article_modified_time":"2025-12-22T08:00:36+00:00","og_image":[{"width":400,"height":401,"url":"https:\/\/ueberlebenskunst.at\/survivalshop\/wp-content\/uploads\/2024\/05\/01DK026.jpg","type":"image\/jpeg"}],"twitter_card":"summary_large_image","twitter_misc":{"Gesch\u00e4tzte Lesezeit":"1\u00a0Minute"},"schema":{"@context":"https:\/\/schema.org","@graph":[{"@type":"WebPage","@id":"https:\/\/ueberlebenskunst.at\/survivalshop\/shop\/demko-knives-ad20-5-shark-foot-3v-g10-coyote\/","url":"https:\/\/ueberlebenskunst.at\/survivalshop\/shop\/demko-knives-ad20-5-shark-foot-3v-g10-coyote\/","name":"Demko Knives AD20.5 Shark Foot 3V G10 Coyote - Reini Rossmann - Survival Shop","isPartOf":{"@id":"https:\/\/ueberlebenskunst.at\/survivalshop\/#website"},"primaryImageOfPage":{"@id":"https:\/\/ueberlebenskunst.at\/survivalshop\/shop\/demko-knives-ad20-5-shark-foot-3v-g10-coyote\/#primaryimage"},"image":{"@id":"https:\/\/ueberlebenskunst.at\/survivalshop\/shop\/demko-knives-ad20-5-shark-foot-3v-g10-coyote\/#primaryimage"},"thumbnailUrl":"https:\/\/ueberlebenskunst.at\/survivalshop\/wp-content\/uploads\/2024\/05\/01DK026.jpg","datePublished":"2024-05-21T14:05:29+00:00","dateModified":"2025-12-22T08:00:36+00:00","breadcrumb":{"@id":"https:\/\/ueberlebenskunst.at\/survivalshop\/shop\/demko-knives-ad20-5-shark-foot-3v-g10-coyote\/#breadcrumb"},"inLanguage":"de","potentialAction":[{"@type":"ReadAction","target":["https:\/\/ueberlebenskunst.at\/survivalshop\/shop\/demko-knives-ad20-5-shark-foot-3v-g10-coyote\/"]}]},{"@type":"ImageObject","inLanguage":"de","@id":"https:\/\/ueberlebenskunst.at\/survivalshop\/shop\/demko-knives-ad20-5-shark-foot-3v-g10-coyote\/#primaryimage","url":"https:\/\/ueberlebenskunst.at\/survivalshop\/wp-content\/uploads\/2024\/05\/01DK026.jpg","contentUrl":"https:\/\/ueberlebenskunst.at\/survivalshop\/wp-content\/uploads\/2024\/05\/01DK026.jpg","width":400,"height":401},{"@type":"BreadcrumbList","@id":"https:\/\/ueberlebenskunst.at\/survivalshop\/shop\/demko-knives-ad20-5-shark-foot-3v-g10-coyote\/#breadcrumb","itemListElement":[{"@type":"ListItem","position":1,"name":"Startseite","item":"https:\/\/ueberlebenskunst.at\/survivalshop\/"},{"@type":"ListItem","position":2,"name":"Shop","item":"https:\/\/ueberlebenskunst.at\/survivalshop\/shop\/"},{"@type":"ListItem","position":3,"name":"Demko Knives AD20.5 Shark Foot 3V G10 Coyote"}]},{"@type":"WebSite","@id":"https:\/\/ueberlebenskunst.at\/survivalshop\/#website","url":"https:\/\/ueberlebenskunst.at\/survivalshop\/","name":"Reini Rossmann - Survival Shop","description":"Survival Shop f\u00fcr Survival, Bushcraft und Prepper","potentialAction":[{"@type":"SearchAction","target":{"@type":"EntryPoint","urlTemplate":"https:\/\/ueberlebenskunst.at\/survivalshop\/?s={search_term_string}"},"query-input":{"@type":"PropertyValueSpecification","valueRequired":true,"valueName":"search_term_string"}}],"inLanguage":"de"}]}},"_links":{"self":[{"href":"https:\/\/ueberlebenskunst.at\/survivalshop\/wp-json\/wp\/v2\/product\/165023","targetHints":{"allow":["GET"]}}],"collection":[{"href":"https:\/\/ueberlebenskunst.at\/survivalshop\/wp-json\/wp\/v2\/product"}],"about":[{"href":"https:\/\/ueberlebenskunst.at\/survivalshop\/wp-json\/wp\/v2\/types\/product"}],"replies":[{"embeddable":true,"href":"https:\/\/ueberlebenskunst.at\/survivalshop\/wp-json\/wp\/v2\/comments?post=165023"}],"wp:featuredmedia":[{"embeddable":true,"href":"https:\/\/ueberlebenskunst.at\/survivalshop\/wp-json\/wp\/v2\/media\/165025"}],"wp:attachment":[{"href":"https:\/\/ueberlebenskunst.at\/survivalshop\/wp-json\/wp\/v2\/media?parent=165023"}],"wp:term":[{"taxonomy":"product_brand","embeddable":true,"href":"https:\/\/ueberlebenskunst.at\/survivalshop\/wp-json\/wp\/v2\/product_brand?post=165023"},{"taxonomy":"product_cat","embeddable":true,"href":"https:\/\/ueberlebenskunst.at\/survivalshop\/wp-json\/wp\/v2\/product_cat?post=165023"},{"taxonomy":"product_tag","embeddable":true,"href":"https:\/\/ueberlebenskunst.at\/survivalshop\/wp-json\/wp\/v2\/product_tag?post=165023"}],"curies":[{"name":"wp","href":"https:\/\/api.w.org\/{rel}","templated":true}]}}