{"id":164994,"date":"2024-05-21T08:47:28","date_gmt":"2024-05-21T06:47:28","guid":{"rendered":"https:\/\/ueberlebenskunst.at\/survivalshop\/?post_type=product&#038;p=164994"},"modified":"2025-12-22T06:40:28","modified_gmt":"2025-12-22T05:40:28","slug":"spyderco-shaman","status":"publish","type":"product","link":"https:\/\/ueberlebenskunst.at\/survivalshop\/shop\/spyderco-shaman\/","title":{"rendered":"Spyderco Shaman"},"content":{"rendered":"<p>Das treffend benannte Shaman \u00fcbertr\u00e4gt den Geist des Spyderco Native in eine gr\u00f6\u00dfere und noch leistungsf\u00e4higere Version. Das Herzst\u00fcck des Shaman ist seine pulvermetallurgische CPM-S-30V Klinge mit hoch angesetztem Hohlschliff, der f\u00fcr hervorragende Schneideigenschaften und eine pr\u00e4zise Spitze sorgt. Der Griff basiert auf skelettierten Edelstahlplatinen und ist mit angenehm konturierten G10-Schalen versehen. Diese robuste Konstruktion bildet die Grundlage f\u00fcr Spydercos extrem belastbaren Compression-Lock und einen vielseitig positionierbaren Clip. Mit Fangriemen\u00f6se.<\/p>\n<h3>Produktdaten:<\/h3>\n<ul>\n<li>Gesamtl\u00e4nge: 20,3 cm<\/li>\n<li>Klingenl\u00e4nge: 9,1 cm<\/li>\n<li>Gewicht: 147 g<\/li>\n<li>Klingenst\u00e4rke: 3,7 mm<\/li>\n<li>Klingenmaterial: CPM-S-30V<\/li>\n<li>Griffmaterial: G10<\/li>\n<li>Compression Lock<\/li>\n<\/ul>\n","protected":false},"excerpt":{"rendered":"<p>Das treffend benannte Shaman \u00fcbertr\u00e4gt den Geist des Spyderco Native in eine gr\u00f6\u00dfere und noch leistungsf\u00e4higere Version. Das Herzst\u00fcck des Shaman ist seine pulvermetallurgische CPM-S-30V Klinge mit hoch angesetztem Hohlschliff, der f\u00fcr hervorragende Schneideigenschaften und eine pr\u00e4zise Spitze sorgt. Der Griff basiert auf skelettierten Edelstahlplatinen und ist mit angenehm konturierten G10-Schalen versehen. Diese robuste Konstruktion [&hellip;]<\/p>\n","protected":false},"featured_media":164995,"comment_status":"open","ping_status":"closed","template":"","meta":{"_acf_changed":false},"product_brand":[],"product_cat":[1805],"product_tag":[270,336],"class_list":{"0":"post-164994","1":"product","2":"type-product","3":"status-publish","4":"has-post-thumbnail","6":"product_cat-messer-messer-tools","7":"product_tag-edc","8":"product_tag-spyderco","10":"first","11":"instock","12":"taxable","13":"shipping-taxable","14":"purchasable","15":"product-type-simple"},"acf":[],"yoast_head":"<!-- This site is optimized with the Yoast SEO plugin v27.1.1 - https:\/\/yoast.com\/product\/yoast-seo-wordpress\/ -->\n<title>Spyderco Shaman - Reini Rossmann - Survival Shop<\/title>\n<meta name=\"robots\" content=\"index, follow, max-snippet:-1, max-image-preview:large, max-video-preview:-1\" \/>\n<link rel=\"canonical\" href=\"https:\/\/ueberlebenskunst.at\/survivalshop\/shop\/spyderco-shaman\/\" \/>\n<meta property=\"og:locale\" content=\"de_DE\" \/>\n<meta property=\"og:type\" content=\"article\" \/>\n<meta property=\"og:title\" content=\"Spyderco Shaman - Reini Rossmann - Survival Shop\" \/>\n<meta property=\"og:description\" content=\"Das treffend benannte Shaman \u00fcbertr\u00e4gt den Geist des Spyderco Native in eine gr\u00f6\u00dfere und noch leistungsf\u00e4higere Version. Das Herzst\u00fcck des Shaman ist seine pulvermetallurgische CPM-S-30V Klinge mit hoch angesetztem Hohlschliff, der f\u00fcr hervorragende Schneideigenschaften und eine pr\u00e4zise Spitze sorgt. Der Griff basiert auf skelettierten Edelstahlplatinen und ist mit angenehm konturierten G10-Schalen versehen. Diese robuste Konstruktion [&hellip;]\" \/>\n<meta property=\"og:url\" content=\"https:\/\/ueberlebenskunst.at\/survivalshop\/shop\/spyderco-shaman\/\" \/>\n<meta property=\"og:site_name\" content=\"Reini Rossmann - Survival Shop\" \/>\n<meta property=\"article:publisher\" content=\"https:\/\/www.facebook.com\/survival24.org\/\" \/>\n<meta property=\"article:modified_time\" content=\"2025-12-22T05:40:28+00:00\" \/>\n<meta property=\"og:image\" content=\"https:\/\/ueberlebenskunst.at\/survivalshop\/wp-content\/uploads\/2024\/05\/01SP249.jpg\" \/>\n\t<meta property=\"og:image:width\" content=\"400\" \/>\n\t<meta property=\"og:image:height\" content=\"398\" \/>\n\t<meta property=\"og:image:type\" content=\"image\/jpeg\" \/>\n<meta name=\"twitter:card\" content=\"summary_large_image\" \/>\n<meta name=\"twitter:label1\" content=\"Gesch\u00e4tzte Lesezeit\" \/>\n\t<meta name=\"twitter:data1\" content=\"1\u00a0Minute\" \/>\n<script type=\"application\/ld+json\" class=\"yoast-schema-graph\">{\"@context\":\"https:\/\/schema.org\",\"@graph\":[{\"@type\":\"WebPage\",\"@id\":\"https:\/\/ueberlebenskunst.at\/survivalshop\/shop\/spyderco-shaman\/\",\"url\":\"https:\/\/ueberlebenskunst.at\/survivalshop\/shop\/spyderco-shaman\/\",\"name\":\"Spyderco Shaman - Reini Rossmann - Survival Shop\",\"isPartOf\":{\"@id\":\"https:\/\/ueberlebenskunst.at\/survivalshop\/#website\"},\"primaryImageOfPage\":{\"@id\":\"https:\/\/ueberlebenskunst.at\/survivalshop\/shop\/spyderco-shaman\/#primaryimage\"},\"image\":{\"@id\":\"https:\/\/ueberlebenskunst.at\/survivalshop\/shop\/spyderco-shaman\/#primaryimage\"},\"thumbnailUrl\":\"https:\/\/ueberlebenskunst.at\/survivalshop\/wp-content\/uploads\/2024\/05\/01SP249.jpg\",\"datePublished\":\"2024-05-21T06:47:28+00:00\",\"dateModified\":\"2025-12-22T05:40:28+00:00\",\"breadcrumb\":{\"@id\":\"https:\/\/ueberlebenskunst.at\/survivalshop\/shop\/spyderco-shaman\/#breadcrumb\"},\"inLanguage\":\"de\",\"potentialAction\":[{\"@type\":\"ReadAction\",\"target\":[\"https:\/\/ueberlebenskunst.at\/survivalshop\/shop\/spyderco-shaman\/\"]}]},{\"@type\":\"ImageObject\",\"inLanguage\":\"de\",\"@id\":\"https:\/\/ueberlebenskunst.at\/survivalshop\/shop\/spyderco-shaman\/#primaryimage\",\"url\":\"https:\/\/ueberlebenskunst.at\/survivalshop\/wp-content\/uploads\/2024\/05\/01SP249.jpg\",\"contentUrl\":\"https:\/\/ueberlebenskunst.at\/survivalshop\/wp-content\/uploads\/2024\/05\/01SP249.jpg\",\"width\":400,\"height\":398},{\"@type\":\"BreadcrumbList\",\"@id\":\"https:\/\/ueberlebenskunst.at\/survivalshop\/shop\/spyderco-shaman\/#breadcrumb\",\"itemListElement\":[{\"@type\":\"ListItem\",\"position\":1,\"name\":\"Startseite\",\"item\":\"https:\/\/ueberlebenskunst.at\/survivalshop\/\"},{\"@type\":\"ListItem\",\"position\":2,\"name\":\"Shop\",\"item\":\"https:\/\/ueberlebenskunst.at\/survivalshop\/shop\/\"},{\"@type\":\"ListItem\",\"position\":3,\"name\":\"Spyderco Shaman\"}]},{\"@type\":\"WebSite\",\"@id\":\"https:\/\/ueberlebenskunst.at\/survivalshop\/#website\",\"url\":\"https:\/\/ueberlebenskunst.at\/survivalshop\/\",\"name\":\"Reini Rossmann - Survival Shop\",\"description\":\"Survival Shop f\u00fcr Survival, Bushcraft und Prepper\",\"potentialAction\":[{\"@type\":\"SearchAction\",\"target\":{\"@type\":\"EntryPoint\",\"urlTemplate\":\"https:\/\/ueberlebenskunst.at\/survivalshop\/?s={search_term_string}\"},\"query-input\":{\"@type\":\"PropertyValueSpecification\",\"valueRequired\":true,\"valueName\":\"search_term_string\"}}],\"inLanguage\":\"de\"}]}<\/script>\n<!-- \/ Yoast SEO plugin. -->","yoast_head_json":{"title":"Spyderco Shaman - Reini Rossmann - Survival Shop","robots":{"index":"index","follow":"follow","max-snippet":"max-snippet:-1","max-image-preview":"max-image-preview:large","max-video-preview":"max-video-preview:-1"},"canonical":"https:\/\/ueberlebenskunst.at\/survivalshop\/shop\/spyderco-shaman\/","og_locale":"de_DE","og_type":"article","og_title":"Spyderco Shaman - Reini Rossmann - Survival Shop","og_description":"Das treffend benannte Shaman \u00fcbertr\u00e4gt den Geist des Spyderco Native in eine gr\u00f6\u00dfere und noch leistungsf\u00e4higere Version. Das Herzst\u00fcck des Shaman ist seine pulvermetallurgische CPM-S-30V Klinge mit hoch angesetztem Hohlschliff, der f\u00fcr hervorragende Schneideigenschaften und eine pr\u00e4zise Spitze sorgt. Der Griff basiert auf skelettierten Edelstahlplatinen und ist mit angenehm konturierten G10-Schalen versehen. Diese robuste Konstruktion [&hellip;]","og_url":"https:\/\/ueberlebenskunst.at\/survivalshop\/shop\/spyderco-shaman\/","og_site_name":"Reini Rossmann - Survival Shop","article_publisher":"https:\/\/www.facebook.com\/survival24.org\/","article_modified_time":"2025-12-22T05:40:28+00:00","og_image":[{"width":400,"height":398,"url":"https:\/\/ueberlebenskunst.at\/survivalshop\/wp-content\/uploads\/2024\/05\/01SP249.jpg","type":"image\/jpeg"}],"twitter_card":"summary_large_image","twitter_misc":{"Gesch\u00e4tzte Lesezeit":"1\u00a0Minute"},"schema":{"@context":"https:\/\/schema.org","@graph":[{"@type":"WebPage","@id":"https:\/\/ueberlebenskunst.at\/survivalshop\/shop\/spyderco-shaman\/","url":"https:\/\/ueberlebenskunst.at\/survivalshop\/shop\/spyderco-shaman\/","name":"Spyderco Shaman - Reini Rossmann - Survival Shop","isPartOf":{"@id":"https:\/\/ueberlebenskunst.at\/survivalshop\/#website"},"primaryImageOfPage":{"@id":"https:\/\/ueberlebenskunst.at\/survivalshop\/shop\/spyderco-shaman\/#primaryimage"},"image":{"@id":"https:\/\/ueberlebenskunst.at\/survivalshop\/shop\/spyderco-shaman\/#primaryimage"},"thumbnailUrl":"https:\/\/ueberlebenskunst.at\/survivalshop\/wp-content\/uploads\/2024\/05\/01SP249.jpg","datePublished":"2024-05-21T06:47:28+00:00","dateModified":"2025-12-22T05:40:28+00:00","breadcrumb":{"@id":"https:\/\/ueberlebenskunst.at\/survivalshop\/shop\/spyderco-shaman\/#breadcrumb"},"inLanguage":"de","potentialAction":[{"@type":"ReadAction","target":["https:\/\/ueberlebenskunst.at\/survivalshop\/shop\/spyderco-shaman\/"]}]},{"@type":"ImageObject","inLanguage":"de","@id":"https:\/\/ueberlebenskunst.at\/survivalshop\/shop\/spyderco-shaman\/#primaryimage","url":"https:\/\/ueberlebenskunst.at\/survivalshop\/wp-content\/uploads\/2024\/05\/01SP249.jpg","contentUrl":"https:\/\/ueberlebenskunst.at\/survivalshop\/wp-content\/uploads\/2024\/05\/01SP249.jpg","width":400,"height":398},{"@type":"BreadcrumbList","@id":"https:\/\/ueberlebenskunst.at\/survivalshop\/shop\/spyderco-shaman\/#breadcrumb","itemListElement":[{"@type":"ListItem","position":1,"name":"Startseite","item":"https:\/\/ueberlebenskunst.at\/survivalshop\/"},{"@type":"ListItem","position":2,"name":"Shop","item":"https:\/\/ueberlebenskunst.at\/survivalshop\/shop\/"},{"@type":"ListItem","position":3,"name":"Spyderco Shaman"}]},{"@type":"WebSite","@id":"https:\/\/ueberlebenskunst.at\/survivalshop\/#website","url":"https:\/\/ueberlebenskunst.at\/survivalshop\/","name":"Reini Rossmann - Survival Shop","description":"Survival Shop f\u00fcr Survival, Bushcraft und Prepper","potentialAction":[{"@type":"SearchAction","target":{"@type":"EntryPoint","urlTemplate":"https:\/\/ueberlebenskunst.at\/survivalshop\/?s={search_term_string}"},"query-input":{"@type":"PropertyValueSpecification","valueRequired":true,"valueName":"search_term_string"}}],"inLanguage":"de"}]}},"_links":{"self":[{"href":"https:\/\/ueberlebenskunst.at\/survivalshop\/wp-json\/wp\/v2\/product\/164994","targetHints":{"allow":["GET"]}}],"collection":[{"href":"https:\/\/ueberlebenskunst.at\/survivalshop\/wp-json\/wp\/v2\/product"}],"about":[{"href":"https:\/\/ueberlebenskunst.at\/survivalshop\/wp-json\/wp\/v2\/types\/product"}],"replies":[{"embeddable":true,"href":"https:\/\/ueberlebenskunst.at\/survivalshop\/wp-json\/wp\/v2\/comments?post=164994"}],"wp:featuredmedia":[{"embeddable":true,"href":"https:\/\/ueberlebenskunst.at\/survivalshop\/wp-json\/wp\/v2\/media\/164995"}],"wp:attachment":[{"href":"https:\/\/ueberlebenskunst.at\/survivalshop\/wp-json\/wp\/v2\/media?parent=164994"}],"wp:term":[{"taxonomy":"product_brand","embeddable":true,"href":"https:\/\/ueberlebenskunst.at\/survivalshop\/wp-json\/wp\/v2\/product_brand?post=164994"},{"taxonomy":"product_cat","embeddable":true,"href":"https:\/\/ueberlebenskunst.at\/survivalshop\/wp-json\/wp\/v2\/product_cat?post=164994"},{"taxonomy":"product_tag","embeddable":true,"href":"https:\/\/ueberlebenskunst.at\/survivalshop\/wp-json\/wp\/v2\/product_tag?post=164994"}],"curies":[{"name":"wp","href":"https:\/\/api.w.org\/{rel}","templated":true}]}}