{"id":164540,"date":"2024-05-08T08:26:06","date_gmt":"2024-05-08T06:26:06","guid":{"rendered":"https:\/\/ueberlebenskunst.at\/survivalshop\/?post_type=product&#038;p=164540"},"modified":"2025-12-22T06:40:31","modified_gmt":"2025-12-22T05:40:31","slug":"164540","status":"publish","type":"product","link":"https:\/\/ueberlebenskunst.at\/survivalshop\/shop\/164540\/","title":{"rendered":"Spyderco Para 3 CPM SPY27 PlainEdge"},"content":{"rendered":"<p>F\u00fcr viele Nutzer repr\u00e4sentiert das beliebte Para 3 die ideale Kombination aus kompakter Bauweise, Leichtgewichtigkeit und effizienter Schneidf\u00e4higkeit. In einer neuen Version wird dieses Taschenmesser nun mit einer Klinge aus CPM SPY27-Stahl angeboten, einer Eigenentwicklung von Spyderco. Dieser fortschrittliche, rostfreie Stahl basiert auf der Formel des VG-10-Stahls, jedoch mit erh\u00f6hten Anteilen an Kohlenstoff, Molybd\u00e4n und Vanadium, erg\u00e4nzt durch Niob und Stickstoff. Das hochmoderne, partikelmetallurgische Verfahren von Crucible Industries gew\u00e4hrleistet eine gleichm\u00e4\u00dfige Verteilung dieser Elemente, was zu einer au\u00dfergew\u00f6hnlich homogenen Struktur und \u00fcberragender Leistung f\u00fchrt. Zur eindeutigen Kennzeichnung als Teil der exklusiven SPY27-Serie von Spyderco sind die abnehmbaren G10-Schalen des Griffs in einem markanten Kobaltblau gehalten. Zus\u00e4tzliche Merkmale wie die Daumen\u00f6ffnung, der Compression Lock und der vierfach verstellbare Clip sorgen f\u00fcr bequeme Handhabung und sichere Nutzung.<\/p>\n<h3>Produktdaten:<\/h3>\n<ul>\n<li>Gesamtl\u00e4nge: 18,3 cm<\/li>\n<li>Klingenl\u00e4nge: 7,4 cm<\/li>\n<li>Gewicht: 99 g<\/li>\n<li>Klingenst\u00e4rke: 3,7 mm<\/li>\n<li>Griffmaterial: G10<\/li>\n<li>\u00a0Compression Lock<\/li>\n<\/ul>\n","protected":false},"excerpt":{"rendered":"<p>F\u00fcr viele Nutzer repr\u00e4sentiert das beliebte Para 3 die ideale Kombination aus kompakter Bauweise, Leichtgewichtigkeit und effizienter Schneidf\u00e4higkeit. In einer neuen Version wird dieses Taschenmesser nun mit einer Klinge aus CPM SPY27-Stahl angeboten, einer Eigenentwicklung von Spyderco. Dieser fortschrittliche, rostfreie Stahl basiert auf der Formel des VG-10-Stahls, jedoch mit erh\u00f6hten Anteilen an Kohlenstoff, Molybd\u00e4n und [&hellip;]<\/p>\n","protected":false},"featured_media":164541,"comment_status":"open","ping_status":"closed","template":"","meta":{"_acf_changed":false},"product_brand":[],"product_cat":[1805],"product_tag":[336],"class_list":{"0":"post-164540","1":"product","2":"type-product","3":"status-publish","4":"has-post-thumbnail","6":"product_cat-messer-messer-tools","7":"product_tag-spyderco","9":"first","10":"instock","11":"taxable","12":"shipping-taxable","13":"purchasable","14":"product-type-simple"},"acf":[],"yoast_head":"<!-- This site is optimized with the Yoast SEO plugin v27.1.1 - https:\/\/yoast.com\/product\/yoast-seo-wordpress\/ -->\n<title>Spyderco Para 3 CPM SPY27 PlainEdge - Reini Rossmann - Survival Shop<\/title>\n<meta name=\"robots\" content=\"index, follow, max-snippet:-1, max-image-preview:large, max-video-preview:-1\" \/>\n<link rel=\"canonical\" href=\"https:\/\/ueberlebenskunst.at\/survivalshop\/shop\/164540\/\" \/>\n<meta property=\"og:locale\" content=\"de_DE\" \/>\n<meta property=\"og:type\" content=\"article\" \/>\n<meta property=\"og:title\" content=\"Spyderco Para 3 CPM SPY27 PlainEdge - Reini Rossmann - Survival Shop\" \/>\n<meta property=\"og:description\" content=\"F\u00fcr viele Nutzer repr\u00e4sentiert das beliebte Para 3 die ideale Kombination aus kompakter Bauweise, Leichtgewichtigkeit und effizienter Schneidf\u00e4higkeit. In einer neuen Version wird dieses Taschenmesser nun mit einer Klinge aus CPM SPY27-Stahl angeboten, einer Eigenentwicklung von Spyderco. Dieser fortschrittliche, rostfreie Stahl basiert auf der Formel des VG-10-Stahls, jedoch mit erh\u00f6hten Anteilen an Kohlenstoff, Molybd\u00e4n und [&hellip;]\" \/>\n<meta property=\"og:url\" content=\"https:\/\/ueberlebenskunst.at\/survivalshop\/shop\/164540\/\" \/>\n<meta property=\"og:site_name\" content=\"Reini Rossmann - Survival Shop\" \/>\n<meta property=\"article:publisher\" content=\"https:\/\/www.facebook.com\/survival24.org\/\" \/>\n<meta property=\"article:modified_time\" content=\"2025-12-22T05:40:31+00:00\" \/>\n<meta property=\"og:image\" content=\"https:\/\/ueberlebenskunst.at\/survivalshop\/wp-content\/uploads\/2024\/05\/01SP1262.jpg\" \/>\n\t<meta property=\"og:image:width\" content=\"400\" \/>\n\t<meta property=\"og:image:height\" content=\"395\" \/>\n\t<meta property=\"og:image:type\" content=\"image\/jpeg\" \/>\n<meta name=\"twitter:card\" content=\"summary_large_image\" \/>\n<meta name=\"twitter:label1\" content=\"Gesch\u00e4tzte Lesezeit\" \/>\n\t<meta name=\"twitter:data1\" content=\"1\u00a0Minute\" \/>\n<script type=\"application\/ld+json\" class=\"yoast-schema-graph\">{\"@context\":\"https:\/\/schema.org\",\"@graph\":[{\"@type\":\"WebPage\",\"@id\":\"https:\/\/ueberlebenskunst.at\/survivalshop\/shop\/164540\/\",\"url\":\"https:\/\/ueberlebenskunst.at\/survivalshop\/shop\/164540\/\",\"name\":\"Spyderco Para 3 CPM SPY27 PlainEdge - Reini Rossmann - Survival Shop\",\"isPartOf\":{\"@id\":\"https:\/\/ueberlebenskunst.at\/survivalshop\/#website\"},\"primaryImageOfPage\":{\"@id\":\"https:\/\/ueberlebenskunst.at\/survivalshop\/shop\/164540\/#primaryimage\"},\"image\":{\"@id\":\"https:\/\/ueberlebenskunst.at\/survivalshop\/shop\/164540\/#primaryimage\"},\"thumbnailUrl\":\"https:\/\/ueberlebenskunst.at\/survivalshop\/wp-content\/uploads\/2024\/05\/01SP1262.jpg\",\"datePublished\":\"2024-05-08T06:26:06+00:00\",\"dateModified\":\"2025-12-22T05:40:31+00:00\",\"breadcrumb\":{\"@id\":\"https:\/\/ueberlebenskunst.at\/survivalshop\/shop\/164540\/#breadcrumb\"},\"inLanguage\":\"de\",\"potentialAction\":[{\"@type\":\"ReadAction\",\"target\":[\"https:\/\/ueberlebenskunst.at\/survivalshop\/shop\/164540\/\"]}]},{\"@type\":\"ImageObject\",\"inLanguage\":\"de\",\"@id\":\"https:\/\/ueberlebenskunst.at\/survivalshop\/shop\/164540\/#primaryimage\",\"url\":\"https:\/\/ueberlebenskunst.at\/survivalshop\/wp-content\/uploads\/2024\/05\/01SP1262.jpg\",\"contentUrl\":\"https:\/\/ueberlebenskunst.at\/survivalshop\/wp-content\/uploads\/2024\/05\/01SP1262.jpg\",\"width\":400,\"height\":395},{\"@type\":\"BreadcrumbList\",\"@id\":\"https:\/\/ueberlebenskunst.at\/survivalshop\/shop\/164540\/#breadcrumb\",\"itemListElement\":[{\"@type\":\"ListItem\",\"position\":1,\"name\":\"Startseite\",\"item\":\"https:\/\/ueberlebenskunst.at\/survivalshop\/\"},{\"@type\":\"ListItem\",\"position\":2,\"name\":\"Shop\",\"item\":\"https:\/\/ueberlebenskunst.at\/survivalshop\/shop\/\"},{\"@type\":\"ListItem\",\"position\":3,\"name\":\"Spyderco Para 3 CPM SPY27 PlainEdge\"}]},{\"@type\":\"WebSite\",\"@id\":\"https:\/\/ueberlebenskunst.at\/survivalshop\/#website\",\"url\":\"https:\/\/ueberlebenskunst.at\/survivalshop\/\",\"name\":\"Reini Rossmann - Survival Shop\",\"description\":\"Survival Shop f\u00fcr Survival, Bushcraft und Prepper\",\"potentialAction\":[{\"@type\":\"SearchAction\",\"target\":{\"@type\":\"EntryPoint\",\"urlTemplate\":\"https:\/\/ueberlebenskunst.at\/survivalshop\/?s={search_term_string}\"},\"query-input\":{\"@type\":\"PropertyValueSpecification\",\"valueRequired\":true,\"valueName\":\"search_term_string\"}}],\"inLanguage\":\"de\"}]}<\/script>\n<!-- \/ Yoast SEO plugin. -->","yoast_head_json":{"title":"Spyderco Para 3 CPM SPY27 PlainEdge - Reini Rossmann - Survival Shop","robots":{"index":"index","follow":"follow","max-snippet":"max-snippet:-1","max-image-preview":"max-image-preview:large","max-video-preview":"max-video-preview:-1"},"canonical":"https:\/\/ueberlebenskunst.at\/survivalshop\/shop\/164540\/","og_locale":"de_DE","og_type":"article","og_title":"Spyderco Para 3 CPM SPY27 PlainEdge - Reini Rossmann - Survival Shop","og_description":"F\u00fcr viele Nutzer repr\u00e4sentiert das beliebte Para 3 die ideale Kombination aus kompakter Bauweise, Leichtgewichtigkeit und effizienter Schneidf\u00e4higkeit. In einer neuen Version wird dieses Taschenmesser nun mit einer Klinge aus CPM SPY27-Stahl angeboten, einer Eigenentwicklung von Spyderco. Dieser fortschrittliche, rostfreie Stahl basiert auf der Formel des VG-10-Stahls, jedoch mit erh\u00f6hten Anteilen an Kohlenstoff, Molybd\u00e4n und [&hellip;]","og_url":"https:\/\/ueberlebenskunst.at\/survivalshop\/shop\/164540\/","og_site_name":"Reini Rossmann - Survival Shop","article_publisher":"https:\/\/www.facebook.com\/survival24.org\/","article_modified_time":"2025-12-22T05:40:31+00:00","og_image":[{"width":400,"height":395,"url":"https:\/\/ueberlebenskunst.at\/survivalshop\/wp-content\/uploads\/2024\/05\/01SP1262.jpg","type":"image\/jpeg"}],"twitter_card":"summary_large_image","twitter_misc":{"Gesch\u00e4tzte Lesezeit":"1\u00a0Minute"},"schema":{"@context":"https:\/\/schema.org","@graph":[{"@type":"WebPage","@id":"https:\/\/ueberlebenskunst.at\/survivalshop\/shop\/164540\/","url":"https:\/\/ueberlebenskunst.at\/survivalshop\/shop\/164540\/","name":"Spyderco Para 3 CPM SPY27 PlainEdge - Reini Rossmann - Survival Shop","isPartOf":{"@id":"https:\/\/ueberlebenskunst.at\/survivalshop\/#website"},"primaryImageOfPage":{"@id":"https:\/\/ueberlebenskunst.at\/survivalshop\/shop\/164540\/#primaryimage"},"image":{"@id":"https:\/\/ueberlebenskunst.at\/survivalshop\/shop\/164540\/#primaryimage"},"thumbnailUrl":"https:\/\/ueberlebenskunst.at\/survivalshop\/wp-content\/uploads\/2024\/05\/01SP1262.jpg","datePublished":"2024-05-08T06:26:06+00:00","dateModified":"2025-12-22T05:40:31+00:00","breadcrumb":{"@id":"https:\/\/ueberlebenskunst.at\/survivalshop\/shop\/164540\/#breadcrumb"},"inLanguage":"de","potentialAction":[{"@type":"ReadAction","target":["https:\/\/ueberlebenskunst.at\/survivalshop\/shop\/164540\/"]}]},{"@type":"ImageObject","inLanguage":"de","@id":"https:\/\/ueberlebenskunst.at\/survivalshop\/shop\/164540\/#primaryimage","url":"https:\/\/ueberlebenskunst.at\/survivalshop\/wp-content\/uploads\/2024\/05\/01SP1262.jpg","contentUrl":"https:\/\/ueberlebenskunst.at\/survivalshop\/wp-content\/uploads\/2024\/05\/01SP1262.jpg","width":400,"height":395},{"@type":"BreadcrumbList","@id":"https:\/\/ueberlebenskunst.at\/survivalshop\/shop\/164540\/#breadcrumb","itemListElement":[{"@type":"ListItem","position":1,"name":"Startseite","item":"https:\/\/ueberlebenskunst.at\/survivalshop\/"},{"@type":"ListItem","position":2,"name":"Shop","item":"https:\/\/ueberlebenskunst.at\/survivalshop\/shop\/"},{"@type":"ListItem","position":3,"name":"Spyderco Para 3 CPM SPY27 PlainEdge"}]},{"@type":"WebSite","@id":"https:\/\/ueberlebenskunst.at\/survivalshop\/#website","url":"https:\/\/ueberlebenskunst.at\/survivalshop\/","name":"Reini Rossmann - Survival Shop","description":"Survival Shop f\u00fcr Survival, Bushcraft und Prepper","potentialAction":[{"@type":"SearchAction","target":{"@type":"EntryPoint","urlTemplate":"https:\/\/ueberlebenskunst.at\/survivalshop\/?s={search_term_string}"},"query-input":{"@type":"PropertyValueSpecification","valueRequired":true,"valueName":"search_term_string"}}],"inLanguage":"de"}]}},"_links":{"self":[{"href":"https:\/\/ueberlebenskunst.at\/survivalshop\/wp-json\/wp\/v2\/product\/164540","targetHints":{"allow":["GET"]}}],"collection":[{"href":"https:\/\/ueberlebenskunst.at\/survivalshop\/wp-json\/wp\/v2\/product"}],"about":[{"href":"https:\/\/ueberlebenskunst.at\/survivalshop\/wp-json\/wp\/v2\/types\/product"}],"replies":[{"embeddable":true,"href":"https:\/\/ueberlebenskunst.at\/survivalshop\/wp-json\/wp\/v2\/comments?post=164540"}],"wp:featuredmedia":[{"embeddable":true,"href":"https:\/\/ueberlebenskunst.at\/survivalshop\/wp-json\/wp\/v2\/media\/164541"}],"wp:attachment":[{"href":"https:\/\/ueberlebenskunst.at\/survivalshop\/wp-json\/wp\/v2\/media?parent=164540"}],"wp:term":[{"taxonomy":"product_brand","embeddable":true,"href":"https:\/\/ueberlebenskunst.at\/survivalshop\/wp-json\/wp\/v2\/product_brand?post=164540"},{"taxonomy":"product_cat","embeddable":true,"href":"https:\/\/ueberlebenskunst.at\/survivalshop\/wp-json\/wp\/v2\/product_cat?post=164540"},{"taxonomy":"product_tag","embeddable":true,"href":"https:\/\/ueberlebenskunst.at\/survivalshop\/wp-json\/wp\/v2\/product_tag?post=164540"}],"curies":[{"name":"wp","href":"https:\/\/api.w.org\/{rel}","templated":true}]}}