{"id":164018,"date":"2024-04-23T16:06:35","date_gmt":"2024-04-23T14:06:35","guid":{"rendered":"https:\/\/ueberlebenskunst.at\/survivalshop\/?post_type=product&#038;p=164018"},"modified":"2026-04-26T22:49:04","modified_gmt":"2026-04-26T20:49:04","slug":"k4-feuerstahl-halterung-inkl-feuerstahl-fuer-peltonen-m95","status":"publish","type":"product","link":"https:\/\/ueberlebenskunst.at\/survivalshop\/shop\/k4-feuerstahl-halterung-inkl-feuerstahl-fuer-peltonen-m95\/","title":{"rendered":"K4 Feuerstahl Halterung inkl. Feuerstahl f\u00fcr Peltonen M95"},"content":{"rendered":"<div class=\"flex flex-grow flex-col max-w-full\">\n<div class=\"min-h-[20px] text-message flex flex-col items-start gap-3 whitespace-pre-wrap break-words [.text-message+&amp;]:mt-5 overflow-x-auto\" dir=\"auto\" data-message-author-role=\"assistant\" data-message-id=\"9cfe7f8e-db2e-4a88-b3a3-638cb9c61e28\">\n<div class=\"markdown prose w-full break-words dark:prose-invert light\">\n<p>Die K4 Feuerstahl-Halterung f\u00fcr das Peltonen M07 bietet eine ideale Erg\u00e4nzung f\u00fcr dein Peltonen Messer. Die Kunststoffscheide, hergestellt in \u00d6sterreich, passt sich perfekt an die Konturen der Messerscheide an.<\/p>\n<p>Durch das mitgelieferte Schrauben-Mutter-Set sitzt die Halterung sicher und fest. Der Feuerstahl wird mithilfe eines elastischen Kordels in der Halterung fixiert, was ein Herausrutschen verhindert, selbst wenn der Feuerstahl h\u00e4ufig verwendet wurde und dadurch etwas an Umfang verloren hat.<\/p>\n<\/div>\n<\/div>\n<\/div>\n<h3>Lieferumfang:<\/h3>\n<ul>\n<li>Halterung mit einfachem Feuerstahl<br \/>\n<strong>Achtung! Das Messer ist NICHT im Lieferumfang enthalten!<\/strong><\/li>\n<\/ul>\n<h3>Produktdaten:<\/h3>\n<ul>\n<li>Gewicht: ca. 45 g (inkl. Feuerstahl und Schraube)<\/li>\n<li>Abmessungen: 30 x 55 x 70 mm<\/li>\n<\/ul>\n<h3>Passendes Zubeh\u00f6r:<\/h3>\n<ul>\n<li><a href=\"https:\/\/ueberlebenskunst.at\/survivalshop\/shop\/k4-ersatz-feuerstahl-mit-flexiband\/\" target=\"_blank\" rel=\"noopener\">Ersatz-Feuerstahl<\/a><\/li>\n<\/ul>\n<h3>Bedienungs- &amp; Pflegeanleitung:<\/h3>\n<ul>\n<li>Die Reinigung mit Wasser und Seife ist m\u00f6glich.<\/li>\n<li>Du solltest das Produkt nicht direkt in die N\u00e4he von Feuer oder anderen Hitzequellen legen!<\/li>\n<li>Wird dein Feuerstahlhalter \u00fcber l\u00e4ngere Zeit sehr kalten Temperaturen unter 0 \u00b0C ausgesetzt, solltest du<br \/>\nin dem Moment darauf achten, dass keine starken Belastungen darauf einwirken.<\/li>\n<\/ul>\n<p>Unsere Produkte sind nicht f\u00fcr Kinder unter 3 Jahren geeignet. Es besteht Verschluckungsgefahr.<\/p>\n<p><span style=\"color: #99cc00;\">Du willst das Produkt in einer anderen Farbe? Schick uns eine E-Mail an shop@ueberlebenskunst.at und wir pr\u00fcfen, ob dein Farbwunsch\u00a0m\u00f6glich\u00a0ist.<\/span><\/p>\n","protected":false},"excerpt":{"rendered":"<p>Die K4 Feuerstahl-Halterung f\u00fcr das Peltonen M07 bietet eine ideale Erg\u00e4nzung f\u00fcr dein Peltonen Messer. Die Kunststoffscheide, hergestellt in \u00d6sterreich, passt sich perfekt an die Konturen der Messerscheide an. Durch das mitgelieferte Schrauben-Mutter-Set sitzt die Halterung sicher und fest. Der Feuerstahl wird mithilfe eines elastischen Kordels in der Halterung fixiert, was ein Herausrutschen verhindert, selbst [&hellip;]<\/p>\n","protected":false},"featured_media":164175,"comment_status":"open","ping_status":"closed","template":"","meta":{"_acf_changed":false},"product_brand":[],"product_cat":[1945],"product_tag":[1256,1255,2283],"class_list":{"0":"post-164018","1":"product","2":"type-product","3":"status-publish","4":"has-post-thumbnail","6":"product_cat-survivalausruestung","7":"product_tag-k4","8":"product_tag-knives4","9":"product_tag-peltonen","11":"first","12":"outofstock","13":"taxable","14":"shipping-taxable","15":"purchasable","16":"product-type-simple"},"acf":[],"yoast_head":"<!-- This site is optimized with the Yoast SEO plugin v27.1.1 - https:\/\/yoast.com\/product\/yoast-seo-wordpress\/ -->\n<title>K4 Feuerstahl Halterung inkl. Feuerstahl f\u00fcr Peltonen M95<\/title>\n<meta name=\"description\" content=\"Die K4 Feuerstahl Halterung inklusive Feuerstahl und Befestigungsschraube f\u00fcr dein Peltonen M95 ist die ideale Erweiterung f\u00fcr dein Messer.\" \/>\n<meta name=\"robots\" content=\"index, follow, max-snippet:-1, max-image-preview:large, max-video-preview:-1\" \/>\n<link rel=\"canonical\" href=\"https:\/\/ueberlebenskunst.at\/survivalshop\/shop\/k4-feuerstahl-halterung-inkl-feuerstahl-fuer-peltonen-m95\/\" \/>\n<meta property=\"og:locale\" content=\"de_DE\" \/>\n<meta property=\"og:type\" content=\"article\" \/>\n<meta property=\"og:title\" content=\"K4 Feuerstahl Halterung inkl. Feuerstahl f\u00fcr Peltonen M95\" \/>\n<meta property=\"og:description\" content=\"Die K4 Feuerstahl Halterung inklusive Feuerstahl und Befestigungsschraube f\u00fcr dein Peltonen M95 ist die ideale Erweiterung f\u00fcr dein Messer.\" \/>\n<meta property=\"og:url\" content=\"https:\/\/ueberlebenskunst.at\/survivalshop\/shop\/k4-feuerstahl-halterung-inkl-feuerstahl-fuer-peltonen-m95\/\" \/>\n<meta property=\"og:site_name\" content=\"Reini Rossmann - Survival Shop\" \/>\n<meta property=\"article:publisher\" content=\"https:\/\/www.facebook.com\/survival24.org\/\" \/>\n<meta property=\"article:modified_time\" content=\"2026-04-26T20:49:04+00:00\" \/>\n<meta property=\"og:image\" content=\"https:\/\/ueberlebenskunst.at\/survivalshop\/wp-content\/uploads\/2024\/04\/K4_Feuerstahl_Halterung_Feuerstahl_Peltonen_M95_sk.jpg\" \/>\n\t<meta property=\"og:image:width\" content=\"400\" \/>\n\t<meta property=\"og:image:height\" content=\"400\" \/>\n\t<meta property=\"og:image:type\" content=\"image\/jpeg\" \/>\n<meta name=\"twitter:card\" content=\"summary_large_image\" \/>\n<meta name=\"twitter:label1\" content=\"Gesch\u00e4tzte Lesezeit\" \/>\n\t<meta name=\"twitter:data1\" content=\"2\u00a0Minuten\" \/>\n<script type=\"application\/ld+json\" class=\"yoast-schema-graph\">{\"@context\":\"https:\/\/schema.org\",\"@graph\":[{\"@type\":\"WebPage\",\"@id\":\"https:\/\/ueberlebenskunst.at\/survivalshop\/shop\/k4-feuerstahl-halterung-inkl-feuerstahl-fuer-peltonen-m95\/\",\"url\":\"https:\/\/ueberlebenskunst.at\/survivalshop\/shop\/k4-feuerstahl-halterung-inkl-feuerstahl-fuer-peltonen-m95\/\",\"name\":\"K4 Feuerstahl Halterung inkl. Feuerstahl f\u00fcr Peltonen M95\",\"isPartOf\":{\"@id\":\"https:\/\/ueberlebenskunst.at\/survivalshop\/#website\"},\"primaryImageOfPage\":{\"@id\":\"https:\/\/ueberlebenskunst.at\/survivalshop\/shop\/k4-feuerstahl-halterung-inkl-feuerstahl-fuer-peltonen-m95\/#primaryimage\"},\"image\":{\"@id\":\"https:\/\/ueberlebenskunst.at\/survivalshop\/shop\/k4-feuerstahl-halterung-inkl-feuerstahl-fuer-peltonen-m95\/#primaryimage\"},\"thumbnailUrl\":\"https:\/\/ueberlebenskunst.at\/survivalshop\/wp-content\/uploads\/2024\/04\/K4_Feuerstahl_Halterung_Feuerstahl_Peltonen_M95_sk.jpg\",\"datePublished\":\"2024-04-23T14:06:35+00:00\",\"dateModified\":\"2026-04-26T20:49:04+00:00\",\"description\":\"Die K4 Feuerstahl Halterung inklusive Feuerstahl und Befestigungsschraube f\u00fcr dein Peltonen M95 ist die ideale Erweiterung f\u00fcr dein Messer.\",\"breadcrumb\":{\"@id\":\"https:\/\/ueberlebenskunst.at\/survivalshop\/shop\/k4-feuerstahl-halterung-inkl-feuerstahl-fuer-peltonen-m95\/#breadcrumb\"},\"inLanguage\":\"de\",\"potentialAction\":[{\"@type\":\"ReadAction\",\"target\":[\"https:\/\/ueberlebenskunst.at\/survivalshop\/shop\/k4-feuerstahl-halterung-inkl-feuerstahl-fuer-peltonen-m95\/\"]}]},{\"@type\":\"ImageObject\",\"inLanguage\":\"de\",\"@id\":\"https:\/\/ueberlebenskunst.at\/survivalshop\/shop\/k4-feuerstahl-halterung-inkl-feuerstahl-fuer-peltonen-m95\/#primaryimage\",\"url\":\"https:\/\/ueberlebenskunst.at\/survivalshop\/wp-content\/uploads\/2024\/04\/K4_Feuerstahl_Halterung_Feuerstahl_Peltonen_M95_sk.jpg\",\"contentUrl\":\"https:\/\/ueberlebenskunst.at\/survivalshop\/wp-content\/uploads\/2024\/04\/K4_Feuerstahl_Halterung_Feuerstahl_Peltonen_M95_sk.jpg\",\"width\":400,\"height\":400},{\"@type\":\"BreadcrumbList\",\"@id\":\"https:\/\/ueberlebenskunst.at\/survivalshop\/shop\/k4-feuerstahl-halterung-inkl-feuerstahl-fuer-peltonen-m95\/#breadcrumb\",\"itemListElement\":[{\"@type\":\"ListItem\",\"position\":1,\"name\":\"Startseite\",\"item\":\"https:\/\/ueberlebenskunst.at\/survivalshop\/\"},{\"@type\":\"ListItem\",\"position\":2,\"name\":\"Shop\",\"item\":\"https:\/\/ueberlebenskunst.at\/survivalshop\/shop\/\"},{\"@type\":\"ListItem\",\"position\":3,\"name\":\"K4 Feuerstahl Halterung inkl. Feuerstahl f\u00fcr Peltonen M95\"}]},{\"@type\":\"WebSite\",\"@id\":\"https:\/\/ueberlebenskunst.at\/survivalshop\/#website\",\"url\":\"https:\/\/ueberlebenskunst.at\/survivalshop\/\",\"name\":\"Reini Rossmann - Survival Shop\",\"description\":\"Survival Shop f\u00fcr Survival, Bushcraft und Prepper\",\"potentialAction\":[{\"@type\":\"SearchAction\",\"target\":{\"@type\":\"EntryPoint\",\"urlTemplate\":\"https:\/\/ueberlebenskunst.at\/survivalshop\/?s={search_term_string}\"},\"query-input\":{\"@type\":\"PropertyValueSpecification\",\"valueRequired\":true,\"valueName\":\"search_term_string\"}}],\"inLanguage\":\"de\"}]}<\/script>\n<!-- \/ Yoast SEO plugin. -->","yoast_head_json":{"title":"K4 Feuerstahl Halterung inkl. Feuerstahl f\u00fcr Peltonen M95","description":"Die K4 Feuerstahl Halterung inklusive Feuerstahl und Befestigungsschraube f\u00fcr dein Peltonen M95 ist die ideale Erweiterung f\u00fcr dein Messer.","robots":{"index":"index","follow":"follow","max-snippet":"max-snippet:-1","max-image-preview":"max-image-preview:large","max-video-preview":"max-video-preview:-1"},"canonical":"https:\/\/ueberlebenskunst.at\/survivalshop\/shop\/k4-feuerstahl-halterung-inkl-feuerstahl-fuer-peltonen-m95\/","og_locale":"de_DE","og_type":"article","og_title":"K4 Feuerstahl Halterung inkl. Feuerstahl f\u00fcr Peltonen M95","og_description":"Die K4 Feuerstahl Halterung inklusive Feuerstahl und Befestigungsschraube f\u00fcr dein Peltonen M95 ist die ideale Erweiterung f\u00fcr dein Messer.","og_url":"https:\/\/ueberlebenskunst.at\/survivalshop\/shop\/k4-feuerstahl-halterung-inkl-feuerstahl-fuer-peltonen-m95\/","og_site_name":"Reini Rossmann - Survival Shop","article_publisher":"https:\/\/www.facebook.com\/survival24.org\/","article_modified_time":"2026-04-26T20:49:04+00:00","og_image":[{"width":400,"height":400,"url":"https:\/\/ueberlebenskunst.at\/survivalshop\/wp-content\/uploads\/2024\/04\/K4_Feuerstahl_Halterung_Feuerstahl_Peltonen_M95_sk.jpg","type":"image\/jpeg"}],"twitter_card":"summary_large_image","twitter_misc":{"Gesch\u00e4tzte Lesezeit":"2\u00a0Minuten"},"schema":{"@context":"https:\/\/schema.org","@graph":[{"@type":"WebPage","@id":"https:\/\/ueberlebenskunst.at\/survivalshop\/shop\/k4-feuerstahl-halterung-inkl-feuerstahl-fuer-peltonen-m95\/","url":"https:\/\/ueberlebenskunst.at\/survivalshop\/shop\/k4-feuerstahl-halterung-inkl-feuerstahl-fuer-peltonen-m95\/","name":"K4 Feuerstahl Halterung inkl. Feuerstahl f\u00fcr Peltonen M95","isPartOf":{"@id":"https:\/\/ueberlebenskunst.at\/survivalshop\/#website"},"primaryImageOfPage":{"@id":"https:\/\/ueberlebenskunst.at\/survivalshop\/shop\/k4-feuerstahl-halterung-inkl-feuerstahl-fuer-peltonen-m95\/#primaryimage"},"image":{"@id":"https:\/\/ueberlebenskunst.at\/survivalshop\/shop\/k4-feuerstahl-halterung-inkl-feuerstahl-fuer-peltonen-m95\/#primaryimage"},"thumbnailUrl":"https:\/\/ueberlebenskunst.at\/survivalshop\/wp-content\/uploads\/2024\/04\/K4_Feuerstahl_Halterung_Feuerstahl_Peltonen_M95_sk.jpg","datePublished":"2024-04-23T14:06:35+00:00","dateModified":"2026-04-26T20:49:04+00:00","description":"Die K4 Feuerstahl Halterung inklusive Feuerstahl und Befestigungsschraube f\u00fcr dein Peltonen M95 ist die ideale Erweiterung f\u00fcr dein Messer.","breadcrumb":{"@id":"https:\/\/ueberlebenskunst.at\/survivalshop\/shop\/k4-feuerstahl-halterung-inkl-feuerstahl-fuer-peltonen-m95\/#breadcrumb"},"inLanguage":"de","potentialAction":[{"@type":"ReadAction","target":["https:\/\/ueberlebenskunst.at\/survivalshop\/shop\/k4-feuerstahl-halterung-inkl-feuerstahl-fuer-peltonen-m95\/"]}]},{"@type":"ImageObject","inLanguage":"de","@id":"https:\/\/ueberlebenskunst.at\/survivalshop\/shop\/k4-feuerstahl-halterung-inkl-feuerstahl-fuer-peltonen-m95\/#primaryimage","url":"https:\/\/ueberlebenskunst.at\/survivalshop\/wp-content\/uploads\/2024\/04\/K4_Feuerstahl_Halterung_Feuerstahl_Peltonen_M95_sk.jpg","contentUrl":"https:\/\/ueberlebenskunst.at\/survivalshop\/wp-content\/uploads\/2024\/04\/K4_Feuerstahl_Halterung_Feuerstahl_Peltonen_M95_sk.jpg","width":400,"height":400},{"@type":"BreadcrumbList","@id":"https:\/\/ueberlebenskunst.at\/survivalshop\/shop\/k4-feuerstahl-halterung-inkl-feuerstahl-fuer-peltonen-m95\/#breadcrumb","itemListElement":[{"@type":"ListItem","position":1,"name":"Startseite","item":"https:\/\/ueberlebenskunst.at\/survivalshop\/"},{"@type":"ListItem","position":2,"name":"Shop","item":"https:\/\/ueberlebenskunst.at\/survivalshop\/shop\/"},{"@type":"ListItem","position":3,"name":"K4 Feuerstahl Halterung inkl. Feuerstahl f\u00fcr Peltonen M95"}]},{"@type":"WebSite","@id":"https:\/\/ueberlebenskunst.at\/survivalshop\/#website","url":"https:\/\/ueberlebenskunst.at\/survivalshop\/","name":"Reini Rossmann - Survival Shop","description":"Survival Shop f\u00fcr Survival, Bushcraft und Prepper","potentialAction":[{"@type":"SearchAction","target":{"@type":"EntryPoint","urlTemplate":"https:\/\/ueberlebenskunst.at\/survivalshop\/?s={search_term_string}"},"query-input":{"@type":"PropertyValueSpecification","valueRequired":true,"valueName":"search_term_string"}}],"inLanguage":"de"}]}},"_links":{"self":[{"href":"https:\/\/ueberlebenskunst.at\/survivalshop\/wp-json\/wp\/v2\/product\/164018","targetHints":{"allow":["GET"]}}],"collection":[{"href":"https:\/\/ueberlebenskunst.at\/survivalshop\/wp-json\/wp\/v2\/product"}],"about":[{"href":"https:\/\/ueberlebenskunst.at\/survivalshop\/wp-json\/wp\/v2\/types\/product"}],"replies":[{"embeddable":true,"href":"https:\/\/ueberlebenskunst.at\/survivalshop\/wp-json\/wp\/v2\/comments?post=164018"}],"wp:featuredmedia":[{"embeddable":true,"href":"https:\/\/ueberlebenskunst.at\/survivalshop\/wp-json\/wp\/v2\/media\/164175"}],"wp:attachment":[{"href":"https:\/\/ueberlebenskunst.at\/survivalshop\/wp-json\/wp\/v2\/media?parent=164018"}],"wp:term":[{"taxonomy":"product_brand","embeddable":true,"href":"https:\/\/ueberlebenskunst.at\/survivalshop\/wp-json\/wp\/v2\/product_brand?post=164018"},{"taxonomy":"product_cat","embeddable":true,"href":"https:\/\/ueberlebenskunst.at\/survivalshop\/wp-json\/wp\/v2\/product_cat?post=164018"},{"taxonomy":"product_tag","embeddable":true,"href":"https:\/\/ueberlebenskunst.at\/survivalshop\/wp-json\/wp\/v2\/product_tag?post=164018"}],"curies":[{"name":"wp","href":"https:\/\/api.w.org\/{rel}","templated":true}]}}