{"id":162852,"date":"2024-04-04T12:04:01","date_gmt":"2024-04-04T10:04:01","guid":{"rendered":"https:\/\/ueberlebenskunst.at\/survivalshop\/?post_type=product&#038;p=162852"},"modified":"2026-04-19T20:06:19","modified_gmt":"2026-04-19T18:06:19","slug":"spannschnur-fuer-pistolenarmbrust","status":"publish","type":"product","link":"https:\/\/ueberlebenskunst.at\/survivalshop\/shop\/spannschnur-fuer-pistolenarmbrust\/","title":{"rendered":"Spannschnur f\u00fcr Pistolenarmbrust"},"content":{"rendered":"<p>Diese Spannschnur MK-TCS1-SS ist auf die<a href=\"https:\/\/ueberlebenskunst.at\/survivalshop\/shop\/man-kung-alligator-recurve-pistol-crossbow\/\" target=\"_blank\" rel=\"noopener\"> Alligator<\/a> und die <a href=\"https:\/\/ueberlebenskunst.at\/survivalshop\/shop\/man-kung-mk-tcs3g-sobek-recurve-pistol-crossbow-80-lbs-185-fps\/\" target=\"_blank\" rel=\"noopener\">Man Kung Sobek<\/a> abgestimmt und hilft dir die Sehne auf den Bogen zu bekommen. Da die Spannschnur einstellbar ist, ist sie auch mit anderen Pistolenarmbr\u00fcsten wie der <a href=\"https:\/\/ueberlebenskunst.at\/survivalshop\/shop\/steambow-stinger2\/\" target=\"_blank\" rel=\"noopener\">Steambow Stinger<\/a> und der <a href=\"https:\/\/ueberlebenskunst.at\/survivalshop\/shop\/ek-archery-vlad-pistolenarmbrust\/\" target=\"_blank\" rel=\"noopener\">EK Vlad<\/a> kompatibel. Ein perfektes Zubeh\u00f6r f\u00fcr all jene, die sich keine Spannschnur selber basteln wollen und dennoch ihre Alligator mit einer fix fertigen L\u00f6sung bespannen wollen.<\/p>\n","protected":false},"excerpt":{"rendered":"<p>Diese Spannschnur MK-TCS1-SS ist auf die Alligator und die Man Kung Sobek abgestimmt und hilft dir die Sehne auf den Bogen zu bekommen. Da die Spannschnur einstellbar ist, ist sie auch mit anderen Pistolenarmbr\u00fcsten wie der Steambow Stinger und der EK Vlad kompatibel. Ein perfektes Zubeh\u00f6r f\u00fcr all jene, die sich keine Spannschnur selber basteln [&hellip;]<\/p>\n","protected":false},"featured_media":163579,"comment_status":"open","ping_status":"closed","template":"","meta":{"_acf_changed":false},"product_brand":[],"product_cat":[1897],"product_tag":[1746,405,2535,770],"class_list":{"0":"post-162852","1":"product","2":"type-product","3":"status-publish","4":"has-post-thumbnail","6":"product_cat-man-kung-alligator-bogensport-pfeil-kugel","7":"product_tag-alligator","8":"product_tag-armbrust","9":"product_tag-man-kung","10":"product_tag-pistolenarmbrust","12":"first","13":"instock","14":"taxable","15":"shipping-taxable","16":"purchasable","17":"product-type-simple"},"acf":[],"yoast_head":"<!-- This site is optimized with the Yoast SEO plugin v27.1.1 - https:\/\/yoast.com\/product\/yoast-seo-wordpress\/ -->\n<title>Spannschnur f\u00fcr Pistolenarmbrust - Reini Rossmann - Survival Shop<\/title>\n<meta name=\"robots\" content=\"index, follow, max-snippet:-1, max-image-preview:large, max-video-preview:-1\" \/>\n<link rel=\"canonical\" href=\"https:\/\/ueberlebenskunst.at\/survivalshop\/shop\/spannschnur-fuer-pistolenarmbrust\/\" \/>\n<meta property=\"og:locale\" content=\"de_DE\" \/>\n<meta property=\"og:type\" content=\"article\" \/>\n<meta property=\"og:title\" content=\"Spannschnur f\u00fcr Pistolenarmbrust - Reini Rossmann - Survival Shop\" \/>\n<meta property=\"og:description\" content=\"Diese Spannschnur MK-TCS1-SS ist auf die Alligator und die Man Kung Sobek abgestimmt und hilft dir die Sehne auf den Bogen zu bekommen. Da die Spannschnur einstellbar ist, ist sie auch mit anderen Pistolenarmbr\u00fcsten wie der Steambow Stinger und der EK Vlad kompatibel. Ein perfektes Zubeh\u00f6r f\u00fcr all jene, die sich keine Spannschnur selber basteln [&hellip;]\" \/>\n<meta property=\"og:url\" content=\"https:\/\/ueberlebenskunst.at\/survivalshop\/shop\/spannschnur-fuer-pistolenarmbrust\/\" \/>\n<meta property=\"og:site_name\" content=\"Reini Rossmann - Survival Shop\" \/>\n<meta property=\"article:publisher\" content=\"https:\/\/www.facebook.com\/survival24.org\/\" \/>\n<meta property=\"article:modified_time\" content=\"2026-04-19T18:06:19+00:00\" \/>\n<meta property=\"og:image\" content=\"https:\/\/ueberlebenskunst.at\/survivalshop\/wp-content\/uploads\/2024\/04\/Spannschnur.jpg\" \/>\n\t<meta property=\"og:image:width\" content=\"400\" \/>\n\t<meta property=\"og:image:height\" content=\"400\" \/>\n\t<meta property=\"og:image:type\" content=\"image\/jpeg\" \/>\n<meta name=\"twitter:card\" content=\"summary_large_image\" \/>\n<meta name=\"twitter:label1\" content=\"Gesch\u00e4tzte Lesezeit\" \/>\n\t<meta name=\"twitter:data1\" content=\"1\u00a0Minute\" \/>\n<script type=\"application\/ld+json\" class=\"yoast-schema-graph\">{\"@context\":\"https:\/\/schema.org\",\"@graph\":[{\"@type\":\"WebPage\",\"@id\":\"https:\/\/ueberlebenskunst.at\/survivalshop\/shop\/spannschnur-fuer-pistolenarmbrust\/\",\"url\":\"https:\/\/ueberlebenskunst.at\/survivalshop\/shop\/spannschnur-fuer-pistolenarmbrust\/\",\"name\":\"Spannschnur f\u00fcr Pistolenarmbrust - Reini Rossmann - Survival Shop\",\"isPartOf\":{\"@id\":\"https:\/\/ueberlebenskunst.at\/survivalshop\/#website\"},\"primaryImageOfPage\":{\"@id\":\"https:\/\/ueberlebenskunst.at\/survivalshop\/shop\/spannschnur-fuer-pistolenarmbrust\/#primaryimage\"},\"image\":{\"@id\":\"https:\/\/ueberlebenskunst.at\/survivalshop\/shop\/spannschnur-fuer-pistolenarmbrust\/#primaryimage\"},\"thumbnailUrl\":\"https:\/\/ueberlebenskunst.at\/survivalshop\/wp-content\/uploads\/2024\/04\/Spannschnur.jpg\",\"datePublished\":\"2024-04-04T10:04:01+00:00\",\"dateModified\":\"2026-04-19T18:06:19+00:00\",\"breadcrumb\":{\"@id\":\"https:\/\/ueberlebenskunst.at\/survivalshop\/shop\/spannschnur-fuer-pistolenarmbrust\/#breadcrumb\"},\"inLanguage\":\"de\",\"potentialAction\":[{\"@type\":\"ReadAction\",\"target\":[\"https:\/\/ueberlebenskunst.at\/survivalshop\/shop\/spannschnur-fuer-pistolenarmbrust\/\"]}]},{\"@type\":\"ImageObject\",\"inLanguage\":\"de\",\"@id\":\"https:\/\/ueberlebenskunst.at\/survivalshop\/shop\/spannschnur-fuer-pistolenarmbrust\/#primaryimage\",\"url\":\"https:\/\/ueberlebenskunst.at\/survivalshop\/wp-content\/uploads\/2024\/04\/Spannschnur.jpg\",\"contentUrl\":\"https:\/\/ueberlebenskunst.at\/survivalshop\/wp-content\/uploads\/2024\/04\/Spannschnur.jpg\",\"width\":400,\"height\":400},{\"@type\":\"BreadcrumbList\",\"@id\":\"https:\/\/ueberlebenskunst.at\/survivalshop\/shop\/spannschnur-fuer-pistolenarmbrust\/#breadcrumb\",\"itemListElement\":[{\"@type\":\"ListItem\",\"position\":1,\"name\":\"Startseite\",\"item\":\"https:\/\/ueberlebenskunst.at\/survivalshop\/\"},{\"@type\":\"ListItem\",\"position\":2,\"name\":\"Shop\",\"item\":\"https:\/\/ueberlebenskunst.at\/survivalshop\/shop\/\"},{\"@type\":\"ListItem\",\"position\":3,\"name\":\"Spannschnur f\u00fcr Pistolenarmbrust\"}]},{\"@type\":\"WebSite\",\"@id\":\"https:\/\/ueberlebenskunst.at\/survivalshop\/#website\",\"url\":\"https:\/\/ueberlebenskunst.at\/survivalshop\/\",\"name\":\"Reini Rossmann - Survival Shop\",\"description\":\"Survival Shop f\u00fcr Survival, Bushcraft und Prepper\",\"potentialAction\":[{\"@type\":\"SearchAction\",\"target\":{\"@type\":\"EntryPoint\",\"urlTemplate\":\"https:\/\/ueberlebenskunst.at\/survivalshop\/?s={search_term_string}\"},\"query-input\":{\"@type\":\"PropertyValueSpecification\",\"valueRequired\":true,\"valueName\":\"search_term_string\"}}],\"inLanguage\":\"de\"}]}<\/script>\n<!-- \/ Yoast SEO plugin. -->","yoast_head_json":{"title":"Spannschnur f\u00fcr Pistolenarmbrust - Reini Rossmann - Survival Shop","robots":{"index":"index","follow":"follow","max-snippet":"max-snippet:-1","max-image-preview":"max-image-preview:large","max-video-preview":"max-video-preview:-1"},"canonical":"https:\/\/ueberlebenskunst.at\/survivalshop\/shop\/spannschnur-fuer-pistolenarmbrust\/","og_locale":"de_DE","og_type":"article","og_title":"Spannschnur f\u00fcr Pistolenarmbrust - Reini Rossmann - Survival Shop","og_description":"Diese Spannschnur MK-TCS1-SS ist auf die Alligator und die Man Kung Sobek abgestimmt und hilft dir die Sehne auf den Bogen zu bekommen. Da die Spannschnur einstellbar ist, ist sie auch mit anderen Pistolenarmbr\u00fcsten wie der Steambow Stinger und der EK Vlad kompatibel. Ein perfektes Zubeh\u00f6r f\u00fcr all jene, die sich keine Spannschnur selber basteln [&hellip;]","og_url":"https:\/\/ueberlebenskunst.at\/survivalshop\/shop\/spannschnur-fuer-pistolenarmbrust\/","og_site_name":"Reini Rossmann - Survival Shop","article_publisher":"https:\/\/www.facebook.com\/survival24.org\/","article_modified_time":"2026-04-19T18:06:19+00:00","og_image":[{"width":400,"height":400,"url":"https:\/\/ueberlebenskunst.at\/survivalshop\/wp-content\/uploads\/2024\/04\/Spannschnur.jpg","type":"image\/jpeg"}],"twitter_card":"summary_large_image","twitter_misc":{"Gesch\u00e4tzte Lesezeit":"1\u00a0Minute"},"schema":{"@context":"https:\/\/schema.org","@graph":[{"@type":"WebPage","@id":"https:\/\/ueberlebenskunst.at\/survivalshop\/shop\/spannschnur-fuer-pistolenarmbrust\/","url":"https:\/\/ueberlebenskunst.at\/survivalshop\/shop\/spannschnur-fuer-pistolenarmbrust\/","name":"Spannschnur f\u00fcr Pistolenarmbrust - Reini Rossmann - Survival Shop","isPartOf":{"@id":"https:\/\/ueberlebenskunst.at\/survivalshop\/#website"},"primaryImageOfPage":{"@id":"https:\/\/ueberlebenskunst.at\/survivalshop\/shop\/spannschnur-fuer-pistolenarmbrust\/#primaryimage"},"image":{"@id":"https:\/\/ueberlebenskunst.at\/survivalshop\/shop\/spannschnur-fuer-pistolenarmbrust\/#primaryimage"},"thumbnailUrl":"https:\/\/ueberlebenskunst.at\/survivalshop\/wp-content\/uploads\/2024\/04\/Spannschnur.jpg","datePublished":"2024-04-04T10:04:01+00:00","dateModified":"2026-04-19T18:06:19+00:00","breadcrumb":{"@id":"https:\/\/ueberlebenskunst.at\/survivalshop\/shop\/spannschnur-fuer-pistolenarmbrust\/#breadcrumb"},"inLanguage":"de","potentialAction":[{"@type":"ReadAction","target":["https:\/\/ueberlebenskunst.at\/survivalshop\/shop\/spannschnur-fuer-pistolenarmbrust\/"]}]},{"@type":"ImageObject","inLanguage":"de","@id":"https:\/\/ueberlebenskunst.at\/survivalshop\/shop\/spannschnur-fuer-pistolenarmbrust\/#primaryimage","url":"https:\/\/ueberlebenskunst.at\/survivalshop\/wp-content\/uploads\/2024\/04\/Spannschnur.jpg","contentUrl":"https:\/\/ueberlebenskunst.at\/survivalshop\/wp-content\/uploads\/2024\/04\/Spannschnur.jpg","width":400,"height":400},{"@type":"BreadcrumbList","@id":"https:\/\/ueberlebenskunst.at\/survivalshop\/shop\/spannschnur-fuer-pistolenarmbrust\/#breadcrumb","itemListElement":[{"@type":"ListItem","position":1,"name":"Startseite","item":"https:\/\/ueberlebenskunst.at\/survivalshop\/"},{"@type":"ListItem","position":2,"name":"Shop","item":"https:\/\/ueberlebenskunst.at\/survivalshop\/shop\/"},{"@type":"ListItem","position":3,"name":"Spannschnur f\u00fcr Pistolenarmbrust"}]},{"@type":"WebSite","@id":"https:\/\/ueberlebenskunst.at\/survivalshop\/#website","url":"https:\/\/ueberlebenskunst.at\/survivalshop\/","name":"Reini Rossmann - Survival Shop","description":"Survival Shop f\u00fcr Survival, Bushcraft und Prepper","potentialAction":[{"@type":"SearchAction","target":{"@type":"EntryPoint","urlTemplate":"https:\/\/ueberlebenskunst.at\/survivalshop\/?s={search_term_string}"},"query-input":{"@type":"PropertyValueSpecification","valueRequired":true,"valueName":"search_term_string"}}],"inLanguage":"de"}]}},"_links":{"self":[{"href":"https:\/\/ueberlebenskunst.at\/survivalshop\/wp-json\/wp\/v2\/product\/162852","targetHints":{"allow":["GET"]}}],"collection":[{"href":"https:\/\/ueberlebenskunst.at\/survivalshop\/wp-json\/wp\/v2\/product"}],"about":[{"href":"https:\/\/ueberlebenskunst.at\/survivalshop\/wp-json\/wp\/v2\/types\/product"}],"replies":[{"embeddable":true,"href":"https:\/\/ueberlebenskunst.at\/survivalshop\/wp-json\/wp\/v2\/comments?post=162852"}],"wp:featuredmedia":[{"embeddable":true,"href":"https:\/\/ueberlebenskunst.at\/survivalshop\/wp-json\/wp\/v2\/media\/163579"}],"wp:attachment":[{"href":"https:\/\/ueberlebenskunst.at\/survivalshop\/wp-json\/wp\/v2\/media?parent=162852"}],"wp:term":[{"taxonomy":"product_brand","embeddable":true,"href":"https:\/\/ueberlebenskunst.at\/survivalshop\/wp-json\/wp\/v2\/product_brand?post=162852"},{"taxonomy":"product_cat","embeddable":true,"href":"https:\/\/ueberlebenskunst.at\/survivalshop\/wp-json\/wp\/v2\/product_cat?post=162852"},{"taxonomy":"product_tag","embeddable":true,"href":"https:\/\/ueberlebenskunst.at\/survivalshop\/wp-json\/wp\/v2\/product_tag?post=162852"}],"curies":[{"name":"wp","href":"https:\/\/api.w.org\/{rel}","templated":true}]}}