{"id":16266,"date":"2020-07-14T08:07:18","date_gmt":"2020-07-14T06:07:18","guid":{"rendered":"https:\/\/ueberlebenskunst.at\/survivalshop\/survivalshop\/?post_type=product&#038;p=16266"},"modified":"2026-02-04T09:10:04","modified_gmt":"2026-02-04T08:10:04","slug":"alles-ueber-tabakanbau-eigene-zigaretten-herstellen","status":"publish","type":"product","link":"https:\/\/ueberlebenskunst.at\/survivalshop\/shop\/alles-ueber-tabakanbau-eigene-zigaretten-herstellen\/","title":{"rendered":"Alles \u00fcber Tabakanbau &#8211; Eigene Zigaretten herstellen"},"content":{"rendered":"<h3>Taschenbuch &#8211; &#8230; Zigarren, Pfeifentabak und Zigarette<\/h3>\n<div>\n<p>&#8211; Eigene Tabakwaren wie Zigaretten, Zigarillos und Pfeifentabak selbermachen.<\/p>\n<p>&#8211; Schritt-f\u00fcr-Schritt Anleitungen.<\/p>\n<p>&#8211; Dieses Wissen ist eine Kernkompetenz des Menschen.<\/p>\n<p>&#8211; Das ideale Buch f\u00fcr deinen Krisenvorrat.<\/p>\n<p>&#8211; Versand nach Deutschland und \u00d6sterreich.<\/p>\n<\/div>\n<p>Erg\u00e4nzend zum Buch, kannst du <a href=\"https:\/\/ueberlebenskunst.at\/produkt\/tabakanbau-rauchwaren-herstellen-schritt-fuer-schritt-anleitung\/\" target=\"_blank\" rel=\"noopener\">hier den Online Kurs<\/a> bestellen. F\u00fcr alle die gerne bewegte Bilder und genaue Erkl\u00e4rungen erhalten m\u00f6chten.<\/p>\n","protected":false},"excerpt":{"rendered":"<p>Taschenbuch &#8211; &#8230; Zigarren, Pfeifentabak und Zigarette &#8211; Eigene Tabakwaren wie Zigaretten, Zigarillos und Pfeifentabak selbermachen. &#8211; Schritt-f\u00fcr-Schritt Anleitungen. &#8211; Dieses Wissen ist eine Kernkompetenz des Menschen. &#8211; Das ideale Buch f\u00fcr deinen Krisenvorrat. &#8211; Versand nach Deutschland und \u00d6sterreich. Erg\u00e4nzend zum Buch, kannst du hier den Online Kurs bestellen. F\u00fcr alle die gerne bewegte [&hellip;]<\/p>\n","protected":false},"featured_media":16327,"comment_status":"open","ping_status":"closed","template":"","meta":{"_acf_changed":false},"product_brand":[],"product_cat":[1866,1862],"product_tag":[745,646,2526],"class_list":{"0":"post-16266","1":"product","2":"type-product","3":"status-publish","4":"has-post-thumbnail","6":"product_cat-prepper-buecher","7":"product_cat-wissen-koennen","8":"product_tag-alles-ueber","9":"product_tag-krisen-selbstversorger","10":"product_tag-reinis-buecher","11":"pa_platform-druckbuch","12":"pa_platform-ebook","14":"first","15":"instock","16":"taxable","17":"shipping-taxable","18":"purchasable","19":"product-type-variable","20":"has-default-attributes"},"acf":[],"yoast_head":"<!-- This site is optimized with the Yoast SEO plugin v27.1.1 - https:\/\/yoast.com\/product\/yoast-seo-wordpress\/ -->\n<title>Alles \u00fcber Tabakanbau - Eigene Zigaretten herstellen<\/title>\n<meta name=\"robots\" content=\"index, follow, max-snippet:-1, max-image-preview:large, max-video-preview:-1\" \/>\n<link rel=\"canonical\" href=\"https:\/\/ueberlebenskunst.at\/survivalshop\/shop\/alles-ueber-tabakanbau-eigene-zigaretten-herstellen\/\" \/>\n<meta property=\"og:locale\" content=\"de_DE\" \/>\n<meta property=\"og:type\" content=\"article\" \/>\n<meta property=\"og:title\" content=\"Alles \u00fcber Tabakanbau - Eigene Zigaretten herstellen\" \/>\n<meta property=\"og:description\" content=\"Taschenbuch &#8211; &#8230; Zigarren, Pfeifentabak und Zigarette &#8211; Eigene Tabakwaren wie Zigaretten, Zigarillos und Pfeifentabak selbermachen. &#8211; Schritt-f\u00fcr-Schritt Anleitungen. &#8211; Dieses Wissen ist eine Kernkompetenz des Menschen. &#8211; Das ideale Buch f\u00fcr deinen Krisenvorrat. &#8211; Versand nach Deutschland und \u00d6sterreich. Erg\u00e4nzend zum Buch, kannst du hier den Online Kurs bestellen. F\u00fcr alle die gerne bewegte [&hellip;]\" \/>\n<meta property=\"og:url\" content=\"https:\/\/ueberlebenskunst.at\/survivalshop\/shop\/alles-ueber-tabakanbau-eigene-zigaretten-herstellen\/\" \/>\n<meta property=\"og:site_name\" content=\"Reini Rossmann - Survival Shop\" \/>\n<meta property=\"article:publisher\" content=\"https:\/\/www.facebook.com\/survival24.org\/\" \/>\n<meta property=\"article:modified_time\" content=\"2026-02-04T08:10:04+00:00\" \/>\n<meta property=\"og:image\" content=\"https:\/\/ueberlebenskunst.at\/survivalshop\/wp-content\/uploads\/2020\/07\/Tabakbuch-Cover-3D-.jpg\" \/>\n\t<meta property=\"og:image:width\" content=\"1000\" \/>\n\t<meta property=\"og:image:height\" content=\"667\" \/>\n\t<meta property=\"og:image:type\" content=\"image\/jpeg\" \/>\n<meta name=\"twitter:card\" content=\"summary_large_image\" \/>\n<meta name=\"twitter:label1\" content=\"Gesch\u00e4tzte Lesezeit\" \/>\n\t<meta name=\"twitter:data1\" content=\"1\u00a0Minute\" \/>\n<script type=\"application\/ld+json\" class=\"yoast-schema-graph\">{\"@context\":\"https:\/\/schema.org\",\"@graph\":[{\"@type\":\"WebPage\",\"@id\":\"https:\/\/ueberlebenskunst.at\/survivalshop\/shop\/alles-ueber-tabakanbau-eigene-zigaretten-herstellen\/\",\"url\":\"https:\/\/ueberlebenskunst.at\/survivalshop\/shop\/alles-ueber-tabakanbau-eigene-zigaretten-herstellen\/\",\"name\":\"Alles \u00fcber Tabakanbau - Eigene Zigaretten herstellen\",\"isPartOf\":{\"@id\":\"https:\/\/ueberlebenskunst.at\/survivalshop\/#website\"},\"primaryImageOfPage\":{\"@id\":\"https:\/\/ueberlebenskunst.at\/survivalshop\/shop\/alles-ueber-tabakanbau-eigene-zigaretten-herstellen\/#primaryimage\"},\"image\":{\"@id\":\"https:\/\/ueberlebenskunst.at\/survivalshop\/shop\/alles-ueber-tabakanbau-eigene-zigaretten-herstellen\/#primaryimage\"},\"thumbnailUrl\":\"https:\/\/ueberlebenskunst.at\/survivalshop\/wp-content\/uploads\/2020\/07\/Tabakbuch-Cover-3D-.jpg\",\"datePublished\":\"2020-07-14T06:07:18+00:00\",\"dateModified\":\"2026-02-04T08:10:04+00:00\",\"breadcrumb\":{\"@id\":\"https:\/\/ueberlebenskunst.at\/survivalshop\/shop\/alles-ueber-tabakanbau-eigene-zigaretten-herstellen\/#breadcrumb\"},\"inLanguage\":\"de\",\"potentialAction\":[{\"@type\":\"ReadAction\",\"target\":[\"https:\/\/ueberlebenskunst.at\/survivalshop\/shop\/alles-ueber-tabakanbau-eigene-zigaretten-herstellen\/\"]}]},{\"@type\":\"ImageObject\",\"inLanguage\":\"de\",\"@id\":\"https:\/\/ueberlebenskunst.at\/survivalshop\/shop\/alles-ueber-tabakanbau-eigene-zigaretten-herstellen\/#primaryimage\",\"url\":\"https:\/\/ueberlebenskunst.at\/survivalshop\/wp-content\/uploads\/2020\/07\/Tabakbuch-Cover-3D-.jpg\",\"contentUrl\":\"https:\/\/ueberlebenskunst.at\/survivalshop\/wp-content\/uploads\/2020\/07\/Tabakbuch-Cover-3D-.jpg\",\"width\":1000,\"height\":667},{\"@type\":\"BreadcrumbList\",\"@id\":\"https:\/\/ueberlebenskunst.at\/survivalshop\/shop\/alles-ueber-tabakanbau-eigene-zigaretten-herstellen\/#breadcrumb\",\"itemListElement\":[{\"@type\":\"ListItem\",\"position\":1,\"name\":\"Startseite\",\"item\":\"https:\/\/ueberlebenskunst.at\/survivalshop\/\"},{\"@type\":\"ListItem\",\"position\":2,\"name\":\"Shop\",\"item\":\"https:\/\/ueberlebenskunst.at\/survivalshop\/shop\/\"},{\"@type\":\"ListItem\",\"position\":3,\"name\":\"Alles \u00fcber Tabakanbau &#8211; Eigene Zigaretten herstellen\"}]},{\"@type\":\"WebSite\",\"@id\":\"https:\/\/ueberlebenskunst.at\/survivalshop\/#website\",\"url\":\"https:\/\/ueberlebenskunst.at\/survivalshop\/\",\"name\":\"Reini Rossmann - Survival Shop\",\"description\":\"Survival Shop f\u00fcr Survival, Bushcraft und Prepper\",\"potentialAction\":[{\"@type\":\"SearchAction\",\"target\":{\"@type\":\"EntryPoint\",\"urlTemplate\":\"https:\/\/ueberlebenskunst.at\/survivalshop\/?s={search_term_string}\"},\"query-input\":{\"@type\":\"PropertyValueSpecification\",\"valueRequired\":true,\"valueName\":\"search_term_string\"}}],\"inLanguage\":\"de\"}]}<\/script>\n<!-- \/ Yoast SEO plugin. -->","yoast_head_json":{"title":"Alles \u00fcber Tabakanbau - Eigene Zigaretten herstellen","robots":{"index":"index","follow":"follow","max-snippet":"max-snippet:-1","max-image-preview":"max-image-preview:large","max-video-preview":"max-video-preview:-1"},"canonical":"https:\/\/ueberlebenskunst.at\/survivalshop\/shop\/alles-ueber-tabakanbau-eigene-zigaretten-herstellen\/","og_locale":"de_DE","og_type":"article","og_title":"Alles \u00fcber Tabakanbau - Eigene Zigaretten herstellen","og_description":"Taschenbuch &#8211; &#8230; Zigarren, Pfeifentabak und Zigarette &#8211; Eigene Tabakwaren wie Zigaretten, Zigarillos und Pfeifentabak selbermachen. &#8211; Schritt-f\u00fcr-Schritt Anleitungen. &#8211; Dieses Wissen ist eine Kernkompetenz des Menschen. &#8211; Das ideale Buch f\u00fcr deinen Krisenvorrat. &#8211; Versand nach Deutschland und \u00d6sterreich. Erg\u00e4nzend zum Buch, kannst du hier den Online Kurs bestellen. F\u00fcr alle die gerne bewegte [&hellip;]","og_url":"https:\/\/ueberlebenskunst.at\/survivalshop\/shop\/alles-ueber-tabakanbau-eigene-zigaretten-herstellen\/","og_site_name":"Reini Rossmann - Survival Shop","article_publisher":"https:\/\/www.facebook.com\/survival24.org\/","article_modified_time":"2026-02-04T08:10:04+00:00","og_image":[{"width":1000,"height":667,"url":"https:\/\/ueberlebenskunst.at\/survivalshop\/wp-content\/uploads\/2020\/07\/Tabakbuch-Cover-3D-.jpg","type":"image\/jpeg"}],"twitter_card":"summary_large_image","twitter_misc":{"Gesch\u00e4tzte Lesezeit":"1\u00a0Minute"},"schema":{"@context":"https:\/\/schema.org","@graph":[{"@type":"WebPage","@id":"https:\/\/ueberlebenskunst.at\/survivalshop\/shop\/alles-ueber-tabakanbau-eigene-zigaretten-herstellen\/","url":"https:\/\/ueberlebenskunst.at\/survivalshop\/shop\/alles-ueber-tabakanbau-eigene-zigaretten-herstellen\/","name":"Alles \u00fcber Tabakanbau - Eigene Zigaretten herstellen","isPartOf":{"@id":"https:\/\/ueberlebenskunst.at\/survivalshop\/#website"},"primaryImageOfPage":{"@id":"https:\/\/ueberlebenskunst.at\/survivalshop\/shop\/alles-ueber-tabakanbau-eigene-zigaretten-herstellen\/#primaryimage"},"image":{"@id":"https:\/\/ueberlebenskunst.at\/survivalshop\/shop\/alles-ueber-tabakanbau-eigene-zigaretten-herstellen\/#primaryimage"},"thumbnailUrl":"https:\/\/ueberlebenskunst.at\/survivalshop\/wp-content\/uploads\/2020\/07\/Tabakbuch-Cover-3D-.jpg","datePublished":"2020-07-14T06:07:18+00:00","dateModified":"2026-02-04T08:10:04+00:00","breadcrumb":{"@id":"https:\/\/ueberlebenskunst.at\/survivalshop\/shop\/alles-ueber-tabakanbau-eigene-zigaretten-herstellen\/#breadcrumb"},"inLanguage":"de","potentialAction":[{"@type":"ReadAction","target":["https:\/\/ueberlebenskunst.at\/survivalshop\/shop\/alles-ueber-tabakanbau-eigene-zigaretten-herstellen\/"]}]},{"@type":"ImageObject","inLanguage":"de","@id":"https:\/\/ueberlebenskunst.at\/survivalshop\/shop\/alles-ueber-tabakanbau-eigene-zigaretten-herstellen\/#primaryimage","url":"https:\/\/ueberlebenskunst.at\/survivalshop\/wp-content\/uploads\/2020\/07\/Tabakbuch-Cover-3D-.jpg","contentUrl":"https:\/\/ueberlebenskunst.at\/survivalshop\/wp-content\/uploads\/2020\/07\/Tabakbuch-Cover-3D-.jpg","width":1000,"height":667},{"@type":"BreadcrumbList","@id":"https:\/\/ueberlebenskunst.at\/survivalshop\/shop\/alles-ueber-tabakanbau-eigene-zigaretten-herstellen\/#breadcrumb","itemListElement":[{"@type":"ListItem","position":1,"name":"Startseite","item":"https:\/\/ueberlebenskunst.at\/survivalshop\/"},{"@type":"ListItem","position":2,"name":"Shop","item":"https:\/\/ueberlebenskunst.at\/survivalshop\/shop\/"},{"@type":"ListItem","position":3,"name":"Alles \u00fcber Tabakanbau &#8211; Eigene Zigaretten herstellen"}]},{"@type":"WebSite","@id":"https:\/\/ueberlebenskunst.at\/survivalshop\/#website","url":"https:\/\/ueberlebenskunst.at\/survivalshop\/","name":"Reini Rossmann - Survival Shop","description":"Survival Shop f\u00fcr Survival, Bushcraft und Prepper","potentialAction":[{"@type":"SearchAction","target":{"@type":"EntryPoint","urlTemplate":"https:\/\/ueberlebenskunst.at\/survivalshop\/?s={search_term_string}"},"query-input":{"@type":"PropertyValueSpecification","valueRequired":true,"valueName":"search_term_string"}}],"inLanguage":"de"}]}},"_links":{"self":[{"href":"https:\/\/ueberlebenskunst.at\/survivalshop\/wp-json\/wp\/v2\/product\/16266","targetHints":{"allow":["GET"]}}],"collection":[{"href":"https:\/\/ueberlebenskunst.at\/survivalshop\/wp-json\/wp\/v2\/product"}],"about":[{"href":"https:\/\/ueberlebenskunst.at\/survivalshop\/wp-json\/wp\/v2\/types\/product"}],"replies":[{"embeddable":true,"href":"https:\/\/ueberlebenskunst.at\/survivalshop\/wp-json\/wp\/v2\/comments?post=16266"}],"wp:featuredmedia":[{"embeddable":true,"href":"https:\/\/ueberlebenskunst.at\/survivalshop\/wp-json\/wp\/v2\/media\/16327"}],"wp:attachment":[{"href":"https:\/\/ueberlebenskunst.at\/survivalshop\/wp-json\/wp\/v2\/media?parent=16266"}],"wp:term":[{"taxonomy":"product_brand","embeddable":true,"href":"https:\/\/ueberlebenskunst.at\/survivalshop\/wp-json\/wp\/v2\/product_brand?post=16266"},{"taxonomy":"product_cat","embeddable":true,"href":"https:\/\/ueberlebenskunst.at\/survivalshop\/wp-json\/wp\/v2\/product_cat?post=16266"},{"taxonomy":"product_tag","embeddable":true,"href":"https:\/\/ueberlebenskunst.at\/survivalshop\/wp-json\/wp\/v2\/product_tag?post=16266"}],"curies":[{"name":"wp","href":"https:\/\/api.w.org\/{rel}","templated":true}]}}