{"id":161120,"date":"2024-03-12T17:08:32","date_gmt":"2024-03-12T16:08:32","guid":{"rendered":"https:\/\/ueberlebenskunst.at\/survivalshop\/?post_type=product&#038;p=161120"},"modified":"2025-12-22T06:40:34","modified_gmt":"2025-12-22T05:40:34","slug":"mkm-malga-6-black-g10","status":"publish","type":"product","link":"https:\/\/ueberlebenskunst.at\/survivalshop\/shop\/mkm-malga-6-black-g10\/","title":{"rendered":"MKM Malga 6 Black G10"},"content":{"rendered":"<p>Das moderne Slipjoint-Messer ist mit sechs Werkzeugen ausgestattet und damit f\u00fcr die meisten Alltagssituationen ger\u00fcstet. Neben der Hauptklinge aus hochwertigem M390, die per Nagelhau ge\u00f6ffnet wird, bietet es auch einen Kapselheber, einen Dosen\u00f6ffner, einen Korkenzieher, eine Stechahle und eine Gabel. Der rutschfeste Griff ist mit schwarzen G10-Schalen versehen und verf\u00fcgt \u00fcber eine diskrete Fangriemen\u00f6se. Dank seiner Vielseitigkeit ist das MKM Malga 6 ein unverzichtbarer Begleiter f\u00fcr Picknicks und andere Gelegenheiten.<\/p>\n<h3>Produktdaten:<\/h3>\n<ul>\n<li>Gesamtl\u00e4nge: 21,9 cm<\/li>\n<li>Klingenl\u00e4nge: 6,7 cm<\/li>\n<li>Gewicht: 79 g<\/li>\n<li>Klingenst\u00e4rke: 2,5 mm<\/li>\n<li>Klingenmaterial: M390<\/li>\n<li>Griffmaterial: G10<\/li>\n<li>Slipjoint<\/li>\n<\/ul>\n","protected":false},"excerpt":{"rendered":"<p>Das moderne Slipjoint-Messer ist mit sechs Werkzeugen ausgestattet und damit f\u00fcr die meisten Alltagssituationen ger\u00fcstet. Neben der Hauptklinge aus hochwertigem M390, die per Nagelhau ge\u00f6ffnet wird, bietet es auch einen Kapselheber, einen Dosen\u00f6ffner, einen Korkenzieher, eine Stechahle und eine Gabel. Der rutschfeste Griff ist mit schwarzen G10-Schalen versehen und verf\u00fcgt \u00fcber eine diskrete Fangriemen\u00f6se. Dank [&hellip;]<\/p>\n","protected":false},"featured_media":161121,"comment_status":"open","ping_status":"closed","template":"","meta":{"_acf_changed":false},"product_brand":[],"product_cat":[1805],"product_tag":[1191],"class_list":{"0":"post-161120","1":"product","2":"type-product","3":"status-publish","4":"has-post-thumbnail","6":"product_cat-messer-messer-tools","7":"product_tag-mkm","9":"first","10":"instock","11":"taxable","12":"shipping-taxable","13":"purchasable","14":"product-type-simple"},"acf":[],"yoast_head":"<!-- This site is optimized with the Yoast SEO plugin v27.1.1 - https:\/\/yoast.com\/product\/yoast-seo-wordpress\/ -->\n<title>MKM Malga 6 Black G10 - Reini Rossmann - Survival Shop<\/title>\n<meta name=\"robots\" content=\"index, follow, max-snippet:-1, max-image-preview:large, max-video-preview:-1\" \/>\n<link rel=\"canonical\" href=\"https:\/\/ueberlebenskunst.at\/survivalshop\/shop\/mkm-malga-6-black-g10\/\" \/>\n<meta property=\"og:locale\" content=\"de_DE\" \/>\n<meta property=\"og:type\" content=\"article\" \/>\n<meta property=\"og:title\" content=\"MKM Malga 6 Black G10 - Reini Rossmann - Survival Shop\" \/>\n<meta property=\"og:description\" content=\"Das moderne Slipjoint-Messer ist mit sechs Werkzeugen ausgestattet und damit f\u00fcr die meisten Alltagssituationen ger\u00fcstet. Neben der Hauptklinge aus hochwertigem M390, die per Nagelhau ge\u00f6ffnet wird, bietet es auch einen Kapselheber, einen Dosen\u00f6ffner, einen Korkenzieher, eine Stechahle und eine Gabel. Der rutschfeste Griff ist mit schwarzen G10-Schalen versehen und verf\u00fcgt \u00fcber eine diskrete Fangriemen\u00f6se. Dank [&hellip;]\" \/>\n<meta property=\"og:url\" content=\"https:\/\/ueberlebenskunst.at\/survivalshop\/shop\/mkm-malga-6-black-g10\/\" \/>\n<meta property=\"og:site_name\" content=\"Reini Rossmann - Survival Shop\" \/>\n<meta property=\"article:publisher\" content=\"https:\/\/www.facebook.com\/survival24.org\/\" \/>\n<meta property=\"article:modified_time\" content=\"2025-12-22T05:40:34+00:00\" \/>\n<meta property=\"og:image\" content=\"https:\/\/ueberlebenskunst.at\/survivalshop\/wp-content\/uploads\/2024\/03\/01CC097.jpg\" \/>\n\t<meta property=\"og:image:width\" content=\"400\" \/>\n\t<meta property=\"og:image:height\" content=\"370\" \/>\n\t<meta property=\"og:image:type\" content=\"image\/jpeg\" \/>\n<meta name=\"twitter:card\" content=\"summary_large_image\" \/>\n<meta name=\"twitter:label1\" content=\"Gesch\u00e4tzte Lesezeit\" \/>\n\t<meta name=\"twitter:data1\" content=\"1\u00a0Minute\" \/>\n<script type=\"application\/ld+json\" class=\"yoast-schema-graph\">{\"@context\":\"https:\/\/schema.org\",\"@graph\":[{\"@type\":\"WebPage\",\"@id\":\"https:\/\/ueberlebenskunst.at\/survivalshop\/shop\/mkm-malga-6-black-g10\/\",\"url\":\"https:\/\/ueberlebenskunst.at\/survivalshop\/shop\/mkm-malga-6-black-g10\/\",\"name\":\"MKM Malga 6 Black G10 - Reini Rossmann - Survival Shop\",\"isPartOf\":{\"@id\":\"https:\/\/ueberlebenskunst.at\/survivalshop\/#website\"},\"primaryImageOfPage\":{\"@id\":\"https:\/\/ueberlebenskunst.at\/survivalshop\/shop\/mkm-malga-6-black-g10\/#primaryimage\"},\"image\":{\"@id\":\"https:\/\/ueberlebenskunst.at\/survivalshop\/shop\/mkm-malga-6-black-g10\/#primaryimage\"},\"thumbnailUrl\":\"https:\/\/ueberlebenskunst.at\/survivalshop\/wp-content\/uploads\/2024\/03\/01CC097.jpg\",\"datePublished\":\"2024-03-12T16:08:32+00:00\",\"dateModified\":\"2025-12-22T05:40:34+00:00\",\"breadcrumb\":{\"@id\":\"https:\/\/ueberlebenskunst.at\/survivalshop\/shop\/mkm-malga-6-black-g10\/#breadcrumb\"},\"inLanguage\":\"de\",\"potentialAction\":[{\"@type\":\"ReadAction\",\"target\":[\"https:\/\/ueberlebenskunst.at\/survivalshop\/shop\/mkm-malga-6-black-g10\/\"]}]},{\"@type\":\"ImageObject\",\"inLanguage\":\"de\",\"@id\":\"https:\/\/ueberlebenskunst.at\/survivalshop\/shop\/mkm-malga-6-black-g10\/#primaryimage\",\"url\":\"https:\/\/ueberlebenskunst.at\/survivalshop\/wp-content\/uploads\/2024\/03\/01CC097.jpg\",\"contentUrl\":\"https:\/\/ueberlebenskunst.at\/survivalshop\/wp-content\/uploads\/2024\/03\/01CC097.jpg\",\"width\":400,\"height\":370},{\"@type\":\"BreadcrumbList\",\"@id\":\"https:\/\/ueberlebenskunst.at\/survivalshop\/shop\/mkm-malga-6-black-g10\/#breadcrumb\",\"itemListElement\":[{\"@type\":\"ListItem\",\"position\":1,\"name\":\"Startseite\",\"item\":\"https:\/\/ueberlebenskunst.at\/survivalshop\/\"},{\"@type\":\"ListItem\",\"position\":2,\"name\":\"Shop\",\"item\":\"https:\/\/ueberlebenskunst.at\/survivalshop\/shop\/\"},{\"@type\":\"ListItem\",\"position\":3,\"name\":\"MKM Malga 6 Black G10\"}]},{\"@type\":\"WebSite\",\"@id\":\"https:\/\/ueberlebenskunst.at\/survivalshop\/#website\",\"url\":\"https:\/\/ueberlebenskunst.at\/survivalshop\/\",\"name\":\"Reini Rossmann - Survival Shop\",\"description\":\"Survival Shop f\u00fcr Survival, Bushcraft und Prepper\",\"potentialAction\":[{\"@type\":\"SearchAction\",\"target\":{\"@type\":\"EntryPoint\",\"urlTemplate\":\"https:\/\/ueberlebenskunst.at\/survivalshop\/?s={search_term_string}\"},\"query-input\":{\"@type\":\"PropertyValueSpecification\",\"valueRequired\":true,\"valueName\":\"search_term_string\"}}],\"inLanguage\":\"de\"}]}<\/script>\n<!-- \/ Yoast SEO plugin. -->","yoast_head_json":{"title":"MKM Malga 6 Black G10 - Reini Rossmann - Survival Shop","robots":{"index":"index","follow":"follow","max-snippet":"max-snippet:-1","max-image-preview":"max-image-preview:large","max-video-preview":"max-video-preview:-1"},"canonical":"https:\/\/ueberlebenskunst.at\/survivalshop\/shop\/mkm-malga-6-black-g10\/","og_locale":"de_DE","og_type":"article","og_title":"MKM Malga 6 Black G10 - Reini Rossmann - Survival Shop","og_description":"Das moderne Slipjoint-Messer ist mit sechs Werkzeugen ausgestattet und damit f\u00fcr die meisten Alltagssituationen ger\u00fcstet. Neben der Hauptklinge aus hochwertigem M390, die per Nagelhau ge\u00f6ffnet wird, bietet es auch einen Kapselheber, einen Dosen\u00f6ffner, einen Korkenzieher, eine Stechahle und eine Gabel. Der rutschfeste Griff ist mit schwarzen G10-Schalen versehen und verf\u00fcgt \u00fcber eine diskrete Fangriemen\u00f6se. Dank [&hellip;]","og_url":"https:\/\/ueberlebenskunst.at\/survivalshop\/shop\/mkm-malga-6-black-g10\/","og_site_name":"Reini Rossmann - Survival Shop","article_publisher":"https:\/\/www.facebook.com\/survival24.org\/","article_modified_time":"2025-12-22T05:40:34+00:00","og_image":[{"width":400,"height":370,"url":"https:\/\/ueberlebenskunst.at\/survivalshop\/wp-content\/uploads\/2024\/03\/01CC097.jpg","type":"image\/jpeg"}],"twitter_card":"summary_large_image","twitter_misc":{"Gesch\u00e4tzte Lesezeit":"1\u00a0Minute"},"schema":{"@context":"https:\/\/schema.org","@graph":[{"@type":"WebPage","@id":"https:\/\/ueberlebenskunst.at\/survivalshop\/shop\/mkm-malga-6-black-g10\/","url":"https:\/\/ueberlebenskunst.at\/survivalshop\/shop\/mkm-malga-6-black-g10\/","name":"MKM Malga 6 Black G10 - Reini Rossmann - Survival Shop","isPartOf":{"@id":"https:\/\/ueberlebenskunst.at\/survivalshop\/#website"},"primaryImageOfPage":{"@id":"https:\/\/ueberlebenskunst.at\/survivalshop\/shop\/mkm-malga-6-black-g10\/#primaryimage"},"image":{"@id":"https:\/\/ueberlebenskunst.at\/survivalshop\/shop\/mkm-malga-6-black-g10\/#primaryimage"},"thumbnailUrl":"https:\/\/ueberlebenskunst.at\/survivalshop\/wp-content\/uploads\/2024\/03\/01CC097.jpg","datePublished":"2024-03-12T16:08:32+00:00","dateModified":"2025-12-22T05:40:34+00:00","breadcrumb":{"@id":"https:\/\/ueberlebenskunst.at\/survivalshop\/shop\/mkm-malga-6-black-g10\/#breadcrumb"},"inLanguage":"de","potentialAction":[{"@type":"ReadAction","target":["https:\/\/ueberlebenskunst.at\/survivalshop\/shop\/mkm-malga-6-black-g10\/"]}]},{"@type":"ImageObject","inLanguage":"de","@id":"https:\/\/ueberlebenskunst.at\/survivalshop\/shop\/mkm-malga-6-black-g10\/#primaryimage","url":"https:\/\/ueberlebenskunst.at\/survivalshop\/wp-content\/uploads\/2024\/03\/01CC097.jpg","contentUrl":"https:\/\/ueberlebenskunst.at\/survivalshop\/wp-content\/uploads\/2024\/03\/01CC097.jpg","width":400,"height":370},{"@type":"BreadcrumbList","@id":"https:\/\/ueberlebenskunst.at\/survivalshop\/shop\/mkm-malga-6-black-g10\/#breadcrumb","itemListElement":[{"@type":"ListItem","position":1,"name":"Startseite","item":"https:\/\/ueberlebenskunst.at\/survivalshop\/"},{"@type":"ListItem","position":2,"name":"Shop","item":"https:\/\/ueberlebenskunst.at\/survivalshop\/shop\/"},{"@type":"ListItem","position":3,"name":"MKM Malga 6 Black G10"}]},{"@type":"WebSite","@id":"https:\/\/ueberlebenskunst.at\/survivalshop\/#website","url":"https:\/\/ueberlebenskunst.at\/survivalshop\/","name":"Reini Rossmann - Survival Shop","description":"Survival Shop f\u00fcr Survival, Bushcraft und Prepper","potentialAction":[{"@type":"SearchAction","target":{"@type":"EntryPoint","urlTemplate":"https:\/\/ueberlebenskunst.at\/survivalshop\/?s={search_term_string}"},"query-input":{"@type":"PropertyValueSpecification","valueRequired":true,"valueName":"search_term_string"}}],"inLanguage":"de"}]}},"_links":{"self":[{"href":"https:\/\/ueberlebenskunst.at\/survivalshop\/wp-json\/wp\/v2\/product\/161120","targetHints":{"allow":["GET"]}}],"collection":[{"href":"https:\/\/ueberlebenskunst.at\/survivalshop\/wp-json\/wp\/v2\/product"}],"about":[{"href":"https:\/\/ueberlebenskunst.at\/survivalshop\/wp-json\/wp\/v2\/types\/product"}],"replies":[{"embeddable":true,"href":"https:\/\/ueberlebenskunst.at\/survivalshop\/wp-json\/wp\/v2\/comments?post=161120"}],"wp:featuredmedia":[{"embeddable":true,"href":"https:\/\/ueberlebenskunst.at\/survivalshop\/wp-json\/wp\/v2\/media\/161121"}],"wp:attachment":[{"href":"https:\/\/ueberlebenskunst.at\/survivalshop\/wp-json\/wp\/v2\/media?parent=161120"}],"wp:term":[{"taxonomy":"product_brand","embeddable":true,"href":"https:\/\/ueberlebenskunst.at\/survivalshop\/wp-json\/wp\/v2\/product_brand?post=161120"},{"taxonomy":"product_cat","embeddable":true,"href":"https:\/\/ueberlebenskunst.at\/survivalshop\/wp-json\/wp\/v2\/product_cat?post=161120"},{"taxonomy":"product_tag","embeddable":true,"href":"https:\/\/ueberlebenskunst.at\/survivalshop\/wp-json\/wp\/v2\/product_tag?post=161120"}],"curies":[{"name":"wp","href":"https:\/\/api.w.org\/{rel}","templated":true}]}}