{"id":161115,"date":"2024-03-12T16:57:25","date_gmt":"2024-03-12T15:57:25","guid":{"rendered":"https:\/\/ueberlebenskunst.at\/survivalshop\/?post_type=product&#038;p=161115"},"modified":"2025-12-22T06:40:39","modified_gmt":"2025-12-22T05:40:39","slug":"hogue-deka-3-25-g-mascus-blue","status":"publish","type":"product","link":"https:\/\/ueberlebenskunst.at\/survivalshop\/shop\/hogue-deka-3-25-g-mascus-blue\/","title":{"rendered":"Hogue Deka 3.25&#8243; G-Mascus Blue"},"content":{"rendered":"<p>Das Hogue Deka G-Mascus Blue ist ein kompaktes, schlankes und leichtes Taschenmesser, das von Allen Elishewitz entworfen wurde. Es verf\u00fcgt \u00fcber eine Clippoint-Klinge aus CPM-20CV, die sicher durch die ABLE-Lock Schiebesicherung arretiert wird. Der G10-Griff ist mit einer G-Mascus Blue Lava F\u00e4rbung versehen und verf\u00fcgt \u00fcber eine eingefr\u00e4ste Struktur f\u00fcr verbesserte Griffigkeit und \u00c4sthetik. Das Messer ist mit einem umsetzbaren Deep-Carry-Clip (Tip-up) und einer Fangriemen\u00f6se ausgestattet.<\/p>\n<h3>Produktdaten:<\/h3>\n<ul>\n<li>Gesamtl\u00e4nge: 19,1 cm<\/li>\n<li>Klingenl\u00e4nge: 8,3 cm<\/li>\n<li>Gewicht: 65 g<\/li>\n<li>Klingenst\u00e4rke: 2,4 mm<\/li>\n<li>Klingenmaterial: CPM-20CV<\/li>\n<li>Griffmaterial: G10<\/li>\n<li>Designer: Allen Elishewitz<\/li>\n<\/ul>\n","protected":false},"excerpt":{"rendered":"<p>Das Hogue Deka G-Mascus Blue ist ein kompaktes, schlankes und leichtes Taschenmesser, das von Allen Elishewitz entworfen wurde. Es verf\u00fcgt \u00fcber eine Clippoint-Klinge aus CPM-20CV, die sicher durch die ABLE-Lock Schiebesicherung arretiert wird. Der G10-Griff ist mit einer G-Mascus Blue Lava F\u00e4rbung versehen und verf\u00fcgt \u00fcber eine eingefr\u00e4ste Struktur f\u00fcr verbesserte Griffigkeit und \u00c4sthetik. Das [&hellip;]<\/p>\n","protected":false},"featured_media":161116,"comment_status":"open","ping_status":"closed","template":"","meta":{"_acf_changed":false},"product_brand":[],"product_cat":[1805],"product_tag":[2162],"class_list":{"0":"post-161115","1":"product","2":"type-product","3":"status-publish","4":"has-post-thumbnail","6":"product_cat-messer-messer-tools","7":"product_tag-hogue","9":"first","10":"instock","11":"taxable","12":"shipping-taxable","13":"purchasable","14":"product-type-simple"},"acf":[],"yoast_head":"<!-- This site is optimized with the Yoast SEO plugin v27.1.1 - https:\/\/yoast.com\/product\/yoast-seo-wordpress\/ -->\n<title>Hogue Deka 3.25&quot; G-Mascus Blue - Reini Rossmann - Survival Shop<\/title>\n<meta name=\"robots\" content=\"index, follow, max-snippet:-1, max-image-preview:large, max-video-preview:-1\" \/>\n<link rel=\"canonical\" href=\"https:\/\/ueberlebenskunst.at\/survivalshop\/shop\/hogue-deka-3-25-g-mascus-blue\/\" \/>\n<meta property=\"og:locale\" content=\"de_DE\" \/>\n<meta property=\"og:type\" content=\"article\" \/>\n<meta property=\"og:title\" content=\"Hogue Deka 3.25&quot; G-Mascus Blue - Reini Rossmann - Survival Shop\" \/>\n<meta property=\"og:description\" content=\"Das Hogue Deka G-Mascus Blue ist ein kompaktes, schlankes und leichtes Taschenmesser, das von Allen Elishewitz entworfen wurde. Es verf\u00fcgt \u00fcber eine Clippoint-Klinge aus CPM-20CV, die sicher durch die ABLE-Lock Schiebesicherung arretiert wird. Der G10-Griff ist mit einer G-Mascus Blue Lava F\u00e4rbung versehen und verf\u00fcgt \u00fcber eine eingefr\u00e4ste Struktur f\u00fcr verbesserte Griffigkeit und \u00c4sthetik. Das [&hellip;]\" \/>\n<meta property=\"og:url\" content=\"https:\/\/ueberlebenskunst.at\/survivalshop\/shop\/hogue-deka-3-25-g-mascus-blue\/\" \/>\n<meta property=\"og:site_name\" content=\"Reini Rossmann - Survival Shop\" \/>\n<meta property=\"article:publisher\" content=\"https:\/\/www.facebook.com\/survival24.org\/\" \/>\n<meta property=\"article:modified_time\" content=\"2025-12-22T05:40:39+00:00\" \/>\n<meta property=\"og:image\" content=\"https:\/\/ueberlebenskunst.at\/survivalshop\/wp-content\/uploads\/2024\/03\/01HG123.jpg\" \/>\n\t<meta property=\"og:image:width\" content=\"400\" \/>\n\t<meta property=\"og:image:height\" content=\"375\" \/>\n\t<meta property=\"og:image:type\" content=\"image\/jpeg\" \/>\n<meta name=\"twitter:card\" content=\"summary_large_image\" \/>\n<meta name=\"twitter:label1\" content=\"Gesch\u00e4tzte Lesezeit\" \/>\n\t<meta name=\"twitter:data1\" content=\"1\u00a0Minute\" \/>\n<script type=\"application\/ld+json\" class=\"yoast-schema-graph\">{\"@context\":\"https:\/\/schema.org\",\"@graph\":[{\"@type\":\"WebPage\",\"@id\":\"https:\/\/ueberlebenskunst.at\/survivalshop\/shop\/hogue-deka-3-25-g-mascus-blue\/\",\"url\":\"https:\/\/ueberlebenskunst.at\/survivalshop\/shop\/hogue-deka-3-25-g-mascus-blue\/\",\"name\":\"Hogue Deka 3.25\\\" G-Mascus Blue - Reini Rossmann - Survival Shop\",\"isPartOf\":{\"@id\":\"https:\/\/ueberlebenskunst.at\/survivalshop\/#website\"},\"primaryImageOfPage\":{\"@id\":\"https:\/\/ueberlebenskunst.at\/survivalshop\/shop\/hogue-deka-3-25-g-mascus-blue\/#primaryimage\"},\"image\":{\"@id\":\"https:\/\/ueberlebenskunst.at\/survivalshop\/shop\/hogue-deka-3-25-g-mascus-blue\/#primaryimage\"},\"thumbnailUrl\":\"https:\/\/ueberlebenskunst.at\/survivalshop\/wp-content\/uploads\/2024\/03\/01HG123.jpg\",\"datePublished\":\"2024-03-12T15:57:25+00:00\",\"dateModified\":\"2025-12-22T05:40:39+00:00\",\"breadcrumb\":{\"@id\":\"https:\/\/ueberlebenskunst.at\/survivalshop\/shop\/hogue-deka-3-25-g-mascus-blue\/#breadcrumb\"},\"inLanguage\":\"de\",\"potentialAction\":[{\"@type\":\"ReadAction\",\"target\":[\"https:\/\/ueberlebenskunst.at\/survivalshop\/shop\/hogue-deka-3-25-g-mascus-blue\/\"]}]},{\"@type\":\"ImageObject\",\"inLanguage\":\"de\",\"@id\":\"https:\/\/ueberlebenskunst.at\/survivalshop\/shop\/hogue-deka-3-25-g-mascus-blue\/#primaryimage\",\"url\":\"https:\/\/ueberlebenskunst.at\/survivalshop\/wp-content\/uploads\/2024\/03\/01HG123.jpg\",\"contentUrl\":\"https:\/\/ueberlebenskunst.at\/survivalshop\/wp-content\/uploads\/2024\/03\/01HG123.jpg\",\"width\":400,\"height\":375},{\"@type\":\"BreadcrumbList\",\"@id\":\"https:\/\/ueberlebenskunst.at\/survivalshop\/shop\/hogue-deka-3-25-g-mascus-blue\/#breadcrumb\",\"itemListElement\":[{\"@type\":\"ListItem\",\"position\":1,\"name\":\"Startseite\",\"item\":\"https:\/\/ueberlebenskunst.at\/survivalshop\/\"},{\"@type\":\"ListItem\",\"position\":2,\"name\":\"Shop\",\"item\":\"https:\/\/ueberlebenskunst.at\/survivalshop\/shop\/\"},{\"@type\":\"ListItem\",\"position\":3,\"name\":\"Hogue Deka 3.25&#8243; G-Mascus Blue\"}]},{\"@type\":\"WebSite\",\"@id\":\"https:\/\/ueberlebenskunst.at\/survivalshop\/#website\",\"url\":\"https:\/\/ueberlebenskunst.at\/survivalshop\/\",\"name\":\"Reini Rossmann - Survival Shop\",\"description\":\"Survival Shop f\u00fcr Survival, Bushcraft und Prepper\",\"potentialAction\":[{\"@type\":\"SearchAction\",\"target\":{\"@type\":\"EntryPoint\",\"urlTemplate\":\"https:\/\/ueberlebenskunst.at\/survivalshop\/?s={search_term_string}\"},\"query-input\":{\"@type\":\"PropertyValueSpecification\",\"valueRequired\":true,\"valueName\":\"search_term_string\"}}],\"inLanguage\":\"de\"}]}<\/script>\n<!-- \/ Yoast SEO plugin. -->","yoast_head_json":{"title":"Hogue Deka 3.25\" G-Mascus Blue - Reini Rossmann - Survival Shop","robots":{"index":"index","follow":"follow","max-snippet":"max-snippet:-1","max-image-preview":"max-image-preview:large","max-video-preview":"max-video-preview:-1"},"canonical":"https:\/\/ueberlebenskunst.at\/survivalshop\/shop\/hogue-deka-3-25-g-mascus-blue\/","og_locale":"de_DE","og_type":"article","og_title":"Hogue Deka 3.25\" G-Mascus Blue - Reini Rossmann - Survival Shop","og_description":"Das Hogue Deka G-Mascus Blue ist ein kompaktes, schlankes und leichtes Taschenmesser, das von Allen Elishewitz entworfen wurde. Es verf\u00fcgt \u00fcber eine Clippoint-Klinge aus CPM-20CV, die sicher durch die ABLE-Lock Schiebesicherung arretiert wird. Der G10-Griff ist mit einer G-Mascus Blue Lava F\u00e4rbung versehen und verf\u00fcgt \u00fcber eine eingefr\u00e4ste Struktur f\u00fcr verbesserte Griffigkeit und \u00c4sthetik. Das [&hellip;]","og_url":"https:\/\/ueberlebenskunst.at\/survivalshop\/shop\/hogue-deka-3-25-g-mascus-blue\/","og_site_name":"Reini Rossmann - Survival Shop","article_publisher":"https:\/\/www.facebook.com\/survival24.org\/","article_modified_time":"2025-12-22T05:40:39+00:00","og_image":[{"width":400,"height":375,"url":"https:\/\/ueberlebenskunst.at\/survivalshop\/wp-content\/uploads\/2024\/03\/01HG123.jpg","type":"image\/jpeg"}],"twitter_card":"summary_large_image","twitter_misc":{"Gesch\u00e4tzte Lesezeit":"1\u00a0Minute"},"schema":{"@context":"https:\/\/schema.org","@graph":[{"@type":"WebPage","@id":"https:\/\/ueberlebenskunst.at\/survivalshop\/shop\/hogue-deka-3-25-g-mascus-blue\/","url":"https:\/\/ueberlebenskunst.at\/survivalshop\/shop\/hogue-deka-3-25-g-mascus-blue\/","name":"Hogue Deka 3.25\" G-Mascus Blue - Reini Rossmann - Survival Shop","isPartOf":{"@id":"https:\/\/ueberlebenskunst.at\/survivalshop\/#website"},"primaryImageOfPage":{"@id":"https:\/\/ueberlebenskunst.at\/survivalshop\/shop\/hogue-deka-3-25-g-mascus-blue\/#primaryimage"},"image":{"@id":"https:\/\/ueberlebenskunst.at\/survivalshop\/shop\/hogue-deka-3-25-g-mascus-blue\/#primaryimage"},"thumbnailUrl":"https:\/\/ueberlebenskunst.at\/survivalshop\/wp-content\/uploads\/2024\/03\/01HG123.jpg","datePublished":"2024-03-12T15:57:25+00:00","dateModified":"2025-12-22T05:40:39+00:00","breadcrumb":{"@id":"https:\/\/ueberlebenskunst.at\/survivalshop\/shop\/hogue-deka-3-25-g-mascus-blue\/#breadcrumb"},"inLanguage":"de","potentialAction":[{"@type":"ReadAction","target":["https:\/\/ueberlebenskunst.at\/survivalshop\/shop\/hogue-deka-3-25-g-mascus-blue\/"]}]},{"@type":"ImageObject","inLanguage":"de","@id":"https:\/\/ueberlebenskunst.at\/survivalshop\/shop\/hogue-deka-3-25-g-mascus-blue\/#primaryimage","url":"https:\/\/ueberlebenskunst.at\/survivalshop\/wp-content\/uploads\/2024\/03\/01HG123.jpg","contentUrl":"https:\/\/ueberlebenskunst.at\/survivalshop\/wp-content\/uploads\/2024\/03\/01HG123.jpg","width":400,"height":375},{"@type":"BreadcrumbList","@id":"https:\/\/ueberlebenskunst.at\/survivalshop\/shop\/hogue-deka-3-25-g-mascus-blue\/#breadcrumb","itemListElement":[{"@type":"ListItem","position":1,"name":"Startseite","item":"https:\/\/ueberlebenskunst.at\/survivalshop\/"},{"@type":"ListItem","position":2,"name":"Shop","item":"https:\/\/ueberlebenskunst.at\/survivalshop\/shop\/"},{"@type":"ListItem","position":3,"name":"Hogue Deka 3.25&#8243; G-Mascus Blue"}]},{"@type":"WebSite","@id":"https:\/\/ueberlebenskunst.at\/survivalshop\/#website","url":"https:\/\/ueberlebenskunst.at\/survivalshop\/","name":"Reini Rossmann - Survival Shop","description":"Survival Shop f\u00fcr Survival, Bushcraft und Prepper","potentialAction":[{"@type":"SearchAction","target":{"@type":"EntryPoint","urlTemplate":"https:\/\/ueberlebenskunst.at\/survivalshop\/?s={search_term_string}"},"query-input":{"@type":"PropertyValueSpecification","valueRequired":true,"valueName":"search_term_string"}}],"inLanguage":"de"}]}},"_links":{"self":[{"href":"https:\/\/ueberlebenskunst.at\/survivalshop\/wp-json\/wp\/v2\/product\/161115","targetHints":{"allow":["GET"]}}],"collection":[{"href":"https:\/\/ueberlebenskunst.at\/survivalshop\/wp-json\/wp\/v2\/product"}],"about":[{"href":"https:\/\/ueberlebenskunst.at\/survivalshop\/wp-json\/wp\/v2\/types\/product"}],"replies":[{"embeddable":true,"href":"https:\/\/ueberlebenskunst.at\/survivalshop\/wp-json\/wp\/v2\/comments?post=161115"}],"wp:featuredmedia":[{"embeddable":true,"href":"https:\/\/ueberlebenskunst.at\/survivalshop\/wp-json\/wp\/v2\/media\/161116"}],"wp:attachment":[{"href":"https:\/\/ueberlebenskunst.at\/survivalshop\/wp-json\/wp\/v2\/media?parent=161115"}],"wp:term":[{"taxonomy":"product_brand","embeddable":true,"href":"https:\/\/ueberlebenskunst.at\/survivalshop\/wp-json\/wp\/v2\/product_brand?post=161115"},{"taxonomy":"product_cat","embeddable":true,"href":"https:\/\/ueberlebenskunst.at\/survivalshop\/wp-json\/wp\/v2\/product_cat?post=161115"},{"taxonomy":"product_tag","embeddable":true,"href":"https:\/\/ueberlebenskunst.at\/survivalshop\/wp-json\/wp\/v2\/product_tag?post=161115"}],"curies":[{"name":"wp","href":"https:\/\/api.w.org\/{rel}","templated":true}]}}