{"id":16035,"date":"2020-06-23T23:01:57","date_gmt":"2020-06-23T21:01:57","guid":{"rendered":"https:\/\/ueberlebenskunst.at\/survivalshop\/survivalshop\/?post_type=product&#038;p=16035"},"modified":"2025-05-12T08:21:27","modified_gmt":"2025-05-12T06:21:27","slug":"hdr-50-nxg-ps-100-11-joule","status":"seo-produkt","type":"product","link":"https:\/\/ueberlebenskunst.at\/survivalshop\/shop\/hdr-50-nxg-ps-100-11-joule\/","title":{"rendered":"NXG PS-100 11 Joule \/ TR 50 7,5 Joule"},"content":{"rendered":"<h3>Produktinfo NXG PS-100 \u00d6sterreich Version 11 Joule<\/h3>\n<p>Die NXG PS-100 ist ein 11 Joule Paintball Revolver (Farbe: grau) in Kaliber .50 und baugleich mit der HDR 50. Und zwar in 11 Joule.<\/p>\n<h3><strong>Technische Daten:<\/strong><\/h3>\n<ul>\n<li>Farbe: Grau<\/li>\n<li>Kaliber: .50<\/li>\n<li>Trommelkapazit\u00e4t: 6 Schuss<\/li>\n<li>Geschossgeschwindigkeit: ca. 134 m\/s<\/li>\n<li>Energiestufe: &lt;11 Joule<\/li>\n<li>L\u00e4nge: ca. 225 mm<\/li>\n<li>Gewicht: ca. 675 g<\/li>\n<\/ul>\n<h3><strong>Passendes<\/strong><strong>, extra erh\u00e4ltliches <\/strong><strong>Zubeh\u00f6r:<\/strong><\/h3>\n<ul>\n<li><a href=\"https:\/\/ueberlebenskunst.at\/survivalshop\/shop\/universal-halterung-fuer-hdr50-ps100\/\" target=\"_blank\" rel=\"noopener\">Univeralhalterung PS100<\/a><\/li>\n<li><a href=\"https:\/\/ueberlebenskunst.at\/survivalshop\/shop\/trommelhalter-kal-50-fuer-nxg-paintball-revolver\/\" target=\"_blank\" rel=\"noopener\">Trommelhalter Kal. 50<\/a><\/li>\n<li><a href=\"https:\/\/ueberlebenskunst.at\/survivalshop\/shop\/co2-kapsel-12g\/\" target=\"_blank\" rel=\"noopener noreferrer\">CO2 Kapsel<\/a> in 12 Gramm<\/li>\n<li><a href=\"https:\/\/ueberlebenskunst.at\/survivalshop\/shop\/t4e-rb-50-kaliber-50-farbkugeln-gruen\/\" target=\"_blank\" rel=\"noopener\">T4E RB 50 Kaliber 50 Kreide CB50 500 St\u00fcck<\/a><\/li>\n<li><a href=\"https:\/\/ueberlebenskunst.at\/survivalshop\/shop\/t4e-rb-50-kaliber-50-farbkugeln-gruen\/\" target=\"_blank\" rel=\"noopener noreferrer\">Paintball Munition in Kaliber 50<\/a><\/li>\n<li><a href=\"https:\/\/ueberlebenskunst.at\/survivalshop\/shop\/leuchtpunkt-reflexvisier\/\" target=\"_blank\" rel=\"noopener noreferrer\">Leuchtpunktvisier<\/a><\/li>\n<li>passender <a href=\"https:\/\/ueberlebenskunst.at\/survivalshop\/shop\/hdr-50-holster\/\" target=\"_blank\" rel=\"noopener noreferrer\">HDR 50 Holster<\/a><\/li>\n<li><a href=\"https:\/\/ueberlebenskunst.at\/survivalshop\/shop\/x3ds-big-punch-button-fuer-hdr-ps-revolver\/\" target=\"_blank\" rel=\"noopener\">X3DS BIG PUNCH BUTTON f\u00fcr HDR \/ PS Revolver<\/a><\/li>\n<\/ul>\n<p><span style=\"color: #ff0000;\"><strong>WICHTIG!<\/strong> <\/span>Der Verkauf kann erst ab 18 Jahren erfolgen. Bitte lade deine Ausweiskopie beim Bestellabschluss hoch \u2013 so k\u00f6nnen wir deinen Auftrag rasch bearbeiten. Ohne Ausweiskopie erfolgt kein Versand!<\/p>\n<p>&nbsp;<\/p>\n<h3>Produktinfo TR 50 Deutschland-Version 7,5 Joule<\/h3>\n<p>Der TR 50 ist ein Revolver, dessen St\u00e4rken ganz klar im gro\u00dfen Kaliber .50, der enormen Energie und auch der auff\u00e4lligen Optik liegen. Gleich sechs Kugeln im Kaliber .50 l\u00e4dst du problemlos in das Trommelmagazin. Die Kraft daf\u00fcr liefert eine CO2-Kapsel. Sie hat ihren Platz im Griff, wird aber dank Quick-Piercing erst durch einen leichten Schlag auf die Griffunterseite angestochen. Damit ist dein Tactical Revolver 50 blitzschnell einsatzbereit und garantiert volle Kapseln, immer wenn du sie brauchst.<br \/>\nDie sichtbare und sp\u00fcrbare Druckanzeige zeigt die Einsatzbereitschaft immer klar an. Auch sein Erscheinungsbild beeindruckt: Der TR50 wirkt durch seine breite Revolver-Form und die Gr\u00f6\u00dfe imposant. Strukturierte Grifffl\u00e4chen sorgen f\u00fcr festen Halt, und die Abzugsz\u00fcngelsicherung verhindert, dass sich im Falle eines Sturzes ungewollt ein Schuss l\u00f6st.<\/p>\n<figure id=\"attachment_6206\" aria-describedby=\"caption-attachment-6206\" style=\"width: 300px\" class=\"wp-caption alignnone\"><a href=\"https:\/\/ueberlebenskunst.at\/survivalshop\/survivalshop\/wp-content\/uploads\/2018\/04\/Walther-HDR50-Abzugssicherung.jpg\" target=\"_blank\" rel=\"noopener noreferrer\"><img decoding=\"async\" class=\"wp-image-6206 size-medium\" src=\"https:\/\/ueberlebenskunst.at\/survivalshop\/survivalshop\/wp-content\/uploads\/2018\/04\/Walther-HDR50-Abzugssicherung-300x207.jpg\" alt=\"Walther HDR50\" width=\"300\" height=\"207\" srcset=\"https:\/\/ueberlebenskunst.at\/survivalshop\/wp-content\/uploads\/2018\/04\/Walther-HDR50-Abzugssicherung-300x207.jpg 300w, https:\/\/ueberlebenskunst.at\/survivalshop\/wp-content\/uploads\/2018\/04\/Walther-HDR50-Abzugssicherung-600x413.jpg 600w, https:\/\/ueberlebenskunst.at\/survivalshop\/wp-content\/uploads\/2018\/04\/Walther-HDR50-Abzugssicherung-745x513.jpg 745w, https:\/\/ueberlebenskunst.at\/survivalshop\/wp-content\/uploads\/2018\/04\/Walther-HDR50-Abzugssicherung.jpg 764w\" sizes=\"(max-width: 300px) 100vw, 300px\" \/><\/a><figcaption id=\"caption-attachment-6206\" class=\"wp-caption-text\">Abzugssicherung, um ungewolltes Ausl\u00f6sen zu verhindern<\/figcaption><\/figure>\n<h3><strong>Technische Daten:<\/strong><\/h3>\n<ul>\n<li>Farbe: schwarz<\/li>\n<li>Kaliber: .50<\/li>\n<li>Energiestufe (E0) &lt; 7,5 J<\/li>\n<li>Magazin- \/ Trommelkapazit\u00e4t: 6 Schuss<\/li>\n<li>Schusskapazit\u00e4t: 18 Schuss<\/li>\n<li>Antrieb: 1x 12 g CO2<\/li>\n<li>Abzug: Double Action Only<\/li>\n<li>Sicherung: Abzugz\u00fcngelsicherung<\/li>\n<li>L\u00e4nge: 250 mm<\/li>\n<li>Gewicht: 675 g<\/li>\n<\/ul>\n<figure id=\"attachment_6207\" aria-describedby=\"caption-attachment-6207\" style=\"width: 300px\" class=\"wp-caption alignnone\"><a href=\"https:\/\/ueberlebenskunst.at\/survivalshop\/survivalshop\/wp-content\/uploads\/2018\/04\/Walther-HDR50-Schnellventil.jpg\" target=\"_blank\" rel=\"noopener noreferrer\"><img decoding=\"async\" class=\"wp-image-6207 size-medium\" src=\"https:\/\/ueberlebenskunst.at\/survivalshop\/survivalshop\/wp-content\/uploads\/2018\/04\/Walther-HDR50-Schnellventil-300x239.jpg\" alt=\"Walther HDR50\" width=\"300\" height=\"239\" srcset=\"https:\/\/ueberlebenskunst.at\/survivalshop\/wp-content\/uploads\/2018\/04\/Walther-HDR50-Schnellventil-300x239.jpg 300w, https:\/\/ueberlebenskunst.at\/survivalshop\/wp-content\/uploads\/2018\/04\/Walther-HDR50-Schnellventil-600x478.jpg 600w, https:\/\/ueberlebenskunst.at\/survivalshop\/wp-content\/uploads\/2018\/04\/Walther-HDR50-Schnellventil.jpg 618w\" sizes=\"(max-width: 300px) 100vw, 300px\" \/><\/a><figcaption id=\"caption-attachment-6207\" class=\"wp-caption-text\">Blitzschnelle Einsatzbereitschaft durch Dr\u00fccken auf die Griffunterseite<\/figcaption><\/figure>\n<h3><strong>Passendes, extra erh\u00e4ltliches Zubeh\u00f6r:<\/strong><\/h3>\n<ul>\n<li><a href=\"https:\/\/ueberlebenskunst.at\/survivalshop\/shop\/universal-halterung-fuer-hdr50-ps100\/\" target=\"_blank\" rel=\"noopener\">Univeralhalterung PS100<\/a><\/li>\n<li><a href=\"https:\/\/ueberlebenskunst.at\/survivalshop\/shop\/trommelhalter-kal-50-fuer-nxg-paintball-revolver\/\" target=\"_blank\" rel=\"noopener\">Trommelhalter Kal. 50<\/a><\/li>\n<li><a href=\"https:\/\/ueberlebenskunst.at\/survivalshop\/shop\/co2-kapsel-12g\/\" target=\"_blank\" rel=\"noopener noreferrer\">CO2 Kapsel<\/a> in 12 Gramm<\/li>\n<li><a href=\"https:\/\/ueberlebenskunst.at\/survivalshop\/shop\/t4e-rb-50-kaliber-50-farbkugeln-gruen\/\" target=\"_blank\" rel=\"noopener\">T4E RB 50 Kaliber 50 Kreide CB50 500 St\u00fcck<\/a><\/li>\n<li><a href=\"https:\/\/ueberlebenskunst.at\/survivalshop\/shop\/t4e-rb-50-kaliber-50-farbkugeln-gruen\/\" target=\"_blank\" rel=\"noopener noreferrer\">Paintball Munition in Kaliber 50<\/a><\/li>\n<li><a href=\"https:\/\/ueberlebenskunst.at\/survivalshop\/shop\/leuchtpunkt-reflexvisier\/\" target=\"_blank\" rel=\"noopener noreferrer\">Leuchtpunktvisier<\/a><\/li>\n<li>passender <a href=\"https:\/\/ueberlebenskunst.at\/survivalshop\/shop\/hdr-50-holster\/\" target=\"_blank\" rel=\"noopener noreferrer\">HDR 50 Holster<\/a><\/li>\n<li><a href=\"https:\/\/ueberlebenskunst.at\/survivalshop\/shop\/x3ds-big-punch-button-fuer-hdr-ps-revolver\/\" target=\"_blank\" rel=\"noopener\">X3DS BIG PUNCH BUTTON f\u00fcr HDR \/ PS Revolver<\/a><\/li>\n<\/ul>\n<p><span style=\"color: #ff0000;\"><strong>WICHTIG!<\/strong> <\/span>Der Verkauf kann erst ab 18 Jahren erfolgen. Bitte lade deine Ausweiskopie beim Bestellabschluss hoch \u2013 so k\u00f6nnen wir deinen Auftrag rasch bearbeiten. Ohne Ausweiskopie erfolgt kein Versand!<\/p>\n","protected":false},"excerpt":{"rendered":"<p>Produktinfo NXG PS-100 \u00d6sterreich Version 11 Joule Die NXG PS-100 ist ein 11 Joule Paintball Revolver (Farbe: grau) in Kaliber .50 und baugleich mit der HDR 50. Und zwar in 11 Joule. Technische Daten: Farbe: Grau Kaliber: .50 Trommelkapazit\u00e4t: 6 Schuss Geschossgeschwindigkeit: ca. 134 m\/s Energiestufe: &lt;11 Joule L\u00e4nge: ca. 225 mm Gewicht: ca. 675 [&hellip;]<\/p>\n","protected":false},"featured_media":7695,"comment_status":"open","ping_status":"closed","template":"","meta":{"_acf_changed":false},"product_brand":[],"product_cat":[426],"product_tag":[436,1300,584],"class_list":{"0":"post-16035","1":"product","2":"type-product","3":"status-seo-produkt","4":"has-post-thumbnail","6":"product_cat-unkategorisiert","7":"product_tag-hdr-50","8":"product_tag-kreide","9":"product_tag-paintball","10":"pa_platform-grau-oesterreich-version-11j","11":"pa_platform-schwarz-deutschland-version-75j","13":"first","14":"outofstock","15":"taxable","16":"shipping-taxable","17":"product-type-variable"},"acf":[],"yoast_head":"<!-- This site is optimized with the Yoast SEO plugin v27.1.1 - https:\/\/yoast.com\/product\/yoast-seo-wordpress\/ -->\n<title>PS 100 - Paintball Revolver baugleich mit HDR 50 in 11 Joule<\/title>\n<meta name=\"description\" content=\"Der Paintball Revolver PS100 ist baugleich mit dem beliebten HDR 50 11 Joule. Die ideale \u00d6sterreich Version! Inkl. Review Video...\" \/>\n<meta name=\"robots\" content=\"index, follow, max-snippet:-1, max-image-preview:large, max-video-preview:-1\" \/>\n<link rel=\"canonical\" href=\"https:\/\/ueberlebenskunst.at\/survivalshop\/shop\/hdr-50-nxg-ps-100-11-joule\/\" \/>\n<meta property=\"og:locale\" content=\"de_DE\" \/>\n<meta property=\"og:type\" content=\"article\" \/>\n<meta property=\"og:title\" content=\"PS 100 - Paintball Revolver baugleich mit HDR 50 in 11 Joule\" \/>\n<meta property=\"og:description\" content=\"Der Paintball Revolver PS100 ist baugleich mit dem beliebten HDR 50 11 Joule. Die ideale \u00d6sterreich Version! Inkl. Review Video...\" \/>\n<meta property=\"og:url\" content=\"https:\/\/ueberlebenskunst.at\/survivalshop\/shop\/hdr-50-nxg-ps-100-11-joule\/\" \/>\n<meta property=\"og:site_name\" content=\"Reini Rossmann - Survival Shop\" \/>\n<meta property=\"article:publisher\" content=\"https:\/\/www.facebook.com\/survival24.org\/\" \/>\n<meta property=\"article:modified_time\" content=\"2025-05-12T06:21:27+00:00\" \/>\n<meta property=\"og:image\" content=\"https:\/\/ueberlebenskunst.at\/survivalshop\/wp-content\/uploads\/2018\/04\/HDR-50-1.jpg\" \/>\n\t<meta property=\"og:image:width\" content=\"1528\" \/>\n\t<meta property=\"og:image:height\" content=\"1128\" \/>\n\t<meta property=\"og:image:type\" content=\"image\/jpeg\" \/>\n<meta name=\"twitter:card\" content=\"summary_large_image\" \/>\n<meta name=\"twitter:label1\" content=\"Gesch\u00e4tzte Lesezeit\" \/>\n\t<meta name=\"twitter:data1\" content=\"3\u00a0Minuten\" \/>\n<script type=\"application\/ld+json\" class=\"yoast-schema-graph\">{\"@context\":\"https:\/\/schema.org\",\"@graph\":[{\"@type\":\"WebPage\",\"@id\":\"https:\/\/ueberlebenskunst.at\/survivalshop\/shop\/hdr-50-nxg-ps-100-11-joule\/\",\"url\":\"https:\/\/ueberlebenskunst.at\/survivalshop\/shop\/hdr-50-nxg-ps-100-11-joule\/\",\"name\":\"PS 100 - Paintball Revolver baugleich mit HDR 50 in 11 Joule\",\"isPartOf\":{\"@id\":\"https:\/\/ueberlebenskunst.at\/survivalshop\/#website\"},\"primaryImageOfPage\":{\"@id\":\"https:\/\/ueberlebenskunst.at\/survivalshop\/shop\/hdr-50-nxg-ps-100-11-joule\/#primaryimage\"},\"image\":{\"@id\":\"https:\/\/ueberlebenskunst.at\/survivalshop\/shop\/hdr-50-nxg-ps-100-11-joule\/#primaryimage\"},\"thumbnailUrl\":\"https:\/\/ueberlebenskunst.at\/survivalshop\/wp-content\/uploads\/2018\/04\/HDR-50-1.jpg\",\"datePublished\":\"2020-06-23T21:01:57+00:00\",\"dateModified\":\"2025-05-12T06:21:27+00:00\",\"description\":\"Der Paintball Revolver PS100 ist baugleich mit dem beliebten HDR 50 11 Joule. Die ideale \u00d6sterreich Version! Inkl. Review Video...\",\"breadcrumb\":{\"@id\":\"https:\/\/ueberlebenskunst.at\/survivalshop\/shop\/hdr-50-nxg-ps-100-11-joule\/#breadcrumb\"},\"inLanguage\":\"de\",\"potentialAction\":[{\"@type\":\"ReadAction\",\"target\":[\"https:\/\/ueberlebenskunst.at\/survivalshop\/shop\/hdr-50-nxg-ps-100-11-joule\/\"]}]},{\"@type\":\"ImageObject\",\"inLanguage\":\"de\",\"@id\":\"https:\/\/ueberlebenskunst.at\/survivalshop\/shop\/hdr-50-nxg-ps-100-11-joule\/#primaryimage\",\"url\":\"https:\/\/ueberlebenskunst.at\/survivalshop\/wp-content\/uploads\/2018\/04\/HDR-50-1.jpg\",\"contentUrl\":\"https:\/\/ueberlebenskunst.at\/survivalshop\/wp-content\/uploads\/2018\/04\/HDR-50-1.jpg\",\"width\":1528,\"height\":1128},{\"@type\":\"BreadcrumbList\",\"@id\":\"https:\/\/ueberlebenskunst.at\/survivalshop\/shop\/hdr-50-nxg-ps-100-11-joule\/#breadcrumb\",\"itemListElement\":[{\"@type\":\"ListItem\",\"position\":1,\"name\":\"Startseite\",\"item\":\"https:\/\/ueberlebenskunst.at\/survivalshop\/\"},{\"@type\":\"ListItem\",\"position\":2,\"name\":\"Shop\",\"item\":\"https:\/\/ueberlebenskunst.at\/survivalshop\/shop\/\"},{\"@type\":\"ListItem\",\"position\":3,\"name\":\"NXG PS-100 11 Joule \/ TR 50 7,5 Joule\"}]},{\"@type\":\"WebSite\",\"@id\":\"https:\/\/ueberlebenskunst.at\/survivalshop\/#website\",\"url\":\"https:\/\/ueberlebenskunst.at\/survivalshop\/\",\"name\":\"Reini Rossmann - Survival Shop\",\"description\":\"Survival Shop f\u00fcr Survival, Bushcraft und Prepper\",\"potentialAction\":[{\"@type\":\"SearchAction\",\"target\":{\"@type\":\"EntryPoint\",\"urlTemplate\":\"https:\/\/ueberlebenskunst.at\/survivalshop\/?s={search_term_string}\"},\"query-input\":{\"@type\":\"PropertyValueSpecification\",\"valueRequired\":true,\"valueName\":\"search_term_string\"}}],\"inLanguage\":\"de\"}]}<\/script>\n<!-- \/ Yoast SEO plugin. -->","yoast_head_json":{"title":"PS 100 - Paintball Revolver baugleich mit HDR 50 in 11 Joule","description":"Der Paintball Revolver PS100 ist baugleich mit dem beliebten HDR 50 11 Joule. Die ideale \u00d6sterreich Version! Inkl. Review Video...","robots":{"index":"index","follow":"follow","max-snippet":"max-snippet:-1","max-image-preview":"max-image-preview:large","max-video-preview":"max-video-preview:-1"},"canonical":"https:\/\/ueberlebenskunst.at\/survivalshop\/shop\/hdr-50-nxg-ps-100-11-joule\/","og_locale":"de_DE","og_type":"article","og_title":"PS 100 - Paintball Revolver baugleich mit HDR 50 in 11 Joule","og_description":"Der Paintball Revolver PS100 ist baugleich mit dem beliebten HDR 50 11 Joule. Die ideale \u00d6sterreich Version! Inkl. Review Video...","og_url":"https:\/\/ueberlebenskunst.at\/survivalshop\/shop\/hdr-50-nxg-ps-100-11-joule\/","og_site_name":"Reini Rossmann - Survival Shop","article_publisher":"https:\/\/www.facebook.com\/survival24.org\/","article_modified_time":"2025-05-12T06:21:27+00:00","og_image":[{"width":1528,"height":1128,"url":"https:\/\/ueberlebenskunst.at\/survivalshop\/wp-content\/uploads\/2018\/04\/HDR-50-1.jpg","type":"image\/jpeg"}],"twitter_card":"summary_large_image","twitter_misc":{"Gesch\u00e4tzte Lesezeit":"3\u00a0Minuten"},"schema":{"@context":"https:\/\/schema.org","@graph":[{"@type":"WebPage","@id":"https:\/\/ueberlebenskunst.at\/survivalshop\/shop\/hdr-50-nxg-ps-100-11-joule\/","url":"https:\/\/ueberlebenskunst.at\/survivalshop\/shop\/hdr-50-nxg-ps-100-11-joule\/","name":"PS 100 - Paintball Revolver baugleich mit HDR 50 in 11 Joule","isPartOf":{"@id":"https:\/\/ueberlebenskunst.at\/survivalshop\/#website"},"primaryImageOfPage":{"@id":"https:\/\/ueberlebenskunst.at\/survivalshop\/shop\/hdr-50-nxg-ps-100-11-joule\/#primaryimage"},"image":{"@id":"https:\/\/ueberlebenskunst.at\/survivalshop\/shop\/hdr-50-nxg-ps-100-11-joule\/#primaryimage"},"thumbnailUrl":"https:\/\/ueberlebenskunst.at\/survivalshop\/wp-content\/uploads\/2018\/04\/HDR-50-1.jpg","datePublished":"2020-06-23T21:01:57+00:00","dateModified":"2025-05-12T06:21:27+00:00","description":"Der Paintball Revolver PS100 ist baugleich mit dem beliebten HDR 50 11 Joule. Die ideale \u00d6sterreich Version! Inkl. Review Video...","breadcrumb":{"@id":"https:\/\/ueberlebenskunst.at\/survivalshop\/shop\/hdr-50-nxg-ps-100-11-joule\/#breadcrumb"},"inLanguage":"de","potentialAction":[{"@type":"ReadAction","target":["https:\/\/ueberlebenskunst.at\/survivalshop\/shop\/hdr-50-nxg-ps-100-11-joule\/"]}]},{"@type":"ImageObject","inLanguage":"de","@id":"https:\/\/ueberlebenskunst.at\/survivalshop\/shop\/hdr-50-nxg-ps-100-11-joule\/#primaryimage","url":"https:\/\/ueberlebenskunst.at\/survivalshop\/wp-content\/uploads\/2018\/04\/HDR-50-1.jpg","contentUrl":"https:\/\/ueberlebenskunst.at\/survivalshop\/wp-content\/uploads\/2018\/04\/HDR-50-1.jpg","width":1528,"height":1128},{"@type":"BreadcrumbList","@id":"https:\/\/ueberlebenskunst.at\/survivalshop\/shop\/hdr-50-nxg-ps-100-11-joule\/#breadcrumb","itemListElement":[{"@type":"ListItem","position":1,"name":"Startseite","item":"https:\/\/ueberlebenskunst.at\/survivalshop\/"},{"@type":"ListItem","position":2,"name":"Shop","item":"https:\/\/ueberlebenskunst.at\/survivalshop\/shop\/"},{"@type":"ListItem","position":3,"name":"NXG PS-100 11 Joule \/ TR 50 7,5 Joule"}]},{"@type":"WebSite","@id":"https:\/\/ueberlebenskunst.at\/survivalshop\/#website","url":"https:\/\/ueberlebenskunst.at\/survivalshop\/","name":"Reini Rossmann - Survival Shop","description":"Survival Shop f\u00fcr Survival, Bushcraft und Prepper","potentialAction":[{"@type":"SearchAction","target":{"@type":"EntryPoint","urlTemplate":"https:\/\/ueberlebenskunst.at\/survivalshop\/?s={search_term_string}"},"query-input":{"@type":"PropertyValueSpecification","valueRequired":true,"valueName":"search_term_string"}}],"inLanguage":"de"}]}},"_links":{"self":[{"href":"https:\/\/ueberlebenskunst.at\/survivalshop\/wp-json\/wp\/v2\/product\/16035","targetHints":{"allow":["GET"]}}],"collection":[{"href":"https:\/\/ueberlebenskunst.at\/survivalshop\/wp-json\/wp\/v2\/product"}],"about":[{"href":"https:\/\/ueberlebenskunst.at\/survivalshop\/wp-json\/wp\/v2\/types\/product"}],"replies":[{"embeddable":true,"href":"https:\/\/ueberlebenskunst.at\/survivalshop\/wp-json\/wp\/v2\/comments?post=16035"}],"wp:featuredmedia":[{"embeddable":true,"href":"https:\/\/ueberlebenskunst.at\/survivalshop\/wp-json\/wp\/v2\/media\/7695"}],"wp:attachment":[{"href":"https:\/\/ueberlebenskunst.at\/survivalshop\/wp-json\/wp\/v2\/media?parent=16035"}],"wp:term":[{"taxonomy":"product_brand","embeddable":true,"href":"https:\/\/ueberlebenskunst.at\/survivalshop\/wp-json\/wp\/v2\/product_brand?post=16035"},{"taxonomy":"product_cat","embeddable":true,"href":"https:\/\/ueberlebenskunst.at\/survivalshop\/wp-json\/wp\/v2\/product_cat?post=16035"},{"taxonomy":"product_tag","embeddable":true,"href":"https:\/\/ueberlebenskunst.at\/survivalshop\/wp-json\/wp\/v2\/product_tag?post=16035"}],"curies":[{"name":"wp","href":"https:\/\/api.w.org\/{rel}","templated":true}]}}