{"id":159914,"date":"2024-02-26T14:50:17","date_gmt":"2024-02-26T13:50:17","guid":{"rendered":"https:\/\/ueberlebenskunst.at\/survivalshop\/?post_type=product&#038;p=159914"},"modified":"2026-04-17T19:30:47","modified_gmt":"2026-04-17T17:30:47","slug":"ek-armbrust-pfeilfangmatte","status":"publish","type":"product","link":"https:\/\/ueberlebenskunst.at\/survivalshop\/shop\/ek-armbrust-pfeilfangmatte\/","title":{"rendered":"EK Armbrust Pfeilfangmatte, Zielscheibe"},"content":{"rendered":"<p>Diese Pfeilfangmatte ist f\u00fcr Armbrust-Bolzen entwickelt und gemacht. Die Abmessungen liegen bei ca. 60 x 60 x 10 cm und daher ideal mit Magazin- und Pistolenarmbr\u00fcste kompatibel. Dieses Armbrustziel ist aus Schaumstoff gefertigt, mit <a href=\"https:\/\/ueberlebenskunst.at\/survivalshop\/shop\/steambow-stinger2\/\" target=\"_blank\" rel=\"noopener\">Steambow Stinger<\/a> und <a href=\"https:\/\/ueberlebenskunst.at\/survivalshop\/shop\/ek-archery-vlad-pistolenarmbrust\/\" target=\"_blank\" rel=\"noopener\">EK Archery Vlad<\/a> getestet und auch freigegeben. Da es sich um ein Sportziel handelt, empfehlen wir die Verwendung von<a href=\"https:\/\/ueberlebenskunst.at\/survivalshop\/shop\/ar-series-carbon-matchpfeile-10-stk-set\/\" target=\"_blank\" rel=\"noopener\"> Sport<\/a>-, <a href=\"https:\/\/ueberlebenskunst.at\/survivalshop\/shop\/aluminiumpfeile-6-fuer-pistolenarmbrust\/\" target=\"_blank\" rel=\"noopener\">\u00dcbungs-<\/a> und <a href=\"https:\/\/ueberlebenskunst.at\/survivalshop\/shop\/ar-series-carbon-bodkinpfeile-6-stk-set\/\" target=\"_blank\" rel=\"noopener\">Bodkinbolze<\/a>n. Nat\u00fcrlich k\u00f6nnen zu Trainingszwecken auch Einsatzbolzen verwendet werden, jedoch wird das Material dadurch rascher abgenutzt und muss fr\u00fcher ausgetauscht werden.<\/p>\n<p>Eine ideale Pfeilfangmatte um das dynamische Armbrustschie\u00dfen in den eigenen vier W\u00e4nden oder im eigenen Garten trainieren zu k\u00f6nnen.<\/p>\n<h3>Produktdetails:<\/h3>\n<ul>\n<li>Abmessungen: 60 x 60 x 10 cm<\/li>\n<li>Gewicht: ca. 5 kg<\/li>\n<\/ul>\n","protected":false},"excerpt":{"rendered":"<p>Diese Pfeilfangmatte ist f\u00fcr Armbrust-Bolzen entwickelt und gemacht. Die Abmessungen liegen bei ca. 60 x 60 x 10 cm und daher ideal mit Magazin- und Pistolenarmbr\u00fcste kompatibel. Dieses Armbrustziel ist aus Schaumstoff gefertigt, mit Steambow Stinger und EK Archery Vlad getestet und auch freigegeben. Da es sich um ein Sportziel handelt, empfehlen wir die Verwendung [&hellip;]<\/p>\n","protected":false},"featured_media":159915,"comment_status":"open","ping_status":"closed","template":"","meta":{"_acf_changed":false},"product_brand":[],"product_cat":[1928],"product_tag":[947],"class_list":{"0":"post-159914","1":"product","2":"type-product","3":"status-publish","4":"has-post-thumbnail","6":"product_cat-ziele-zubehoer-pfeil-kugel","7":"product_tag-ziel","9":"first","10":"outofstock","11":"taxable","12":"shipping-taxable","13":"purchasable","14":"product-type-simple"},"acf":[],"yoast_head":"<!-- This site is optimized with the Yoast SEO plugin v27.1.1 - https:\/\/yoast.com\/product\/yoast-seo-wordpress\/ -->\n<title>EK Armbrust Pfeilfangmatte, Zielscheibe - Reini Rossmann - Survival Shop<\/title>\n<meta name=\"robots\" content=\"index, follow, max-snippet:-1, max-image-preview:large, max-video-preview:-1\" \/>\n<link rel=\"canonical\" href=\"https:\/\/ueberlebenskunst.at\/survivalshop\/shop\/ek-armbrust-pfeilfangmatte\/\" \/>\n<meta property=\"og:locale\" content=\"de_DE\" \/>\n<meta property=\"og:type\" content=\"article\" \/>\n<meta property=\"og:title\" content=\"EK Armbrust Pfeilfangmatte, Zielscheibe - Reini Rossmann - Survival Shop\" \/>\n<meta property=\"og:description\" content=\"Diese Pfeilfangmatte ist f\u00fcr Armbrust-Bolzen entwickelt und gemacht. Die Abmessungen liegen bei ca. 60 x 60 x 10 cm und daher ideal mit Magazin- und Pistolenarmbr\u00fcste kompatibel. Dieses Armbrustziel ist aus Schaumstoff gefertigt, mit Steambow Stinger und EK Archery Vlad getestet und auch freigegeben. Da es sich um ein Sportziel handelt, empfehlen wir die Verwendung [&hellip;]\" \/>\n<meta property=\"og:url\" content=\"https:\/\/ueberlebenskunst.at\/survivalshop\/shop\/ek-armbrust-pfeilfangmatte\/\" \/>\n<meta property=\"og:site_name\" content=\"Reini Rossmann - Survival Shop\" \/>\n<meta property=\"article:publisher\" content=\"https:\/\/www.facebook.com\/survival24.org\/\" \/>\n<meta property=\"article:modified_time\" content=\"2026-04-17T17:30:47+00:00\" \/>\n<meta property=\"og:image\" content=\"https:\/\/ueberlebenskunst.at\/survivalshop\/wp-content\/uploads\/2024\/02\/VB10017E4.jpg\" \/>\n\t<meta property=\"og:image:width\" content=\"400\" \/>\n\t<meta property=\"og:image:height\" content=\"401\" \/>\n\t<meta property=\"og:image:type\" content=\"image\/jpeg\" \/>\n<meta name=\"twitter:card\" content=\"summary_large_image\" \/>\n<meta name=\"twitter:label1\" content=\"Gesch\u00e4tzte Lesezeit\" \/>\n\t<meta name=\"twitter:data1\" content=\"1\u00a0Minute\" \/>\n<script type=\"application\/ld+json\" class=\"yoast-schema-graph\">{\"@context\":\"https:\/\/schema.org\",\"@graph\":[{\"@type\":\"WebPage\",\"@id\":\"https:\/\/ueberlebenskunst.at\/survivalshop\/shop\/ek-armbrust-pfeilfangmatte\/\",\"url\":\"https:\/\/ueberlebenskunst.at\/survivalshop\/shop\/ek-armbrust-pfeilfangmatte\/\",\"name\":\"EK Armbrust Pfeilfangmatte, Zielscheibe - Reini Rossmann - Survival Shop\",\"isPartOf\":{\"@id\":\"https:\/\/ueberlebenskunst.at\/survivalshop\/#website\"},\"primaryImageOfPage\":{\"@id\":\"https:\/\/ueberlebenskunst.at\/survivalshop\/shop\/ek-armbrust-pfeilfangmatte\/#primaryimage\"},\"image\":{\"@id\":\"https:\/\/ueberlebenskunst.at\/survivalshop\/shop\/ek-armbrust-pfeilfangmatte\/#primaryimage\"},\"thumbnailUrl\":\"https:\/\/ueberlebenskunst.at\/survivalshop\/wp-content\/uploads\/2024\/02\/VB10017E4.jpg\",\"datePublished\":\"2024-02-26T13:50:17+00:00\",\"dateModified\":\"2026-04-17T17:30:47+00:00\",\"breadcrumb\":{\"@id\":\"https:\/\/ueberlebenskunst.at\/survivalshop\/shop\/ek-armbrust-pfeilfangmatte\/#breadcrumb\"},\"inLanguage\":\"de\",\"potentialAction\":[{\"@type\":\"ReadAction\",\"target\":[\"https:\/\/ueberlebenskunst.at\/survivalshop\/shop\/ek-armbrust-pfeilfangmatte\/\"]}]},{\"@type\":\"ImageObject\",\"inLanguage\":\"de\",\"@id\":\"https:\/\/ueberlebenskunst.at\/survivalshop\/shop\/ek-armbrust-pfeilfangmatte\/#primaryimage\",\"url\":\"https:\/\/ueberlebenskunst.at\/survivalshop\/wp-content\/uploads\/2024\/02\/VB10017E4.jpg\",\"contentUrl\":\"https:\/\/ueberlebenskunst.at\/survivalshop\/wp-content\/uploads\/2024\/02\/VB10017E4.jpg\",\"width\":400,\"height\":401},{\"@type\":\"BreadcrumbList\",\"@id\":\"https:\/\/ueberlebenskunst.at\/survivalshop\/shop\/ek-armbrust-pfeilfangmatte\/#breadcrumb\",\"itemListElement\":[{\"@type\":\"ListItem\",\"position\":1,\"name\":\"Startseite\",\"item\":\"https:\/\/ueberlebenskunst.at\/survivalshop\/\"},{\"@type\":\"ListItem\",\"position\":2,\"name\":\"Shop\",\"item\":\"https:\/\/ueberlebenskunst.at\/survivalshop\/shop\/\"},{\"@type\":\"ListItem\",\"position\":3,\"name\":\"EK Armbrust Pfeilfangmatte, Zielscheibe\"}]},{\"@type\":\"WebSite\",\"@id\":\"https:\/\/ueberlebenskunst.at\/survivalshop\/#website\",\"url\":\"https:\/\/ueberlebenskunst.at\/survivalshop\/\",\"name\":\"Reini Rossmann - Survival Shop\",\"description\":\"Survival Shop f\u00fcr Survival, Bushcraft und Prepper\",\"potentialAction\":[{\"@type\":\"SearchAction\",\"target\":{\"@type\":\"EntryPoint\",\"urlTemplate\":\"https:\/\/ueberlebenskunst.at\/survivalshop\/?s={search_term_string}\"},\"query-input\":{\"@type\":\"PropertyValueSpecification\",\"valueRequired\":true,\"valueName\":\"search_term_string\"}}],\"inLanguage\":\"de\"}]}<\/script>\n<!-- \/ Yoast SEO plugin. -->","yoast_head_json":{"title":"EK Armbrust Pfeilfangmatte, Zielscheibe - Reini Rossmann - Survival Shop","robots":{"index":"index","follow":"follow","max-snippet":"max-snippet:-1","max-image-preview":"max-image-preview:large","max-video-preview":"max-video-preview:-1"},"canonical":"https:\/\/ueberlebenskunst.at\/survivalshop\/shop\/ek-armbrust-pfeilfangmatte\/","og_locale":"de_DE","og_type":"article","og_title":"EK Armbrust Pfeilfangmatte, Zielscheibe - Reini Rossmann - Survival Shop","og_description":"Diese Pfeilfangmatte ist f\u00fcr Armbrust-Bolzen entwickelt und gemacht. Die Abmessungen liegen bei ca. 60 x 60 x 10 cm und daher ideal mit Magazin- und Pistolenarmbr\u00fcste kompatibel. Dieses Armbrustziel ist aus Schaumstoff gefertigt, mit Steambow Stinger und EK Archery Vlad getestet und auch freigegeben. Da es sich um ein Sportziel handelt, empfehlen wir die Verwendung [&hellip;]","og_url":"https:\/\/ueberlebenskunst.at\/survivalshop\/shop\/ek-armbrust-pfeilfangmatte\/","og_site_name":"Reini Rossmann - Survival Shop","article_publisher":"https:\/\/www.facebook.com\/survival24.org\/","article_modified_time":"2026-04-17T17:30:47+00:00","og_image":[{"width":400,"height":401,"url":"https:\/\/ueberlebenskunst.at\/survivalshop\/wp-content\/uploads\/2024\/02\/VB10017E4.jpg","type":"image\/jpeg"}],"twitter_card":"summary_large_image","twitter_misc":{"Gesch\u00e4tzte Lesezeit":"1\u00a0Minute"},"schema":{"@context":"https:\/\/schema.org","@graph":[{"@type":"WebPage","@id":"https:\/\/ueberlebenskunst.at\/survivalshop\/shop\/ek-armbrust-pfeilfangmatte\/","url":"https:\/\/ueberlebenskunst.at\/survivalshop\/shop\/ek-armbrust-pfeilfangmatte\/","name":"EK Armbrust Pfeilfangmatte, Zielscheibe - Reini Rossmann - Survival Shop","isPartOf":{"@id":"https:\/\/ueberlebenskunst.at\/survivalshop\/#website"},"primaryImageOfPage":{"@id":"https:\/\/ueberlebenskunst.at\/survivalshop\/shop\/ek-armbrust-pfeilfangmatte\/#primaryimage"},"image":{"@id":"https:\/\/ueberlebenskunst.at\/survivalshop\/shop\/ek-armbrust-pfeilfangmatte\/#primaryimage"},"thumbnailUrl":"https:\/\/ueberlebenskunst.at\/survivalshop\/wp-content\/uploads\/2024\/02\/VB10017E4.jpg","datePublished":"2024-02-26T13:50:17+00:00","dateModified":"2026-04-17T17:30:47+00:00","breadcrumb":{"@id":"https:\/\/ueberlebenskunst.at\/survivalshop\/shop\/ek-armbrust-pfeilfangmatte\/#breadcrumb"},"inLanguage":"de","potentialAction":[{"@type":"ReadAction","target":["https:\/\/ueberlebenskunst.at\/survivalshop\/shop\/ek-armbrust-pfeilfangmatte\/"]}]},{"@type":"ImageObject","inLanguage":"de","@id":"https:\/\/ueberlebenskunst.at\/survivalshop\/shop\/ek-armbrust-pfeilfangmatte\/#primaryimage","url":"https:\/\/ueberlebenskunst.at\/survivalshop\/wp-content\/uploads\/2024\/02\/VB10017E4.jpg","contentUrl":"https:\/\/ueberlebenskunst.at\/survivalshop\/wp-content\/uploads\/2024\/02\/VB10017E4.jpg","width":400,"height":401},{"@type":"BreadcrumbList","@id":"https:\/\/ueberlebenskunst.at\/survivalshop\/shop\/ek-armbrust-pfeilfangmatte\/#breadcrumb","itemListElement":[{"@type":"ListItem","position":1,"name":"Startseite","item":"https:\/\/ueberlebenskunst.at\/survivalshop\/"},{"@type":"ListItem","position":2,"name":"Shop","item":"https:\/\/ueberlebenskunst.at\/survivalshop\/shop\/"},{"@type":"ListItem","position":3,"name":"EK Armbrust Pfeilfangmatte, Zielscheibe"}]},{"@type":"WebSite","@id":"https:\/\/ueberlebenskunst.at\/survivalshop\/#website","url":"https:\/\/ueberlebenskunst.at\/survivalshop\/","name":"Reini Rossmann - Survival Shop","description":"Survival Shop f\u00fcr Survival, Bushcraft und Prepper","potentialAction":[{"@type":"SearchAction","target":{"@type":"EntryPoint","urlTemplate":"https:\/\/ueberlebenskunst.at\/survivalshop\/?s={search_term_string}"},"query-input":{"@type":"PropertyValueSpecification","valueRequired":true,"valueName":"search_term_string"}}],"inLanguage":"de"}]}},"_links":{"self":[{"href":"https:\/\/ueberlebenskunst.at\/survivalshop\/wp-json\/wp\/v2\/product\/159914","targetHints":{"allow":["GET"]}}],"collection":[{"href":"https:\/\/ueberlebenskunst.at\/survivalshop\/wp-json\/wp\/v2\/product"}],"about":[{"href":"https:\/\/ueberlebenskunst.at\/survivalshop\/wp-json\/wp\/v2\/types\/product"}],"replies":[{"embeddable":true,"href":"https:\/\/ueberlebenskunst.at\/survivalshop\/wp-json\/wp\/v2\/comments?post=159914"}],"wp:featuredmedia":[{"embeddable":true,"href":"https:\/\/ueberlebenskunst.at\/survivalshop\/wp-json\/wp\/v2\/media\/159915"}],"wp:attachment":[{"href":"https:\/\/ueberlebenskunst.at\/survivalshop\/wp-json\/wp\/v2\/media?parent=159914"}],"wp:term":[{"taxonomy":"product_brand","embeddable":true,"href":"https:\/\/ueberlebenskunst.at\/survivalshop\/wp-json\/wp\/v2\/product_brand?post=159914"},{"taxonomy":"product_cat","embeddable":true,"href":"https:\/\/ueberlebenskunst.at\/survivalshop\/wp-json\/wp\/v2\/product_cat?post=159914"},{"taxonomy":"product_tag","embeddable":true,"href":"https:\/\/ueberlebenskunst.at\/survivalshop\/wp-json\/wp\/v2\/product_tag?post=159914"}],"curies":[{"name":"wp","href":"https:\/\/api.w.org\/{rel}","templated":true}]}}