{"id":159860,"date":"2024-02-26T10:27:05","date_gmt":"2024-02-26T09:27:05","guid":{"rendered":"https:\/\/ueberlebenskunst.at\/survivalshop\/?post_type=product&#038;p=159860"},"modified":"2025-12-22T06:26:02","modified_gmt":"2025-12-22T05:26:02","slug":"reini-unikat-messer-boeker-plus-urban-texas-tooth-pick-g-10","status":"seo-produkt","type":"product","link":"https:\/\/ueberlebenskunst.at\/survivalshop\/shop\/reini-unikat-messer-boeker-plus-urban-texas-tooth-pick-g-10\/","title":{"rendered":"Reini Unikat Messer: B\u00f6ker Plus Urban Texas Tooth Pick G-10 aus Reinis Video"},"content":{"rendered":"<p><span style=\"color: #000000;\"><strong>Das hier angebotene Messer ist ein Unikat und wurde von Reini Rossmann in dem Youtube Video \u00fcber dieses Messer benutzt. Das bedeutet es ist keine Neuware, aber du kaufst genau das Messer aus diesem Video. Im Lieferumfang ist eine individuelle Autogrammkarte f\u00fcr genau dieses Messer enthalten. Es handelt sich hierbei um einen voll funktionsf\u00e4higen, aber von Reini benutzten Artikel. Wenn du dich f\u00fcr dieses Unikat interessierst, dann schlag zu. Wenn du ein neues, ungebrauchtes Messer suchst, dann bitte nicht bestellen.<\/strong><\/span><\/p>\n<p>Die Weiten der Pr\u00e4rie, die endlosen Horizonte und das Echo eines kr\u00e4ftigen \u201eYee-Haw\u201c \u2013 all das geh\u00f6rt zu dem romantischen Bild, das wir mit Texas verbinden. Auch wenn der US-Bundesstaat eine bewegte Geschichte hat, ist er heute f\u00fcr viele das Sinnbild des Wilden Westens. Im 19. Jahrhundert war in dieser rauen, aber faszinierenden Welt ein Messer besonders beliebt: das Texas Tooth Pick. Urspr\u00fcnglich eine Weiterentwicklung der von spanischen Siedlern eingef\u00fchrten Navaja, zeichnete es sich durch eine lange, schmale Klinge und eine schlanke Bauweise aus. Damit war es nicht nur ein Werkzeug f\u00fcr Landwirte, die Fr\u00fcchte und Gem\u00fcse pr\u00fcften, sondern auch ein treuer Begleiter f\u00fcr Fischer beim Filetieren oder f\u00fcr Pioniere, die sich auf spannende Duelle einlie\u00dfen.<\/p>\n<p>Mit dem Urban Texas Tooth Pick hat B\u00f6ker dieses legend\u00e4re Messer in die Gegenwart geholt und es so modernisiert, dass du es problemlos im Alltag nutzen kannst. Schon auf den ersten Blick erkennst du die Eleganz des Designs, das historische Wurzeln respektiert und gleichzeitig zeitgem\u00e4\u00dfe Akzente setzt. Der Flipper erlaubt dir, die kugelgelagerte Klinge aus hochwertigem VG-10-Stahl sanft und pr\u00e4zise zu \u00f6ffnen. Das feine Hairline-Finish unterstreicht die Exklusivit\u00e4t der Klinge und macht aus jeder Bewegung ein kleines Erlebnis.<\/p>\n<p>Anders als sein historisches Vorbild ist das Urban Texas Tooth Pick mit einem Liner Lock ausgestattet. Das bedeutet f\u00fcr dich: maximale Sicherheit bei jeder Schneidaufgabe. Egal, ob du Obst schneidest, feine Arbeiten erledigst oder das Messer einfach als stilvollen Begleiter im Alltag verwendest \u2013 du kannst dich auf eine stabile Arretierung verlassen.<\/p>\n<p>Auch der Griff zeigt, wie B\u00f6ker Tradition und Moderne geschickt vereint. Die strukturierten G10-Schalen liegen angenehm in der Hand, bieten dir einen sicheren Halt und erinnern gleichzeitig an die klassischen Messer mit Jigged-Bone-Beschalung. Damit bekommst du nicht nur ein \u00e4sthetisch ansprechendes Design, sondern auch eine praxisgerechte Handhabung, die in jeder Situation \u00fcberzeugt.<\/p>\n<p>Ein weiteres Detail, das dir gefallen wird, ist der aus einem St\u00fcck gefr\u00e4ste Tip-Up-Clip mit Stonewash-Finish. Er sorgt daf\u00fcr, dass du dein Messer bequem und unauff\u00e4llig bei dir tragen kannst, ohne auf eine subtile Wild-West-Note verzichten zu m\u00fcssen.<\/p>\n<p>Mit einer Gesamtl\u00e4nge von 19,1 Zentimetern, einer Klingenl\u00e4nge von 8,4 Zentimetern und einem Gewicht von nur 43 Gramm liegt das Urban Texas Tooth Pick leicht in der Hand und ist dennoch robust genug, um dir ein verl\u00e4sslicher Partner zu sein.<\/p>\n<p>Dieses Messer verbindet Geschichte mit Moderne und bringt den Geist des Wilden Westens direkt in deine Hosentasche.<\/p>\n<h3>Produktdaten:<\/h3>\n<ul>\n<li>Gesamtl\u00e4nge: 19,1 cm<\/li>\n<li>Klingenl\u00e4nge: 8,4 cm<\/li>\n<li>Gewicht: 43 g<\/li>\n<li>Klingenst\u00e4rke: 2,5 mm<\/li>\n<li>Klingenmaterial: VG-10<\/li>\n<li>Griffmaterial: G10<\/li>\n<li>Linerlock<\/li>\n<\/ul>\n","protected":false},"excerpt":{"rendered":"<p>Unikat aus Reinis Video.<\/p>\n","protected":false},"featured_media":159890,"comment_status":"open","ping_status":"closed","template":"","meta":{"_acf_changed":false},"product_brand":[],"product_cat":[2389,2244],"product_tag":[2251,2247],"class_list":{"0":"post-159860","1":"product","2":"type-product","3":"status-seo-produkt","4":"has-post-thumbnail","6":"product_cat-flohmarkt","7":"product_cat-reini-rossmann-unikat-messer","8":"product_tag-reini-rossmann-unikat","9":"product_tag-reini-rossmann-unikat-messer","11":"first","12":"outofstock","13":"sale","14":"taxable","15":"shipping-taxable","16":"product-type-simple"},"acf":[],"yoast_head":"<!-- This site is optimized with the Yoast SEO plugin v27.1.1 - https:\/\/yoast.com\/product\/yoast-seo-wordpress\/ -->\n<title>Reini Unikat Messer: B\u00f6ker Plus Urban Texas Tooth Pick G-10 aus Reinis Video - Reini Rossmann - Survival Shop<\/title>\n<meta name=\"description\" content=\"Unikat aus Reinis Video.\" \/>\n<meta name=\"robots\" content=\"index, follow, max-snippet:-1, max-image-preview:large, max-video-preview:-1\" \/>\n<link rel=\"canonical\" href=\"https:\/\/ueberlebenskunst.at\/survivalshop\/shop\/reini-unikat-messer-boeker-plus-urban-texas-tooth-pick-g-10\/\" \/>\n<meta property=\"og:locale\" content=\"de_DE\" \/>\n<meta property=\"og:type\" content=\"article\" \/>\n<meta property=\"og:title\" content=\"Reini Unikat Messer: B\u00f6ker Plus Urban Texas Tooth Pick G-10 aus Reinis Video - Reini Rossmann - Survival Shop\" \/>\n<meta property=\"og:description\" content=\"Unikat aus Reinis Video.\" \/>\n<meta property=\"og:url\" content=\"https:\/\/ueberlebenskunst.at\/survivalshop\/shop\/reini-unikat-messer-boeker-plus-urban-texas-tooth-pick-g-10\/\" \/>\n<meta property=\"og:site_name\" content=\"Reini Rossmann - Survival Shop\" \/>\n<meta property=\"article:publisher\" content=\"https:\/\/www.facebook.com\/survival24.org\/\" \/>\n<meta property=\"article:modified_time\" content=\"2025-12-22T05:26:02+00:00\" \/>\n<meta property=\"og:image\" content=\"https:\/\/ueberlebenskunst.at\/survivalshop\/wp-content\/uploads\/2024\/02\/01BO388.jpg\" \/>\n\t<meta property=\"og:image:width\" content=\"400\" \/>\n\t<meta property=\"og:image:height\" content=\"399\" \/>\n\t<meta property=\"og:image:type\" content=\"image\/jpeg\" \/>\n<meta name=\"twitter:card\" content=\"summary_large_image\" \/>\n<meta name=\"twitter:label1\" content=\"Gesch\u00e4tzte Lesezeit\" \/>\n\t<meta name=\"twitter:data1\" content=\"3\u00a0Minuten\" \/>\n<script type=\"application\/ld+json\" class=\"yoast-schema-graph\">{\"@context\":\"https:\/\/schema.org\",\"@graph\":[{\"@type\":\"WebPage\",\"@id\":\"https:\/\/ueberlebenskunst.at\/survivalshop\/shop\/reini-unikat-messer-boeker-plus-urban-texas-tooth-pick-g-10\/\",\"url\":\"https:\/\/ueberlebenskunst.at\/survivalshop\/shop\/reini-unikat-messer-boeker-plus-urban-texas-tooth-pick-g-10\/\",\"name\":\"Reini Unikat Messer: B\u00f6ker Plus Urban Texas Tooth Pick G-10 aus Reinis Video - Reini Rossmann - Survival Shop\",\"isPartOf\":{\"@id\":\"https:\/\/ueberlebenskunst.at\/survivalshop\/#website\"},\"primaryImageOfPage\":{\"@id\":\"https:\/\/ueberlebenskunst.at\/survivalshop\/shop\/reini-unikat-messer-boeker-plus-urban-texas-tooth-pick-g-10\/#primaryimage\"},\"image\":{\"@id\":\"https:\/\/ueberlebenskunst.at\/survivalshop\/shop\/reini-unikat-messer-boeker-plus-urban-texas-tooth-pick-g-10\/#primaryimage\"},\"thumbnailUrl\":\"https:\/\/ueberlebenskunst.at\/survivalshop\/wp-content\/uploads\/2024\/02\/01BO388.jpg\",\"datePublished\":\"2024-02-26T09:27:05+00:00\",\"dateModified\":\"2025-12-22T05:26:02+00:00\",\"description\":\"Unikat aus Reinis Video.\",\"breadcrumb\":{\"@id\":\"https:\/\/ueberlebenskunst.at\/survivalshop\/shop\/reini-unikat-messer-boeker-plus-urban-texas-tooth-pick-g-10\/#breadcrumb\"},\"inLanguage\":\"de\",\"potentialAction\":[{\"@type\":\"ReadAction\",\"target\":[\"https:\/\/ueberlebenskunst.at\/survivalshop\/shop\/reini-unikat-messer-boeker-plus-urban-texas-tooth-pick-g-10\/\"]}]},{\"@type\":\"ImageObject\",\"inLanguage\":\"de\",\"@id\":\"https:\/\/ueberlebenskunst.at\/survivalshop\/shop\/reini-unikat-messer-boeker-plus-urban-texas-tooth-pick-g-10\/#primaryimage\",\"url\":\"https:\/\/ueberlebenskunst.at\/survivalshop\/wp-content\/uploads\/2024\/02\/01BO388.jpg\",\"contentUrl\":\"https:\/\/ueberlebenskunst.at\/survivalshop\/wp-content\/uploads\/2024\/02\/01BO388.jpg\",\"width\":400,\"height\":399},{\"@type\":\"BreadcrumbList\",\"@id\":\"https:\/\/ueberlebenskunst.at\/survivalshop\/shop\/reini-unikat-messer-boeker-plus-urban-texas-tooth-pick-g-10\/#breadcrumb\",\"itemListElement\":[{\"@type\":\"ListItem\",\"position\":1,\"name\":\"Startseite\",\"item\":\"https:\/\/ueberlebenskunst.at\/survivalshop\/\"},{\"@type\":\"ListItem\",\"position\":2,\"name\":\"Shop\",\"item\":\"https:\/\/ueberlebenskunst.at\/survivalshop\/shop\/\"},{\"@type\":\"ListItem\",\"position\":3,\"name\":\"Reini Unikat Messer: B\u00f6ker Plus Urban Texas Tooth Pick G-10 aus Reinis Video\"}]},{\"@type\":\"WebSite\",\"@id\":\"https:\/\/ueberlebenskunst.at\/survivalshop\/#website\",\"url\":\"https:\/\/ueberlebenskunst.at\/survivalshop\/\",\"name\":\"Reini Rossmann - Survival Shop\",\"description\":\"Survival Shop f\u00fcr Survival, Bushcraft und Prepper\",\"potentialAction\":[{\"@type\":\"SearchAction\",\"target\":{\"@type\":\"EntryPoint\",\"urlTemplate\":\"https:\/\/ueberlebenskunst.at\/survivalshop\/?s={search_term_string}\"},\"query-input\":{\"@type\":\"PropertyValueSpecification\",\"valueRequired\":true,\"valueName\":\"search_term_string\"}}],\"inLanguage\":\"de\"}]}<\/script>\n<!-- \/ Yoast SEO plugin. -->","yoast_head_json":{"title":"Reini Unikat Messer: B\u00f6ker Plus Urban Texas Tooth Pick G-10 aus Reinis Video - Reini Rossmann - Survival Shop","description":"Unikat aus Reinis Video.","robots":{"index":"index","follow":"follow","max-snippet":"max-snippet:-1","max-image-preview":"max-image-preview:large","max-video-preview":"max-video-preview:-1"},"canonical":"https:\/\/ueberlebenskunst.at\/survivalshop\/shop\/reini-unikat-messer-boeker-plus-urban-texas-tooth-pick-g-10\/","og_locale":"de_DE","og_type":"article","og_title":"Reini Unikat Messer: B\u00f6ker Plus Urban Texas Tooth Pick G-10 aus Reinis Video - Reini Rossmann - Survival Shop","og_description":"Unikat aus Reinis Video.","og_url":"https:\/\/ueberlebenskunst.at\/survivalshop\/shop\/reini-unikat-messer-boeker-plus-urban-texas-tooth-pick-g-10\/","og_site_name":"Reini Rossmann - Survival Shop","article_publisher":"https:\/\/www.facebook.com\/survival24.org\/","article_modified_time":"2025-12-22T05:26:02+00:00","og_image":[{"width":400,"height":399,"url":"https:\/\/ueberlebenskunst.at\/survivalshop\/wp-content\/uploads\/2024\/02\/01BO388.jpg","type":"image\/jpeg"}],"twitter_card":"summary_large_image","twitter_misc":{"Gesch\u00e4tzte Lesezeit":"3\u00a0Minuten"},"schema":{"@context":"https:\/\/schema.org","@graph":[{"@type":"WebPage","@id":"https:\/\/ueberlebenskunst.at\/survivalshop\/shop\/reini-unikat-messer-boeker-plus-urban-texas-tooth-pick-g-10\/","url":"https:\/\/ueberlebenskunst.at\/survivalshop\/shop\/reini-unikat-messer-boeker-plus-urban-texas-tooth-pick-g-10\/","name":"Reini Unikat Messer: B\u00f6ker Plus Urban Texas Tooth Pick G-10 aus Reinis Video - Reini Rossmann - Survival Shop","isPartOf":{"@id":"https:\/\/ueberlebenskunst.at\/survivalshop\/#website"},"primaryImageOfPage":{"@id":"https:\/\/ueberlebenskunst.at\/survivalshop\/shop\/reini-unikat-messer-boeker-plus-urban-texas-tooth-pick-g-10\/#primaryimage"},"image":{"@id":"https:\/\/ueberlebenskunst.at\/survivalshop\/shop\/reini-unikat-messer-boeker-plus-urban-texas-tooth-pick-g-10\/#primaryimage"},"thumbnailUrl":"https:\/\/ueberlebenskunst.at\/survivalshop\/wp-content\/uploads\/2024\/02\/01BO388.jpg","datePublished":"2024-02-26T09:27:05+00:00","dateModified":"2025-12-22T05:26:02+00:00","description":"Unikat aus Reinis Video.","breadcrumb":{"@id":"https:\/\/ueberlebenskunst.at\/survivalshop\/shop\/reini-unikat-messer-boeker-plus-urban-texas-tooth-pick-g-10\/#breadcrumb"},"inLanguage":"de","potentialAction":[{"@type":"ReadAction","target":["https:\/\/ueberlebenskunst.at\/survivalshop\/shop\/reini-unikat-messer-boeker-plus-urban-texas-tooth-pick-g-10\/"]}]},{"@type":"ImageObject","inLanguage":"de","@id":"https:\/\/ueberlebenskunst.at\/survivalshop\/shop\/reini-unikat-messer-boeker-plus-urban-texas-tooth-pick-g-10\/#primaryimage","url":"https:\/\/ueberlebenskunst.at\/survivalshop\/wp-content\/uploads\/2024\/02\/01BO388.jpg","contentUrl":"https:\/\/ueberlebenskunst.at\/survivalshop\/wp-content\/uploads\/2024\/02\/01BO388.jpg","width":400,"height":399},{"@type":"BreadcrumbList","@id":"https:\/\/ueberlebenskunst.at\/survivalshop\/shop\/reini-unikat-messer-boeker-plus-urban-texas-tooth-pick-g-10\/#breadcrumb","itemListElement":[{"@type":"ListItem","position":1,"name":"Startseite","item":"https:\/\/ueberlebenskunst.at\/survivalshop\/"},{"@type":"ListItem","position":2,"name":"Shop","item":"https:\/\/ueberlebenskunst.at\/survivalshop\/shop\/"},{"@type":"ListItem","position":3,"name":"Reini Unikat Messer: B\u00f6ker Plus Urban Texas Tooth Pick G-10 aus Reinis Video"}]},{"@type":"WebSite","@id":"https:\/\/ueberlebenskunst.at\/survivalshop\/#website","url":"https:\/\/ueberlebenskunst.at\/survivalshop\/","name":"Reini Rossmann - Survival Shop","description":"Survival Shop f\u00fcr Survival, Bushcraft und Prepper","potentialAction":[{"@type":"SearchAction","target":{"@type":"EntryPoint","urlTemplate":"https:\/\/ueberlebenskunst.at\/survivalshop\/?s={search_term_string}"},"query-input":{"@type":"PropertyValueSpecification","valueRequired":true,"valueName":"search_term_string"}}],"inLanguage":"de"}]}},"_links":{"self":[{"href":"https:\/\/ueberlebenskunst.at\/survivalshop\/wp-json\/wp\/v2\/product\/159860","targetHints":{"allow":["GET"]}}],"collection":[{"href":"https:\/\/ueberlebenskunst.at\/survivalshop\/wp-json\/wp\/v2\/product"}],"about":[{"href":"https:\/\/ueberlebenskunst.at\/survivalshop\/wp-json\/wp\/v2\/types\/product"}],"replies":[{"embeddable":true,"href":"https:\/\/ueberlebenskunst.at\/survivalshop\/wp-json\/wp\/v2\/comments?post=159860"}],"wp:featuredmedia":[{"embeddable":true,"href":"https:\/\/ueberlebenskunst.at\/survivalshop\/wp-json\/wp\/v2\/media\/159890"}],"wp:attachment":[{"href":"https:\/\/ueberlebenskunst.at\/survivalshop\/wp-json\/wp\/v2\/media?parent=159860"}],"wp:term":[{"taxonomy":"product_brand","embeddable":true,"href":"https:\/\/ueberlebenskunst.at\/survivalshop\/wp-json\/wp\/v2\/product_brand?post=159860"},{"taxonomy":"product_cat","embeddable":true,"href":"https:\/\/ueberlebenskunst.at\/survivalshop\/wp-json\/wp\/v2\/product_cat?post=159860"},{"taxonomy":"product_tag","embeddable":true,"href":"https:\/\/ueberlebenskunst.at\/survivalshop\/wp-json\/wp\/v2\/product_tag?post=159860"}],"curies":[{"name":"wp","href":"https:\/\/api.w.org\/{rel}","templated":true}]}}