{"id":159684,"date":"2024-02-22T12:37:34","date_gmt":"2024-02-22T11:37:34","guid":{"rendered":"https:\/\/ueberlebenskunst.at\/survivalshop\/?post_type=product&#038;p=159684"},"modified":"2025-12-18T10:16:23","modified_gmt":"2025-12-18T09:16:23","slug":"wasserfestes-zunderfach-designed-by-reini-rossmann","status":"publish","type":"product","link":"https:\/\/ueberlebenskunst.at\/survivalshop\/shop\/wasserfestes-zunderfach-designed-by-reini-rossmann\/","title":{"rendered":"Wasserfestes Zunderfach designed by Reini Rossmann"},"content":{"rendered":"<p>Bist du es auch leid, dass du dein Z\u00fcndmaterialien immer erst suchen und sammeln musst, um es dann zu trocknen oder trocken zu halten bis es zum Einsatz kommt?<br \/>\nWir haben die L\u00f6sung f\u00fcr dich! Unser innovatives, wasserfestes Zunderfach bietet optimalen Schutz f\u00fcr dein Zundermaterial und nat\u00fcrlich auch andere wichtige Kleinigkeiten, die trocken und sicher verstaut werden wollen.<\/p>\n<p><strong>Zweiteilige Konstruktion f\u00fcr maximale Vielseitigkeit:<\/strong><br \/>\nUnser Zunderfach besteht aus zwei praktischen Teilen. Der obere Teil ist mit einer 5 mm Bohrung ausgestattet. So kannst du das Fach leicht an einem Schl\u00fcsselbundring, einer Kugelkette oder einem Paracordband (bis zu 4 mm Dicke) befestigen. Der untere Teil des Faches l\u00e4sst sich nahtlos in den Deckel schieben, wodurch der Zunder fest und sicher verstaut ist. Kein Verrutschen, kein Herausfallen \u2013 nur zuverl\u00e4ssiger Schutz vor Wasser und anderen Elementen.<\/p>\n<p><strong>Flexibel und anpassbar:<\/strong><br \/>\nGeschlossen misst das Fach 13,9 mm x 37 mm, kann aber auf eine Gr\u00f6\u00dfe von 13,9 mm x 55 mm erweitert werden, um noch mehr Platz zu bieten.<\/p>\n<p><strong>Kennst du schon den idealen Zunder?<\/strong><br \/>\nDie Abmessungen des Zunderfachs sind so gew\u00e4hlt, dass ein Tampon \u2013 der ideale Zunder f\u00fcr Notf\u00e4lle \u2013 perfekt hineinpasst. Nie wieder Sorgen machen, dass dein Zunder unbrauchbar wird!<\/p>\n<h3><strong>Produktdaten:<\/strong><\/h3>\n<p>Oberteil: 19,3 mm x 40 mm<br \/>\nUnterteil: 16,3 mm x 40 mm<br \/>\nGesamtgewicht: 4 g + 7 g<\/p>\n<h3>Es gibt 3 Farbvarianten:<\/h3>\n<ul>\n<li>Schwarz<\/li>\n<li>Survival Orange<\/li>\n<li>Glow in the Dark<\/li>\n<\/ul>\n<p>Die Glow in the Dark Variante leuchtet kr\u00e4ftig im Dunkeln sofern diese tags\u00fcber einer Lichtquelle ausgesetzt war.<br \/>\nPraktisch, wenn du das Zunderfach zum Beispiel auf deinem Schl\u00fcssel montiert hast und du diesen in der Nacht suchst.<\/p>\n<h3><strong>Lieferumfang:<\/strong><\/h3>\n<ul>\n<li>Zunderfach<\/li>\n<li>Schl\u00fcsselbundring<\/li>\n<li>Kugelkette<\/li>\n<li>Zunder &#8211; Tampon<\/li>\n<\/ul>\n<h3>Bedienungs- &amp; Pflegeanleitung:<\/h3>\n<ul>\n<li>Die Reinigung mit Wasser und Seife ist m\u00f6glich.<\/li>\n<li>Du solltest die Steckscheide nicht direkt in die N\u00e4he von Feuer oder anderen Hitzequellen legen!<\/li>\n<li>Wird deine Steckscheide \u00fcber l\u00e4ngere Zeit sehr kalten Temperaturen unter 0 \u00b0C ausgesetzt, solltest du in dem Moment darauf achten, dass keine starken Belastungen darauf einwirken.<\/li>\n<\/ul>\n<p>Unsere Produkte sind nicht f\u00fcr Kinder unter 3 Jahren geeignet. Es besteht Verschluckungsgefahr.<\/p>\n<p><a href=\"https:\/\/ueberlebenskunst.at\/survivalshop\/wp-content\/uploads\/2021\/11\/Logo_Kinder.png\"><img decoding=\"async\" class=\"alignnone size-medium wp-image-179571\" src=\"https:\/\/ueberlebenskunst.at\/survivalshop\/wp-content\/uploads\/2021\/11\/Logo_Kinder-300x126.png\" alt=\"\" width=\"300\" height=\"126\" srcset=\"https:\/\/ueberlebenskunst.at\/survivalshop\/wp-content\/uploads\/2021\/11\/Logo_Kinder-300x126.png 300w, https:\/\/ueberlebenskunst.at\/survivalshop\/wp-content\/uploads\/2021\/11\/Logo_Kinder-64x27.png 64w, https:\/\/ueberlebenskunst.at\/survivalshop\/wp-content\/uploads\/2021\/11\/Logo_Kinder.png 401w\" sizes=\"(max-width: 300px) 100vw, 300px\" \/><\/a><br \/>\nAchtung! Wir empfehlen das Tragen um den Hals mit einer Kugelkette, da die Kugelkette bei h\u00f6herer Belastung rei\u00dft und es so zu keiner Strangulation wie z. B. bei einem Paracord kommen kann.<\/p>\n","protected":false},"excerpt":{"rendered":"<p>Bist du es auch leid, dass du dein Z\u00fcndmaterialien immer erst suchen und sammeln musst, um es dann zu trocknen oder trocken zu halten bis es zum Einsatz kommt? Wir haben die L\u00f6sung f\u00fcr dich! Unser innovatives, wasserfestes Zunderfach bietet optimalen Schutz f\u00fcr dein Zundermaterial und nat\u00fcrlich auch andere wichtige Kleinigkeiten, die trocken und sicher [&hellip;]<\/p>\n","protected":false},"featured_media":161013,"comment_status":"open","ping_status":"closed","template":"","meta":{"_acf_changed":false},"product_brand":[],"product_cat":[1945],"product_tag":[1273,264,2225],"class_list":{"0":"post-159684","1":"product","2":"type-product","3":"status-publish","4":"has-post-thumbnail","6":"product_cat-survivalausruestung","7":"product_tag-reini-rossmann","8":"product_tag-wasserdicht","9":"product_tag-zunder","10":"pa_farbe-glow-in-the-dark","11":"pa_farbe-schwarz","12":"pa_farbe-survival-orange","14":"first","15":"instock","16":"taxable","17":"shipping-taxable","18":"purchasable","19":"product-type-variable","20":"has-default-attributes"},"acf":[],"yoast_head":"<!-- This site is optimized with the Yoast SEO plugin v27.1.1 - https:\/\/yoast.com\/product\/yoast-seo-wordpress\/ -->\n<title>Wasserfestes Zunderfach designed by Reini Rossmann<\/title>\n<meta name=\"description\" content=\"Unser wasserfestes Zunderfach ist ideal dimensioniert, um einen Tampon \u2013 den perfekten Notfallzunder \u2013 sicher zu verstauen. Der obere Teil hat eine Bohrung f\u00fcr eine einfache Befestigung an Schl\u00fcsselringen. Der untere Teil f\u00fcgt sich nahtlos in den Deckel ein, gew\u00e4hrleistet einen festen Sitz des Zunders und bietet zuverl\u00e4ssigen Schutz vor Wasser.\" \/>\n<meta name=\"robots\" content=\"index, follow, max-snippet:-1, max-image-preview:large, max-video-preview:-1\" \/>\n<link rel=\"canonical\" href=\"https:\/\/ueberlebenskunst.at\/survivalshop\/shop\/wasserfestes-zunderfach-designed-by-reini-rossmann\/\" \/>\n<meta property=\"og:locale\" content=\"de_DE\" \/>\n<meta property=\"og:type\" content=\"article\" \/>\n<meta property=\"og:title\" content=\"Wasserfestes Zunderfach designed by Reini Rossmann\" \/>\n<meta property=\"og:description\" content=\"Unser wasserfestes Zunderfach ist ideal dimensioniert, um einen Tampon \u2013 den perfekten Notfallzunder \u2013 sicher zu verstauen. Der obere Teil hat eine Bohrung f\u00fcr eine einfache Befestigung an Schl\u00fcsselringen. Der untere Teil f\u00fcgt sich nahtlos in den Deckel ein, gew\u00e4hrleistet einen festen Sitz des Zunders und bietet zuverl\u00e4ssigen Schutz vor Wasser.\" \/>\n<meta property=\"og:url\" content=\"https:\/\/ueberlebenskunst.at\/survivalshop\/shop\/wasserfestes-zunderfach-designed-by-reini-rossmann\/\" \/>\n<meta property=\"og:site_name\" content=\"Reini Rossmann - Survival Shop\" \/>\n<meta property=\"article:publisher\" content=\"https:\/\/www.facebook.com\/survival24.org\/\" \/>\n<meta property=\"article:modified_time\" content=\"2025-12-18T09:16:23+00:00\" \/>\n<meta property=\"og:image\" content=\"https:\/\/ueberlebenskunst.at\/survivalshop\/wp-content\/uploads\/2024\/02\/THFS_orange_Schluesselbund_sk.jpg\" \/>\n\t<meta property=\"og:image:width\" content=\"400\" \/>\n\t<meta property=\"og:image:height\" content=\"400\" \/>\n\t<meta property=\"og:image:type\" content=\"image\/jpeg\" \/>\n<meta name=\"twitter:card\" content=\"summary_large_image\" \/>\n<meta name=\"twitter:label1\" content=\"Gesch\u00e4tzte Lesezeit\" \/>\n\t<meta name=\"twitter:data1\" content=\"3\u00a0Minuten\" \/>\n<script type=\"application\/ld+json\" class=\"yoast-schema-graph\">{\"@context\":\"https:\/\/schema.org\",\"@graph\":[{\"@type\":\"WebPage\",\"@id\":\"https:\/\/ueberlebenskunst.at\/survivalshop\/shop\/wasserfestes-zunderfach-designed-by-reini-rossmann\/\",\"url\":\"https:\/\/ueberlebenskunst.at\/survivalshop\/shop\/wasserfestes-zunderfach-designed-by-reini-rossmann\/\",\"name\":\"Wasserfestes Zunderfach designed by Reini Rossmann\",\"isPartOf\":{\"@id\":\"https:\/\/ueberlebenskunst.at\/survivalshop\/#website\"},\"primaryImageOfPage\":{\"@id\":\"https:\/\/ueberlebenskunst.at\/survivalshop\/shop\/wasserfestes-zunderfach-designed-by-reini-rossmann\/#primaryimage\"},\"image\":{\"@id\":\"https:\/\/ueberlebenskunst.at\/survivalshop\/shop\/wasserfestes-zunderfach-designed-by-reini-rossmann\/#primaryimage\"},\"thumbnailUrl\":\"https:\/\/ueberlebenskunst.at\/survivalshop\/wp-content\/uploads\/2024\/02\/THFS_orange_Schluesselbund_sk.jpg\",\"datePublished\":\"2024-02-22T11:37:34+00:00\",\"dateModified\":\"2025-12-18T09:16:23+00:00\",\"description\":\"Unser wasserfestes Zunderfach ist ideal dimensioniert, um einen Tampon \u2013 den perfekten Notfallzunder \u2013 sicher zu verstauen. Der obere Teil hat eine Bohrung f\u00fcr eine einfache Befestigung an Schl\u00fcsselringen. Der untere Teil f\u00fcgt sich nahtlos in den Deckel ein, gew\u00e4hrleistet einen festen Sitz des Zunders und bietet zuverl\u00e4ssigen Schutz vor Wasser.\",\"breadcrumb\":{\"@id\":\"https:\/\/ueberlebenskunst.at\/survivalshop\/shop\/wasserfestes-zunderfach-designed-by-reini-rossmann\/#breadcrumb\"},\"inLanguage\":\"de\",\"potentialAction\":[{\"@type\":\"ReadAction\",\"target\":[\"https:\/\/ueberlebenskunst.at\/survivalshop\/shop\/wasserfestes-zunderfach-designed-by-reini-rossmann\/\"]}]},{\"@type\":\"ImageObject\",\"inLanguage\":\"de\",\"@id\":\"https:\/\/ueberlebenskunst.at\/survivalshop\/shop\/wasserfestes-zunderfach-designed-by-reini-rossmann\/#primaryimage\",\"url\":\"https:\/\/ueberlebenskunst.at\/survivalshop\/wp-content\/uploads\/2024\/02\/THFS_orange_Schluesselbund_sk.jpg\",\"contentUrl\":\"https:\/\/ueberlebenskunst.at\/survivalshop\/wp-content\/uploads\/2024\/02\/THFS_orange_Schluesselbund_sk.jpg\",\"width\":400,\"height\":400},{\"@type\":\"BreadcrumbList\",\"@id\":\"https:\/\/ueberlebenskunst.at\/survivalshop\/shop\/wasserfestes-zunderfach-designed-by-reini-rossmann\/#breadcrumb\",\"itemListElement\":[{\"@type\":\"ListItem\",\"position\":1,\"name\":\"Startseite\",\"item\":\"https:\/\/ueberlebenskunst.at\/survivalshop\/\"},{\"@type\":\"ListItem\",\"position\":2,\"name\":\"Shop\",\"item\":\"https:\/\/ueberlebenskunst.at\/survivalshop\/shop\/\"},{\"@type\":\"ListItem\",\"position\":3,\"name\":\"Wasserfestes Zunderfach designed by Reini Rossmann\"}]},{\"@type\":\"WebSite\",\"@id\":\"https:\/\/ueberlebenskunst.at\/survivalshop\/#website\",\"url\":\"https:\/\/ueberlebenskunst.at\/survivalshop\/\",\"name\":\"Reini Rossmann - Survival Shop\",\"description\":\"Survival Shop f\u00fcr Survival, Bushcraft und Prepper\",\"potentialAction\":[{\"@type\":\"SearchAction\",\"target\":{\"@type\":\"EntryPoint\",\"urlTemplate\":\"https:\/\/ueberlebenskunst.at\/survivalshop\/?s={search_term_string}\"},\"query-input\":{\"@type\":\"PropertyValueSpecification\",\"valueRequired\":true,\"valueName\":\"search_term_string\"}}],\"inLanguage\":\"de\"}]}<\/script>\n<!-- \/ Yoast SEO plugin. -->","yoast_head_json":{"title":"Wasserfestes Zunderfach designed by Reini Rossmann","description":"Unser wasserfestes Zunderfach ist ideal dimensioniert, um einen Tampon \u2013 den perfekten Notfallzunder \u2013 sicher zu verstauen. Der obere Teil hat eine Bohrung f\u00fcr eine einfache Befestigung an Schl\u00fcsselringen. Der untere Teil f\u00fcgt sich nahtlos in den Deckel ein, gew\u00e4hrleistet einen festen Sitz des Zunders und bietet zuverl\u00e4ssigen Schutz vor Wasser.","robots":{"index":"index","follow":"follow","max-snippet":"max-snippet:-1","max-image-preview":"max-image-preview:large","max-video-preview":"max-video-preview:-1"},"canonical":"https:\/\/ueberlebenskunst.at\/survivalshop\/shop\/wasserfestes-zunderfach-designed-by-reini-rossmann\/","og_locale":"de_DE","og_type":"article","og_title":"Wasserfestes Zunderfach designed by Reini Rossmann","og_description":"Unser wasserfestes Zunderfach ist ideal dimensioniert, um einen Tampon \u2013 den perfekten Notfallzunder \u2013 sicher zu verstauen. Der obere Teil hat eine Bohrung f\u00fcr eine einfache Befestigung an Schl\u00fcsselringen. Der untere Teil f\u00fcgt sich nahtlos in den Deckel ein, gew\u00e4hrleistet einen festen Sitz des Zunders und bietet zuverl\u00e4ssigen Schutz vor Wasser.","og_url":"https:\/\/ueberlebenskunst.at\/survivalshop\/shop\/wasserfestes-zunderfach-designed-by-reini-rossmann\/","og_site_name":"Reini Rossmann - Survival Shop","article_publisher":"https:\/\/www.facebook.com\/survival24.org\/","article_modified_time":"2025-12-18T09:16:23+00:00","og_image":[{"width":400,"height":400,"url":"https:\/\/ueberlebenskunst.at\/survivalshop\/wp-content\/uploads\/2024\/02\/THFS_orange_Schluesselbund_sk.jpg","type":"image\/jpeg"}],"twitter_card":"summary_large_image","twitter_misc":{"Gesch\u00e4tzte Lesezeit":"3\u00a0Minuten"},"schema":{"@context":"https:\/\/schema.org","@graph":[{"@type":"WebPage","@id":"https:\/\/ueberlebenskunst.at\/survivalshop\/shop\/wasserfestes-zunderfach-designed-by-reini-rossmann\/","url":"https:\/\/ueberlebenskunst.at\/survivalshop\/shop\/wasserfestes-zunderfach-designed-by-reini-rossmann\/","name":"Wasserfestes Zunderfach designed by Reini Rossmann","isPartOf":{"@id":"https:\/\/ueberlebenskunst.at\/survivalshop\/#website"},"primaryImageOfPage":{"@id":"https:\/\/ueberlebenskunst.at\/survivalshop\/shop\/wasserfestes-zunderfach-designed-by-reini-rossmann\/#primaryimage"},"image":{"@id":"https:\/\/ueberlebenskunst.at\/survivalshop\/shop\/wasserfestes-zunderfach-designed-by-reini-rossmann\/#primaryimage"},"thumbnailUrl":"https:\/\/ueberlebenskunst.at\/survivalshop\/wp-content\/uploads\/2024\/02\/THFS_orange_Schluesselbund_sk.jpg","datePublished":"2024-02-22T11:37:34+00:00","dateModified":"2025-12-18T09:16:23+00:00","description":"Unser wasserfestes Zunderfach ist ideal dimensioniert, um einen Tampon \u2013 den perfekten Notfallzunder \u2013 sicher zu verstauen. Der obere Teil hat eine Bohrung f\u00fcr eine einfache Befestigung an Schl\u00fcsselringen. Der untere Teil f\u00fcgt sich nahtlos in den Deckel ein, gew\u00e4hrleistet einen festen Sitz des Zunders und bietet zuverl\u00e4ssigen Schutz vor Wasser.","breadcrumb":{"@id":"https:\/\/ueberlebenskunst.at\/survivalshop\/shop\/wasserfestes-zunderfach-designed-by-reini-rossmann\/#breadcrumb"},"inLanguage":"de","potentialAction":[{"@type":"ReadAction","target":["https:\/\/ueberlebenskunst.at\/survivalshop\/shop\/wasserfestes-zunderfach-designed-by-reini-rossmann\/"]}]},{"@type":"ImageObject","inLanguage":"de","@id":"https:\/\/ueberlebenskunst.at\/survivalshop\/shop\/wasserfestes-zunderfach-designed-by-reini-rossmann\/#primaryimage","url":"https:\/\/ueberlebenskunst.at\/survivalshop\/wp-content\/uploads\/2024\/02\/THFS_orange_Schluesselbund_sk.jpg","contentUrl":"https:\/\/ueberlebenskunst.at\/survivalshop\/wp-content\/uploads\/2024\/02\/THFS_orange_Schluesselbund_sk.jpg","width":400,"height":400},{"@type":"BreadcrumbList","@id":"https:\/\/ueberlebenskunst.at\/survivalshop\/shop\/wasserfestes-zunderfach-designed-by-reini-rossmann\/#breadcrumb","itemListElement":[{"@type":"ListItem","position":1,"name":"Startseite","item":"https:\/\/ueberlebenskunst.at\/survivalshop\/"},{"@type":"ListItem","position":2,"name":"Shop","item":"https:\/\/ueberlebenskunst.at\/survivalshop\/shop\/"},{"@type":"ListItem","position":3,"name":"Wasserfestes Zunderfach designed by Reini Rossmann"}]},{"@type":"WebSite","@id":"https:\/\/ueberlebenskunst.at\/survivalshop\/#website","url":"https:\/\/ueberlebenskunst.at\/survivalshop\/","name":"Reini Rossmann - Survival Shop","description":"Survival Shop f\u00fcr Survival, Bushcraft und Prepper","potentialAction":[{"@type":"SearchAction","target":{"@type":"EntryPoint","urlTemplate":"https:\/\/ueberlebenskunst.at\/survivalshop\/?s={search_term_string}"},"query-input":{"@type":"PropertyValueSpecification","valueRequired":true,"valueName":"search_term_string"}}],"inLanguage":"de"}]}},"_links":{"self":[{"href":"https:\/\/ueberlebenskunst.at\/survivalshop\/wp-json\/wp\/v2\/product\/159684","targetHints":{"allow":["GET"]}}],"collection":[{"href":"https:\/\/ueberlebenskunst.at\/survivalshop\/wp-json\/wp\/v2\/product"}],"about":[{"href":"https:\/\/ueberlebenskunst.at\/survivalshop\/wp-json\/wp\/v2\/types\/product"}],"replies":[{"embeddable":true,"href":"https:\/\/ueberlebenskunst.at\/survivalshop\/wp-json\/wp\/v2\/comments?post=159684"}],"wp:featuredmedia":[{"embeddable":true,"href":"https:\/\/ueberlebenskunst.at\/survivalshop\/wp-json\/wp\/v2\/media\/161013"}],"wp:attachment":[{"href":"https:\/\/ueberlebenskunst.at\/survivalshop\/wp-json\/wp\/v2\/media?parent=159684"}],"wp:term":[{"taxonomy":"product_brand","embeddable":true,"href":"https:\/\/ueberlebenskunst.at\/survivalshop\/wp-json\/wp\/v2\/product_brand?post=159684"},{"taxonomy":"product_cat","embeddable":true,"href":"https:\/\/ueberlebenskunst.at\/survivalshop\/wp-json\/wp\/v2\/product_cat?post=159684"},{"taxonomy":"product_tag","embeddable":true,"href":"https:\/\/ueberlebenskunst.at\/survivalshop\/wp-json\/wp\/v2\/product_tag?post=159684"}],"curies":[{"name":"wp","href":"https:\/\/api.w.org\/{rel}","templated":true}]}}