{"id":15951,"date":"2020-06-18T17:54:05","date_gmt":"2020-06-18T15:54:05","guid":{"rendered":"https:\/\/ueberlebenskunst.at\/survivalshop\/survivalshop\/?post_type=product&#038;p=15951"},"modified":"2026-03-28T12:01:07","modified_gmt":"2026-03-28T11:01:07","slug":"alles-ueber-giersch-als-nahrung-und-medizin","status":"publish","type":"product","link":"https:\/\/ueberlebenskunst.at\/survivalshop\/shop\/alles-ueber-giersch-als-nahrung-und-medizin\/","title":{"rendered":"Alles \u00fcber Giersch &#8211; Als Nahrung und Medizin"},"content":{"rendered":"<p>Giersch ist ein l\u00e4stiges Gartenunkraut, dem mit keinen herk\u00f6mmlichen Methoden beizukommen ist. Doch bei genauer Betrachtung ist der Giersch ein wunderbares Heilkraut und eine gesunde Nahrungspflanze. Im Buch \u201eAlles \u00fcber Giersch\u201c erf\u00e4hrst du wirklich alles \u00fcber Heilanwendungen, Inhaltsstoffe, Verwendung in der alten Kr\u00e4utermedizin sowie die Wirkungen auf Mensch und Tier. Als Extra gibt es eine Vielzahl an Rezepten, Nutzungsm\u00f6glichen sowie Heilanwendungen dieses Unkrauts.<\/p>\n<p><b>Paperback<\/b>\u00a0mit 96 Seiten<\/p>\n","protected":false},"excerpt":{"rendered":"<p>Giersch ist ein l\u00e4stiges Gartenunkraut, dem mit keinen herk\u00f6mmlichen Methoden beizukommen ist. Doch bei genauer Betrachtung ist der Giersch ein wunderbares Heilkraut und eine gesunde Nahrungspflanze. Im Buch \u201eAlles \u00fcber Giersch\u201c erf\u00e4hrst du wirklich alles \u00fcber Heilanwendungen, Inhaltsstoffe, Verwendung in der alten Kr\u00e4utermedizin sowie die Wirkungen auf Mensch und Tier. Als Extra gibt es eine [&hellip;]<\/p>\n","protected":false},"featured_media":15955,"comment_status":"open","ping_status":"closed","template":"","meta":{"_acf_changed":false},"product_brand":[],"product_cat":[1866],"product_tag":[745,646,2526],"class_list":{"0":"post-15951","1":"product","2":"type-product","3":"status-publish","4":"has-post-thumbnail","6":"product_cat-prepper-buecher","7":"product_tag-alles-ueber","8":"product_tag-krisen-selbstversorger","9":"product_tag-reinis-buecher","10":"pa_platform-druckbuch","11":"pa_platform-ebook","13":"first","14":"instock","15":"taxable","16":"shipping-taxable","17":"purchasable","18":"product-type-variable","19":"has-default-attributes"},"acf":[],"yoast_head":"<!-- This site is optimized with the Yoast SEO plugin v27.1.1 - https:\/\/yoast.com\/product\/yoast-seo-wordpress\/ -->\n<title>Alles \u00fcber Giersch - Als Nahrung und Medizin - Reini Rossmann - Survival Shop<\/title>\n<meta name=\"robots\" content=\"index, follow, max-snippet:-1, max-image-preview:large, max-video-preview:-1\" \/>\n<link rel=\"canonical\" href=\"https:\/\/ueberlebenskunst.at\/survivalshop\/shop\/alles-ueber-giersch-als-nahrung-und-medizin\/\" \/>\n<meta property=\"og:locale\" content=\"de_DE\" \/>\n<meta property=\"og:type\" content=\"article\" \/>\n<meta property=\"og:title\" content=\"Alles \u00fcber Giersch - Als Nahrung und Medizin - Reini Rossmann - Survival Shop\" \/>\n<meta property=\"og:description\" content=\"Giersch ist ein l\u00e4stiges Gartenunkraut, dem mit keinen herk\u00f6mmlichen Methoden beizukommen ist. Doch bei genauer Betrachtung ist der Giersch ein wunderbares Heilkraut und eine gesunde Nahrungspflanze. Im Buch \u201eAlles \u00fcber Giersch\u201c erf\u00e4hrst du wirklich alles \u00fcber Heilanwendungen, Inhaltsstoffe, Verwendung in der alten Kr\u00e4utermedizin sowie die Wirkungen auf Mensch und Tier. Als Extra gibt es eine [&hellip;]\" \/>\n<meta property=\"og:url\" content=\"https:\/\/ueberlebenskunst.at\/survivalshop\/shop\/alles-ueber-giersch-als-nahrung-und-medizin\/\" \/>\n<meta property=\"og:site_name\" content=\"Reini Rossmann - Survival Shop\" \/>\n<meta property=\"article:publisher\" content=\"https:\/\/www.facebook.com\/survival24.org\/\" \/>\n<meta property=\"article:modified_time\" content=\"2026-03-28T11:01:07+00:00\" \/>\n<meta property=\"og:image\" content=\"https:\/\/ueberlebenskunst.at\/survivalshop\/wp-content\/uploads\/2020\/06\/Giersch-Buch.jpg\" \/>\n\t<meta property=\"og:image:width\" content=\"1166\" \/>\n\t<meta property=\"og:image:height\" content=\"1162\" \/>\n\t<meta property=\"og:image:type\" content=\"image\/jpeg\" \/>\n<meta name=\"twitter:card\" content=\"summary_large_image\" \/>\n<meta name=\"twitter:label1\" content=\"Gesch\u00e4tzte Lesezeit\" \/>\n\t<meta name=\"twitter:data1\" content=\"1\u00a0Minute\" \/>\n<script type=\"application\/ld+json\" class=\"yoast-schema-graph\">{\"@context\":\"https:\/\/schema.org\",\"@graph\":[{\"@type\":\"WebPage\",\"@id\":\"https:\/\/ueberlebenskunst.at\/survivalshop\/shop\/alles-ueber-giersch-als-nahrung-und-medizin\/\",\"url\":\"https:\/\/ueberlebenskunst.at\/survivalshop\/shop\/alles-ueber-giersch-als-nahrung-und-medizin\/\",\"name\":\"Alles \u00fcber Giersch - Als Nahrung und Medizin - Reini Rossmann - Survival Shop\",\"isPartOf\":{\"@id\":\"https:\/\/ueberlebenskunst.at\/survivalshop\/#website\"},\"primaryImageOfPage\":{\"@id\":\"https:\/\/ueberlebenskunst.at\/survivalshop\/shop\/alles-ueber-giersch-als-nahrung-und-medizin\/#primaryimage\"},\"image\":{\"@id\":\"https:\/\/ueberlebenskunst.at\/survivalshop\/shop\/alles-ueber-giersch-als-nahrung-und-medizin\/#primaryimage\"},\"thumbnailUrl\":\"https:\/\/ueberlebenskunst.at\/survivalshop\/wp-content\/uploads\/2020\/06\/Giersch-Buch.jpg\",\"datePublished\":\"2020-06-18T15:54:05+00:00\",\"dateModified\":\"2026-03-28T11:01:07+00:00\",\"breadcrumb\":{\"@id\":\"https:\/\/ueberlebenskunst.at\/survivalshop\/shop\/alles-ueber-giersch-als-nahrung-und-medizin\/#breadcrumb\"},\"inLanguage\":\"de\",\"potentialAction\":[{\"@type\":\"ReadAction\",\"target\":[\"https:\/\/ueberlebenskunst.at\/survivalshop\/shop\/alles-ueber-giersch-als-nahrung-und-medizin\/\"]}]},{\"@type\":\"ImageObject\",\"inLanguage\":\"de\",\"@id\":\"https:\/\/ueberlebenskunst.at\/survivalshop\/shop\/alles-ueber-giersch-als-nahrung-und-medizin\/#primaryimage\",\"url\":\"https:\/\/ueberlebenskunst.at\/survivalshop\/wp-content\/uploads\/2020\/06\/Giersch-Buch.jpg\",\"contentUrl\":\"https:\/\/ueberlebenskunst.at\/survivalshop\/wp-content\/uploads\/2020\/06\/Giersch-Buch.jpg\",\"width\":1166,\"height\":1162},{\"@type\":\"BreadcrumbList\",\"@id\":\"https:\/\/ueberlebenskunst.at\/survivalshop\/shop\/alles-ueber-giersch-als-nahrung-und-medizin\/#breadcrumb\",\"itemListElement\":[{\"@type\":\"ListItem\",\"position\":1,\"name\":\"Startseite\",\"item\":\"https:\/\/ueberlebenskunst.at\/survivalshop\/\"},{\"@type\":\"ListItem\",\"position\":2,\"name\":\"Shop\",\"item\":\"https:\/\/ueberlebenskunst.at\/survivalshop\/shop\/\"},{\"@type\":\"ListItem\",\"position\":3,\"name\":\"Alles \u00fcber Giersch &#8211; Als Nahrung und Medizin\"}]},{\"@type\":\"WebSite\",\"@id\":\"https:\/\/ueberlebenskunst.at\/survivalshop\/#website\",\"url\":\"https:\/\/ueberlebenskunst.at\/survivalshop\/\",\"name\":\"Reini Rossmann - Survival Shop\",\"description\":\"Survival Shop f\u00fcr Survival, Bushcraft und Prepper\",\"potentialAction\":[{\"@type\":\"SearchAction\",\"target\":{\"@type\":\"EntryPoint\",\"urlTemplate\":\"https:\/\/ueberlebenskunst.at\/survivalshop\/?s={search_term_string}\"},\"query-input\":{\"@type\":\"PropertyValueSpecification\",\"valueRequired\":true,\"valueName\":\"search_term_string\"}}],\"inLanguage\":\"de\"}]}<\/script>\n<!-- \/ Yoast SEO plugin. -->","yoast_head_json":{"title":"Alles \u00fcber Giersch - Als Nahrung und Medizin - Reini Rossmann - Survival Shop","robots":{"index":"index","follow":"follow","max-snippet":"max-snippet:-1","max-image-preview":"max-image-preview:large","max-video-preview":"max-video-preview:-1"},"canonical":"https:\/\/ueberlebenskunst.at\/survivalshop\/shop\/alles-ueber-giersch-als-nahrung-und-medizin\/","og_locale":"de_DE","og_type":"article","og_title":"Alles \u00fcber Giersch - Als Nahrung und Medizin - Reini Rossmann - Survival Shop","og_description":"Giersch ist ein l\u00e4stiges Gartenunkraut, dem mit keinen herk\u00f6mmlichen Methoden beizukommen ist. Doch bei genauer Betrachtung ist der Giersch ein wunderbares Heilkraut und eine gesunde Nahrungspflanze. Im Buch \u201eAlles \u00fcber Giersch\u201c erf\u00e4hrst du wirklich alles \u00fcber Heilanwendungen, Inhaltsstoffe, Verwendung in der alten Kr\u00e4utermedizin sowie die Wirkungen auf Mensch und Tier. Als Extra gibt es eine [&hellip;]","og_url":"https:\/\/ueberlebenskunst.at\/survivalshop\/shop\/alles-ueber-giersch-als-nahrung-und-medizin\/","og_site_name":"Reini Rossmann - Survival Shop","article_publisher":"https:\/\/www.facebook.com\/survival24.org\/","article_modified_time":"2026-03-28T11:01:07+00:00","og_image":[{"width":1166,"height":1162,"url":"https:\/\/ueberlebenskunst.at\/survivalshop\/wp-content\/uploads\/2020\/06\/Giersch-Buch.jpg","type":"image\/jpeg"}],"twitter_card":"summary_large_image","twitter_misc":{"Gesch\u00e4tzte Lesezeit":"1\u00a0Minute"},"schema":{"@context":"https:\/\/schema.org","@graph":[{"@type":"WebPage","@id":"https:\/\/ueberlebenskunst.at\/survivalshop\/shop\/alles-ueber-giersch-als-nahrung-und-medizin\/","url":"https:\/\/ueberlebenskunst.at\/survivalshop\/shop\/alles-ueber-giersch-als-nahrung-und-medizin\/","name":"Alles \u00fcber Giersch - Als Nahrung und Medizin - Reini Rossmann - Survival Shop","isPartOf":{"@id":"https:\/\/ueberlebenskunst.at\/survivalshop\/#website"},"primaryImageOfPage":{"@id":"https:\/\/ueberlebenskunst.at\/survivalshop\/shop\/alles-ueber-giersch-als-nahrung-und-medizin\/#primaryimage"},"image":{"@id":"https:\/\/ueberlebenskunst.at\/survivalshop\/shop\/alles-ueber-giersch-als-nahrung-und-medizin\/#primaryimage"},"thumbnailUrl":"https:\/\/ueberlebenskunst.at\/survivalshop\/wp-content\/uploads\/2020\/06\/Giersch-Buch.jpg","datePublished":"2020-06-18T15:54:05+00:00","dateModified":"2026-03-28T11:01:07+00:00","breadcrumb":{"@id":"https:\/\/ueberlebenskunst.at\/survivalshop\/shop\/alles-ueber-giersch-als-nahrung-und-medizin\/#breadcrumb"},"inLanguage":"de","potentialAction":[{"@type":"ReadAction","target":["https:\/\/ueberlebenskunst.at\/survivalshop\/shop\/alles-ueber-giersch-als-nahrung-und-medizin\/"]}]},{"@type":"ImageObject","inLanguage":"de","@id":"https:\/\/ueberlebenskunst.at\/survivalshop\/shop\/alles-ueber-giersch-als-nahrung-und-medizin\/#primaryimage","url":"https:\/\/ueberlebenskunst.at\/survivalshop\/wp-content\/uploads\/2020\/06\/Giersch-Buch.jpg","contentUrl":"https:\/\/ueberlebenskunst.at\/survivalshop\/wp-content\/uploads\/2020\/06\/Giersch-Buch.jpg","width":1166,"height":1162},{"@type":"BreadcrumbList","@id":"https:\/\/ueberlebenskunst.at\/survivalshop\/shop\/alles-ueber-giersch-als-nahrung-und-medizin\/#breadcrumb","itemListElement":[{"@type":"ListItem","position":1,"name":"Startseite","item":"https:\/\/ueberlebenskunst.at\/survivalshop\/"},{"@type":"ListItem","position":2,"name":"Shop","item":"https:\/\/ueberlebenskunst.at\/survivalshop\/shop\/"},{"@type":"ListItem","position":3,"name":"Alles \u00fcber Giersch &#8211; Als Nahrung und Medizin"}]},{"@type":"WebSite","@id":"https:\/\/ueberlebenskunst.at\/survivalshop\/#website","url":"https:\/\/ueberlebenskunst.at\/survivalshop\/","name":"Reini Rossmann - Survival Shop","description":"Survival Shop f\u00fcr Survival, Bushcraft und Prepper","potentialAction":[{"@type":"SearchAction","target":{"@type":"EntryPoint","urlTemplate":"https:\/\/ueberlebenskunst.at\/survivalshop\/?s={search_term_string}"},"query-input":{"@type":"PropertyValueSpecification","valueRequired":true,"valueName":"search_term_string"}}],"inLanguage":"de"}]}},"_links":{"self":[{"href":"https:\/\/ueberlebenskunst.at\/survivalshop\/wp-json\/wp\/v2\/product\/15951","targetHints":{"allow":["GET"]}}],"collection":[{"href":"https:\/\/ueberlebenskunst.at\/survivalshop\/wp-json\/wp\/v2\/product"}],"about":[{"href":"https:\/\/ueberlebenskunst.at\/survivalshop\/wp-json\/wp\/v2\/types\/product"}],"replies":[{"embeddable":true,"href":"https:\/\/ueberlebenskunst.at\/survivalshop\/wp-json\/wp\/v2\/comments?post=15951"}],"wp:featuredmedia":[{"embeddable":true,"href":"https:\/\/ueberlebenskunst.at\/survivalshop\/wp-json\/wp\/v2\/media\/15955"}],"wp:attachment":[{"href":"https:\/\/ueberlebenskunst.at\/survivalshop\/wp-json\/wp\/v2\/media?parent=15951"}],"wp:term":[{"taxonomy":"product_brand","embeddable":true,"href":"https:\/\/ueberlebenskunst.at\/survivalshop\/wp-json\/wp\/v2\/product_brand?post=15951"},{"taxonomy":"product_cat","embeddable":true,"href":"https:\/\/ueberlebenskunst.at\/survivalshop\/wp-json\/wp\/v2\/product_cat?post=15951"},{"taxonomy":"product_tag","embeddable":true,"href":"https:\/\/ueberlebenskunst.at\/survivalshop\/wp-json\/wp\/v2\/product_tag?post=15951"}],"curies":[{"name":"wp","href":"https:\/\/api.w.org\/{rel}","templated":true}]}}