{"id":157076,"date":"2024-01-17T06:25:20","date_gmt":"2024-01-17T05:25:20","guid":{"rendered":"https:\/\/ueberlebenskunst.at\/survivalshop\/?post_type=product&#038;p=157076"},"modified":"2024-11-20T12:33:51","modified_gmt":"2024-11-20T11:33:51","slug":"nitecore-edc33-taschenlampe","status":"seo-produkt","type":"product","link":"https:\/\/ueberlebenskunst.at\/survivalshop\/shop\/nitecore-edc33-taschenlampe\/","title":{"rendered":"Nitecore EDC33 Taschenlampe"},"content":{"rendered":"<p>Die Nitecore EDC33 ist eine kompakte und leistungsstarke EDC-Taschenlampe mit taktischer Ausrichtung. Sie ist mit 9 LED-Kernen der NiteLab UHi 20 LED ausgestattet, was eine beeindruckende Helligkeit von bis zu 4000 Lumen erm\u00f6glicht. Die Steuerung der LED erm\u00f6glicht es, ein starkes Spotlicht mit 1700 Lumen und einer Reichweite von 450 Metern zu erzeugen. Mit der Lumin Shield TM Funktion k\u00f6nnen die 8 \u00e4u\u00dferen LEDs zugeschaltet werden, um ein Flutlicht mit 4000 Lumen zu erzeugen. Eine weitere Innovation ist der fest verbaute 18650 Li-Ion Akku mit einer Kapazit\u00e4t von 4000mAh. Die Taschenlampe verf\u00fcgt \u00fcber einen mechanischen Lockout, um sie zu sperren, und der Heckschalter ist als Zwei-Stufen-Schalter ausgelegt. Beachten Sie jedoch, dass die Funktionen Lumin Shield TM und SEARCH als Momentlicht konzipiert sind und nicht dauerhaft eingeschaltet werden k\u00f6nnen. Ein optischer Sensor erkennt Hindernisse vor der Linse und reduziert die Helligkeit, um Sch\u00e4den zu vermeiden. Das robuste Geh\u00e4use aus 7075-T6 Aluminium ist gem\u00e4\u00df IP68 gegen Staub und Spritzwasser gesch\u00fctzt. Die Taschenlampe wird mit einem USB-C-Ladekabel, einem Lanyard und einem Clip geliefert.<\/p>\n<h3>Produktdaten:<\/h3>\n<ul>\n<li>Gewicht: 124 g<\/li>\n<li>Lumen: 4000<\/li>\n<li>Stromversorgung: 18650 Akku<\/li>\n<\/ul>\n","protected":false},"excerpt":{"rendered":"<p>Die Nitecore EDC33 ist eine kompakte und leistungsstarke EDC-Taschenlampe mit taktischer Ausrichtung. Sie ist mit 9 LED-Kernen der NiteLab UHi 20 LED ausgestattet, was eine beeindruckende Helligkeit von bis zu 4000 Lumen erm\u00f6glicht. Die Steuerung der LED erm\u00f6glicht es, ein starkes Spotlicht mit 1700 Lumen und einer Reichweite von 450 Metern zu erzeugen. Mit der [&hellip;]<\/p>\n","protected":false},"featured_media":157077,"comment_status":"open","ping_status":"closed","template":"","meta":{"_acf_changed":false},"product_brand":[],"product_cat":[426],"product_tag":[908],"class_list":{"0":"post-157076","1":"product","2":"type-product","3":"status-seo-produkt","4":"has-post-thumbnail","6":"product_cat-unkategorisiert","7":"product_tag-nitecore","9":"first","10":"outofstock","11":"sale","12":"taxable","13":"shipping-taxable","14":"product-type-simple"},"acf":[],"yoast_head":"<!-- This site is optimized with the Yoast SEO plugin v27.1.1 - https:\/\/yoast.com\/product\/yoast-seo-wordpress\/ -->\n<title>Nitecore EDC33 Taschenlampe - Reini Rossmann - Survival Shop<\/title>\n<meta name=\"robots\" content=\"index, follow, max-snippet:-1, max-image-preview:large, max-video-preview:-1\" \/>\n<link rel=\"canonical\" href=\"https:\/\/ueberlebenskunst.at\/survivalshop\/shop\/nitecore-edc33-taschenlampe\/\" \/>\n<meta property=\"og:locale\" content=\"de_DE\" \/>\n<meta property=\"og:type\" content=\"article\" \/>\n<meta property=\"og:title\" content=\"Nitecore EDC33 Taschenlampe - Reini Rossmann - Survival Shop\" \/>\n<meta property=\"og:description\" content=\"Die Nitecore EDC33 ist eine kompakte und leistungsstarke EDC-Taschenlampe mit taktischer Ausrichtung. Sie ist mit 9 LED-Kernen der NiteLab UHi 20 LED ausgestattet, was eine beeindruckende Helligkeit von bis zu 4000 Lumen erm\u00f6glicht. Die Steuerung der LED erm\u00f6glicht es, ein starkes Spotlicht mit 1700 Lumen und einer Reichweite von 450 Metern zu erzeugen. Mit der [&hellip;]\" \/>\n<meta property=\"og:url\" content=\"https:\/\/ueberlebenskunst.at\/survivalshop\/shop\/nitecore-edc33-taschenlampe\/\" \/>\n<meta property=\"og:site_name\" content=\"Reini Rossmann - Survival Shop\" \/>\n<meta property=\"article:publisher\" content=\"https:\/\/www.facebook.com\/survival24.org\/\" \/>\n<meta property=\"article:modified_time\" content=\"2024-11-20T11:33:51+00:00\" \/>\n<meta property=\"og:image\" content=\"https:\/\/ueberlebenskunst.at\/survivalshop\/wp-content\/uploads\/2024\/01\/NitecoreEDC33.jpg\" \/>\n\t<meta property=\"og:image:width\" content=\"400\" \/>\n\t<meta property=\"og:image:height\" content=\"422\" \/>\n\t<meta property=\"og:image:type\" content=\"image\/jpeg\" \/>\n<meta name=\"twitter:card\" content=\"summary_large_image\" \/>\n<meta name=\"twitter:label1\" content=\"Gesch\u00e4tzte Lesezeit\" \/>\n\t<meta name=\"twitter:data1\" content=\"2\u00a0Minuten\" \/>\n<script type=\"application\/ld+json\" class=\"yoast-schema-graph\">{\"@context\":\"https:\/\/schema.org\",\"@graph\":[{\"@type\":\"WebPage\",\"@id\":\"https:\/\/ueberlebenskunst.at\/survivalshop\/shop\/nitecore-edc33-taschenlampe\/\",\"url\":\"https:\/\/ueberlebenskunst.at\/survivalshop\/shop\/nitecore-edc33-taschenlampe\/\",\"name\":\"Nitecore EDC33 Taschenlampe - Reini Rossmann - Survival Shop\",\"isPartOf\":{\"@id\":\"https:\/\/ueberlebenskunst.at\/survivalshop\/#website\"},\"primaryImageOfPage\":{\"@id\":\"https:\/\/ueberlebenskunst.at\/survivalshop\/shop\/nitecore-edc33-taschenlampe\/#primaryimage\"},\"image\":{\"@id\":\"https:\/\/ueberlebenskunst.at\/survivalshop\/shop\/nitecore-edc33-taschenlampe\/#primaryimage\"},\"thumbnailUrl\":\"https:\/\/ueberlebenskunst.at\/survivalshop\/wp-content\/uploads\/2024\/01\/NitecoreEDC33.jpg\",\"datePublished\":\"2024-01-17T05:25:20+00:00\",\"dateModified\":\"2024-11-20T11:33:51+00:00\",\"breadcrumb\":{\"@id\":\"https:\/\/ueberlebenskunst.at\/survivalshop\/shop\/nitecore-edc33-taschenlampe\/#breadcrumb\"},\"inLanguage\":\"de\",\"potentialAction\":[{\"@type\":\"ReadAction\",\"target\":[\"https:\/\/ueberlebenskunst.at\/survivalshop\/shop\/nitecore-edc33-taschenlampe\/\"]}]},{\"@type\":\"ImageObject\",\"inLanguage\":\"de\",\"@id\":\"https:\/\/ueberlebenskunst.at\/survivalshop\/shop\/nitecore-edc33-taschenlampe\/#primaryimage\",\"url\":\"https:\/\/ueberlebenskunst.at\/survivalshop\/wp-content\/uploads\/2024\/01\/NitecoreEDC33.jpg\",\"contentUrl\":\"https:\/\/ueberlebenskunst.at\/survivalshop\/wp-content\/uploads\/2024\/01\/NitecoreEDC33.jpg\",\"width\":400,\"height\":422},{\"@type\":\"BreadcrumbList\",\"@id\":\"https:\/\/ueberlebenskunst.at\/survivalshop\/shop\/nitecore-edc33-taschenlampe\/#breadcrumb\",\"itemListElement\":[{\"@type\":\"ListItem\",\"position\":1,\"name\":\"Startseite\",\"item\":\"https:\/\/ueberlebenskunst.at\/survivalshop\/\"},{\"@type\":\"ListItem\",\"position\":2,\"name\":\"Shop\",\"item\":\"https:\/\/ueberlebenskunst.at\/survivalshop\/shop\/\"},{\"@type\":\"ListItem\",\"position\":3,\"name\":\"Nitecore EDC33 Taschenlampe\"}]},{\"@type\":\"WebSite\",\"@id\":\"https:\/\/ueberlebenskunst.at\/survivalshop\/#website\",\"url\":\"https:\/\/ueberlebenskunst.at\/survivalshop\/\",\"name\":\"Reini Rossmann - Survival Shop\",\"description\":\"Survival Shop f\u00fcr Survival, Bushcraft und Prepper\",\"potentialAction\":[{\"@type\":\"SearchAction\",\"target\":{\"@type\":\"EntryPoint\",\"urlTemplate\":\"https:\/\/ueberlebenskunst.at\/survivalshop\/?s={search_term_string}\"},\"query-input\":{\"@type\":\"PropertyValueSpecification\",\"valueRequired\":true,\"valueName\":\"search_term_string\"}}],\"inLanguage\":\"de\"}]}<\/script>\n<!-- \/ Yoast SEO plugin. -->","yoast_head_json":{"title":"Nitecore EDC33 Taschenlampe - Reini Rossmann - Survival Shop","robots":{"index":"index","follow":"follow","max-snippet":"max-snippet:-1","max-image-preview":"max-image-preview:large","max-video-preview":"max-video-preview:-1"},"canonical":"https:\/\/ueberlebenskunst.at\/survivalshop\/shop\/nitecore-edc33-taschenlampe\/","og_locale":"de_DE","og_type":"article","og_title":"Nitecore EDC33 Taschenlampe - Reini Rossmann - Survival Shop","og_description":"Die Nitecore EDC33 ist eine kompakte und leistungsstarke EDC-Taschenlampe mit taktischer Ausrichtung. Sie ist mit 9 LED-Kernen der NiteLab UHi 20 LED ausgestattet, was eine beeindruckende Helligkeit von bis zu 4000 Lumen erm\u00f6glicht. Die Steuerung der LED erm\u00f6glicht es, ein starkes Spotlicht mit 1700 Lumen und einer Reichweite von 450 Metern zu erzeugen. Mit der [&hellip;]","og_url":"https:\/\/ueberlebenskunst.at\/survivalshop\/shop\/nitecore-edc33-taschenlampe\/","og_site_name":"Reini Rossmann - Survival Shop","article_publisher":"https:\/\/www.facebook.com\/survival24.org\/","article_modified_time":"2024-11-20T11:33:51+00:00","og_image":[{"width":400,"height":422,"url":"https:\/\/ueberlebenskunst.at\/survivalshop\/wp-content\/uploads\/2024\/01\/NitecoreEDC33.jpg","type":"image\/jpeg"}],"twitter_card":"summary_large_image","twitter_misc":{"Gesch\u00e4tzte Lesezeit":"2\u00a0Minuten"},"schema":{"@context":"https:\/\/schema.org","@graph":[{"@type":"WebPage","@id":"https:\/\/ueberlebenskunst.at\/survivalshop\/shop\/nitecore-edc33-taschenlampe\/","url":"https:\/\/ueberlebenskunst.at\/survivalshop\/shop\/nitecore-edc33-taschenlampe\/","name":"Nitecore EDC33 Taschenlampe - Reini Rossmann - Survival Shop","isPartOf":{"@id":"https:\/\/ueberlebenskunst.at\/survivalshop\/#website"},"primaryImageOfPage":{"@id":"https:\/\/ueberlebenskunst.at\/survivalshop\/shop\/nitecore-edc33-taschenlampe\/#primaryimage"},"image":{"@id":"https:\/\/ueberlebenskunst.at\/survivalshop\/shop\/nitecore-edc33-taschenlampe\/#primaryimage"},"thumbnailUrl":"https:\/\/ueberlebenskunst.at\/survivalshop\/wp-content\/uploads\/2024\/01\/NitecoreEDC33.jpg","datePublished":"2024-01-17T05:25:20+00:00","dateModified":"2024-11-20T11:33:51+00:00","breadcrumb":{"@id":"https:\/\/ueberlebenskunst.at\/survivalshop\/shop\/nitecore-edc33-taschenlampe\/#breadcrumb"},"inLanguage":"de","potentialAction":[{"@type":"ReadAction","target":["https:\/\/ueberlebenskunst.at\/survivalshop\/shop\/nitecore-edc33-taschenlampe\/"]}]},{"@type":"ImageObject","inLanguage":"de","@id":"https:\/\/ueberlebenskunst.at\/survivalshop\/shop\/nitecore-edc33-taschenlampe\/#primaryimage","url":"https:\/\/ueberlebenskunst.at\/survivalshop\/wp-content\/uploads\/2024\/01\/NitecoreEDC33.jpg","contentUrl":"https:\/\/ueberlebenskunst.at\/survivalshop\/wp-content\/uploads\/2024\/01\/NitecoreEDC33.jpg","width":400,"height":422},{"@type":"BreadcrumbList","@id":"https:\/\/ueberlebenskunst.at\/survivalshop\/shop\/nitecore-edc33-taschenlampe\/#breadcrumb","itemListElement":[{"@type":"ListItem","position":1,"name":"Startseite","item":"https:\/\/ueberlebenskunst.at\/survivalshop\/"},{"@type":"ListItem","position":2,"name":"Shop","item":"https:\/\/ueberlebenskunst.at\/survivalshop\/shop\/"},{"@type":"ListItem","position":3,"name":"Nitecore EDC33 Taschenlampe"}]},{"@type":"WebSite","@id":"https:\/\/ueberlebenskunst.at\/survivalshop\/#website","url":"https:\/\/ueberlebenskunst.at\/survivalshop\/","name":"Reini Rossmann - Survival Shop","description":"Survival Shop f\u00fcr Survival, Bushcraft und Prepper","potentialAction":[{"@type":"SearchAction","target":{"@type":"EntryPoint","urlTemplate":"https:\/\/ueberlebenskunst.at\/survivalshop\/?s={search_term_string}"},"query-input":{"@type":"PropertyValueSpecification","valueRequired":true,"valueName":"search_term_string"}}],"inLanguage":"de"}]}},"_links":{"self":[{"href":"https:\/\/ueberlebenskunst.at\/survivalshop\/wp-json\/wp\/v2\/product\/157076","targetHints":{"allow":["GET"]}}],"collection":[{"href":"https:\/\/ueberlebenskunst.at\/survivalshop\/wp-json\/wp\/v2\/product"}],"about":[{"href":"https:\/\/ueberlebenskunst.at\/survivalshop\/wp-json\/wp\/v2\/types\/product"}],"replies":[{"embeddable":true,"href":"https:\/\/ueberlebenskunst.at\/survivalshop\/wp-json\/wp\/v2\/comments?post=157076"}],"wp:featuredmedia":[{"embeddable":true,"href":"https:\/\/ueberlebenskunst.at\/survivalshop\/wp-json\/wp\/v2\/media\/157077"}],"wp:attachment":[{"href":"https:\/\/ueberlebenskunst.at\/survivalshop\/wp-json\/wp\/v2\/media?parent=157076"}],"wp:term":[{"taxonomy":"product_brand","embeddable":true,"href":"https:\/\/ueberlebenskunst.at\/survivalshop\/wp-json\/wp\/v2\/product_brand?post=157076"},{"taxonomy":"product_cat","embeddable":true,"href":"https:\/\/ueberlebenskunst.at\/survivalshop\/wp-json\/wp\/v2\/product_cat?post=157076"},{"taxonomy":"product_tag","embeddable":true,"href":"https:\/\/ueberlebenskunst.at\/survivalshop\/wp-json\/wp\/v2\/product_tag?post=157076"}],"curies":[{"name":"wp","href":"https:\/\/api.w.org\/{rel}","templated":true}]}}