{"id":156307,"date":"2024-01-12T07:47:19","date_gmt":"2024-01-12T06:47:19","guid":{"rendered":"https:\/\/ueberlebenskunst.at\/survivalshop\/?post_type=product&#038;p=156307"},"modified":"2026-04-27T20:13:04","modified_gmt":"2026-04-27T18:13:04","slug":"steambow-m10-wechselmagazin","status":"publish","type":"product","link":"https:\/\/ueberlebenskunst.at\/survivalshop\/shop\/steambow-m10-wechselmagazin\/","title":{"rendered":"Steambow M10 Wechselmagazin"},"content":{"rendered":"<p>Das Steambow M10 Magazin passt perfekt zur M10 Armbrust von Steambow. Das Magazin umfasst 10 Bolzen. Alle Bolzen der Firma Steambow (<a href=\"https:\/\/ueberlebenskunst.at\/survivalshop\/shop\/aluminiumpfeile-6-fuer-pistolenarmbrust\/\" target=\"_blank\" rel=\"noopener\">\u00dcbungs<\/a>-, <a href=\"https:\/\/ueberlebenskunst.at\/survivalshop\/shop\/ar-series-carbon-bodkinpfeile-6-stk-set\/\" target=\"_blank\" rel=\"noopener\">Bodkin<\/a>-, <a href=\"https:\/\/ueberlebenskunst.at\/survivalshop\/shop\/ar-serie-carbon-broadheadpfeile-3-stk-set\/\" target=\"_blank\" rel=\"noopener\">Jagd<\/a>-, <a href=\"https:\/\/ueberlebenskunst.at\/survivalshop\/shop\/ar-series-carbon-kriegspfeile\/\" target=\"_blank\" rel=\"noopener\">Kriegsbolzen<\/a>) sind kompatibel. Das Magazin hat ungef\u00e4hr die Abmessungen eines klassischen Magazins und passt daher in die g\u00e4ngigsten Magazintaschen.<\/p>\n<p>Durch den Einsatz von Wechselmagazinen ist nicht nur ein \u00e4u\u00dferst schnelles Nachladen m\u00f6glich, sondern auch ein rascher Wechsel zwischen verschiedenen Pfeiltypen. Dadurch kann man sich bei sich zuspitzenden Situationen erheblich besser anpassen als mit einem fest eingebauten AR-6 Magazin. Zudem wird die Sicherheit erh\u00f6ht, da die scharfen Jagdklingen sicher in einem verschlossenen Beh\u00e4lter aufbewahrt werden. Im Vergleich zum AR-6 Speedloader erm\u00f6glicht dies nicht nur ein erheblich schnelleres Nachladen (ungef\u00e4hr 1 Sekunde gegen\u00fcber 5 Sekunden), sondern bietet auch einen besseren Schutz vor Verletzungen.<\/p>\n<h3>Technische Daten:<\/h3>\n<ul>\n<li>L\u00e4nge: 70 mm<\/li>\n<li>Breite: 30 mm<\/li>\n<li>H\u00f6he: 66 mm<\/li>\n<li>Gewicht: 186 g<\/li>\n<li>Material: schlagfestes, UV-best\u00e4ndiges Polymer<\/li>\n<\/ul>\n<h3>Lieferumfang:<\/h3>\n<ul>\n<li>1 St\u00fcck Steambow Wechselmagazin<\/li>\n<\/ul>\n<p><iframe hcb-fetch-image-from=\"https:\/\/youtu.be\/bAwuKy5kVPY\" title=\"FAQ zum Steambow M10 Upper\" width=\"640\" height=\"360\" src=\"https:\/\/www.youtube.com\/embed\/bAwuKy5kVPY?feature=oembed\" frameborder=\"0\" allow=\"accelerometer; autoplay; clipboard-write; encrypted-media; gyroscope; picture-in-picture; web-share\" referrerpolicy=\"strict-origin-when-cross-origin\" allowfullscreen><\/iframe><\/p>\n","protected":false},"excerpt":{"rendered":"<p>Das Steambow M10 Magazin passt perfekt zur M10 Armbrust von Steambow. Das Magazin umfasst 10 Bolzen. Alle Bolzen der Firma Steambow (\u00dcbungs-, Bodkin-, Jagd-, Kriegsbolzen) sind kompatibel. Das Magazin hat ungef\u00e4hr die Abmessungen eines klassischen Magazins und passt daher in die g\u00e4ngigsten Magazintaschen. Durch den Einsatz von Wechselmagazinen ist nicht nur ein \u00e4u\u00dferst schnelles Nachladen [&hellip;]<\/p>\n","protected":false},"featured_media":156309,"comment_status":"open","ping_status":"closed","template":"","meta":{"_acf_changed":false},"product_brand":[],"product_cat":[1893],"product_tag":[2196,1413,975],"class_list":{"0":"post-156307","1":"product","2":"type-product","3":"status-publish","4":"has-post-thumbnail","6":"product_cat-steambow-stinger-bogensport-pfeil-kugel","7":"product_tag-m10","8":"product_tag-magazin","9":"product_tag-stinger-2-zubehoer","11":"first","12":"instock","13":"taxable","14":"shipping-taxable","15":"purchasable","16":"product-type-simple"},"acf":[],"yoast_head":"<!-- This site is optimized with the Yoast SEO plugin v27.1.1 - https:\/\/yoast.com\/product\/yoast-seo-wordpress\/ -->\n<title>Steambow M10 Wechselmagazin - Reini Rossmann - Survival Shop<\/title>\n<meta name=\"description\" content=\"Das Steambow M10 Magazin passt perfekt zur M10 Armbrust von Steambow. Das Magazin umfasst 10 Bolzen. Alle Bolzen der Firma Steambow (\u00dcbungs-, Bodkin-, Jagd-, Kriegsbolzen) sind kompatibel. Das Magazin hat ungef\u00e4hr die Abmessungen eines klassischen Magazins und passt daher in die g\u00e4ngigsten Magazintaschen.\" \/>\n<meta name=\"robots\" content=\"index, follow, max-snippet:-1, max-image-preview:large, max-video-preview:-1\" \/>\n<link rel=\"canonical\" href=\"https:\/\/ueberlebenskunst.at\/survivalshop\/shop\/steambow-m10-wechselmagazin\/\" \/>\n<meta property=\"og:locale\" content=\"de_DE\" \/>\n<meta property=\"og:type\" content=\"article\" \/>\n<meta property=\"og:title\" content=\"Steambow M10 Wechselmagazin - Reini Rossmann - Survival Shop\" \/>\n<meta property=\"og:description\" content=\"Das Steambow M10 Magazin passt perfekt zur M10 Armbrust von Steambow. Das Magazin umfasst 10 Bolzen. Alle Bolzen der Firma Steambow (\u00dcbungs-, Bodkin-, Jagd-, Kriegsbolzen) sind kompatibel. Das Magazin hat ungef\u00e4hr die Abmessungen eines klassischen Magazins und passt daher in die g\u00e4ngigsten Magazintaschen.\" \/>\n<meta property=\"og:url\" content=\"https:\/\/ueberlebenskunst.at\/survivalshop\/shop\/steambow-m10-wechselmagazin\/\" \/>\n<meta property=\"og:site_name\" content=\"Reini Rossmann - Survival Shop\" \/>\n<meta property=\"article:publisher\" content=\"https:\/\/www.facebook.com\/survival24.org\/\" \/>\n<meta property=\"article:modified_time\" content=\"2026-04-27T18:13:04+00:00\" \/>\n<meta property=\"og:image\" content=\"https:\/\/ueberlebenskunst.at\/survivalshop\/wp-content\/uploads\/2024\/01\/M10Magazin-1.jpg\" \/>\n\t<meta property=\"og:image:width\" content=\"1200\" \/>\n\t<meta property=\"og:image:height\" content=\"1200\" \/>\n\t<meta property=\"og:image:type\" content=\"image\/jpeg\" \/>\n<meta name=\"twitter:card\" content=\"summary_large_image\" \/>\n<meta name=\"twitter:label1\" content=\"Gesch\u00e4tzte Lesezeit\" \/>\n\t<meta name=\"twitter:data1\" content=\"2\u00a0Minuten\" \/>\n<script type=\"application\/ld+json\" class=\"yoast-schema-graph\">{\"@context\":\"https:\/\/schema.org\",\"@graph\":[{\"@type\":\"WebPage\",\"@id\":\"https:\/\/ueberlebenskunst.at\/survivalshop\/shop\/steambow-m10-wechselmagazin\/\",\"url\":\"https:\/\/ueberlebenskunst.at\/survivalshop\/shop\/steambow-m10-wechselmagazin\/\",\"name\":\"Steambow M10 Wechselmagazin - Reini Rossmann - Survival Shop\",\"isPartOf\":{\"@id\":\"https:\/\/ueberlebenskunst.at\/survivalshop\/#website\"},\"primaryImageOfPage\":{\"@id\":\"https:\/\/ueberlebenskunst.at\/survivalshop\/shop\/steambow-m10-wechselmagazin\/#primaryimage\"},\"image\":{\"@id\":\"https:\/\/ueberlebenskunst.at\/survivalshop\/shop\/steambow-m10-wechselmagazin\/#primaryimage\"},\"thumbnailUrl\":\"https:\/\/ueberlebenskunst.at\/survivalshop\/wp-content\/uploads\/2024\/01\/M10Magazin-1.jpg\",\"datePublished\":\"2024-01-12T06:47:19+00:00\",\"dateModified\":\"2026-04-27T18:13:04+00:00\",\"description\":\"Das Steambow M10 Magazin passt perfekt zur M10 Armbrust von Steambow. Das Magazin umfasst 10 Bolzen. Alle Bolzen der Firma Steambow (\u00dcbungs-, Bodkin-, Jagd-, Kriegsbolzen) sind kompatibel. Das Magazin hat ungef\u00e4hr die Abmessungen eines klassischen Magazins und passt daher in die g\u00e4ngigsten Magazintaschen.\",\"breadcrumb\":{\"@id\":\"https:\/\/ueberlebenskunst.at\/survivalshop\/shop\/steambow-m10-wechselmagazin\/#breadcrumb\"},\"inLanguage\":\"de\",\"potentialAction\":[{\"@type\":\"ReadAction\",\"target\":[\"https:\/\/ueberlebenskunst.at\/survivalshop\/shop\/steambow-m10-wechselmagazin\/\"]}]},{\"@type\":\"ImageObject\",\"inLanguage\":\"de\",\"@id\":\"https:\/\/ueberlebenskunst.at\/survivalshop\/shop\/steambow-m10-wechselmagazin\/#primaryimage\",\"url\":\"https:\/\/ueberlebenskunst.at\/survivalshop\/wp-content\/uploads\/2024\/01\/M10Magazin-1.jpg\",\"contentUrl\":\"https:\/\/ueberlebenskunst.at\/survivalshop\/wp-content\/uploads\/2024\/01\/M10Magazin-1.jpg\",\"width\":1200,\"height\":1200},{\"@type\":\"BreadcrumbList\",\"@id\":\"https:\/\/ueberlebenskunst.at\/survivalshop\/shop\/steambow-m10-wechselmagazin\/#breadcrumb\",\"itemListElement\":[{\"@type\":\"ListItem\",\"position\":1,\"name\":\"Startseite\",\"item\":\"https:\/\/ueberlebenskunst.at\/survivalshop\/\"},{\"@type\":\"ListItem\",\"position\":2,\"name\":\"Shop\",\"item\":\"https:\/\/ueberlebenskunst.at\/survivalshop\/shop\/\"},{\"@type\":\"ListItem\",\"position\":3,\"name\":\"Steambow M10 Wechselmagazin\"}]},{\"@type\":\"WebSite\",\"@id\":\"https:\/\/ueberlebenskunst.at\/survivalshop\/#website\",\"url\":\"https:\/\/ueberlebenskunst.at\/survivalshop\/\",\"name\":\"Reini Rossmann - Survival Shop\",\"description\":\"Survival Shop f\u00fcr Survival, Bushcraft und Prepper\",\"potentialAction\":[{\"@type\":\"SearchAction\",\"target\":{\"@type\":\"EntryPoint\",\"urlTemplate\":\"https:\/\/ueberlebenskunst.at\/survivalshop\/?s={search_term_string}\"},\"query-input\":{\"@type\":\"PropertyValueSpecification\",\"valueRequired\":true,\"valueName\":\"search_term_string\"}}],\"inLanguage\":\"de\"}]}<\/script>\n<!-- \/ Yoast SEO plugin. -->","yoast_head_json":{"title":"Steambow M10 Wechselmagazin - Reini Rossmann - Survival Shop","description":"Das Steambow M10 Magazin passt perfekt zur M10 Armbrust von Steambow. Das Magazin umfasst 10 Bolzen. Alle Bolzen der Firma Steambow (\u00dcbungs-, Bodkin-, Jagd-, Kriegsbolzen) sind kompatibel. Das Magazin hat ungef\u00e4hr die Abmessungen eines klassischen Magazins und passt daher in die g\u00e4ngigsten Magazintaschen.","robots":{"index":"index","follow":"follow","max-snippet":"max-snippet:-1","max-image-preview":"max-image-preview:large","max-video-preview":"max-video-preview:-1"},"canonical":"https:\/\/ueberlebenskunst.at\/survivalshop\/shop\/steambow-m10-wechselmagazin\/","og_locale":"de_DE","og_type":"article","og_title":"Steambow M10 Wechselmagazin - Reini Rossmann - Survival Shop","og_description":"Das Steambow M10 Magazin passt perfekt zur M10 Armbrust von Steambow. Das Magazin umfasst 10 Bolzen. Alle Bolzen der Firma Steambow (\u00dcbungs-, Bodkin-, Jagd-, Kriegsbolzen) sind kompatibel. Das Magazin hat ungef\u00e4hr die Abmessungen eines klassischen Magazins und passt daher in die g\u00e4ngigsten Magazintaschen.","og_url":"https:\/\/ueberlebenskunst.at\/survivalshop\/shop\/steambow-m10-wechselmagazin\/","og_site_name":"Reini Rossmann - Survival Shop","article_publisher":"https:\/\/www.facebook.com\/survival24.org\/","article_modified_time":"2026-04-27T18:13:04+00:00","og_image":[{"width":1200,"height":1200,"url":"https:\/\/ueberlebenskunst.at\/survivalshop\/wp-content\/uploads\/2024\/01\/M10Magazin-1.jpg","type":"image\/jpeg"}],"twitter_card":"summary_large_image","twitter_misc":{"Gesch\u00e4tzte Lesezeit":"2\u00a0Minuten"},"schema":{"@context":"https:\/\/schema.org","@graph":[{"@type":"WebPage","@id":"https:\/\/ueberlebenskunst.at\/survivalshop\/shop\/steambow-m10-wechselmagazin\/","url":"https:\/\/ueberlebenskunst.at\/survivalshop\/shop\/steambow-m10-wechselmagazin\/","name":"Steambow M10 Wechselmagazin - Reini Rossmann - Survival Shop","isPartOf":{"@id":"https:\/\/ueberlebenskunst.at\/survivalshop\/#website"},"primaryImageOfPage":{"@id":"https:\/\/ueberlebenskunst.at\/survivalshop\/shop\/steambow-m10-wechselmagazin\/#primaryimage"},"image":{"@id":"https:\/\/ueberlebenskunst.at\/survivalshop\/shop\/steambow-m10-wechselmagazin\/#primaryimage"},"thumbnailUrl":"https:\/\/ueberlebenskunst.at\/survivalshop\/wp-content\/uploads\/2024\/01\/M10Magazin-1.jpg","datePublished":"2024-01-12T06:47:19+00:00","dateModified":"2026-04-27T18:13:04+00:00","description":"Das Steambow M10 Magazin passt perfekt zur M10 Armbrust von Steambow. Das Magazin umfasst 10 Bolzen. Alle Bolzen der Firma Steambow (\u00dcbungs-, Bodkin-, Jagd-, Kriegsbolzen) sind kompatibel. Das Magazin hat ungef\u00e4hr die Abmessungen eines klassischen Magazins und passt daher in die g\u00e4ngigsten Magazintaschen.","breadcrumb":{"@id":"https:\/\/ueberlebenskunst.at\/survivalshop\/shop\/steambow-m10-wechselmagazin\/#breadcrumb"},"inLanguage":"de","potentialAction":[{"@type":"ReadAction","target":["https:\/\/ueberlebenskunst.at\/survivalshop\/shop\/steambow-m10-wechselmagazin\/"]}]},{"@type":"ImageObject","inLanguage":"de","@id":"https:\/\/ueberlebenskunst.at\/survivalshop\/shop\/steambow-m10-wechselmagazin\/#primaryimage","url":"https:\/\/ueberlebenskunst.at\/survivalshop\/wp-content\/uploads\/2024\/01\/M10Magazin-1.jpg","contentUrl":"https:\/\/ueberlebenskunst.at\/survivalshop\/wp-content\/uploads\/2024\/01\/M10Magazin-1.jpg","width":1200,"height":1200},{"@type":"BreadcrumbList","@id":"https:\/\/ueberlebenskunst.at\/survivalshop\/shop\/steambow-m10-wechselmagazin\/#breadcrumb","itemListElement":[{"@type":"ListItem","position":1,"name":"Startseite","item":"https:\/\/ueberlebenskunst.at\/survivalshop\/"},{"@type":"ListItem","position":2,"name":"Shop","item":"https:\/\/ueberlebenskunst.at\/survivalshop\/shop\/"},{"@type":"ListItem","position":3,"name":"Steambow M10 Wechselmagazin"}]},{"@type":"WebSite","@id":"https:\/\/ueberlebenskunst.at\/survivalshop\/#website","url":"https:\/\/ueberlebenskunst.at\/survivalshop\/","name":"Reini Rossmann - Survival Shop","description":"Survival Shop f\u00fcr Survival, Bushcraft und Prepper","potentialAction":[{"@type":"SearchAction","target":{"@type":"EntryPoint","urlTemplate":"https:\/\/ueberlebenskunst.at\/survivalshop\/?s={search_term_string}"},"query-input":{"@type":"PropertyValueSpecification","valueRequired":true,"valueName":"search_term_string"}}],"inLanguage":"de"}]}},"_links":{"self":[{"href":"https:\/\/ueberlebenskunst.at\/survivalshop\/wp-json\/wp\/v2\/product\/156307","targetHints":{"allow":["GET"]}}],"collection":[{"href":"https:\/\/ueberlebenskunst.at\/survivalshop\/wp-json\/wp\/v2\/product"}],"about":[{"href":"https:\/\/ueberlebenskunst.at\/survivalshop\/wp-json\/wp\/v2\/types\/product"}],"replies":[{"embeddable":true,"href":"https:\/\/ueberlebenskunst.at\/survivalshop\/wp-json\/wp\/v2\/comments?post=156307"}],"wp:featuredmedia":[{"embeddable":true,"href":"https:\/\/ueberlebenskunst.at\/survivalshop\/wp-json\/wp\/v2\/media\/156309"}],"wp:attachment":[{"href":"https:\/\/ueberlebenskunst.at\/survivalshop\/wp-json\/wp\/v2\/media?parent=156307"}],"wp:term":[{"taxonomy":"product_brand","embeddable":true,"href":"https:\/\/ueberlebenskunst.at\/survivalshop\/wp-json\/wp\/v2\/product_brand?post=156307"},{"taxonomy":"product_cat","embeddable":true,"href":"https:\/\/ueberlebenskunst.at\/survivalshop\/wp-json\/wp\/v2\/product_cat?post=156307"},{"taxonomy":"product_tag","embeddable":true,"href":"https:\/\/ueberlebenskunst.at\/survivalshop\/wp-json\/wp\/v2\/product_tag?post=156307"}],"curies":[{"name":"wp","href":"https:\/\/api.w.org\/{rel}","templated":true}]}}