{"id":155632,"date":"2024-01-03T08:27:52","date_gmt":"2024-01-03T07:27:52","guid":{"rendered":"https:\/\/ueberlebenskunst.at\/survivalshop\/?post_type=product&#038;p=155632"},"modified":"2026-04-17T06:40:40","modified_gmt":"2026-04-17T04:40:40","slug":"adder-2-0-upgrade-kit-180-lbs","status":"publish","type":"product","link":"https:\/\/ueberlebenskunst.at\/survivalshop\/shop\/adder-2-0-upgrade-kit-180-lbs\/","title":{"rendered":"Adder 2.0 &#8211; Upgrade Kit 180 lbs"},"content":{"rendered":"<p>Deine EK Adder Magazin Armbrust mit 180 lbs und maximaler Power?<br \/>\nJa, das geht mit dem originalen brandneuen Upgrade Kit.<\/p>\n<p>Das Adder Upgrade Kit auf 180 lbs besteht aus nachfolgenden Teilen:<\/p>\n<ul>\n<li>1x 180 lbs Wurfarm inkl. Montageblock (bereits gespannt)<\/li>\n<li>1x verst\u00e4rkte Schlosseinheit f\u00fcr hohes Zuggewicht<\/li>\n<li>1x verst\u00e4rkter und verl\u00e4ngerter Spannhebel<\/li>\n<li>1x Pfeilschiene<\/li>\n<li>14x <a href=\"https:\/\/ueberlebenskunst.at\/survivalshop\/shop\/adder-carbon-bolt-75\/\" target=\"_blank\" rel=\"noopener\">Adder Pfeile 7,5\u201c mit blauen Vanes<\/a><\/li>\n<\/ul>\n<p>Bitte beachte, dass Armbrust und Magazin selbst NICHT im Lieferumfang enthalten sind.<\/p>\n","protected":false},"excerpt":{"rendered":"<p>Deine EK Adder Magazin Armbrust mit 180 lbs und maximaler Power? Ja, das geht mit dem originalen brandneuen Upgrade Kit. Das Adder Upgrade Kit auf 180 lbs besteht aus nachfolgenden Teilen: 1x 180 lbs Wurfarm inkl. Montageblock (bereits gespannt) 1x verst\u00e4rkte Schlosseinheit f\u00fcr hohes Zuggewicht 1x verst\u00e4rkter und verl\u00e4ngerter Spannhebel 1x Pfeilschiene 14x Adder Pfeile [&hellip;]<\/p>\n","protected":false},"featured_media":155633,"comment_status":"open","ping_status":"closed","template":"","meta":{"_acf_changed":false},"product_brand":[],"product_cat":[1895],"product_tag":[1185],"class_list":{"0":"post-155632","1":"product","2":"type-product","3":"status-publish","4":"has-post-thumbnail","6":"product_cat-ek-archery-adder-bogensport-pfeil-kugel","7":"product_tag-adder","9":"first","10":"instock","11":"taxable","12":"shipping-taxable","13":"purchasable","14":"product-type-simple"},"acf":[],"yoast_head":"<!-- This site is optimized with the Yoast SEO plugin v27.1.1 - https:\/\/yoast.com\/product\/yoast-seo-wordpress\/ -->\n<title>Adder 2.0 - Upgrade Kit 180 lbs - Reini Rossmann - Survival Shop<\/title>\n<meta name=\"description\" content=\"Deine EK Adder Magazin Armbrust mit 180 lbs und maximaler Power?Ja, das geht mit dem originalen brandneuen Upgrade Kit.\" \/>\n<meta name=\"robots\" content=\"index, follow, max-snippet:-1, max-image-preview:large, max-video-preview:-1\" \/>\n<link rel=\"canonical\" href=\"https:\/\/ueberlebenskunst.at\/survivalshop\/shop\/adder-2-0-upgrade-kit-180-lbs\/\" \/>\n<meta property=\"og:locale\" content=\"de_DE\" \/>\n<meta property=\"og:type\" content=\"article\" \/>\n<meta property=\"og:title\" content=\"Adder 2.0 - Upgrade Kit 180 lbs - Reini Rossmann - Survival Shop\" \/>\n<meta property=\"og:description\" content=\"Deine EK Adder Magazin Armbrust mit 180 lbs und maximaler Power?Ja, das geht mit dem originalen brandneuen Upgrade Kit.\" \/>\n<meta property=\"og:url\" content=\"https:\/\/ueberlebenskunst.at\/survivalshop\/shop\/adder-2-0-upgrade-kit-180-lbs\/\" \/>\n<meta property=\"og:site_name\" content=\"Reini Rossmann - Survival Shop\" \/>\n<meta property=\"article:publisher\" content=\"https:\/\/www.facebook.com\/survival24.org\/\" \/>\n<meta property=\"article:modified_time\" content=\"2026-04-17T04:40:40+00:00\" \/>\n<meta property=\"og:image\" content=\"https:\/\/ueberlebenskunst.at\/survivalshop\/wp-content\/uploads\/2024\/01\/B30096.jpg\" \/>\n\t<meta property=\"og:image:width\" content=\"400\" \/>\n\t<meta property=\"og:image:height\" content=\"396\" \/>\n\t<meta property=\"og:image:type\" content=\"image\/jpeg\" \/>\n<meta name=\"twitter:card\" content=\"summary_large_image\" \/>\n<meta name=\"twitter:label1\" content=\"Gesch\u00e4tzte Lesezeit\" \/>\n\t<meta name=\"twitter:data1\" content=\"1\u00a0Minute\" \/>\n<script type=\"application\/ld+json\" class=\"yoast-schema-graph\">{\"@context\":\"https:\/\/schema.org\",\"@graph\":[{\"@type\":\"WebPage\",\"@id\":\"https:\/\/ueberlebenskunst.at\/survivalshop\/shop\/adder-2-0-upgrade-kit-180-lbs\/\",\"url\":\"https:\/\/ueberlebenskunst.at\/survivalshop\/shop\/adder-2-0-upgrade-kit-180-lbs\/\",\"name\":\"Adder 2.0 - Upgrade Kit 180 lbs - Reini Rossmann - Survival Shop\",\"isPartOf\":{\"@id\":\"https:\/\/ueberlebenskunst.at\/survivalshop\/#website\"},\"primaryImageOfPage\":{\"@id\":\"https:\/\/ueberlebenskunst.at\/survivalshop\/shop\/adder-2-0-upgrade-kit-180-lbs\/#primaryimage\"},\"image\":{\"@id\":\"https:\/\/ueberlebenskunst.at\/survivalshop\/shop\/adder-2-0-upgrade-kit-180-lbs\/#primaryimage\"},\"thumbnailUrl\":\"https:\/\/ueberlebenskunst.at\/survivalshop\/wp-content\/uploads\/2024\/01\/B30096.jpg\",\"datePublished\":\"2024-01-03T07:27:52+00:00\",\"dateModified\":\"2026-04-17T04:40:40+00:00\",\"description\":\"Deine EK Adder Magazin Armbrust mit 180 lbs und maximaler Power?Ja, das geht mit dem originalen brandneuen Upgrade Kit.\",\"breadcrumb\":{\"@id\":\"https:\/\/ueberlebenskunst.at\/survivalshop\/shop\/adder-2-0-upgrade-kit-180-lbs\/#breadcrumb\"},\"inLanguage\":\"de\",\"potentialAction\":[{\"@type\":\"ReadAction\",\"target\":[\"https:\/\/ueberlebenskunst.at\/survivalshop\/shop\/adder-2-0-upgrade-kit-180-lbs\/\"]}]},{\"@type\":\"ImageObject\",\"inLanguage\":\"de\",\"@id\":\"https:\/\/ueberlebenskunst.at\/survivalshop\/shop\/adder-2-0-upgrade-kit-180-lbs\/#primaryimage\",\"url\":\"https:\/\/ueberlebenskunst.at\/survivalshop\/wp-content\/uploads\/2024\/01\/B30096.jpg\",\"contentUrl\":\"https:\/\/ueberlebenskunst.at\/survivalshop\/wp-content\/uploads\/2024\/01\/B30096.jpg\",\"width\":400,\"height\":396},{\"@type\":\"BreadcrumbList\",\"@id\":\"https:\/\/ueberlebenskunst.at\/survivalshop\/shop\/adder-2-0-upgrade-kit-180-lbs\/#breadcrumb\",\"itemListElement\":[{\"@type\":\"ListItem\",\"position\":1,\"name\":\"Startseite\",\"item\":\"https:\/\/ueberlebenskunst.at\/survivalshop\/\"},{\"@type\":\"ListItem\",\"position\":2,\"name\":\"Shop\",\"item\":\"https:\/\/ueberlebenskunst.at\/survivalshop\/shop\/\"},{\"@type\":\"ListItem\",\"position\":3,\"name\":\"Adder 2.0 &#8211; Upgrade Kit 180 lbs\"}]},{\"@type\":\"WebSite\",\"@id\":\"https:\/\/ueberlebenskunst.at\/survivalshop\/#website\",\"url\":\"https:\/\/ueberlebenskunst.at\/survivalshop\/\",\"name\":\"Reini Rossmann - Survival Shop\",\"description\":\"Survival Shop f\u00fcr Survival, Bushcraft und Prepper\",\"potentialAction\":[{\"@type\":\"SearchAction\",\"target\":{\"@type\":\"EntryPoint\",\"urlTemplate\":\"https:\/\/ueberlebenskunst.at\/survivalshop\/?s={search_term_string}\"},\"query-input\":{\"@type\":\"PropertyValueSpecification\",\"valueRequired\":true,\"valueName\":\"search_term_string\"}}],\"inLanguage\":\"de\"}]}<\/script>\n<!-- \/ Yoast SEO plugin. -->","yoast_head_json":{"title":"Adder 2.0 - Upgrade Kit 180 lbs - Reini Rossmann - Survival Shop","description":"Deine EK Adder Magazin Armbrust mit 180 lbs und maximaler Power?Ja, das geht mit dem originalen brandneuen Upgrade Kit.","robots":{"index":"index","follow":"follow","max-snippet":"max-snippet:-1","max-image-preview":"max-image-preview:large","max-video-preview":"max-video-preview:-1"},"canonical":"https:\/\/ueberlebenskunst.at\/survivalshop\/shop\/adder-2-0-upgrade-kit-180-lbs\/","og_locale":"de_DE","og_type":"article","og_title":"Adder 2.0 - Upgrade Kit 180 lbs - Reini Rossmann - Survival Shop","og_description":"Deine EK Adder Magazin Armbrust mit 180 lbs und maximaler Power?Ja, das geht mit dem originalen brandneuen Upgrade Kit.","og_url":"https:\/\/ueberlebenskunst.at\/survivalshop\/shop\/adder-2-0-upgrade-kit-180-lbs\/","og_site_name":"Reini Rossmann - Survival Shop","article_publisher":"https:\/\/www.facebook.com\/survival24.org\/","article_modified_time":"2026-04-17T04:40:40+00:00","og_image":[{"width":400,"height":396,"url":"https:\/\/ueberlebenskunst.at\/survivalshop\/wp-content\/uploads\/2024\/01\/B30096.jpg","type":"image\/jpeg"}],"twitter_card":"summary_large_image","twitter_misc":{"Gesch\u00e4tzte Lesezeit":"1\u00a0Minute"},"schema":{"@context":"https:\/\/schema.org","@graph":[{"@type":"WebPage","@id":"https:\/\/ueberlebenskunst.at\/survivalshop\/shop\/adder-2-0-upgrade-kit-180-lbs\/","url":"https:\/\/ueberlebenskunst.at\/survivalshop\/shop\/adder-2-0-upgrade-kit-180-lbs\/","name":"Adder 2.0 - Upgrade Kit 180 lbs - Reini Rossmann - Survival Shop","isPartOf":{"@id":"https:\/\/ueberlebenskunst.at\/survivalshop\/#website"},"primaryImageOfPage":{"@id":"https:\/\/ueberlebenskunst.at\/survivalshop\/shop\/adder-2-0-upgrade-kit-180-lbs\/#primaryimage"},"image":{"@id":"https:\/\/ueberlebenskunst.at\/survivalshop\/shop\/adder-2-0-upgrade-kit-180-lbs\/#primaryimage"},"thumbnailUrl":"https:\/\/ueberlebenskunst.at\/survivalshop\/wp-content\/uploads\/2024\/01\/B30096.jpg","datePublished":"2024-01-03T07:27:52+00:00","dateModified":"2026-04-17T04:40:40+00:00","description":"Deine EK Adder Magazin Armbrust mit 180 lbs und maximaler Power?Ja, das geht mit dem originalen brandneuen Upgrade Kit.","breadcrumb":{"@id":"https:\/\/ueberlebenskunst.at\/survivalshop\/shop\/adder-2-0-upgrade-kit-180-lbs\/#breadcrumb"},"inLanguage":"de","potentialAction":[{"@type":"ReadAction","target":["https:\/\/ueberlebenskunst.at\/survivalshop\/shop\/adder-2-0-upgrade-kit-180-lbs\/"]}]},{"@type":"ImageObject","inLanguage":"de","@id":"https:\/\/ueberlebenskunst.at\/survivalshop\/shop\/adder-2-0-upgrade-kit-180-lbs\/#primaryimage","url":"https:\/\/ueberlebenskunst.at\/survivalshop\/wp-content\/uploads\/2024\/01\/B30096.jpg","contentUrl":"https:\/\/ueberlebenskunst.at\/survivalshop\/wp-content\/uploads\/2024\/01\/B30096.jpg","width":400,"height":396},{"@type":"BreadcrumbList","@id":"https:\/\/ueberlebenskunst.at\/survivalshop\/shop\/adder-2-0-upgrade-kit-180-lbs\/#breadcrumb","itemListElement":[{"@type":"ListItem","position":1,"name":"Startseite","item":"https:\/\/ueberlebenskunst.at\/survivalshop\/"},{"@type":"ListItem","position":2,"name":"Shop","item":"https:\/\/ueberlebenskunst.at\/survivalshop\/shop\/"},{"@type":"ListItem","position":3,"name":"Adder 2.0 &#8211; Upgrade Kit 180 lbs"}]},{"@type":"WebSite","@id":"https:\/\/ueberlebenskunst.at\/survivalshop\/#website","url":"https:\/\/ueberlebenskunst.at\/survivalshop\/","name":"Reini Rossmann - Survival Shop","description":"Survival Shop f\u00fcr Survival, Bushcraft und Prepper","potentialAction":[{"@type":"SearchAction","target":{"@type":"EntryPoint","urlTemplate":"https:\/\/ueberlebenskunst.at\/survivalshop\/?s={search_term_string}"},"query-input":{"@type":"PropertyValueSpecification","valueRequired":true,"valueName":"search_term_string"}}],"inLanguage":"de"}]}},"_links":{"self":[{"href":"https:\/\/ueberlebenskunst.at\/survivalshop\/wp-json\/wp\/v2\/product\/155632","targetHints":{"allow":["GET"]}}],"collection":[{"href":"https:\/\/ueberlebenskunst.at\/survivalshop\/wp-json\/wp\/v2\/product"}],"about":[{"href":"https:\/\/ueberlebenskunst.at\/survivalshop\/wp-json\/wp\/v2\/types\/product"}],"replies":[{"embeddable":true,"href":"https:\/\/ueberlebenskunst.at\/survivalshop\/wp-json\/wp\/v2\/comments?post=155632"}],"wp:featuredmedia":[{"embeddable":true,"href":"https:\/\/ueberlebenskunst.at\/survivalshop\/wp-json\/wp\/v2\/media\/155633"}],"wp:attachment":[{"href":"https:\/\/ueberlebenskunst.at\/survivalshop\/wp-json\/wp\/v2\/media?parent=155632"}],"wp:term":[{"taxonomy":"product_brand","embeddable":true,"href":"https:\/\/ueberlebenskunst.at\/survivalshop\/wp-json\/wp\/v2\/product_brand?post=155632"},{"taxonomy":"product_cat","embeddable":true,"href":"https:\/\/ueberlebenskunst.at\/survivalshop\/wp-json\/wp\/v2\/product_cat?post=155632"},{"taxonomy":"product_tag","embeddable":true,"href":"https:\/\/ueberlebenskunst.at\/survivalshop\/wp-json\/wp\/v2\/product_tag?post=155632"}],"curies":[{"name":"wp","href":"https:\/\/api.w.org\/{rel}","templated":true}]}}