{"id":154985,"date":"2023-12-22T08:14:26","date_gmt":"2023-12-22T07:14:26","guid":{"rendered":"https:\/\/ueberlebenskunst.at\/survivalshop\/?post_type=product&#038;p=154985"},"modified":"2026-03-22T00:43:11","modified_gmt":"2026-03-21T23:43:11","slug":"k4edc-serie-b-ware","status":"publish","type":"product","link":"https:\/\/ueberlebenskunst.at\/survivalshop\/shop\/k4edc-serie-b-ware\/","title":{"rendered":"B-Ware K4edc Serie"},"content":{"rendered":"<p><strong>Bei dieser Abverkaufs-Aktion handelt es sich um B-Ware. Das bedeutet, die Messer zeigen kosmetische Unsch\u00f6nheiten. Was bedeutet das konkret?<\/strong><\/p>\n<ul>\n<li><strong>Die Oberfl\u00e4che zeigt Unsch\u00f6nheiten: in der Oberfl\u00e4che k\u00f6nnen kleine Kratzer und Druckstellen ersichtlich sein.<\/strong><\/li>\n<li><strong>Das Logo am Spiegel ist nicht perfekt dargestellt.<\/strong><\/li>\n<\/ul>\n<p><strong>Es kann zu diesen Unsch\u00f6nheiten kommen, muss es aber nicht. Um dir die M\u00f6glichkeit zu geben, dennoch von dem Messerdesign zu profitieren, bieten wir unsere K4edc Serie zum absoluten &#8220;Nicht-Nachdenk-Preis&#8221; an.<\/strong><\/p>\n<h3>K4edc Raptor &#8211; B-Ware<\/h3>\n<p>Der Raptor ist ein minimalistisches Multi-Tool und f\u00fcr Camping, Outdoor und EDC sehr gut geeignet. Das sehr scharfe Messer kommt standardm\u00e4\u00dfig in einer Kydex-Scheide und mit Kugelkette, sodass es als Neckknife zu tragen ist. Die 2 Lanyard L\u00f6cher bieten noch mehr M\u00f6glichkeiten der Personalisierung (z.B. Paracord-Wicklung f\u00fcr mehr Grifffestigkeit).<\/p>\n<p>Im Lieferumfang ist eine schwarze Kugelkette mit dabei. Diese 70 cm lange Kugelkette ist mit einem Einpressverschluss versehen um sicherzustellen, dass du einerseits das Messer sicher als Neckknife benutzen kannst und gleichzeitig die Sicherheit hast nicht h\u00e4ngen zu bleiben und dich zu verletzen.<\/p>\n<p>Verwende den<a href=\"https:\/\/ueberlebenskunst.at\/survivalshop\/shop\/ulticlip-slim-2-2-fuer-knives4-messer\/\" target=\"_blank\" rel=\"noopener\"> Ulticlip 2.2<\/a> um dein Messer sicher zu tragen oder den K4 anpassbaren <a href=\"https:\/\/ueberlebenskunst.at\/survivalshop\/shop\/guertelriemen\/\" target=\"_blank\" rel=\"noopener\">G\u00fcrtelriemen<\/a>.<\/p>\n<h3><strong>Technische Daten im \u00dcberblick:<\/strong><\/h3>\n<ul>\n<li>Stahl: D2 Kohlenstoffstahl mit rosttr\u00e4ger Eigenschaft<\/li>\n<li>Rockwellh\u00e4rte: HRC 60<\/li>\n<li>Scheidenmaterial: Kydex<\/li>\n<li>Messertyp: EDC, Neckknife, G\u00fcrtelmesser<\/li>\n<li>Klingenl\u00e4nge: ca. 4 cm<\/li>\n<li>Klingenh\u00f6he: ca. 4,4 cm<\/li>\n<li>Klingenst\u00e4rke: 4 mm<\/li>\n<li>Griffl\u00e4nge: ca. 10,7 cm<\/li>\n<li>Gewicht: 44 g<\/li>\n<li>Schleifkerbe: nein<\/li>\n<li>Lanyard Loch: ja<\/li>\n<li>Griffschalen: nein<\/li>\n<li>Paracordgriff: ja ist m\u00f6glich, aber im Lieferumfang nicht enthalten<\/li>\n<li>Anschliffform: Flachschliff<\/li>\n<li>Oberfl\u00e4che: stonewashed Ausf\u00fchrung &#8211; dies macht es noch rosttr\u00e4ger und anti-reflektierend<\/li>\n<\/ul>\n<h3><strong>Lieferumfang im Detail:<\/strong><\/h3>\n<ul>\n<li>K4edc Raptor Messer B-Ware, mit kosmetischen Unsch\u00f6nheiten<\/li>\n<li>Passende Kydex-Scheide<\/li>\n<li>Kugelkette<\/li>\n<\/ul>\n<p>Der Raptor wird nur an Personen \u00fcber 18 Jahre versendet. Bitte deine Ausweiskopie beim Bestellabschluss hochladen.<\/p>\n<p>&nbsp;<\/p>\n<h3>K4edc Hawk &#8211; B-Ware<\/h3>\n<p>Der Hawk \u2013 das pr\u00e4destinierte EDC Messer mit Hawkbill-Klingenform ist auch ein Allrounder im Wald. Es eignet sich hervorragend zum Abziehen, aber auch zum Schnitzen, und die Bedienung des Feuerstahls ist ebenso m\u00f6glich. Das sehr schnittige und extrem scharfe Messer kommt standardm\u00e4\u00dfig in einer Kydex-Scheide und mit Kugelkette, sodass es als Neckknife zu tragen ist.<\/p>\n<p>Die 2 Lanyard L\u00f6cher bieten noch mehr M\u00f6glichkeiten der Personalisierung (z.B. Paracord-Wicklung f\u00fcr mehr Grifffestigkeit).<br \/>\nIm Lieferumfang ist eine schwarze Kugelkette mit dabei. Diese 70 cm lange Kugelkette ist mit einem Einpressverschluss versehen um sicherzustellen, dass du einerseits<br \/>\ndas Messer sicher als Neckknife benutzen kannst und gleichzeitig die Sicherheit hast nicht h\u00e4ngen zu bleiben und dich zu verletzen.<\/p>\n<p>Verwende den<a href=\"https:\/\/ueberlebenskunst.at\/survivalshop\/shop\/ulticlip-slim-2-2-fuer-knives4-messer\/\" target=\"_blank\" rel=\"noopener\"> Ulticlip 2.2<\/a> um dein Messer sicher zu tragen oder den K4 anpassbaren <a href=\"https:\/\/ueberlebenskunst.at\/survivalshop\/shop\/guertelriemen\/\" target=\"_blank\" rel=\"noopener\">G\u00fcrtelriemen<\/a>.<\/p>\n<h3><strong>Technische Daten im \u00dcberblick:<\/strong><\/h3>\n<ul>\n<li>Stahl: D2 Kohlenstoffstahl mit rosttr\u00e4ger Eigenschaft<\/li>\n<li>Rockwellh\u00e4rte: HRC 60<\/li>\n<li>Scheidenmaterial: Kydex<\/li>\n<li>Messertyp: EDC, Neckknife, G\u00fcrtelmesser<\/li>\n<li>Gesamtl\u00e4nge: ca. 16,5 cm<\/li>\n<li>Klingenl\u00e4nge: ca. 5,5 cm<\/li>\n<li>Klingenh\u00f6he: ca. 2,2 cm<\/li>\n<li>Klingenform: Hawkbill<\/li>\n<li>Klingenst\u00e4rke: 4 mm<\/li>\n<li>Gewicht: 44 g<\/li>\n<li>Schleifkerbe: nein<\/li>\n<li>Feuerstahlbedienung: ja, aber nur mit dem vorderen Klingenr\u00fccken<\/li>\n<li>Lanyard Loch: ja<\/li>\n<li>Griffschalen: nein<\/li>\n<li>Paracordgriff: ja ist m\u00f6glich, aber im Lieferumfang nicht enthalten<\/li>\n<li>Anschliffform: Flachschliff<\/li>\n<li>Oberfl\u00e4che: stonewashed Ausf\u00fchrung &#8211; dies macht es noch rosttr\u00e4ger und anti-reflektierend<\/li>\n<\/ul>\n<h3><strong>Lieferumfang im Detail:<\/strong><\/h3>\n<ul>\n<li>K4edc Hawk Messer B-Ware, mit kosmetischen Unsch\u00f6nheiten<\/li>\n<li>Passende Kydex-Scheide<\/li>\n<li>Schwarze Kugelkette<\/li>\n<\/ul>\n<p>&nbsp;<\/p>\n<h3>K4edc Stich &#8211; B-Ware<\/h3>\n<p>Der Stich \u2013 ein hervorragendes EDC Messer zum Schnitzen, Stechen und nat\u00fcrlich mit Feuerstahlbedienung!<br \/>\nDas sehr scharfe Messer kommt standardm\u00e4\u00dfig in einer Kydex-Scheide und mit Kugelkette, sodass es als Neckknife zu tragen ist.<\/p>\n<p>Die 2 Lanyard L\u00f6cher bieten noch mehr M\u00f6glichkeiten der Personalisierung (z.B. Paracord-Wicklung f\u00fcr mehr Grifffestigkeit). Auch das K4edc Stich verf\u00fcgt \u00fcber den von Reini Rossmann entwickelten \u201eTrigger\u201c. Der Trigger ist eine spezielle Fingermulde, die dir unterschiedlichste Griffvarianten bei dem Messer bietet. Konkret hast du 6 M\u00f6glichkeiten das Messer zu greifen und zwar: front grip und reverse grip und bei beiden Varianten einmal full grip, half grip und minimal grip. F\u00fcr den minimal grip empfehlen wir aber dringend ein Lanyard bzw. einen Fangriemen zu montieren.<\/p>\n<p>Das Messer ist in rosttr\u00e4gem D2 Stahl ausgef\u00fchrt und verf\u00fcgt \u00fcber eine stone washed Oberfl\u00e4che. Das gesamte Messer ist so verarbeitet, dass es keine scharfen Kanten aufweist (au\u00dfer nat\u00fcrlich dem Anschliff). Dem Designer war es wichtig, dass das Messer perfekt in der Hand liegt, deshalb wurden beim Produktionsprozess darauf besonderes Augenmerk gelegt. Die Feuerstahlbedienung ist m\u00f6glich und zwar mit dem vorderen Bereich des Klingenr\u00fcckens. N\u00e4here Details findest du im Video weiter unten.<\/p>\n<p>Im Lieferumfang ist eine schwarze Kugelkette mit dabei. Diese 70 cm lange Kugelkette ist mit einem Einpressverschluss versehen um sicherzustellen, dass du einerseits<br \/>\ndas Messer sicher als Neckknife benutzen kannst und gleichzeitig die Sicherheit hast nicht h\u00e4ngen zu bleiben und dich zu verletzen.<\/p>\n<p>Verwende den<a href=\"https:\/\/ueberlebenskunst.at\/survivalshop\/shop\/ulticlip-slim-2-2-fuer-knives4-messer\/\" target=\"_blank\" rel=\"noopener\"> Ulticlip 2.2<\/a> um dein Messer sicher zu tragen oder den K4 anpassbaren<a href=\"https:\/\/ueberlebenskunst.at\/survivalshop\/shop\/guertelriemen\/\" target=\"_blank\" rel=\"noopener\"> G\u00fcrtelriemen<\/a>.<\/p>\n<h3><strong>Technische Daten im \u00dcberblick:<\/strong><\/h3>\n<ul>\n<li>Stahl: D2 Kohlenstoffstahl mit rosttr\u00e4ger Eigenschaft<\/li>\n<li>Rockwellh\u00e4rte: HRC60<\/li>\n<li>Scheidenmaterial: Kydex<\/li>\n<li>Messertyp: EDC, Neckknife, G\u00fcrtelmesser<\/li>\n<li>Klingenl\u00e4nge: ca. 5,8 cm<\/li>\n<li>Klingenh\u00f6he: ca. 2,1 cm<\/li>\n<li>Klingenst\u00e4rke: 4 mm<\/li>\n<li>Griffl\u00e4nge: ca. 11,2 cm<\/li>\n<li>Schleifkerbe: nein<\/li>\n<li>Lanyard Loch: ja<\/li>\n<li>Griffschalen: nein<\/li>\n<li>Paracordgriff: ja ist m\u00f6glich, aber im Lieferumfang nicht enthalten<\/li>\n<li>Anschliffform: Flachschliff<\/li>\n<li>Oberfl\u00e4che: stonewashed Ausf\u00fchrung &#8211; dies macht es noch rosttr\u00e4ger und anti-reflektierend<\/li>\n<li>L\u00e4nge (ohne Scheide): 16,9 cm<\/li>\n<li>Gewicht 44 g<\/li>\n<\/ul>\n<h3><strong>Lieferumfang im Detail:<\/strong><\/h3>\n<ul>\n<li>K4edc Stich Messer B-Ware, mit kosmetischen Unsch\u00f6nheiten<\/li>\n<li>Passende Kydex-Scheide<\/li>\n<li>Schwarze Kugelkette<\/li>\n<\/ul>\n<p><a href=\"https:\/\/ueberlebenskunst.at\/survivalshop\/Datenblatt_Messer\" target=\"_blank\" rel=\"noopener\"><strong>&gt;&gt; Download Sicherheitsdatenblatt &lt;&lt;<\/strong><\/a><\/p>\n<p><a href=\"https:\/\/ueberlebenskunst.at\/survivalshop\/wp-content\/uploads\/2021\/11\/Logo_Messer.png\"><img decoding=\"async\" class=\"alignnone wp-image-179575\" src=\"https:\/\/ueberlebenskunst.at\/survivalshop\/wp-content\/uploads\/2021\/11\/Logo_Messer-300x85.png\" alt=\"\" width=\"281\" height=\"80\" srcset=\"https:\/\/ueberlebenskunst.at\/survivalshop\/wp-content\/uploads\/2021\/11\/Logo_Messer-300x85.png 300w, https:\/\/ueberlebenskunst.at\/survivalshop\/wp-content\/uploads\/2021\/11\/Logo_Messer-64x18.png 64w, https:\/\/ueberlebenskunst.at\/survivalshop\/wp-content\/uploads\/2021\/11\/Logo_Messer.png 365w\" sizes=\"(max-width: 281px) 100vw, 281px\" \/><\/a><\/p>\n","protected":false},"excerpt":{"rendered":"<p>Bei dieser Abverkaufs-Aktion handelt es sich um B-Ware. Das bedeutet, die Messer zeigen kosmetische Unsch\u00f6nheiten. Was bedeutet das konkret? Die Oberfl\u00e4che zeigt Unsch\u00f6nheiten: in der Oberfl\u00e4che k\u00f6nnen kleine Kratzer und Druckstellen ersichtlich sein. Das Logo am Spiegel ist nicht perfekt dargestellt. Es kann zu diesen Unsch\u00f6nheiten kommen, muss es aber nicht. Um dir die M\u00f6glichkeit [&hellip;]<\/p>\n","protected":false},"featured_media":136500,"comment_status":"open","ping_status":"closed","template":"","meta":{"_acf_changed":false},"product_brand":[],"product_cat":[2352,1790],"product_tag":[270,1256,1259,1255,818],"class_list":{"0":"post-154985","1":"product","2":"type-product","3":"status-publish","4":"has-post-thumbnail","6":"product_cat-b-ware","7":"product_cat-knives-4","8":"product_tag-edc","9":"product_tag-k4","10":"product_tag-k4edc","11":"product_tag-knives4","12":"product_tag-reini-rossmann-messer","14":"first","15":"instock","16":"sale","17":"taxable","18":"shipping-taxable","19":"purchasable","20":"product-type-variable","21":"has-default-attributes"},"acf":[],"yoast_head":"<!-- This site is optimized with the Yoast SEO plugin v27.1.1 - https:\/\/yoast.com\/product\/yoast-seo-wordpress\/ -->\n<title>B-Ware K4edc Serie<\/title>\n<meta name=\"description\" content=\"Der Raptor ist ein minimalistisches Multi-Tool, f\u00fcr Camping, Outdoor und EDC sehr gut geeignet. Es kommt in einer Kydex-Scheide mit Kugelkette.\" \/>\n<meta name=\"robots\" content=\"index, follow, max-snippet:-1, max-image-preview:large, max-video-preview:-1\" \/>\n<link rel=\"canonical\" href=\"https:\/\/ueberlebenskunst.at\/survivalshop\/shop\/k4edc-serie-b-ware\/\" \/>\n<meta property=\"og:locale\" content=\"de_DE\" \/>\n<meta property=\"og:type\" content=\"article\" \/>\n<meta property=\"og:title\" content=\"B-Ware K4edc Serie\" \/>\n<meta property=\"og:description\" content=\"Der Raptor ist ein minimalistisches Multi-Tool, f\u00fcr Camping, Outdoor und EDC sehr gut geeignet. Es kommt in einer Kydex-Scheide mit Kugelkette.\" \/>\n<meta property=\"og:url\" content=\"https:\/\/ueberlebenskunst.at\/survivalshop\/shop\/k4edc-serie-b-ware\/\" \/>\n<meta property=\"og:site_name\" content=\"Reini Rossmann - Survival Shop\" \/>\n<meta property=\"article:publisher\" content=\"https:\/\/www.facebook.com\/survival24.org\/\" \/>\n<meta property=\"article:modified_time\" content=\"2026-03-21T23:43:11+00:00\" \/>\n<meta property=\"og:image\" content=\"https:\/\/ueberlebenskunst.at\/survivalshop\/wp-content\/uploads\/2022\/03\/Hawk_Stich_Raptor_sk-1.jpg\" \/>\n\t<meta property=\"og:image:width\" content=\"400\" \/>\n\t<meta property=\"og:image:height\" content=\"400\" \/>\n\t<meta property=\"og:image:type\" content=\"image\/jpeg\" \/>\n<meta name=\"twitter:card\" content=\"summary_large_image\" \/>\n<meta name=\"twitter:label1\" content=\"Gesch\u00e4tzte Lesezeit\" \/>\n\t<meta name=\"twitter:data1\" content=\"6\u00a0Minuten\" \/>\n<script type=\"application\/ld+json\" class=\"yoast-schema-graph\">{\"@context\":\"https:\/\/schema.org\",\"@graph\":[{\"@type\":\"WebPage\",\"@id\":\"https:\/\/ueberlebenskunst.at\/survivalshop\/shop\/k4edc-serie-b-ware\/\",\"url\":\"https:\/\/ueberlebenskunst.at\/survivalshop\/shop\/k4edc-serie-b-ware\/\",\"name\":\"B-Ware K4edc Serie\",\"isPartOf\":{\"@id\":\"https:\/\/ueberlebenskunst.at\/survivalshop\/#website\"},\"primaryImageOfPage\":{\"@id\":\"https:\/\/ueberlebenskunst.at\/survivalshop\/shop\/k4edc-serie-b-ware\/#primaryimage\"},\"image\":{\"@id\":\"https:\/\/ueberlebenskunst.at\/survivalshop\/shop\/k4edc-serie-b-ware\/#primaryimage\"},\"thumbnailUrl\":\"https:\/\/ueberlebenskunst.at\/survivalshop\/wp-content\/uploads\/2022\/03\/Hawk_Stich_Raptor_sk-1.jpg\",\"datePublished\":\"2023-12-22T07:14:26+00:00\",\"dateModified\":\"2026-03-21T23:43:11+00:00\",\"description\":\"Der Raptor ist ein minimalistisches Multi-Tool, f\u00fcr Camping, Outdoor und EDC sehr gut geeignet. Es kommt in einer Kydex-Scheide mit Kugelkette.\",\"breadcrumb\":{\"@id\":\"https:\/\/ueberlebenskunst.at\/survivalshop\/shop\/k4edc-serie-b-ware\/#breadcrumb\"},\"inLanguage\":\"de\",\"potentialAction\":[{\"@type\":\"ReadAction\",\"target\":[\"https:\/\/ueberlebenskunst.at\/survivalshop\/shop\/k4edc-serie-b-ware\/\"]}]},{\"@type\":\"ImageObject\",\"inLanguage\":\"de\",\"@id\":\"https:\/\/ueberlebenskunst.at\/survivalshop\/shop\/k4edc-serie-b-ware\/#primaryimage\",\"url\":\"https:\/\/ueberlebenskunst.at\/survivalshop\/wp-content\/uploads\/2022\/03\/Hawk_Stich_Raptor_sk-1.jpg\",\"contentUrl\":\"https:\/\/ueberlebenskunst.at\/survivalshop\/wp-content\/uploads\/2022\/03\/Hawk_Stich_Raptor_sk-1.jpg\",\"width\":400,\"height\":400},{\"@type\":\"BreadcrumbList\",\"@id\":\"https:\/\/ueberlebenskunst.at\/survivalshop\/shop\/k4edc-serie-b-ware\/#breadcrumb\",\"itemListElement\":[{\"@type\":\"ListItem\",\"position\":1,\"name\":\"Startseite\",\"item\":\"https:\/\/ueberlebenskunst.at\/survivalshop\/\"},{\"@type\":\"ListItem\",\"position\":2,\"name\":\"Shop\",\"item\":\"https:\/\/ueberlebenskunst.at\/survivalshop\/shop\/\"},{\"@type\":\"ListItem\",\"position\":3,\"name\":\"B-Ware K4edc Serie\"}]},{\"@type\":\"WebSite\",\"@id\":\"https:\/\/ueberlebenskunst.at\/survivalshop\/#website\",\"url\":\"https:\/\/ueberlebenskunst.at\/survivalshop\/\",\"name\":\"Reini Rossmann - Survival Shop\",\"description\":\"Survival Shop f\u00fcr Survival, Bushcraft und Prepper\",\"potentialAction\":[{\"@type\":\"SearchAction\",\"target\":{\"@type\":\"EntryPoint\",\"urlTemplate\":\"https:\/\/ueberlebenskunst.at\/survivalshop\/?s={search_term_string}\"},\"query-input\":{\"@type\":\"PropertyValueSpecification\",\"valueRequired\":true,\"valueName\":\"search_term_string\"}}],\"inLanguage\":\"de\"}]}<\/script>\n<!-- \/ Yoast SEO plugin. -->","yoast_head_json":{"title":"B-Ware K4edc Serie","description":"Der Raptor ist ein minimalistisches Multi-Tool, f\u00fcr Camping, Outdoor und EDC sehr gut geeignet. Es kommt in einer Kydex-Scheide mit Kugelkette.","robots":{"index":"index","follow":"follow","max-snippet":"max-snippet:-1","max-image-preview":"max-image-preview:large","max-video-preview":"max-video-preview:-1"},"canonical":"https:\/\/ueberlebenskunst.at\/survivalshop\/shop\/k4edc-serie-b-ware\/","og_locale":"de_DE","og_type":"article","og_title":"B-Ware K4edc Serie","og_description":"Der Raptor ist ein minimalistisches Multi-Tool, f\u00fcr Camping, Outdoor und EDC sehr gut geeignet. Es kommt in einer Kydex-Scheide mit Kugelkette.","og_url":"https:\/\/ueberlebenskunst.at\/survivalshop\/shop\/k4edc-serie-b-ware\/","og_site_name":"Reini Rossmann - Survival Shop","article_publisher":"https:\/\/www.facebook.com\/survival24.org\/","article_modified_time":"2026-03-21T23:43:11+00:00","og_image":[{"width":400,"height":400,"url":"https:\/\/ueberlebenskunst.at\/survivalshop\/wp-content\/uploads\/2022\/03\/Hawk_Stich_Raptor_sk-1.jpg","type":"image\/jpeg"}],"twitter_card":"summary_large_image","twitter_misc":{"Gesch\u00e4tzte Lesezeit":"6\u00a0Minuten"},"schema":{"@context":"https:\/\/schema.org","@graph":[{"@type":"WebPage","@id":"https:\/\/ueberlebenskunst.at\/survivalshop\/shop\/k4edc-serie-b-ware\/","url":"https:\/\/ueberlebenskunst.at\/survivalshop\/shop\/k4edc-serie-b-ware\/","name":"B-Ware K4edc Serie","isPartOf":{"@id":"https:\/\/ueberlebenskunst.at\/survivalshop\/#website"},"primaryImageOfPage":{"@id":"https:\/\/ueberlebenskunst.at\/survivalshop\/shop\/k4edc-serie-b-ware\/#primaryimage"},"image":{"@id":"https:\/\/ueberlebenskunst.at\/survivalshop\/shop\/k4edc-serie-b-ware\/#primaryimage"},"thumbnailUrl":"https:\/\/ueberlebenskunst.at\/survivalshop\/wp-content\/uploads\/2022\/03\/Hawk_Stich_Raptor_sk-1.jpg","datePublished":"2023-12-22T07:14:26+00:00","dateModified":"2026-03-21T23:43:11+00:00","description":"Der Raptor ist ein minimalistisches Multi-Tool, f\u00fcr Camping, Outdoor und EDC sehr gut geeignet. Es kommt in einer Kydex-Scheide mit Kugelkette.","breadcrumb":{"@id":"https:\/\/ueberlebenskunst.at\/survivalshop\/shop\/k4edc-serie-b-ware\/#breadcrumb"},"inLanguage":"de","potentialAction":[{"@type":"ReadAction","target":["https:\/\/ueberlebenskunst.at\/survivalshop\/shop\/k4edc-serie-b-ware\/"]}]},{"@type":"ImageObject","inLanguage":"de","@id":"https:\/\/ueberlebenskunst.at\/survivalshop\/shop\/k4edc-serie-b-ware\/#primaryimage","url":"https:\/\/ueberlebenskunst.at\/survivalshop\/wp-content\/uploads\/2022\/03\/Hawk_Stich_Raptor_sk-1.jpg","contentUrl":"https:\/\/ueberlebenskunst.at\/survivalshop\/wp-content\/uploads\/2022\/03\/Hawk_Stich_Raptor_sk-1.jpg","width":400,"height":400},{"@type":"BreadcrumbList","@id":"https:\/\/ueberlebenskunst.at\/survivalshop\/shop\/k4edc-serie-b-ware\/#breadcrumb","itemListElement":[{"@type":"ListItem","position":1,"name":"Startseite","item":"https:\/\/ueberlebenskunst.at\/survivalshop\/"},{"@type":"ListItem","position":2,"name":"Shop","item":"https:\/\/ueberlebenskunst.at\/survivalshop\/shop\/"},{"@type":"ListItem","position":3,"name":"B-Ware K4edc Serie"}]},{"@type":"WebSite","@id":"https:\/\/ueberlebenskunst.at\/survivalshop\/#website","url":"https:\/\/ueberlebenskunst.at\/survivalshop\/","name":"Reini Rossmann - Survival Shop","description":"Survival Shop f\u00fcr Survival, Bushcraft und Prepper","potentialAction":[{"@type":"SearchAction","target":{"@type":"EntryPoint","urlTemplate":"https:\/\/ueberlebenskunst.at\/survivalshop\/?s={search_term_string}"},"query-input":{"@type":"PropertyValueSpecification","valueRequired":true,"valueName":"search_term_string"}}],"inLanguage":"de"}]}},"_links":{"self":[{"href":"https:\/\/ueberlebenskunst.at\/survivalshop\/wp-json\/wp\/v2\/product\/154985","targetHints":{"allow":["GET"]}}],"collection":[{"href":"https:\/\/ueberlebenskunst.at\/survivalshop\/wp-json\/wp\/v2\/product"}],"about":[{"href":"https:\/\/ueberlebenskunst.at\/survivalshop\/wp-json\/wp\/v2\/types\/product"}],"replies":[{"embeddable":true,"href":"https:\/\/ueberlebenskunst.at\/survivalshop\/wp-json\/wp\/v2\/comments?post=154985"}],"wp:featuredmedia":[{"embeddable":true,"href":"https:\/\/ueberlebenskunst.at\/survivalshop\/wp-json\/wp\/v2\/media\/136500"}],"wp:attachment":[{"href":"https:\/\/ueberlebenskunst.at\/survivalshop\/wp-json\/wp\/v2\/media?parent=154985"}],"wp:term":[{"taxonomy":"product_brand","embeddable":true,"href":"https:\/\/ueberlebenskunst.at\/survivalshop\/wp-json\/wp\/v2\/product_brand?post=154985"},{"taxonomy":"product_cat","embeddable":true,"href":"https:\/\/ueberlebenskunst.at\/survivalshop\/wp-json\/wp\/v2\/product_cat?post=154985"},{"taxonomy":"product_tag","embeddable":true,"href":"https:\/\/ueberlebenskunst.at\/survivalshop\/wp-json\/wp\/v2\/product_tag?post=154985"}],"curies":[{"name":"wp","href":"https:\/\/api.w.org\/{rel}","templated":true}]}}