{"id":1543,"date":"2014-07-17T14:54:11","date_gmt":"2014-07-17T12:54:11","guid":{"rendered":"https:\/\/ueberlebenskunst.at\/survivalshop\/survivalshop\/?post_type=product&#038;p=1543"},"modified":"2026-04-06T19:20:49","modified_gmt":"2026-04-06T17:20:49","slug":"katadyn-micropur-forte","status":"publish","type":"product","link":"https:\/\/ueberlebenskunst.at\/survivalshop\/shop\/katadyn-micropur-forte\/","title":{"rendered":"Micropur Forte MF 1T Wasserentkeimung"},"content":{"rendered":"<h3>Die Vorteile auf einen Blick<\/h3>\n<ul>\n<li>Schnell und 100%ig sicher Wasser trinkbar machen<\/li>\n<li>Wasser haltbar machen<\/li>\n<li>Einsatz in der Survival Erste Hilfe als Wundsp\u00fclung und\/oder Wunddesinfektion<\/li>\n<\/ul>\n<p><span style=\"text-decoration: underline;\"><strong>1. Wasser trinkbar machen<\/strong><\/span><\/p>\n<p>Schnell und sicher Wasser unterwegs trinkbar machen. Das Wasser muss klar sein und kann so aufbereitet werden. Eine Packung enth\u00e4lt 100 Tabletten &#8211; du kannst damit also 100 Liter Wasser aufbereiten.<\/p>\n<p>Pro Liter Wasser wird eine Tablette eingesetzt. Nach ca. 30 Minuten Einwirkezeit ist das Wasser von den meisten biologischen Gefahren gereinigt.<br \/>\nNur bei manchen Protozoen wie zum Beispiel Am\u00f6ben oder Giardien ist eine l\u00e4ngere Einwirkezeit notwendig.<br \/>\nLaut Hersteller ist nach 3 Stunden das Wasser sicher.<\/p>\n<p><strong>Welche Gefahren gibt es eigentlich im Wasser?<\/strong><\/p>\n<p>Mit dem Micropur Forte kannst du tats\u00e4chlich alle 3 Arten von Gefahren im Wasser entfernen. Auch Viren!<br \/>\nDies ist wie du im Video gelernt hast mit Sawyer Wasserfiltern nicht m\u00f6glich.<\/p>\n<p><span style=\"text-decoration: underline;\"><strong>2. Wasser haltbar machen!<\/strong><\/span><\/p>\n<p>Das ist der n\u00e4chste Vorteil dieses Produktes. Du kannst Wasser damit 6 Monate lang vor einer neuerlichen Verkeimung sch\u00fctzen. Wenn du Wasser in Wassertanks l\u00e4ngerfristig lagern willst, ist das eine M\u00f6glichkeit die Trinkwasserqualit\u00e4t zu sichern.<\/p>\n<p>Es gibt ein weiteres Produkt von Katadyn, welches nur die Lagerung von Trinkwasser sicherstellt, das sich Micropur Classic nennt. Dabei kannst du aber verkeimtes Wasser nicht reinigen, sondern lediglich &#8220;keimfreies&#8221; Wasser haltbar machen. Achte bitte darauf!<\/p>\n<p><span style=\"text-decoration: underline;\"><strong>3. Survival Medizin: Wunden desinfizieren<\/strong><\/span><\/p>\n<p>Die Idee ist, dass eine konzentrierte L\u00f6sung aus ca. 300 ml klarem Wasser und einer, wenn m\u00f6glich sogar 2 Tabletten, als Wundsp\u00fclung verwendet wird. Ist eine Desinfektion gew\u00fcnscht, dann wird eine Tablette auf ca. 5 bis 10 ml Wasser gel\u00f6st und in die Wunde getr\u00f6pfelt. Das ist nat\u00fcrlich nur f\u00fcr Survival Situationen gedacht, in denen keine medizinische Versorgung wie gewohnt m\u00f6glich ist. Den der Nachteil ist, dass diese Art der Wundbehandlung, besonders bei \u00f6fteren Einsatz eine Sch\u00e4digung der Hautzellen verursacht.<\/p>\n","protected":false},"excerpt":{"rendered":"<p>1 Tablette auf 1 Liter Wasser. 2 Stunden\u00a0warten und Trinken&#8230;<br \/>\nIn einer Packung sind 100 bzw. 50 Tabletten enthalten &#8211; also kannst Du 100 bzw. 50 Liter aufbereiten.<\/p>\n","protected":false},"featured_media":141154,"comment_status":"open","ping_status":"closed","template":"","meta":{"_acf_changed":false},"product_brand":[],"product_cat":[1101],"product_tag":[607,613,885,943,1246],"class_list":{"0":"post-1543","1":"product","2":"type-product","3":"status-publish","4":"has-post-thumbnail","6":"product_cat-ausruestung","7":"product_tag-katadyn","8":"product_tag-notfallausruestung","9":"product_tag-oma-liste","10":"product_tag-trinkwasser","11":"product_tag-wasseraufbereitung","13":"first","14":"instock","15":"taxable","16":"shipping-taxable","17":"purchasable","18":"product-type-variable","19":"has-default-attributes"},"acf":[],"yoast_head":"<!-- This site is optimized with the Yoast SEO plugin v27.1.1 - https:\/\/yoast.com\/product\/yoast-seo-wordpress\/ -->\n<title>Micropur Forte MF 1T Wasserentkeimung - Reini Rossmann - Survival Shop<\/title>\n<meta name=\"robots\" content=\"index, follow, max-snippet:-1, max-image-preview:large, max-video-preview:-1\" \/>\n<link rel=\"canonical\" href=\"https:\/\/ueberlebenskunst.at\/survivalshop\/shop\/katadyn-micropur-forte\/\" \/>\n<meta property=\"og:locale\" content=\"de_DE\" \/>\n<meta property=\"og:type\" content=\"article\" \/>\n<meta property=\"og:title\" content=\"Micropur Forte MF 1T Wasserentkeimung - Reini Rossmann - Survival Shop\" \/>\n<meta property=\"og:description\" content=\"1 Tablette auf 1 Liter Wasser. 2 Stunden\u00a0warten und Trinken... In einer Packung sind 100 bzw. 50 Tabletten enthalten - also kannst Du 100 bzw. 50 Liter aufbereiten.\" \/>\n<meta property=\"og:url\" content=\"https:\/\/ueberlebenskunst.at\/survivalshop\/shop\/katadyn-micropur-forte\/\" \/>\n<meta property=\"og:site_name\" content=\"Reini Rossmann - Survival Shop\" \/>\n<meta property=\"article:publisher\" content=\"https:\/\/www.facebook.com\/survival24.org\/\" \/>\n<meta property=\"article:modified_time\" content=\"2026-04-06T17:20:49+00:00\" \/>\n<meta property=\"og:image\" content=\"https:\/\/ueberlebenskunst.at\/survivalshop\/wp-content\/uploads\/2019\/08\/Katadyn_Micropur_Forte.jpg\" \/>\n\t<meta property=\"og:image:width\" content=\"400\" \/>\n\t<meta property=\"og:image:height\" content=\"421\" \/>\n\t<meta property=\"og:image:type\" content=\"image\/jpeg\" \/>\n<meta name=\"twitter:card\" content=\"summary_large_image\" \/>\n<meta name=\"twitter:label1\" content=\"Gesch\u00e4tzte Lesezeit\" \/>\n\t<meta name=\"twitter:data1\" content=\"2\u00a0Minuten\" \/>\n<script type=\"application\/ld+json\" class=\"yoast-schema-graph\">{\"@context\":\"https:\/\/schema.org\",\"@graph\":[{\"@type\":\"WebPage\",\"@id\":\"https:\/\/ueberlebenskunst.at\/survivalshop\/shop\/katadyn-micropur-forte\/\",\"url\":\"https:\/\/ueberlebenskunst.at\/survivalshop\/shop\/katadyn-micropur-forte\/\",\"name\":\"Micropur Forte MF 1T Wasserentkeimung - Reini Rossmann - Survival Shop\",\"isPartOf\":{\"@id\":\"https:\/\/ueberlebenskunst.at\/survivalshop\/#website\"},\"primaryImageOfPage\":{\"@id\":\"https:\/\/ueberlebenskunst.at\/survivalshop\/shop\/katadyn-micropur-forte\/#primaryimage\"},\"image\":{\"@id\":\"https:\/\/ueberlebenskunst.at\/survivalshop\/shop\/katadyn-micropur-forte\/#primaryimage\"},\"thumbnailUrl\":\"https:\/\/ueberlebenskunst.at\/survivalshop\/wp-content\/uploads\/2019\/08\/Katadyn_Micropur_Forte.jpg\",\"datePublished\":\"2014-07-17T12:54:11+00:00\",\"dateModified\":\"2026-04-06T17:20:49+00:00\",\"breadcrumb\":{\"@id\":\"https:\/\/ueberlebenskunst.at\/survivalshop\/shop\/katadyn-micropur-forte\/#breadcrumb\"},\"inLanguage\":\"de\",\"potentialAction\":[{\"@type\":\"ReadAction\",\"target\":[\"https:\/\/ueberlebenskunst.at\/survivalshop\/shop\/katadyn-micropur-forte\/\"]}]},{\"@type\":\"ImageObject\",\"inLanguage\":\"de\",\"@id\":\"https:\/\/ueberlebenskunst.at\/survivalshop\/shop\/katadyn-micropur-forte\/#primaryimage\",\"url\":\"https:\/\/ueberlebenskunst.at\/survivalshop\/wp-content\/uploads\/2019\/08\/Katadyn_Micropur_Forte.jpg\",\"contentUrl\":\"https:\/\/ueberlebenskunst.at\/survivalshop\/wp-content\/uploads\/2019\/08\/Katadyn_Micropur_Forte.jpg\",\"width\":400,\"height\":421},{\"@type\":\"BreadcrumbList\",\"@id\":\"https:\/\/ueberlebenskunst.at\/survivalshop\/shop\/katadyn-micropur-forte\/#breadcrumb\",\"itemListElement\":[{\"@type\":\"ListItem\",\"position\":1,\"name\":\"Startseite\",\"item\":\"https:\/\/ueberlebenskunst.at\/survivalshop\/\"},{\"@type\":\"ListItem\",\"position\":2,\"name\":\"Shop\",\"item\":\"https:\/\/ueberlebenskunst.at\/survivalshop\/shop\/\"},{\"@type\":\"ListItem\",\"position\":3,\"name\":\"Micropur Forte MF 1T Wasserentkeimung\"}]},{\"@type\":\"WebSite\",\"@id\":\"https:\/\/ueberlebenskunst.at\/survivalshop\/#website\",\"url\":\"https:\/\/ueberlebenskunst.at\/survivalshop\/\",\"name\":\"Reini Rossmann - Survival Shop\",\"description\":\"Survival Shop f\u00fcr Survival, Bushcraft und Prepper\",\"potentialAction\":[{\"@type\":\"SearchAction\",\"target\":{\"@type\":\"EntryPoint\",\"urlTemplate\":\"https:\/\/ueberlebenskunst.at\/survivalshop\/?s={search_term_string}\"},\"query-input\":{\"@type\":\"PropertyValueSpecification\",\"valueRequired\":true,\"valueName\":\"search_term_string\"}}],\"inLanguage\":\"de\"}]}<\/script>\n<!-- \/ Yoast SEO plugin. -->","yoast_head_json":{"title":"Micropur Forte MF 1T Wasserentkeimung - Reini Rossmann - Survival Shop","robots":{"index":"index","follow":"follow","max-snippet":"max-snippet:-1","max-image-preview":"max-image-preview:large","max-video-preview":"max-video-preview:-1"},"canonical":"https:\/\/ueberlebenskunst.at\/survivalshop\/shop\/katadyn-micropur-forte\/","og_locale":"de_DE","og_type":"article","og_title":"Micropur Forte MF 1T Wasserentkeimung - Reini Rossmann - Survival Shop","og_description":"1 Tablette auf 1 Liter Wasser. 2 Stunden\u00a0warten und Trinken... In einer Packung sind 100 bzw. 50 Tabletten enthalten - also kannst Du 100 bzw. 50 Liter aufbereiten.","og_url":"https:\/\/ueberlebenskunst.at\/survivalshop\/shop\/katadyn-micropur-forte\/","og_site_name":"Reini Rossmann - Survival Shop","article_publisher":"https:\/\/www.facebook.com\/survival24.org\/","article_modified_time":"2026-04-06T17:20:49+00:00","og_image":[{"width":400,"height":421,"url":"https:\/\/ueberlebenskunst.at\/survivalshop\/wp-content\/uploads\/2019\/08\/Katadyn_Micropur_Forte.jpg","type":"image\/jpeg"}],"twitter_card":"summary_large_image","twitter_misc":{"Gesch\u00e4tzte Lesezeit":"2\u00a0Minuten"},"schema":{"@context":"https:\/\/schema.org","@graph":[{"@type":"WebPage","@id":"https:\/\/ueberlebenskunst.at\/survivalshop\/shop\/katadyn-micropur-forte\/","url":"https:\/\/ueberlebenskunst.at\/survivalshop\/shop\/katadyn-micropur-forte\/","name":"Micropur Forte MF 1T Wasserentkeimung - Reini Rossmann - Survival Shop","isPartOf":{"@id":"https:\/\/ueberlebenskunst.at\/survivalshop\/#website"},"primaryImageOfPage":{"@id":"https:\/\/ueberlebenskunst.at\/survivalshop\/shop\/katadyn-micropur-forte\/#primaryimage"},"image":{"@id":"https:\/\/ueberlebenskunst.at\/survivalshop\/shop\/katadyn-micropur-forte\/#primaryimage"},"thumbnailUrl":"https:\/\/ueberlebenskunst.at\/survivalshop\/wp-content\/uploads\/2019\/08\/Katadyn_Micropur_Forte.jpg","datePublished":"2014-07-17T12:54:11+00:00","dateModified":"2026-04-06T17:20:49+00:00","breadcrumb":{"@id":"https:\/\/ueberlebenskunst.at\/survivalshop\/shop\/katadyn-micropur-forte\/#breadcrumb"},"inLanguage":"de","potentialAction":[{"@type":"ReadAction","target":["https:\/\/ueberlebenskunst.at\/survivalshop\/shop\/katadyn-micropur-forte\/"]}]},{"@type":"ImageObject","inLanguage":"de","@id":"https:\/\/ueberlebenskunst.at\/survivalshop\/shop\/katadyn-micropur-forte\/#primaryimage","url":"https:\/\/ueberlebenskunst.at\/survivalshop\/wp-content\/uploads\/2019\/08\/Katadyn_Micropur_Forte.jpg","contentUrl":"https:\/\/ueberlebenskunst.at\/survivalshop\/wp-content\/uploads\/2019\/08\/Katadyn_Micropur_Forte.jpg","width":400,"height":421},{"@type":"BreadcrumbList","@id":"https:\/\/ueberlebenskunst.at\/survivalshop\/shop\/katadyn-micropur-forte\/#breadcrumb","itemListElement":[{"@type":"ListItem","position":1,"name":"Startseite","item":"https:\/\/ueberlebenskunst.at\/survivalshop\/"},{"@type":"ListItem","position":2,"name":"Shop","item":"https:\/\/ueberlebenskunst.at\/survivalshop\/shop\/"},{"@type":"ListItem","position":3,"name":"Micropur Forte MF 1T Wasserentkeimung"}]},{"@type":"WebSite","@id":"https:\/\/ueberlebenskunst.at\/survivalshop\/#website","url":"https:\/\/ueberlebenskunst.at\/survivalshop\/","name":"Reini Rossmann - Survival Shop","description":"Survival Shop f\u00fcr Survival, Bushcraft und Prepper","potentialAction":[{"@type":"SearchAction","target":{"@type":"EntryPoint","urlTemplate":"https:\/\/ueberlebenskunst.at\/survivalshop\/?s={search_term_string}"},"query-input":{"@type":"PropertyValueSpecification","valueRequired":true,"valueName":"search_term_string"}}],"inLanguage":"de"}]}},"_links":{"self":[{"href":"https:\/\/ueberlebenskunst.at\/survivalshop\/wp-json\/wp\/v2\/product\/1543","targetHints":{"allow":["GET"]}}],"collection":[{"href":"https:\/\/ueberlebenskunst.at\/survivalshop\/wp-json\/wp\/v2\/product"}],"about":[{"href":"https:\/\/ueberlebenskunst.at\/survivalshop\/wp-json\/wp\/v2\/types\/product"}],"replies":[{"embeddable":true,"href":"https:\/\/ueberlebenskunst.at\/survivalshop\/wp-json\/wp\/v2\/comments?post=1543"}],"wp:featuredmedia":[{"embeddable":true,"href":"https:\/\/ueberlebenskunst.at\/survivalshop\/wp-json\/wp\/v2\/media\/141154"}],"wp:attachment":[{"href":"https:\/\/ueberlebenskunst.at\/survivalshop\/wp-json\/wp\/v2\/media?parent=1543"}],"wp:term":[{"taxonomy":"product_brand","embeddable":true,"href":"https:\/\/ueberlebenskunst.at\/survivalshop\/wp-json\/wp\/v2\/product_brand?post=1543"},{"taxonomy":"product_cat","embeddable":true,"href":"https:\/\/ueberlebenskunst.at\/survivalshop\/wp-json\/wp\/v2\/product_cat?post=1543"},{"taxonomy":"product_tag","embeddable":true,"href":"https:\/\/ueberlebenskunst.at\/survivalshop\/wp-json\/wp\/v2\/product_tag?post=1543"}],"curies":[{"name":"wp","href":"https:\/\/api.w.org\/{rel}","templated":true}]}}