{"id":153694,"date":"2023-12-06T10:01:54","date_gmt":"2023-12-06T09:01:54","guid":{"rendered":"https:\/\/ueberlebenskunst.at\/survivalshop\/?post_type=product&#038;p=153694"},"modified":"2025-12-22T06:40:41","modified_gmt":"2025-12-22T05:40:41","slug":"spyderco-ladybug-3-black-plain","status":"publish","type":"product","link":"https:\/\/ueberlebenskunst.at\/survivalshop\/shop\/spyderco-ladybug-3-black-plain\/","title":{"rendered":"Spyderco LadyBug 3 Black Plain"},"content":{"rendered":"<p>Das \u00e4u\u00dferst kompakte LadyBug ist zweifellos das kleinste Taschenmesser von Spyderco. Im geschlossenen Zustand ist es kaum gr\u00f6\u00dfer als ein Autoschl\u00fcssel und kann sogar mithilfe der Fangriemen\u00f6se bequem am Schl\u00fcsselbund befestigt werden. Die Klinge des Messers wird aus VG-10-Stahl gefertigt, w\u00e4hrend die Griffschalen aus schwarzem FRN bestehen. Die Verriegelung erfolgt \u00fcber einen robusten Backlock-Mechanismus.<\/p>\n<h3>Produktdaten:<\/h3>\n<ul>\n<li>Gesamtl\u00e4nge: 11,1 cm<\/li>\n<li>Klingenl\u00e4nge: 4,9 cm<\/li>\n<li>Gewicht: 18 g<\/li>\n<li>Klingenst\u00e4rke: 2 mm<\/li>\n<li>Klingenmaterial: VG-10<\/li>\n<li>Griffmaterial: FRN<\/li>\n<li>Backlock<\/li>\n<\/ul>\n","protected":false},"excerpt":{"rendered":"<p>Das \u00e4u\u00dferst kompakte LadyBug ist zweifellos das kleinste Taschenmesser von Spyderco. Im geschlossenen Zustand ist es kaum gr\u00f6\u00dfer als ein Autoschl\u00fcssel und kann sogar mithilfe der Fangriemen\u00f6se bequem am Schl\u00fcsselbund befestigt werden. Die Klinge des Messers wird aus VG-10-Stahl gefertigt, w\u00e4hrend die Griffschalen aus schwarzem FRN bestehen. Die Verriegelung erfolgt \u00fcber einen robusten Backlock-Mechanismus. Produktdaten: [&hellip;]<\/p>\n","protected":false},"featured_media":153695,"comment_status":"open","ping_status":"closed","template":"","meta":{"_acf_changed":false},"product_brand":[],"product_cat":[1805],"product_tag":[336],"class_list":{"0":"post-153694","1":"product","2":"type-product","3":"status-publish","4":"has-post-thumbnail","6":"product_cat-messer-messer-tools","7":"product_tag-spyderco","9":"first","10":"instock","11":"taxable","12":"shipping-taxable","13":"purchasable","14":"product-type-simple"},"acf":[],"yoast_head":"<!-- This site is optimized with the Yoast SEO plugin v27.1.1 - https:\/\/yoast.com\/product\/yoast-seo-wordpress\/ -->\n<title>Spyderco LadyBug 3 Black Plain - Reini Rossmann - Survival Shop<\/title>\n<meta name=\"robots\" content=\"index, follow, max-snippet:-1, max-image-preview:large, max-video-preview:-1\" \/>\n<link rel=\"canonical\" href=\"https:\/\/ueberlebenskunst.at\/survivalshop\/shop\/spyderco-ladybug-3-black-plain\/\" \/>\n<meta property=\"og:locale\" content=\"de_DE\" \/>\n<meta property=\"og:type\" content=\"article\" \/>\n<meta property=\"og:title\" content=\"Spyderco LadyBug 3 Black Plain - Reini Rossmann - Survival Shop\" \/>\n<meta property=\"og:description\" content=\"Das \u00e4u\u00dferst kompakte LadyBug ist zweifellos das kleinste Taschenmesser von Spyderco. Im geschlossenen Zustand ist es kaum gr\u00f6\u00dfer als ein Autoschl\u00fcssel und kann sogar mithilfe der Fangriemen\u00f6se bequem am Schl\u00fcsselbund befestigt werden. Die Klinge des Messers wird aus VG-10-Stahl gefertigt, w\u00e4hrend die Griffschalen aus schwarzem FRN bestehen. Die Verriegelung erfolgt \u00fcber einen robusten Backlock-Mechanismus. Produktdaten: [&hellip;]\" \/>\n<meta property=\"og:url\" content=\"https:\/\/ueberlebenskunst.at\/survivalshop\/shop\/spyderco-ladybug-3-black-plain\/\" \/>\n<meta property=\"og:site_name\" content=\"Reini Rossmann - Survival Shop\" \/>\n<meta property=\"article:publisher\" content=\"https:\/\/www.facebook.com\/survival24.org\/\" \/>\n<meta property=\"article:modified_time\" content=\"2025-12-22T05:40:41+00:00\" \/>\n<meta property=\"og:image\" content=\"https:\/\/ueberlebenskunst.at\/survivalshop\/wp-content\/uploads\/2023\/12\/Spyderco-LadyBug-3-Black-Plain.jpg\" \/>\n\t<meta property=\"og:image:width\" content=\"400\" \/>\n\t<meta property=\"og:image:height\" content=\"400\" \/>\n\t<meta property=\"og:image:type\" content=\"image\/jpeg\" \/>\n<meta name=\"twitter:card\" content=\"summary_large_image\" \/>\n<meta name=\"twitter:label1\" content=\"Gesch\u00e4tzte Lesezeit\" \/>\n\t<meta name=\"twitter:data1\" content=\"1\u00a0Minute\" \/>\n<script type=\"application\/ld+json\" class=\"yoast-schema-graph\">{\"@context\":\"https:\/\/schema.org\",\"@graph\":[{\"@type\":\"WebPage\",\"@id\":\"https:\/\/ueberlebenskunst.at\/survivalshop\/shop\/spyderco-ladybug-3-black-plain\/\",\"url\":\"https:\/\/ueberlebenskunst.at\/survivalshop\/shop\/spyderco-ladybug-3-black-plain\/\",\"name\":\"Spyderco LadyBug 3 Black Plain - Reini Rossmann - Survival Shop\",\"isPartOf\":{\"@id\":\"https:\/\/ueberlebenskunst.at\/survivalshop\/#website\"},\"primaryImageOfPage\":{\"@id\":\"https:\/\/ueberlebenskunst.at\/survivalshop\/shop\/spyderco-ladybug-3-black-plain\/#primaryimage\"},\"image\":{\"@id\":\"https:\/\/ueberlebenskunst.at\/survivalshop\/shop\/spyderco-ladybug-3-black-plain\/#primaryimage\"},\"thumbnailUrl\":\"https:\/\/ueberlebenskunst.at\/survivalshop\/wp-content\/uploads\/2023\/12\/Spyderco-LadyBug-3-Black-Plain.jpg\",\"datePublished\":\"2023-12-06T09:01:54+00:00\",\"dateModified\":\"2025-12-22T05:40:41+00:00\",\"breadcrumb\":{\"@id\":\"https:\/\/ueberlebenskunst.at\/survivalshop\/shop\/spyderco-ladybug-3-black-plain\/#breadcrumb\"},\"inLanguage\":\"de\",\"potentialAction\":[{\"@type\":\"ReadAction\",\"target\":[\"https:\/\/ueberlebenskunst.at\/survivalshop\/shop\/spyderco-ladybug-3-black-plain\/\"]}]},{\"@type\":\"ImageObject\",\"inLanguage\":\"de\",\"@id\":\"https:\/\/ueberlebenskunst.at\/survivalshop\/shop\/spyderco-ladybug-3-black-plain\/#primaryimage\",\"url\":\"https:\/\/ueberlebenskunst.at\/survivalshop\/wp-content\/uploads\/2023\/12\/Spyderco-LadyBug-3-Black-Plain.jpg\",\"contentUrl\":\"https:\/\/ueberlebenskunst.at\/survivalshop\/wp-content\/uploads\/2023\/12\/Spyderco-LadyBug-3-Black-Plain.jpg\",\"width\":400,\"height\":400},{\"@type\":\"BreadcrumbList\",\"@id\":\"https:\/\/ueberlebenskunst.at\/survivalshop\/shop\/spyderco-ladybug-3-black-plain\/#breadcrumb\",\"itemListElement\":[{\"@type\":\"ListItem\",\"position\":1,\"name\":\"Startseite\",\"item\":\"https:\/\/ueberlebenskunst.at\/survivalshop\/\"},{\"@type\":\"ListItem\",\"position\":2,\"name\":\"Shop\",\"item\":\"https:\/\/ueberlebenskunst.at\/survivalshop\/shop\/\"},{\"@type\":\"ListItem\",\"position\":3,\"name\":\"Spyderco LadyBug 3 Black Plain\"}]},{\"@type\":\"WebSite\",\"@id\":\"https:\/\/ueberlebenskunst.at\/survivalshop\/#website\",\"url\":\"https:\/\/ueberlebenskunst.at\/survivalshop\/\",\"name\":\"Reini Rossmann - Survival Shop\",\"description\":\"Survival Shop f\u00fcr Survival, Bushcraft und Prepper\",\"potentialAction\":[{\"@type\":\"SearchAction\",\"target\":{\"@type\":\"EntryPoint\",\"urlTemplate\":\"https:\/\/ueberlebenskunst.at\/survivalshop\/?s={search_term_string}\"},\"query-input\":{\"@type\":\"PropertyValueSpecification\",\"valueRequired\":true,\"valueName\":\"search_term_string\"}}],\"inLanguage\":\"de\"}]}<\/script>\n<!-- \/ Yoast SEO plugin. -->","yoast_head_json":{"title":"Spyderco LadyBug 3 Black Plain - Reini Rossmann - Survival Shop","robots":{"index":"index","follow":"follow","max-snippet":"max-snippet:-1","max-image-preview":"max-image-preview:large","max-video-preview":"max-video-preview:-1"},"canonical":"https:\/\/ueberlebenskunst.at\/survivalshop\/shop\/spyderco-ladybug-3-black-plain\/","og_locale":"de_DE","og_type":"article","og_title":"Spyderco LadyBug 3 Black Plain - Reini Rossmann - Survival Shop","og_description":"Das \u00e4u\u00dferst kompakte LadyBug ist zweifellos das kleinste Taschenmesser von Spyderco. Im geschlossenen Zustand ist es kaum gr\u00f6\u00dfer als ein Autoschl\u00fcssel und kann sogar mithilfe der Fangriemen\u00f6se bequem am Schl\u00fcsselbund befestigt werden. Die Klinge des Messers wird aus VG-10-Stahl gefertigt, w\u00e4hrend die Griffschalen aus schwarzem FRN bestehen. Die Verriegelung erfolgt \u00fcber einen robusten Backlock-Mechanismus. Produktdaten: [&hellip;]","og_url":"https:\/\/ueberlebenskunst.at\/survivalshop\/shop\/spyderco-ladybug-3-black-plain\/","og_site_name":"Reini Rossmann - Survival Shop","article_publisher":"https:\/\/www.facebook.com\/survival24.org\/","article_modified_time":"2025-12-22T05:40:41+00:00","og_image":[{"width":400,"height":400,"url":"https:\/\/ueberlebenskunst.at\/survivalshop\/wp-content\/uploads\/2023\/12\/Spyderco-LadyBug-3-Black-Plain.jpg","type":"image\/jpeg"}],"twitter_card":"summary_large_image","twitter_misc":{"Gesch\u00e4tzte Lesezeit":"1\u00a0Minute"},"schema":{"@context":"https:\/\/schema.org","@graph":[{"@type":"WebPage","@id":"https:\/\/ueberlebenskunst.at\/survivalshop\/shop\/spyderco-ladybug-3-black-plain\/","url":"https:\/\/ueberlebenskunst.at\/survivalshop\/shop\/spyderco-ladybug-3-black-plain\/","name":"Spyderco LadyBug 3 Black Plain - Reini Rossmann - Survival Shop","isPartOf":{"@id":"https:\/\/ueberlebenskunst.at\/survivalshop\/#website"},"primaryImageOfPage":{"@id":"https:\/\/ueberlebenskunst.at\/survivalshop\/shop\/spyderco-ladybug-3-black-plain\/#primaryimage"},"image":{"@id":"https:\/\/ueberlebenskunst.at\/survivalshop\/shop\/spyderco-ladybug-3-black-plain\/#primaryimage"},"thumbnailUrl":"https:\/\/ueberlebenskunst.at\/survivalshop\/wp-content\/uploads\/2023\/12\/Spyderco-LadyBug-3-Black-Plain.jpg","datePublished":"2023-12-06T09:01:54+00:00","dateModified":"2025-12-22T05:40:41+00:00","breadcrumb":{"@id":"https:\/\/ueberlebenskunst.at\/survivalshop\/shop\/spyderco-ladybug-3-black-plain\/#breadcrumb"},"inLanguage":"de","potentialAction":[{"@type":"ReadAction","target":["https:\/\/ueberlebenskunst.at\/survivalshop\/shop\/spyderco-ladybug-3-black-plain\/"]}]},{"@type":"ImageObject","inLanguage":"de","@id":"https:\/\/ueberlebenskunst.at\/survivalshop\/shop\/spyderco-ladybug-3-black-plain\/#primaryimage","url":"https:\/\/ueberlebenskunst.at\/survivalshop\/wp-content\/uploads\/2023\/12\/Spyderco-LadyBug-3-Black-Plain.jpg","contentUrl":"https:\/\/ueberlebenskunst.at\/survivalshop\/wp-content\/uploads\/2023\/12\/Spyderco-LadyBug-3-Black-Plain.jpg","width":400,"height":400},{"@type":"BreadcrumbList","@id":"https:\/\/ueberlebenskunst.at\/survivalshop\/shop\/spyderco-ladybug-3-black-plain\/#breadcrumb","itemListElement":[{"@type":"ListItem","position":1,"name":"Startseite","item":"https:\/\/ueberlebenskunst.at\/survivalshop\/"},{"@type":"ListItem","position":2,"name":"Shop","item":"https:\/\/ueberlebenskunst.at\/survivalshop\/shop\/"},{"@type":"ListItem","position":3,"name":"Spyderco LadyBug 3 Black Plain"}]},{"@type":"WebSite","@id":"https:\/\/ueberlebenskunst.at\/survivalshop\/#website","url":"https:\/\/ueberlebenskunst.at\/survivalshop\/","name":"Reini Rossmann - Survival Shop","description":"Survival Shop f\u00fcr Survival, Bushcraft und Prepper","potentialAction":[{"@type":"SearchAction","target":{"@type":"EntryPoint","urlTemplate":"https:\/\/ueberlebenskunst.at\/survivalshop\/?s={search_term_string}"},"query-input":{"@type":"PropertyValueSpecification","valueRequired":true,"valueName":"search_term_string"}}],"inLanguage":"de"}]}},"_links":{"self":[{"href":"https:\/\/ueberlebenskunst.at\/survivalshop\/wp-json\/wp\/v2\/product\/153694","targetHints":{"allow":["GET"]}}],"collection":[{"href":"https:\/\/ueberlebenskunst.at\/survivalshop\/wp-json\/wp\/v2\/product"}],"about":[{"href":"https:\/\/ueberlebenskunst.at\/survivalshop\/wp-json\/wp\/v2\/types\/product"}],"replies":[{"embeddable":true,"href":"https:\/\/ueberlebenskunst.at\/survivalshop\/wp-json\/wp\/v2\/comments?post=153694"}],"wp:featuredmedia":[{"embeddable":true,"href":"https:\/\/ueberlebenskunst.at\/survivalshop\/wp-json\/wp\/v2\/media\/153695"}],"wp:attachment":[{"href":"https:\/\/ueberlebenskunst.at\/survivalshop\/wp-json\/wp\/v2\/media?parent=153694"}],"wp:term":[{"taxonomy":"product_brand","embeddable":true,"href":"https:\/\/ueberlebenskunst.at\/survivalshop\/wp-json\/wp\/v2\/product_brand?post=153694"},{"taxonomy":"product_cat","embeddable":true,"href":"https:\/\/ueberlebenskunst.at\/survivalshop\/wp-json\/wp\/v2\/product_cat?post=153694"},{"taxonomy":"product_tag","embeddable":true,"href":"https:\/\/ueberlebenskunst.at\/survivalshop\/wp-json\/wp\/v2\/product_tag?post=153694"}],"curies":[{"name":"wp","href":"https:\/\/api.w.org\/{rel}","templated":true}]}}