{"id":149721,"date":"2023-11-02T19:15:25","date_gmt":"2023-11-02T18:15:25","guid":{"rendered":"https:\/\/ueberlebenskunst.at\/survivalshop\/?post_type=product&#038;p=149721"},"modified":"2026-04-27T23:08:17","modified_gmt":"2026-04-27T21:08:17","slug":"ek-armbrust-bolzen-fuer-pistolenarmbrueste","status":"publish","type":"product","link":"https:\/\/ueberlebenskunst.at\/survivalshop\/shop\/ek-armbrust-bolzen-fuer-pistolenarmbrueste\/","title":{"rendered":"EK Armbrust Bolzen f\u00fcr Pistolenarmbr\u00fcste"},"content":{"rendered":"<p>10 St\u00fcck 6,5&#8243; Alu-Pfeile f\u00fcr die Pistolenarmbrust.<\/p>\n<p>Das Gewicht der Pfeile liegt bei 9,2 g \/ 142 Grains pro Pfeil.<br \/>\nL\u00e4nge: 16,2 cm, Breite: 2 cm, H\u00f6he: 0,6 cm<\/p>\n<p>Diese Pfeile sind mit der 6-Schuss-Armbrust Steambow Stinger kompatibel.<br \/>\nJedoch NICHT f\u00fcr die X-Bow Serie.<\/p>\n<p>Vielleicht sind auch <a href=\"https:\/\/ueberlebenskunst.at\/survivalshop\/shop\/pistolenarmbrust-pfeile-broadhead\/\" target=\"_blank\" rel=\"noopener noreferrer\">Pistolenarmbrust Broadheads<\/a> und <a href=\"https:\/\/ueberlebenskunst.at\/survivalshop\/shop\/stinger-bodkinpfeile-schwarz-set-aus-6-stueck\/\" target=\"_blank\" rel=\"noopener\">Bodkinpfeile<\/a> interessant f\u00fcr dich?<\/p>\n<h3><strong>Passendes, separat erh\u00e4ltliches Zubeh\u00f6r:<\/strong><\/h3>\n<ul>\n<li><a href=\"https:\/\/ueberlebenskunst.at\/survivalshop\/shop\/modularer-pfeilkoecher\/\" target=\"_blank\" rel=\"noopener\">Modularer Pfeilk\u00f6cher<\/a><\/li>\n<li><a href=\"https:\/\/ueberlebenskunst.at\/survivalshop\/shop\/pfeilkocherpistolenarmbrust\/\" target=\"_blank\" rel=\"noopener\">Pfeilk\u00f6cher mit G\u00fcrtelschlaufe<\/a><\/li>\n<\/ul>\n","protected":false},"excerpt":{"rendered":"<p>10 Alu-Pfeile 6,5&#8243; passend f\u00fcr die Pistolenarmbrust.<\/p>\n","protected":false},"featured_media":149724,"comment_status":"open","ping_status":"closed","template":"","meta":{"_acf_changed":false},"product_brand":[],"product_cat":[1923],"product_tag":[898,979,996],"class_list":{"0":"post-149721","1":"product","2":"type-product","3":"status-publish","4":"has-post-thumbnail","6":"product_cat-ek-archery","7":"product_tag-bolzen","8":"product_tag-pfeile","9":"product_tag-uebungspfeile","10":"pa_farbe-blau","11":"pa_farbe-gold","12":"pa_farbe-steambow-blaue-uebungspfeile","13":"pa_farbe-steambow-bodkins","14":"pa_farbe-steambow-broadheads","15":"pa_farbe-steambow-uebungspfeile","17":"first","18":"instock","19":"taxable","20":"shipping-taxable","21":"purchasable","22":"product-type-variable","23":"has-default-attributes"},"acf":[],"yoast_head":"<!-- This site is optimized with the Yoast SEO plugin v27.1.1 - https:\/\/yoast.com\/product\/yoast-seo-wordpress\/ -->\n<title>EK Armbrust Bolzen f\u00fcr Pistolenarmbr\u00fcste<\/title>\n<meta name=\"robots\" content=\"index, follow, max-snippet:-1, max-image-preview:large, max-video-preview:-1\" \/>\n<link rel=\"canonical\" href=\"https:\/\/ueberlebenskunst.at\/survivalshop\/shop\/ek-armbrust-bolzen-fuer-pistolenarmbrueste\/\" \/>\n<meta property=\"og:locale\" content=\"de_DE\" \/>\n<meta property=\"og:type\" content=\"article\" \/>\n<meta property=\"og:title\" content=\"EK Armbrust Bolzen f\u00fcr Pistolenarmbr\u00fcste\" \/>\n<meta property=\"og:description\" content=\"10 Alu-Pfeile 6,5&quot; passend f\u00fcr die Pistolenarmbrust.\" \/>\n<meta property=\"og:url\" content=\"https:\/\/ueberlebenskunst.at\/survivalshop\/shop\/ek-armbrust-bolzen-fuer-pistolenarmbrueste\/\" \/>\n<meta property=\"og:site_name\" content=\"Reini Rossmann - Survival Shop\" \/>\n<meta property=\"article:publisher\" content=\"https:\/\/www.facebook.com\/survival24.org\/\" \/>\n<meta property=\"article:modified_time\" content=\"2026-04-27T21:08:17+00:00\" \/>\n<meta property=\"og:image\" content=\"https:\/\/ueberlebenskunst.at\/survivalshop\/wp-content\/uploads\/2023\/11\/EK-Bolzen-Pistolenarmbrust.jpg\" \/>\n\t<meta property=\"og:image:width\" content=\"1080\" \/>\n\t<meta property=\"og:image:height\" content=\"1160\" \/>\n\t<meta property=\"og:image:type\" content=\"image\/jpeg\" \/>\n<meta name=\"twitter:card\" content=\"summary_large_image\" \/>\n<meta name=\"twitter:label1\" content=\"Gesch\u00e4tzte Lesezeit\" \/>\n\t<meta name=\"twitter:data1\" content=\"1\u00a0Minute\" \/>\n<script type=\"application\/ld+json\" class=\"yoast-schema-graph\">{\"@context\":\"https:\/\/schema.org\",\"@graph\":[{\"@type\":\"WebPage\",\"@id\":\"https:\/\/ueberlebenskunst.at\/survivalshop\/shop\/ek-armbrust-bolzen-fuer-pistolenarmbrueste\/\",\"url\":\"https:\/\/ueberlebenskunst.at\/survivalshop\/shop\/ek-armbrust-bolzen-fuer-pistolenarmbrueste\/\",\"name\":\"EK Armbrust Bolzen f\u00fcr Pistolenarmbr\u00fcste\",\"isPartOf\":{\"@id\":\"https:\/\/ueberlebenskunst.at\/survivalshop\/#website\"},\"primaryImageOfPage\":{\"@id\":\"https:\/\/ueberlebenskunst.at\/survivalshop\/shop\/ek-armbrust-bolzen-fuer-pistolenarmbrueste\/#primaryimage\"},\"image\":{\"@id\":\"https:\/\/ueberlebenskunst.at\/survivalshop\/shop\/ek-armbrust-bolzen-fuer-pistolenarmbrueste\/#primaryimage\"},\"thumbnailUrl\":\"https:\/\/ueberlebenskunst.at\/survivalshop\/wp-content\/uploads\/2023\/11\/EK-Bolzen-Pistolenarmbrust.jpg\",\"datePublished\":\"2023-11-02T18:15:25+00:00\",\"dateModified\":\"2026-04-27T21:08:17+00:00\",\"breadcrumb\":{\"@id\":\"https:\/\/ueberlebenskunst.at\/survivalshop\/shop\/ek-armbrust-bolzen-fuer-pistolenarmbrueste\/#breadcrumb\"},\"inLanguage\":\"de\",\"potentialAction\":[{\"@type\":\"ReadAction\",\"target\":[\"https:\/\/ueberlebenskunst.at\/survivalshop\/shop\/ek-armbrust-bolzen-fuer-pistolenarmbrueste\/\"]}]},{\"@type\":\"ImageObject\",\"inLanguage\":\"de\",\"@id\":\"https:\/\/ueberlebenskunst.at\/survivalshop\/shop\/ek-armbrust-bolzen-fuer-pistolenarmbrueste\/#primaryimage\",\"url\":\"https:\/\/ueberlebenskunst.at\/survivalshop\/wp-content\/uploads\/2023\/11\/EK-Bolzen-Pistolenarmbrust.jpg\",\"contentUrl\":\"https:\/\/ueberlebenskunst.at\/survivalshop\/wp-content\/uploads\/2023\/11\/EK-Bolzen-Pistolenarmbrust.jpg\",\"width\":1080,\"height\":1160},{\"@type\":\"BreadcrumbList\",\"@id\":\"https:\/\/ueberlebenskunst.at\/survivalshop\/shop\/ek-armbrust-bolzen-fuer-pistolenarmbrueste\/#breadcrumb\",\"itemListElement\":[{\"@type\":\"ListItem\",\"position\":1,\"name\":\"Startseite\",\"item\":\"https:\/\/ueberlebenskunst.at\/survivalshop\/\"},{\"@type\":\"ListItem\",\"position\":2,\"name\":\"Shop\",\"item\":\"https:\/\/ueberlebenskunst.at\/survivalshop\/shop\/\"},{\"@type\":\"ListItem\",\"position\":3,\"name\":\"EK Armbrust Bolzen f\u00fcr Pistolenarmbr\u00fcste\"}]},{\"@type\":\"WebSite\",\"@id\":\"https:\/\/ueberlebenskunst.at\/survivalshop\/#website\",\"url\":\"https:\/\/ueberlebenskunst.at\/survivalshop\/\",\"name\":\"Reini Rossmann - Survival Shop\",\"description\":\"Survival Shop f\u00fcr Survival, Bushcraft und Prepper\",\"potentialAction\":[{\"@type\":\"SearchAction\",\"target\":{\"@type\":\"EntryPoint\",\"urlTemplate\":\"https:\/\/ueberlebenskunst.at\/survivalshop\/?s={search_term_string}\"},\"query-input\":{\"@type\":\"PropertyValueSpecification\",\"valueRequired\":true,\"valueName\":\"search_term_string\"}}],\"inLanguage\":\"de\"}]}<\/script>\n<!-- \/ Yoast SEO plugin. -->","yoast_head_json":{"title":"EK Armbrust Bolzen f\u00fcr Pistolenarmbr\u00fcste","robots":{"index":"index","follow":"follow","max-snippet":"max-snippet:-1","max-image-preview":"max-image-preview:large","max-video-preview":"max-video-preview:-1"},"canonical":"https:\/\/ueberlebenskunst.at\/survivalshop\/shop\/ek-armbrust-bolzen-fuer-pistolenarmbrueste\/","og_locale":"de_DE","og_type":"article","og_title":"EK Armbrust Bolzen f\u00fcr Pistolenarmbr\u00fcste","og_description":"10 Alu-Pfeile 6,5\" passend f\u00fcr die Pistolenarmbrust.","og_url":"https:\/\/ueberlebenskunst.at\/survivalshop\/shop\/ek-armbrust-bolzen-fuer-pistolenarmbrueste\/","og_site_name":"Reini Rossmann - Survival Shop","article_publisher":"https:\/\/www.facebook.com\/survival24.org\/","article_modified_time":"2026-04-27T21:08:17+00:00","og_image":[{"width":1080,"height":1160,"url":"https:\/\/ueberlebenskunst.at\/survivalshop\/wp-content\/uploads\/2023\/11\/EK-Bolzen-Pistolenarmbrust.jpg","type":"image\/jpeg"}],"twitter_card":"summary_large_image","twitter_misc":{"Gesch\u00e4tzte Lesezeit":"1\u00a0Minute"},"schema":{"@context":"https:\/\/schema.org","@graph":[{"@type":"WebPage","@id":"https:\/\/ueberlebenskunst.at\/survivalshop\/shop\/ek-armbrust-bolzen-fuer-pistolenarmbrueste\/","url":"https:\/\/ueberlebenskunst.at\/survivalshop\/shop\/ek-armbrust-bolzen-fuer-pistolenarmbrueste\/","name":"EK Armbrust Bolzen f\u00fcr Pistolenarmbr\u00fcste","isPartOf":{"@id":"https:\/\/ueberlebenskunst.at\/survivalshop\/#website"},"primaryImageOfPage":{"@id":"https:\/\/ueberlebenskunst.at\/survivalshop\/shop\/ek-armbrust-bolzen-fuer-pistolenarmbrueste\/#primaryimage"},"image":{"@id":"https:\/\/ueberlebenskunst.at\/survivalshop\/shop\/ek-armbrust-bolzen-fuer-pistolenarmbrueste\/#primaryimage"},"thumbnailUrl":"https:\/\/ueberlebenskunst.at\/survivalshop\/wp-content\/uploads\/2023\/11\/EK-Bolzen-Pistolenarmbrust.jpg","datePublished":"2023-11-02T18:15:25+00:00","dateModified":"2026-04-27T21:08:17+00:00","breadcrumb":{"@id":"https:\/\/ueberlebenskunst.at\/survivalshop\/shop\/ek-armbrust-bolzen-fuer-pistolenarmbrueste\/#breadcrumb"},"inLanguage":"de","potentialAction":[{"@type":"ReadAction","target":["https:\/\/ueberlebenskunst.at\/survivalshop\/shop\/ek-armbrust-bolzen-fuer-pistolenarmbrueste\/"]}]},{"@type":"ImageObject","inLanguage":"de","@id":"https:\/\/ueberlebenskunst.at\/survivalshop\/shop\/ek-armbrust-bolzen-fuer-pistolenarmbrueste\/#primaryimage","url":"https:\/\/ueberlebenskunst.at\/survivalshop\/wp-content\/uploads\/2023\/11\/EK-Bolzen-Pistolenarmbrust.jpg","contentUrl":"https:\/\/ueberlebenskunst.at\/survivalshop\/wp-content\/uploads\/2023\/11\/EK-Bolzen-Pistolenarmbrust.jpg","width":1080,"height":1160},{"@type":"BreadcrumbList","@id":"https:\/\/ueberlebenskunst.at\/survivalshop\/shop\/ek-armbrust-bolzen-fuer-pistolenarmbrueste\/#breadcrumb","itemListElement":[{"@type":"ListItem","position":1,"name":"Startseite","item":"https:\/\/ueberlebenskunst.at\/survivalshop\/"},{"@type":"ListItem","position":2,"name":"Shop","item":"https:\/\/ueberlebenskunst.at\/survivalshop\/shop\/"},{"@type":"ListItem","position":3,"name":"EK Armbrust Bolzen f\u00fcr Pistolenarmbr\u00fcste"}]},{"@type":"WebSite","@id":"https:\/\/ueberlebenskunst.at\/survivalshop\/#website","url":"https:\/\/ueberlebenskunst.at\/survivalshop\/","name":"Reini Rossmann - Survival Shop","description":"Survival Shop f\u00fcr Survival, Bushcraft und Prepper","potentialAction":[{"@type":"SearchAction","target":{"@type":"EntryPoint","urlTemplate":"https:\/\/ueberlebenskunst.at\/survivalshop\/?s={search_term_string}"},"query-input":{"@type":"PropertyValueSpecification","valueRequired":true,"valueName":"search_term_string"}}],"inLanguage":"de"}]}},"_links":{"self":[{"href":"https:\/\/ueberlebenskunst.at\/survivalshop\/wp-json\/wp\/v2\/product\/149721","targetHints":{"allow":["GET"]}}],"collection":[{"href":"https:\/\/ueberlebenskunst.at\/survivalshop\/wp-json\/wp\/v2\/product"}],"about":[{"href":"https:\/\/ueberlebenskunst.at\/survivalshop\/wp-json\/wp\/v2\/types\/product"}],"replies":[{"embeddable":true,"href":"https:\/\/ueberlebenskunst.at\/survivalshop\/wp-json\/wp\/v2\/comments?post=149721"}],"wp:featuredmedia":[{"embeddable":true,"href":"https:\/\/ueberlebenskunst.at\/survivalshop\/wp-json\/wp\/v2\/media\/149724"}],"wp:attachment":[{"href":"https:\/\/ueberlebenskunst.at\/survivalshop\/wp-json\/wp\/v2\/media?parent=149721"}],"wp:term":[{"taxonomy":"product_brand","embeddable":true,"href":"https:\/\/ueberlebenskunst.at\/survivalshop\/wp-json\/wp\/v2\/product_brand?post=149721"},{"taxonomy":"product_cat","embeddable":true,"href":"https:\/\/ueberlebenskunst.at\/survivalshop\/wp-json\/wp\/v2\/product_cat?post=149721"},{"taxonomy":"product_tag","embeddable":true,"href":"https:\/\/ueberlebenskunst.at\/survivalshop\/wp-json\/wp\/v2\/product_tag?post=149721"}],"curies":[{"name":"wp","href":"https:\/\/api.w.org\/{rel}","templated":true}]}}