{"id":149702,"date":"2023-11-02T17:34:33","date_gmt":"2023-11-02T16:34:33","guid":{"rendered":"https:\/\/ueberlebenskunst.at\/survivalshop\/?post_type=product&#038;p=149702"},"modified":"2026-03-31T20:04:55","modified_gmt":"2026-03-31T18:04:55","slug":"k4-messerscheide-fuer-walther-mdk","status":"publish","type":"product","link":"https:\/\/ueberlebenskunst.at\/survivalshop\/shop\/k4-messerscheide-fuer-walther-mdk\/","title":{"rendered":"K4 Messerscheide f\u00fcr Walther MDK"},"content":{"rendered":"<p>Mit der neuen K4 Messerscheide f\u00fcr das <a href=\"https:\/\/ueberlebenskunst.at\/survivalshop\/shop\/walther-mdk-micro-defence-knife\/\" target=\"_blank\" rel=\"noopener\">Walther MDK<\/a> hast du eine komfortable M\u00f6glichkeit dein MDK schnell und einfach ziehen zu k\u00f6nnen.<\/p>\n<p>Die Messerscheide gibt es in zwei Varianten:<\/p>\n<h3>Variante &#8211; G\u00fcrtelscheide:<\/h3>\n<p>Dank dem fix eingebauten<a href=\"https:\/\/ueberlebenskunst.at\/survivalshop\/shop\/ulticlip-slim-2-2-fuer-knives4-messer\/\" target=\"_blank\" rel=\"noopener\"> UltiClip<\/a> kannst du die Messerscheide flexibel befestigen und auch schnell umclippen. Im Lieferumfang ist der Ulticlip enthalten.<\/p>\n<h4><strong>Produktdaten:<br \/>\n<\/strong><\/h4>\n<ul>\n<li>Gewicht: 31 g<\/li>\n<li>Abmessungen: 25 x 22 x 95 mm<\/li>\n<li>Lieferumfang: G\u00fcrtelscheide mit fix eingebautem UltiClip<\/li>\n<\/ul>\n<p>&nbsp;<\/p>\n<h3>Variante &#8211; Standard (Neck Knife):<\/h3>\n<p>Die Standard Variante ist als Neck Knife Ausf\u00fchrung gedacht. Im Lieferumfang enthalten ist eine Kugelkette mit ca. 1100 mm L\u00e4nge. Diese kannst du f\u00fcr dich passend k\u00fcrzen. Achtung! Bei dieser Ausf\u00fchrung ist keine Ulticlip Montage m\u00f6glich!!<\/p>\n<h4><strong>Produktdaten:<br \/>\n<\/strong><\/h4>\n<ul>\n<li>Gewicht: 10 g<\/li>\n<li>Abmessungen: 25 x 22 x 95 mm<\/li>\n<li>Lieferumfang: Messerscheide inkl. Kugelkette<\/li>\n<\/ul>\n<h3><strong>Bedienungs- &amp; Pflegeanleitung:<\/strong><\/h3>\n<ul>\n<li>Die Reinigung mit Wasser und Seife ist m\u00f6glich.<\/li>\n<li>Du solltest die Steckscheide nicht direkt in die N\u00e4he von Feuer oder anderen Hitzequellen legen!<\/li>\n<li>Wird deine Steckscheide \u00fcber l\u00e4ngere Zeit sehr kalten Temperaturen unter 0 \u00b0C ausgesetzt, solltest du in dem Moment darauf achten, dass keine starken Belastungen darauf einwirken.<\/li>\n<\/ul>\n<p>Unsere Produkte sind nicht f\u00fcr Kinder unter 3 Jahren geeignet. Es besteht Verschluckungsgefahr.<\/p>\n<p><span style=\"color: #99cc00;\">Du willst das Produkt in einer anderen Farbe? Schick uns eine E-Mail an shop@ueberlebenskunst.at und wir pr\u00fcfen, ob dein Farbwunsch\u00a0m\u00f6glich\u00a0ist.<\/span><\/p>\n","protected":false},"excerpt":{"rendered":"<p>Mit der neuen K4 Messerscheide f\u00fcr das Walther MDK hast du eine komfortable M\u00f6glichkeit dein MDK schnell und einfach ziehen zu k\u00f6nnen. Die Messerscheide gibt es in zwei Varianten: Variante &#8211; G\u00fcrtelscheide: Dank dem fix eingebauten UltiClip kannst du die Messerscheide flexibel befestigen und auch schnell umclippen. Im Lieferumfang ist der Ulticlip enthalten. Produktdaten: Gewicht: [&hellip;]<\/p>\n","protected":false},"featured_media":153205,"comment_status":"open","ping_status":"closed","template":"","meta":{"_acf_changed":false},"product_brand":[],"product_cat":[2389],"product_tag":[2131,328],"class_list":{"0":"post-149702","1":"product","2":"type-product","3":"status-publish","4":"has-post-thumbnail","6":"product_cat-flohmarkt","7":"product_tag-mdk","8":"product_tag-walther-messer","10":"first","11":"instock","12":"sale","13":"taxable","14":"shipping-taxable","15":"purchasable","16":"product-type-variable"},"acf":[],"yoast_head":"<!-- This site is optimized with the Yoast SEO plugin v27.1.1 - https:\/\/yoast.com\/product\/yoast-seo-wordpress\/ -->\n<title>K4 Messerscheide f\u00fcr Walther MDK - Reini Rossmann - Survival Shop<\/title>\n<meta name=\"robots\" content=\"index, follow, max-snippet:-1, max-image-preview:large, max-video-preview:-1\" \/>\n<link rel=\"canonical\" href=\"https:\/\/ueberlebenskunst.at\/survivalshop\/shop\/k4-messerscheide-fuer-walther-mdk\/\" \/>\n<meta property=\"og:locale\" content=\"de_DE\" \/>\n<meta property=\"og:type\" content=\"article\" \/>\n<meta property=\"og:title\" content=\"K4 Messerscheide f\u00fcr Walther MDK - Reini Rossmann - Survival Shop\" \/>\n<meta property=\"og:description\" content=\"Mit der neuen K4 Messerscheide f\u00fcr das Walther MDK hast du eine komfortable M\u00f6glichkeit dein MDK schnell und einfach ziehen zu k\u00f6nnen. Die Messerscheide gibt es in zwei Varianten: Variante &#8211; G\u00fcrtelscheide: Dank dem fix eingebauten UltiClip kannst du die Messerscheide flexibel befestigen und auch schnell umclippen. Im Lieferumfang ist der Ulticlip enthalten. Produktdaten: Gewicht: [&hellip;]\" \/>\n<meta property=\"og:url\" content=\"https:\/\/ueberlebenskunst.at\/survivalshop\/shop\/k4-messerscheide-fuer-walther-mdk\/\" \/>\n<meta property=\"og:site_name\" content=\"Reini Rossmann - Survival Shop\" \/>\n<meta property=\"article:publisher\" content=\"https:\/\/www.facebook.com\/survival24.org\/\" \/>\n<meta property=\"article:modified_time\" content=\"2026-03-31T18:04:55+00:00\" \/>\n<meta property=\"og:image\" content=\"https:\/\/ueberlebenskunst.at\/survivalshop\/wp-content\/uploads\/2023\/11\/K4_Messerscheide_Walther_MDK_MDK91FS_Standard_Messer_sk.jpg\" \/>\n\t<meta property=\"og:image:width\" content=\"400\" \/>\n\t<meta property=\"og:image:height\" content=\"400\" \/>\n\t<meta property=\"og:image:type\" content=\"image\/jpeg\" \/>\n<meta name=\"twitter:card\" content=\"summary_large_image\" \/>\n<meta name=\"twitter:label1\" content=\"Gesch\u00e4tzte Lesezeit\" \/>\n\t<meta name=\"twitter:data1\" content=\"2\u00a0Minuten\" \/>\n<script type=\"application\/ld+json\" class=\"yoast-schema-graph\">{\"@context\":\"https:\/\/schema.org\",\"@graph\":[{\"@type\":\"WebPage\",\"@id\":\"https:\/\/ueberlebenskunst.at\/survivalshop\/shop\/k4-messerscheide-fuer-walther-mdk\/\",\"url\":\"https:\/\/ueberlebenskunst.at\/survivalshop\/shop\/k4-messerscheide-fuer-walther-mdk\/\",\"name\":\"K4 Messerscheide f\u00fcr Walther MDK - Reini Rossmann - Survival Shop\",\"isPartOf\":{\"@id\":\"https:\/\/ueberlebenskunst.at\/survivalshop\/#website\"},\"primaryImageOfPage\":{\"@id\":\"https:\/\/ueberlebenskunst.at\/survivalshop\/shop\/k4-messerscheide-fuer-walther-mdk\/#primaryimage\"},\"image\":{\"@id\":\"https:\/\/ueberlebenskunst.at\/survivalshop\/shop\/k4-messerscheide-fuer-walther-mdk\/#primaryimage\"},\"thumbnailUrl\":\"https:\/\/ueberlebenskunst.at\/survivalshop\/wp-content\/uploads\/2023\/11\/K4_Messerscheide_Walther_MDK_MDK91FS_Standard_Messer_sk.jpg\",\"datePublished\":\"2023-11-02T16:34:33+00:00\",\"dateModified\":\"2026-03-31T18:04:55+00:00\",\"breadcrumb\":{\"@id\":\"https:\/\/ueberlebenskunst.at\/survivalshop\/shop\/k4-messerscheide-fuer-walther-mdk\/#breadcrumb\"},\"inLanguage\":\"de\",\"potentialAction\":[{\"@type\":\"ReadAction\",\"target\":[\"https:\/\/ueberlebenskunst.at\/survivalshop\/shop\/k4-messerscheide-fuer-walther-mdk\/\"]}]},{\"@type\":\"ImageObject\",\"inLanguage\":\"de\",\"@id\":\"https:\/\/ueberlebenskunst.at\/survivalshop\/shop\/k4-messerscheide-fuer-walther-mdk\/#primaryimage\",\"url\":\"https:\/\/ueberlebenskunst.at\/survivalshop\/wp-content\/uploads\/2023\/11\/K4_Messerscheide_Walther_MDK_MDK91FS_Standard_Messer_sk.jpg\",\"contentUrl\":\"https:\/\/ueberlebenskunst.at\/survivalshop\/wp-content\/uploads\/2023\/11\/K4_Messerscheide_Walther_MDK_MDK91FS_Standard_Messer_sk.jpg\",\"width\":400,\"height\":400},{\"@type\":\"BreadcrumbList\",\"@id\":\"https:\/\/ueberlebenskunst.at\/survivalshop\/shop\/k4-messerscheide-fuer-walther-mdk\/#breadcrumb\",\"itemListElement\":[{\"@type\":\"ListItem\",\"position\":1,\"name\":\"Startseite\",\"item\":\"https:\/\/ueberlebenskunst.at\/survivalshop\/\"},{\"@type\":\"ListItem\",\"position\":2,\"name\":\"Shop\",\"item\":\"https:\/\/ueberlebenskunst.at\/survivalshop\/shop\/\"},{\"@type\":\"ListItem\",\"position\":3,\"name\":\"K4 Messerscheide f\u00fcr Walther MDK\"}]},{\"@type\":\"WebSite\",\"@id\":\"https:\/\/ueberlebenskunst.at\/survivalshop\/#website\",\"url\":\"https:\/\/ueberlebenskunst.at\/survivalshop\/\",\"name\":\"Reini Rossmann - Survival Shop\",\"description\":\"Survival Shop f\u00fcr Survival, Bushcraft und Prepper\",\"potentialAction\":[{\"@type\":\"SearchAction\",\"target\":{\"@type\":\"EntryPoint\",\"urlTemplate\":\"https:\/\/ueberlebenskunst.at\/survivalshop\/?s={search_term_string}\"},\"query-input\":{\"@type\":\"PropertyValueSpecification\",\"valueRequired\":true,\"valueName\":\"search_term_string\"}}],\"inLanguage\":\"de\"}]}<\/script>\n<!-- \/ Yoast SEO plugin. -->","yoast_head_json":{"title":"K4 Messerscheide f\u00fcr Walther MDK - Reini Rossmann - Survival Shop","robots":{"index":"index","follow":"follow","max-snippet":"max-snippet:-1","max-image-preview":"max-image-preview:large","max-video-preview":"max-video-preview:-1"},"canonical":"https:\/\/ueberlebenskunst.at\/survivalshop\/shop\/k4-messerscheide-fuer-walther-mdk\/","og_locale":"de_DE","og_type":"article","og_title":"K4 Messerscheide f\u00fcr Walther MDK - Reini Rossmann - Survival Shop","og_description":"Mit der neuen K4 Messerscheide f\u00fcr das Walther MDK hast du eine komfortable M\u00f6glichkeit dein MDK schnell und einfach ziehen zu k\u00f6nnen. Die Messerscheide gibt es in zwei Varianten: Variante &#8211; G\u00fcrtelscheide: Dank dem fix eingebauten UltiClip kannst du die Messerscheide flexibel befestigen und auch schnell umclippen. Im Lieferumfang ist der Ulticlip enthalten. Produktdaten: Gewicht: [&hellip;]","og_url":"https:\/\/ueberlebenskunst.at\/survivalshop\/shop\/k4-messerscheide-fuer-walther-mdk\/","og_site_name":"Reini Rossmann - Survival Shop","article_publisher":"https:\/\/www.facebook.com\/survival24.org\/","article_modified_time":"2026-03-31T18:04:55+00:00","og_image":[{"width":400,"height":400,"url":"https:\/\/ueberlebenskunst.at\/survivalshop\/wp-content\/uploads\/2023\/11\/K4_Messerscheide_Walther_MDK_MDK91FS_Standard_Messer_sk.jpg","type":"image\/jpeg"}],"twitter_card":"summary_large_image","twitter_misc":{"Gesch\u00e4tzte Lesezeit":"2\u00a0Minuten"},"schema":{"@context":"https:\/\/schema.org","@graph":[{"@type":"WebPage","@id":"https:\/\/ueberlebenskunst.at\/survivalshop\/shop\/k4-messerscheide-fuer-walther-mdk\/","url":"https:\/\/ueberlebenskunst.at\/survivalshop\/shop\/k4-messerscheide-fuer-walther-mdk\/","name":"K4 Messerscheide f\u00fcr Walther MDK - Reini Rossmann - Survival Shop","isPartOf":{"@id":"https:\/\/ueberlebenskunst.at\/survivalshop\/#website"},"primaryImageOfPage":{"@id":"https:\/\/ueberlebenskunst.at\/survivalshop\/shop\/k4-messerscheide-fuer-walther-mdk\/#primaryimage"},"image":{"@id":"https:\/\/ueberlebenskunst.at\/survivalshop\/shop\/k4-messerscheide-fuer-walther-mdk\/#primaryimage"},"thumbnailUrl":"https:\/\/ueberlebenskunst.at\/survivalshop\/wp-content\/uploads\/2023\/11\/K4_Messerscheide_Walther_MDK_MDK91FS_Standard_Messer_sk.jpg","datePublished":"2023-11-02T16:34:33+00:00","dateModified":"2026-03-31T18:04:55+00:00","breadcrumb":{"@id":"https:\/\/ueberlebenskunst.at\/survivalshop\/shop\/k4-messerscheide-fuer-walther-mdk\/#breadcrumb"},"inLanguage":"de","potentialAction":[{"@type":"ReadAction","target":["https:\/\/ueberlebenskunst.at\/survivalshop\/shop\/k4-messerscheide-fuer-walther-mdk\/"]}]},{"@type":"ImageObject","inLanguage":"de","@id":"https:\/\/ueberlebenskunst.at\/survivalshop\/shop\/k4-messerscheide-fuer-walther-mdk\/#primaryimage","url":"https:\/\/ueberlebenskunst.at\/survivalshop\/wp-content\/uploads\/2023\/11\/K4_Messerscheide_Walther_MDK_MDK91FS_Standard_Messer_sk.jpg","contentUrl":"https:\/\/ueberlebenskunst.at\/survivalshop\/wp-content\/uploads\/2023\/11\/K4_Messerscheide_Walther_MDK_MDK91FS_Standard_Messer_sk.jpg","width":400,"height":400},{"@type":"BreadcrumbList","@id":"https:\/\/ueberlebenskunst.at\/survivalshop\/shop\/k4-messerscheide-fuer-walther-mdk\/#breadcrumb","itemListElement":[{"@type":"ListItem","position":1,"name":"Startseite","item":"https:\/\/ueberlebenskunst.at\/survivalshop\/"},{"@type":"ListItem","position":2,"name":"Shop","item":"https:\/\/ueberlebenskunst.at\/survivalshop\/shop\/"},{"@type":"ListItem","position":3,"name":"K4 Messerscheide f\u00fcr Walther MDK"}]},{"@type":"WebSite","@id":"https:\/\/ueberlebenskunst.at\/survivalshop\/#website","url":"https:\/\/ueberlebenskunst.at\/survivalshop\/","name":"Reini Rossmann - Survival Shop","description":"Survival Shop f\u00fcr Survival, Bushcraft und Prepper","potentialAction":[{"@type":"SearchAction","target":{"@type":"EntryPoint","urlTemplate":"https:\/\/ueberlebenskunst.at\/survivalshop\/?s={search_term_string}"},"query-input":{"@type":"PropertyValueSpecification","valueRequired":true,"valueName":"search_term_string"}}],"inLanguage":"de"}]}},"_links":{"self":[{"href":"https:\/\/ueberlebenskunst.at\/survivalshop\/wp-json\/wp\/v2\/product\/149702","targetHints":{"allow":["GET"]}}],"collection":[{"href":"https:\/\/ueberlebenskunst.at\/survivalshop\/wp-json\/wp\/v2\/product"}],"about":[{"href":"https:\/\/ueberlebenskunst.at\/survivalshop\/wp-json\/wp\/v2\/types\/product"}],"replies":[{"embeddable":true,"href":"https:\/\/ueberlebenskunst.at\/survivalshop\/wp-json\/wp\/v2\/comments?post=149702"}],"wp:featuredmedia":[{"embeddable":true,"href":"https:\/\/ueberlebenskunst.at\/survivalshop\/wp-json\/wp\/v2\/media\/153205"}],"wp:attachment":[{"href":"https:\/\/ueberlebenskunst.at\/survivalshop\/wp-json\/wp\/v2\/media?parent=149702"}],"wp:term":[{"taxonomy":"product_brand","embeddable":true,"href":"https:\/\/ueberlebenskunst.at\/survivalshop\/wp-json\/wp\/v2\/product_brand?post=149702"},{"taxonomy":"product_cat","embeddable":true,"href":"https:\/\/ueberlebenskunst.at\/survivalshop\/wp-json\/wp\/v2\/product_cat?post=149702"},{"taxonomy":"product_tag","embeddable":true,"href":"https:\/\/ueberlebenskunst.at\/survivalshop\/wp-json\/wp\/v2\/product_tag?post=149702"}],"curies":[{"name":"wp","href":"https:\/\/api.w.org\/{rel}","templated":true}]}}