{"id":147705,"date":"2023-10-23T15:16:38","date_gmt":"2023-10-23T13:16:38","guid":{"rendered":"https:\/\/ueberlebenskunst.at\/survivalshop\/?post_type=product&#038;p=147705"},"modified":"2026-04-17T10:19:23","modified_gmt":"2026-04-17T08:19:23","slug":"steambow-armbrust-rucksack","status":"publish","type":"product","link":"https:\/\/ueberlebenskunst.at\/survivalshop\/shop\/steambow-armbrust-rucksack\/","title":{"rendered":"AR-6 Steambow Stinger 2 Armbrust Survival-Tasche oliv"},"content":{"rendered":"<p>Die passende Transporttasche ist aus hochfestem Nylon gefertigt, was sie besonders widerstandsf\u00e4hig und langlebig macht. Sie verf\u00fcgt \u00fcber ein durchdachtes MOLLE-System, das es erm\u00f6glicht, zus\u00e4tzliche Ausr\u00fcstung wie Messer, Wasserflaschen oder Erste-Hilfe-Kits sicher und griffbereit zu befestigen. Im Inneren der Tasche sorgen spezielle Polsterungen und abgeteilte F\u00e4cher daf\u00fcr, dass die Armbrust, Pfeile, die Zieloptik sowie weiteres \u00dcberlebensequipment optimal gesch\u00fctzt und organisiert transportiert werden k\u00f6nnen. Egal, ob du deine Survival-Armbrust im Kofferraum deines Autos aufbewahrst, f\u00fcr spontane Jagdausfl\u00fcge, in deiner abgelegenen Jagdh\u00fctte oder sogar auf l\u00e4ngeren Expeditionen auf einem Segelboot \u2013 die Tasche ist darauf ausgelegt, dass du dein Equipment sicher und unkompliziert immer dabei hast. Die robuste Konstruktion und das durchdachte Design machen die Tasche zu einem unverzichtbaren Begleiter f\u00fcr all jene, die sich auf ihre Ausr\u00fcstung verlassen m\u00fcssen, egal wo das Abenteuer sie hinf\u00fchrt.<\/p>\n<h3>Produktdaten:<\/h3>\n<ul>\n<li>L\u00e4nge: 50 cm<\/li>\n<li>Breite: 30 cm<\/li>\n<li>H\u00f6he: 6 cm<\/li>\n<li>Gewicht: 600 g<\/li>\n<li>Volumen: 9 Liter<\/li>\n<li>Material: hochfestes Nylon<\/li>\n<\/ul>\n<h3>Lieferumfang:<\/h3>\n<ul>\n<li>1 AR-6 Stinger II \u2013 Survival-Tasche, oliv<\/li>\n<\/ul>\n","protected":false},"excerpt":{"rendered":"<p>Die passende Transporttasche ist aus hochfestem Nylon gefertigt, was sie besonders widerstandsf\u00e4hig und langlebig macht. Sie verf\u00fcgt \u00fcber ein durchdachtes MOLLE-System, das es erm\u00f6glicht, zus\u00e4tzliche Ausr\u00fcstung wie Messer, Wasserflaschen oder Erste-Hilfe-Kits sicher und griffbereit zu befestigen. Im Inneren der Tasche sorgen spezielle Polsterungen und abgeteilte F\u00e4cher daf\u00fcr, dass die Armbrust, Pfeile, die Zieloptik sowie weiteres [&hellip;]<\/p>\n","protected":false},"featured_media":175028,"comment_status":"open","ping_status":"closed","template":"","meta":{"_acf_changed":false},"product_brand":[],"product_cat":[1893],"product_tag":[975,791],"class_list":{"0":"post-147705","1":"product","2":"type-product","3":"status-publish","4":"has-post-thumbnail","6":"product_cat-steambow-stinger-bogensport-pfeil-kugel","7":"product_tag-stinger-2-zubehoer","8":"product_tag-survival","10":"first","11":"instock","12":"taxable","13":"shipping-taxable","14":"purchasable","15":"product-type-simple"},"acf":[],"yoast_head":"<!-- This site is optimized with the Yoast SEO plugin v27.1.1 - https:\/\/yoast.com\/product\/yoast-seo-wordpress\/ -->\n<title>AR-6 Steambow Stinger 2 Armbrust Survival-Tasche oliv - Reini Rossmann - Survival Shop<\/title>\n<meta name=\"robots\" content=\"index, follow, max-snippet:-1, max-image-preview:large, max-video-preview:-1\" \/>\n<link rel=\"canonical\" href=\"https:\/\/ueberlebenskunst.at\/survivalshop\/shop\/steambow-armbrust-rucksack\/\" \/>\n<meta property=\"og:locale\" content=\"de_DE\" \/>\n<meta property=\"og:type\" content=\"article\" \/>\n<meta property=\"og:title\" content=\"AR-6 Steambow Stinger 2 Armbrust Survival-Tasche oliv - Reini Rossmann - Survival Shop\" \/>\n<meta property=\"og:description\" content=\"Die passende Transporttasche ist aus hochfestem Nylon gefertigt, was sie besonders widerstandsf\u00e4hig und langlebig macht. Sie verf\u00fcgt \u00fcber ein durchdachtes MOLLE-System, das es erm\u00f6glicht, zus\u00e4tzliche Ausr\u00fcstung wie Messer, Wasserflaschen oder Erste-Hilfe-Kits sicher und griffbereit zu befestigen. Im Inneren der Tasche sorgen spezielle Polsterungen und abgeteilte F\u00e4cher daf\u00fcr, dass die Armbrust, Pfeile, die Zieloptik sowie weiteres [&hellip;]\" \/>\n<meta property=\"og:url\" content=\"https:\/\/ueberlebenskunst.at\/survivalshop\/shop\/steambow-armbrust-rucksack\/\" \/>\n<meta property=\"og:site_name\" content=\"Reini Rossmann - Survival Shop\" \/>\n<meta property=\"article:publisher\" content=\"https:\/\/www.facebook.com\/survival24.org\/\" \/>\n<meta property=\"article:modified_time\" content=\"2026-04-17T08:19:23+00:00\" \/>\n<meta property=\"og:image\" content=\"https:\/\/ueberlebenskunst.at\/survivalshop\/wp-content\/uploads\/2023\/10\/0000707.jpg\" \/>\n\t<meta property=\"og:image:width\" content=\"400\" \/>\n\t<meta property=\"og:image:height\" content=\"399\" \/>\n\t<meta property=\"og:image:type\" content=\"image\/jpeg\" \/>\n<meta name=\"twitter:card\" content=\"summary_large_image\" \/>\n<meta name=\"twitter:label1\" content=\"Gesch\u00e4tzte Lesezeit\" \/>\n\t<meta name=\"twitter:data1\" content=\"2\u00a0Minuten\" \/>\n<script type=\"application\/ld+json\" class=\"yoast-schema-graph\">{\"@context\":\"https:\/\/schema.org\",\"@graph\":[{\"@type\":\"WebPage\",\"@id\":\"https:\/\/ueberlebenskunst.at\/survivalshop\/shop\/steambow-armbrust-rucksack\/\",\"url\":\"https:\/\/ueberlebenskunst.at\/survivalshop\/shop\/steambow-armbrust-rucksack\/\",\"name\":\"AR-6 Steambow Stinger 2 Armbrust Survival-Tasche oliv - Reini Rossmann - Survival Shop\",\"isPartOf\":{\"@id\":\"https:\/\/ueberlebenskunst.at\/survivalshop\/#website\"},\"primaryImageOfPage\":{\"@id\":\"https:\/\/ueberlebenskunst.at\/survivalshop\/shop\/steambow-armbrust-rucksack\/#primaryimage\"},\"image\":{\"@id\":\"https:\/\/ueberlebenskunst.at\/survivalshop\/shop\/steambow-armbrust-rucksack\/#primaryimage\"},\"thumbnailUrl\":\"https:\/\/ueberlebenskunst.at\/survivalshop\/wp-content\/uploads\/2023\/10\/0000707.jpg\",\"datePublished\":\"2023-10-23T13:16:38+00:00\",\"dateModified\":\"2026-04-17T08:19:23+00:00\",\"breadcrumb\":{\"@id\":\"https:\/\/ueberlebenskunst.at\/survivalshop\/shop\/steambow-armbrust-rucksack\/#breadcrumb\"},\"inLanguage\":\"de\",\"potentialAction\":[{\"@type\":\"ReadAction\",\"target\":[\"https:\/\/ueberlebenskunst.at\/survivalshop\/shop\/steambow-armbrust-rucksack\/\"]}]},{\"@type\":\"ImageObject\",\"inLanguage\":\"de\",\"@id\":\"https:\/\/ueberlebenskunst.at\/survivalshop\/shop\/steambow-armbrust-rucksack\/#primaryimage\",\"url\":\"https:\/\/ueberlebenskunst.at\/survivalshop\/wp-content\/uploads\/2023\/10\/0000707.jpg\",\"contentUrl\":\"https:\/\/ueberlebenskunst.at\/survivalshop\/wp-content\/uploads\/2023\/10\/0000707.jpg\",\"width\":400,\"height\":399},{\"@type\":\"BreadcrumbList\",\"@id\":\"https:\/\/ueberlebenskunst.at\/survivalshop\/shop\/steambow-armbrust-rucksack\/#breadcrumb\",\"itemListElement\":[{\"@type\":\"ListItem\",\"position\":1,\"name\":\"Startseite\",\"item\":\"https:\/\/ueberlebenskunst.at\/survivalshop\/\"},{\"@type\":\"ListItem\",\"position\":2,\"name\":\"Shop\",\"item\":\"https:\/\/ueberlebenskunst.at\/survivalshop\/shop\/\"},{\"@type\":\"ListItem\",\"position\":3,\"name\":\"AR-6 Steambow Stinger 2 Armbrust Survival-Tasche oliv\"}]},{\"@type\":\"WebSite\",\"@id\":\"https:\/\/ueberlebenskunst.at\/survivalshop\/#website\",\"url\":\"https:\/\/ueberlebenskunst.at\/survivalshop\/\",\"name\":\"Reini Rossmann - Survival Shop\",\"description\":\"Survival Shop f\u00fcr Survival, Bushcraft und Prepper\",\"potentialAction\":[{\"@type\":\"SearchAction\",\"target\":{\"@type\":\"EntryPoint\",\"urlTemplate\":\"https:\/\/ueberlebenskunst.at\/survivalshop\/?s={search_term_string}\"},\"query-input\":{\"@type\":\"PropertyValueSpecification\",\"valueRequired\":true,\"valueName\":\"search_term_string\"}}],\"inLanguage\":\"de\"}]}<\/script>\n<!-- \/ Yoast SEO plugin. -->","yoast_head_json":{"title":"AR-6 Steambow Stinger 2 Armbrust Survival-Tasche oliv - Reini Rossmann - Survival Shop","robots":{"index":"index","follow":"follow","max-snippet":"max-snippet:-1","max-image-preview":"max-image-preview:large","max-video-preview":"max-video-preview:-1"},"canonical":"https:\/\/ueberlebenskunst.at\/survivalshop\/shop\/steambow-armbrust-rucksack\/","og_locale":"de_DE","og_type":"article","og_title":"AR-6 Steambow Stinger 2 Armbrust Survival-Tasche oliv - Reini Rossmann - Survival Shop","og_description":"Die passende Transporttasche ist aus hochfestem Nylon gefertigt, was sie besonders widerstandsf\u00e4hig und langlebig macht. Sie verf\u00fcgt \u00fcber ein durchdachtes MOLLE-System, das es erm\u00f6glicht, zus\u00e4tzliche Ausr\u00fcstung wie Messer, Wasserflaschen oder Erste-Hilfe-Kits sicher und griffbereit zu befestigen. Im Inneren der Tasche sorgen spezielle Polsterungen und abgeteilte F\u00e4cher daf\u00fcr, dass die Armbrust, Pfeile, die Zieloptik sowie weiteres [&hellip;]","og_url":"https:\/\/ueberlebenskunst.at\/survivalshop\/shop\/steambow-armbrust-rucksack\/","og_site_name":"Reini Rossmann - Survival Shop","article_publisher":"https:\/\/www.facebook.com\/survival24.org\/","article_modified_time":"2026-04-17T08:19:23+00:00","og_image":[{"width":400,"height":399,"url":"https:\/\/ueberlebenskunst.at\/survivalshop\/wp-content\/uploads\/2023\/10\/0000707.jpg","type":"image\/jpeg"}],"twitter_card":"summary_large_image","twitter_misc":{"Gesch\u00e4tzte Lesezeit":"2\u00a0Minuten"},"schema":{"@context":"https:\/\/schema.org","@graph":[{"@type":"WebPage","@id":"https:\/\/ueberlebenskunst.at\/survivalshop\/shop\/steambow-armbrust-rucksack\/","url":"https:\/\/ueberlebenskunst.at\/survivalshop\/shop\/steambow-armbrust-rucksack\/","name":"AR-6 Steambow Stinger 2 Armbrust Survival-Tasche oliv - Reini Rossmann - Survival Shop","isPartOf":{"@id":"https:\/\/ueberlebenskunst.at\/survivalshop\/#website"},"primaryImageOfPage":{"@id":"https:\/\/ueberlebenskunst.at\/survivalshop\/shop\/steambow-armbrust-rucksack\/#primaryimage"},"image":{"@id":"https:\/\/ueberlebenskunst.at\/survivalshop\/shop\/steambow-armbrust-rucksack\/#primaryimage"},"thumbnailUrl":"https:\/\/ueberlebenskunst.at\/survivalshop\/wp-content\/uploads\/2023\/10\/0000707.jpg","datePublished":"2023-10-23T13:16:38+00:00","dateModified":"2026-04-17T08:19:23+00:00","breadcrumb":{"@id":"https:\/\/ueberlebenskunst.at\/survivalshop\/shop\/steambow-armbrust-rucksack\/#breadcrumb"},"inLanguage":"de","potentialAction":[{"@type":"ReadAction","target":["https:\/\/ueberlebenskunst.at\/survivalshop\/shop\/steambow-armbrust-rucksack\/"]}]},{"@type":"ImageObject","inLanguage":"de","@id":"https:\/\/ueberlebenskunst.at\/survivalshop\/shop\/steambow-armbrust-rucksack\/#primaryimage","url":"https:\/\/ueberlebenskunst.at\/survivalshop\/wp-content\/uploads\/2023\/10\/0000707.jpg","contentUrl":"https:\/\/ueberlebenskunst.at\/survivalshop\/wp-content\/uploads\/2023\/10\/0000707.jpg","width":400,"height":399},{"@type":"BreadcrumbList","@id":"https:\/\/ueberlebenskunst.at\/survivalshop\/shop\/steambow-armbrust-rucksack\/#breadcrumb","itemListElement":[{"@type":"ListItem","position":1,"name":"Startseite","item":"https:\/\/ueberlebenskunst.at\/survivalshop\/"},{"@type":"ListItem","position":2,"name":"Shop","item":"https:\/\/ueberlebenskunst.at\/survivalshop\/shop\/"},{"@type":"ListItem","position":3,"name":"AR-6 Steambow Stinger 2 Armbrust Survival-Tasche oliv"}]},{"@type":"WebSite","@id":"https:\/\/ueberlebenskunst.at\/survivalshop\/#website","url":"https:\/\/ueberlebenskunst.at\/survivalshop\/","name":"Reini Rossmann - Survival Shop","description":"Survival Shop f\u00fcr Survival, Bushcraft und Prepper","potentialAction":[{"@type":"SearchAction","target":{"@type":"EntryPoint","urlTemplate":"https:\/\/ueberlebenskunst.at\/survivalshop\/?s={search_term_string}"},"query-input":{"@type":"PropertyValueSpecification","valueRequired":true,"valueName":"search_term_string"}}],"inLanguage":"de"}]}},"_links":{"self":[{"href":"https:\/\/ueberlebenskunst.at\/survivalshop\/wp-json\/wp\/v2\/product\/147705","targetHints":{"allow":["GET"]}}],"collection":[{"href":"https:\/\/ueberlebenskunst.at\/survivalshop\/wp-json\/wp\/v2\/product"}],"about":[{"href":"https:\/\/ueberlebenskunst.at\/survivalshop\/wp-json\/wp\/v2\/types\/product"}],"replies":[{"embeddable":true,"href":"https:\/\/ueberlebenskunst.at\/survivalshop\/wp-json\/wp\/v2\/comments?post=147705"}],"wp:featuredmedia":[{"embeddable":true,"href":"https:\/\/ueberlebenskunst.at\/survivalshop\/wp-json\/wp\/v2\/media\/175028"}],"wp:attachment":[{"href":"https:\/\/ueberlebenskunst.at\/survivalshop\/wp-json\/wp\/v2\/media?parent=147705"}],"wp:term":[{"taxonomy":"product_brand","embeddable":true,"href":"https:\/\/ueberlebenskunst.at\/survivalshop\/wp-json\/wp\/v2\/product_brand?post=147705"},{"taxonomy":"product_cat","embeddable":true,"href":"https:\/\/ueberlebenskunst.at\/survivalshop\/wp-json\/wp\/v2\/product_cat?post=147705"},{"taxonomy":"product_tag","embeddable":true,"href":"https:\/\/ueberlebenskunst.at\/survivalshop\/wp-json\/wp\/v2\/product_tag?post=147705"}],"curies":[{"name":"wp","href":"https:\/\/api.w.org\/{rel}","templated":true}]}}