{"id":144382,"date":"2023-09-26T15:45:28","date_gmt":"2023-09-26T13:45:28","guid":{"rendered":"https:\/\/ueberlebenskunst.at\/survivalshop\/?post_type=product&#038;p=144382"},"modified":"2026-03-28T20:05:37","modified_gmt":"2026-03-28T19:05:37","slug":"lampen-klemmhalterung-fuer-picatinny-halterungen","status":"publish","type":"product","link":"https:\/\/ueberlebenskunst.at\/survivalshop\/shop\/lampen-klemmhalterung-fuer-picatinny-halterungen\/","title":{"rendered":"Universal Lampen Klemmhalterung f\u00fcr Picatinny Halterungen"},"content":{"rendered":"<p>Mit dieser Universal Lampen-Klemmhalterung kannst du deine Lampen mittels Tek-Lok oder UltiClip z. B. am G\u00fcrtel befestigen. Ebenso ist eine Montage auf all unseren Armbrust, Paintball, Luftdruck-Universalhalterungen mit Montageblock m\u00f6glich. Auch auf unseren Multi Mounts k\u00f6nnen die Lampen Klemmhalterungen montiert werden. Die Universal Lampen-Klemmhalterung bietet dir also eine gro\u00dfe Vielzahl an Montagem\u00f6glichkeiten damit du deine Taschenlampe immer griff- und einsatzbereit hast.<\/p>\n<p>Je nachdem wie fest du die Schrauben bei der Montage der Lampe anziehst, kann die Lampe noch mit aus der Klemmhalterung gezogen werden. Achte dabei aber unbedingt darauf, dass die Lampe nicht aus der Universal Lampen-Klemmhalterung rausrutschen kann, indem du z. B. den Kopf der Lampe nach oben schauen l\u00e4sst und so ein Durchrutschen der Lampe verhinderst.<\/p>\n<p>Bei der Auwahl der richtigen Klemmhalterung achte bitte darauf, dass du den f\u00fcr deine Lampe passende Klemmdurchmesser ausw\u00e4hlst.<\/p>\n<h3><strong>Produktdaten:<\/strong><\/h3>\n<ul>\n<li>LKH15: Gewicht: 19 g, Abmessungen: 22 x 38 x 40 mm, Klemmdurchmesser: 14-16 mm<\/li>\n<li>LKH17: Gewicht: 17 g, Abmessungen: 22 x 38 x 40 mm, Klemmdurchmesser: 16-18 mm<\/li>\n<li>LKH18: Gewicht: 17 g, Abmessungen: 24 x 38 x 40 mm, Klemmdurchmesser: 17-19 mm<\/li>\n<li>LKH20: Gewicht: 18 g, Abmessungen: 26 x 38 x 40 mm, Klemmdurchmesser: 19-21 mm<\/li>\n<li>LKH22: Gewicht: 27 g, Abmessungen: 31 x 47 x 40 mm, Klemmdurchmesser: 21-23 mm<\/li>\n<li>LKH24: Gewicht: 29 g, Abmessungen: 33 x 49 x 40 mm, Klemmdurchmesser: 23-25,5 mm<\/li>\n<\/ul>\n<p>2 Bohrungen im 19 mm Abstand f\u00fcr z. B. M4 Schrauben<\/p>\n<h3><strong>Passt auf: <\/strong><\/h3>\n<ul>\n<li>Universalhalterungen mit Montageblock (<a href=\"https:\/\/ueberlebenskunst.at\/survivalshop\/shop\/montageblock\/\" target=\"_blank\" rel=\"noopener\">Picatinny Montageblock<\/a>, <a href=\"https:\/\/ueberlebenskunst.at\/survivalshop\/shop\/montageblock\/\" target=\"_blank\" rel=\"noopener\">Montageblock<\/a>, <a href=\"https:\/\/ueberlebenskunst.at\/survivalshop\/shop\/lampen-laserhalterung-fuer-steambow-stinger\/\" target=\"_blank\" rel=\"noopener\">Universalhalterung Stinger mit Montageblock<\/a>)<\/li>\n<li><a href=\"https:\/\/ueberlebenskunst.at\/survivalshop\/?s=Multi+Mount&amp;post_type=product&amp;dgwt_wcas=1\" target=\"_blank\" rel=\"noopener\">Multi Mounts<\/a><\/li>\n<li><a href=\"https:\/\/ueberlebenskunst.at\/survivalshop\/kategorie\/messer-tools\/zubehoer\/\" target=\"_blank\" rel=\"noopener\">schmales Tek-Lok, Tek-Lok und Ulticlip<\/a><\/li>\n<\/ul>\n<h3>Passend unter anderem f\u00fcr folgende Lampe:<\/h3>\n<ul>\n<li>LKH15: Olight i3E EOS<\/li>\n<li>LKH17: &#8212;<\/li>\n<li>LKH18: Olight i5t \/ Olight i5r<\/li>\n<li>LKH20: &#8212;<\/li>\n<li>LKH22: Nextorch tao01<\/li>\n<li>LKH24: <a href=\"https:\/\/ueberlebenskunst.at\/survivalshop\/shop\/walther-tactical-250\/\" target=\"_blank\" rel=\"noopener\">Walther Tactical 250<\/a><\/li>\n<\/ul>\n<h3><strong>Lieferumfang:<\/strong><\/h3>\n<ul>\n<li>Montageholster inkl. Montagematerial, exklusive Lampe<\/li>\n<li><strong>ACHTUNG: auf den Produktbildern befindet sich optionales Zubeh\u00f6r, das im Lieferumfang NICHT enthalten ist.<\/strong><\/li>\n<\/ul>\n<h3><strong>Bedienungs- &amp; Pflegeanleitung:<\/strong><\/h3>\n<ul>\n<li>Die Reinigung mit Wasser und Seife ist m\u00f6glich.<\/li>\n<li>Du solltest die Steckscheide nicht direkt in die N\u00e4he von Feuer oder anderen Hitzequellen legen!<\/li>\n<li>Wird deine Steckscheide \u00fcber l\u00e4ngere Zeit sehr kalten Temperaturen unter 0 \u00b0C ausgesetzt, solltest duin dem Moment darauf achten, dass keine starken Belastungen darauf einwirken.<\/li>\n<\/ul>\n<p>Unsere Produkte sind nicht f\u00fcr Kinder unter 3 Jahren geeignet. Es besteht Verschluckungsgefahr.<\/p>\n<p><a href=\"https:\/\/ueberlebenskunst.at\/survivalshop\/wp-content\/uploads\/2021\/11\/Logo_Kinder.png\"><img decoding=\"async\" class=\"alignnone size-medium wp-image-179571\" src=\"https:\/\/ueberlebenskunst.at\/survivalshop\/wp-content\/uploads\/2021\/11\/Logo_Kinder-300x126.png\" alt=\"\" width=\"300\" height=\"126\" srcset=\"https:\/\/ueberlebenskunst.at\/survivalshop\/wp-content\/uploads\/2021\/11\/Logo_Kinder-300x126.png 300w, https:\/\/ueberlebenskunst.at\/survivalshop\/wp-content\/uploads\/2021\/11\/Logo_Kinder-64x27.png 64w, https:\/\/ueberlebenskunst.at\/survivalshop\/wp-content\/uploads\/2021\/11\/Logo_Kinder.png 401w\" sizes=\"(max-width: 300px) 100vw, 300px\" \/><\/a><\/p>\n<p><span style=\"color: #99cc00;\">Du willst das Produkt in einer anderen Farbe? Schick uns eine E-Mail an shop@ueberlebenskunst.at und wir pr\u00fcfen, ob dein Farbwunsch\u00a0m\u00f6glich\u00a0ist.<\/span><\/p>\n","protected":false},"excerpt":{"rendered":"<p>Mit dieser Universal Lampen-Klemmhalterung kannst du deine Lampen mittels Tek-Lok oder UltiClip z. B. am G\u00fcrtel befestigen. Ebenso ist eine Montage auf all unseren Armbrust, Paintball, Luftdruck-Universalhalterungen mit Montageblock m\u00f6glich. Auch auf unseren Multi Mounts k\u00f6nnen die Lampen Klemmhalterungen montiert werden. Die Universal Lampen-Klemmhalterung bietet dir also eine gro\u00dfe Vielzahl an Montagem\u00f6glichkeiten damit du deine [&hellip;]<\/p>\n","protected":false},"featured_media":144485,"comment_status":"open","ping_status":"closed","template":"","meta":{"_acf_changed":false},"product_brand":[],"product_cat":[1770,1771,1769,1772,1768,1929],"product_tag":[],"class_list":{"0":"post-144382","1":"product","2":"type-product","3":"status-publish","4":"has-post-thumbnail","6":"product_cat-ek-archery-adder","7":"product_cat-ek-archery-siege","8":"product_cat-ek-archery-vlad-bogensport-zubehoer","9":"product_cat-man-kung-alligator","10":"product_cat-steambow-stinger","11":"product_cat-zielvorrichtung","13":"first","14":"instock","15":"taxable","16":"shipping-taxable","17":"purchasable","18":"product-type-variable","19":"has-default-attributes"},"acf":[],"yoast_head":"<!-- This site is optimized with the Yoast SEO plugin v27.1.1 - https:\/\/yoast.com\/product\/yoast-seo-wordpress\/ -->\n<title>Universal Lampen Klemmhalterung f\u00fcr Picatinny Halterungen - Reini Rossmann - Survival Shop<\/title>\n<meta name=\"robots\" content=\"index, follow, max-snippet:-1, max-image-preview:large, max-video-preview:-1\" \/>\n<link rel=\"canonical\" href=\"https:\/\/ueberlebenskunst.at\/survivalshop\/shop\/lampen-klemmhalterung-fuer-picatinny-halterungen\/\" \/>\n<meta property=\"og:locale\" content=\"de_DE\" \/>\n<meta property=\"og:type\" content=\"article\" \/>\n<meta property=\"og:title\" content=\"Universal Lampen Klemmhalterung f\u00fcr Picatinny Halterungen - Reini Rossmann - Survival Shop\" \/>\n<meta property=\"og:description\" content=\"Mit dieser Universal Lampen-Klemmhalterung kannst du deine Lampen mittels Tek-Lok oder UltiClip z. B. am G\u00fcrtel befestigen. Ebenso ist eine Montage auf all unseren Armbrust, Paintball, Luftdruck-Universalhalterungen mit Montageblock m\u00f6glich. Auch auf unseren Multi Mounts k\u00f6nnen die Lampen Klemmhalterungen montiert werden. Die Universal Lampen-Klemmhalterung bietet dir also eine gro\u00dfe Vielzahl an Montagem\u00f6glichkeiten damit du deine [&hellip;]\" \/>\n<meta property=\"og:url\" content=\"https:\/\/ueberlebenskunst.at\/survivalshop\/shop\/lampen-klemmhalterung-fuer-picatinny-halterungen\/\" \/>\n<meta property=\"og:site_name\" content=\"Reini Rossmann - Survival Shop\" \/>\n<meta property=\"article:publisher\" content=\"https:\/\/www.facebook.com\/survival24.org\/\" \/>\n<meta property=\"article:modified_time\" content=\"2026-03-28T19:05:37+00:00\" \/>\n<meta property=\"og:image\" content=\"https:\/\/ueberlebenskunst.at\/survivalshop\/wp-content\/uploads\/2023\/09\/Lampen_Klemmhalterung_Picatinny_Schiene_Halterung_LKH25_sk.jpg\" \/>\n\t<meta property=\"og:image:width\" content=\"400\" \/>\n\t<meta property=\"og:image:height\" content=\"400\" \/>\n\t<meta property=\"og:image:type\" content=\"image\/jpeg\" \/>\n<meta name=\"twitter:card\" content=\"summary_large_image\" \/>\n<meta name=\"twitter:label1\" content=\"Gesch\u00e4tzte Lesezeit\" \/>\n\t<meta name=\"twitter:data1\" content=\"3\u00a0Minuten\" \/>\n<script type=\"application\/ld+json\" class=\"yoast-schema-graph\">{\"@context\":\"https:\/\/schema.org\",\"@graph\":[{\"@type\":\"WebPage\",\"@id\":\"https:\/\/ueberlebenskunst.at\/survivalshop\/shop\/lampen-klemmhalterung-fuer-picatinny-halterungen\/\",\"url\":\"https:\/\/ueberlebenskunst.at\/survivalshop\/shop\/lampen-klemmhalterung-fuer-picatinny-halterungen\/\",\"name\":\"Universal Lampen Klemmhalterung f\u00fcr Picatinny Halterungen - Reini Rossmann - Survival Shop\",\"isPartOf\":{\"@id\":\"https:\/\/ueberlebenskunst.at\/survivalshop\/#website\"},\"primaryImageOfPage\":{\"@id\":\"https:\/\/ueberlebenskunst.at\/survivalshop\/shop\/lampen-klemmhalterung-fuer-picatinny-halterungen\/#primaryimage\"},\"image\":{\"@id\":\"https:\/\/ueberlebenskunst.at\/survivalshop\/shop\/lampen-klemmhalterung-fuer-picatinny-halterungen\/#primaryimage\"},\"thumbnailUrl\":\"https:\/\/ueberlebenskunst.at\/survivalshop\/wp-content\/uploads\/2023\/09\/Lampen_Klemmhalterung_Picatinny_Schiene_Halterung_LKH25_sk.jpg\",\"datePublished\":\"2023-09-26T13:45:28+00:00\",\"dateModified\":\"2026-03-28T19:05:37+00:00\",\"breadcrumb\":{\"@id\":\"https:\/\/ueberlebenskunst.at\/survivalshop\/shop\/lampen-klemmhalterung-fuer-picatinny-halterungen\/#breadcrumb\"},\"inLanguage\":\"de\",\"potentialAction\":[{\"@type\":\"ReadAction\",\"target\":[\"https:\/\/ueberlebenskunst.at\/survivalshop\/shop\/lampen-klemmhalterung-fuer-picatinny-halterungen\/\"]}]},{\"@type\":\"ImageObject\",\"inLanguage\":\"de\",\"@id\":\"https:\/\/ueberlebenskunst.at\/survivalshop\/shop\/lampen-klemmhalterung-fuer-picatinny-halterungen\/#primaryimage\",\"url\":\"https:\/\/ueberlebenskunst.at\/survivalshop\/wp-content\/uploads\/2023\/09\/Lampen_Klemmhalterung_Picatinny_Schiene_Halterung_LKH25_sk.jpg\",\"contentUrl\":\"https:\/\/ueberlebenskunst.at\/survivalshop\/wp-content\/uploads\/2023\/09\/Lampen_Klemmhalterung_Picatinny_Schiene_Halterung_LKH25_sk.jpg\",\"width\":400,\"height\":400},{\"@type\":\"BreadcrumbList\",\"@id\":\"https:\/\/ueberlebenskunst.at\/survivalshop\/shop\/lampen-klemmhalterung-fuer-picatinny-halterungen\/#breadcrumb\",\"itemListElement\":[{\"@type\":\"ListItem\",\"position\":1,\"name\":\"Startseite\",\"item\":\"https:\/\/ueberlebenskunst.at\/survivalshop\/\"},{\"@type\":\"ListItem\",\"position\":2,\"name\":\"Shop\",\"item\":\"https:\/\/ueberlebenskunst.at\/survivalshop\/shop\/\"},{\"@type\":\"ListItem\",\"position\":3,\"name\":\"Universal Lampen Klemmhalterung f\u00fcr Picatinny Halterungen\"}]},{\"@type\":\"WebSite\",\"@id\":\"https:\/\/ueberlebenskunst.at\/survivalshop\/#website\",\"url\":\"https:\/\/ueberlebenskunst.at\/survivalshop\/\",\"name\":\"Reini Rossmann - Survival Shop\",\"description\":\"Survival Shop f\u00fcr Survival, Bushcraft und Prepper\",\"potentialAction\":[{\"@type\":\"SearchAction\",\"target\":{\"@type\":\"EntryPoint\",\"urlTemplate\":\"https:\/\/ueberlebenskunst.at\/survivalshop\/?s={search_term_string}\"},\"query-input\":{\"@type\":\"PropertyValueSpecification\",\"valueRequired\":true,\"valueName\":\"search_term_string\"}}],\"inLanguage\":\"de\"}]}<\/script>\n<!-- \/ Yoast SEO plugin. -->","yoast_head_json":{"title":"Universal Lampen Klemmhalterung f\u00fcr Picatinny Halterungen - Reini Rossmann - Survival Shop","robots":{"index":"index","follow":"follow","max-snippet":"max-snippet:-1","max-image-preview":"max-image-preview:large","max-video-preview":"max-video-preview:-1"},"canonical":"https:\/\/ueberlebenskunst.at\/survivalshop\/shop\/lampen-klemmhalterung-fuer-picatinny-halterungen\/","og_locale":"de_DE","og_type":"article","og_title":"Universal Lampen Klemmhalterung f\u00fcr Picatinny Halterungen - Reini Rossmann - Survival Shop","og_description":"Mit dieser Universal Lampen-Klemmhalterung kannst du deine Lampen mittels Tek-Lok oder UltiClip z. B. am G\u00fcrtel befestigen. Ebenso ist eine Montage auf all unseren Armbrust, Paintball, Luftdruck-Universalhalterungen mit Montageblock m\u00f6glich. Auch auf unseren Multi Mounts k\u00f6nnen die Lampen Klemmhalterungen montiert werden. Die Universal Lampen-Klemmhalterung bietet dir also eine gro\u00dfe Vielzahl an Montagem\u00f6glichkeiten damit du deine [&hellip;]","og_url":"https:\/\/ueberlebenskunst.at\/survivalshop\/shop\/lampen-klemmhalterung-fuer-picatinny-halterungen\/","og_site_name":"Reini Rossmann - Survival Shop","article_publisher":"https:\/\/www.facebook.com\/survival24.org\/","article_modified_time":"2026-03-28T19:05:37+00:00","og_image":[{"width":400,"height":400,"url":"https:\/\/ueberlebenskunst.at\/survivalshop\/wp-content\/uploads\/2023\/09\/Lampen_Klemmhalterung_Picatinny_Schiene_Halterung_LKH25_sk.jpg","type":"image\/jpeg"}],"twitter_card":"summary_large_image","twitter_misc":{"Gesch\u00e4tzte Lesezeit":"3\u00a0Minuten"},"schema":{"@context":"https:\/\/schema.org","@graph":[{"@type":"WebPage","@id":"https:\/\/ueberlebenskunst.at\/survivalshop\/shop\/lampen-klemmhalterung-fuer-picatinny-halterungen\/","url":"https:\/\/ueberlebenskunst.at\/survivalshop\/shop\/lampen-klemmhalterung-fuer-picatinny-halterungen\/","name":"Universal Lampen Klemmhalterung f\u00fcr Picatinny Halterungen - Reini Rossmann - Survival Shop","isPartOf":{"@id":"https:\/\/ueberlebenskunst.at\/survivalshop\/#website"},"primaryImageOfPage":{"@id":"https:\/\/ueberlebenskunst.at\/survivalshop\/shop\/lampen-klemmhalterung-fuer-picatinny-halterungen\/#primaryimage"},"image":{"@id":"https:\/\/ueberlebenskunst.at\/survivalshop\/shop\/lampen-klemmhalterung-fuer-picatinny-halterungen\/#primaryimage"},"thumbnailUrl":"https:\/\/ueberlebenskunst.at\/survivalshop\/wp-content\/uploads\/2023\/09\/Lampen_Klemmhalterung_Picatinny_Schiene_Halterung_LKH25_sk.jpg","datePublished":"2023-09-26T13:45:28+00:00","dateModified":"2026-03-28T19:05:37+00:00","breadcrumb":{"@id":"https:\/\/ueberlebenskunst.at\/survivalshop\/shop\/lampen-klemmhalterung-fuer-picatinny-halterungen\/#breadcrumb"},"inLanguage":"de","potentialAction":[{"@type":"ReadAction","target":["https:\/\/ueberlebenskunst.at\/survivalshop\/shop\/lampen-klemmhalterung-fuer-picatinny-halterungen\/"]}]},{"@type":"ImageObject","inLanguage":"de","@id":"https:\/\/ueberlebenskunst.at\/survivalshop\/shop\/lampen-klemmhalterung-fuer-picatinny-halterungen\/#primaryimage","url":"https:\/\/ueberlebenskunst.at\/survivalshop\/wp-content\/uploads\/2023\/09\/Lampen_Klemmhalterung_Picatinny_Schiene_Halterung_LKH25_sk.jpg","contentUrl":"https:\/\/ueberlebenskunst.at\/survivalshop\/wp-content\/uploads\/2023\/09\/Lampen_Klemmhalterung_Picatinny_Schiene_Halterung_LKH25_sk.jpg","width":400,"height":400},{"@type":"BreadcrumbList","@id":"https:\/\/ueberlebenskunst.at\/survivalshop\/shop\/lampen-klemmhalterung-fuer-picatinny-halterungen\/#breadcrumb","itemListElement":[{"@type":"ListItem","position":1,"name":"Startseite","item":"https:\/\/ueberlebenskunst.at\/survivalshop\/"},{"@type":"ListItem","position":2,"name":"Shop","item":"https:\/\/ueberlebenskunst.at\/survivalshop\/shop\/"},{"@type":"ListItem","position":3,"name":"Universal Lampen Klemmhalterung f\u00fcr Picatinny Halterungen"}]},{"@type":"WebSite","@id":"https:\/\/ueberlebenskunst.at\/survivalshop\/#website","url":"https:\/\/ueberlebenskunst.at\/survivalshop\/","name":"Reini Rossmann - Survival Shop","description":"Survival Shop f\u00fcr Survival, Bushcraft und Prepper","potentialAction":[{"@type":"SearchAction","target":{"@type":"EntryPoint","urlTemplate":"https:\/\/ueberlebenskunst.at\/survivalshop\/?s={search_term_string}"},"query-input":{"@type":"PropertyValueSpecification","valueRequired":true,"valueName":"search_term_string"}}],"inLanguage":"de"}]}},"_links":{"self":[{"href":"https:\/\/ueberlebenskunst.at\/survivalshop\/wp-json\/wp\/v2\/product\/144382","targetHints":{"allow":["GET"]}}],"collection":[{"href":"https:\/\/ueberlebenskunst.at\/survivalshop\/wp-json\/wp\/v2\/product"}],"about":[{"href":"https:\/\/ueberlebenskunst.at\/survivalshop\/wp-json\/wp\/v2\/types\/product"}],"replies":[{"embeddable":true,"href":"https:\/\/ueberlebenskunst.at\/survivalshop\/wp-json\/wp\/v2\/comments?post=144382"}],"wp:featuredmedia":[{"embeddable":true,"href":"https:\/\/ueberlebenskunst.at\/survivalshop\/wp-json\/wp\/v2\/media\/144485"}],"wp:attachment":[{"href":"https:\/\/ueberlebenskunst.at\/survivalshop\/wp-json\/wp\/v2\/media?parent=144382"}],"wp:term":[{"taxonomy":"product_brand","embeddable":true,"href":"https:\/\/ueberlebenskunst.at\/survivalshop\/wp-json\/wp\/v2\/product_brand?post=144382"},{"taxonomy":"product_cat","embeddable":true,"href":"https:\/\/ueberlebenskunst.at\/survivalshop\/wp-json\/wp\/v2\/product_cat?post=144382"},{"taxonomy":"product_tag","embeddable":true,"href":"https:\/\/ueberlebenskunst.at\/survivalshop\/wp-json\/wp\/v2\/product_tag?post=144382"}],"curies":[{"name":"wp","href":"https:\/\/api.w.org\/{rel}","templated":true}]}}