{"id":1442,"date":"2014-07-02T20:56:20","date_gmt":"2014-07-02T18:56:20","guid":{"rendered":"https:\/\/ueberlebenskunst.at\/survivalshop\/survivalshop\/?post_type=product&#038;p=1442"},"modified":"2025-06-05T11:02:00","modified_gmt":"2025-06-05T09:02:00","slug":"survival-draht-saege","status":"seo-produkt","type":"product","link":"https:\/\/ueberlebenskunst.at\/survivalshop\/shop\/survival-draht-saege\/","title":{"rendered":"Survival Draht S\u00e4ge"},"content":{"rendered":"<h3>Was bringt diese Survival Drahts\u00e4ge in der Praxis?<\/h3>\n<p>Diese Survival Ausr\u00fcstung ist leicht und braucht kaum Platz.<br \/>\nDas sind sicherlich die Pluspunkte.<br \/>\nDoch diese Drahts\u00e4ge funktioniert am besten, wenn sie straff wie eine herk\u00f6mmliche S\u00e4ge eingesetzt wird.<\/p>\n<p>Daher empfehle ich Dir in der Praxis einen flexiblen Ast als B\u00fcgel zu verwenden, oder wenn mehrere Personen zur Verf\u00fcgung stehen zu zweit zu arbeiten.<\/p>\n<p><a href=\"https:\/\/ueberlebenskunst.at\/survivalshop\/survivalshop\/wp-content\/uploads\/2014\/07\/Survival-S\u00e4ge-Bedienung.png\" target=\"_blank\" rel=\"noopener noreferrer\"><img decoding=\"async\" class=\"alignnone wp-image-1524 size-medium\" src=\"https:\/\/ueberlebenskunst.at\/survivalshop\/survivalshop\/wp-content\/uploads\/2014\/07\/Survival-S\u00e4ge-Bedienung-300x217.png\" alt=\"Survival S\u00e4ge Bedienung\" width=\"300\" height=\"217\" srcset=\"https:\/\/ueberlebenskunst.at\/survivalshop\/wp-content\/uploads\/2014\/07\/Survival-S\u00e4ge-Bedienung-300x218.png 300w, https:\/\/ueberlebenskunst.at\/survivalshop\/wp-content\/uploads\/2014\/07\/Survival-S\u00e4ge-Bedienung-600x436.png 600w, https:\/\/ueberlebenskunst.at\/survivalshop\/wp-content\/uploads\/2014\/07\/Survival-S\u00e4ge-Bedienung.png 684w\" sizes=\"(max-width: 300px) 100vw, 300px\" \/><\/a><\/p>\n<h3>Mehr Spannung f\u00fchrt einfach zu besseren Ergebnissen.<\/h3>\n<p>Wenn du wie in vielen Videos und Fotos gezeigt die Drahts\u00e4ge direkt um das zu s\u00e4gende Holz wickelst, dann wird die Survival S\u00e4ge bald stecken bleiben. Dann ist das Arbeiten vorbei, denn das Holz klemmt den schmalen Draht ganz einfach ein.<\/p>\n<p><a href=\"https:\/\/ueberlebenskunst.at\/survivalshop\/survivalshop\/wp-content\/uploads\/2014\/07\/Drahts\u00e4ge-Survival-Bogen.png\" target=\"_blank\" rel=\"noopener noreferrer\"><img decoding=\"async\" class=\"alignnone wp-image-1522 size-medium\" src=\"https:\/\/ueberlebenskunst.at\/survivalshop\/survivalshop\/wp-content\/uploads\/2014\/07\/Drahts\u00e4ge-Survival-Bogen-172x300.png\" alt=\"Drahts\u00e4ge Survival Bogen\" width=\"172\" height=\"300\" srcset=\"https:\/\/ueberlebenskunst.at\/survivalshop\/wp-content\/uploads\/2014\/07\/Drahts\u00e4ge-Survival-Bogen-172x300.png 172w, https:\/\/ueberlebenskunst.at\/survivalshop\/wp-content\/uploads\/2014\/07\/Drahts\u00e4ge-Survival-Bogen-300x521.png 300w, https:\/\/ueberlebenskunst.at\/survivalshop\/wp-content\/uploads\/2014\/07\/Drahts\u00e4ge-Survival-Bogen.png 376w\" sizes=\"(max-width: 172px) 100vw, 172px\" \/><\/a><\/p>\n<p>Nat\u00fcrlich kann dieser Spalt bereits reichen, damit du den Ast brechen kannst.<br \/>\nAuf jeden Fall ist dieses Survival Tool besser als nichts.<\/p>\n<p>&nbsp;<\/p>\n","protected":false},"excerpt":{"rendered":"<p>Eine kleine Behelfss\u00e4ge f\u00fcr\u00a0den Survival Kit. Mit nicht einmal 20 Gramm passt die Drahts\u00e4ge in jede Tasche.<br \/>\nAber diese Drahts\u00e4ge ersetzt eine herk\u00f6mmlichen S\u00e4ge auf keinen Fall.<\/p>\n","protected":false},"featured_media":1443,"comment_status":"open","ping_status":"closed","template":"","meta":{"_acf_changed":false},"product_brand":[],"product_cat":[426],"product_tag":[237],"class_list":{"0":"post-1442","1":"product","2":"type-product","3":"status-seo-produkt","4":"has-post-thumbnail","6":"product_cat-unkategorisiert","7":"product_tag-survival-kit","9":"first","10":"outofstock","11":"taxable","12":"shipping-taxable","13":"product-type-simple"},"acf":[],"yoast_head":"<!-- This site is optimized with the Yoast SEO plugin v27.1.1 - https:\/\/yoast.com\/product\/yoast-seo-wordpress\/ -->\n<title>Survival Draht S\u00e4ge - Reini Rossmann - Survival Shop<\/title>\n<meta name=\"robots\" content=\"index, follow, max-snippet:-1, max-image-preview:large, max-video-preview:-1\" \/>\n<link rel=\"canonical\" href=\"https:\/\/ueberlebenskunst.at\/survivalshop\/shop\/survival-draht-saege\/\" \/>\n<meta property=\"og:locale\" content=\"de_DE\" \/>\n<meta property=\"og:type\" content=\"article\" \/>\n<meta property=\"og:title\" content=\"Survival Draht S\u00e4ge - Reini Rossmann - Survival Shop\" \/>\n<meta property=\"og:description\" content=\"Eine kleine Behelfss\u00e4ge f\u00fcr\u00a0den Survival Kit. Mit nicht einmal 20 Gramm passt die Drahts\u00e4ge in jede Tasche. Aber diese Drahts\u00e4ge ersetzt eine herk\u00f6mmlichen S\u00e4ge auf keinen Fall.\" \/>\n<meta property=\"og:url\" content=\"https:\/\/ueberlebenskunst.at\/survivalshop\/shop\/survival-draht-saege\/\" \/>\n<meta property=\"og:site_name\" content=\"Reini Rossmann - Survival Shop\" \/>\n<meta property=\"article:publisher\" content=\"https:\/\/www.facebook.com\/survival24.org\/\" \/>\n<meta property=\"article:modified_time\" content=\"2025-06-05T09:02:00+00:00\" \/>\n<meta property=\"og:image\" content=\"https:\/\/ueberlebenskunst.at\/survivalshop\/wp-content\/uploads\/2014\/07\/Bildschirmfoto-2014-07-02-um-20.43.50.png\" \/>\n\t<meta property=\"og:image:width\" content=\"898\" \/>\n\t<meta property=\"og:image:height\" content=\"553\" \/>\n\t<meta property=\"og:image:type\" content=\"image\/png\" \/>\n<meta name=\"twitter:card\" content=\"summary_large_image\" \/>\n<meta name=\"twitter:label1\" content=\"Gesch\u00e4tzte Lesezeit\" \/>\n\t<meta name=\"twitter:data1\" content=\"2\u00a0Minuten\" \/>\n<script type=\"application\/ld+json\" class=\"yoast-schema-graph\">{\"@context\":\"https:\/\/schema.org\",\"@graph\":[{\"@type\":\"WebPage\",\"@id\":\"https:\/\/ueberlebenskunst.at\/survivalshop\/shop\/survival-draht-saege\/\",\"url\":\"https:\/\/ueberlebenskunst.at\/survivalshop\/shop\/survival-draht-saege\/\",\"name\":\"Survival Draht S\u00e4ge - Reini Rossmann - Survival Shop\",\"isPartOf\":{\"@id\":\"https:\/\/ueberlebenskunst.at\/survivalshop\/#website\"},\"primaryImageOfPage\":{\"@id\":\"https:\/\/ueberlebenskunst.at\/survivalshop\/shop\/survival-draht-saege\/#primaryimage\"},\"image\":{\"@id\":\"https:\/\/ueberlebenskunst.at\/survivalshop\/shop\/survival-draht-saege\/#primaryimage\"},\"thumbnailUrl\":\"https:\/\/ueberlebenskunst.at\/survivalshop\/wp-content\/uploads\/2014\/07\/Bildschirmfoto-2014-07-02-um-20.43.50.png\",\"datePublished\":\"2014-07-02T18:56:20+00:00\",\"dateModified\":\"2025-06-05T09:02:00+00:00\",\"breadcrumb\":{\"@id\":\"https:\/\/ueberlebenskunst.at\/survivalshop\/shop\/survival-draht-saege\/#breadcrumb\"},\"inLanguage\":\"de\",\"potentialAction\":[{\"@type\":\"ReadAction\",\"target\":[\"https:\/\/ueberlebenskunst.at\/survivalshop\/shop\/survival-draht-saege\/\"]}]},{\"@type\":\"ImageObject\",\"inLanguage\":\"de\",\"@id\":\"https:\/\/ueberlebenskunst.at\/survivalshop\/shop\/survival-draht-saege\/#primaryimage\",\"url\":\"https:\/\/ueberlebenskunst.at\/survivalshop\/wp-content\/uploads\/2014\/07\/Bildschirmfoto-2014-07-02-um-20.43.50.png\",\"contentUrl\":\"https:\/\/ueberlebenskunst.at\/survivalshop\/wp-content\/uploads\/2014\/07\/Bildschirmfoto-2014-07-02-um-20.43.50.png\",\"width\":898,\"height\":553},{\"@type\":\"BreadcrumbList\",\"@id\":\"https:\/\/ueberlebenskunst.at\/survivalshop\/shop\/survival-draht-saege\/#breadcrumb\",\"itemListElement\":[{\"@type\":\"ListItem\",\"position\":1,\"name\":\"Startseite\",\"item\":\"https:\/\/ueberlebenskunst.at\/survivalshop\/\"},{\"@type\":\"ListItem\",\"position\":2,\"name\":\"Shop\",\"item\":\"https:\/\/ueberlebenskunst.at\/survivalshop\/shop\/\"},{\"@type\":\"ListItem\",\"position\":3,\"name\":\"Survival Draht S\u00e4ge\"}]},{\"@type\":\"WebSite\",\"@id\":\"https:\/\/ueberlebenskunst.at\/survivalshop\/#website\",\"url\":\"https:\/\/ueberlebenskunst.at\/survivalshop\/\",\"name\":\"Reini Rossmann - Survival Shop\",\"description\":\"Survival Shop f\u00fcr Survival, Bushcraft und Prepper\",\"potentialAction\":[{\"@type\":\"SearchAction\",\"target\":{\"@type\":\"EntryPoint\",\"urlTemplate\":\"https:\/\/ueberlebenskunst.at\/survivalshop\/?s={search_term_string}\"},\"query-input\":{\"@type\":\"PropertyValueSpecification\",\"valueRequired\":true,\"valueName\":\"search_term_string\"}}],\"inLanguage\":\"de\"}]}<\/script>\n<!-- \/ Yoast SEO plugin. -->","yoast_head_json":{"title":"Survival Draht S\u00e4ge - Reini Rossmann - Survival Shop","robots":{"index":"index","follow":"follow","max-snippet":"max-snippet:-1","max-image-preview":"max-image-preview:large","max-video-preview":"max-video-preview:-1"},"canonical":"https:\/\/ueberlebenskunst.at\/survivalshop\/shop\/survival-draht-saege\/","og_locale":"de_DE","og_type":"article","og_title":"Survival Draht S\u00e4ge - Reini Rossmann - Survival Shop","og_description":"Eine kleine Behelfss\u00e4ge f\u00fcr\u00a0den Survival Kit. Mit nicht einmal 20 Gramm passt die Drahts\u00e4ge in jede Tasche. Aber diese Drahts\u00e4ge ersetzt eine herk\u00f6mmlichen S\u00e4ge auf keinen Fall.","og_url":"https:\/\/ueberlebenskunst.at\/survivalshop\/shop\/survival-draht-saege\/","og_site_name":"Reini Rossmann - Survival Shop","article_publisher":"https:\/\/www.facebook.com\/survival24.org\/","article_modified_time":"2025-06-05T09:02:00+00:00","og_image":[{"width":898,"height":553,"url":"https:\/\/ueberlebenskunst.at\/survivalshop\/wp-content\/uploads\/2014\/07\/Bildschirmfoto-2014-07-02-um-20.43.50.png","type":"image\/png"}],"twitter_card":"summary_large_image","twitter_misc":{"Gesch\u00e4tzte Lesezeit":"2\u00a0Minuten"},"schema":{"@context":"https:\/\/schema.org","@graph":[{"@type":"WebPage","@id":"https:\/\/ueberlebenskunst.at\/survivalshop\/shop\/survival-draht-saege\/","url":"https:\/\/ueberlebenskunst.at\/survivalshop\/shop\/survival-draht-saege\/","name":"Survival Draht S\u00e4ge - Reini Rossmann - Survival Shop","isPartOf":{"@id":"https:\/\/ueberlebenskunst.at\/survivalshop\/#website"},"primaryImageOfPage":{"@id":"https:\/\/ueberlebenskunst.at\/survivalshop\/shop\/survival-draht-saege\/#primaryimage"},"image":{"@id":"https:\/\/ueberlebenskunst.at\/survivalshop\/shop\/survival-draht-saege\/#primaryimage"},"thumbnailUrl":"https:\/\/ueberlebenskunst.at\/survivalshop\/wp-content\/uploads\/2014\/07\/Bildschirmfoto-2014-07-02-um-20.43.50.png","datePublished":"2014-07-02T18:56:20+00:00","dateModified":"2025-06-05T09:02:00+00:00","breadcrumb":{"@id":"https:\/\/ueberlebenskunst.at\/survivalshop\/shop\/survival-draht-saege\/#breadcrumb"},"inLanguage":"de","potentialAction":[{"@type":"ReadAction","target":["https:\/\/ueberlebenskunst.at\/survivalshop\/shop\/survival-draht-saege\/"]}]},{"@type":"ImageObject","inLanguage":"de","@id":"https:\/\/ueberlebenskunst.at\/survivalshop\/shop\/survival-draht-saege\/#primaryimage","url":"https:\/\/ueberlebenskunst.at\/survivalshop\/wp-content\/uploads\/2014\/07\/Bildschirmfoto-2014-07-02-um-20.43.50.png","contentUrl":"https:\/\/ueberlebenskunst.at\/survivalshop\/wp-content\/uploads\/2014\/07\/Bildschirmfoto-2014-07-02-um-20.43.50.png","width":898,"height":553},{"@type":"BreadcrumbList","@id":"https:\/\/ueberlebenskunst.at\/survivalshop\/shop\/survival-draht-saege\/#breadcrumb","itemListElement":[{"@type":"ListItem","position":1,"name":"Startseite","item":"https:\/\/ueberlebenskunst.at\/survivalshop\/"},{"@type":"ListItem","position":2,"name":"Shop","item":"https:\/\/ueberlebenskunst.at\/survivalshop\/shop\/"},{"@type":"ListItem","position":3,"name":"Survival Draht S\u00e4ge"}]},{"@type":"WebSite","@id":"https:\/\/ueberlebenskunst.at\/survivalshop\/#website","url":"https:\/\/ueberlebenskunst.at\/survivalshop\/","name":"Reini Rossmann - Survival Shop","description":"Survival Shop f\u00fcr Survival, Bushcraft und Prepper","potentialAction":[{"@type":"SearchAction","target":{"@type":"EntryPoint","urlTemplate":"https:\/\/ueberlebenskunst.at\/survivalshop\/?s={search_term_string}"},"query-input":{"@type":"PropertyValueSpecification","valueRequired":true,"valueName":"search_term_string"}}],"inLanguage":"de"}]}},"_links":{"self":[{"href":"https:\/\/ueberlebenskunst.at\/survivalshop\/wp-json\/wp\/v2\/product\/1442","targetHints":{"allow":["GET"]}}],"collection":[{"href":"https:\/\/ueberlebenskunst.at\/survivalshop\/wp-json\/wp\/v2\/product"}],"about":[{"href":"https:\/\/ueberlebenskunst.at\/survivalshop\/wp-json\/wp\/v2\/types\/product"}],"replies":[{"embeddable":true,"href":"https:\/\/ueberlebenskunst.at\/survivalshop\/wp-json\/wp\/v2\/comments?post=1442"}],"wp:featuredmedia":[{"embeddable":true,"href":"https:\/\/ueberlebenskunst.at\/survivalshop\/wp-json\/wp\/v2\/media\/1443"}],"wp:attachment":[{"href":"https:\/\/ueberlebenskunst.at\/survivalshop\/wp-json\/wp\/v2\/media?parent=1442"}],"wp:term":[{"taxonomy":"product_brand","embeddable":true,"href":"https:\/\/ueberlebenskunst.at\/survivalshop\/wp-json\/wp\/v2\/product_brand?post=1442"},{"taxonomy":"product_cat","embeddable":true,"href":"https:\/\/ueberlebenskunst.at\/survivalshop\/wp-json\/wp\/v2\/product_cat?post=1442"},{"taxonomy":"product_tag","embeddable":true,"href":"https:\/\/ueberlebenskunst.at\/survivalshop\/wp-json\/wp\/v2\/product_tag?post=1442"}],"curies":[{"name":"wp","href":"https:\/\/api.w.org\/{rel}","templated":true}]}}