{"id":142183,"date":"2023-08-31T13:31:05","date_gmt":"2023-08-31T11:31:05","guid":{"rendered":"https:\/\/ueberlebenskunst.at\/survivalshop\/?post_type=product&#038;p=142183"},"modified":"2025-12-22T06:40:46","modified_gmt":"2025-12-22T05:40:46","slug":"hogue-deka-3-25-cp-tumble-blue","status":"publish","type":"product","link":"https:\/\/ueberlebenskunst.at\/survivalshop\/shop\/hogue-deka-3-25-cp-tumble-blue\/","title":{"rendered":"Hogue Deka 3.25&#8243; CP Tumble Blue"},"content":{"rendered":"<p>Seit Anbeginn der Zeit symbolisiert die Zahl Zehn (griechisch: Deka) Einheit, Ordnung und Perfektion. Mit dem Hogue Deka pr\u00e4sentiert Allen Elishevitz ein modernes Taschenmesser, das eine Hommage an diese Bedeutung ist. Das Taschenmesser ist f\u00fcr sowohl Links- als auch Rechtsh\u00e4nder konzipiert und erf\u00fcllt in seiner Umsetzung die lateinische Urbedeutung von &#8220;decem \u2013 zwei H\u00e4nde&#8221;.<\/p>\n<p>Die Clippoint-Klinge aus pulvermetallurgischem CPM MagnaCut wird durch den beidseitigen Daumenpin problemlos ge\u00f6ffnet und durch den ABLE-Lock mit Schieberegler sicher fixiert, was ein zuverl\u00e4ssiges Arbeiten erm\u00f6glicht. Der texturierte Griff aus blauem Polymer sorgt nicht nur f\u00fcr Gewichtseinsparung, sondern auch f\u00fcr eine komfortable Handhabung im t\u00e4glichen Gebrauch. Das Taschenmesser ist mit einer Fangriemen\u00f6se und einem umsetzbaren Clip (Tip-up) ausgestattet.<\/p>\n<h3>Produktdaten:<\/h3>\n<ul>\n<li>Gesamtl\u00e4nge: 19,1 cm<\/li>\n<li>Klingenl\u00e4nge: 8,3 cm<\/li>\n<li>Gewicht: 130 g<\/li>\n<li>Klingenst\u00e4rke: 2,4 mm<\/li>\n<li>Klingenmaterial: MagnaCut<\/li>\n<li>Griffmaterial: GRN<\/li>\n<li>Designer: Allen Elishewitz<\/li>\n<li>Schieberiegel<\/li>\n<\/ul>\n","protected":false},"excerpt":{"rendered":"<p>Seit Anbeginn der Zeit symbolisiert die Zahl Zehn (griechisch: Deka) Einheit, Ordnung und Perfektion. Mit dem Hogue Deka pr\u00e4sentiert Allen Elishevitz ein modernes Taschenmesser, das eine Hommage an diese Bedeutung ist. Das Taschenmesser ist f\u00fcr sowohl Links- als auch Rechtsh\u00e4nder konzipiert und erf\u00fcllt in seiner Umsetzung die lateinische Urbedeutung von &#8220;decem \u2013 zwei H\u00e4nde&#8221;. Die [&hellip;]<\/p>\n","protected":false},"featured_media":142184,"comment_status":"open","ping_status":"closed","template":"","meta":{"_acf_changed":false},"product_brand":[],"product_cat":[1805],"product_tag":[270],"class_list":{"0":"post-142183","1":"product","2":"type-product","3":"status-publish","4":"has-post-thumbnail","6":"product_cat-messer-messer-tools","7":"product_tag-edc","9":"first","10":"instock","11":"taxable","12":"shipping-taxable","13":"purchasable","14":"product-type-simple"},"acf":[],"yoast_head":"<!-- This site is optimized with the Yoast SEO plugin v27.1.1 - https:\/\/yoast.com\/product\/yoast-seo-wordpress\/ -->\n<title>Hogue Deka 3.25&quot; CP Tumble Blue - Reini Rossmann - Survival Shop<\/title>\n<meta name=\"robots\" content=\"index, follow, max-snippet:-1, max-image-preview:large, max-video-preview:-1\" \/>\n<link rel=\"canonical\" href=\"https:\/\/ueberlebenskunst.at\/survivalshop\/shop\/hogue-deka-3-25-cp-tumble-blue\/\" \/>\n<meta property=\"og:locale\" content=\"de_DE\" \/>\n<meta property=\"og:type\" content=\"article\" \/>\n<meta property=\"og:title\" content=\"Hogue Deka 3.25&quot; CP Tumble Blue - Reini Rossmann - Survival Shop\" \/>\n<meta property=\"og:description\" content=\"Seit Anbeginn der Zeit symbolisiert die Zahl Zehn (griechisch: Deka) Einheit, Ordnung und Perfektion. Mit dem Hogue Deka pr\u00e4sentiert Allen Elishevitz ein modernes Taschenmesser, das eine Hommage an diese Bedeutung ist. Das Taschenmesser ist f\u00fcr sowohl Links- als auch Rechtsh\u00e4nder konzipiert und erf\u00fcllt in seiner Umsetzung die lateinische Urbedeutung von &#8220;decem \u2013 zwei H\u00e4nde&#8221;. Die [&hellip;]\" \/>\n<meta property=\"og:url\" content=\"https:\/\/ueberlebenskunst.at\/survivalshop\/shop\/hogue-deka-3-25-cp-tumble-blue\/\" \/>\n<meta property=\"og:site_name\" content=\"Reini Rossmann - Survival Shop\" \/>\n<meta property=\"article:publisher\" content=\"https:\/\/www.facebook.com\/survival24.org\/\" \/>\n<meta property=\"article:modified_time\" content=\"2025-12-22T05:40:46+00:00\" \/>\n<meta property=\"og:image\" content=\"https:\/\/ueberlebenskunst.at\/survivalshop\/wp-content\/uploads\/2023\/08\/Hogue-Deka-3.25-CP-Tumble-Blue.jpg\" \/>\n\t<meta property=\"og:image:width\" content=\"400\" \/>\n\t<meta property=\"og:image:height\" content=\"317\" \/>\n\t<meta property=\"og:image:type\" content=\"image\/jpeg\" \/>\n<meta name=\"twitter:card\" content=\"summary_large_image\" \/>\n<meta name=\"twitter:label1\" content=\"Gesch\u00e4tzte Lesezeit\" \/>\n\t<meta name=\"twitter:data1\" content=\"1\u00a0Minute\" \/>\n<script type=\"application\/ld+json\" class=\"yoast-schema-graph\">{\"@context\":\"https:\/\/schema.org\",\"@graph\":[{\"@type\":\"WebPage\",\"@id\":\"https:\/\/ueberlebenskunst.at\/survivalshop\/shop\/hogue-deka-3-25-cp-tumble-blue\/\",\"url\":\"https:\/\/ueberlebenskunst.at\/survivalshop\/shop\/hogue-deka-3-25-cp-tumble-blue\/\",\"name\":\"Hogue Deka 3.25\\\" CP Tumble Blue - Reini Rossmann - Survival Shop\",\"isPartOf\":{\"@id\":\"https:\/\/ueberlebenskunst.at\/survivalshop\/#website\"},\"primaryImageOfPage\":{\"@id\":\"https:\/\/ueberlebenskunst.at\/survivalshop\/shop\/hogue-deka-3-25-cp-tumble-blue\/#primaryimage\"},\"image\":{\"@id\":\"https:\/\/ueberlebenskunst.at\/survivalshop\/shop\/hogue-deka-3-25-cp-tumble-blue\/#primaryimage\"},\"thumbnailUrl\":\"https:\/\/ueberlebenskunst.at\/survivalshop\/wp-content\/uploads\/2023\/08\/Hogue-Deka-3.25-CP-Tumble-Blue.jpg\",\"datePublished\":\"2023-08-31T11:31:05+00:00\",\"dateModified\":\"2025-12-22T05:40:46+00:00\",\"breadcrumb\":{\"@id\":\"https:\/\/ueberlebenskunst.at\/survivalshop\/shop\/hogue-deka-3-25-cp-tumble-blue\/#breadcrumb\"},\"inLanguage\":\"de\",\"potentialAction\":[{\"@type\":\"ReadAction\",\"target\":[\"https:\/\/ueberlebenskunst.at\/survivalshop\/shop\/hogue-deka-3-25-cp-tumble-blue\/\"]}]},{\"@type\":\"ImageObject\",\"inLanguage\":\"de\",\"@id\":\"https:\/\/ueberlebenskunst.at\/survivalshop\/shop\/hogue-deka-3-25-cp-tumble-blue\/#primaryimage\",\"url\":\"https:\/\/ueberlebenskunst.at\/survivalshop\/wp-content\/uploads\/2023\/08\/Hogue-Deka-3.25-CP-Tumble-Blue.jpg\",\"contentUrl\":\"https:\/\/ueberlebenskunst.at\/survivalshop\/wp-content\/uploads\/2023\/08\/Hogue-Deka-3.25-CP-Tumble-Blue.jpg\",\"width\":400,\"height\":317},{\"@type\":\"BreadcrumbList\",\"@id\":\"https:\/\/ueberlebenskunst.at\/survivalshop\/shop\/hogue-deka-3-25-cp-tumble-blue\/#breadcrumb\",\"itemListElement\":[{\"@type\":\"ListItem\",\"position\":1,\"name\":\"Startseite\",\"item\":\"https:\/\/ueberlebenskunst.at\/survivalshop\/\"},{\"@type\":\"ListItem\",\"position\":2,\"name\":\"Shop\",\"item\":\"https:\/\/ueberlebenskunst.at\/survivalshop\/shop\/\"},{\"@type\":\"ListItem\",\"position\":3,\"name\":\"Hogue Deka 3.25&#8243; CP Tumble Blue\"}]},{\"@type\":\"WebSite\",\"@id\":\"https:\/\/ueberlebenskunst.at\/survivalshop\/#website\",\"url\":\"https:\/\/ueberlebenskunst.at\/survivalshop\/\",\"name\":\"Reini Rossmann - Survival Shop\",\"description\":\"Survival Shop f\u00fcr Survival, Bushcraft und Prepper\",\"potentialAction\":[{\"@type\":\"SearchAction\",\"target\":{\"@type\":\"EntryPoint\",\"urlTemplate\":\"https:\/\/ueberlebenskunst.at\/survivalshop\/?s={search_term_string}\"},\"query-input\":{\"@type\":\"PropertyValueSpecification\",\"valueRequired\":true,\"valueName\":\"search_term_string\"}}],\"inLanguage\":\"de\"}]}<\/script>\n<!-- \/ Yoast SEO plugin. -->","yoast_head_json":{"title":"Hogue Deka 3.25\" CP Tumble Blue - Reini Rossmann - Survival Shop","robots":{"index":"index","follow":"follow","max-snippet":"max-snippet:-1","max-image-preview":"max-image-preview:large","max-video-preview":"max-video-preview:-1"},"canonical":"https:\/\/ueberlebenskunst.at\/survivalshop\/shop\/hogue-deka-3-25-cp-tumble-blue\/","og_locale":"de_DE","og_type":"article","og_title":"Hogue Deka 3.25\" CP Tumble Blue - Reini Rossmann - Survival Shop","og_description":"Seit Anbeginn der Zeit symbolisiert die Zahl Zehn (griechisch: Deka) Einheit, Ordnung und Perfektion. Mit dem Hogue Deka pr\u00e4sentiert Allen Elishevitz ein modernes Taschenmesser, das eine Hommage an diese Bedeutung ist. Das Taschenmesser ist f\u00fcr sowohl Links- als auch Rechtsh\u00e4nder konzipiert und erf\u00fcllt in seiner Umsetzung die lateinische Urbedeutung von &#8220;decem \u2013 zwei H\u00e4nde&#8221;. Die [&hellip;]","og_url":"https:\/\/ueberlebenskunst.at\/survivalshop\/shop\/hogue-deka-3-25-cp-tumble-blue\/","og_site_name":"Reini Rossmann - Survival Shop","article_publisher":"https:\/\/www.facebook.com\/survival24.org\/","article_modified_time":"2025-12-22T05:40:46+00:00","og_image":[{"width":400,"height":317,"url":"https:\/\/ueberlebenskunst.at\/survivalshop\/wp-content\/uploads\/2023\/08\/Hogue-Deka-3.25-CP-Tumble-Blue.jpg","type":"image\/jpeg"}],"twitter_card":"summary_large_image","twitter_misc":{"Gesch\u00e4tzte Lesezeit":"1\u00a0Minute"},"schema":{"@context":"https:\/\/schema.org","@graph":[{"@type":"WebPage","@id":"https:\/\/ueberlebenskunst.at\/survivalshop\/shop\/hogue-deka-3-25-cp-tumble-blue\/","url":"https:\/\/ueberlebenskunst.at\/survivalshop\/shop\/hogue-deka-3-25-cp-tumble-blue\/","name":"Hogue Deka 3.25\" CP Tumble Blue - Reini Rossmann - Survival Shop","isPartOf":{"@id":"https:\/\/ueberlebenskunst.at\/survivalshop\/#website"},"primaryImageOfPage":{"@id":"https:\/\/ueberlebenskunst.at\/survivalshop\/shop\/hogue-deka-3-25-cp-tumble-blue\/#primaryimage"},"image":{"@id":"https:\/\/ueberlebenskunst.at\/survivalshop\/shop\/hogue-deka-3-25-cp-tumble-blue\/#primaryimage"},"thumbnailUrl":"https:\/\/ueberlebenskunst.at\/survivalshop\/wp-content\/uploads\/2023\/08\/Hogue-Deka-3.25-CP-Tumble-Blue.jpg","datePublished":"2023-08-31T11:31:05+00:00","dateModified":"2025-12-22T05:40:46+00:00","breadcrumb":{"@id":"https:\/\/ueberlebenskunst.at\/survivalshop\/shop\/hogue-deka-3-25-cp-tumble-blue\/#breadcrumb"},"inLanguage":"de","potentialAction":[{"@type":"ReadAction","target":["https:\/\/ueberlebenskunst.at\/survivalshop\/shop\/hogue-deka-3-25-cp-tumble-blue\/"]}]},{"@type":"ImageObject","inLanguage":"de","@id":"https:\/\/ueberlebenskunst.at\/survivalshop\/shop\/hogue-deka-3-25-cp-tumble-blue\/#primaryimage","url":"https:\/\/ueberlebenskunst.at\/survivalshop\/wp-content\/uploads\/2023\/08\/Hogue-Deka-3.25-CP-Tumble-Blue.jpg","contentUrl":"https:\/\/ueberlebenskunst.at\/survivalshop\/wp-content\/uploads\/2023\/08\/Hogue-Deka-3.25-CP-Tumble-Blue.jpg","width":400,"height":317},{"@type":"BreadcrumbList","@id":"https:\/\/ueberlebenskunst.at\/survivalshop\/shop\/hogue-deka-3-25-cp-tumble-blue\/#breadcrumb","itemListElement":[{"@type":"ListItem","position":1,"name":"Startseite","item":"https:\/\/ueberlebenskunst.at\/survivalshop\/"},{"@type":"ListItem","position":2,"name":"Shop","item":"https:\/\/ueberlebenskunst.at\/survivalshop\/shop\/"},{"@type":"ListItem","position":3,"name":"Hogue Deka 3.25&#8243; CP Tumble Blue"}]},{"@type":"WebSite","@id":"https:\/\/ueberlebenskunst.at\/survivalshop\/#website","url":"https:\/\/ueberlebenskunst.at\/survivalshop\/","name":"Reini Rossmann - Survival Shop","description":"Survival Shop f\u00fcr Survival, Bushcraft und Prepper","potentialAction":[{"@type":"SearchAction","target":{"@type":"EntryPoint","urlTemplate":"https:\/\/ueberlebenskunst.at\/survivalshop\/?s={search_term_string}"},"query-input":{"@type":"PropertyValueSpecification","valueRequired":true,"valueName":"search_term_string"}}],"inLanguage":"de"}]}},"_links":{"self":[{"href":"https:\/\/ueberlebenskunst.at\/survivalshop\/wp-json\/wp\/v2\/product\/142183","targetHints":{"allow":["GET"]}}],"collection":[{"href":"https:\/\/ueberlebenskunst.at\/survivalshop\/wp-json\/wp\/v2\/product"}],"about":[{"href":"https:\/\/ueberlebenskunst.at\/survivalshop\/wp-json\/wp\/v2\/types\/product"}],"replies":[{"embeddable":true,"href":"https:\/\/ueberlebenskunst.at\/survivalshop\/wp-json\/wp\/v2\/comments?post=142183"}],"wp:featuredmedia":[{"embeddable":true,"href":"https:\/\/ueberlebenskunst.at\/survivalshop\/wp-json\/wp\/v2\/media\/142184"}],"wp:attachment":[{"href":"https:\/\/ueberlebenskunst.at\/survivalshop\/wp-json\/wp\/v2\/media?parent=142183"}],"wp:term":[{"taxonomy":"product_brand","embeddable":true,"href":"https:\/\/ueberlebenskunst.at\/survivalshop\/wp-json\/wp\/v2\/product_brand?post=142183"},{"taxonomy":"product_cat","embeddable":true,"href":"https:\/\/ueberlebenskunst.at\/survivalshop\/wp-json\/wp\/v2\/product_cat?post=142183"},{"taxonomy":"product_tag","embeddable":true,"href":"https:\/\/ueberlebenskunst.at\/survivalshop\/wp-json\/wp\/v2\/product_tag?post=142183"}],"curies":[{"name":"wp","href":"https:\/\/api.w.org\/{rel}","templated":true}]}}