{"id":141349,"date":"2023-08-22T13:24:22","date_gmt":"2023-08-22T11:24:22","guid":{"rendered":"https:\/\/ueberlebenskunst.at\/survivalshop\/?post_type=product&#038;p=141349"},"modified":"2025-12-22T06:40:52","modified_gmt":"2025-12-22T05:40:52","slug":"cobratec-raptor-grey","status":"publish","type":"product","link":"https:\/\/ueberlebenskunst.at\/survivalshop\/shop\/cobratec-raptor-grey\/","title":{"rendered":"CobraTec Raptor Grey OTF"},"content":{"rendered":"<p>Einst waren die Raptoren als hocheffiziente J\u00e4ger unter den Dinosauriern bekannt, deren Erfolg auf Schnelligkeit, List und der gef\u00fcrchteten Sichelkralle am Fu\u00df beruhte. Cobratec \u00fcbertr\u00e4gt diese pr\u00e4gnanten Eigenschaften in das gleichnamige OTF-Messer, indem sie es mit einer klassischen Droppoint-Klinge aus D2-Stahl ausstattet. Diese Klinge \u00f6ffnet und schlie\u00dft sich instinktiv per Knopfdruck. Der graue Griff, gefertigt aus hochfestem Aluminium, gew\u00e4hrleistet einen sicheren Halt. Das Messer ist zudem mit einem Glasbrecher und einem Tip-Up Clip (reversible) ausgestattet.<\/p>\n<h3>Produktdaten:<\/h3>\n<ul>\n<li>Gesamtl\u00e4nge: 19,4 cm<\/li>\n<li>Klingenl\u00e4nge: 8 cm<\/li>\n<li>Gewicht: 85 g<\/li>\n<li>Klingenmaterial: D2<\/li>\n<li>Griffmaterial: Aluminium<\/li>\n<li>\u00d6ffnungshilfe: Druckknopf<\/li>\n<li>OTF<\/li>\n<\/ul>\n<p><strong>Wichtig: Der Versand erfolgt nur innerhalb \u00d6sterreichs und an Kunden ab 18 Jahren. Bitte lade deine Ausweiskopie beim Bestellabschluss hoch.<\/strong><\/p>\n","protected":false},"excerpt":{"rendered":"<p>Einst waren die Raptoren als hocheffiziente J\u00e4ger unter den Dinosauriern bekannt, deren Erfolg auf Schnelligkeit, List und der gef\u00fcrchteten Sichelkralle am Fu\u00df beruhte. Cobratec \u00fcbertr\u00e4gt diese pr\u00e4gnanten Eigenschaften in das gleichnamige OTF-Messer, indem sie es mit einer klassischen Droppoint-Klinge aus D2-Stahl ausstattet. Diese Klinge \u00f6ffnet und schlie\u00dft sich instinktiv per Knopfdruck. Der graue Griff, gefertigt [&hellip;]<\/p>\n","protected":false},"featured_media":141356,"comment_status":"open","ping_status":"closed","template":"","meta":{"_acf_changed":false},"product_brand":[],"product_cat":[1805],"product_tag":[2161,1610,1611],"class_list":{"0":"post-141349","1":"product","2":"type-product","3":"status-publish","4":"has-post-thumbnail","6":"product_cat-messer-messer-tools","7":"product_tag-cobratec","8":"product_tag-otf","9":"product_tag-outofthefront","11":"first","12":"instock","13":"taxable","14":"shipping-taxable","15":"product-type-simple"},"acf":[],"yoast_head":"<!-- This site is optimized with the Yoast SEO plugin v27.1.1 - https:\/\/yoast.com\/product\/yoast-seo-wordpress\/ -->\n<title>CobraTec Raptor Grey OTF - Reini Rossmann - Survival Shop<\/title>\n<meta name=\"robots\" content=\"index, follow, max-snippet:-1, max-image-preview:large, max-video-preview:-1\" \/>\n<link rel=\"canonical\" href=\"https:\/\/ueberlebenskunst.at\/survivalshop\/shop\/cobratec-raptor-grey\/\" \/>\n<meta property=\"og:locale\" content=\"de_DE\" \/>\n<meta property=\"og:type\" content=\"article\" \/>\n<meta property=\"og:title\" content=\"CobraTec Raptor Grey OTF - Reini Rossmann - Survival Shop\" \/>\n<meta property=\"og:description\" content=\"Einst waren die Raptoren als hocheffiziente J\u00e4ger unter den Dinosauriern bekannt, deren Erfolg auf Schnelligkeit, List und der gef\u00fcrchteten Sichelkralle am Fu\u00df beruhte. Cobratec \u00fcbertr\u00e4gt diese pr\u00e4gnanten Eigenschaften in das gleichnamige OTF-Messer, indem sie es mit einer klassischen Droppoint-Klinge aus D2-Stahl ausstattet. Diese Klinge \u00f6ffnet und schlie\u00dft sich instinktiv per Knopfdruck. Der graue Griff, gefertigt [&hellip;]\" \/>\n<meta property=\"og:url\" content=\"https:\/\/ueberlebenskunst.at\/survivalshop\/shop\/cobratec-raptor-grey\/\" \/>\n<meta property=\"og:site_name\" content=\"Reini Rossmann - Survival Shop\" \/>\n<meta property=\"article:publisher\" content=\"https:\/\/www.facebook.com\/survival24.org\/\" \/>\n<meta property=\"article:modified_time\" content=\"2025-12-22T05:40:52+00:00\" \/>\n<meta property=\"og:image\" content=\"https:\/\/ueberlebenskunst.at\/survivalshop\/wp-content\/uploads\/2023\/08\/CobraTec-Raptor-Grey-Drop-Not-Serrated.jpg\" \/>\n\t<meta property=\"og:image:width\" content=\"400\" \/>\n\t<meta property=\"og:image:height\" content=\"400\" \/>\n\t<meta property=\"og:image:type\" content=\"image\/jpeg\" \/>\n<meta name=\"twitter:card\" content=\"summary_large_image\" \/>\n<meta name=\"twitter:label1\" content=\"Gesch\u00e4tzte Lesezeit\" \/>\n\t<meta name=\"twitter:data1\" content=\"1\u00a0Minute\" \/>\n<script type=\"application\/ld+json\" class=\"yoast-schema-graph\">{\"@context\":\"https:\/\/schema.org\",\"@graph\":[{\"@type\":\"WebPage\",\"@id\":\"https:\/\/ueberlebenskunst.at\/survivalshop\/shop\/cobratec-raptor-grey\/\",\"url\":\"https:\/\/ueberlebenskunst.at\/survivalshop\/shop\/cobratec-raptor-grey\/\",\"name\":\"CobraTec Raptor Grey OTF - Reini Rossmann - Survival Shop\",\"isPartOf\":{\"@id\":\"https:\/\/ueberlebenskunst.at\/survivalshop\/#website\"},\"primaryImageOfPage\":{\"@id\":\"https:\/\/ueberlebenskunst.at\/survivalshop\/shop\/cobratec-raptor-grey\/#primaryimage\"},\"image\":{\"@id\":\"https:\/\/ueberlebenskunst.at\/survivalshop\/shop\/cobratec-raptor-grey\/#primaryimage\"},\"thumbnailUrl\":\"https:\/\/ueberlebenskunst.at\/survivalshop\/wp-content\/uploads\/2023\/08\/CobraTec-Raptor-Grey-Drop-Not-Serrated.jpg\",\"datePublished\":\"2023-08-22T11:24:22+00:00\",\"dateModified\":\"2025-12-22T05:40:52+00:00\",\"breadcrumb\":{\"@id\":\"https:\/\/ueberlebenskunst.at\/survivalshop\/shop\/cobratec-raptor-grey\/#breadcrumb\"},\"inLanguage\":\"de\",\"potentialAction\":[{\"@type\":\"ReadAction\",\"target\":[\"https:\/\/ueberlebenskunst.at\/survivalshop\/shop\/cobratec-raptor-grey\/\"]}]},{\"@type\":\"ImageObject\",\"inLanguage\":\"de\",\"@id\":\"https:\/\/ueberlebenskunst.at\/survivalshop\/shop\/cobratec-raptor-grey\/#primaryimage\",\"url\":\"https:\/\/ueberlebenskunst.at\/survivalshop\/wp-content\/uploads\/2023\/08\/CobraTec-Raptor-Grey-Drop-Not-Serrated.jpg\",\"contentUrl\":\"https:\/\/ueberlebenskunst.at\/survivalshop\/wp-content\/uploads\/2023\/08\/CobraTec-Raptor-Grey-Drop-Not-Serrated.jpg\",\"width\":400,\"height\":400},{\"@type\":\"BreadcrumbList\",\"@id\":\"https:\/\/ueberlebenskunst.at\/survivalshop\/shop\/cobratec-raptor-grey\/#breadcrumb\",\"itemListElement\":[{\"@type\":\"ListItem\",\"position\":1,\"name\":\"Startseite\",\"item\":\"https:\/\/ueberlebenskunst.at\/survivalshop\/\"},{\"@type\":\"ListItem\",\"position\":2,\"name\":\"Shop\",\"item\":\"https:\/\/ueberlebenskunst.at\/survivalshop\/shop\/\"},{\"@type\":\"ListItem\",\"position\":3,\"name\":\"CobraTec Raptor Grey OTF\"}]},{\"@type\":\"WebSite\",\"@id\":\"https:\/\/ueberlebenskunst.at\/survivalshop\/#website\",\"url\":\"https:\/\/ueberlebenskunst.at\/survivalshop\/\",\"name\":\"Reini Rossmann - Survival Shop\",\"description\":\"Survival Shop f\u00fcr Survival, Bushcraft und Prepper\",\"potentialAction\":[{\"@type\":\"SearchAction\",\"target\":{\"@type\":\"EntryPoint\",\"urlTemplate\":\"https:\/\/ueberlebenskunst.at\/survivalshop\/?s={search_term_string}\"},\"query-input\":{\"@type\":\"PropertyValueSpecification\",\"valueRequired\":true,\"valueName\":\"search_term_string\"}}],\"inLanguage\":\"de\"}]}<\/script>\n<!-- \/ Yoast SEO plugin. -->","yoast_head_json":{"title":"CobraTec Raptor Grey OTF - Reini Rossmann - Survival Shop","robots":{"index":"index","follow":"follow","max-snippet":"max-snippet:-1","max-image-preview":"max-image-preview:large","max-video-preview":"max-video-preview:-1"},"canonical":"https:\/\/ueberlebenskunst.at\/survivalshop\/shop\/cobratec-raptor-grey\/","og_locale":"de_DE","og_type":"article","og_title":"CobraTec Raptor Grey OTF - Reini Rossmann - Survival Shop","og_description":"Einst waren die Raptoren als hocheffiziente J\u00e4ger unter den Dinosauriern bekannt, deren Erfolg auf Schnelligkeit, List und der gef\u00fcrchteten Sichelkralle am Fu\u00df beruhte. Cobratec \u00fcbertr\u00e4gt diese pr\u00e4gnanten Eigenschaften in das gleichnamige OTF-Messer, indem sie es mit einer klassischen Droppoint-Klinge aus D2-Stahl ausstattet. Diese Klinge \u00f6ffnet und schlie\u00dft sich instinktiv per Knopfdruck. Der graue Griff, gefertigt [&hellip;]","og_url":"https:\/\/ueberlebenskunst.at\/survivalshop\/shop\/cobratec-raptor-grey\/","og_site_name":"Reini Rossmann - Survival Shop","article_publisher":"https:\/\/www.facebook.com\/survival24.org\/","article_modified_time":"2025-12-22T05:40:52+00:00","og_image":[{"width":400,"height":400,"url":"https:\/\/ueberlebenskunst.at\/survivalshop\/wp-content\/uploads\/2023\/08\/CobraTec-Raptor-Grey-Drop-Not-Serrated.jpg","type":"image\/jpeg"}],"twitter_card":"summary_large_image","twitter_misc":{"Gesch\u00e4tzte Lesezeit":"1\u00a0Minute"},"schema":{"@context":"https:\/\/schema.org","@graph":[{"@type":"WebPage","@id":"https:\/\/ueberlebenskunst.at\/survivalshop\/shop\/cobratec-raptor-grey\/","url":"https:\/\/ueberlebenskunst.at\/survivalshop\/shop\/cobratec-raptor-grey\/","name":"CobraTec Raptor Grey OTF - Reini Rossmann - Survival Shop","isPartOf":{"@id":"https:\/\/ueberlebenskunst.at\/survivalshop\/#website"},"primaryImageOfPage":{"@id":"https:\/\/ueberlebenskunst.at\/survivalshop\/shop\/cobratec-raptor-grey\/#primaryimage"},"image":{"@id":"https:\/\/ueberlebenskunst.at\/survivalshop\/shop\/cobratec-raptor-grey\/#primaryimage"},"thumbnailUrl":"https:\/\/ueberlebenskunst.at\/survivalshop\/wp-content\/uploads\/2023\/08\/CobraTec-Raptor-Grey-Drop-Not-Serrated.jpg","datePublished":"2023-08-22T11:24:22+00:00","dateModified":"2025-12-22T05:40:52+00:00","breadcrumb":{"@id":"https:\/\/ueberlebenskunst.at\/survivalshop\/shop\/cobratec-raptor-grey\/#breadcrumb"},"inLanguage":"de","potentialAction":[{"@type":"ReadAction","target":["https:\/\/ueberlebenskunst.at\/survivalshop\/shop\/cobratec-raptor-grey\/"]}]},{"@type":"ImageObject","inLanguage":"de","@id":"https:\/\/ueberlebenskunst.at\/survivalshop\/shop\/cobratec-raptor-grey\/#primaryimage","url":"https:\/\/ueberlebenskunst.at\/survivalshop\/wp-content\/uploads\/2023\/08\/CobraTec-Raptor-Grey-Drop-Not-Serrated.jpg","contentUrl":"https:\/\/ueberlebenskunst.at\/survivalshop\/wp-content\/uploads\/2023\/08\/CobraTec-Raptor-Grey-Drop-Not-Serrated.jpg","width":400,"height":400},{"@type":"BreadcrumbList","@id":"https:\/\/ueberlebenskunst.at\/survivalshop\/shop\/cobratec-raptor-grey\/#breadcrumb","itemListElement":[{"@type":"ListItem","position":1,"name":"Startseite","item":"https:\/\/ueberlebenskunst.at\/survivalshop\/"},{"@type":"ListItem","position":2,"name":"Shop","item":"https:\/\/ueberlebenskunst.at\/survivalshop\/shop\/"},{"@type":"ListItem","position":3,"name":"CobraTec Raptor Grey OTF"}]},{"@type":"WebSite","@id":"https:\/\/ueberlebenskunst.at\/survivalshop\/#website","url":"https:\/\/ueberlebenskunst.at\/survivalshop\/","name":"Reini Rossmann - Survival Shop","description":"Survival Shop f\u00fcr Survival, Bushcraft und Prepper","potentialAction":[{"@type":"SearchAction","target":{"@type":"EntryPoint","urlTemplate":"https:\/\/ueberlebenskunst.at\/survivalshop\/?s={search_term_string}"},"query-input":{"@type":"PropertyValueSpecification","valueRequired":true,"valueName":"search_term_string"}}],"inLanguage":"de"}]}},"_links":{"self":[{"href":"https:\/\/ueberlebenskunst.at\/survivalshop\/wp-json\/wp\/v2\/product\/141349","targetHints":{"allow":["GET"]}}],"collection":[{"href":"https:\/\/ueberlebenskunst.at\/survivalshop\/wp-json\/wp\/v2\/product"}],"about":[{"href":"https:\/\/ueberlebenskunst.at\/survivalshop\/wp-json\/wp\/v2\/types\/product"}],"replies":[{"embeddable":true,"href":"https:\/\/ueberlebenskunst.at\/survivalshop\/wp-json\/wp\/v2\/comments?post=141349"}],"wp:featuredmedia":[{"embeddable":true,"href":"https:\/\/ueberlebenskunst.at\/survivalshop\/wp-json\/wp\/v2\/media\/141356"}],"wp:attachment":[{"href":"https:\/\/ueberlebenskunst.at\/survivalshop\/wp-json\/wp\/v2\/media?parent=141349"}],"wp:term":[{"taxonomy":"product_brand","embeddable":true,"href":"https:\/\/ueberlebenskunst.at\/survivalshop\/wp-json\/wp\/v2\/product_brand?post=141349"},{"taxonomy":"product_cat","embeddable":true,"href":"https:\/\/ueberlebenskunst.at\/survivalshop\/wp-json\/wp\/v2\/product_cat?post=141349"},{"taxonomy":"product_tag","embeddable":true,"href":"https:\/\/ueberlebenskunst.at\/survivalshop\/wp-json\/wp\/v2\/product_tag?post=141349"}],"curies":[{"name":"wp","href":"https:\/\/api.w.org\/{rel}","templated":true}]}}