{"id":141277,"date":"2023-08-22T12:22:20","date_gmt":"2023-08-22T10:22:20","guid":{"rendered":"https:\/\/ueberlebenskunst.at\/survivalshop\/?post_type=product&#038;p=141277"},"modified":"2025-10-31T08:10:40","modified_gmt":"2025-10-31T07:10:40","slug":"boeker-plus-scalpel","status":"seo-produkt","type":"product","link":"https:\/\/ueberlebenskunst.at\/survivalshop\/shop\/boeker-plus-scalpel\/","title":{"rendered":"B\u00f6ker Plus Scalpel"},"content":{"rendered":"<p>Mit chirurgischer Pr\u00e4zision, einem makellosen Schnitt und einer Prise Stolz f\u00fcr die erzielten Ergebnisse &#8211; das B\u00f6ker Plus Scalpel, entworfen von Alexander Krava, bietet das erforderliche Feingef\u00fchl f\u00fcr allt\u00e4gliche bis hin zu detailreichen Schneidarbeiten. Die kompakte Ganzstahlkonstruktion aus D2-Stahl ist von einem Skalpell inspiriert, geht jedoch \u00fcber dieses Konzept hinaus und erweist sich als \u00e4u\u00dferst praktisches Neck Knife. Die geschwungene Klinge verf\u00fcgt \u00fcber ein elegantes Satin-Finish und schneidet Karton ebenso akkurat wie m\u00fchelos. Sie \u00fcbernimmt auch pr\u00e4zise Aufgaben bei Bastelarbeiten, wo Scheren nicht mehr effektiv sind.<\/p>\n<p>Dank der Verwendung von Epoxid f\u00fcr Griffeinlagen und der Riffelungen an der Daumenauflage wird die Kontrolle w\u00e4hrend der Arbeit optimiert. Das Messer wird mit einer schwarzen Kugelkette geliefert und einer passgenauen Kydexscheide f\u00fcr zus\u00e4tzliche Praktikabilit\u00e4t.<\/p>\n<h3>Produktdaten:<\/h3>\n<ul>\n<li>Gesamtl\u00e4nge: 12,5 cm<\/li>\n<li>Klingenl\u00e4nge: 4,2 cm<\/li>\n<li>Gewicht: 14 g<\/li>\n<li>Klingenst\u00e4rke: 2,6 mm<\/li>\n<li>Klingenmaterial: D2<\/li>\n<li>Feststehend<\/li>\n<\/ul>\n","protected":false},"excerpt":{"rendered":"<p>Mit chirurgischer Pr\u00e4zision, einem makellosen Schnitt und einer Prise Stolz f\u00fcr die erzielten Ergebnisse &#8211; das B\u00f6ker Plus Scalpel, entworfen von Alexander Krava, bietet das erforderliche Feingef\u00fchl f\u00fcr allt\u00e4gliche bis hin zu detailreichen Schneidarbeiten. Die kompakte Ganzstahlkonstruktion aus D2-Stahl ist von einem Skalpell inspiriert, geht jedoch \u00fcber dieses Konzept hinaus und erweist sich als \u00e4u\u00dferst [&hellip;]<\/p>\n","protected":false},"featured_media":141278,"comment_status":"open","ping_status":"closed","template":"","meta":{"_acf_changed":false},"product_brand":[],"product_cat":[1805],"product_tag":[2502],"class_list":{"0":"post-141277","1":"product","2":"type-product","3":"status-seo-produkt","4":"has-post-thumbnail","6":"product_cat-messer-messer-tools","7":"product_tag-fruehjahrsmesseraktion25","9":"first","10":"outofstock","11":"sale","12":"taxable","13":"shipping-taxable","14":"product-type-simple"},"acf":[],"yoast_head":"<!-- This site is optimized with the Yoast SEO plugin v27.1.1 - https:\/\/yoast.com\/product\/yoast-seo-wordpress\/ -->\n<title>B\u00f6ker Plus Scalpel - Reini Rossmann - Survival Shop<\/title>\n<meta name=\"robots\" content=\"index, follow, max-snippet:-1, max-image-preview:large, max-video-preview:-1\" \/>\n<link rel=\"canonical\" href=\"https:\/\/ueberlebenskunst.at\/survivalshop\/shop\/boeker-plus-scalpel\/\" \/>\n<meta property=\"og:locale\" content=\"de_DE\" \/>\n<meta property=\"og:type\" content=\"article\" \/>\n<meta property=\"og:title\" content=\"B\u00f6ker Plus Scalpel - Reini Rossmann - Survival Shop\" \/>\n<meta property=\"og:description\" content=\"Mit chirurgischer Pr\u00e4zision, einem makellosen Schnitt und einer Prise Stolz f\u00fcr die erzielten Ergebnisse &#8211; das B\u00f6ker Plus Scalpel, entworfen von Alexander Krava, bietet das erforderliche Feingef\u00fchl f\u00fcr allt\u00e4gliche bis hin zu detailreichen Schneidarbeiten. Die kompakte Ganzstahlkonstruktion aus D2-Stahl ist von einem Skalpell inspiriert, geht jedoch \u00fcber dieses Konzept hinaus und erweist sich als \u00e4u\u00dferst [&hellip;]\" \/>\n<meta property=\"og:url\" content=\"https:\/\/ueberlebenskunst.at\/survivalshop\/shop\/boeker-plus-scalpel\/\" \/>\n<meta property=\"og:site_name\" content=\"Reini Rossmann - Survival Shop\" \/>\n<meta property=\"article:publisher\" content=\"https:\/\/www.facebook.com\/survival24.org\/\" \/>\n<meta property=\"article:modified_time\" content=\"2025-10-31T07:10:40+00:00\" \/>\n<meta property=\"og:image\" content=\"https:\/\/ueberlebenskunst.at\/survivalshop\/wp-content\/uploads\/2023\/08\/Boeker-Plus-Scalpel.jpg\" \/>\n\t<meta property=\"og:image:width\" content=\"400\" \/>\n\t<meta property=\"og:image:height\" content=\"411\" \/>\n\t<meta property=\"og:image:type\" content=\"image\/jpeg\" \/>\n<meta name=\"twitter:card\" content=\"summary_large_image\" \/>\n<meta name=\"twitter:label1\" content=\"Gesch\u00e4tzte Lesezeit\" \/>\n\t<meta name=\"twitter:data1\" content=\"1\u00a0Minute\" \/>\n<script type=\"application\/ld+json\" class=\"yoast-schema-graph\">{\"@context\":\"https:\/\/schema.org\",\"@graph\":[{\"@type\":\"WebPage\",\"@id\":\"https:\/\/ueberlebenskunst.at\/survivalshop\/shop\/boeker-plus-scalpel\/\",\"url\":\"https:\/\/ueberlebenskunst.at\/survivalshop\/shop\/boeker-plus-scalpel\/\",\"name\":\"B\u00f6ker Plus Scalpel - Reini Rossmann - Survival Shop\",\"isPartOf\":{\"@id\":\"https:\/\/ueberlebenskunst.at\/survivalshop\/#website\"},\"primaryImageOfPage\":{\"@id\":\"https:\/\/ueberlebenskunst.at\/survivalshop\/shop\/boeker-plus-scalpel\/#primaryimage\"},\"image\":{\"@id\":\"https:\/\/ueberlebenskunst.at\/survivalshop\/shop\/boeker-plus-scalpel\/#primaryimage\"},\"thumbnailUrl\":\"https:\/\/ueberlebenskunst.at\/survivalshop\/wp-content\/uploads\/2023\/08\/Boeker-Plus-Scalpel.jpg\",\"datePublished\":\"2023-08-22T10:22:20+00:00\",\"dateModified\":\"2025-10-31T07:10:40+00:00\",\"breadcrumb\":{\"@id\":\"https:\/\/ueberlebenskunst.at\/survivalshop\/shop\/boeker-plus-scalpel\/#breadcrumb\"},\"inLanguage\":\"de\",\"potentialAction\":[{\"@type\":\"ReadAction\",\"target\":[\"https:\/\/ueberlebenskunst.at\/survivalshop\/shop\/boeker-plus-scalpel\/\"]}]},{\"@type\":\"ImageObject\",\"inLanguage\":\"de\",\"@id\":\"https:\/\/ueberlebenskunst.at\/survivalshop\/shop\/boeker-plus-scalpel\/#primaryimage\",\"url\":\"https:\/\/ueberlebenskunst.at\/survivalshop\/wp-content\/uploads\/2023\/08\/Boeker-Plus-Scalpel.jpg\",\"contentUrl\":\"https:\/\/ueberlebenskunst.at\/survivalshop\/wp-content\/uploads\/2023\/08\/Boeker-Plus-Scalpel.jpg\",\"width\":400,\"height\":411},{\"@type\":\"BreadcrumbList\",\"@id\":\"https:\/\/ueberlebenskunst.at\/survivalshop\/shop\/boeker-plus-scalpel\/#breadcrumb\",\"itemListElement\":[{\"@type\":\"ListItem\",\"position\":1,\"name\":\"Startseite\",\"item\":\"https:\/\/ueberlebenskunst.at\/survivalshop\/\"},{\"@type\":\"ListItem\",\"position\":2,\"name\":\"Shop\",\"item\":\"https:\/\/ueberlebenskunst.at\/survivalshop\/shop\/\"},{\"@type\":\"ListItem\",\"position\":3,\"name\":\"B\u00f6ker Plus Scalpel\"}]},{\"@type\":\"WebSite\",\"@id\":\"https:\/\/ueberlebenskunst.at\/survivalshop\/#website\",\"url\":\"https:\/\/ueberlebenskunst.at\/survivalshop\/\",\"name\":\"Reini Rossmann - Survival Shop\",\"description\":\"Survival Shop f\u00fcr Survival, Bushcraft und Prepper\",\"potentialAction\":[{\"@type\":\"SearchAction\",\"target\":{\"@type\":\"EntryPoint\",\"urlTemplate\":\"https:\/\/ueberlebenskunst.at\/survivalshop\/?s={search_term_string}\"},\"query-input\":{\"@type\":\"PropertyValueSpecification\",\"valueRequired\":true,\"valueName\":\"search_term_string\"}}],\"inLanguage\":\"de\"}]}<\/script>\n<!-- \/ Yoast SEO plugin. -->","yoast_head_json":{"title":"B\u00f6ker Plus Scalpel - Reini Rossmann - Survival Shop","robots":{"index":"index","follow":"follow","max-snippet":"max-snippet:-1","max-image-preview":"max-image-preview:large","max-video-preview":"max-video-preview:-1"},"canonical":"https:\/\/ueberlebenskunst.at\/survivalshop\/shop\/boeker-plus-scalpel\/","og_locale":"de_DE","og_type":"article","og_title":"B\u00f6ker Plus Scalpel - Reini Rossmann - Survival Shop","og_description":"Mit chirurgischer Pr\u00e4zision, einem makellosen Schnitt und einer Prise Stolz f\u00fcr die erzielten Ergebnisse &#8211; das B\u00f6ker Plus Scalpel, entworfen von Alexander Krava, bietet das erforderliche Feingef\u00fchl f\u00fcr allt\u00e4gliche bis hin zu detailreichen Schneidarbeiten. Die kompakte Ganzstahlkonstruktion aus D2-Stahl ist von einem Skalpell inspiriert, geht jedoch \u00fcber dieses Konzept hinaus und erweist sich als \u00e4u\u00dferst [&hellip;]","og_url":"https:\/\/ueberlebenskunst.at\/survivalshop\/shop\/boeker-plus-scalpel\/","og_site_name":"Reini Rossmann - Survival Shop","article_publisher":"https:\/\/www.facebook.com\/survival24.org\/","article_modified_time":"2025-10-31T07:10:40+00:00","og_image":[{"width":400,"height":411,"url":"https:\/\/ueberlebenskunst.at\/survivalshop\/wp-content\/uploads\/2023\/08\/Boeker-Plus-Scalpel.jpg","type":"image\/jpeg"}],"twitter_card":"summary_large_image","twitter_misc":{"Gesch\u00e4tzte Lesezeit":"1\u00a0Minute"},"schema":{"@context":"https:\/\/schema.org","@graph":[{"@type":"WebPage","@id":"https:\/\/ueberlebenskunst.at\/survivalshop\/shop\/boeker-plus-scalpel\/","url":"https:\/\/ueberlebenskunst.at\/survivalshop\/shop\/boeker-plus-scalpel\/","name":"B\u00f6ker Plus Scalpel - Reini Rossmann - Survival Shop","isPartOf":{"@id":"https:\/\/ueberlebenskunst.at\/survivalshop\/#website"},"primaryImageOfPage":{"@id":"https:\/\/ueberlebenskunst.at\/survivalshop\/shop\/boeker-plus-scalpel\/#primaryimage"},"image":{"@id":"https:\/\/ueberlebenskunst.at\/survivalshop\/shop\/boeker-plus-scalpel\/#primaryimage"},"thumbnailUrl":"https:\/\/ueberlebenskunst.at\/survivalshop\/wp-content\/uploads\/2023\/08\/Boeker-Plus-Scalpel.jpg","datePublished":"2023-08-22T10:22:20+00:00","dateModified":"2025-10-31T07:10:40+00:00","breadcrumb":{"@id":"https:\/\/ueberlebenskunst.at\/survivalshop\/shop\/boeker-plus-scalpel\/#breadcrumb"},"inLanguage":"de","potentialAction":[{"@type":"ReadAction","target":["https:\/\/ueberlebenskunst.at\/survivalshop\/shop\/boeker-plus-scalpel\/"]}]},{"@type":"ImageObject","inLanguage":"de","@id":"https:\/\/ueberlebenskunst.at\/survivalshop\/shop\/boeker-plus-scalpel\/#primaryimage","url":"https:\/\/ueberlebenskunst.at\/survivalshop\/wp-content\/uploads\/2023\/08\/Boeker-Plus-Scalpel.jpg","contentUrl":"https:\/\/ueberlebenskunst.at\/survivalshop\/wp-content\/uploads\/2023\/08\/Boeker-Plus-Scalpel.jpg","width":400,"height":411},{"@type":"BreadcrumbList","@id":"https:\/\/ueberlebenskunst.at\/survivalshop\/shop\/boeker-plus-scalpel\/#breadcrumb","itemListElement":[{"@type":"ListItem","position":1,"name":"Startseite","item":"https:\/\/ueberlebenskunst.at\/survivalshop\/"},{"@type":"ListItem","position":2,"name":"Shop","item":"https:\/\/ueberlebenskunst.at\/survivalshop\/shop\/"},{"@type":"ListItem","position":3,"name":"B\u00f6ker Plus Scalpel"}]},{"@type":"WebSite","@id":"https:\/\/ueberlebenskunst.at\/survivalshop\/#website","url":"https:\/\/ueberlebenskunst.at\/survivalshop\/","name":"Reini Rossmann - Survival Shop","description":"Survival Shop f\u00fcr Survival, Bushcraft und Prepper","potentialAction":[{"@type":"SearchAction","target":{"@type":"EntryPoint","urlTemplate":"https:\/\/ueberlebenskunst.at\/survivalshop\/?s={search_term_string}"},"query-input":{"@type":"PropertyValueSpecification","valueRequired":true,"valueName":"search_term_string"}}],"inLanguage":"de"}]}},"_links":{"self":[{"href":"https:\/\/ueberlebenskunst.at\/survivalshop\/wp-json\/wp\/v2\/product\/141277","targetHints":{"allow":["GET"]}}],"collection":[{"href":"https:\/\/ueberlebenskunst.at\/survivalshop\/wp-json\/wp\/v2\/product"}],"about":[{"href":"https:\/\/ueberlebenskunst.at\/survivalshop\/wp-json\/wp\/v2\/types\/product"}],"replies":[{"embeddable":true,"href":"https:\/\/ueberlebenskunst.at\/survivalshop\/wp-json\/wp\/v2\/comments?post=141277"}],"wp:featuredmedia":[{"embeddable":true,"href":"https:\/\/ueberlebenskunst.at\/survivalshop\/wp-json\/wp\/v2\/media\/141278"}],"wp:attachment":[{"href":"https:\/\/ueberlebenskunst.at\/survivalshop\/wp-json\/wp\/v2\/media?parent=141277"}],"wp:term":[{"taxonomy":"product_brand","embeddable":true,"href":"https:\/\/ueberlebenskunst.at\/survivalshop\/wp-json\/wp\/v2\/product_brand?post=141277"},{"taxonomy":"product_cat","embeddable":true,"href":"https:\/\/ueberlebenskunst.at\/survivalshop\/wp-json\/wp\/v2\/product_cat?post=141277"},{"taxonomy":"product_tag","embeddable":true,"href":"https:\/\/ueberlebenskunst.at\/survivalshop\/wp-json\/wp\/v2\/product_tag?post=141277"}],"curies":[{"name":"wp","href":"https:\/\/api.w.org\/{rel}","templated":true}]}}