{"id":140949,"date":"2023-09-04T13:50:47","date_gmt":"2023-09-04T11:50:47","guid":{"rendered":"https:\/\/ueberlebenskunst.at\/survivalshop\/?post_type=product&#038;p=140949"},"modified":"2025-11-21T11:12:08","modified_gmt":"2025-11-21T10:12:08","slug":"holster4-opinel","status":"publish","type":"product","link":"https:\/\/ueberlebenskunst.at\/survivalshop\/shop\/holster4-opinel\/","title":{"rendered":"Holster4 Opinel &#8211; G\u00fcrtel-Steckscheide"},"content":{"rendered":"<p>Nach vielen Anfragen, besonders aus der Bushcraftszene, haben wir uns entschlossen f\u00fcr das Opinel Taschenmesser einen Steckholster bzw. eine Steckscheide zu kreieren und zu produzieren. Diese Scheide f\u00fcr das Opinel hat den Vorteil, dass du das Messer im ge\u00f6ffneten Zustand holstern bzw. in die Scheide stecken kannst.<\/p>\n<p>Warum ist das interessant? Weil f\u00fcr viele Bushcrafter das Arbeiten mit dem Opinel eine ideale Variante ist. Das Messer ist g\u00fcnstig und trotzdem absolut schnittfreudig. Aber es gibt nat\u00fcrlich auch einen Nachteil. Wenn das Messer ge\u00f6ffnet ist und durch Luftfeuchtigkeit oder \u00e4u\u00dfere Wassereinwirkung nass wird, dann l\u00e4sst sich das Messer nicht mehr einklappen. Um dieses Problem in den Griff zu bekommen, gibt es unsere Steckscheide f\u00fcr das Opinel f\u00fcr die Gr\u00f6\u00dfen No. 06, No. 08, No. 09 und No. 10.<\/p>\n<p>Das Holstern ist sehr einfach m\u00f6glich und gibt dir die M\u00f6glichkeit dein geliebtes Taschenmesser nun als &#8220;feststehendes Messer&#8221; ganz klassisch am G\u00fcrtel zu tragen.<\/p>\n<p>100%ig gemacht in \u00d6sterreich, in der Reini Rossmann Werkstatt, kannst du dich auf gute Qualit\u00e4t verlassen.<\/p>\n<h3><strong>Produktdaten:<\/strong><\/h3>\n<ul>\n<li>SONR06: Gewicht: 47 g, Abmessungen: 35 x 35 x 100 mm<\/li>\n<li>SONR08: Gewicht: 55 g, Abmessungen: 40 x 36 x 110 mm<\/li>\n<li>SONR09: Gewicht: 59 g, Abmessungen: 38 x 43 x 110 mm<\/li>\n<\/ul>\n<h3><strong>Passt auf: <\/strong><\/h3>\n<ul>\n<li>SONR06: Opiniel No. 06<\/li>\n<li>SONR08: <a href=\"https:\/\/ueberlebenskunst.at\/survivalshop\/shop\/opinel-messer\/\">Opinel No. 08<\/a><\/li>\n<li>SONR09: Opinel No. 09<\/li>\n<li>SONR10: Opinel No. 10<\/li>\n<\/ul>\n<ul>\n<li>Alle Varianten passen auf G\u00fcrtel mit einer Breite von maximal 50 mm und Dicke von 4 mm<\/li>\n<\/ul>\n<h3><strong>Lieferumfang:<\/strong><\/h3>\n<ul>\n<li>Passgenaue Messerscheide exkl. Messer<\/li>\n<\/ul>\n<h3><strong>Bedienungs- &amp; Pflegeanleitung:<\/strong><\/h3>\n<ul>\n<li>Die Reinigung mit Wasser und Seife ist m\u00f6glich.<\/li>\n<li>Du solltest die Steckscheide nicht direkt in die N\u00e4he von Feuer oder anderen Hitzequellen legen!<\/li>\n<li>Wird deine Steckscheide \u00fcber l\u00e4ngere Zeit sehr kalten Temperaturen unter 0 \u00b0C ausgesetzt, solltest du<br \/>\nin dem Moment darauf achten, dass keine starken Belastungen darauf einwirken.<\/li>\n<\/ul>\n<p>Unsere Produkte sind nicht f\u00fcr Kinder unter 3 Jahren geeignet. Es besteht Verschluckungsgefahr.<\/p>\n<p><span style=\"color: #99cc00;\">Du willst das Produkt in einer anderen Farbe? Schick uns eine E-Mail an shop@ueberlebenskunst.at und wir pr\u00fcfen, ob dein Farbwunsch\u00a0m\u00f6glich\u00a0ist.<\/span><\/p>\n","protected":false},"excerpt":{"rendered":"<p>Nach vielen Anfragen, besonders aus der Bushcraftszene, haben wir uns entschlossen f\u00fcr das Opinel Taschenmesser einen Steckholster bzw. eine Steckscheide zu kreieren und zu produzieren. Diese Scheide f\u00fcr das Opinel hat den Vorteil, dass du das Messer im ge\u00f6ffneten Zustand holstern bzw. in die Scheide stecken kannst. Warum ist das interessant? Weil f\u00fcr viele Bushcrafter [&hellip;]<\/p>\n","protected":false},"featured_media":142575,"comment_status":"open","ping_status":"closed","template":"","meta":{"_acf_changed":false},"product_brand":[],"product_cat":[1790],"product_tag":[2078,1256,1633],"class_list":{"0":"post-140949","1":"product","2":"type-product","3":"status-publish","4":"has-post-thumbnail","6":"product_cat-knives-4","7":"product_tag-holster4","8":"product_tag-k4","9":"product_tag-opinel","11":"first","12":"instock","13":"taxable","14":"shipping-taxable","15":"purchasable","16":"product-type-variable"},"acf":[],"yoast_head":"<!-- This site is optimized with the Yoast SEO plugin v27.1.1 - https:\/\/yoast.com\/product\/yoast-seo-wordpress\/ -->\n<title>Holster4 Opinel - G\u00fcrtel-Steckscheide - Reini Rossmann - Survival Shop<\/title>\n<meta name=\"description\" content=\"Das Holstern ist sehr einfach m\u00f6glich und gibt dir die M\u00f6glichkeit dein geliebtes Taschenmesser nun als &quot;feststehendes Messer&quot; ganz klassisch am G\u00fcrtel zu tragen. 100%ig gemacht in \u00d6sterreich in der Reini Rossmann Werkstatt kannst du dich auf gute Qualit\u00e4t verlassen.\" \/>\n<meta name=\"robots\" content=\"index, follow, max-snippet:-1, max-image-preview:large, max-video-preview:-1\" \/>\n<link rel=\"canonical\" href=\"https:\/\/ueberlebenskunst.at\/survivalshop\/shop\/holster4-opinel\/\" \/>\n<meta property=\"og:locale\" content=\"de_DE\" \/>\n<meta property=\"og:type\" content=\"article\" \/>\n<meta property=\"og:title\" content=\"Holster4 Opinel - G\u00fcrtel-Steckscheide - Reini Rossmann - Survival Shop\" \/>\n<meta property=\"og:description\" content=\"Das Holstern ist sehr einfach m\u00f6glich und gibt dir die M\u00f6glichkeit dein geliebtes Taschenmesser nun als &quot;feststehendes Messer&quot; ganz klassisch am G\u00fcrtel zu tragen. 100%ig gemacht in \u00d6sterreich in der Reini Rossmann Werkstatt kannst du dich auf gute Qualit\u00e4t verlassen.\" \/>\n<meta property=\"og:url\" content=\"https:\/\/ueberlebenskunst.at\/survivalshop\/shop\/holster4-opinel\/\" \/>\n<meta property=\"og:site_name\" content=\"Reini Rossmann - Survival Shop\" \/>\n<meta property=\"article:publisher\" content=\"https:\/\/www.facebook.com\/survival24.org\/\" \/>\n<meta property=\"article:modified_time\" content=\"2025-11-21T10:12:08+00:00\" \/>\n<meta property=\"og:image\" content=\"https:\/\/ueberlebenskunst.at\/survivalshop\/wp-content\/uploads\/2023\/09\/Holster4_Opinel_No8_SONR08_sk-1.jpg\" \/>\n\t<meta property=\"og:image:width\" content=\"400\" \/>\n\t<meta property=\"og:image:height\" content=\"400\" \/>\n\t<meta property=\"og:image:type\" content=\"image\/jpeg\" \/>\n<meta name=\"twitter:card\" content=\"summary_large_image\" \/>\n<meta name=\"twitter:label1\" content=\"Gesch\u00e4tzte Lesezeit\" \/>\n\t<meta name=\"twitter:data1\" content=\"3\u00a0Minuten\" \/>\n<script type=\"application\/ld+json\" class=\"yoast-schema-graph\">{\"@context\":\"https:\/\/schema.org\",\"@graph\":[{\"@type\":\"WebPage\",\"@id\":\"https:\/\/ueberlebenskunst.at\/survivalshop\/shop\/holster4-opinel\/\",\"url\":\"https:\/\/ueberlebenskunst.at\/survivalshop\/shop\/holster4-opinel\/\",\"name\":\"Holster4 Opinel - G\u00fcrtel-Steckscheide - Reini Rossmann - Survival Shop\",\"isPartOf\":{\"@id\":\"https:\/\/ueberlebenskunst.at\/survivalshop\/#website\"},\"primaryImageOfPage\":{\"@id\":\"https:\/\/ueberlebenskunst.at\/survivalshop\/shop\/holster4-opinel\/#primaryimage\"},\"image\":{\"@id\":\"https:\/\/ueberlebenskunst.at\/survivalshop\/shop\/holster4-opinel\/#primaryimage\"},\"thumbnailUrl\":\"https:\/\/ueberlebenskunst.at\/survivalshop\/wp-content\/uploads\/2023\/09\/Holster4_Opinel_No8_SONR08_sk-1.jpg\",\"datePublished\":\"2023-09-04T11:50:47+00:00\",\"dateModified\":\"2025-11-21T10:12:08+00:00\",\"description\":\"Das Holstern ist sehr einfach m\u00f6glich und gibt dir die M\u00f6glichkeit dein geliebtes Taschenmesser nun als \\\"feststehendes Messer\\\" ganz klassisch am G\u00fcrtel zu tragen. 100%ig gemacht in \u00d6sterreich in der Reini Rossmann Werkstatt kannst du dich auf gute Qualit\u00e4t verlassen.\",\"breadcrumb\":{\"@id\":\"https:\/\/ueberlebenskunst.at\/survivalshop\/shop\/holster4-opinel\/#breadcrumb\"},\"inLanguage\":\"de\",\"potentialAction\":[{\"@type\":\"ReadAction\",\"target\":[\"https:\/\/ueberlebenskunst.at\/survivalshop\/shop\/holster4-opinel\/\"]}]},{\"@type\":\"ImageObject\",\"inLanguage\":\"de\",\"@id\":\"https:\/\/ueberlebenskunst.at\/survivalshop\/shop\/holster4-opinel\/#primaryimage\",\"url\":\"https:\/\/ueberlebenskunst.at\/survivalshop\/wp-content\/uploads\/2023\/09\/Holster4_Opinel_No8_SONR08_sk-1.jpg\",\"contentUrl\":\"https:\/\/ueberlebenskunst.at\/survivalshop\/wp-content\/uploads\/2023\/09\/Holster4_Opinel_No8_SONR08_sk-1.jpg\",\"width\":400,\"height\":400},{\"@type\":\"BreadcrumbList\",\"@id\":\"https:\/\/ueberlebenskunst.at\/survivalshop\/shop\/holster4-opinel\/#breadcrumb\",\"itemListElement\":[{\"@type\":\"ListItem\",\"position\":1,\"name\":\"Startseite\",\"item\":\"https:\/\/ueberlebenskunst.at\/survivalshop\/\"},{\"@type\":\"ListItem\",\"position\":2,\"name\":\"Shop\",\"item\":\"https:\/\/ueberlebenskunst.at\/survivalshop\/shop\/\"},{\"@type\":\"ListItem\",\"position\":3,\"name\":\"Holster4 Opinel &#8211; G\u00fcrtel-Steckscheide\"}]},{\"@type\":\"WebSite\",\"@id\":\"https:\/\/ueberlebenskunst.at\/survivalshop\/#website\",\"url\":\"https:\/\/ueberlebenskunst.at\/survivalshop\/\",\"name\":\"Reini Rossmann - Survival Shop\",\"description\":\"Survival Shop f\u00fcr Survival, Bushcraft und Prepper\",\"potentialAction\":[{\"@type\":\"SearchAction\",\"target\":{\"@type\":\"EntryPoint\",\"urlTemplate\":\"https:\/\/ueberlebenskunst.at\/survivalshop\/?s={search_term_string}\"},\"query-input\":{\"@type\":\"PropertyValueSpecification\",\"valueRequired\":true,\"valueName\":\"search_term_string\"}}],\"inLanguage\":\"de\"}]}<\/script>\n<!-- \/ Yoast SEO plugin. -->","yoast_head_json":{"title":"Holster4 Opinel - G\u00fcrtel-Steckscheide - Reini Rossmann - Survival Shop","description":"Das Holstern ist sehr einfach m\u00f6glich und gibt dir die M\u00f6glichkeit dein geliebtes Taschenmesser nun als \"feststehendes Messer\" ganz klassisch am G\u00fcrtel zu tragen. 100%ig gemacht in \u00d6sterreich in der Reini Rossmann Werkstatt kannst du dich auf gute Qualit\u00e4t verlassen.","robots":{"index":"index","follow":"follow","max-snippet":"max-snippet:-1","max-image-preview":"max-image-preview:large","max-video-preview":"max-video-preview:-1"},"canonical":"https:\/\/ueberlebenskunst.at\/survivalshop\/shop\/holster4-opinel\/","og_locale":"de_DE","og_type":"article","og_title":"Holster4 Opinel - G\u00fcrtel-Steckscheide - Reini Rossmann - Survival Shop","og_description":"Das Holstern ist sehr einfach m\u00f6glich und gibt dir die M\u00f6glichkeit dein geliebtes Taschenmesser nun als \"feststehendes Messer\" ganz klassisch am G\u00fcrtel zu tragen. 100%ig gemacht in \u00d6sterreich in der Reini Rossmann Werkstatt kannst du dich auf gute Qualit\u00e4t verlassen.","og_url":"https:\/\/ueberlebenskunst.at\/survivalshop\/shop\/holster4-opinel\/","og_site_name":"Reini Rossmann - Survival Shop","article_publisher":"https:\/\/www.facebook.com\/survival24.org\/","article_modified_time":"2025-11-21T10:12:08+00:00","og_image":[{"width":400,"height":400,"url":"https:\/\/ueberlebenskunst.at\/survivalshop\/wp-content\/uploads\/2023\/09\/Holster4_Opinel_No8_SONR08_sk-1.jpg","type":"image\/jpeg"}],"twitter_card":"summary_large_image","twitter_misc":{"Gesch\u00e4tzte Lesezeit":"3\u00a0Minuten"},"schema":{"@context":"https:\/\/schema.org","@graph":[{"@type":"WebPage","@id":"https:\/\/ueberlebenskunst.at\/survivalshop\/shop\/holster4-opinel\/","url":"https:\/\/ueberlebenskunst.at\/survivalshop\/shop\/holster4-opinel\/","name":"Holster4 Opinel - G\u00fcrtel-Steckscheide - Reini Rossmann - Survival Shop","isPartOf":{"@id":"https:\/\/ueberlebenskunst.at\/survivalshop\/#website"},"primaryImageOfPage":{"@id":"https:\/\/ueberlebenskunst.at\/survivalshop\/shop\/holster4-opinel\/#primaryimage"},"image":{"@id":"https:\/\/ueberlebenskunst.at\/survivalshop\/shop\/holster4-opinel\/#primaryimage"},"thumbnailUrl":"https:\/\/ueberlebenskunst.at\/survivalshop\/wp-content\/uploads\/2023\/09\/Holster4_Opinel_No8_SONR08_sk-1.jpg","datePublished":"2023-09-04T11:50:47+00:00","dateModified":"2025-11-21T10:12:08+00:00","description":"Das Holstern ist sehr einfach m\u00f6glich und gibt dir die M\u00f6glichkeit dein geliebtes Taschenmesser nun als \"feststehendes Messer\" ganz klassisch am G\u00fcrtel zu tragen. 100%ig gemacht in \u00d6sterreich in der Reini Rossmann Werkstatt kannst du dich auf gute Qualit\u00e4t verlassen.","breadcrumb":{"@id":"https:\/\/ueberlebenskunst.at\/survivalshop\/shop\/holster4-opinel\/#breadcrumb"},"inLanguage":"de","potentialAction":[{"@type":"ReadAction","target":["https:\/\/ueberlebenskunst.at\/survivalshop\/shop\/holster4-opinel\/"]}]},{"@type":"ImageObject","inLanguage":"de","@id":"https:\/\/ueberlebenskunst.at\/survivalshop\/shop\/holster4-opinel\/#primaryimage","url":"https:\/\/ueberlebenskunst.at\/survivalshop\/wp-content\/uploads\/2023\/09\/Holster4_Opinel_No8_SONR08_sk-1.jpg","contentUrl":"https:\/\/ueberlebenskunst.at\/survivalshop\/wp-content\/uploads\/2023\/09\/Holster4_Opinel_No8_SONR08_sk-1.jpg","width":400,"height":400},{"@type":"BreadcrumbList","@id":"https:\/\/ueberlebenskunst.at\/survivalshop\/shop\/holster4-opinel\/#breadcrumb","itemListElement":[{"@type":"ListItem","position":1,"name":"Startseite","item":"https:\/\/ueberlebenskunst.at\/survivalshop\/"},{"@type":"ListItem","position":2,"name":"Shop","item":"https:\/\/ueberlebenskunst.at\/survivalshop\/shop\/"},{"@type":"ListItem","position":3,"name":"Holster4 Opinel &#8211; G\u00fcrtel-Steckscheide"}]},{"@type":"WebSite","@id":"https:\/\/ueberlebenskunst.at\/survivalshop\/#website","url":"https:\/\/ueberlebenskunst.at\/survivalshop\/","name":"Reini Rossmann - Survival Shop","description":"Survival Shop f\u00fcr Survival, Bushcraft und Prepper","potentialAction":[{"@type":"SearchAction","target":{"@type":"EntryPoint","urlTemplate":"https:\/\/ueberlebenskunst.at\/survivalshop\/?s={search_term_string}"},"query-input":{"@type":"PropertyValueSpecification","valueRequired":true,"valueName":"search_term_string"}}],"inLanguage":"de"}]}},"_links":{"self":[{"href":"https:\/\/ueberlebenskunst.at\/survivalshop\/wp-json\/wp\/v2\/product\/140949","targetHints":{"allow":["GET"]}}],"collection":[{"href":"https:\/\/ueberlebenskunst.at\/survivalshop\/wp-json\/wp\/v2\/product"}],"about":[{"href":"https:\/\/ueberlebenskunst.at\/survivalshop\/wp-json\/wp\/v2\/types\/product"}],"replies":[{"embeddable":true,"href":"https:\/\/ueberlebenskunst.at\/survivalshop\/wp-json\/wp\/v2\/comments?post=140949"}],"wp:featuredmedia":[{"embeddable":true,"href":"https:\/\/ueberlebenskunst.at\/survivalshop\/wp-json\/wp\/v2\/media\/142575"}],"wp:attachment":[{"href":"https:\/\/ueberlebenskunst.at\/survivalshop\/wp-json\/wp\/v2\/media?parent=140949"}],"wp:term":[{"taxonomy":"product_brand","embeddable":true,"href":"https:\/\/ueberlebenskunst.at\/survivalshop\/wp-json\/wp\/v2\/product_brand?post=140949"},{"taxonomy":"product_cat","embeddable":true,"href":"https:\/\/ueberlebenskunst.at\/survivalshop\/wp-json\/wp\/v2\/product_cat?post=140949"},{"taxonomy":"product_tag","embeddable":true,"href":"https:\/\/ueberlebenskunst.at\/survivalshop\/wp-json\/wp\/v2\/product_tag?post=140949"}],"curies":[{"name":"wp","href":"https:\/\/api.w.org\/{rel}","templated":true}]}}