{"id":139477,"date":"2023-07-28T09:28:46","date_gmt":"2023-07-28T07:28:46","guid":{"rendered":"https:\/\/ueberlebenskunst.at\/survivalshop\/?post_type=product&#038;p=139477"},"modified":"2025-09-22T06:29:09","modified_gmt":"2025-09-22T04:29:09","slug":"pfefferspray-launcher-deflight","status":"seo-produkt","type":"product","link":"https:\/\/ueberlebenskunst.at\/survivalshop\/shop\/pfefferspray-launcher-deflight\/","title":{"rendered":"Pfefferspray Launcher Deflight"},"content":{"rendered":"<p>Die Deflight Pfefferpistole ist Made in Germany und ist mit einer wiederaufladbaren Taschenlampe ausgestattet. In den Deflight Pfefferspray Launcher k\u00f6nnen handels\u00fcbliche Pfeffersprays der Firma Ballistol entweder mit 40 oder mit 50 ml eingebracht werden.<\/p>\n<p>Der Vorteil des Deflight Pfefferspray Launchers ist, dass abgesehen von der Lichtfunktion auch sehr gut gezielt und gleichzeitig sehr wohl dosiert Pfeffersprayst\u00f6\u00dfe abgegeben werden k\u00f6nnen. Zus\u00e4tzlich verf\u00fcgt der Pfefferspray Launcher \u00fcber einen leichtg\u00e4ngigen Sicherheitsmechanismus, der ein versehentliches Ausl\u00f6sen des Pfeffersprays verhindert.<\/p>\n<h3>Produktdaten:<\/h3>\n<ul>\n<li>Abmessungen: 14 x 11,5 x 5 cm<\/li>\n<li>Gewicht: 126 g<\/li>\n<li>Mini USB Ladebuchse<\/li>\n<li>Leuchtmodi: 100 %, 60 %, Stroboskop-Blitz, SOS<\/li>\n<li>Helligkeit: 150 Lumen<\/li>\n<\/ul>\n<h3>Lieferumfang:<\/h3>\n<ul>\n<li>Pfefferspray Launcher Deflight<\/li>\n<li>integrierte, wiederaufladbare Lampe<\/li>\n<li>Bedienungsanleitung<\/li>\n<\/ul>\n<p>Wir weisen darauf hin, dass der eigentliche Pfefferspray der Firma Ballistol Marke KO im Lieferumfang NICHT enthalten ist und selbst besorgt werden muss.<br \/>\nDer gro\u00dfe Vorteil des KO Pfeffersprays der Firma Ballistol ist, dass er sehr einfach auf Amazon, aber auch im Fachhandel erh\u00e4ltlich ist.<\/p>\n<p><strong>WICHTIG! Verkauf erfolgt erst ab 18 Jahren. <\/strong><strong>Bitte lade deine Ausweiskopie beim Bestellabschluss hoch. Ohne Ausweis erfolgt kein Versand!<\/strong><\/p>\n","protected":false},"excerpt":{"rendered":"<p>Die Deflight Pfefferpistole ist Made in Germany und ist mit einer wiederaufladbaren Taschenlampe ausgestattet. In den Deflight Pfefferspray Launcher k\u00f6nnen handels\u00fcbliche Pfeffersprays der Firma Ballistol entweder mit 40 oder mit 50 ml eingebracht werden. Der Vorteil des Deflight Pfefferspray Launchers ist, dass abgesehen von der Lichtfunktion auch sehr gut gezielt und gleichzeitig sehr wohl dosiert [&hellip;]<\/p>\n","protected":false},"featured_media":139479,"comment_status":"open","ping_status":"closed","template":"","meta":{"_acf_changed":false},"product_brand":[],"product_cat":[2389],"product_tag":[],"class_list":{"0":"post-139477","1":"product","2":"type-product","3":"status-seo-produkt","4":"has-post-thumbnail","6":"product_cat-flohmarkt","8":"first","9":"outofstock","10":"sale","11":"taxable","12":"shipping-taxable","13":"product-type-simple"},"acf":[],"yoast_head":"<!-- This site is optimized with the Yoast SEO plugin v27.1.1 - https:\/\/yoast.com\/product\/yoast-seo-wordpress\/ -->\n<title>Pfefferspray Launcher Deflight - Reini Rossmann - Survival Shop<\/title>\n<meta name=\"robots\" content=\"index, follow, max-snippet:-1, max-image-preview:large, max-video-preview:-1\" \/>\n<link rel=\"canonical\" href=\"https:\/\/ueberlebenskunst.at\/survivalshop\/shop\/pfefferspray-launcher-deflight\/\" \/>\n<meta property=\"og:locale\" content=\"de_DE\" \/>\n<meta property=\"og:type\" content=\"article\" \/>\n<meta property=\"og:title\" content=\"Pfefferspray Launcher Deflight - Reini Rossmann - Survival Shop\" \/>\n<meta property=\"og:description\" content=\"Die Deflight Pfefferpistole ist Made in Germany und ist mit einer wiederaufladbaren Taschenlampe ausgestattet. In den Deflight Pfefferspray Launcher k\u00f6nnen handels\u00fcbliche Pfeffersprays der Firma Ballistol entweder mit 40 oder mit 50 ml eingebracht werden. Der Vorteil des Deflight Pfefferspray Launchers ist, dass abgesehen von der Lichtfunktion auch sehr gut gezielt und gleichzeitig sehr wohl dosiert [&hellip;]\" \/>\n<meta property=\"og:url\" content=\"https:\/\/ueberlebenskunst.at\/survivalshop\/shop\/pfefferspray-launcher-deflight\/\" \/>\n<meta property=\"og:site_name\" content=\"Reini Rossmann - Survival Shop\" \/>\n<meta property=\"article:publisher\" content=\"https:\/\/www.facebook.com\/survival24.org\/\" \/>\n<meta property=\"article:modified_time\" content=\"2025-09-22T04:29:09+00:00\" \/>\n<meta property=\"og:image\" content=\"https:\/\/ueberlebenskunst.at\/survivalshop\/wp-content\/uploads\/2023\/07\/Pfefferspray-Launcher-Deflight.jpg\" \/>\n\t<meta property=\"og:image:width\" content=\"400\" \/>\n\t<meta property=\"og:image:height\" content=\"400\" \/>\n\t<meta property=\"og:image:type\" content=\"image\/jpeg\" \/>\n<meta name=\"twitter:card\" content=\"summary_large_image\" \/>\n<meta name=\"twitter:label1\" content=\"Gesch\u00e4tzte Lesezeit\" \/>\n\t<meta name=\"twitter:data1\" content=\"2\u00a0Minuten\" \/>\n<script type=\"application\/ld+json\" class=\"yoast-schema-graph\">{\"@context\":\"https:\/\/schema.org\",\"@graph\":[{\"@type\":\"WebPage\",\"@id\":\"https:\/\/ueberlebenskunst.at\/survivalshop\/shop\/pfefferspray-launcher-deflight\/\",\"url\":\"https:\/\/ueberlebenskunst.at\/survivalshop\/shop\/pfefferspray-launcher-deflight\/\",\"name\":\"Pfefferspray Launcher Deflight - Reini Rossmann - Survival Shop\",\"isPartOf\":{\"@id\":\"https:\/\/ueberlebenskunst.at\/survivalshop\/#website\"},\"primaryImageOfPage\":{\"@id\":\"https:\/\/ueberlebenskunst.at\/survivalshop\/shop\/pfefferspray-launcher-deflight\/#primaryimage\"},\"image\":{\"@id\":\"https:\/\/ueberlebenskunst.at\/survivalshop\/shop\/pfefferspray-launcher-deflight\/#primaryimage\"},\"thumbnailUrl\":\"https:\/\/ueberlebenskunst.at\/survivalshop\/wp-content\/uploads\/2023\/07\/Pfefferspray-Launcher-Deflight.jpg\",\"datePublished\":\"2023-07-28T07:28:46+00:00\",\"dateModified\":\"2025-09-22T04:29:09+00:00\",\"breadcrumb\":{\"@id\":\"https:\/\/ueberlebenskunst.at\/survivalshop\/shop\/pfefferspray-launcher-deflight\/#breadcrumb\"},\"inLanguage\":\"de\",\"potentialAction\":[{\"@type\":\"ReadAction\",\"target\":[\"https:\/\/ueberlebenskunst.at\/survivalshop\/shop\/pfefferspray-launcher-deflight\/\"]}]},{\"@type\":\"ImageObject\",\"inLanguage\":\"de\",\"@id\":\"https:\/\/ueberlebenskunst.at\/survivalshop\/shop\/pfefferspray-launcher-deflight\/#primaryimage\",\"url\":\"https:\/\/ueberlebenskunst.at\/survivalshop\/wp-content\/uploads\/2023\/07\/Pfefferspray-Launcher-Deflight.jpg\",\"contentUrl\":\"https:\/\/ueberlebenskunst.at\/survivalshop\/wp-content\/uploads\/2023\/07\/Pfefferspray-Launcher-Deflight.jpg\",\"width\":400,\"height\":400},{\"@type\":\"BreadcrumbList\",\"@id\":\"https:\/\/ueberlebenskunst.at\/survivalshop\/shop\/pfefferspray-launcher-deflight\/#breadcrumb\",\"itemListElement\":[{\"@type\":\"ListItem\",\"position\":1,\"name\":\"Startseite\",\"item\":\"https:\/\/ueberlebenskunst.at\/survivalshop\/\"},{\"@type\":\"ListItem\",\"position\":2,\"name\":\"Shop\",\"item\":\"https:\/\/ueberlebenskunst.at\/survivalshop\/shop\/\"},{\"@type\":\"ListItem\",\"position\":3,\"name\":\"Pfefferspray Launcher Deflight\"}]},{\"@type\":\"WebSite\",\"@id\":\"https:\/\/ueberlebenskunst.at\/survivalshop\/#website\",\"url\":\"https:\/\/ueberlebenskunst.at\/survivalshop\/\",\"name\":\"Reini Rossmann - Survival Shop\",\"description\":\"Survival Shop f\u00fcr Survival, Bushcraft und Prepper\",\"potentialAction\":[{\"@type\":\"SearchAction\",\"target\":{\"@type\":\"EntryPoint\",\"urlTemplate\":\"https:\/\/ueberlebenskunst.at\/survivalshop\/?s={search_term_string}\"},\"query-input\":{\"@type\":\"PropertyValueSpecification\",\"valueRequired\":true,\"valueName\":\"search_term_string\"}}],\"inLanguage\":\"de\"}]}<\/script>\n<!-- \/ Yoast SEO plugin. -->","yoast_head_json":{"title":"Pfefferspray Launcher Deflight - Reini Rossmann - Survival Shop","robots":{"index":"index","follow":"follow","max-snippet":"max-snippet:-1","max-image-preview":"max-image-preview:large","max-video-preview":"max-video-preview:-1"},"canonical":"https:\/\/ueberlebenskunst.at\/survivalshop\/shop\/pfefferspray-launcher-deflight\/","og_locale":"de_DE","og_type":"article","og_title":"Pfefferspray Launcher Deflight - Reini Rossmann - Survival Shop","og_description":"Die Deflight Pfefferpistole ist Made in Germany und ist mit einer wiederaufladbaren Taschenlampe ausgestattet. In den Deflight Pfefferspray Launcher k\u00f6nnen handels\u00fcbliche Pfeffersprays der Firma Ballistol entweder mit 40 oder mit 50 ml eingebracht werden. Der Vorteil des Deflight Pfefferspray Launchers ist, dass abgesehen von der Lichtfunktion auch sehr gut gezielt und gleichzeitig sehr wohl dosiert [&hellip;]","og_url":"https:\/\/ueberlebenskunst.at\/survivalshop\/shop\/pfefferspray-launcher-deflight\/","og_site_name":"Reini Rossmann - Survival Shop","article_publisher":"https:\/\/www.facebook.com\/survival24.org\/","article_modified_time":"2025-09-22T04:29:09+00:00","og_image":[{"width":400,"height":400,"url":"https:\/\/ueberlebenskunst.at\/survivalshop\/wp-content\/uploads\/2023\/07\/Pfefferspray-Launcher-Deflight.jpg","type":"image\/jpeg"}],"twitter_card":"summary_large_image","twitter_misc":{"Gesch\u00e4tzte Lesezeit":"2\u00a0Minuten"},"schema":{"@context":"https:\/\/schema.org","@graph":[{"@type":"WebPage","@id":"https:\/\/ueberlebenskunst.at\/survivalshop\/shop\/pfefferspray-launcher-deflight\/","url":"https:\/\/ueberlebenskunst.at\/survivalshop\/shop\/pfefferspray-launcher-deflight\/","name":"Pfefferspray Launcher Deflight - Reini Rossmann - Survival Shop","isPartOf":{"@id":"https:\/\/ueberlebenskunst.at\/survivalshop\/#website"},"primaryImageOfPage":{"@id":"https:\/\/ueberlebenskunst.at\/survivalshop\/shop\/pfefferspray-launcher-deflight\/#primaryimage"},"image":{"@id":"https:\/\/ueberlebenskunst.at\/survivalshop\/shop\/pfefferspray-launcher-deflight\/#primaryimage"},"thumbnailUrl":"https:\/\/ueberlebenskunst.at\/survivalshop\/wp-content\/uploads\/2023\/07\/Pfefferspray-Launcher-Deflight.jpg","datePublished":"2023-07-28T07:28:46+00:00","dateModified":"2025-09-22T04:29:09+00:00","breadcrumb":{"@id":"https:\/\/ueberlebenskunst.at\/survivalshop\/shop\/pfefferspray-launcher-deflight\/#breadcrumb"},"inLanguage":"de","potentialAction":[{"@type":"ReadAction","target":["https:\/\/ueberlebenskunst.at\/survivalshop\/shop\/pfefferspray-launcher-deflight\/"]}]},{"@type":"ImageObject","inLanguage":"de","@id":"https:\/\/ueberlebenskunst.at\/survivalshop\/shop\/pfefferspray-launcher-deflight\/#primaryimage","url":"https:\/\/ueberlebenskunst.at\/survivalshop\/wp-content\/uploads\/2023\/07\/Pfefferspray-Launcher-Deflight.jpg","contentUrl":"https:\/\/ueberlebenskunst.at\/survivalshop\/wp-content\/uploads\/2023\/07\/Pfefferspray-Launcher-Deflight.jpg","width":400,"height":400},{"@type":"BreadcrumbList","@id":"https:\/\/ueberlebenskunst.at\/survivalshop\/shop\/pfefferspray-launcher-deflight\/#breadcrumb","itemListElement":[{"@type":"ListItem","position":1,"name":"Startseite","item":"https:\/\/ueberlebenskunst.at\/survivalshop\/"},{"@type":"ListItem","position":2,"name":"Shop","item":"https:\/\/ueberlebenskunst.at\/survivalshop\/shop\/"},{"@type":"ListItem","position":3,"name":"Pfefferspray Launcher Deflight"}]},{"@type":"WebSite","@id":"https:\/\/ueberlebenskunst.at\/survivalshop\/#website","url":"https:\/\/ueberlebenskunst.at\/survivalshop\/","name":"Reini Rossmann - Survival Shop","description":"Survival Shop f\u00fcr Survival, Bushcraft und Prepper","potentialAction":[{"@type":"SearchAction","target":{"@type":"EntryPoint","urlTemplate":"https:\/\/ueberlebenskunst.at\/survivalshop\/?s={search_term_string}"},"query-input":{"@type":"PropertyValueSpecification","valueRequired":true,"valueName":"search_term_string"}}],"inLanguage":"de"}]}},"_links":{"self":[{"href":"https:\/\/ueberlebenskunst.at\/survivalshop\/wp-json\/wp\/v2\/product\/139477","targetHints":{"allow":["GET"]}}],"collection":[{"href":"https:\/\/ueberlebenskunst.at\/survivalshop\/wp-json\/wp\/v2\/product"}],"about":[{"href":"https:\/\/ueberlebenskunst.at\/survivalshop\/wp-json\/wp\/v2\/types\/product"}],"replies":[{"embeddable":true,"href":"https:\/\/ueberlebenskunst.at\/survivalshop\/wp-json\/wp\/v2\/comments?post=139477"}],"wp:featuredmedia":[{"embeddable":true,"href":"https:\/\/ueberlebenskunst.at\/survivalshop\/wp-json\/wp\/v2\/media\/139479"}],"wp:attachment":[{"href":"https:\/\/ueberlebenskunst.at\/survivalshop\/wp-json\/wp\/v2\/media?parent=139477"}],"wp:term":[{"taxonomy":"product_brand","embeddable":true,"href":"https:\/\/ueberlebenskunst.at\/survivalshop\/wp-json\/wp\/v2\/product_brand?post=139477"},{"taxonomy":"product_cat","embeddable":true,"href":"https:\/\/ueberlebenskunst.at\/survivalshop\/wp-json\/wp\/v2\/product_cat?post=139477"},{"taxonomy":"product_tag","embeddable":true,"href":"https:\/\/ueberlebenskunst.at\/survivalshop\/wp-json\/wp\/v2\/product_tag?post=139477"}],"curies":[{"name":"wp","href":"https:\/\/api.w.org\/{rel}","templated":true}]}}