{"id":13929,"date":"2020-01-22T12:09:55","date_gmt":"2020-01-22T11:09:55","guid":{"rendered":"https:\/\/ueberlebenskunst.at\/survivalshop\/survivalshop\/?post_type=product&#038;p=13929"},"modified":"2024-03-21T08:07:45","modified_gmt":"2024-03-21T07:07:45","slug":"tt-pack-cover","status":"seo-produkt","type":"product","link":"https:\/\/ueberlebenskunst.at\/survivalshop\/shop\/tt-pack-cover\/","title":{"rendered":"TT Pack Cover"},"content":{"rendered":"<p>Das TT Pack Cover ist als Schutzh\u00fclle bzw. Stausack f\u00fcr Rucks\u00e4cke entwickelt worden. Besonders Praktisch ist das Rollpackverschluss-System. Warum ist das wichtig? Weil Du damit damit Rucks\u00e4cke oder Taschen in unterschiedlicher Gr\u00f6\u00dfe verpacken kannst. Wo macht das Sinn? Besonders auf Reise, also wenn Flugh\u00e4fen keine Trekkingrucks\u00e4cke am Rollband zulassen. Da sich diese in F\u00f6rderb\u00e4ndern und Ladeanlagen verhaken k\u00f6nnten. Mit diesem Packsack steht keine Schlaufe oder Band ab und Du kannst Deinen Outdoor Rucksack dennoch ohne Probleme mitnehmen.<\/p>\n<p>Aber auch beim Verstauen auf Bootstouren oder beim Ablegen im Gel\u00e4nde sch\u00fctzt der TT Pack Cover Deine Ausr\u00fcstung vor Umwelteinfl\u00fcssen. Jedoch ist er nicht 100% wasserdicht, nur wasserabweisend.<\/p>\n<p>Wichtig: Passend f\u00fcr Rucks\u00e4cke bis 85 Liter Volumen. Also auch f\u00fcr das <a href=\"https:\/\/ueberlebenskunst.at\/survivalshop\/shop\/tasmanian-tiger-raid-pack-mk-iii\/\" target=\"_blank\" rel=\"noopener noreferrer\">TT Raid Pack MK3<\/a><\/p>\n<p><strong>Funktionen de TT Pack Cover<\/strong><\/p>\n<ul>\n<li>Rollverschluss<\/li>\n<li>Volumenregulierung<\/li>\n<li>Klettfl\u00e4che auf der Front f\u00fcr Patches<\/li>\n<li>A5-Klarsichtfach f\u00fcr Dokumente und Namensschilder<\/li>\n<\/ul>\n<h3>Technische Daten des Tasmanian Tiger Pack Cover im Detail<\/h3>\n<ul>\n<li>Abmessungen ungef\u00e4hr 100 x 40 x 29 cm<\/li>\n<li>Volumen: &lt; 85 l<\/li>\n<li>Eigengewicht ca. 210 g<\/li>\n<li>Au\u00dfenmaterial: 200 Polyester PU<\/li>\n<\/ul>\n","protected":false},"excerpt":{"rendered":"<p>Das TT Pack Cover ist als Schutzh\u00fclle bzw. Stausack f\u00fcr Rucks\u00e4cke entwickelt worden. Besonders Praktisch ist das Rollpackverschluss-System. Warum ist das wichtig? Weil Du damit damit Rucks\u00e4cke oder Taschen in unterschiedlicher Gr\u00f6\u00dfe verpacken kannst. Wo macht das Sinn? Besonders auf Reise, also wenn Flugh\u00e4fen keine Trekkingrucks\u00e4cke am Rollband zulassen. Da sich diese in F\u00f6rderb\u00e4ndern und [&hellip;]<\/p>\n","protected":false},"featured_media":13933,"comment_status":"open","ping_status":"closed","template":"","meta":{"_acf_changed":false},"product_brand":[],"product_cat":[426],"product_tag":[407,199],"class_list":{"0":"post-13929","1":"product","2":"type-product","3":"status-seo-produkt","4":"has-post-thumbnail","6":"product_cat-unkategorisiert","7":"product_tag-schutzausruestung","8":"product_tag-tasmanian-tiger","9":"pa_farbe-oliv","10":"pa_farbe-schwarz","12":"first","13":"outofstock","14":"taxable","15":"shipping-taxable","16":"product-type-variable"},"acf":[],"yoast_head":"<!-- This site is optimized with the Yoast SEO plugin v27.1.1 - https:\/\/yoast.com\/product\/yoast-seo-wordpress\/ -->\n<title>TT Pack Cover - Reini Rossmann - Survival Shop<\/title>\n<meta name=\"robots\" content=\"index, follow, max-snippet:-1, max-image-preview:large, max-video-preview:-1\" \/>\n<link rel=\"canonical\" href=\"https:\/\/ueberlebenskunst.at\/survivalshop\/shop\/tt-pack-cover\/\" \/>\n<meta property=\"og:locale\" content=\"de_DE\" \/>\n<meta property=\"og:type\" content=\"article\" \/>\n<meta property=\"og:title\" content=\"TT Pack Cover - Reini Rossmann - Survival Shop\" \/>\n<meta property=\"og:description\" content=\"Das TT Pack Cover ist als Schutzh\u00fclle bzw. Stausack f\u00fcr Rucks\u00e4cke entwickelt worden. Besonders Praktisch ist das Rollpackverschluss-System. Warum ist das wichtig? Weil Du damit damit Rucks\u00e4cke oder Taschen in unterschiedlicher Gr\u00f6\u00dfe verpacken kannst. Wo macht das Sinn? Besonders auf Reise, also wenn Flugh\u00e4fen keine Trekkingrucks\u00e4cke am Rollband zulassen. Da sich diese in F\u00f6rderb\u00e4ndern und [&hellip;]\" \/>\n<meta property=\"og:url\" content=\"https:\/\/ueberlebenskunst.at\/survivalshop\/shop\/tt-pack-cover\/\" \/>\n<meta property=\"og:site_name\" content=\"Reini Rossmann - Survival Shop\" \/>\n<meta property=\"article:publisher\" content=\"https:\/\/www.facebook.com\/survival24.org\/\" \/>\n<meta property=\"article:modified_time\" content=\"2024-03-21T07:07:45+00:00\" \/>\n<meta property=\"og:image\" content=\"https:\/\/ueberlebenskunst.at\/survivalshop\/wp-content\/uploads\/2020\/01\/TT-PACK-COVER-olive.jpg\" \/>\n\t<meta property=\"og:image:width\" content=\"942\" \/>\n\t<meta property=\"og:image:height\" content=\"1084\" \/>\n\t<meta property=\"og:image:type\" content=\"image\/jpeg\" \/>\n<meta name=\"twitter:card\" content=\"summary_large_image\" \/>\n<meta name=\"twitter:label1\" content=\"Gesch\u00e4tzte Lesezeit\" \/>\n\t<meta name=\"twitter:data1\" content=\"2\u00a0Minuten\" \/>\n<script type=\"application\/ld+json\" class=\"yoast-schema-graph\">{\"@context\":\"https:\/\/schema.org\",\"@graph\":[{\"@type\":\"WebPage\",\"@id\":\"https:\/\/ueberlebenskunst.at\/survivalshop\/shop\/tt-pack-cover\/\",\"url\":\"https:\/\/ueberlebenskunst.at\/survivalshop\/shop\/tt-pack-cover\/\",\"name\":\"TT Pack Cover - Reini Rossmann - Survival Shop\",\"isPartOf\":{\"@id\":\"https:\/\/ueberlebenskunst.at\/survivalshop\/#website\"},\"primaryImageOfPage\":{\"@id\":\"https:\/\/ueberlebenskunst.at\/survivalshop\/shop\/tt-pack-cover\/#primaryimage\"},\"image\":{\"@id\":\"https:\/\/ueberlebenskunst.at\/survivalshop\/shop\/tt-pack-cover\/#primaryimage\"},\"thumbnailUrl\":\"https:\/\/ueberlebenskunst.at\/survivalshop\/wp-content\/uploads\/2020\/01\/TT-PACK-COVER-olive.jpg\",\"datePublished\":\"2020-01-22T11:09:55+00:00\",\"dateModified\":\"2024-03-21T07:07:45+00:00\",\"breadcrumb\":{\"@id\":\"https:\/\/ueberlebenskunst.at\/survivalshop\/shop\/tt-pack-cover\/#breadcrumb\"},\"inLanguage\":\"de\",\"potentialAction\":[{\"@type\":\"ReadAction\",\"target\":[\"https:\/\/ueberlebenskunst.at\/survivalshop\/shop\/tt-pack-cover\/\"]}]},{\"@type\":\"ImageObject\",\"inLanguage\":\"de\",\"@id\":\"https:\/\/ueberlebenskunst.at\/survivalshop\/shop\/tt-pack-cover\/#primaryimage\",\"url\":\"https:\/\/ueberlebenskunst.at\/survivalshop\/wp-content\/uploads\/2020\/01\/TT-PACK-COVER-olive.jpg\",\"contentUrl\":\"https:\/\/ueberlebenskunst.at\/survivalshop\/wp-content\/uploads\/2020\/01\/TT-PACK-COVER-olive.jpg\",\"width\":942,\"height\":1084},{\"@type\":\"BreadcrumbList\",\"@id\":\"https:\/\/ueberlebenskunst.at\/survivalshop\/shop\/tt-pack-cover\/#breadcrumb\",\"itemListElement\":[{\"@type\":\"ListItem\",\"position\":1,\"name\":\"Startseite\",\"item\":\"https:\/\/ueberlebenskunst.at\/survivalshop\/\"},{\"@type\":\"ListItem\",\"position\":2,\"name\":\"Shop\",\"item\":\"https:\/\/ueberlebenskunst.at\/survivalshop\/shop\/\"},{\"@type\":\"ListItem\",\"position\":3,\"name\":\"TT Pack Cover\"}]},{\"@type\":\"WebSite\",\"@id\":\"https:\/\/ueberlebenskunst.at\/survivalshop\/#website\",\"url\":\"https:\/\/ueberlebenskunst.at\/survivalshop\/\",\"name\":\"Reini Rossmann - Survival Shop\",\"description\":\"Survival Shop f\u00fcr Survival, Bushcraft und Prepper\",\"potentialAction\":[{\"@type\":\"SearchAction\",\"target\":{\"@type\":\"EntryPoint\",\"urlTemplate\":\"https:\/\/ueberlebenskunst.at\/survivalshop\/?s={search_term_string}\"},\"query-input\":{\"@type\":\"PropertyValueSpecification\",\"valueRequired\":true,\"valueName\":\"search_term_string\"}}],\"inLanguage\":\"de\"}]}<\/script>\n<!-- \/ Yoast SEO plugin. -->","yoast_head_json":{"title":"TT Pack Cover - Reini Rossmann - Survival Shop","robots":{"index":"index","follow":"follow","max-snippet":"max-snippet:-1","max-image-preview":"max-image-preview:large","max-video-preview":"max-video-preview:-1"},"canonical":"https:\/\/ueberlebenskunst.at\/survivalshop\/shop\/tt-pack-cover\/","og_locale":"de_DE","og_type":"article","og_title":"TT Pack Cover - Reini Rossmann - Survival Shop","og_description":"Das TT Pack Cover ist als Schutzh\u00fclle bzw. Stausack f\u00fcr Rucks\u00e4cke entwickelt worden. Besonders Praktisch ist das Rollpackverschluss-System. Warum ist das wichtig? Weil Du damit damit Rucks\u00e4cke oder Taschen in unterschiedlicher Gr\u00f6\u00dfe verpacken kannst. Wo macht das Sinn? Besonders auf Reise, also wenn Flugh\u00e4fen keine Trekkingrucks\u00e4cke am Rollband zulassen. Da sich diese in F\u00f6rderb\u00e4ndern und [&hellip;]","og_url":"https:\/\/ueberlebenskunst.at\/survivalshop\/shop\/tt-pack-cover\/","og_site_name":"Reini Rossmann - Survival Shop","article_publisher":"https:\/\/www.facebook.com\/survival24.org\/","article_modified_time":"2024-03-21T07:07:45+00:00","og_image":[{"width":942,"height":1084,"url":"https:\/\/ueberlebenskunst.at\/survivalshop\/wp-content\/uploads\/2020\/01\/TT-PACK-COVER-olive.jpg","type":"image\/jpeg"}],"twitter_card":"summary_large_image","twitter_misc":{"Gesch\u00e4tzte Lesezeit":"2\u00a0Minuten"},"schema":{"@context":"https:\/\/schema.org","@graph":[{"@type":"WebPage","@id":"https:\/\/ueberlebenskunst.at\/survivalshop\/shop\/tt-pack-cover\/","url":"https:\/\/ueberlebenskunst.at\/survivalshop\/shop\/tt-pack-cover\/","name":"TT Pack Cover - Reini Rossmann - Survival Shop","isPartOf":{"@id":"https:\/\/ueberlebenskunst.at\/survivalshop\/#website"},"primaryImageOfPage":{"@id":"https:\/\/ueberlebenskunst.at\/survivalshop\/shop\/tt-pack-cover\/#primaryimage"},"image":{"@id":"https:\/\/ueberlebenskunst.at\/survivalshop\/shop\/tt-pack-cover\/#primaryimage"},"thumbnailUrl":"https:\/\/ueberlebenskunst.at\/survivalshop\/wp-content\/uploads\/2020\/01\/TT-PACK-COVER-olive.jpg","datePublished":"2020-01-22T11:09:55+00:00","dateModified":"2024-03-21T07:07:45+00:00","breadcrumb":{"@id":"https:\/\/ueberlebenskunst.at\/survivalshop\/shop\/tt-pack-cover\/#breadcrumb"},"inLanguage":"de","potentialAction":[{"@type":"ReadAction","target":["https:\/\/ueberlebenskunst.at\/survivalshop\/shop\/tt-pack-cover\/"]}]},{"@type":"ImageObject","inLanguage":"de","@id":"https:\/\/ueberlebenskunst.at\/survivalshop\/shop\/tt-pack-cover\/#primaryimage","url":"https:\/\/ueberlebenskunst.at\/survivalshop\/wp-content\/uploads\/2020\/01\/TT-PACK-COVER-olive.jpg","contentUrl":"https:\/\/ueberlebenskunst.at\/survivalshop\/wp-content\/uploads\/2020\/01\/TT-PACK-COVER-olive.jpg","width":942,"height":1084},{"@type":"BreadcrumbList","@id":"https:\/\/ueberlebenskunst.at\/survivalshop\/shop\/tt-pack-cover\/#breadcrumb","itemListElement":[{"@type":"ListItem","position":1,"name":"Startseite","item":"https:\/\/ueberlebenskunst.at\/survivalshop\/"},{"@type":"ListItem","position":2,"name":"Shop","item":"https:\/\/ueberlebenskunst.at\/survivalshop\/shop\/"},{"@type":"ListItem","position":3,"name":"TT Pack Cover"}]},{"@type":"WebSite","@id":"https:\/\/ueberlebenskunst.at\/survivalshop\/#website","url":"https:\/\/ueberlebenskunst.at\/survivalshop\/","name":"Reini Rossmann - Survival Shop","description":"Survival Shop f\u00fcr Survival, Bushcraft und Prepper","potentialAction":[{"@type":"SearchAction","target":{"@type":"EntryPoint","urlTemplate":"https:\/\/ueberlebenskunst.at\/survivalshop\/?s={search_term_string}"},"query-input":{"@type":"PropertyValueSpecification","valueRequired":true,"valueName":"search_term_string"}}],"inLanguage":"de"}]}},"_links":{"self":[{"href":"https:\/\/ueberlebenskunst.at\/survivalshop\/wp-json\/wp\/v2\/product\/13929","targetHints":{"allow":["GET"]}}],"collection":[{"href":"https:\/\/ueberlebenskunst.at\/survivalshop\/wp-json\/wp\/v2\/product"}],"about":[{"href":"https:\/\/ueberlebenskunst.at\/survivalshop\/wp-json\/wp\/v2\/types\/product"}],"replies":[{"embeddable":true,"href":"https:\/\/ueberlebenskunst.at\/survivalshop\/wp-json\/wp\/v2\/comments?post=13929"}],"wp:featuredmedia":[{"embeddable":true,"href":"https:\/\/ueberlebenskunst.at\/survivalshop\/wp-json\/wp\/v2\/media\/13933"}],"wp:attachment":[{"href":"https:\/\/ueberlebenskunst.at\/survivalshop\/wp-json\/wp\/v2\/media?parent=13929"}],"wp:term":[{"taxonomy":"product_brand","embeddable":true,"href":"https:\/\/ueberlebenskunst.at\/survivalshop\/wp-json\/wp\/v2\/product_brand?post=13929"},{"taxonomy":"product_cat","embeddable":true,"href":"https:\/\/ueberlebenskunst.at\/survivalshop\/wp-json\/wp\/v2\/product_cat?post=13929"},{"taxonomy":"product_tag","embeddable":true,"href":"https:\/\/ueberlebenskunst.at\/survivalshop\/wp-json\/wp\/v2\/product_tag?post=13929"}],"curies":[{"name":"wp","href":"https:\/\/api.w.org\/{rel}","templated":true}]}}