{"id":139196,"date":"2023-07-20T08:59:51","date_gmt":"2023-07-20T06:59:51","guid":{"rendered":"https:\/\/ueberlebenskunst.at\/survivalshop\/?post_type=product&#038;p=139196"},"modified":"2026-03-27T20:23:20","modified_gmt":"2026-03-27T19:23:20","slug":"survival-container-designed-by-reini-rossmann","status":"publish","type":"product","link":"https:\/\/ueberlebenskunst.at\/survivalshop\/shop\/survival-container-designed-by-reini-rossmann\/","title":{"rendered":"Survival Container &#8211; Designed by Reini Rossmann"},"content":{"rendered":"<p>Mit diesem wasserdichten Container kannst du kleinere Ausr\u00fcstungsgegenst\u00e4nde wie z. B. Zundermaterial sicher verstauen.<br \/>\nWenn du den Container direkt an deinem Messer befestigen m\u00f6chtest, kannst du das mit unserem <a href=\"https:\/\/ueberlebenskunst.at\/survivalshop\/shop\/k4-universalhalter-fuer-survival-container\/\">K4 Universalhalter f\u00fcr Survival Container<\/a> tun.<\/p>\n<p>Dank der gro\u00dfen \u00d6se am oberen Deckel kannst du den Container auch mittels Karabiner befestigen.<br \/>\nDer Container hat 2 schraubbare Deckel, damit du von beiden Seiten her Zugriff zu deiner Ausr\u00fcstung bekommst.<\/p>\n<h3>Produktdaten:<\/h3>\n<ul>\n<li>Au\u00dfenabmessungen: 30 x 130 mm<\/li>\n<li>Innenabmessung: 28 x 128 mm, ca. 60 ml Volumen<\/li>\n<li>Material: Aluminium<\/li>\n<li>Gewicht: ca. 68 g<\/li>\n<\/ul>\n<h3>Passendes Zubeh\u00f6r (extra erh\u00e4ltlich):<\/h3>\n<ul>\n<li><a href=\"https:\/\/ueberlebenskunst.at\/survivalshop\/shop\/fischer-zubehoerset\/\" target=\"_blank\" rel=\"noopener\">Survival Angler Mini\u00a0Set<\/a><\/li>\n<\/ul>\n","protected":false},"excerpt":{"rendered":"<p>Mit diesem wasserdichten Container kannst du kleinere Ausr\u00fcstungsgegenst\u00e4nde wie z. B. Zundermaterial sicher verstauen. Wenn du den Container direkt an deinem Messer befestigen m\u00f6chtest, kannst du das mit unserem K4 Universalhalter f\u00fcr Survival Container tun. Dank der gro\u00dfen \u00d6se am oberen Deckel kannst du den Container auch mittels Karabiner befestigen. Der Container hat 2 schraubbare [&hellip;]<\/p>\n","protected":false},"featured_media":139203,"comment_status":"open","ping_status":"closed","template":"","meta":{"_acf_changed":false},"product_brand":[],"product_cat":[1945],"product_tag":[2557,1256,1306],"class_list":{"0":"post-139196","1":"product","2":"type-product","3":"status-publish","4":"has-post-thumbnail","6":"product_cat-survivalausruestung","7":"product_tag-bf2025","8":"product_tag-k4","9":"product_tag-knives-4","11":"first","12":"instock","13":"taxable","14":"shipping-taxable","15":"purchasable","16":"product-type-simple"},"acf":[],"yoast_head":"<!-- This site is optimized with the Yoast SEO plugin v27.1.1 - https:\/\/yoast.com\/product\/yoast-seo-wordpress\/ -->\n<title>Survival Container - Designed by Reini Rossmann - Reini Rossmann - Survival Shop<\/title>\n<meta name=\"robots\" content=\"index, follow, max-snippet:-1, max-image-preview:large, max-video-preview:-1\" \/>\n<link rel=\"canonical\" href=\"https:\/\/ueberlebenskunst.at\/survivalshop\/shop\/survival-container-designed-by-reini-rossmann\/\" \/>\n<meta property=\"og:locale\" content=\"de_DE\" \/>\n<meta property=\"og:type\" content=\"article\" \/>\n<meta property=\"og:title\" content=\"Survival Container - Designed by Reini Rossmann - Reini Rossmann - Survival Shop\" \/>\n<meta property=\"og:description\" content=\"Mit diesem wasserdichten Container kannst du kleinere Ausr\u00fcstungsgegenst\u00e4nde wie z. B. Zundermaterial sicher verstauen. Wenn du den Container direkt an deinem Messer befestigen m\u00f6chtest, kannst du das mit unserem K4 Universalhalter f\u00fcr Survival Container tun. Dank der gro\u00dfen \u00d6se am oberen Deckel kannst du den Container auch mittels Karabiner befestigen. Der Container hat 2 schraubbare [&hellip;]\" \/>\n<meta property=\"og:url\" content=\"https:\/\/ueberlebenskunst.at\/survivalshop\/shop\/survival-container-designed-by-reini-rossmann\/\" \/>\n<meta property=\"og:site_name\" content=\"Reini Rossmann - Survival Shop\" \/>\n<meta property=\"article:publisher\" content=\"https:\/\/www.facebook.com\/survival24.org\/\" \/>\n<meta property=\"article:modified_time\" content=\"2026-03-27T19:23:20+00:00\" \/>\n<meta property=\"og:image\" content=\"https:\/\/ueberlebenskunst.at\/survivalshop\/wp-content\/uploads\/2023\/07\/Survival_Container_Designed_by_Reini_Rossmann_SurvCon_sk.jpg\" \/>\n\t<meta property=\"og:image:width\" content=\"400\" \/>\n\t<meta property=\"og:image:height\" content=\"400\" \/>\n\t<meta property=\"og:image:type\" content=\"image\/jpeg\" \/>\n<meta name=\"twitter:card\" content=\"summary_large_image\" \/>\n<meta name=\"twitter:label1\" content=\"Gesch\u00e4tzte Lesezeit\" \/>\n\t<meta name=\"twitter:data1\" content=\"1\u00a0Minute\" \/>\n<script type=\"application\/ld+json\" class=\"yoast-schema-graph\">{\"@context\":\"https:\/\/schema.org\",\"@graph\":[{\"@type\":\"WebPage\",\"@id\":\"https:\/\/ueberlebenskunst.at\/survivalshop\/shop\/survival-container-designed-by-reini-rossmann\/\",\"url\":\"https:\/\/ueberlebenskunst.at\/survivalshop\/shop\/survival-container-designed-by-reini-rossmann\/\",\"name\":\"Survival Container - Designed by Reini Rossmann - Reini Rossmann - Survival Shop\",\"isPartOf\":{\"@id\":\"https:\/\/ueberlebenskunst.at\/survivalshop\/#website\"},\"primaryImageOfPage\":{\"@id\":\"https:\/\/ueberlebenskunst.at\/survivalshop\/shop\/survival-container-designed-by-reini-rossmann\/#primaryimage\"},\"image\":{\"@id\":\"https:\/\/ueberlebenskunst.at\/survivalshop\/shop\/survival-container-designed-by-reini-rossmann\/#primaryimage\"},\"thumbnailUrl\":\"https:\/\/ueberlebenskunst.at\/survivalshop\/wp-content\/uploads\/2023\/07\/Survival_Container_Designed_by_Reini_Rossmann_SurvCon_sk.jpg\",\"datePublished\":\"2023-07-20T06:59:51+00:00\",\"dateModified\":\"2026-03-27T19:23:20+00:00\",\"breadcrumb\":{\"@id\":\"https:\/\/ueberlebenskunst.at\/survivalshop\/shop\/survival-container-designed-by-reini-rossmann\/#breadcrumb\"},\"inLanguage\":\"de\",\"potentialAction\":[{\"@type\":\"ReadAction\",\"target\":[\"https:\/\/ueberlebenskunst.at\/survivalshop\/shop\/survival-container-designed-by-reini-rossmann\/\"]}]},{\"@type\":\"ImageObject\",\"inLanguage\":\"de\",\"@id\":\"https:\/\/ueberlebenskunst.at\/survivalshop\/shop\/survival-container-designed-by-reini-rossmann\/#primaryimage\",\"url\":\"https:\/\/ueberlebenskunst.at\/survivalshop\/wp-content\/uploads\/2023\/07\/Survival_Container_Designed_by_Reini_Rossmann_SurvCon_sk.jpg\",\"contentUrl\":\"https:\/\/ueberlebenskunst.at\/survivalshop\/wp-content\/uploads\/2023\/07\/Survival_Container_Designed_by_Reini_Rossmann_SurvCon_sk.jpg\",\"width\":400,\"height\":400},{\"@type\":\"BreadcrumbList\",\"@id\":\"https:\/\/ueberlebenskunst.at\/survivalshop\/shop\/survival-container-designed-by-reini-rossmann\/#breadcrumb\",\"itemListElement\":[{\"@type\":\"ListItem\",\"position\":1,\"name\":\"Startseite\",\"item\":\"https:\/\/ueberlebenskunst.at\/survivalshop\/\"},{\"@type\":\"ListItem\",\"position\":2,\"name\":\"Shop\",\"item\":\"https:\/\/ueberlebenskunst.at\/survivalshop\/shop\/\"},{\"@type\":\"ListItem\",\"position\":3,\"name\":\"Survival Container &#8211; Designed by Reini Rossmann\"}]},{\"@type\":\"WebSite\",\"@id\":\"https:\/\/ueberlebenskunst.at\/survivalshop\/#website\",\"url\":\"https:\/\/ueberlebenskunst.at\/survivalshop\/\",\"name\":\"Reini Rossmann - Survival Shop\",\"description\":\"Survival Shop f\u00fcr Survival, Bushcraft und Prepper\",\"potentialAction\":[{\"@type\":\"SearchAction\",\"target\":{\"@type\":\"EntryPoint\",\"urlTemplate\":\"https:\/\/ueberlebenskunst.at\/survivalshop\/?s={search_term_string}\"},\"query-input\":{\"@type\":\"PropertyValueSpecification\",\"valueRequired\":true,\"valueName\":\"search_term_string\"}}],\"inLanguage\":\"de\"}]}<\/script>\n<!-- \/ Yoast SEO plugin. -->","yoast_head_json":{"title":"Survival Container - Designed by Reini Rossmann - Reini Rossmann - Survival Shop","robots":{"index":"index","follow":"follow","max-snippet":"max-snippet:-1","max-image-preview":"max-image-preview:large","max-video-preview":"max-video-preview:-1"},"canonical":"https:\/\/ueberlebenskunst.at\/survivalshop\/shop\/survival-container-designed-by-reini-rossmann\/","og_locale":"de_DE","og_type":"article","og_title":"Survival Container - Designed by Reini Rossmann - Reini Rossmann - Survival Shop","og_description":"Mit diesem wasserdichten Container kannst du kleinere Ausr\u00fcstungsgegenst\u00e4nde wie z. B. Zundermaterial sicher verstauen. Wenn du den Container direkt an deinem Messer befestigen m\u00f6chtest, kannst du das mit unserem K4 Universalhalter f\u00fcr Survival Container tun. Dank der gro\u00dfen \u00d6se am oberen Deckel kannst du den Container auch mittels Karabiner befestigen. Der Container hat 2 schraubbare [&hellip;]","og_url":"https:\/\/ueberlebenskunst.at\/survivalshop\/shop\/survival-container-designed-by-reini-rossmann\/","og_site_name":"Reini Rossmann - Survival Shop","article_publisher":"https:\/\/www.facebook.com\/survival24.org\/","article_modified_time":"2026-03-27T19:23:20+00:00","og_image":[{"width":400,"height":400,"url":"https:\/\/ueberlebenskunst.at\/survivalshop\/wp-content\/uploads\/2023\/07\/Survival_Container_Designed_by_Reini_Rossmann_SurvCon_sk.jpg","type":"image\/jpeg"}],"twitter_card":"summary_large_image","twitter_misc":{"Gesch\u00e4tzte Lesezeit":"1\u00a0Minute"},"schema":{"@context":"https:\/\/schema.org","@graph":[{"@type":"WebPage","@id":"https:\/\/ueberlebenskunst.at\/survivalshop\/shop\/survival-container-designed-by-reini-rossmann\/","url":"https:\/\/ueberlebenskunst.at\/survivalshop\/shop\/survival-container-designed-by-reini-rossmann\/","name":"Survival Container - Designed by Reini Rossmann - Reini Rossmann - Survival Shop","isPartOf":{"@id":"https:\/\/ueberlebenskunst.at\/survivalshop\/#website"},"primaryImageOfPage":{"@id":"https:\/\/ueberlebenskunst.at\/survivalshop\/shop\/survival-container-designed-by-reini-rossmann\/#primaryimage"},"image":{"@id":"https:\/\/ueberlebenskunst.at\/survivalshop\/shop\/survival-container-designed-by-reini-rossmann\/#primaryimage"},"thumbnailUrl":"https:\/\/ueberlebenskunst.at\/survivalshop\/wp-content\/uploads\/2023\/07\/Survival_Container_Designed_by_Reini_Rossmann_SurvCon_sk.jpg","datePublished":"2023-07-20T06:59:51+00:00","dateModified":"2026-03-27T19:23:20+00:00","breadcrumb":{"@id":"https:\/\/ueberlebenskunst.at\/survivalshop\/shop\/survival-container-designed-by-reini-rossmann\/#breadcrumb"},"inLanguage":"de","potentialAction":[{"@type":"ReadAction","target":["https:\/\/ueberlebenskunst.at\/survivalshop\/shop\/survival-container-designed-by-reini-rossmann\/"]}]},{"@type":"ImageObject","inLanguage":"de","@id":"https:\/\/ueberlebenskunst.at\/survivalshop\/shop\/survival-container-designed-by-reini-rossmann\/#primaryimage","url":"https:\/\/ueberlebenskunst.at\/survivalshop\/wp-content\/uploads\/2023\/07\/Survival_Container_Designed_by_Reini_Rossmann_SurvCon_sk.jpg","contentUrl":"https:\/\/ueberlebenskunst.at\/survivalshop\/wp-content\/uploads\/2023\/07\/Survival_Container_Designed_by_Reini_Rossmann_SurvCon_sk.jpg","width":400,"height":400},{"@type":"BreadcrumbList","@id":"https:\/\/ueberlebenskunst.at\/survivalshop\/shop\/survival-container-designed-by-reini-rossmann\/#breadcrumb","itemListElement":[{"@type":"ListItem","position":1,"name":"Startseite","item":"https:\/\/ueberlebenskunst.at\/survivalshop\/"},{"@type":"ListItem","position":2,"name":"Shop","item":"https:\/\/ueberlebenskunst.at\/survivalshop\/shop\/"},{"@type":"ListItem","position":3,"name":"Survival Container &#8211; Designed by Reini Rossmann"}]},{"@type":"WebSite","@id":"https:\/\/ueberlebenskunst.at\/survivalshop\/#website","url":"https:\/\/ueberlebenskunst.at\/survivalshop\/","name":"Reini Rossmann - Survival Shop","description":"Survival Shop f\u00fcr Survival, Bushcraft und Prepper","potentialAction":[{"@type":"SearchAction","target":{"@type":"EntryPoint","urlTemplate":"https:\/\/ueberlebenskunst.at\/survivalshop\/?s={search_term_string}"},"query-input":{"@type":"PropertyValueSpecification","valueRequired":true,"valueName":"search_term_string"}}],"inLanguage":"de"}]}},"_links":{"self":[{"href":"https:\/\/ueberlebenskunst.at\/survivalshop\/wp-json\/wp\/v2\/product\/139196","targetHints":{"allow":["GET"]}}],"collection":[{"href":"https:\/\/ueberlebenskunst.at\/survivalshop\/wp-json\/wp\/v2\/product"}],"about":[{"href":"https:\/\/ueberlebenskunst.at\/survivalshop\/wp-json\/wp\/v2\/types\/product"}],"replies":[{"embeddable":true,"href":"https:\/\/ueberlebenskunst.at\/survivalshop\/wp-json\/wp\/v2\/comments?post=139196"}],"wp:featuredmedia":[{"embeddable":true,"href":"https:\/\/ueberlebenskunst.at\/survivalshop\/wp-json\/wp\/v2\/media\/139203"}],"wp:attachment":[{"href":"https:\/\/ueberlebenskunst.at\/survivalshop\/wp-json\/wp\/v2\/media?parent=139196"}],"wp:term":[{"taxonomy":"product_brand","embeddable":true,"href":"https:\/\/ueberlebenskunst.at\/survivalshop\/wp-json\/wp\/v2\/product_brand?post=139196"},{"taxonomy":"product_cat","embeddable":true,"href":"https:\/\/ueberlebenskunst.at\/survivalshop\/wp-json\/wp\/v2\/product_cat?post=139196"},{"taxonomy":"product_tag","embeddable":true,"href":"https:\/\/ueberlebenskunst.at\/survivalshop\/wp-json\/wp\/v2\/product_tag?post=139196"}],"curies":[{"name":"wp","href":"https:\/\/api.w.org\/{rel}","templated":true}]}}