{"id":137519,"date":"2023-06-30T06:40:44","date_gmt":"2023-06-30T04:40:44","guid":{"rendered":"https:\/\/ueberlebenskunst.at\/survivalshop\/?post_type=product&#038;p=137519"},"modified":"2024-03-20T17:00:27","modified_gmt":"2024-03-20T16:00:27","slug":"nedfoss-seal-outdoor-messer","status":"seo-produkt","type":"product","link":"https:\/\/ueberlebenskunst.at\/survivalshop\/shop\/nedfoss-seal-outdoor-messer\/","title":{"rendered":"NedFoss SEAL Outdoor Messer"},"content":{"rendered":"<p><iframe hcb-fetch-image-from=\"https:\/\/youtu.be\/j1uKzRC0VRM\" title=\"Amazon Survival Messer unter 50\u20ac im Test - Nedfoss Seal Knife\" width=\"640\" height=\"360\" src=\"https:\/\/www.youtube.com\/embed\/j1uKzRC0VRM?feature=oembed\" frameborder=\"0\" allow=\"accelerometer; autoplay; clipboard-write; encrypted-media; gyroscope; picture-in-picture; web-share\" referrerpolicy=\"strict-origin-when-cross-origin\" allowfullscreen><\/iframe><\/p>\n<p>Das NedFoss SEAL Outdoor Messer ist ein Messer made in China. Es ist ein Low Budget Messer, das f\u00fcr den schmalen Geldbeutel auch sehr Leistung bietet. Besonders bei Anf\u00e4ngern im Bereich des Outdoor und Bushcraft Survival ist das NedFoss SEAL Outdoor Messer sehr beliebt.<\/p>\n<p>Mit vernieteten G10 Griffschalen versehen, bietet das Messer sehr viel Halt. Nat\u00fcrlich ist es vom Aussehen her an ein klassisches Milit\u00e4rmesser angelehnt, das besonders in den Vereinigten Staaten von Amerika sehr beliebt ist. Das NedFoss SEAL ist mit Fulltang ausgestattet und daher allen Aufgaben im Outdoorbereich mehr als gewachsen. Der Anschliff ist ausreichend, um Locken f\u00fcr Feuermachen zu erstellen. Auch kleinere Schnitzarbeiten sind grunds\u00e4tzlich kein Problem. Jedoch muss dir klar sein, dass es sich nicht um ein richtiges Schnitzmesser handelt. Hier w\u00e4hlst du besser ein <a href=\"https:\/\/ueberlebenskunst.at\/survivalshop\/shop\/opinel-messer-8-rostfrei\/\" target=\"_blank\" rel=\"noopener\">Opinel No. 8<\/a> oder ein <a href=\"https:\/\/ueberlebenskunst.at\/survivalshop\/shop\/victorinox-fieldmaster\/\" target=\"_blank\" rel=\"noopener\">Victorinox Fieldmaster<\/a>.<\/p>\n<p>Die hochwertige Kydexscheide bietet alles was das Outdoor Messer-Herz begehrt. Wichtiger Hinweis: optionales Zubeh\u00f6r aus dem Haus K4 ist auch montierbar. Das bedeutet du kannst die <a href=\"https:\/\/ueberlebenskunst.at\/survivalshop\/shop\/universal-feuerstahlhalter\/\" target=\"_blank\" rel=\"noopener\">Universal Feuerstahl Halterung<\/a> an dem NedFoss ohne Probleme montieren.<\/p>\n<p>Als Stahl wurde 8CR13MOV gew\u00e4hlt, ein 440 Pendant Fern-Asien. Mit einer Klingenl\u00e4nge von 10,9 cm ist das NedFoss SEAL auch in Deutschland ohne Probleme f\u00fchrbar, weil es dem 42a Paragraph entspricht. Wenn das f\u00fcr dich ein wichtiger Punkt ist, dann k\u00f6nnen wir dir auch den <a href=\"https:\/\/ueberlebenskunst.at\/survivalshop\/shop\/reini-rossmann-irbis-messer\/\" target=\"_blank\" rel=\"noopener\">K4 Irbis<\/a>, das Allround Fahrtenmesser aus dem Haus Knives4 empfehlen.<\/p>\n<p>Das Messer ist leider kein Leichtgewicht. Das hat aber den Vorteil, dass es besonders beim Batonieren seine St\u00e4rken ausspielt. Eine Klingendicke von 5,2 mm tut ihr \u00fcbriges. Die 313g Eigengewicht des NedFoss SEAL Outdoor Messers sind auf jeden Fall f\u00fcr ein klassisches \u00dcberlebensmesser etwas zu viel. Das ist zumindest unsere Meinung. Jedoch liegt das immer im Auge des Betrachters und h\u00e4ngt von den konkreten Anwendungsvorstellungen des Benutzers ab.<\/p>\n<p>Wichtiger Hinweis: der Klingenr\u00fccken ist f\u00fcr die Feuerstahlbedienung nicht ausreichend scharf. Dies ist besonders f\u00fcr Bushcraft und Survival Enthusiasten ein wirkliches Problem. Wenn du zum Beispiel unseren <a href=\"https:\/\/ueberlebenskunst.at\/survivalshop\/shop\/der-letzte-feuerstahl-deines-lebens\/\" target=\"_blank\" rel=\"noopener\">Letzten Feuerstahl deines Lebens<\/a> verwenden m\u00f6chtest, dann muss dies durch einen mitgef\u00fchrten Striker erfolgen. Bei unseren Tests mit dem <a href=\"https:\/\/ueberlebenskunst.at\/survivalshop\/shop\/der-letzte-feuerstahl-deines-lebens\/\" target=\"_blank\" rel=\"noopener\">XXXL Feuerstahl\u00a0<\/a> (wie du auch im Video hier auf der Webseite sehen kannst) hat der Klingenr\u00fccken keine \u00fcberzeugenden Ergebnisse geliefert. Alles in allem ist das NedFoss SEAL Outdoor Messer eine gro\u00dfartige M\u00f6glichkeit, um als Anf\u00e4nger in den Bereich des Outdoor Messers einzusteigen. Mit wenig Geld und viel Leistung bist du mit dabei. F\u00fcr den Fortgeschrittenen oder Profinutzer gibt es auf jeden Fall bessere Messer, die aber auch ihren Preis haben.<\/p>\n<h3>Passendes Zubeh\u00f6r:<\/h3>\n<ul>\n<li><a href=\"https:\/\/ueberlebenskunst.at\/survivalshop\/shop\/universal-feuerstahlhalter\/\" target=\"_blank\" rel=\"noopener\">Universal Feuerstahlhalter<\/a><\/li>\n<li><a href=\"https:\/\/ueberlebenskunst.at\/survivalshop\/shop\/k4-universal-keramikschleifstab-halterung-keramikschleifstab\/\" target=\"_blank\" rel=\"noopener\">K4 Universal-Keramikschleifstab-Halterung + Keramikschleifstab <\/a><\/li>\n<li><a href=\"https:\/\/ueberlebenskunst.at\/survivalshop\/shop\/k4-universal-halterung-fuer-victorinox-dual-messerschleifer\/\" target=\"_blank\" rel=\"noopener\">K4 Universal Halterung f\u00fcr Victorinox Dual Messerschleifer<\/a><\/li>\n<\/ul>\n<h3>Alternative Varianten:<\/h3>\n<p><strong>Schnitzmesser:<\/strong><\/p>\n<ul>\n<li><a href=\"https:\/\/ueberlebenskunst.at\/survivalshop\/shop\/opinel-messer-8-rostfrei\/\" target=\"_blank\" rel=\"noopener\">Opinel No. 8<\/a><\/li>\n<li><a href=\"https:\/\/ueberlebenskunst.at\/survivalshop\/shop\/victorinox-fieldmaster\/\" target=\"_blank\" rel=\"noopener\">Victorinox Fieldmaster<\/a><\/li>\n<\/ul>\n<p><strong>Bushcraftmesser:<\/strong><\/p>\n<ul>\n<li><a href=\"https:\/\/ueberlebenskunst.at\/survivalshop\/shop\/reini-rossmann-messer-bushcraft-beaver\/\" target=\"_blank\" rel=\"noopener\">Bushcraft Beaver<\/a><\/li>\n<\/ul>\n<p><strong>Survivalmesser:<\/strong><\/p>\n<ul>\n<li><a href=\"https:\/\/ueberlebenskunst.at\/survivalshop\/shop\/reini-rossmann-survival-beaver\/\" target=\"_blank\" rel=\"noopener\">Survival Beaver<\/a><\/li>\n<\/ul>\n","protected":false},"excerpt":{"rendered":"<p>Das NedFoss SEAL Outdoor Messer ist ein Messer made in China. Es ist ein Low Budget Messer, das f\u00fcr den schmalen Geldbeutel auch sehr Leistung bietet. Besonders bei Anf\u00e4ngern im Bereich des Outdoor und Bushcraft Survival ist das NedFoss SEAL Outdoor Messer sehr beliebt. Mit vernieteten G10 Griffschalen versehen, bietet das Messer sehr viel Halt. [&hellip;]<\/p>\n","protected":false},"featured_media":137521,"comment_status":"open","ping_status":"closed","template":"","meta":{"_acf_changed":false},"product_brand":[],"product_cat":[426],"product_tag":[],"class_list":{"0":"post-137519","1":"product","2":"type-product","3":"status-seo-produkt","4":"has-post-thumbnail","6":"product_cat-unkategorisiert","8":"first","9":"outofstock","10":"taxable","11":"shipping-taxable","12":"product-type-simple"},"acf":[],"yoast_head":"<!-- This site is optimized with the Yoast SEO plugin v27.1.1 - https:\/\/yoast.com\/product\/yoast-seo-wordpress\/ -->\n<title>NedFoss SEAL Outdoor Messer - Reini Rossmann - Survival Shop<\/title>\n<meta name=\"robots\" content=\"index, follow, max-snippet:-1, max-image-preview:large, max-video-preview:-1\" \/>\n<link rel=\"canonical\" href=\"https:\/\/ueberlebenskunst.at\/survivalshop\/shop\/nedfoss-seal-outdoor-messer\/\" \/>\n<meta property=\"og:locale\" content=\"de_DE\" \/>\n<meta property=\"og:type\" content=\"article\" \/>\n<meta property=\"og:title\" content=\"NedFoss SEAL Outdoor Messer - Reini Rossmann - Survival Shop\" \/>\n<meta property=\"og:description\" content=\"Das NedFoss SEAL Outdoor Messer ist ein Messer made in China. Es ist ein Low Budget Messer, das f\u00fcr den schmalen Geldbeutel auch sehr Leistung bietet. Besonders bei Anf\u00e4ngern im Bereich des Outdoor und Bushcraft Survival ist das NedFoss SEAL Outdoor Messer sehr beliebt. Mit vernieteten G10 Griffschalen versehen, bietet das Messer sehr viel Halt. [&hellip;]\" \/>\n<meta property=\"og:url\" content=\"https:\/\/ueberlebenskunst.at\/survivalshop\/shop\/nedfoss-seal-outdoor-messer\/\" \/>\n<meta property=\"og:site_name\" content=\"Reini Rossmann - Survival Shop\" \/>\n<meta property=\"article:publisher\" content=\"https:\/\/www.facebook.com\/survival24.org\/\" \/>\n<meta property=\"article:modified_time\" content=\"2024-03-20T16:00:27+00:00\" \/>\n<meta property=\"og:image\" content=\"https:\/\/ueberlebenskunst.at\/survivalshop\/wp-content\/uploads\/2023\/06\/NedFoss-SEAL-Outdoor-Messer.jpg\" \/>\n\t<meta property=\"og:image:width\" content=\"400\" \/>\n\t<meta property=\"og:image:height\" content=\"398\" \/>\n\t<meta property=\"og:image:type\" content=\"image\/jpeg\" \/>\n<meta name=\"twitter:card\" content=\"summary_large_image\" \/>\n<meta name=\"twitter:label1\" content=\"Gesch\u00e4tzte Lesezeit\" \/>\n\t<meta name=\"twitter:data1\" content=\"3\u00a0Minuten\" \/>\n<script type=\"application\/ld+json\" class=\"yoast-schema-graph\">{\"@context\":\"https:\/\/schema.org\",\"@graph\":[{\"@type\":\"WebPage\",\"@id\":\"https:\/\/ueberlebenskunst.at\/survivalshop\/shop\/nedfoss-seal-outdoor-messer\/\",\"url\":\"https:\/\/ueberlebenskunst.at\/survivalshop\/shop\/nedfoss-seal-outdoor-messer\/\",\"name\":\"NedFoss SEAL Outdoor Messer - Reini Rossmann - Survival Shop\",\"isPartOf\":{\"@id\":\"https:\/\/ueberlebenskunst.at\/survivalshop\/#website\"},\"primaryImageOfPage\":{\"@id\":\"https:\/\/ueberlebenskunst.at\/survivalshop\/shop\/nedfoss-seal-outdoor-messer\/#primaryimage\"},\"image\":{\"@id\":\"https:\/\/ueberlebenskunst.at\/survivalshop\/shop\/nedfoss-seal-outdoor-messer\/#primaryimage\"},\"thumbnailUrl\":\"https:\/\/ueberlebenskunst.at\/survivalshop\/wp-content\/uploads\/2023\/06\/NedFoss-SEAL-Outdoor-Messer.jpg\",\"datePublished\":\"2023-06-30T04:40:44+00:00\",\"dateModified\":\"2024-03-20T16:00:27+00:00\",\"breadcrumb\":{\"@id\":\"https:\/\/ueberlebenskunst.at\/survivalshop\/shop\/nedfoss-seal-outdoor-messer\/#breadcrumb\"},\"inLanguage\":\"de\",\"potentialAction\":[{\"@type\":\"ReadAction\",\"target\":[\"https:\/\/ueberlebenskunst.at\/survivalshop\/shop\/nedfoss-seal-outdoor-messer\/\"]}]},{\"@type\":\"ImageObject\",\"inLanguage\":\"de\",\"@id\":\"https:\/\/ueberlebenskunst.at\/survivalshop\/shop\/nedfoss-seal-outdoor-messer\/#primaryimage\",\"url\":\"https:\/\/ueberlebenskunst.at\/survivalshop\/wp-content\/uploads\/2023\/06\/NedFoss-SEAL-Outdoor-Messer.jpg\",\"contentUrl\":\"https:\/\/ueberlebenskunst.at\/survivalshop\/wp-content\/uploads\/2023\/06\/NedFoss-SEAL-Outdoor-Messer.jpg\",\"width\":400,\"height\":398},{\"@type\":\"BreadcrumbList\",\"@id\":\"https:\/\/ueberlebenskunst.at\/survivalshop\/shop\/nedfoss-seal-outdoor-messer\/#breadcrumb\",\"itemListElement\":[{\"@type\":\"ListItem\",\"position\":1,\"name\":\"Startseite\",\"item\":\"https:\/\/ueberlebenskunst.at\/survivalshop\/\"},{\"@type\":\"ListItem\",\"position\":2,\"name\":\"Shop\",\"item\":\"https:\/\/ueberlebenskunst.at\/survivalshop\/shop\/\"},{\"@type\":\"ListItem\",\"position\":3,\"name\":\"NedFoss SEAL Outdoor Messer\"}]},{\"@type\":\"WebSite\",\"@id\":\"https:\/\/ueberlebenskunst.at\/survivalshop\/#website\",\"url\":\"https:\/\/ueberlebenskunst.at\/survivalshop\/\",\"name\":\"Reini Rossmann - Survival Shop\",\"description\":\"Survival Shop f\u00fcr Survival, Bushcraft und Prepper\",\"potentialAction\":[{\"@type\":\"SearchAction\",\"target\":{\"@type\":\"EntryPoint\",\"urlTemplate\":\"https:\/\/ueberlebenskunst.at\/survivalshop\/?s={search_term_string}\"},\"query-input\":{\"@type\":\"PropertyValueSpecification\",\"valueRequired\":true,\"valueName\":\"search_term_string\"}}],\"inLanguage\":\"de\"}]}<\/script>\n<!-- \/ Yoast SEO plugin. -->","yoast_head_json":{"title":"NedFoss SEAL Outdoor Messer - Reini Rossmann - Survival Shop","robots":{"index":"index","follow":"follow","max-snippet":"max-snippet:-1","max-image-preview":"max-image-preview:large","max-video-preview":"max-video-preview:-1"},"canonical":"https:\/\/ueberlebenskunst.at\/survivalshop\/shop\/nedfoss-seal-outdoor-messer\/","og_locale":"de_DE","og_type":"article","og_title":"NedFoss SEAL Outdoor Messer - Reini Rossmann - Survival Shop","og_description":"Das NedFoss SEAL Outdoor Messer ist ein Messer made in China. Es ist ein Low Budget Messer, das f\u00fcr den schmalen Geldbeutel auch sehr Leistung bietet. Besonders bei Anf\u00e4ngern im Bereich des Outdoor und Bushcraft Survival ist das NedFoss SEAL Outdoor Messer sehr beliebt. Mit vernieteten G10 Griffschalen versehen, bietet das Messer sehr viel Halt. [&hellip;]","og_url":"https:\/\/ueberlebenskunst.at\/survivalshop\/shop\/nedfoss-seal-outdoor-messer\/","og_site_name":"Reini Rossmann - Survival Shop","article_publisher":"https:\/\/www.facebook.com\/survival24.org\/","article_modified_time":"2024-03-20T16:00:27+00:00","og_image":[{"width":400,"height":398,"url":"https:\/\/ueberlebenskunst.at\/survivalshop\/wp-content\/uploads\/2023\/06\/NedFoss-SEAL-Outdoor-Messer.jpg","type":"image\/jpeg"}],"twitter_card":"summary_large_image","twitter_misc":{"Gesch\u00e4tzte Lesezeit":"3\u00a0Minuten"},"schema":{"@context":"https:\/\/schema.org","@graph":[{"@type":"WebPage","@id":"https:\/\/ueberlebenskunst.at\/survivalshop\/shop\/nedfoss-seal-outdoor-messer\/","url":"https:\/\/ueberlebenskunst.at\/survivalshop\/shop\/nedfoss-seal-outdoor-messer\/","name":"NedFoss SEAL Outdoor Messer - Reini Rossmann - Survival Shop","isPartOf":{"@id":"https:\/\/ueberlebenskunst.at\/survivalshop\/#website"},"primaryImageOfPage":{"@id":"https:\/\/ueberlebenskunst.at\/survivalshop\/shop\/nedfoss-seal-outdoor-messer\/#primaryimage"},"image":{"@id":"https:\/\/ueberlebenskunst.at\/survivalshop\/shop\/nedfoss-seal-outdoor-messer\/#primaryimage"},"thumbnailUrl":"https:\/\/ueberlebenskunst.at\/survivalshop\/wp-content\/uploads\/2023\/06\/NedFoss-SEAL-Outdoor-Messer.jpg","datePublished":"2023-06-30T04:40:44+00:00","dateModified":"2024-03-20T16:00:27+00:00","breadcrumb":{"@id":"https:\/\/ueberlebenskunst.at\/survivalshop\/shop\/nedfoss-seal-outdoor-messer\/#breadcrumb"},"inLanguage":"de","potentialAction":[{"@type":"ReadAction","target":["https:\/\/ueberlebenskunst.at\/survivalshop\/shop\/nedfoss-seal-outdoor-messer\/"]}]},{"@type":"ImageObject","inLanguage":"de","@id":"https:\/\/ueberlebenskunst.at\/survivalshop\/shop\/nedfoss-seal-outdoor-messer\/#primaryimage","url":"https:\/\/ueberlebenskunst.at\/survivalshop\/wp-content\/uploads\/2023\/06\/NedFoss-SEAL-Outdoor-Messer.jpg","contentUrl":"https:\/\/ueberlebenskunst.at\/survivalshop\/wp-content\/uploads\/2023\/06\/NedFoss-SEAL-Outdoor-Messer.jpg","width":400,"height":398},{"@type":"BreadcrumbList","@id":"https:\/\/ueberlebenskunst.at\/survivalshop\/shop\/nedfoss-seal-outdoor-messer\/#breadcrumb","itemListElement":[{"@type":"ListItem","position":1,"name":"Startseite","item":"https:\/\/ueberlebenskunst.at\/survivalshop\/"},{"@type":"ListItem","position":2,"name":"Shop","item":"https:\/\/ueberlebenskunst.at\/survivalshop\/shop\/"},{"@type":"ListItem","position":3,"name":"NedFoss SEAL Outdoor Messer"}]},{"@type":"WebSite","@id":"https:\/\/ueberlebenskunst.at\/survivalshop\/#website","url":"https:\/\/ueberlebenskunst.at\/survivalshop\/","name":"Reini Rossmann - Survival Shop","description":"Survival Shop f\u00fcr Survival, Bushcraft und Prepper","potentialAction":[{"@type":"SearchAction","target":{"@type":"EntryPoint","urlTemplate":"https:\/\/ueberlebenskunst.at\/survivalshop\/?s={search_term_string}"},"query-input":{"@type":"PropertyValueSpecification","valueRequired":true,"valueName":"search_term_string"}}],"inLanguage":"de"}]}},"_links":{"self":[{"href":"https:\/\/ueberlebenskunst.at\/survivalshop\/wp-json\/wp\/v2\/product\/137519","targetHints":{"allow":["GET"]}}],"collection":[{"href":"https:\/\/ueberlebenskunst.at\/survivalshop\/wp-json\/wp\/v2\/product"}],"about":[{"href":"https:\/\/ueberlebenskunst.at\/survivalshop\/wp-json\/wp\/v2\/types\/product"}],"replies":[{"embeddable":true,"href":"https:\/\/ueberlebenskunst.at\/survivalshop\/wp-json\/wp\/v2\/comments?post=137519"}],"wp:featuredmedia":[{"embeddable":true,"href":"https:\/\/ueberlebenskunst.at\/survivalshop\/wp-json\/wp\/v2\/media\/137521"}],"wp:attachment":[{"href":"https:\/\/ueberlebenskunst.at\/survivalshop\/wp-json\/wp\/v2\/media?parent=137519"}],"wp:term":[{"taxonomy":"product_brand","embeddable":true,"href":"https:\/\/ueberlebenskunst.at\/survivalshop\/wp-json\/wp\/v2\/product_brand?post=137519"},{"taxonomy":"product_cat","embeddable":true,"href":"https:\/\/ueberlebenskunst.at\/survivalshop\/wp-json\/wp\/v2\/product_cat?post=137519"},{"taxonomy":"product_tag","embeddable":true,"href":"https:\/\/ueberlebenskunst.at\/survivalshop\/wp-json\/wp\/v2\/product_tag?post=137519"}],"curies":[{"name":"wp","href":"https:\/\/api.w.org\/{rel}","templated":true}]}}