{"id":137229,"date":"2023-06-26T13:12:00","date_gmt":"2023-06-26T11:12:00","guid":{"rendered":"https:\/\/ueberlebenskunst.at\/survivalshop\/?post_type=product&#038;p=137229"},"modified":"2025-06-30T06:31:28","modified_gmt":"2025-06-30T04:31:28","slug":"victorinox-compact","status":"seo-produkt","type":"product","link":"https:\/\/ueberlebenskunst.at\/survivalshop\/shop\/victorinox-compact\/","title":{"rendered":"Victorinox Compact"},"content":{"rendered":"<p>Mit dem Compact Taschenmesser bist du f\u00fcr deine Abenteuer ger\u00fcstet. Es ist klein und federleicht, wartet aber mit eindrucksvollen 15 Funktionen auf.<br \/>\nMit diesem Taschenmesser mit Mehrzweckhaken h\u00e4ltst du mehr als 100 Jahre Victorinox-Tradition in der Hand. Das Victorinox Compact ist der perfekte Begleiter, wenn es um Every Day Carry geht. Der Name ist tats\u00e4chlich Programm &#8211; COMPACT, also klein, leicht und trotzdem richtig vielseitig. Besonders im urbanen Bereich ist das Victorinox Compact Taschenmesser die erste Wahl. Warum? Huntsman, Fieldmaster und viele andere Victorinox Messer sind zwar sehr vielseitig Feile, S\u00e4ge und andere Multitools enthalten sind. Jedoch ist das Mittragen als EDC nicht immer sinnvoll und zielf\u00fchrend. Aus diesem Grund haben sich die Entwickler von Victorinox aus der Schweiz \u00fcberlegt eine kleine, leichte, kompakte Version zu erstellen. Und die kannst du bei uns im Shop erwerben.<\/p>\n<p>Vergiss nicht, dass wir eine All Day Carry Steckscheide sowie 4Holster Varianten entwickelt haben, die als optionales Zubeh\u00f6r das Victorinox Compact wahrlich veredelt. Unsere All Day Carry Scheide ist als Pocket Carry und Neck Carry konzipiert. Wenn du weitere Informationen suchst, dann klicke hier:<\/p>\n<h3>Werkzeuge:<\/h3>\n<ul>\n<li>Stecknadel<\/li>\n<li>Zahnstocher<\/li>\n<li>Schere<\/li>\n<li>Ring<\/li>\n<li>Kapselheber<\/li>\n<li>Dosen\u00f6ffner<\/li>\n<li>Schraubendreher 5 mm<\/li>\n<li>Drahtabisolierer<\/li>\n<li>Pinzette<\/li>\n<li>Klinge, gro\u00df<\/li>\n<li>Druckkugelschreiber<\/li>\n<li>Mini-Schraubendreher 1,5 mm<\/li>\n<li>Korkenzieher<\/li>\n<li>Mehrzweckhaken mit integrierter Nagelfeile<\/li>\n<\/ul>\n<h3>Produktdaten:<\/h3>\n<ul>\n<li>H\u00f6he: 16 mm<\/li>\n<li>L\u00e4nge: 91 mm<\/li>\n<li>Breite: 26 mm<\/li>\n<li>Gewicht: 64 g<\/li>\n<li>Material: ABS\/Cellidor<\/li>\n<\/ul>\n","protected":false},"excerpt":{"rendered":"<p>Mit dem Compact Taschenmesser bist du f\u00fcr deine Abenteuer ger\u00fcstet. Es ist klein und federleicht, wartet aber mit eindrucksvollen 15 Funktionen auf. Mit diesem Taschenmesser mit Mehrzweckhaken h\u00e4ltst du mehr als 100 Jahre Victorinox-Tradition in der Hand. Das Victorinox Compact ist der perfekte Begleiter, wenn es um Every Day Carry geht. Der Name ist tats\u00e4chlich [&hellip;]<\/p>\n","protected":false},"featured_media":137231,"comment_status":"open","ping_status":"closed","template":"","meta":{"_acf_changed":false},"product_brand":[],"product_cat":[2389],"product_tag":[1998],"class_list":{"0":"post-137229","1":"product","2":"type-product","3":"status-seo-produkt","4":"has-post-thumbnail","6":"product_cat-flohmarkt","7":"product_tag-victorinox-compact","9":"first","10":"outofstock","11":"sale","12":"taxable","13":"shipping-taxable","14":"product-type-simple"},"acf":[],"yoast_head":"<!-- This site is optimized with the Yoast SEO plugin v27.1.1 - https:\/\/yoast.com\/product\/yoast-seo-wordpress\/ -->\n<title>Victorinox Compact - Reini Rossmann - Survival Shop<\/title>\n<meta name=\"description\" content=\"Mit dem Compact Taschenmesser bist du f\u00fcr deine Abenteuer ger\u00fcstet. Es ist klein und federleicht, wartet aber mit eindrucksvollen 15 Funktionen auf.Mit diesem Taschenmesser mit Mehrzweckhaken h\u00e4ltst du mehr als 100 Jahre Victorinox-Tradition in der Hand.\" \/>\n<meta name=\"robots\" content=\"index, follow, max-snippet:-1, max-image-preview:large, max-video-preview:-1\" \/>\n<link rel=\"canonical\" href=\"https:\/\/ueberlebenskunst.at\/survivalshop\/shop\/victorinox-compact\/\" \/>\n<meta property=\"og:locale\" content=\"de_DE\" \/>\n<meta property=\"og:type\" content=\"article\" \/>\n<meta property=\"og:title\" content=\"Victorinox Compact - Reini Rossmann - Survival Shop\" \/>\n<meta property=\"og:description\" content=\"Mit dem Compact Taschenmesser bist du f\u00fcr deine Abenteuer ger\u00fcstet. Es ist klein und federleicht, wartet aber mit eindrucksvollen 15 Funktionen auf.Mit diesem Taschenmesser mit Mehrzweckhaken h\u00e4ltst du mehr als 100 Jahre Victorinox-Tradition in der Hand.\" \/>\n<meta property=\"og:url\" content=\"https:\/\/ueberlebenskunst.at\/survivalshop\/shop\/victorinox-compact\/\" \/>\n<meta property=\"og:site_name\" content=\"Reini Rossmann - Survival Shop\" \/>\n<meta property=\"article:publisher\" content=\"https:\/\/www.facebook.com\/survival24.org\/\" \/>\n<meta property=\"article:modified_time\" content=\"2025-06-30T04:31:28+00:00\" \/>\n<meta property=\"og:image\" content=\"https:\/\/ueberlebenskunst.at\/survivalshop\/wp-content\/uploads\/2023\/06\/Compact1.3405.jpg\" \/>\n\t<meta property=\"og:image:width\" content=\"400\" \/>\n\t<meta property=\"og:image:height\" content=\"400\" \/>\n\t<meta property=\"og:image:type\" content=\"image\/jpeg\" \/>\n<meta name=\"twitter:card\" content=\"summary_large_image\" \/>\n<meta name=\"twitter:label1\" content=\"Gesch\u00e4tzte Lesezeit\" \/>\n\t<meta name=\"twitter:data1\" content=\"2\u00a0Minuten\" \/>\n<script type=\"application\/ld+json\" class=\"yoast-schema-graph\">{\"@context\":\"https:\/\/schema.org\",\"@graph\":[{\"@type\":\"WebPage\",\"@id\":\"https:\/\/ueberlebenskunst.at\/survivalshop\/shop\/victorinox-compact\/\",\"url\":\"https:\/\/ueberlebenskunst.at\/survivalshop\/shop\/victorinox-compact\/\",\"name\":\"Victorinox Compact - Reini Rossmann - Survival Shop\",\"isPartOf\":{\"@id\":\"https:\/\/ueberlebenskunst.at\/survivalshop\/#website\"},\"primaryImageOfPage\":{\"@id\":\"https:\/\/ueberlebenskunst.at\/survivalshop\/shop\/victorinox-compact\/#primaryimage\"},\"image\":{\"@id\":\"https:\/\/ueberlebenskunst.at\/survivalshop\/shop\/victorinox-compact\/#primaryimage\"},\"thumbnailUrl\":\"https:\/\/ueberlebenskunst.at\/survivalshop\/wp-content\/uploads\/2023\/06\/Compact1.3405.jpg\",\"datePublished\":\"2023-06-26T11:12:00+00:00\",\"dateModified\":\"2025-06-30T04:31:28+00:00\",\"description\":\"Mit dem Compact Taschenmesser bist du f\u00fcr deine Abenteuer ger\u00fcstet. Es ist klein und federleicht, wartet aber mit eindrucksvollen 15 Funktionen auf.Mit diesem Taschenmesser mit Mehrzweckhaken h\u00e4ltst du mehr als 100 Jahre Victorinox-Tradition in der Hand.\",\"breadcrumb\":{\"@id\":\"https:\/\/ueberlebenskunst.at\/survivalshop\/shop\/victorinox-compact\/#breadcrumb\"},\"inLanguage\":\"de\",\"potentialAction\":[{\"@type\":\"ReadAction\",\"target\":[\"https:\/\/ueberlebenskunst.at\/survivalshop\/shop\/victorinox-compact\/\"]}]},{\"@type\":\"ImageObject\",\"inLanguage\":\"de\",\"@id\":\"https:\/\/ueberlebenskunst.at\/survivalshop\/shop\/victorinox-compact\/#primaryimage\",\"url\":\"https:\/\/ueberlebenskunst.at\/survivalshop\/wp-content\/uploads\/2023\/06\/Compact1.3405.jpg\",\"contentUrl\":\"https:\/\/ueberlebenskunst.at\/survivalshop\/wp-content\/uploads\/2023\/06\/Compact1.3405.jpg\",\"width\":400,\"height\":400},{\"@type\":\"BreadcrumbList\",\"@id\":\"https:\/\/ueberlebenskunst.at\/survivalshop\/shop\/victorinox-compact\/#breadcrumb\",\"itemListElement\":[{\"@type\":\"ListItem\",\"position\":1,\"name\":\"Startseite\",\"item\":\"https:\/\/ueberlebenskunst.at\/survivalshop\/\"},{\"@type\":\"ListItem\",\"position\":2,\"name\":\"Shop\",\"item\":\"https:\/\/ueberlebenskunst.at\/survivalshop\/shop\/\"},{\"@type\":\"ListItem\",\"position\":3,\"name\":\"Victorinox Compact\"}]},{\"@type\":\"WebSite\",\"@id\":\"https:\/\/ueberlebenskunst.at\/survivalshop\/#website\",\"url\":\"https:\/\/ueberlebenskunst.at\/survivalshop\/\",\"name\":\"Reini Rossmann - Survival Shop\",\"description\":\"Survival Shop f\u00fcr Survival, Bushcraft und Prepper\",\"potentialAction\":[{\"@type\":\"SearchAction\",\"target\":{\"@type\":\"EntryPoint\",\"urlTemplate\":\"https:\/\/ueberlebenskunst.at\/survivalshop\/?s={search_term_string}\"},\"query-input\":{\"@type\":\"PropertyValueSpecification\",\"valueRequired\":true,\"valueName\":\"search_term_string\"}}],\"inLanguage\":\"de\"}]}<\/script>\n<!-- \/ Yoast SEO plugin. -->","yoast_head_json":{"title":"Victorinox Compact - Reini Rossmann - Survival Shop","description":"Mit dem Compact Taschenmesser bist du f\u00fcr deine Abenteuer ger\u00fcstet. Es ist klein und federleicht, wartet aber mit eindrucksvollen 15 Funktionen auf.Mit diesem Taschenmesser mit Mehrzweckhaken h\u00e4ltst du mehr als 100 Jahre Victorinox-Tradition in der Hand.","robots":{"index":"index","follow":"follow","max-snippet":"max-snippet:-1","max-image-preview":"max-image-preview:large","max-video-preview":"max-video-preview:-1"},"canonical":"https:\/\/ueberlebenskunst.at\/survivalshop\/shop\/victorinox-compact\/","og_locale":"de_DE","og_type":"article","og_title":"Victorinox Compact - Reini Rossmann - Survival Shop","og_description":"Mit dem Compact Taschenmesser bist du f\u00fcr deine Abenteuer ger\u00fcstet. Es ist klein und federleicht, wartet aber mit eindrucksvollen 15 Funktionen auf.Mit diesem Taschenmesser mit Mehrzweckhaken h\u00e4ltst du mehr als 100 Jahre Victorinox-Tradition in der Hand.","og_url":"https:\/\/ueberlebenskunst.at\/survivalshop\/shop\/victorinox-compact\/","og_site_name":"Reini Rossmann - Survival Shop","article_publisher":"https:\/\/www.facebook.com\/survival24.org\/","article_modified_time":"2025-06-30T04:31:28+00:00","og_image":[{"width":400,"height":400,"url":"https:\/\/ueberlebenskunst.at\/survivalshop\/wp-content\/uploads\/2023\/06\/Compact1.3405.jpg","type":"image\/jpeg"}],"twitter_card":"summary_large_image","twitter_misc":{"Gesch\u00e4tzte Lesezeit":"2\u00a0Minuten"},"schema":{"@context":"https:\/\/schema.org","@graph":[{"@type":"WebPage","@id":"https:\/\/ueberlebenskunst.at\/survivalshop\/shop\/victorinox-compact\/","url":"https:\/\/ueberlebenskunst.at\/survivalshop\/shop\/victorinox-compact\/","name":"Victorinox Compact - Reini Rossmann - Survival Shop","isPartOf":{"@id":"https:\/\/ueberlebenskunst.at\/survivalshop\/#website"},"primaryImageOfPage":{"@id":"https:\/\/ueberlebenskunst.at\/survivalshop\/shop\/victorinox-compact\/#primaryimage"},"image":{"@id":"https:\/\/ueberlebenskunst.at\/survivalshop\/shop\/victorinox-compact\/#primaryimage"},"thumbnailUrl":"https:\/\/ueberlebenskunst.at\/survivalshop\/wp-content\/uploads\/2023\/06\/Compact1.3405.jpg","datePublished":"2023-06-26T11:12:00+00:00","dateModified":"2025-06-30T04:31:28+00:00","description":"Mit dem Compact Taschenmesser bist du f\u00fcr deine Abenteuer ger\u00fcstet. Es ist klein und federleicht, wartet aber mit eindrucksvollen 15 Funktionen auf.Mit diesem Taschenmesser mit Mehrzweckhaken h\u00e4ltst du mehr als 100 Jahre Victorinox-Tradition in der Hand.","breadcrumb":{"@id":"https:\/\/ueberlebenskunst.at\/survivalshop\/shop\/victorinox-compact\/#breadcrumb"},"inLanguage":"de","potentialAction":[{"@type":"ReadAction","target":["https:\/\/ueberlebenskunst.at\/survivalshop\/shop\/victorinox-compact\/"]}]},{"@type":"ImageObject","inLanguage":"de","@id":"https:\/\/ueberlebenskunst.at\/survivalshop\/shop\/victorinox-compact\/#primaryimage","url":"https:\/\/ueberlebenskunst.at\/survivalshop\/wp-content\/uploads\/2023\/06\/Compact1.3405.jpg","contentUrl":"https:\/\/ueberlebenskunst.at\/survivalshop\/wp-content\/uploads\/2023\/06\/Compact1.3405.jpg","width":400,"height":400},{"@type":"BreadcrumbList","@id":"https:\/\/ueberlebenskunst.at\/survivalshop\/shop\/victorinox-compact\/#breadcrumb","itemListElement":[{"@type":"ListItem","position":1,"name":"Startseite","item":"https:\/\/ueberlebenskunst.at\/survivalshop\/"},{"@type":"ListItem","position":2,"name":"Shop","item":"https:\/\/ueberlebenskunst.at\/survivalshop\/shop\/"},{"@type":"ListItem","position":3,"name":"Victorinox Compact"}]},{"@type":"WebSite","@id":"https:\/\/ueberlebenskunst.at\/survivalshop\/#website","url":"https:\/\/ueberlebenskunst.at\/survivalshop\/","name":"Reini Rossmann - Survival Shop","description":"Survival Shop f\u00fcr Survival, Bushcraft und Prepper","potentialAction":[{"@type":"SearchAction","target":{"@type":"EntryPoint","urlTemplate":"https:\/\/ueberlebenskunst.at\/survivalshop\/?s={search_term_string}"},"query-input":{"@type":"PropertyValueSpecification","valueRequired":true,"valueName":"search_term_string"}}],"inLanguage":"de"}]}},"_links":{"self":[{"href":"https:\/\/ueberlebenskunst.at\/survivalshop\/wp-json\/wp\/v2\/product\/137229","targetHints":{"allow":["GET"]}}],"collection":[{"href":"https:\/\/ueberlebenskunst.at\/survivalshop\/wp-json\/wp\/v2\/product"}],"about":[{"href":"https:\/\/ueberlebenskunst.at\/survivalshop\/wp-json\/wp\/v2\/types\/product"}],"replies":[{"embeddable":true,"href":"https:\/\/ueberlebenskunst.at\/survivalshop\/wp-json\/wp\/v2\/comments?post=137229"}],"wp:featuredmedia":[{"embeddable":true,"href":"https:\/\/ueberlebenskunst.at\/survivalshop\/wp-json\/wp\/v2\/media\/137231"}],"wp:attachment":[{"href":"https:\/\/ueberlebenskunst.at\/survivalshop\/wp-json\/wp\/v2\/media?parent=137229"}],"wp:term":[{"taxonomy":"product_brand","embeddable":true,"href":"https:\/\/ueberlebenskunst.at\/survivalshop\/wp-json\/wp\/v2\/product_brand?post=137229"},{"taxonomy":"product_cat","embeddable":true,"href":"https:\/\/ueberlebenskunst.at\/survivalshop\/wp-json\/wp\/v2\/product_cat?post=137229"},{"taxonomy":"product_tag","embeddable":true,"href":"https:\/\/ueberlebenskunst.at\/survivalshop\/wp-json\/wp\/v2\/product_tag?post=137229"}],"curies":[{"name":"wp","href":"https:\/\/api.w.org\/{rel}","templated":true}]}}