{"id":136127,"date":"2023-06-12T11:55:15","date_gmt":"2023-06-12T09:55:15","guid":{"rendered":"https:\/\/ueberlebenskunst.at\/survivalshop\/?post_type=product&#038;p=136127"},"modified":"2025-12-29T10:50:54","modified_gmt":"2025-12-29T09:50:54","slug":"k4-edc-lampenhalterung-fuer-olight-i3e-eos","status":"publish","type":"product","link":"https:\/\/ueberlebenskunst.at\/survivalshop\/shop\/k4-edc-lampenhalterung-fuer-olight-i3e-eos\/","title":{"rendered":"K4 EDC Lampenhalterung f\u00fcr Olight i3E EOS"},"content":{"rendered":"<p>Unsere K4 &#8211; EDC Lampenhalterung f\u00fcr die Olight i3E EOS ist die perfekte Erg\u00e4nzung, um diese starke und beliebte Mini-Lampe entweder um den Hals verdeckt zu tragen oder als Pocket-Carry in der Tasche zu fixieren.<\/p>\n<p>Mithilfe der im Lieferumfang enthaltenen Kugelkette kannst du die Halterung fest montieren und dann als Neck Carry z.B. unter der Kleidung immer mithaben. Eine andere Trageweise ist das Pocket Carry, hierf\u00fcr wird die Lampe im Holster in der Hosentasche getragen und mithilfe der Kugelkette \u00fcber eine G\u00fcrtelschlaufe gesichert. Das stellt sicher, dass du die Lampe immer dabei hast und nie verlieren kannst.<\/p>\n<p>Dieser EDC Holster ist Made in Austria direkt aus der Reini Rossmann Werkstatt und ist passgenau f\u00fcr die Olight i3E EOS.<\/p>\n<p>Wir weisen darauf hin, dass die Olight Lampe ausdr\u00fccklich NICHT im Lieferumfang enthalten ist.<\/p>\n<h3>Ausf\u00fchrung:<\/h3>\n<p>Die K4 EDC Lampenhalterung f\u00fcr Olight i3E EOS gibt es in 4 unterschiedlichen Varianten.<\/p>\n<ul>\n<li>Schwarz mit Rautenmuster<\/li>\n<li>Schwarz im Fuzzy Stil<\/li>\n<li>Orange im Fuzzy Stil<\/li>\n<li>Glow in the Dark im Fuzzy Stil<\/li>\n<\/ul>\n<h3><strong>Produktdaten:<\/strong><\/h3>\n<ul>\n<li>Gewicht: 6 g<\/li>\n<li>Abmessungen: 19 x 26 x 31 mm<\/li>\n<\/ul>\n<h3><strong>Passt auf:<\/strong><\/h3>\n<ul>\n<li>Olight i3E EOS<\/li>\n<\/ul>\n<h3><strong>Lieferumfang:<\/strong><\/h3>\n<ul>\n<li>EDC Lampenhalter inkl. Kugelkette (OHNE Lampe)<\/li>\n<li><strong>Achtung: auf den Produktbildern befindet sich optionales Zubeh\u00f6r, das im Lieferumfang NICHT enthalten ist.<\/strong><\/li>\n<\/ul>\n<h3><strong>Bedienungs- &amp; Pflegeanleitung:<\/strong><\/h3>\n<ul>\n<li>Die Reinigung mit Wasser und Seife ist m\u00f6glich.<\/li>\n<li>Du solltest die Steckscheide nicht direkt in die N\u00e4he von Feuer oder anderen Hitzequellen legen!<\/li>\n<li>Wird deine Steckscheide \u00fcber l\u00e4ngere Zeit sehr kalten Temperaturen unter 0 \u00b0C ausgesetzt, solltest du<br \/>\nin dem Moment darauf achten, dass keine starken Belastungen darauf einwirken.<\/li>\n<\/ul>\n<p>Unsere Produkte sind nicht f\u00fcr Kinder unter 3 Jahren geeignet. Es besteht Verschluckungsgefahr.<\/p>\n<p><a href=\"https:\/\/ueberlebenskunst.at\/survivalshop\/wp-content\/uploads\/2021\/11\/Logo_Kinder.png\"><img decoding=\"async\" class=\"alignnone size-medium wp-image-179571\" src=\"https:\/\/ueberlebenskunst.at\/survivalshop\/wp-content\/uploads\/2021\/11\/Logo_Kinder-300x126.png\" alt=\"\" width=\"300\" height=\"126\" srcset=\"https:\/\/ueberlebenskunst.at\/survivalshop\/wp-content\/uploads\/2021\/11\/Logo_Kinder-300x126.png 300w, https:\/\/ueberlebenskunst.at\/survivalshop\/wp-content\/uploads\/2021\/11\/Logo_Kinder-64x27.png 64w, https:\/\/ueberlebenskunst.at\/survivalshop\/wp-content\/uploads\/2021\/11\/Logo_Kinder.png 401w\" sizes=\"(max-width: 300px) 100vw, 300px\" \/><\/a><\/p>\n","protected":false},"excerpt":{"rendered":"<p>Unsere K4 &#8211; EDC Lampenhalterung f\u00fcr die Olight i3E EOS ist die perfekte Erg\u00e4nzung, um diese starke und beliebte Mini-Lampe entweder um den Hals verdeckt zu tragen oder als Pocket-Carry in der Tasche zu fixieren. Mithilfe der im Lieferumfang enthaltenen Kugelkette kannst du die Halterung fest montieren und dann als Neck Carry z.B. unter der [&hellip;]<\/p>\n","protected":false},"featured_media":146072,"comment_status":"open","ping_status":"closed","template":"","meta":{"_acf_changed":false},"product_brand":[],"product_cat":[1945],"product_tag":[270,2135,1256,1255,1653,2051],"class_list":{"0":"post-136127","1":"product","2":"type-product","3":"status-publish","4":"has-post-thumbnail","6":"product_cat-survivalausruestung","7":"product_tag-edc","8":"product_tag-glow-in-the-dark","9":"product_tag-k4","10":"product_tag-knives4","11":"product_tag-olight","12":"product_tag-schluesselbund-edc","13":"pa_farbe-glow-in-the-dark-fuzzy-stil","14":"pa_farbe-orange-fuzzy-stil","15":"pa_farbe-schwarz-fuzzy-stil","16":"pa_farbe-schwarz-rautenmuster","18":"first","19":"instock","20":"taxable","21":"shipping-taxable","22":"purchasable","23":"product-type-variable","24":"has-default-attributes"},"acf":[],"yoast_head":"<!-- This site is optimized with the Yoast SEO plugin v27.1.1 - https:\/\/yoast.com\/product\/yoast-seo-wordpress\/ -->\n<title>K4 EDC Lampenhalterung f\u00fcr Olight i3E EOS<\/title>\n<meta name=\"robots\" content=\"index, follow, max-snippet:-1, max-image-preview:large, max-video-preview:-1\" \/>\n<link rel=\"canonical\" href=\"https:\/\/ueberlebenskunst.at\/survivalshop\/shop\/k4-edc-lampenhalterung-fuer-olight-i3e-eos\/\" \/>\n<meta property=\"og:locale\" content=\"de_DE\" \/>\n<meta property=\"og:type\" content=\"article\" \/>\n<meta property=\"og:title\" content=\"K4 EDC Lampenhalterung f\u00fcr Olight i3E EOS\" \/>\n<meta property=\"og:description\" content=\"Unsere K4 &#8211; EDC Lampenhalterung f\u00fcr die Olight i3E EOS ist die perfekte Erg\u00e4nzung, um diese starke und beliebte Mini-Lampe entweder um den Hals verdeckt zu tragen oder als Pocket-Carry in der Tasche zu fixieren. Mithilfe der im Lieferumfang enthaltenen Kugelkette kannst du die Halterung fest montieren und dann als Neck Carry z.B. unter der [&hellip;]\" \/>\n<meta property=\"og:url\" content=\"https:\/\/ueberlebenskunst.at\/survivalshop\/shop\/k4-edc-lampenhalterung-fuer-olight-i3e-eos\/\" \/>\n<meta property=\"og:site_name\" content=\"Reini Rossmann - Survival Shop\" \/>\n<meta property=\"article:publisher\" content=\"https:\/\/www.facebook.com\/survival24.org\/\" \/>\n<meta property=\"article:modified_time\" content=\"2025-12-29T09:50:54+00:00\" \/>\n<meta property=\"og:image\" content=\"https:\/\/ueberlebenskunst.at\/survivalshop\/wp-content\/uploads\/2023\/06\/K4_EDC_Lampenhalterung_Olight_i3E_EOS_I3E91FS_glow_Schluesselbund_sk.jpg\" \/>\n\t<meta property=\"og:image:width\" content=\"400\" \/>\n\t<meta property=\"og:image:height\" content=\"400\" \/>\n\t<meta property=\"og:image:type\" content=\"image\/jpeg\" \/>\n<meta name=\"twitter:card\" content=\"summary_large_image\" \/>\n<meta name=\"twitter:label1\" content=\"Gesch\u00e4tzte Lesezeit\" \/>\n\t<meta name=\"twitter:data1\" content=\"2\u00a0Minuten\" \/>\n<script type=\"application\/ld+json\" class=\"yoast-schema-graph\">{\"@context\":\"https:\/\/schema.org\",\"@graph\":[{\"@type\":\"WebPage\",\"@id\":\"https:\/\/ueberlebenskunst.at\/survivalshop\/shop\/k4-edc-lampenhalterung-fuer-olight-i3e-eos\/\",\"url\":\"https:\/\/ueberlebenskunst.at\/survivalshop\/shop\/k4-edc-lampenhalterung-fuer-olight-i3e-eos\/\",\"name\":\"K4 EDC Lampenhalterung f\u00fcr Olight i3E EOS\",\"isPartOf\":{\"@id\":\"https:\/\/ueberlebenskunst.at\/survivalshop\/#website\"},\"primaryImageOfPage\":{\"@id\":\"https:\/\/ueberlebenskunst.at\/survivalshop\/shop\/k4-edc-lampenhalterung-fuer-olight-i3e-eos\/#primaryimage\"},\"image\":{\"@id\":\"https:\/\/ueberlebenskunst.at\/survivalshop\/shop\/k4-edc-lampenhalterung-fuer-olight-i3e-eos\/#primaryimage\"},\"thumbnailUrl\":\"https:\/\/ueberlebenskunst.at\/survivalshop\/wp-content\/uploads\/2023\/06\/K4_EDC_Lampenhalterung_Olight_i3E_EOS_I3E91FS_glow_Schluesselbund_sk.jpg\",\"datePublished\":\"2023-06-12T09:55:15+00:00\",\"dateModified\":\"2025-12-29T09:50:54+00:00\",\"breadcrumb\":{\"@id\":\"https:\/\/ueberlebenskunst.at\/survivalshop\/shop\/k4-edc-lampenhalterung-fuer-olight-i3e-eos\/#breadcrumb\"},\"inLanguage\":\"de\",\"potentialAction\":[{\"@type\":\"ReadAction\",\"target\":[\"https:\/\/ueberlebenskunst.at\/survivalshop\/shop\/k4-edc-lampenhalterung-fuer-olight-i3e-eos\/\"]}]},{\"@type\":\"ImageObject\",\"inLanguage\":\"de\",\"@id\":\"https:\/\/ueberlebenskunst.at\/survivalshop\/shop\/k4-edc-lampenhalterung-fuer-olight-i3e-eos\/#primaryimage\",\"url\":\"https:\/\/ueberlebenskunst.at\/survivalshop\/wp-content\/uploads\/2023\/06\/K4_EDC_Lampenhalterung_Olight_i3E_EOS_I3E91FS_glow_Schluesselbund_sk.jpg\",\"contentUrl\":\"https:\/\/ueberlebenskunst.at\/survivalshop\/wp-content\/uploads\/2023\/06\/K4_EDC_Lampenhalterung_Olight_i3E_EOS_I3E91FS_glow_Schluesselbund_sk.jpg\",\"width\":400,\"height\":400},{\"@type\":\"BreadcrumbList\",\"@id\":\"https:\/\/ueberlebenskunst.at\/survivalshop\/shop\/k4-edc-lampenhalterung-fuer-olight-i3e-eos\/#breadcrumb\",\"itemListElement\":[{\"@type\":\"ListItem\",\"position\":1,\"name\":\"Startseite\",\"item\":\"https:\/\/ueberlebenskunst.at\/survivalshop\/\"},{\"@type\":\"ListItem\",\"position\":2,\"name\":\"Shop\",\"item\":\"https:\/\/ueberlebenskunst.at\/survivalshop\/shop\/\"},{\"@type\":\"ListItem\",\"position\":3,\"name\":\"K4 EDC Lampenhalterung f\u00fcr Olight i3E EOS\"}]},{\"@type\":\"WebSite\",\"@id\":\"https:\/\/ueberlebenskunst.at\/survivalshop\/#website\",\"url\":\"https:\/\/ueberlebenskunst.at\/survivalshop\/\",\"name\":\"Reini Rossmann - Survival Shop\",\"description\":\"Survival Shop f\u00fcr Survival, Bushcraft und Prepper\",\"potentialAction\":[{\"@type\":\"SearchAction\",\"target\":{\"@type\":\"EntryPoint\",\"urlTemplate\":\"https:\/\/ueberlebenskunst.at\/survivalshop\/?s={search_term_string}\"},\"query-input\":{\"@type\":\"PropertyValueSpecification\",\"valueRequired\":true,\"valueName\":\"search_term_string\"}}],\"inLanguage\":\"de\"}]}<\/script>\n<!-- \/ Yoast SEO plugin. -->","yoast_head_json":{"title":"K4 EDC Lampenhalterung f\u00fcr Olight i3E EOS","robots":{"index":"index","follow":"follow","max-snippet":"max-snippet:-1","max-image-preview":"max-image-preview:large","max-video-preview":"max-video-preview:-1"},"canonical":"https:\/\/ueberlebenskunst.at\/survivalshop\/shop\/k4-edc-lampenhalterung-fuer-olight-i3e-eos\/","og_locale":"de_DE","og_type":"article","og_title":"K4 EDC Lampenhalterung f\u00fcr Olight i3E EOS","og_description":"Unsere K4 &#8211; EDC Lampenhalterung f\u00fcr die Olight i3E EOS ist die perfekte Erg\u00e4nzung, um diese starke und beliebte Mini-Lampe entweder um den Hals verdeckt zu tragen oder als Pocket-Carry in der Tasche zu fixieren. Mithilfe der im Lieferumfang enthaltenen Kugelkette kannst du die Halterung fest montieren und dann als Neck Carry z.B. unter der [&hellip;]","og_url":"https:\/\/ueberlebenskunst.at\/survivalshop\/shop\/k4-edc-lampenhalterung-fuer-olight-i3e-eos\/","og_site_name":"Reini Rossmann - Survival Shop","article_publisher":"https:\/\/www.facebook.com\/survival24.org\/","article_modified_time":"2025-12-29T09:50:54+00:00","og_image":[{"width":400,"height":400,"url":"https:\/\/ueberlebenskunst.at\/survivalshop\/wp-content\/uploads\/2023\/06\/K4_EDC_Lampenhalterung_Olight_i3E_EOS_I3E91FS_glow_Schluesselbund_sk.jpg","type":"image\/jpeg"}],"twitter_card":"summary_large_image","twitter_misc":{"Gesch\u00e4tzte Lesezeit":"2\u00a0Minuten"},"schema":{"@context":"https:\/\/schema.org","@graph":[{"@type":"WebPage","@id":"https:\/\/ueberlebenskunst.at\/survivalshop\/shop\/k4-edc-lampenhalterung-fuer-olight-i3e-eos\/","url":"https:\/\/ueberlebenskunst.at\/survivalshop\/shop\/k4-edc-lampenhalterung-fuer-olight-i3e-eos\/","name":"K4 EDC Lampenhalterung f\u00fcr Olight i3E EOS","isPartOf":{"@id":"https:\/\/ueberlebenskunst.at\/survivalshop\/#website"},"primaryImageOfPage":{"@id":"https:\/\/ueberlebenskunst.at\/survivalshop\/shop\/k4-edc-lampenhalterung-fuer-olight-i3e-eos\/#primaryimage"},"image":{"@id":"https:\/\/ueberlebenskunst.at\/survivalshop\/shop\/k4-edc-lampenhalterung-fuer-olight-i3e-eos\/#primaryimage"},"thumbnailUrl":"https:\/\/ueberlebenskunst.at\/survivalshop\/wp-content\/uploads\/2023\/06\/K4_EDC_Lampenhalterung_Olight_i3E_EOS_I3E91FS_glow_Schluesselbund_sk.jpg","datePublished":"2023-06-12T09:55:15+00:00","dateModified":"2025-12-29T09:50:54+00:00","breadcrumb":{"@id":"https:\/\/ueberlebenskunst.at\/survivalshop\/shop\/k4-edc-lampenhalterung-fuer-olight-i3e-eos\/#breadcrumb"},"inLanguage":"de","potentialAction":[{"@type":"ReadAction","target":["https:\/\/ueberlebenskunst.at\/survivalshop\/shop\/k4-edc-lampenhalterung-fuer-olight-i3e-eos\/"]}]},{"@type":"ImageObject","inLanguage":"de","@id":"https:\/\/ueberlebenskunst.at\/survivalshop\/shop\/k4-edc-lampenhalterung-fuer-olight-i3e-eos\/#primaryimage","url":"https:\/\/ueberlebenskunst.at\/survivalshop\/wp-content\/uploads\/2023\/06\/K4_EDC_Lampenhalterung_Olight_i3E_EOS_I3E91FS_glow_Schluesselbund_sk.jpg","contentUrl":"https:\/\/ueberlebenskunst.at\/survivalshop\/wp-content\/uploads\/2023\/06\/K4_EDC_Lampenhalterung_Olight_i3E_EOS_I3E91FS_glow_Schluesselbund_sk.jpg","width":400,"height":400},{"@type":"BreadcrumbList","@id":"https:\/\/ueberlebenskunst.at\/survivalshop\/shop\/k4-edc-lampenhalterung-fuer-olight-i3e-eos\/#breadcrumb","itemListElement":[{"@type":"ListItem","position":1,"name":"Startseite","item":"https:\/\/ueberlebenskunst.at\/survivalshop\/"},{"@type":"ListItem","position":2,"name":"Shop","item":"https:\/\/ueberlebenskunst.at\/survivalshop\/shop\/"},{"@type":"ListItem","position":3,"name":"K4 EDC Lampenhalterung f\u00fcr Olight i3E EOS"}]},{"@type":"WebSite","@id":"https:\/\/ueberlebenskunst.at\/survivalshop\/#website","url":"https:\/\/ueberlebenskunst.at\/survivalshop\/","name":"Reini Rossmann - Survival Shop","description":"Survival Shop f\u00fcr Survival, Bushcraft und Prepper","potentialAction":[{"@type":"SearchAction","target":{"@type":"EntryPoint","urlTemplate":"https:\/\/ueberlebenskunst.at\/survivalshop\/?s={search_term_string}"},"query-input":{"@type":"PropertyValueSpecification","valueRequired":true,"valueName":"search_term_string"}}],"inLanguage":"de"}]}},"_links":{"self":[{"href":"https:\/\/ueberlebenskunst.at\/survivalshop\/wp-json\/wp\/v2\/product\/136127","targetHints":{"allow":["GET"]}}],"collection":[{"href":"https:\/\/ueberlebenskunst.at\/survivalshop\/wp-json\/wp\/v2\/product"}],"about":[{"href":"https:\/\/ueberlebenskunst.at\/survivalshop\/wp-json\/wp\/v2\/types\/product"}],"replies":[{"embeddable":true,"href":"https:\/\/ueberlebenskunst.at\/survivalshop\/wp-json\/wp\/v2\/comments?post=136127"}],"wp:featuredmedia":[{"embeddable":true,"href":"https:\/\/ueberlebenskunst.at\/survivalshop\/wp-json\/wp\/v2\/media\/146072"}],"wp:attachment":[{"href":"https:\/\/ueberlebenskunst.at\/survivalshop\/wp-json\/wp\/v2\/media?parent=136127"}],"wp:term":[{"taxonomy":"product_brand","embeddable":true,"href":"https:\/\/ueberlebenskunst.at\/survivalshop\/wp-json\/wp\/v2\/product_brand?post=136127"},{"taxonomy":"product_cat","embeddable":true,"href":"https:\/\/ueberlebenskunst.at\/survivalshop\/wp-json\/wp\/v2\/product_cat?post=136127"},{"taxonomy":"product_tag","embeddable":true,"href":"https:\/\/ueberlebenskunst.at\/survivalshop\/wp-json\/wp\/v2\/product_tag?post=136127"}],"curies":[{"name":"wp","href":"https:\/\/api.w.org\/{rel}","templated":true}]}}